{"id":86850,"date":"2026-03-28T10:05:34","date_gmt":"2026-03-28T09:05:34","guid":{"rendered":"https:\/\/www.demosmobilia.ch\/product\/lampada-a-stelo-con-paralume-in-vetro-architettonico\/"},"modified":"2026-03-28T10:05:34","modified_gmt":"2026-03-28T09:05:34","slug":"lampada-a-stelo-con-paralume-in-vetro-architettonico","status":"publish","type":"product","link":"https:\/\/www.demosmobilia.ch\/it\/product\/lampada-a-stelo-con-paralume-in-vetro-architettonico\/","title":{"rendered":"Lampada a stelo con paralume in vetro architettonico"},"content":{"rendered":"<p data-start=\"127\" data-end=\"734\"><strong data-start=\"127\" data-end=\"221\">Sergio Asti \u2013 Design italiano innovativo e modernismo funzionale<\/strong><br data-start=\"221\" data-end=\"224\">Sergio Asti (Milano, 1926\u20132021) \u00e8 stato un architetto e designer italiano di grande rilievo, noto per il suo approccio innovativo al design industriale e alla progettazione di oggetti per la casa. Asti si \u00e8 distinto per la capacit\u00e0 di unire funzionalit\u00e0 e bellezza, con linee pulite, forme essenziali e materiali moderni, influenzando profondamente il design italiano degli anni \u201960 e \u201970. I suoi lavori spaziano dall\u2019arredo domestico agli oggetti in vetro, ceramica, metallo e legno, sempre con una sensibilit\u00e0 per proporzioni equilibrate e dettagli raffinati.  <\/p>\n<p data-start=\"736\" data-end=\"1104\">Il lavoro di Sergio Asti \u00e8 oggi molto apprezzato dai collezionisti e dagli interior designer per la sua eleganza senza tempo e la capacit\u00e0 di adattarsi a contesti contemporanei e modernisti. Tra le sue creazioni pi\u00f9 iconiche si trovano lampade, vasi, sedute e complementi d\u2019arredo caratterizzati da forme geometriche essenziali e linee minimaliste, espressione del design italiano di met\u00e0 secolo. <\/p>\n<p data-start=\"1106\" data-end=\"1502\">Un esempio straordinario presente nella nostra collezione \u00e8 una lampada attribuita a Sergio Asti, caratterizzata da una struttura leggera e lineare che unisce funzionalit\u00e0 ed eleganza. La lampada riflette la purezza geometrica e l\u2019armonia proporzionale tipiche delle creazioni di Asti, rendendola perfetta per interni moderni, minimalisti o di ispirazione mid-century, grazie alla sua estetica raffinata e alla forte identit\u00e0 contemporanea. <\/p>\n","protected":false},"excerpt":{"rendered":"<p>Sergio Asti \u2013 Design italiano innovativo e modernismo funzionaleSergio Asti (Milano, 1926\u20132021) \u00e8 stato un architetto e designer italiano di grande rilievo, noto per il suo approccio innovativo al design industriale e alla progettazione di oggetti per la casa. Asti si \u00e8 distinto per la capacit\u00e0 di unire funzionalit\u00e0 e bellezza, con linee pulite, forme essenziali e materiali moderni, influenzando profondamente il design italiano degli anni \u201960 e \u201970. I suoi lavori spaziano dall\u2019arredo domestico agli oggetti in vetro, ceramica, metallo e legno, sempre con una sensibilit\u00e0 per proporzioni equilibrate e dettagli raffinati. Il lavoro di Sergio Asti \u00e8 oggi molto apprezzato dai collezionisti e<a class=\"more-link\" href=\"https:\/\/www.demosmobilia.ch\/it\/product\/lampada-a-stelo-con-paralume-in-vetro-architettonico\/\">Leggi altro &rarr;<\/a><\/p>\n","protected":false},"featured_media":86821,"template":"","meta":{"_monsterinsights_skip_tracking":false,"_monsterinsights_sitenote_active":false,"_monsterinsights_sitenote_note":"","_monsterinsights_sitenote_category":0,"kk_blocks_editor_width":"","_kiokenblocks_attr":"","_kiokenblocks_dimensions":""},"product_cat":[4092,4089],"product_tag":[],"class_list":{"0":"entry","1":"author-demosmobilia","2":"post-86850","3":"product","4":"type-product","5":"status-publish","6":"has-post-thumbnail","7":"product_production-stilnovo","8":"product_year-1960-approx","9":"product_nation-italia-it","10":"product_cat-lampade-da-terra","11":"product_cat-nuovi-arrivi","12":"pa_product_dimension-dia-40-x-ht-157-cm","13":"pa_product_material-vetro-smerigliato-alluminio-lucido-alluminio-marmo","15":"first","16":"instock","17":"shipping-taxable","18":"purchasable","19":"product-type-simple"},"yoast_head":"<!-- This site is optimized with the Yoast SEO plugin v24.0 - https:\/\/yoast.com\/wordpress\/plugins\/seo\/ -->\n<title>Lampada a stelo con paralume in vetro architettonico &#8211; Demosmobilia<\/title>\n<meta name=\"robots\" content=\"index, follow, max-snippet:-1, max-image-preview:large, max-video-preview:-1\" \/>\n<link rel=\"canonical\" href=\"https:\/\/www.demosmobilia.ch\/it\/product\/lampada-a-stelo-con-paralume-in-vetro-architettonico\/\" \/>\n<meta property=\"og:locale\" content=\"it_IT\" \/>\n<meta property=\"og:type\" content=\"article\" \/>\n<meta property=\"og:title\" content=\"Lampada a stelo con paralume in vetro architettonico &#8211; Demosmobilia\" \/>\n<meta property=\"og:description\" content=\"Sergio Asti \u2013 Design italiano innovativo e modernismo funzionaleSergio Asti (Milano, 1926\u20132021) \u00e8 stato un architetto e designer italiano di grande rilievo, noto per il suo approccio innovativo al design industriale e alla progettazione di oggetti per la casa. Asti si \u00e8 distinto per la capacit\u00e0 di unire funzionalit\u00e0 e bellezza, con linee pulite, forme essenziali e materiali moderni, influenzando profondamente il design italiano degli anni \u201960 e \u201970. I suoi lavori spaziano dall\u2019arredo domestico agli oggetti in vetro, ceramica, metallo e legno, sempre con una sensibilit\u00e0 per proporzioni equilibrate e dettagli raffinati. Il lavoro di Sergio Asti \u00e8 oggi molto apprezzato dai collezionisti eLeggi altro &rarr;\" \/>\n<meta property=\"og:url\" content=\"https:\/\/www.demosmobilia.ch\/it\/product\/lampada-a-stelo-con-paralume-in-vetro-architettonico\/\" \/>\n<meta property=\"og:site_name\" content=\"Demosmobilia\" \/>\n<meta property=\"article:publisher\" content=\"https:\/\/www.facebook.com\/Demos-Mobilia-1137017453131445\/\" \/>\n<meta property=\"og:image\" content=\"https:\/\/www.demosmobilia.ch\/wp-content\/uploads\/2026\/03\/sergio-asti-floor-lamp-arteluce-italian-design-01.jpg\" \/>\n\t<meta property=\"og:image:width\" content=\"1200\" \/>\n\t<meta property=\"og:image:height\" content=\"900\" \/>\n\t<meta property=\"og:image:type\" content=\"image\/jpeg\" \/>\n<meta name=\"twitter:card\" content=\"summary_large_image\" \/>\n<meta name=\"twitter:label1\" content=\"Tempo di lettura stimato\" \/>\n\t<meta name=\"twitter:data1\" content=\"1 minuto\" \/>\n<script type=\"application\/ld+json\" class=\"yoast-schema-graph\">{\"@context\":\"https:\/\/schema.org\",\"@graph\":[{\"@type\":\"WebPage\",\"@id\":\"https:\/\/www.demosmobilia.ch\/it\/product\/lampada-a-stelo-con-paralume-in-vetro-architettonico\/\",\"url\":\"https:\/\/www.demosmobilia.ch\/it\/product\/lampada-a-stelo-con-paralume-in-vetro-architettonico\/\",\"name\":\"Lampada a stelo con paralume in vetro architettonico &#8211; Demosmobilia\",\"isPartOf\":{\"@id\":\"https:\/\/www.demosmobilia.ch\/it\/#website\"},\"primaryImageOfPage\":{\"@id\":\"https:\/\/www.demosmobilia.ch\/it\/product\/lampada-a-stelo-con-paralume-in-vetro-architettonico\/#primaryimage\"},\"image\":{\"@id\":\"https:\/\/www.demosmobilia.ch\/it\/product\/lampada-a-stelo-con-paralume-in-vetro-architettonico\/#primaryimage\"},\"thumbnailUrl\":\"https:\/\/www.demosmobilia.ch\/wp-content\/uploads\/2026\/03\/sergio-asti-floor-lamp-arteluce-italian-design-01.jpg\",\"datePublished\":\"2026-03-28T09:05:34+00:00\",\"dateModified\":\"2026-03-28T09:05:34+00:00\",\"breadcrumb\":{\"@id\":\"https:\/\/www.demosmobilia.ch\/it\/product\/lampada-a-stelo-con-paralume-in-vetro-architettonico\/#breadcrumb\"},\"inLanguage\":\"it-IT\",\"potentialAction\":[{\"@type\":\"ReadAction\",\"target\":[\"https:\/\/www.demosmobilia.ch\/it\/product\/lampada-a-stelo-con-paralume-in-vetro-architettonico\/\"]}]},{\"@type\":\"ImageObject\",\"inLanguage\":\"it-IT\",\"@id\":\"https:\/\/www.demosmobilia.ch\/it\/product\/lampada-a-stelo-con-paralume-in-vetro-architettonico\/#primaryimage\",\"url\":\"https:\/\/www.demosmobilia.ch\/wp-content\/uploads\/2026\/03\/sergio-asti-floor-lamp-arteluce-italian-design-01.jpg\",\"contentUrl\":\"https:\/\/www.demosmobilia.ch\/wp-content\/uploads\/2026\/03\/sergio-asti-floor-lamp-arteluce-italian-design-01.jpg\",\"width\":1200,\"height\":900},{\"@type\":\"BreadcrumbList\",\"@id\":\"https:\/\/www.demosmobilia.ch\/it\/product\/lampada-a-stelo-con-paralume-in-vetro-architettonico\/#breadcrumb\",\"itemListElement\":[{\"@type\":\"ListItem\",\"position\":1,\"name\":\"Home\",\"item\":\"https:\/\/www.demosmobilia.ch\/it\/\"},{\"@type\":\"ListItem\",\"position\":2,\"name\":\"Prodotti\",\"item\":\"https:\/\/www.demosmobilia.ch\/it\/shop\/\"},{\"@type\":\"ListItem\",\"position\":3,\"name\":\"Lampada a stelo con paralume in vetro architettonico\"}]},{\"@type\":\"WebSite\",\"@id\":\"https:\/\/www.demosmobilia.ch\/it\/#website\",\"url\":\"https:\/\/www.demosmobilia.ch\/it\/\",\"name\":\"Demosmobilia\",\"description\":\"Vintage design forniture from the &#039;30s to the &#039;80s\",\"publisher\":{\"@id\":\"https:\/\/www.demosmobilia.ch\/it\/#organization\"},\"potentialAction\":[{\"@type\":\"SearchAction\",\"target\":{\"@type\":\"EntryPoint\",\"urlTemplate\":\"https:\/\/www.demosmobilia.ch\/it\/?s={search_term_string}\"},\"query-input\":{\"@type\":\"PropertyValueSpecification\",\"valueRequired\":true,\"valueName\":\"search_term_string\"}}],\"inLanguage\":\"it-IT\"},{\"@type\":\"Organization\",\"@id\":\"https:\/\/www.demosmobilia.ch\/it\/#organization\",\"name\":\"demosmobilia\",\"url\":\"https:\/\/www.demosmobilia.ch\/it\/\",\"logo\":{\"@type\":\"ImageObject\",\"inLanguage\":\"it-IT\",\"@id\":\"https:\/\/www.demosmobilia.ch\/it\/#\/schema\/logo\/image\/\",\"url\":\"https:\/\/www.demosmobilia.ch\/wp-content\/uploads\/2020\/07\/demosmobilia-logo-2020-230-160.png\",\"contentUrl\":\"https:\/\/www.demosmobilia.ch\/wp-content\/uploads\/2020\/07\/demosmobilia-logo-2020-230-160.png\",\"width\":230,\"height\":160,\"caption\":\"demosmobilia\"},\"image\":{\"@id\":\"https:\/\/www.demosmobilia.ch\/it\/#\/schema\/logo\/image\/\"},\"sameAs\":[\"https:\/\/www.facebook.com\/Demos-Mobilia-1137017453131445\/\",\"https:\/\/www.instagram.com\/demosmobilia\/\"]}]}<\/script>\n<!-- \/ Yoast SEO plugin. -->","yoast_head_json":{"title":"Lampada a stelo con paralume in vetro architettonico &#8211; Demosmobilia","robots":{"index":"index","follow":"follow","max-snippet":"max-snippet:-1","max-image-preview":"max-image-preview:large","max-video-preview":"max-video-preview:-1"},"canonical":"https:\/\/www.demosmobilia.ch\/it\/product\/lampada-a-stelo-con-paralume-in-vetro-architettonico\/","og_locale":"it_IT","og_type":"article","og_title":"Lampada a stelo con paralume in vetro architettonico &#8211; Demosmobilia","og_description":"Sergio Asti \u2013 Design italiano innovativo e modernismo funzionaleSergio Asti (Milano, 1926\u20132021) \u00e8 stato un architetto e designer italiano di grande rilievo, noto per il suo approccio innovativo al design industriale e alla progettazione di oggetti per la casa. Asti si \u00e8 distinto per la capacit\u00e0 di unire funzionalit\u00e0 e bellezza, con linee pulite, forme essenziali e materiali moderni, influenzando profondamente il design italiano degli anni \u201960 e \u201970. I suoi lavori spaziano dall\u2019arredo domestico agli oggetti in vetro, ceramica, metallo e legno, sempre con una sensibilit\u00e0 per proporzioni equilibrate e dettagli raffinati. Il lavoro di Sergio Asti \u00e8 oggi molto apprezzato dai collezionisti eLeggi altro &rarr;","og_url":"https:\/\/www.demosmobilia.ch\/it\/product\/lampada-a-stelo-con-paralume-in-vetro-architettonico\/","og_site_name":"Demosmobilia","article_publisher":"https:\/\/www.facebook.com\/Demos-Mobilia-1137017453131445\/","og_image":[{"width":1200,"height":900,"url":"https:\/\/www.demosmobilia.ch\/wp-content\/uploads\/2026\/03\/sergio-asti-floor-lamp-arteluce-italian-design-01.jpg","type":"image\/jpeg"}],"twitter_card":"summary_large_image","twitter_misc":{"Tempo di lettura stimato":"1 minuto"},"schema":{"@context":"https:\/\/schema.org","@graph":[{"@type":"WebPage","@id":"https:\/\/www.demosmobilia.ch\/it\/product\/lampada-a-stelo-con-paralume-in-vetro-architettonico\/","url":"https:\/\/www.demosmobilia.ch\/it\/product\/lampada-a-stelo-con-paralume-in-vetro-architettonico\/","name":"Lampada a stelo con paralume in vetro architettonico &#8211; Demosmobilia","isPartOf":{"@id":"https:\/\/www.demosmobilia.ch\/it\/#website"},"primaryImageOfPage":{"@id":"https:\/\/www.demosmobilia.ch\/it\/product\/lampada-a-stelo-con-paralume-in-vetro-architettonico\/#primaryimage"},"image":{"@id":"https:\/\/www.demosmobilia.ch\/it\/product\/lampada-a-stelo-con-paralume-in-vetro-architettonico\/#primaryimage"},"thumbnailUrl":"https:\/\/www.demosmobilia.ch\/wp-content\/uploads\/2026\/03\/sergio-asti-floor-lamp-arteluce-italian-design-01.jpg","datePublished":"2026-03-28T09:05:34+00:00","dateModified":"2026-03-28T09:05:34+00:00","breadcrumb":{"@id":"https:\/\/www.demosmobilia.ch\/it\/product\/lampada-a-stelo-con-paralume-in-vetro-architettonico\/#breadcrumb"},"inLanguage":"it-IT","potentialAction":[{"@type":"ReadAction","target":["https:\/\/www.demosmobilia.ch\/it\/product\/lampada-a-stelo-con-paralume-in-vetro-architettonico\/"]}]},{"@type":"ImageObject","inLanguage":"it-IT","@id":"https:\/\/www.demosmobilia.ch\/it\/product\/lampada-a-stelo-con-paralume-in-vetro-architettonico\/#primaryimage","url":"https:\/\/www.demosmobilia.ch\/wp-content\/uploads\/2026\/03\/sergio-asti-floor-lamp-arteluce-italian-design-01.jpg","contentUrl":"https:\/\/www.demosmobilia.ch\/wp-content\/uploads\/2026\/03\/sergio-asti-floor-lamp-arteluce-italian-design-01.jpg","width":1200,"height":900},{"@type":"BreadcrumbList","@id":"https:\/\/www.demosmobilia.ch\/it\/product\/lampada-a-stelo-con-paralume-in-vetro-architettonico\/#breadcrumb","itemListElement":[{"@type":"ListItem","position":1,"name":"Home","item":"https:\/\/www.demosmobilia.ch\/it\/"},{"@type":"ListItem","position":2,"name":"Prodotti","item":"https:\/\/www.demosmobilia.ch\/it\/shop\/"},{"@type":"ListItem","position":3,"name":"Lampada a stelo con paralume in vetro architettonico"}]},{"@type":"WebSite","@id":"https:\/\/www.demosmobilia.ch\/it\/#website","url":"https:\/\/www.demosmobilia.ch\/it\/","name":"Demosmobilia","description":"Vintage design forniture from the &#039;30s to the &#039;80s","publisher":{"@id":"https:\/\/www.demosmobilia.ch\/it\/#organization"},"potentialAction":[{"@type":"SearchAction","target":{"@type":"EntryPoint","urlTemplate":"https:\/\/www.demosmobilia.ch\/it\/?s={search_term_string}"},"query-input":{"@type":"PropertyValueSpecification","valueRequired":true,"valueName":"search_term_string"}}],"inLanguage":"it-IT"},{"@type":"Organization","@id":"https:\/\/www.demosmobilia.ch\/it\/#organization","name":"demosmobilia","url":"https:\/\/www.demosmobilia.ch\/it\/","logo":{"@type":"ImageObject","inLanguage":"it-IT","@id":"https:\/\/www.demosmobilia.ch\/it\/#\/schema\/logo\/image\/","url":"https:\/\/www.demosmobilia.ch\/wp-content\/uploads\/2020\/07\/demosmobilia-logo-2020-230-160.png","contentUrl":"https:\/\/www.demosmobilia.ch\/wp-content\/uploads\/2020\/07\/demosmobilia-logo-2020-230-160.png","width":230,"height":160,"caption":"demosmobilia"},"image":{"@id":"https:\/\/www.demosmobilia.ch\/it\/#\/schema\/logo\/image\/"},"sameAs":["https:\/\/www.facebook.com\/Demos-Mobilia-1137017453131445\/","https:\/\/www.instagram.com\/demosmobilia\/"]}]}},"_links":{"self":[{"href":"https:\/\/www.demosmobilia.ch\/it\/wp-json\/wp\/v2\/product\/86850","targetHints":{"allow":["GET"]}}],"collection":[{"href":"https:\/\/www.demosmobilia.ch\/it\/wp-json\/wp\/v2\/product"}],"about":[{"href":"https:\/\/www.demosmobilia.ch\/it\/wp-json\/wp\/v2\/types\/product"}],"wp:featuredmedia":[{"embeddable":true,"href":"https:\/\/www.demosmobilia.ch\/it\/wp-json\/wp\/v2\/media\/86821"}],"wp:attachment":[{"href":"https:\/\/www.demosmobilia.ch\/it\/wp-json\/wp\/v2\/media?parent=86850"}],"wp:term":[{"taxonomy":"product_cat","embeddable":true,"href":"https:\/\/www.demosmobilia.ch\/it\/wp-json\/wp\/v2\/product_cat?post=86850"},{"taxonomy":"product_tag","embeddable":true,"href":"https:\/\/www.demosmobilia.ch\/it\/wp-json\/wp\/v2\/product_tag?post=86850"}],"curies":[{"name":"wp","href":"https:\/\/api.w.org\/{rel}","templated":true}]}}