{"id":86488,"date":"2026-03-28T10:18:46","date_gmt":"2026-03-28T09:18:46","guid":{"rendered":"https:\/\/www.demosmobilia.ch\/product\/poltrona-lounge-e-ottoman-modello-670-in-palissandro-e-pelle-nera\/"},"modified":"2026-03-28T10:18:46","modified_gmt":"2026-03-28T09:18:46","slug":"poltrona-lounge-e-ottoman-modello-670-in-palissandro-e-pelle-nera","status":"publish","type":"product","link":"https:\/\/www.demosmobilia.ch\/it\/product\/poltrona-lounge-e-ottoman-modello-670-in-palissandro-e-pelle-nera\/","title":{"rendered":"Poltrona Lounge e Ottoman modello 670 in palissandro e pelle nera"},"content":{"rendered":"<p>Charles e Ray Eames: il design della Lounge Chair, un\u2019icona senza tempo<\/p>\n<p>Charles Eames e Ray Eames hanno ridefinito il design moderno grazie a un approccio innovativo che combina perfettamente funzionalit\u00e0, sperimentazione e un\u2019attenzione profonda al comfort. La loro filosofia progettuale, volta a migliorare la vita quotidiana, trova una delle sue massime espressioni nella celebre Lounge Chair, prodotta da dal 1956. <\/p>\n<p>Progettata per offrire il comfort di un poltrona accogliente e vissuta, la Lounge Chair \u00e8 stata pensata per avvolgere il corpo in modo naturale. Le sue proporzioni sono calibrate con estrema precisione: l\u2019inclinazione dello schienale, la profondit\u00e0 della seduta e la presenza dell\u2019ottoman lavorano in perfetta armonia per garantire un\u2019esperienza ergonomica superiore, trasformando il semplice gesto di sedersi in un momento di vero relax. <\/p>\n<p>Dal punto di vista costruttivo, il design si distingue per l\u2019uso innovativo del legno multistrato curvato, una tecnica che i coniugi Eames hanno perfezionato per creare tre gusci indipendenti \u2014 schienale, seduta e ottoman \u2014 unendo leggerezza e robustezza strutturale. La calda venatura dell\u2019impiallacciatura in palissandro conferisce profondit\u00e0 ed eleganza, abbinata con raffinatezza alla pelle nera, creando un contrasto sofisticato tra materiali naturali e design moderno. <\/p>\n<p>Ogni dettaglio \u00e8 studiato con cura: dalla base girevole in alluminio pressofuso ai connettori nascosti che garantiscono flessibilit\u00e0 e durata nel tempo. Nulla \u00e8 superfluo, e nulla \u00e8 lasciato al caso. Questo equilibrio tra ingegneria e estetica eleva la Lounge Chair oltre la semplice funzionalit\u00e0, trasformandola in una vera dichiarazione di stile.  <\/p>\n<p>Oggi la Eames Lounge Chair resta uno dei simboli pi\u00f9 riconoscibili del design del XX secolo: una sintesi perfetta di innovazione industriale, artigianalit\u00e0 e comfort. Icona senza tempo, continua a definire uno stile di vita moderno e sofisticato ed \u00e8 ancora oggi molto ricercata da collezionisti e appassionati di design in tutto il mondo.<\/p>\n","protected":false},"excerpt":{"rendered":"<p>Charles e Ray Eames: il design della Lounge Chair, un\u2019icona senza tempo Charles Eames e Ray Eames hanno ridefinito il design moderno grazie a un approccio innovativo che combina perfettamente funzionalit\u00e0, sperimentazione e un\u2019attenzione profonda al comfort. La loro filosofia progettuale, volta a migliorare la vita quotidiana, trova una delle sue massime espressioni nella celebre Lounge Chair, prodotta da dal 1956. Progettata per offrire il comfort di un poltrona accogliente e vissuta, la Lounge Chair \u00e8 stata pensata per avvolgere il corpo in modo naturale. Le sue proporzioni sono calibrate con estrema precisione: l\u2019inclinazione dello schienale, la profondit\u00e0 della seduta e la presenza dell\u2019ottoman lavorano<a class=\"more-link\" href=\"https:\/\/www.demosmobilia.ch\/it\/product\/poltrona-lounge-e-ottoman-modello-670-in-palissandro-e-pelle-nera\/\">Leggi altro &rarr;<\/a><\/p>\n","protected":false},"featured_media":86420,"template":"","meta":{"_monsterinsights_skip_tracking":false,"_monsterinsights_sitenote_active":false,"_monsterinsights_sitenote_note":"","_monsterinsights_sitenote_category":0,"kk_blocks_editor_width":"","_kiokenblocks_attr":"","_kiokenblocks_dimensions":""},"product_cat":[4089,4154],"product_tag":[14630],"class_list":{"0":"entry","1":"author-demosmobilia","2":"post-86488","3":"product","4":"type-product","5":"status-publish","6":"has-post-thumbnail","7":"product_production-herman-miller","8":"product_year-2509","9":"product_nation-usa-it","10":"product_cat-nuovi-arrivi","11":"product_cat-poltrone","12":"product_tag-charles-ray-eames","13":"pa_product_dimension-lounge-chair-83-x-80-cm-x-altezza-seduta-41-cm-x-altezza-totale-785-cmottoman-64-x-54-cm-x-altezza-seduta-41-cm","14":"pa_product_material-pelle-nera-patinata-palissandro-alluminio-smaltato-e-spazzolato","16":"first","17":"instock","18":"shipping-taxable","19":"purchasable","20":"product-type-simple"},"yoast_head":"<!-- This site is optimized with the Yoast SEO plugin v24.0 - https:\/\/yoast.com\/wordpress\/plugins\/seo\/ -->\n<title>Poltrona Lounge e Ottoman modello 670 in palissandro e pelle nera &#8211; Demosmobilia<\/title>\n<meta name=\"robots\" content=\"index, follow, max-snippet:-1, max-image-preview:large, max-video-preview:-1\" \/>\n<link rel=\"canonical\" href=\"https:\/\/www.demosmobilia.ch\/it\/product\/poltrona-lounge-e-ottoman-modello-670-in-palissandro-e-pelle-nera\/\" \/>\n<meta property=\"og:locale\" content=\"it_IT\" \/>\n<meta property=\"og:type\" content=\"article\" \/>\n<meta property=\"og:title\" content=\"Poltrona Lounge e Ottoman modello 670 in palissandro e pelle nera &#8211; Demosmobilia\" \/>\n<meta property=\"og:description\" content=\"Charles e Ray Eames: il design della Lounge Chair, un\u2019icona senza tempo Charles Eames e Ray Eames hanno ridefinito il design moderno grazie a un approccio innovativo che combina perfettamente funzionalit\u00e0, sperimentazione e un\u2019attenzione profonda al comfort. La loro filosofia progettuale, volta a migliorare la vita quotidiana, trova una delle sue massime espressioni nella celebre Lounge Chair, prodotta da dal 1956. Progettata per offrire il comfort di un poltrona accogliente e vissuta, la Lounge Chair \u00e8 stata pensata per avvolgere il corpo in modo naturale. Le sue proporzioni sono calibrate con estrema precisione: l\u2019inclinazione dello schienale, la profondit\u00e0 della seduta e la presenza dell\u2019ottoman lavoranoLeggi altro &rarr;\" \/>\n<meta property=\"og:url\" content=\"https:\/\/www.demosmobilia.ch\/it\/product\/poltrona-lounge-e-ottoman-modello-670-in-palissandro-e-pelle-nera\/\" \/>\n<meta property=\"og:site_name\" content=\"Demosmobilia\" \/>\n<meta property=\"article:publisher\" content=\"https:\/\/www.facebook.com\/Demos-Mobilia-1137017453131445\/\" \/>\n<meta property=\"og:image\" content=\"https:\/\/www.demosmobilia.ch\/wp-content\/uploads\/2026\/03\/Eames-lounge-chair-ottoman-herman-miller-1950-United-States-01.jpg\" \/>\n\t<meta property=\"og:image:width\" content=\"1200\" \/>\n\t<meta property=\"og:image:height\" content=\"900\" \/>\n\t<meta property=\"og:image:type\" content=\"image\/jpeg\" \/>\n<meta name=\"twitter:card\" content=\"summary_large_image\" \/>\n<meta name=\"twitter:label1\" content=\"Tempo di lettura stimato\" \/>\n\t<meta name=\"twitter:data1\" content=\"1 minuto\" \/>\n<script type=\"application\/ld+json\" class=\"yoast-schema-graph\">{\"@context\":\"https:\/\/schema.org\",\"@graph\":[{\"@type\":\"WebPage\",\"@id\":\"https:\/\/www.demosmobilia.ch\/it\/product\/poltrona-lounge-e-ottoman-modello-670-in-palissandro-e-pelle-nera\/\",\"url\":\"https:\/\/www.demosmobilia.ch\/it\/product\/poltrona-lounge-e-ottoman-modello-670-in-palissandro-e-pelle-nera\/\",\"name\":\"Poltrona Lounge e Ottoman modello 670 in palissandro e pelle nera &#8211; Demosmobilia\",\"isPartOf\":{\"@id\":\"https:\/\/www.demosmobilia.ch\/it\/#website\"},\"primaryImageOfPage\":{\"@id\":\"https:\/\/www.demosmobilia.ch\/it\/product\/poltrona-lounge-e-ottoman-modello-670-in-palissandro-e-pelle-nera\/#primaryimage\"},\"image\":{\"@id\":\"https:\/\/www.demosmobilia.ch\/it\/product\/poltrona-lounge-e-ottoman-modello-670-in-palissandro-e-pelle-nera\/#primaryimage\"},\"thumbnailUrl\":\"https:\/\/www.demosmobilia.ch\/wp-content\/uploads\/2026\/03\/Eames-lounge-chair-ottoman-herman-miller-1950-United-States-01.jpg\",\"datePublished\":\"2026-03-28T09:18:46+00:00\",\"dateModified\":\"2026-03-28T09:18:46+00:00\",\"breadcrumb\":{\"@id\":\"https:\/\/www.demosmobilia.ch\/it\/product\/poltrona-lounge-e-ottoman-modello-670-in-palissandro-e-pelle-nera\/#breadcrumb\"},\"inLanguage\":\"it-IT\",\"potentialAction\":[{\"@type\":\"ReadAction\",\"target\":[\"https:\/\/www.demosmobilia.ch\/it\/product\/poltrona-lounge-e-ottoman-modello-670-in-palissandro-e-pelle-nera\/\"]}]},{\"@type\":\"ImageObject\",\"inLanguage\":\"it-IT\",\"@id\":\"https:\/\/www.demosmobilia.ch\/it\/product\/poltrona-lounge-e-ottoman-modello-670-in-palissandro-e-pelle-nera\/#primaryimage\",\"url\":\"https:\/\/www.demosmobilia.ch\/wp-content\/uploads\/2026\/03\/Eames-lounge-chair-ottoman-herman-miller-1950-United-States-01.jpg\",\"contentUrl\":\"https:\/\/www.demosmobilia.ch\/wp-content\/uploads\/2026\/03\/Eames-lounge-chair-ottoman-herman-miller-1950-United-States-01.jpg\",\"width\":1200,\"height\":900},{\"@type\":\"BreadcrumbList\",\"@id\":\"https:\/\/www.demosmobilia.ch\/it\/product\/poltrona-lounge-e-ottoman-modello-670-in-palissandro-e-pelle-nera\/#breadcrumb\",\"itemListElement\":[{\"@type\":\"ListItem\",\"position\":1,\"name\":\"Home\",\"item\":\"https:\/\/www.demosmobilia.ch\/it\/\"},{\"@type\":\"ListItem\",\"position\":2,\"name\":\"Prodotti\",\"item\":\"https:\/\/www.demosmobilia.ch\/it\/shop\/\"},{\"@type\":\"ListItem\",\"position\":3,\"name\":\"Poltrona Lounge e Ottoman modello 670 in palissandro e pelle nera\"}]},{\"@type\":\"WebSite\",\"@id\":\"https:\/\/www.demosmobilia.ch\/it\/#website\",\"url\":\"https:\/\/www.demosmobilia.ch\/it\/\",\"name\":\"Demosmobilia\",\"description\":\"Vintage design forniture from the &#039;30s to the &#039;80s\",\"publisher\":{\"@id\":\"https:\/\/www.demosmobilia.ch\/it\/#organization\"},\"potentialAction\":[{\"@type\":\"SearchAction\",\"target\":{\"@type\":\"EntryPoint\",\"urlTemplate\":\"https:\/\/www.demosmobilia.ch\/it\/?s={search_term_string}\"},\"query-input\":{\"@type\":\"PropertyValueSpecification\",\"valueRequired\":true,\"valueName\":\"search_term_string\"}}],\"inLanguage\":\"it-IT\"},{\"@type\":\"Organization\",\"@id\":\"https:\/\/www.demosmobilia.ch\/it\/#organization\",\"name\":\"demosmobilia\",\"url\":\"https:\/\/www.demosmobilia.ch\/it\/\",\"logo\":{\"@type\":\"ImageObject\",\"inLanguage\":\"it-IT\",\"@id\":\"https:\/\/www.demosmobilia.ch\/it\/#\/schema\/logo\/image\/\",\"url\":\"https:\/\/www.demosmobilia.ch\/wp-content\/uploads\/2020\/07\/demosmobilia-logo-2020-230-160.png\",\"contentUrl\":\"https:\/\/www.demosmobilia.ch\/wp-content\/uploads\/2020\/07\/demosmobilia-logo-2020-230-160.png\",\"width\":230,\"height\":160,\"caption\":\"demosmobilia\"},\"image\":{\"@id\":\"https:\/\/www.demosmobilia.ch\/it\/#\/schema\/logo\/image\/\"},\"sameAs\":[\"https:\/\/www.facebook.com\/Demos-Mobilia-1137017453131445\/\",\"https:\/\/www.instagram.com\/demosmobilia\/\"]}]}<\/script>\n<!-- \/ Yoast SEO plugin. -->","yoast_head_json":{"title":"Poltrona Lounge e Ottoman modello 670 in palissandro e pelle nera &#8211; Demosmobilia","robots":{"index":"index","follow":"follow","max-snippet":"max-snippet:-1","max-image-preview":"max-image-preview:large","max-video-preview":"max-video-preview:-1"},"canonical":"https:\/\/www.demosmobilia.ch\/it\/product\/poltrona-lounge-e-ottoman-modello-670-in-palissandro-e-pelle-nera\/","og_locale":"it_IT","og_type":"article","og_title":"Poltrona Lounge e Ottoman modello 670 in palissandro e pelle nera &#8211; Demosmobilia","og_description":"Charles e Ray Eames: il design della Lounge Chair, un\u2019icona senza tempo Charles Eames e Ray Eames hanno ridefinito il design moderno grazie a un approccio innovativo che combina perfettamente funzionalit\u00e0, sperimentazione e un\u2019attenzione profonda al comfort. La loro filosofia progettuale, volta a migliorare la vita quotidiana, trova una delle sue massime espressioni nella celebre Lounge Chair, prodotta da dal 1956. Progettata per offrire il comfort di un poltrona accogliente e vissuta, la Lounge Chair \u00e8 stata pensata per avvolgere il corpo in modo naturale. Le sue proporzioni sono calibrate con estrema precisione: l\u2019inclinazione dello schienale, la profondit\u00e0 della seduta e la presenza dell\u2019ottoman lavoranoLeggi altro &rarr;","og_url":"https:\/\/www.demosmobilia.ch\/it\/product\/poltrona-lounge-e-ottoman-modello-670-in-palissandro-e-pelle-nera\/","og_site_name":"Demosmobilia","article_publisher":"https:\/\/www.facebook.com\/Demos-Mobilia-1137017453131445\/","og_image":[{"width":1200,"height":900,"url":"https:\/\/www.demosmobilia.ch\/wp-content\/uploads\/2026\/03\/Eames-lounge-chair-ottoman-herman-miller-1950-United-States-01.jpg","type":"image\/jpeg"}],"twitter_card":"summary_large_image","twitter_misc":{"Tempo di lettura stimato":"1 minuto"},"schema":{"@context":"https:\/\/schema.org","@graph":[{"@type":"WebPage","@id":"https:\/\/www.demosmobilia.ch\/it\/product\/poltrona-lounge-e-ottoman-modello-670-in-palissandro-e-pelle-nera\/","url":"https:\/\/www.demosmobilia.ch\/it\/product\/poltrona-lounge-e-ottoman-modello-670-in-palissandro-e-pelle-nera\/","name":"Poltrona Lounge e Ottoman modello 670 in palissandro e pelle nera &#8211; Demosmobilia","isPartOf":{"@id":"https:\/\/www.demosmobilia.ch\/it\/#website"},"primaryImageOfPage":{"@id":"https:\/\/www.demosmobilia.ch\/it\/product\/poltrona-lounge-e-ottoman-modello-670-in-palissandro-e-pelle-nera\/#primaryimage"},"image":{"@id":"https:\/\/www.demosmobilia.ch\/it\/product\/poltrona-lounge-e-ottoman-modello-670-in-palissandro-e-pelle-nera\/#primaryimage"},"thumbnailUrl":"https:\/\/www.demosmobilia.ch\/wp-content\/uploads\/2026\/03\/Eames-lounge-chair-ottoman-herman-miller-1950-United-States-01.jpg","datePublished":"2026-03-28T09:18:46+00:00","dateModified":"2026-03-28T09:18:46+00:00","breadcrumb":{"@id":"https:\/\/www.demosmobilia.ch\/it\/product\/poltrona-lounge-e-ottoman-modello-670-in-palissandro-e-pelle-nera\/#breadcrumb"},"inLanguage":"it-IT","potentialAction":[{"@type":"ReadAction","target":["https:\/\/www.demosmobilia.ch\/it\/product\/poltrona-lounge-e-ottoman-modello-670-in-palissandro-e-pelle-nera\/"]}]},{"@type":"ImageObject","inLanguage":"it-IT","@id":"https:\/\/www.demosmobilia.ch\/it\/product\/poltrona-lounge-e-ottoman-modello-670-in-palissandro-e-pelle-nera\/#primaryimage","url":"https:\/\/www.demosmobilia.ch\/wp-content\/uploads\/2026\/03\/Eames-lounge-chair-ottoman-herman-miller-1950-United-States-01.jpg","contentUrl":"https:\/\/www.demosmobilia.ch\/wp-content\/uploads\/2026\/03\/Eames-lounge-chair-ottoman-herman-miller-1950-United-States-01.jpg","width":1200,"height":900},{"@type":"BreadcrumbList","@id":"https:\/\/www.demosmobilia.ch\/it\/product\/poltrona-lounge-e-ottoman-modello-670-in-palissandro-e-pelle-nera\/#breadcrumb","itemListElement":[{"@type":"ListItem","position":1,"name":"Home","item":"https:\/\/www.demosmobilia.ch\/it\/"},{"@type":"ListItem","position":2,"name":"Prodotti","item":"https:\/\/www.demosmobilia.ch\/it\/shop\/"},{"@type":"ListItem","position":3,"name":"Poltrona Lounge e Ottoman modello 670 in palissandro e pelle nera"}]},{"@type":"WebSite","@id":"https:\/\/www.demosmobilia.ch\/it\/#website","url":"https:\/\/www.demosmobilia.ch\/it\/","name":"Demosmobilia","description":"Vintage design forniture from the &#039;30s to the &#039;80s","publisher":{"@id":"https:\/\/www.demosmobilia.ch\/it\/#organization"},"potentialAction":[{"@type":"SearchAction","target":{"@type":"EntryPoint","urlTemplate":"https:\/\/www.demosmobilia.ch\/it\/?s={search_term_string}"},"query-input":{"@type":"PropertyValueSpecification","valueRequired":true,"valueName":"search_term_string"}}],"inLanguage":"it-IT"},{"@type":"Organization","@id":"https:\/\/www.demosmobilia.ch\/it\/#organization","name":"demosmobilia","url":"https:\/\/www.demosmobilia.ch\/it\/","logo":{"@type":"ImageObject","inLanguage":"it-IT","@id":"https:\/\/www.demosmobilia.ch\/it\/#\/schema\/logo\/image\/","url":"https:\/\/www.demosmobilia.ch\/wp-content\/uploads\/2020\/07\/demosmobilia-logo-2020-230-160.png","contentUrl":"https:\/\/www.demosmobilia.ch\/wp-content\/uploads\/2020\/07\/demosmobilia-logo-2020-230-160.png","width":230,"height":160,"caption":"demosmobilia"},"image":{"@id":"https:\/\/www.demosmobilia.ch\/it\/#\/schema\/logo\/image\/"},"sameAs":["https:\/\/www.facebook.com\/Demos-Mobilia-1137017453131445\/","https:\/\/www.instagram.com\/demosmobilia\/"]}]}},"_links":{"self":[{"href":"https:\/\/www.demosmobilia.ch\/it\/wp-json\/wp\/v2\/product\/86488","targetHints":{"allow":["GET"]}}],"collection":[{"href":"https:\/\/www.demosmobilia.ch\/it\/wp-json\/wp\/v2\/product"}],"about":[{"href":"https:\/\/www.demosmobilia.ch\/it\/wp-json\/wp\/v2\/types\/product"}],"wp:featuredmedia":[{"embeddable":true,"href":"https:\/\/www.demosmobilia.ch\/it\/wp-json\/wp\/v2\/media\/86420"}],"wp:attachment":[{"href":"https:\/\/www.demosmobilia.ch\/it\/wp-json\/wp\/v2\/media?parent=86488"}],"wp:term":[{"taxonomy":"product_cat","embeddable":true,"href":"https:\/\/www.demosmobilia.ch\/it\/wp-json\/wp\/v2\/product_cat?post=86488"},{"taxonomy":"product_tag","embeddable":true,"href":"https:\/\/www.demosmobilia.ch\/it\/wp-json\/wp\/v2\/product_tag?post=86488"}],"curies":[{"name":"wp","href":"https:\/\/api.w.org\/{rel}","templated":true}]}}