{"id":86313,"date":"2026-03-28T10:40:39","date_gmt":"2026-03-28T09:40:39","guid":{"rendered":"https:\/\/www.demosmobilia.ch\/product\/lampada-da-terra-modello-1063\/"},"modified":"2026-03-28T10:40:39","modified_gmt":"2026-03-28T09:40:39","slug":"lampada-da-terra-modello-1063","status":"publish","type":"product","link":"https:\/\/www.demosmobilia.ch\/it\/product\/lampada-da-terra-modello-1063\/","title":{"rendered":"Lampada da terra modello 1063"},"content":{"rendered":"<div class=\"x-row x-container max width e10869-e7 m8dx-3 m8dx-5 m8dx-6 m8dx-8 m8dx-a\">\n<div class=\"x-row-inner\">\n<div class=\"x-col e10869-e9 m8dx-e m8dx-f\">\n<div class=\"x-text x-content e10869-e10 m8dx-v m8dx-w\">\n<p>\u00abCi sono sempre modi diversi per raggiungere l\u2019obiettivo. Ma non mi ha mai interessato la forma, tranne quella della lampadina, dalla quale devo creare una terminazione, un supporto\u00bb<br \/>\n&#8211; Gino Sarfatti <\/p>\n<p>La lampada da terra \u201c1063\u201d di Gino Sarfatti \u00e8 ampiamente considerata uno dei pezzi pi\u00f9 iconici dell&#8217;opera del designer italiano. La lampada \u00e8 alta, sovrasta l&#8217;altezza degli occhi ed \u00e8 composta da un tubo di alluminio laccato e da una lampadina fluorescente. \u00c8 posizionata verticalmente sul pavimento, tenuta in equilibrio da un contrappeso che sostiene il trasformatore al neon.  <\/p>\n<p>Sarfatti progett\u00f2 la lampada da terra \u201c1063\u201d nel 1954, mettendo in mostra il suo approccio radicale, nonch\u00e9 la sua dedizione alla semplicit\u00e0 e alla funzionalit\u00e0. Riducendo la lampada ai suoi componenti essenziali, Sarfatti ha creato un design minimalista che precede persino l&#8217;uso pionieristico della luce fluorescente da parte di Dan Flavin nei primi anni &#8217;60. La lampada da terra \u201c1063\u201d di Sarfatti \u00e8 una testimonianza della sua visione della luce come mezzo a s\u00e9 stante, nonch\u00e9 un importante precursore del movimento minimalista degli anni &#8217;60 e oltre.  <\/p>\n<p><i>Gino Sarfatti (1912\u20131985): pioniere del design italiano dell&#8217;illuminazione<br \/>\n<\/i><i>Gino Sarfatti founded the lighting production company Arteluce in 1939 and quickly became an international reference in the Modern Design movement. He won numerous awards and prizes, the most prestigious of which were the Compasso d&#8217;Oro in 1954 and 1955, and the Honorary Diploma of the Triennale of Milan. He leaves behind a resolutely modern and contemporary legacy, from which his successors were largely inspired.  <\/i><\/p>\n<\/div>\n<\/div>\n<\/div>\n<\/div>\n<div class=\"x-row x-container max width e10869-e12 m8dx-3 m8dx-5 m8dx-6 m8dx-8 m8dx-b\">\n<div class=\"x-row-inner\"><\/div>\n<\/div>\n","protected":false},"excerpt":{"rendered":"<p>\u00abCi sono sempre modi diversi per raggiungere l\u2019obiettivo. Ma non mi ha mai interessato la forma, tranne quella della lampadina, dalla quale devo creare una terminazione, un supporto\u00bb &#8211; Gino Sarfatti La lampada da terra \u201c1063\u201d di Gino Sarfatti \u00e8 ampiamente considerata uno dei pezzi pi\u00f9 iconici dell&#8217;opera del designer italiano. La lampada \u00e8 alta, sovrasta l&#8217;altezza degli occhi ed \u00e8 composta da un tubo di alluminio laccato e da una lampadina fluorescente. \u00c8 posizionata verticalmente sul pavimento, tenuta in equilibrio da un contrappeso che sostiene il trasformatore al neon. Sarfatti progett\u00f2 la lampada da terra \u201c1063\u201d nel 1954, mettendo in mostra il suo approccio<a class=\"more-link\" href=\"https:\/\/www.demosmobilia.ch\/it\/product\/lampada-da-terra-modello-1063\/\">Leggi altro &rarr;<\/a><\/p>\n","protected":false},"featured_media":86269,"template":"","meta":{"_monsterinsights_skip_tracking":false,"_monsterinsights_sitenote_active":false,"_monsterinsights_sitenote_note":"","_monsterinsights_sitenote_category":0,"kk_blocks_editor_width":"","_kiokenblocks_attr":"","_kiokenblocks_dimensions":""},"product_cat":[4092,4089],"product_tag":[6466],"class_list":{"0":"entry","1":"author-demosmobilia","2":"post-86313","3":"product","4":"type-product","5":"status-publish","6":"has-post-thumbnail","7":"product_production-arteluce","8":"product_year-2412","9":"product_nation-italia-it","10":"product_cat-lampade-da-terra","11":"product_cat-nuovi-arrivi","12":"product_tag-sarfatti-gino-it","13":"pa_product_dimension-37-x-43-x-ht-217-cm","14":"pa_product_material-metallo-alluminio-laccato-insegna-al-neon-originale-da-magazzino-mai-utilizzata","16":"first","17":"instock","18":"featured","19":"shipping-taxable","20":"product-type-simple"},"yoast_head":"<!-- This site is optimized with the Yoast SEO plugin v24.0 - https:\/\/yoast.com\/wordpress\/plugins\/seo\/ -->\n<title>Lampada da terra modello 1063 &#8211; Demosmobilia<\/title>\n<meta name=\"robots\" content=\"index, follow, max-snippet:-1, max-image-preview:large, max-video-preview:-1\" \/>\n<link rel=\"canonical\" href=\"https:\/\/www.demosmobilia.ch\/it\/product\/lampada-da-terra-modello-1063\/\" \/>\n<meta property=\"og:locale\" content=\"it_IT\" \/>\n<meta property=\"og:type\" content=\"article\" \/>\n<meta property=\"og:title\" content=\"Lampada da terra modello 1063 &#8211; Demosmobilia\" \/>\n<meta property=\"og:description\" content=\"\u00abCi sono sempre modi diversi per raggiungere l\u2019obiettivo. Ma non mi ha mai interessato la forma, tranne quella della lampadina, dalla quale devo creare una terminazione, un supporto\u00bb &#8211; Gino Sarfatti La lampada da terra \u201c1063\u201d di Gino Sarfatti \u00e8 ampiamente considerata uno dei pezzi pi\u00f9 iconici dell&#8217;opera del designer italiano. La lampada \u00e8 alta, sovrasta l&#8217;altezza degli occhi ed \u00e8 composta da un tubo di alluminio laccato e da una lampadina fluorescente. \u00c8 posizionata verticalmente sul pavimento, tenuta in equilibrio da un contrappeso che sostiene il trasformatore al neon. Sarfatti progett\u00f2 la lampada da terra \u201c1063\u201d nel 1954, mettendo in mostra il suo approccioLeggi altro &rarr;\" \/>\n<meta property=\"og:url\" content=\"https:\/\/www.demosmobilia.ch\/it\/product\/lampada-da-terra-modello-1063\/\" \/>\n<meta property=\"og:site_name\" content=\"Demosmobilia\" \/>\n<meta property=\"article:publisher\" content=\"https:\/\/www.facebook.com\/Demos-Mobilia-1137017453131445\/\" \/>\n<meta property=\"og:image\" content=\"https:\/\/www.demosmobilia.ch\/wp-content\/uploads\/2026\/03\/gino-sarfatti-arteluce-floorlamp-1063-1954-italy-01.jpg\" \/>\n\t<meta property=\"og:image:width\" content=\"1200\" \/>\n\t<meta property=\"og:image:height\" content=\"900\" \/>\n\t<meta property=\"og:image:type\" content=\"image\/jpeg\" \/>\n<meta name=\"twitter:card\" content=\"summary_large_image\" \/>\n<meta name=\"twitter:label1\" content=\"Tempo di lettura stimato\" \/>\n\t<meta name=\"twitter:data1\" content=\"1 minuto\" \/>\n<script type=\"application\/ld+json\" class=\"yoast-schema-graph\">{\"@context\":\"https:\/\/schema.org\",\"@graph\":[{\"@type\":\"WebPage\",\"@id\":\"https:\/\/www.demosmobilia.ch\/it\/product\/lampada-da-terra-modello-1063\/\",\"url\":\"https:\/\/www.demosmobilia.ch\/it\/product\/lampada-da-terra-modello-1063\/\",\"name\":\"Lampada da terra modello 1063 &#8211; Demosmobilia\",\"isPartOf\":{\"@id\":\"https:\/\/www.demosmobilia.ch\/it\/#website\"},\"primaryImageOfPage\":{\"@id\":\"https:\/\/www.demosmobilia.ch\/it\/product\/lampada-da-terra-modello-1063\/#primaryimage\"},\"image\":{\"@id\":\"https:\/\/www.demosmobilia.ch\/it\/product\/lampada-da-terra-modello-1063\/#primaryimage\"},\"thumbnailUrl\":\"https:\/\/www.demosmobilia.ch\/wp-content\/uploads\/2026\/03\/gino-sarfatti-arteluce-floorlamp-1063-1954-italy-01.jpg\",\"datePublished\":\"2026-03-28T09:40:39+00:00\",\"dateModified\":\"2026-03-28T09:40:39+00:00\",\"breadcrumb\":{\"@id\":\"https:\/\/www.demosmobilia.ch\/it\/product\/lampada-da-terra-modello-1063\/#breadcrumb\"},\"inLanguage\":\"it-IT\",\"potentialAction\":[{\"@type\":\"ReadAction\",\"target\":[\"https:\/\/www.demosmobilia.ch\/it\/product\/lampada-da-terra-modello-1063\/\"]}]},{\"@type\":\"ImageObject\",\"inLanguage\":\"it-IT\",\"@id\":\"https:\/\/www.demosmobilia.ch\/it\/product\/lampada-da-terra-modello-1063\/#primaryimage\",\"url\":\"https:\/\/www.demosmobilia.ch\/wp-content\/uploads\/2026\/03\/gino-sarfatti-arteluce-floorlamp-1063-1954-italy-01.jpg\",\"contentUrl\":\"https:\/\/www.demosmobilia.ch\/wp-content\/uploads\/2026\/03\/gino-sarfatti-arteluce-floorlamp-1063-1954-italy-01.jpg\",\"width\":1200,\"height\":900},{\"@type\":\"BreadcrumbList\",\"@id\":\"https:\/\/www.demosmobilia.ch\/it\/product\/lampada-da-terra-modello-1063\/#breadcrumb\",\"itemListElement\":[{\"@type\":\"ListItem\",\"position\":1,\"name\":\"Home\",\"item\":\"https:\/\/www.demosmobilia.ch\/it\/\"},{\"@type\":\"ListItem\",\"position\":2,\"name\":\"Prodotti\",\"item\":\"https:\/\/www.demosmobilia.ch\/it\/shop\/\"},{\"@type\":\"ListItem\",\"position\":3,\"name\":\"Lampada da terra modello 1063\"}]},{\"@type\":\"WebSite\",\"@id\":\"https:\/\/www.demosmobilia.ch\/it\/#website\",\"url\":\"https:\/\/www.demosmobilia.ch\/it\/\",\"name\":\"Demosmobilia\",\"description\":\"Vintage design forniture from the &#039;30s to the &#039;80s\",\"publisher\":{\"@id\":\"https:\/\/www.demosmobilia.ch\/it\/#organization\"},\"potentialAction\":[{\"@type\":\"SearchAction\",\"target\":{\"@type\":\"EntryPoint\",\"urlTemplate\":\"https:\/\/www.demosmobilia.ch\/it\/?s={search_term_string}\"},\"query-input\":{\"@type\":\"PropertyValueSpecification\",\"valueRequired\":true,\"valueName\":\"search_term_string\"}}],\"inLanguage\":\"it-IT\"},{\"@type\":\"Organization\",\"@id\":\"https:\/\/www.demosmobilia.ch\/it\/#organization\",\"name\":\"demosmobilia\",\"url\":\"https:\/\/www.demosmobilia.ch\/it\/\",\"logo\":{\"@type\":\"ImageObject\",\"inLanguage\":\"it-IT\",\"@id\":\"https:\/\/www.demosmobilia.ch\/it\/#\/schema\/logo\/image\/\",\"url\":\"https:\/\/www.demosmobilia.ch\/wp-content\/uploads\/2020\/07\/demosmobilia-logo-2020-230-160.png\",\"contentUrl\":\"https:\/\/www.demosmobilia.ch\/wp-content\/uploads\/2020\/07\/demosmobilia-logo-2020-230-160.png\",\"width\":230,\"height\":160,\"caption\":\"demosmobilia\"},\"image\":{\"@id\":\"https:\/\/www.demosmobilia.ch\/it\/#\/schema\/logo\/image\/\"},\"sameAs\":[\"https:\/\/www.facebook.com\/Demos-Mobilia-1137017453131445\/\",\"https:\/\/www.instagram.com\/demosmobilia\/\"]}]}<\/script>\n<!-- \/ Yoast SEO plugin. -->","yoast_head_json":{"title":"Lampada da terra modello 1063 &#8211; Demosmobilia","robots":{"index":"index","follow":"follow","max-snippet":"max-snippet:-1","max-image-preview":"max-image-preview:large","max-video-preview":"max-video-preview:-1"},"canonical":"https:\/\/www.demosmobilia.ch\/it\/product\/lampada-da-terra-modello-1063\/","og_locale":"it_IT","og_type":"article","og_title":"Lampada da terra modello 1063 &#8211; Demosmobilia","og_description":"\u00abCi sono sempre modi diversi per raggiungere l\u2019obiettivo. Ma non mi ha mai interessato la forma, tranne quella della lampadina, dalla quale devo creare una terminazione, un supporto\u00bb &#8211; Gino Sarfatti La lampada da terra \u201c1063\u201d di Gino Sarfatti \u00e8 ampiamente considerata uno dei pezzi pi\u00f9 iconici dell&#8217;opera del designer italiano. La lampada \u00e8 alta, sovrasta l&#8217;altezza degli occhi ed \u00e8 composta da un tubo di alluminio laccato e da una lampadina fluorescente. \u00c8 posizionata verticalmente sul pavimento, tenuta in equilibrio da un contrappeso che sostiene il trasformatore al neon. Sarfatti progett\u00f2 la lampada da terra \u201c1063\u201d nel 1954, mettendo in mostra il suo approccioLeggi altro &rarr;","og_url":"https:\/\/www.demosmobilia.ch\/it\/product\/lampada-da-terra-modello-1063\/","og_site_name":"Demosmobilia","article_publisher":"https:\/\/www.facebook.com\/Demos-Mobilia-1137017453131445\/","og_image":[{"width":1200,"height":900,"url":"https:\/\/www.demosmobilia.ch\/wp-content\/uploads\/2026\/03\/gino-sarfatti-arteluce-floorlamp-1063-1954-italy-01.jpg","type":"image\/jpeg"}],"twitter_card":"summary_large_image","twitter_misc":{"Tempo di lettura stimato":"1 minuto"},"schema":{"@context":"https:\/\/schema.org","@graph":[{"@type":"WebPage","@id":"https:\/\/www.demosmobilia.ch\/it\/product\/lampada-da-terra-modello-1063\/","url":"https:\/\/www.demosmobilia.ch\/it\/product\/lampada-da-terra-modello-1063\/","name":"Lampada da terra modello 1063 &#8211; Demosmobilia","isPartOf":{"@id":"https:\/\/www.demosmobilia.ch\/it\/#website"},"primaryImageOfPage":{"@id":"https:\/\/www.demosmobilia.ch\/it\/product\/lampada-da-terra-modello-1063\/#primaryimage"},"image":{"@id":"https:\/\/www.demosmobilia.ch\/it\/product\/lampada-da-terra-modello-1063\/#primaryimage"},"thumbnailUrl":"https:\/\/www.demosmobilia.ch\/wp-content\/uploads\/2026\/03\/gino-sarfatti-arteluce-floorlamp-1063-1954-italy-01.jpg","datePublished":"2026-03-28T09:40:39+00:00","dateModified":"2026-03-28T09:40:39+00:00","breadcrumb":{"@id":"https:\/\/www.demosmobilia.ch\/it\/product\/lampada-da-terra-modello-1063\/#breadcrumb"},"inLanguage":"it-IT","potentialAction":[{"@type":"ReadAction","target":["https:\/\/www.demosmobilia.ch\/it\/product\/lampada-da-terra-modello-1063\/"]}]},{"@type":"ImageObject","inLanguage":"it-IT","@id":"https:\/\/www.demosmobilia.ch\/it\/product\/lampada-da-terra-modello-1063\/#primaryimage","url":"https:\/\/www.demosmobilia.ch\/wp-content\/uploads\/2026\/03\/gino-sarfatti-arteluce-floorlamp-1063-1954-italy-01.jpg","contentUrl":"https:\/\/www.demosmobilia.ch\/wp-content\/uploads\/2026\/03\/gino-sarfatti-arteluce-floorlamp-1063-1954-italy-01.jpg","width":1200,"height":900},{"@type":"BreadcrumbList","@id":"https:\/\/www.demosmobilia.ch\/it\/product\/lampada-da-terra-modello-1063\/#breadcrumb","itemListElement":[{"@type":"ListItem","position":1,"name":"Home","item":"https:\/\/www.demosmobilia.ch\/it\/"},{"@type":"ListItem","position":2,"name":"Prodotti","item":"https:\/\/www.demosmobilia.ch\/it\/shop\/"},{"@type":"ListItem","position":3,"name":"Lampada da terra modello 1063"}]},{"@type":"WebSite","@id":"https:\/\/www.demosmobilia.ch\/it\/#website","url":"https:\/\/www.demosmobilia.ch\/it\/","name":"Demosmobilia","description":"Vintage design forniture from the &#039;30s to the &#039;80s","publisher":{"@id":"https:\/\/www.demosmobilia.ch\/it\/#organization"},"potentialAction":[{"@type":"SearchAction","target":{"@type":"EntryPoint","urlTemplate":"https:\/\/www.demosmobilia.ch\/it\/?s={search_term_string}"},"query-input":{"@type":"PropertyValueSpecification","valueRequired":true,"valueName":"search_term_string"}}],"inLanguage":"it-IT"},{"@type":"Organization","@id":"https:\/\/www.demosmobilia.ch\/it\/#organization","name":"demosmobilia","url":"https:\/\/www.demosmobilia.ch\/it\/","logo":{"@type":"ImageObject","inLanguage":"it-IT","@id":"https:\/\/www.demosmobilia.ch\/it\/#\/schema\/logo\/image\/","url":"https:\/\/www.demosmobilia.ch\/wp-content\/uploads\/2020\/07\/demosmobilia-logo-2020-230-160.png","contentUrl":"https:\/\/www.demosmobilia.ch\/wp-content\/uploads\/2020\/07\/demosmobilia-logo-2020-230-160.png","width":230,"height":160,"caption":"demosmobilia"},"image":{"@id":"https:\/\/www.demosmobilia.ch\/it\/#\/schema\/logo\/image\/"},"sameAs":["https:\/\/www.facebook.com\/Demos-Mobilia-1137017453131445\/","https:\/\/www.instagram.com\/demosmobilia\/"]}]}},"_links":{"self":[{"href":"https:\/\/www.demosmobilia.ch\/it\/wp-json\/wp\/v2\/product\/86313","targetHints":{"allow":["GET"]}}],"collection":[{"href":"https:\/\/www.demosmobilia.ch\/it\/wp-json\/wp\/v2\/product"}],"about":[{"href":"https:\/\/www.demosmobilia.ch\/it\/wp-json\/wp\/v2\/types\/product"}],"wp:featuredmedia":[{"embeddable":true,"href":"https:\/\/www.demosmobilia.ch\/it\/wp-json\/wp\/v2\/media\/86269"}],"wp:attachment":[{"href":"https:\/\/www.demosmobilia.ch\/it\/wp-json\/wp\/v2\/media?parent=86313"}],"wp:term":[{"taxonomy":"product_cat","embeddable":true,"href":"https:\/\/www.demosmobilia.ch\/it\/wp-json\/wp\/v2\/product_cat?post=86313"},{"taxonomy":"product_tag","embeddable":true,"href":"https:\/\/www.demosmobilia.ch\/it\/wp-json\/wp\/v2\/product_tag?post=86313"}],"curies":[{"name":"wp","href":"https:\/\/api.w.org\/{rel}","templated":true}]}}