{"id":86179,"date":"2026-02-11T13:49:48","date_gmt":"2026-02-11T12:49:48","guid":{"rendered":"https:\/\/www.demosmobilia.ch\/product\/vassoio-nodo-in-argento\/"},"modified":"2026-02-11T13:49:48","modified_gmt":"2026-02-11T12:49:48","slug":"vassoio-nodo-in-argento","status":"publish","type":"product","link":"https:\/\/www.demosmobilia.ch\/it\/product\/vassoio-nodo-in-argento\/","title":{"rendered":"Vassoio Nodo in argento"},"content":{"rendered":"<p data-start=\"52\" data-end=\"458\">Arrigo Finzi (1911\u20131983) \u00e8 stato uno dei protagonisti dell\u2019argenteria italiana del Novecento, riconosciuto per aver innovato il design degli oggetti in argento per il servizio da tavola con uno stile moderno ed essenziale. Argentieri e designer di grande sensibilit\u00e0 formale, Finzi ha saputo reinterpretare la tradizione artigianale italiana attraverso linee pulite, proporzioni equilibrate e una forte attenzione alla funzionalit\u00e0 quotidiana. <\/p>\n<p data-start=\"460\" data-end=\"996\">La sua produzione comprende servizi da t\u00e8 e caff\u00e8, posate, vassoi, candelabri, centrotavola e accessori da tavola in argento, progettati per unire eleganza e praticit\u00e0. Negli anni del dopoguerra, i suoi oggetti per il servizio si distinguono per il linguaggio razionale e moderno, in dialogo con il design italiano dell\u2019epoca, dove la purezza delle forme sostituisce l\u2019eccesso decorativo. L\u2019argento diventa cos\u00ec materiale contemporaneo, modellato con precisione artigianale e pensato per valorizzare la convivialit\u00e0 e l\u2019arte della tavola.  <\/p>\n","protected":false},"excerpt":{"rendered":"<p>Arrigo Finzi (1911\u20131983) \u00e8 stato uno dei protagonisti dell\u2019argenteria italiana del Novecento, riconosciuto per aver innovato il design degli oggetti in argento per il servizio da tavola con uno stile moderno ed essenziale. Argentieri e designer di grande sensibilit\u00e0 formale, Finzi ha saputo reinterpretare la tradizione artigianale italiana attraverso linee pulite, proporzioni equilibrate e una forte attenzione alla funzionalit\u00e0 quotidiana. La sua produzione comprende servizi da t\u00e8 e caff\u00e8, posate, vassoi, candelabri, centrotavola e accessori da tavola in argento, progettati per unire eleganza e praticit\u00e0. Negli anni del dopoguerra, i suoi oggetti per il servizio si distinguono per il linguaggio razionale e moderno, in dialogo<a class=\"more-link\" href=\"https:\/\/www.demosmobilia.ch\/it\/product\/vassoio-nodo-in-argento\/\">Leggi altro &rarr;<\/a><\/p>\n","protected":false},"featured_media":86159,"template":"","meta":{"_monsterinsights_skip_tracking":false,"_monsterinsights_sitenote_active":false,"_monsterinsights_sitenote_note":"","_monsterinsights_sitenote_category":0,"kk_blocks_editor_width":"","_kiokenblocks_attr":"","_kiokenblocks_dimensions":""},"product_cat":[4089,4140],"product_tag":[14591],"class_list":{"0":"entry","1":"author-demosmobilia","2":"post-86179","3":"product","4":"type-product","5":"status-publish","6":"has-post-thumbnail","7":"product_production-metargent","8":"product_year-1940-approx","9":"product_nation-italia-it","10":"product_cat-nuovi-arrivi","11":"product_cat-altro","12":"product_tag-finzi-arrigo-attribuito","13":"pa_product_dimension-43-5-x-30-5-x-ht-18-5-cm","14":"pa_product_material-argento-vetro","16":"first","17":"instock","18":"shipping-taxable","19":"purchasable","20":"product-type-simple"},"yoast_head":"<!-- This site is optimized with the Yoast SEO plugin v24.0 - https:\/\/yoast.com\/wordpress\/plugins\/seo\/ -->\n<title>Vassoio Nodo in argento &#8211; Demosmobilia<\/title>\n<meta name=\"robots\" content=\"index, follow, max-snippet:-1, max-image-preview:large, max-video-preview:-1\" \/>\n<link rel=\"canonical\" href=\"https:\/\/www.demosmobilia.ch\/it\/product\/vassoio-nodo-in-argento\/\" \/>\n<meta property=\"og:locale\" content=\"it_IT\" \/>\n<meta property=\"og:type\" content=\"article\" \/>\n<meta property=\"og:title\" content=\"Vassoio Nodo in argento &#8211; Demosmobilia\" \/>\n<meta property=\"og:description\" content=\"Arrigo Finzi (1911\u20131983) \u00e8 stato uno dei protagonisti dell\u2019argenteria italiana del Novecento, riconosciuto per aver innovato il design degli oggetti in argento per il servizio da tavola con uno stile moderno ed essenziale. Argentieri e designer di grande sensibilit\u00e0 formale, Finzi ha saputo reinterpretare la tradizione artigianale italiana attraverso linee pulite, proporzioni equilibrate e una forte attenzione alla funzionalit\u00e0 quotidiana. La sua produzione comprende servizi da t\u00e8 e caff\u00e8, posate, vassoi, candelabri, centrotavola e accessori da tavola in argento, progettati per unire eleganza e praticit\u00e0. Negli anni del dopoguerra, i suoi oggetti per il servizio si distinguono per il linguaggio razionale e moderno, in dialogoLeggi altro &rarr;\" \/>\n<meta property=\"og:url\" content=\"https:\/\/www.demosmobilia.ch\/it\/product\/vassoio-nodo-in-argento\/\" \/>\n<meta property=\"og:site_name\" content=\"Demosmobilia\" \/>\n<meta property=\"article:publisher\" content=\"https:\/\/www.facebook.com\/Demos-Mobilia-1137017453131445\/\" \/>\n<meta property=\"og:image\" content=\"https:\/\/www.demosmobilia.ch\/wp-content\/uploads\/2026\/02\/arrigo-finzi-metargent-1930-knott-tray-01.jpg\" \/>\n\t<meta property=\"og:image:width\" content=\"1200\" \/>\n\t<meta property=\"og:image:height\" content=\"900\" \/>\n\t<meta property=\"og:image:type\" content=\"image\/jpeg\" \/>\n<meta name=\"twitter:card\" content=\"summary_large_image\" \/>\n<meta name=\"twitter:label1\" content=\"Tempo di lettura stimato\" \/>\n\t<meta name=\"twitter:data1\" content=\"1 minuto\" \/>\n<script type=\"application\/ld+json\" class=\"yoast-schema-graph\">{\"@context\":\"https:\/\/schema.org\",\"@graph\":[{\"@type\":\"WebPage\",\"@id\":\"https:\/\/www.demosmobilia.ch\/it\/product\/vassoio-nodo-in-argento\/\",\"url\":\"https:\/\/www.demosmobilia.ch\/it\/product\/vassoio-nodo-in-argento\/\",\"name\":\"Vassoio Nodo in argento &#8211; Demosmobilia\",\"isPartOf\":{\"@id\":\"https:\/\/www.demosmobilia.ch\/it\/#website\"},\"primaryImageOfPage\":{\"@id\":\"https:\/\/www.demosmobilia.ch\/it\/product\/vassoio-nodo-in-argento\/#primaryimage\"},\"image\":{\"@id\":\"https:\/\/www.demosmobilia.ch\/it\/product\/vassoio-nodo-in-argento\/#primaryimage\"},\"thumbnailUrl\":\"https:\/\/www.demosmobilia.ch\/wp-content\/uploads\/2026\/02\/arrigo-finzi-metargent-1930-knott-tray-01.jpg\",\"datePublished\":\"2026-02-11T12:49:48+00:00\",\"dateModified\":\"2026-02-11T12:49:48+00:00\",\"breadcrumb\":{\"@id\":\"https:\/\/www.demosmobilia.ch\/it\/product\/vassoio-nodo-in-argento\/#breadcrumb\"},\"inLanguage\":\"it-IT\",\"potentialAction\":[{\"@type\":\"ReadAction\",\"target\":[\"https:\/\/www.demosmobilia.ch\/it\/product\/vassoio-nodo-in-argento\/\"]}]},{\"@type\":\"ImageObject\",\"inLanguage\":\"it-IT\",\"@id\":\"https:\/\/www.demosmobilia.ch\/it\/product\/vassoio-nodo-in-argento\/#primaryimage\",\"url\":\"https:\/\/www.demosmobilia.ch\/wp-content\/uploads\/2026\/02\/arrigo-finzi-metargent-1930-knott-tray-01.jpg\",\"contentUrl\":\"https:\/\/www.demosmobilia.ch\/wp-content\/uploads\/2026\/02\/arrigo-finzi-metargent-1930-knott-tray-01.jpg\",\"width\":1200,\"height\":900},{\"@type\":\"BreadcrumbList\",\"@id\":\"https:\/\/www.demosmobilia.ch\/it\/product\/vassoio-nodo-in-argento\/#breadcrumb\",\"itemListElement\":[{\"@type\":\"ListItem\",\"position\":1,\"name\":\"Home\",\"item\":\"https:\/\/www.demosmobilia.ch\/it\/\"},{\"@type\":\"ListItem\",\"position\":2,\"name\":\"Prodotti\",\"item\":\"https:\/\/www.demosmobilia.ch\/it\/shop\/\"},{\"@type\":\"ListItem\",\"position\":3,\"name\":\"Vassoio Nodo in argento\"}]},{\"@type\":\"WebSite\",\"@id\":\"https:\/\/www.demosmobilia.ch\/it\/#website\",\"url\":\"https:\/\/www.demosmobilia.ch\/it\/\",\"name\":\"Demosmobilia\",\"description\":\"Vintage design forniture from the &#039;30s to the &#039;80s\",\"publisher\":{\"@id\":\"https:\/\/www.demosmobilia.ch\/it\/#organization\"},\"potentialAction\":[{\"@type\":\"SearchAction\",\"target\":{\"@type\":\"EntryPoint\",\"urlTemplate\":\"https:\/\/www.demosmobilia.ch\/it\/?s={search_term_string}\"},\"query-input\":{\"@type\":\"PropertyValueSpecification\",\"valueRequired\":true,\"valueName\":\"search_term_string\"}}],\"inLanguage\":\"it-IT\"},{\"@type\":\"Organization\",\"@id\":\"https:\/\/www.demosmobilia.ch\/it\/#organization\",\"name\":\"demosmobilia\",\"url\":\"https:\/\/www.demosmobilia.ch\/it\/\",\"logo\":{\"@type\":\"ImageObject\",\"inLanguage\":\"it-IT\",\"@id\":\"https:\/\/www.demosmobilia.ch\/it\/#\/schema\/logo\/image\/\",\"url\":\"https:\/\/www.demosmobilia.ch\/wp-content\/uploads\/2020\/07\/demosmobilia-logo-2020-230-160.png\",\"contentUrl\":\"https:\/\/www.demosmobilia.ch\/wp-content\/uploads\/2020\/07\/demosmobilia-logo-2020-230-160.png\",\"width\":230,\"height\":160,\"caption\":\"demosmobilia\"},\"image\":{\"@id\":\"https:\/\/www.demosmobilia.ch\/it\/#\/schema\/logo\/image\/\"},\"sameAs\":[\"https:\/\/www.facebook.com\/Demos-Mobilia-1137017453131445\/\",\"https:\/\/www.instagram.com\/demosmobilia\/\"]}]}<\/script>\n<!-- \/ Yoast SEO plugin. -->","yoast_head_json":{"title":"Vassoio Nodo in argento &#8211; Demosmobilia","robots":{"index":"index","follow":"follow","max-snippet":"max-snippet:-1","max-image-preview":"max-image-preview:large","max-video-preview":"max-video-preview:-1"},"canonical":"https:\/\/www.demosmobilia.ch\/it\/product\/vassoio-nodo-in-argento\/","og_locale":"it_IT","og_type":"article","og_title":"Vassoio Nodo in argento &#8211; Demosmobilia","og_description":"Arrigo Finzi (1911\u20131983) \u00e8 stato uno dei protagonisti dell\u2019argenteria italiana del Novecento, riconosciuto per aver innovato il design degli oggetti in argento per il servizio da tavola con uno stile moderno ed essenziale. Argentieri e designer di grande sensibilit\u00e0 formale, Finzi ha saputo reinterpretare la tradizione artigianale italiana attraverso linee pulite, proporzioni equilibrate e una forte attenzione alla funzionalit\u00e0 quotidiana. La sua produzione comprende servizi da t\u00e8 e caff\u00e8, posate, vassoi, candelabri, centrotavola e accessori da tavola in argento, progettati per unire eleganza e praticit\u00e0. Negli anni del dopoguerra, i suoi oggetti per il servizio si distinguono per il linguaggio razionale e moderno, in dialogoLeggi altro &rarr;","og_url":"https:\/\/www.demosmobilia.ch\/it\/product\/vassoio-nodo-in-argento\/","og_site_name":"Demosmobilia","article_publisher":"https:\/\/www.facebook.com\/Demos-Mobilia-1137017453131445\/","og_image":[{"width":1200,"height":900,"url":"https:\/\/www.demosmobilia.ch\/wp-content\/uploads\/2026\/02\/arrigo-finzi-metargent-1930-knott-tray-01.jpg","type":"image\/jpeg"}],"twitter_card":"summary_large_image","twitter_misc":{"Tempo di lettura stimato":"1 minuto"},"schema":{"@context":"https:\/\/schema.org","@graph":[{"@type":"WebPage","@id":"https:\/\/www.demosmobilia.ch\/it\/product\/vassoio-nodo-in-argento\/","url":"https:\/\/www.demosmobilia.ch\/it\/product\/vassoio-nodo-in-argento\/","name":"Vassoio Nodo in argento &#8211; Demosmobilia","isPartOf":{"@id":"https:\/\/www.demosmobilia.ch\/it\/#website"},"primaryImageOfPage":{"@id":"https:\/\/www.demosmobilia.ch\/it\/product\/vassoio-nodo-in-argento\/#primaryimage"},"image":{"@id":"https:\/\/www.demosmobilia.ch\/it\/product\/vassoio-nodo-in-argento\/#primaryimage"},"thumbnailUrl":"https:\/\/www.demosmobilia.ch\/wp-content\/uploads\/2026\/02\/arrigo-finzi-metargent-1930-knott-tray-01.jpg","datePublished":"2026-02-11T12:49:48+00:00","dateModified":"2026-02-11T12:49:48+00:00","breadcrumb":{"@id":"https:\/\/www.demosmobilia.ch\/it\/product\/vassoio-nodo-in-argento\/#breadcrumb"},"inLanguage":"it-IT","potentialAction":[{"@type":"ReadAction","target":["https:\/\/www.demosmobilia.ch\/it\/product\/vassoio-nodo-in-argento\/"]}]},{"@type":"ImageObject","inLanguage":"it-IT","@id":"https:\/\/www.demosmobilia.ch\/it\/product\/vassoio-nodo-in-argento\/#primaryimage","url":"https:\/\/www.demosmobilia.ch\/wp-content\/uploads\/2026\/02\/arrigo-finzi-metargent-1930-knott-tray-01.jpg","contentUrl":"https:\/\/www.demosmobilia.ch\/wp-content\/uploads\/2026\/02\/arrigo-finzi-metargent-1930-knott-tray-01.jpg","width":1200,"height":900},{"@type":"BreadcrumbList","@id":"https:\/\/www.demosmobilia.ch\/it\/product\/vassoio-nodo-in-argento\/#breadcrumb","itemListElement":[{"@type":"ListItem","position":1,"name":"Home","item":"https:\/\/www.demosmobilia.ch\/it\/"},{"@type":"ListItem","position":2,"name":"Prodotti","item":"https:\/\/www.demosmobilia.ch\/it\/shop\/"},{"@type":"ListItem","position":3,"name":"Vassoio Nodo in argento"}]},{"@type":"WebSite","@id":"https:\/\/www.demosmobilia.ch\/it\/#website","url":"https:\/\/www.demosmobilia.ch\/it\/","name":"Demosmobilia","description":"Vintage design forniture from the &#039;30s to the &#039;80s","publisher":{"@id":"https:\/\/www.demosmobilia.ch\/it\/#organization"},"potentialAction":[{"@type":"SearchAction","target":{"@type":"EntryPoint","urlTemplate":"https:\/\/www.demosmobilia.ch\/it\/?s={search_term_string}"},"query-input":{"@type":"PropertyValueSpecification","valueRequired":true,"valueName":"search_term_string"}}],"inLanguage":"it-IT"},{"@type":"Organization","@id":"https:\/\/www.demosmobilia.ch\/it\/#organization","name":"demosmobilia","url":"https:\/\/www.demosmobilia.ch\/it\/","logo":{"@type":"ImageObject","inLanguage":"it-IT","@id":"https:\/\/www.demosmobilia.ch\/it\/#\/schema\/logo\/image\/","url":"https:\/\/www.demosmobilia.ch\/wp-content\/uploads\/2020\/07\/demosmobilia-logo-2020-230-160.png","contentUrl":"https:\/\/www.demosmobilia.ch\/wp-content\/uploads\/2020\/07\/demosmobilia-logo-2020-230-160.png","width":230,"height":160,"caption":"demosmobilia"},"image":{"@id":"https:\/\/www.demosmobilia.ch\/it\/#\/schema\/logo\/image\/"},"sameAs":["https:\/\/www.facebook.com\/Demos-Mobilia-1137017453131445\/","https:\/\/www.instagram.com\/demosmobilia\/"]}]}},"_links":{"self":[{"href":"https:\/\/www.demosmobilia.ch\/it\/wp-json\/wp\/v2\/product\/86179","targetHints":{"allow":["GET"]}}],"collection":[{"href":"https:\/\/www.demosmobilia.ch\/it\/wp-json\/wp\/v2\/product"}],"about":[{"href":"https:\/\/www.demosmobilia.ch\/it\/wp-json\/wp\/v2\/types\/product"}],"wp:featuredmedia":[{"embeddable":true,"href":"https:\/\/www.demosmobilia.ch\/it\/wp-json\/wp\/v2\/media\/86159"}],"wp:attachment":[{"href":"https:\/\/www.demosmobilia.ch\/it\/wp-json\/wp\/v2\/media?parent=86179"}],"wp:term":[{"taxonomy":"product_cat","embeddable":true,"href":"https:\/\/www.demosmobilia.ch\/it\/wp-json\/wp\/v2\/product_cat?post=86179"},{"taxonomy":"product_tag","embeddable":true,"href":"https:\/\/www.demosmobilia.ch\/it\/wp-json\/wp\/v2\/product_tag?post=86179"}],"curies":[{"name":"wp","href":"https:\/\/api.w.org\/{rel}","templated":true}]}}