{"id":85755,"date":"2026-02-14T11:30:17","date_gmt":"2026-02-14T10:30:17","guid":{"rendered":"https:\/\/www.demosmobilia.ch\/product\/grande-divano-modello-cornaro-velluto-simon-originale\/"},"modified":"2026-02-14T11:30:17","modified_gmt":"2026-02-14T10:30:17","slug":"grande-divano-modello-cornaro-velluto-simon-originale","status":"publish","type":"product","link":"https:\/\/www.demosmobilia.ch\/it\/product\/grande-divano-modello-cornaro-velluto-simon-originale\/","title":{"rendered":"Grande divano modello Cornaro, velluto Simon originale"},"content":{"rendered":"<p data-start=\"159\" data-end=\"548\">Carlo Scarpa (1906\u20131978) \u00e8 uno dei pi\u00f9 innovativi architetti e designer italiani del Novecento. Conosciuto per la sua sensibilit\u00e0 poetica, il rigore costruttivo e l\u2019attenzione ai dettagli artigianali, Scarpa ha saputo fondere architettura, interior design e design del prodotto in opere che ancora oggi rappresentano un punto di riferimento per collezionisti e appassionati di design. <\/p>\n<p data-start=\"550\" data-end=\"988\">Durante la sua carriera, Scarpa ha collaborato con grandi nomi dell\u2019industria del design come Dino Gavina e Simon, dando vita a pezzi iconici capaci di coniugare innovazione tecnica e raffinata estetica. Tra questi spicca il divano Cornaro, prodotto nel 1969, nella versione grande a tre posti, tappezzato nel celebre e originale velluto Simon color oro, che rappresenta un esempio perfetto della sua capacit\u00e0 di armonizzare materiali, forme e funzionalit\u00e0. <\/p>\n<p data-start=\"990\" data-end=\"1376\">Il divano Cornaro grande tre posti \u00e8 caratterizzato da linee eleganti e proporzioni studiate, dove la struttura rigorosa dialoga con la morbidezza del velluto dorato, creando un pezzo scenografico e al tempo stesso confortevole. L\u2019uso del velluto originale Simon, materiale storico e iconico, conferisce al divano una presenza scenica immediata e un valore collezionistico significativo. <\/p>\n<p data-start=\"1378\" data-end=\"1715\">Questo modello incarna pienamente la poetica di Carlo Scarpa: una ricerca estetica profonda, il rispetto per l\u2019artigianato e un approccio visionario al design d\u2019interni. Inserito in qualsiasi contesto contemporaneo o storico, il divano Cornaro tre posti del 1969 diventa un vero protagonista dello spazio, fondendo eleganza, storia e funzionalit\u00e0 in un unico oggetto di design senza tempo. <\/p>\n","protected":false},"excerpt":{"rendered":"<p>Carlo Scarpa (1906\u20131978) \u00e8 uno dei pi\u00f9 innovativi architetti e designer italiani del Novecento. Conosciuto per la sua sensibilit\u00e0 poetica, il rigore costruttivo e l\u2019attenzione ai dettagli artigianali, Scarpa ha saputo fondere architettura, interior design e design del prodotto in opere che ancora oggi rappresentano un punto di riferimento per collezionisti e appassionati di design. Durante la sua carriera, Scarpa ha collaborato con grandi nomi dell\u2019industria del design come Dino Gavina e Simon, dando vita a pezzi iconici capaci di coniugare innovazione tecnica e raffinata estetica. Tra questi spicca il divano Cornaro, prodotto nel 1969, nella versione grande a tre posti, tappezzato nel celebre e<a class=\"more-link\" href=\"https:\/\/www.demosmobilia.ch\/it\/product\/grande-divano-modello-cornaro-velluto-simon-originale\/\">Leggi altro &rarr;<\/a><\/p>\n","protected":false},"featured_media":85715,"template":"","meta":{"_monsterinsights_skip_tracking":false,"_monsterinsights_sitenote_active":false,"_monsterinsights_sitenote_note":"","_monsterinsights_sitenote_category":0,"kk_blocks_editor_width":"","_kiokenblocks_attr":"","_kiokenblocks_dimensions":""},"product_cat":[4089,4162],"product_tag":[11923],"class_list":{"0":"entry","1":"author-demosmobilia","2":"post-85755","3":"product","4":"type-product","5":"status-publish","6":"has-post-thumbnail","7":"product_production-dino-gavina","8":"product_production-simon","9":"product_year-2501","10":"product_nation-italia-it","11":"product_cat-nuovi-arrivi","12":"product_cat-divani-e-divani-letto","13":"product_tag-scarpa-carlo-it","14":"pa_product_dimension-300-x-84-x-seduta-ht-44-x-totale-ht-65-cm","15":"pa_product_material-legno-di-iroko-rivestimento-velluto-simon-originale","17":"first","18":"instock","19":"shipping-taxable","20":"product-type-simple"},"yoast_head":"<!-- This site is optimized with the Yoast SEO plugin v24.0 - https:\/\/yoast.com\/wordpress\/plugins\/seo\/ -->\n<title>Grande divano modello Cornaro, velluto Simon originale &#8211; Demosmobilia<\/title>\n<meta name=\"robots\" content=\"index, follow, max-snippet:-1, max-image-preview:large, max-video-preview:-1\" \/>\n<link rel=\"canonical\" href=\"https:\/\/www.demosmobilia.ch\/it\/product\/grande-divano-modello-cornaro-velluto-simon-originale\/\" \/>\n<meta property=\"og:locale\" content=\"it_IT\" \/>\n<meta property=\"og:type\" content=\"article\" \/>\n<meta property=\"og:title\" content=\"Grande divano modello Cornaro, velluto Simon originale &#8211; Demosmobilia\" \/>\n<meta property=\"og:description\" content=\"Carlo Scarpa (1906\u20131978) \u00e8 uno dei pi\u00f9 innovativi architetti e designer italiani del Novecento. Conosciuto per la sua sensibilit\u00e0 poetica, il rigore costruttivo e l\u2019attenzione ai dettagli artigianali, Scarpa ha saputo fondere architettura, interior design e design del prodotto in opere che ancora oggi rappresentano un punto di riferimento per collezionisti e appassionati di design. Durante la sua carriera, Scarpa ha collaborato con grandi nomi dell\u2019industria del design come Dino Gavina e Simon, dando vita a pezzi iconici capaci di coniugare innovazione tecnica e raffinata estetica. Tra questi spicca il divano Cornaro, prodotto nel 1969, nella versione grande a tre posti, tappezzato nel celebre eLeggi altro &rarr;\" \/>\n<meta property=\"og:url\" content=\"https:\/\/www.demosmobilia.ch\/it\/product\/grande-divano-modello-cornaro-velluto-simon-originale\/\" \/>\n<meta property=\"og:site_name\" content=\"Demosmobilia\" \/>\n<meta property=\"article:publisher\" content=\"https:\/\/www.facebook.com\/Demos-Mobilia-1137017453131445\/\" \/>\n<meta property=\"og:image\" content=\"https:\/\/www.demosmobilia.ch\/wp-content\/uploads\/2026\/02\/carlo-scarpa-Cornaro-sofa-1973-Simon-DinoGavina-italian-design-01.jpg\" \/>\n\t<meta property=\"og:image:width\" content=\"1200\" \/>\n\t<meta property=\"og:image:height\" content=\"900\" \/>\n\t<meta property=\"og:image:type\" content=\"image\/jpeg\" \/>\n<meta name=\"twitter:card\" content=\"summary_large_image\" \/>\n<meta name=\"twitter:label1\" content=\"Tempo di lettura stimato\" \/>\n\t<meta name=\"twitter:data1\" content=\"1 minuto\" \/>\n<script type=\"application\/ld+json\" class=\"yoast-schema-graph\">{\"@context\":\"https:\/\/schema.org\",\"@graph\":[{\"@type\":\"WebPage\",\"@id\":\"https:\/\/www.demosmobilia.ch\/it\/product\/grande-divano-modello-cornaro-velluto-simon-originale\/\",\"url\":\"https:\/\/www.demosmobilia.ch\/it\/product\/grande-divano-modello-cornaro-velluto-simon-originale\/\",\"name\":\"Grande divano modello Cornaro, velluto Simon originale &#8211; Demosmobilia\",\"isPartOf\":{\"@id\":\"https:\/\/www.demosmobilia.ch\/it\/#website\"},\"primaryImageOfPage\":{\"@id\":\"https:\/\/www.demosmobilia.ch\/it\/product\/grande-divano-modello-cornaro-velluto-simon-originale\/#primaryimage\"},\"image\":{\"@id\":\"https:\/\/www.demosmobilia.ch\/it\/product\/grande-divano-modello-cornaro-velluto-simon-originale\/#primaryimage\"},\"thumbnailUrl\":\"https:\/\/www.demosmobilia.ch\/wp-content\/uploads\/2026\/02\/carlo-scarpa-Cornaro-sofa-1973-Simon-DinoGavina-italian-design-01.jpg\",\"datePublished\":\"2026-02-14T10:30:17+00:00\",\"dateModified\":\"2026-02-14T10:30:17+00:00\",\"breadcrumb\":{\"@id\":\"https:\/\/www.demosmobilia.ch\/it\/product\/grande-divano-modello-cornaro-velluto-simon-originale\/#breadcrumb\"},\"inLanguage\":\"it-IT\",\"potentialAction\":[{\"@type\":\"ReadAction\",\"target\":[\"https:\/\/www.demosmobilia.ch\/it\/product\/grande-divano-modello-cornaro-velluto-simon-originale\/\"]}]},{\"@type\":\"ImageObject\",\"inLanguage\":\"it-IT\",\"@id\":\"https:\/\/www.demosmobilia.ch\/it\/product\/grande-divano-modello-cornaro-velluto-simon-originale\/#primaryimage\",\"url\":\"https:\/\/www.demosmobilia.ch\/wp-content\/uploads\/2026\/02\/carlo-scarpa-Cornaro-sofa-1973-Simon-DinoGavina-italian-design-01.jpg\",\"contentUrl\":\"https:\/\/www.demosmobilia.ch\/wp-content\/uploads\/2026\/02\/carlo-scarpa-Cornaro-sofa-1973-Simon-DinoGavina-italian-design-01.jpg\",\"width\":1200,\"height\":900},{\"@type\":\"BreadcrumbList\",\"@id\":\"https:\/\/www.demosmobilia.ch\/it\/product\/grande-divano-modello-cornaro-velluto-simon-originale\/#breadcrumb\",\"itemListElement\":[{\"@type\":\"ListItem\",\"position\":1,\"name\":\"Home\",\"item\":\"https:\/\/www.demosmobilia.ch\/it\/\"},{\"@type\":\"ListItem\",\"position\":2,\"name\":\"Prodotti\",\"item\":\"https:\/\/www.demosmobilia.ch\/it\/shop\/\"},{\"@type\":\"ListItem\",\"position\":3,\"name\":\"Grande divano modello Cornaro, velluto Simon originale\"}]},{\"@type\":\"WebSite\",\"@id\":\"https:\/\/www.demosmobilia.ch\/it\/#website\",\"url\":\"https:\/\/www.demosmobilia.ch\/it\/\",\"name\":\"Demosmobilia\",\"description\":\"Vintage design forniture from the &#039;30s to the &#039;80s\",\"publisher\":{\"@id\":\"https:\/\/www.demosmobilia.ch\/it\/#organization\"},\"potentialAction\":[{\"@type\":\"SearchAction\",\"target\":{\"@type\":\"EntryPoint\",\"urlTemplate\":\"https:\/\/www.demosmobilia.ch\/it\/?s={search_term_string}\"},\"query-input\":{\"@type\":\"PropertyValueSpecification\",\"valueRequired\":true,\"valueName\":\"search_term_string\"}}],\"inLanguage\":\"it-IT\"},{\"@type\":\"Organization\",\"@id\":\"https:\/\/www.demosmobilia.ch\/it\/#organization\",\"name\":\"demosmobilia\",\"url\":\"https:\/\/www.demosmobilia.ch\/it\/\",\"logo\":{\"@type\":\"ImageObject\",\"inLanguage\":\"it-IT\",\"@id\":\"https:\/\/www.demosmobilia.ch\/it\/#\/schema\/logo\/image\/\",\"url\":\"https:\/\/www.demosmobilia.ch\/wp-content\/uploads\/2020\/07\/demosmobilia-logo-2020-230-160.png\",\"contentUrl\":\"https:\/\/www.demosmobilia.ch\/wp-content\/uploads\/2020\/07\/demosmobilia-logo-2020-230-160.png\",\"width\":230,\"height\":160,\"caption\":\"demosmobilia\"},\"image\":{\"@id\":\"https:\/\/www.demosmobilia.ch\/it\/#\/schema\/logo\/image\/\"},\"sameAs\":[\"https:\/\/www.facebook.com\/Demos-Mobilia-1137017453131445\/\",\"https:\/\/www.instagram.com\/demosmobilia\/\"]}]}<\/script>\n<!-- \/ Yoast SEO plugin. -->","yoast_head_json":{"title":"Grande divano modello Cornaro, velluto Simon originale &#8211; Demosmobilia","robots":{"index":"index","follow":"follow","max-snippet":"max-snippet:-1","max-image-preview":"max-image-preview:large","max-video-preview":"max-video-preview:-1"},"canonical":"https:\/\/www.demosmobilia.ch\/it\/product\/grande-divano-modello-cornaro-velluto-simon-originale\/","og_locale":"it_IT","og_type":"article","og_title":"Grande divano modello Cornaro, velluto Simon originale &#8211; Demosmobilia","og_description":"Carlo Scarpa (1906\u20131978) \u00e8 uno dei pi\u00f9 innovativi architetti e designer italiani del Novecento. Conosciuto per la sua sensibilit\u00e0 poetica, il rigore costruttivo e l\u2019attenzione ai dettagli artigianali, Scarpa ha saputo fondere architettura, interior design e design del prodotto in opere che ancora oggi rappresentano un punto di riferimento per collezionisti e appassionati di design. Durante la sua carriera, Scarpa ha collaborato con grandi nomi dell\u2019industria del design come Dino Gavina e Simon, dando vita a pezzi iconici capaci di coniugare innovazione tecnica e raffinata estetica. Tra questi spicca il divano Cornaro, prodotto nel 1969, nella versione grande a tre posti, tappezzato nel celebre eLeggi altro &rarr;","og_url":"https:\/\/www.demosmobilia.ch\/it\/product\/grande-divano-modello-cornaro-velluto-simon-originale\/","og_site_name":"Demosmobilia","article_publisher":"https:\/\/www.facebook.com\/Demos-Mobilia-1137017453131445\/","og_image":[{"width":1200,"height":900,"url":"https:\/\/www.demosmobilia.ch\/wp-content\/uploads\/2026\/02\/carlo-scarpa-Cornaro-sofa-1973-Simon-DinoGavina-italian-design-01.jpg","type":"image\/jpeg"}],"twitter_card":"summary_large_image","twitter_misc":{"Tempo di lettura stimato":"1 minuto"},"schema":{"@context":"https:\/\/schema.org","@graph":[{"@type":"WebPage","@id":"https:\/\/www.demosmobilia.ch\/it\/product\/grande-divano-modello-cornaro-velluto-simon-originale\/","url":"https:\/\/www.demosmobilia.ch\/it\/product\/grande-divano-modello-cornaro-velluto-simon-originale\/","name":"Grande divano modello Cornaro, velluto Simon originale &#8211; Demosmobilia","isPartOf":{"@id":"https:\/\/www.demosmobilia.ch\/it\/#website"},"primaryImageOfPage":{"@id":"https:\/\/www.demosmobilia.ch\/it\/product\/grande-divano-modello-cornaro-velluto-simon-originale\/#primaryimage"},"image":{"@id":"https:\/\/www.demosmobilia.ch\/it\/product\/grande-divano-modello-cornaro-velluto-simon-originale\/#primaryimage"},"thumbnailUrl":"https:\/\/www.demosmobilia.ch\/wp-content\/uploads\/2026\/02\/carlo-scarpa-Cornaro-sofa-1973-Simon-DinoGavina-italian-design-01.jpg","datePublished":"2026-02-14T10:30:17+00:00","dateModified":"2026-02-14T10:30:17+00:00","breadcrumb":{"@id":"https:\/\/www.demosmobilia.ch\/it\/product\/grande-divano-modello-cornaro-velluto-simon-originale\/#breadcrumb"},"inLanguage":"it-IT","potentialAction":[{"@type":"ReadAction","target":["https:\/\/www.demosmobilia.ch\/it\/product\/grande-divano-modello-cornaro-velluto-simon-originale\/"]}]},{"@type":"ImageObject","inLanguage":"it-IT","@id":"https:\/\/www.demosmobilia.ch\/it\/product\/grande-divano-modello-cornaro-velluto-simon-originale\/#primaryimage","url":"https:\/\/www.demosmobilia.ch\/wp-content\/uploads\/2026\/02\/carlo-scarpa-Cornaro-sofa-1973-Simon-DinoGavina-italian-design-01.jpg","contentUrl":"https:\/\/www.demosmobilia.ch\/wp-content\/uploads\/2026\/02\/carlo-scarpa-Cornaro-sofa-1973-Simon-DinoGavina-italian-design-01.jpg","width":1200,"height":900},{"@type":"BreadcrumbList","@id":"https:\/\/www.demosmobilia.ch\/it\/product\/grande-divano-modello-cornaro-velluto-simon-originale\/#breadcrumb","itemListElement":[{"@type":"ListItem","position":1,"name":"Home","item":"https:\/\/www.demosmobilia.ch\/it\/"},{"@type":"ListItem","position":2,"name":"Prodotti","item":"https:\/\/www.demosmobilia.ch\/it\/shop\/"},{"@type":"ListItem","position":3,"name":"Grande divano modello Cornaro, velluto Simon originale"}]},{"@type":"WebSite","@id":"https:\/\/www.demosmobilia.ch\/it\/#website","url":"https:\/\/www.demosmobilia.ch\/it\/","name":"Demosmobilia","description":"Vintage design forniture from the &#039;30s to the &#039;80s","publisher":{"@id":"https:\/\/www.demosmobilia.ch\/it\/#organization"},"potentialAction":[{"@type":"SearchAction","target":{"@type":"EntryPoint","urlTemplate":"https:\/\/www.demosmobilia.ch\/it\/?s={search_term_string}"},"query-input":{"@type":"PropertyValueSpecification","valueRequired":true,"valueName":"search_term_string"}}],"inLanguage":"it-IT"},{"@type":"Organization","@id":"https:\/\/www.demosmobilia.ch\/it\/#organization","name":"demosmobilia","url":"https:\/\/www.demosmobilia.ch\/it\/","logo":{"@type":"ImageObject","inLanguage":"it-IT","@id":"https:\/\/www.demosmobilia.ch\/it\/#\/schema\/logo\/image\/","url":"https:\/\/www.demosmobilia.ch\/wp-content\/uploads\/2020\/07\/demosmobilia-logo-2020-230-160.png","contentUrl":"https:\/\/www.demosmobilia.ch\/wp-content\/uploads\/2020\/07\/demosmobilia-logo-2020-230-160.png","width":230,"height":160,"caption":"demosmobilia"},"image":{"@id":"https:\/\/www.demosmobilia.ch\/it\/#\/schema\/logo\/image\/"},"sameAs":["https:\/\/www.facebook.com\/Demos-Mobilia-1137017453131445\/","https:\/\/www.instagram.com\/demosmobilia\/"]}]}},"_links":{"self":[{"href":"https:\/\/www.demosmobilia.ch\/it\/wp-json\/wp\/v2\/product\/85755","targetHints":{"allow":["GET"]}}],"collection":[{"href":"https:\/\/www.demosmobilia.ch\/it\/wp-json\/wp\/v2\/product"}],"about":[{"href":"https:\/\/www.demosmobilia.ch\/it\/wp-json\/wp\/v2\/types\/product"}],"wp:featuredmedia":[{"embeddable":true,"href":"https:\/\/www.demosmobilia.ch\/it\/wp-json\/wp\/v2\/media\/85715"}],"wp:attachment":[{"href":"https:\/\/www.demosmobilia.ch\/it\/wp-json\/wp\/v2\/media?parent=85755"}],"wp:term":[{"taxonomy":"product_cat","embeddable":true,"href":"https:\/\/www.demosmobilia.ch\/it\/wp-json\/wp\/v2\/product_cat?post=85755"},{"taxonomy":"product_tag","embeddable":true,"href":"https:\/\/www.demosmobilia.ch\/it\/wp-json\/wp\/v2\/product_tag?post=85755"}],"curies":[{"name":"wp","href":"https:\/\/api.w.org\/{rel}","templated":true}]}}