{"id":85487,"date":"2026-02-02T06:40:49","date_gmt":"2026-02-02T05:40:49","guid":{"rendered":"https:\/\/www.demosmobilia.ch\/product\/credenza-italiana-con-dettagli-asimmetrici-e-ante-scorrevoli\/"},"modified":"2026-02-03T13:40:36","modified_gmt":"2026-02-03T12:40:36","slug":"credenza-italiana-con-dettagli-asimmetrici-e-ante-scorrevoli","status":"publish","type":"product","link":"https:\/\/www.demosmobilia.ch\/it\/product\/credenza-italiana-con-dettagli-asimmetrici-e-ante-scorrevoli\/","title":{"rendered":"Credenza italiana con dettagli asimmetrici e ante scorrevoli"},"content":{"rendered":"<p data-start=\"210\" data-end=\"606\">Questo sideboard vintage di design italiano \u00e8 attribuito, per stile e caratteristiche costruttive, alla storica produzione di La Permanente Cant\u00f9, celebre laboratorio artigianale di Cant\u00f9 (Como) attivo soprattutto negli anni \u201950 e \u201960. Pur non avendo un designer confermato, il mobile riflette l\u2019eccellenza della manifattura canturina e la sperimentazione tipica del design mid-century italiano. <\/p>\n<p data-start=\"608\" data-end=\"955\">Il sideboard presenta dettagli architettonici asimmetrici e un audace laminato colorato, elementi distintivi dei pezzi sperimentali della scuola canturina, che univano funzionalit\u00e0, eleganza geometrica e innovazione dei materiali. Queste caratteristiche rendono il mobile un pezzo unico e molto ricercato dai collezionisti di design italiano vintage e mid-century modern. <\/p>\n<p data-start=\"957\" data-end=\"1287\">Sebbene l\u2019attribuzione a La Permanente Cant\u00f9 non sia confermata, la costruzione, i materiali e lo stile evidenziano una forte connessione con la tradizione artigianale e progettuale canturina, rendendo questo sideboard un esempio rappresentativo della creativit\u00e0 e dell\u2019innovazione del mobile italiano degli anni \u201950 e \u201960.<\/p>\n","protected":false},"excerpt":{"rendered":"<p>Questo sideboard vintage di design italiano \u00e8 attribuito, per stile e caratteristiche costruttive, alla storica produzione di La Permanente Cant\u00f9, celebre laboratorio artigianale di Cant\u00f9 (Como) attivo soprattutto negli anni \u201950 e \u201960. Pur non avendo un designer confermato, il mobile riflette l\u2019eccellenza della manifattura canturina e la sperimentazione tipica del design mid-century italiano. Il sideboard presenta dettagli architettonici asimmetrici e un audace laminato colorato, elementi distintivi dei pezzi sperimentali della scuola canturina, che univano funzionalit\u00e0, eleganza geometrica e innovazione dei materiali. Queste caratteristiche rendono il mobile un pezzo unico e molto ricercato dai collezionisti di design italiano vintage e mid-century modern. Sebbene l\u2019attribuzione a<a class=\"more-link\" href=\"https:\/\/www.demosmobilia.ch\/it\/product\/credenza-italiana-con-dettagli-asimmetrici-e-ante-scorrevoli\/\">Leggi altro &rarr;<\/a><\/p>\n","protected":false},"featured_media":85451,"template":"","meta":{"_monsterinsights_skip_tracking":false,"_monsterinsights_sitenote_active":false,"_monsterinsights_sitenote_note":"","_monsterinsights_sitenote_category":0,"kk_blocks_editor_width":"","_kiokenblocks_attr":"","_kiokenblocks_dimensions":""},"product_cat":[4176,4089],"product_tag":[],"class_list":{"0":"entry","1":"author-demosmobilia","2":"post-85487","3":"product","4":"type-product","5":"status-publish","6":"has-post-thumbnail","7":"product_production-la-permanente-cantu","8":"product_year-1950-approx","9":"product_nation-italia-it","10":"product_cat-credenze","11":"product_cat-nuovi-arrivi","12":"pa_product_dimension-151-x-43-5-x-ht-71-cm","14":"first","15":"instock","16":"shipping-taxable","17":"purchasable","18":"product-type-simple"},"yoast_head":"<!-- This site is optimized with the Yoast SEO plugin v24.0 - https:\/\/yoast.com\/wordpress\/plugins\/seo\/ -->\n<title>Credenza italiana con dettagli asimmetrici e ante scorrevoli &#8211; Demosmobilia<\/title>\n<meta name=\"robots\" content=\"index, follow, max-snippet:-1, max-image-preview:large, max-video-preview:-1\" \/>\n<link rel=\"canonical\" href=\"https:\/\/www.demosmobilia.ch\/it\/product\/credenza-italiana-con-dettagli-asimmetrici-e-ante-scorrevoli\/\" \/>\n<meta property=\"og:locale\" content=\"it_IT\" \/>\n<meta property=\"og:type\" content=\"article\" \/>\n<meta property=\"og:title\" content=\"Credenza italiana con dettagli asimmetrici e ante scorrevoli &#8211; Demosmobilia\" \/>\n<meta property=\"og:description\" content=\"Questo sideboard vintage di design italiano \u00e8 attribuito, per stile e caratteristiche costruttive, alla storica produzione di La Permanente Cant\u00f9, celebre laboratorio artigianale di Cant\u00f9 (Como) attivo soprattutto negli anni \u201950 e \u201960. Pur non avendo un designer confermato, il mobile riflette l\u2019eccellenza della manifattura canturina e la sperimentazione tipica del design mid-century italiano. Il sideboard presenta dettagli architettonici asimmetrici e un audace laminato colorato, elementi distintivi dei pezzi sperimentali della scuola canturina, che univano funzionalit\u00e0, eleganza geometrica e innovazione dei materiali. Queste caratteristiche rendono il mobile un pezzo unico e molto ricercato dai collezionisti di design italiano vintage e mid-century modern. Sebbene l\u2019attribuzione aLeggi altro &rarr;\" \/>\n<meta property=\"og:url\" content=\"https:\/\/www.demosmobilia.ch\/it\/product\/credenza-italiana-con-dettagli-asimmetrici-e-ante-scorrevoli\/\" \/>\n<meta property=\"og:site_name\" content=\"Demosmobilia\" \/>\n<meta property=\"article:publisher\" content=\"https:\/\/www.facebook.com\/Demos-Mobilia-1137017453131445\/\" \/>\n<meta property=\"article:modified_time\" content=\"2026-02-03T12:40:36+00:00\" \/>\n<meta property=\"og:image\" content=\"https:\/\/www.demosmobilia.ch\/wp-content\/uploads\/2026\/02\/sideborad-italian-design1950-la-permanente-cantu-01a.jpg\" \/>\n\t<meta property=\"og:image:width\" content=\"1200\" \/>\n\t<meta property=\"og:image:height\" content=\"900\" \/>\n\t<meta property=\"og:image:type\" content=\"image\/jpeg\" \/>\n<meta name=\"twitter:card\" content=\"summary_large_image\" \/>\n<meta name=\"twitter:label1\" content=\"Tempo di lettura stimato\" \/>\n\t<meta name=\"twitter:data1\" content=\"1 minuto\" \/>\n<script type=\"application\/ld+json\" class=\"yoast-schema-graph\">{\"@context\":\"https:\/\/schema.org\",\"@graph\":[{\"@type\":\"WebPage\",\"@id\":\"https:\/\/www.demosmobilia.ch\/it\/product\/credenza-italiana-con-dettagli-asimmetrici-e-ante-scorrevoli\/\",\"url\":\"https:\/\/www.demosmobilia.ch\/it\/product\/credenza-italiana-con-dettagli-asimmetrici-e-ante-scorrevoli\/\",\"name\":\"Credenza italiana con dettagli asimmetrici e ante scorrevoli &#8211; Demosmobilia\",\"isPartOf\":{\"@id\":\"https:\/\/www.demosmobilia.ch\/it\/#website\"},\"primaryImageOfPage\":{\"@id\":\"https:\/\/www.demosmobilia.ch\/it\/product\/credenza-italiana-con-dettagli-asimmetrici-e-ante-scorrevoli\/#primaryimage\"},\"image\":{\"@id\":\"https:\/\/www.demosmobilia.ch\/it\/product\/credenza-italiana-con-dettagli-asimmetrici-e-ante-scorrevoli\/#primaryimage\"},\"thumbnailUrl\":\"https:\/\/www.demosmobilia.ch\/wp-content\/uploads\/2026\/02\/sideborad-italian-design1950-la-permanente-cantu-01a.jpg\",\"datePublished\":\"2026-02-02T05:40:49+00:00\",\"dateModified\":\"2026-02-03T12:40:36+00:00\",\"breadcrumb\":{\"@id\":\"https:\/\/www.demosmobilia.ch\/it\/product\/credenza-italiana-con-dettagli-asimmetrici-e-ante-scorrevoli\/#breadcrumb\"},\"inLanguage\":\"it-IT\",\"potentialAction\":[{\"@type\":\"ReadAction\",\"target\":[\"https:\/\/www.demosmobilia.ch\/it\/product\/credenza-italiana-con-dettagli-asimmetrici-e-ante-scorrevoli\/\"]}]},{\"@type\":\"ImageObject\",\"inLanguage\":\"it-IT\",\"@id\":\"https:\/\/www.demosmobilia.ch\/it\/product\/credenza-italiana-con-dettagli-asimmetrici-e-ante-scorrevoli\/#primaryimage\",\"url\":\"https:\/\/www.demosmobilia.ch\/wp-content\/uploads\/2026\/02\/sideborad-italian-design1950-la-permanente-cantu-01a.jpg\",\"contentUrl\":\"https:\/\/www.demosmobilia.ch\/wp-content\/uploads\/2026\/02\/sideborad-italian-design1950-la-permanente-cantu-01a.jpg\",\"width\":1200,\"height\":900},{\"@type\":\"BreadcrumbList\",\"@id\":\"https:\/\/www.demosmobilia.ch\/it\/product\/credenza-italiana-con-dettagli-asimmetrici-e-ante-scorrevoli\/#breadcrumb\",\"itemListElement\":[{\"@type\":\"ListItem\",\"position\":1,\"name\":\"Home\",\"item\":\"https:\/\/www.demosmobilia.ch\/it\/\"},{\"@type\":\"ListItem\",\"position\":2,\"name\":\"Prodotti\",\"item\":\"https:\/\/www.demosmobilia.ch\/it\/shop\/\"},{\"@type\":\"ListItem\",\"position\":3,\"name\":\"Credenza italiana con dettagli asimmetrici e ante scorrevoli\"}]},{\"@type\":\"WebSite\",\"@id\":\"https:\/\/www.demosmobilia.ch\/it\/#website\",\"url\":\"https:\/\/www.demosmobilia.ch\/it\/\",\"name\":\"Demosmobilia\",\"description\":\"Vintage design forniture from the &#039;30s to the &#039;80s\",\"publisher\":{\"@id\":\"https:\/\/www.demosmobilia.ch\/it\/#organization\"},\"potentialAction\":[{\"@type\":\"SearchAction\",\"target\":{\"@type\":\"EntryPoint\",\"urlTemplate\":\"https:\/\/www.demosmobilia.ch\/it\/?s={search_term_string}\"},\"query-input\":{\"@type\":\"PropertyValueSpecification\",\"valueRequired\":true,\"valueName\":\"search_term_string\"}}],\"inLanguage\":\"it-IT\"},{\"@type\":\"Organization\",\"@id\":\"https:\/\/www.demosmobilia.ch\/it\/#organization\",\"name\":\"demosmobilia\",\"url\":\"https:\/\/www.demosmobilia.ch\/it\/\",\"logo\":{\"@type\":\"ImageObject\",\"inLanguage\":\"it-IT\",\"@id\":\"https:\/\/www.demosmobilia.ch\/it\/#\/schema\/logo\/image\/\",\"url\":\"https:\/\/www.demosmobilia.ch\/wp-content\/uploads\/2020\/07\/demosmobilia-logo-2020-230-160.png\",\"contentUrl\":\"https:\/\/www.demosmobilia.ch\/wp-content\/uploads\/2020\/07\/demosmobilia-logo-2020-230-160.png\",\"width\":230,\"height\":160,\"caption\":\"demosmobilia\"},\"image\":{\"@id\":\"https:\/\/www.demosmobilia.ch\/it\/#\/schema\/logo\/image\/\"},\"sameAs\":[\"https:\/\/www.facebook.com\/Demos-Mobilia-1137017453131445\/\",\"https:\/\/www.instagram.com\/demosmobilia\/\"]}]}<\/script>\n<!-- \/ Yoast SEO plugin. -->","yoast_head_json":{"title":"Credenza italiana con dettagli asimmetrici e ante scorrevoli &#8211; Demosmobilia","robots":{"index":"index","follow":"follow","max-snippet":"max-snippet:-1","max-image-preview":"max-image-preview:large","max-video-preview":"max-video-preview:-1"},"canonical":"https:\/\/www.demosmobilia.ch\/it\/product\/credenza-italiana-con-dettagli-asimmetrici-e-ante-scorrevoli\/","og_locale":"it_IT","og_type":"article","og_title":"Credenza italiana con dettagli asimmetrici e ante scorrevoli &#8211; Demosmobilia","og_description":"Questo sideboard vintage di design italiano \u00e8 attribuito, per stile e caratteristiche costruttive, alla storica produzione di La Permanente Cant\u00f9, celebre laboratorio artigianale di Cant\u00f9 (Como) attivo soprattutto negli anni \u201950 e \u201960. Pur non avendo un designer confermato, il mobile riflette l\u2019eccellenza della manifattura canturina e la sperimentazione tipica del design mid-century italiano. Il sideboard presenta dettagli architettonici asimmetrici e un audace laminato colorato, elementi distintivi dei pezzi sperimentali della scuola canturina, che univano funzionalit\u00e0, eleganza geometrica e innovazione dei materiali. Queste caratteristiche rendono il mobile un pezzo unico e molto ricercato dai collezionisti di design italiano vintage e mid-century modern. Sebbene l\u2019attribuzione aLeggi altro &rarr;","og_url":"https:\/\/www.demosmobilia.ch\/it\/product\/credenza-italiana-con-dettagli-asimmetrici-e-ante-scorrevoli\/","og_site_name":"Demosmobilia","article_publisher":"https:\/\/www.facebook.com\/Demos-Mobilia-1137017453131445\/","article_modified_time":"2026-02-03T12:40:36+00:00","og_image":[{"width":1200,"height":900,"url":"https:\/\/www.demosmobilia.ch\/wp-content\/uploads\/2026\/02\/sideborad-italian-design1950-la-permanente-cantu-01a.jpg","type":"image\/jpeg"}],"twitter_card":"summary_large_image","twitter_misc":{"Tempo di lettura stimato":"1 minuto"},"schema":{"@context":"https:\/\/schema.org","@graph":[{"@type":"WebPage","@id":"https:\/\/www.demosmobilia.ch\/it\/product\/credenza-italiana-con-dettagli-asimmetrici-e-ante-scorrevoli\/","url":"https:\/\/www.demosmobilia.ch\/it\/product\/credenza-italiana-con-dettagli-asimmetrici-e-ante-scorrevoli\/","name":"Credenza italiana con dettagli asimmetrici e ante scorrevoli &#8211; Demosmobilia","isPartOf":{"@id":"https:\/\/www.demosmobilia.ch\/it\/#website"},"primaryImageOfPage":{"@id":"https:\/\/www.demosmobilia.ch\/it\/product\/credenza-italiana-con-dettagli-asimmetrici-e-ante-scorrevoli\/#primaryimage"},"image":{"@id":"https:\/\/www.demosmobilia.ch\/it\/product\/credenza-italiana-con-dettagli-asimmetrici-e-ante-scorrevoli\/#primaryimage"},"thumbnailUrl":"https:\/\/www.demosmobilia.ch\/wp-content\/uploads\/2026\/02\/sideborad-italian-design1950-la-permanente-cantu-01a.jpg","datePublished":"2026-02-02T05:40:49+00:00","dateModified":"2026-02-03T12:40:36+00:00","breadcrumb":{"@id":"https:\/\/www.demosmobilia.ch\/it\/product\/credenza-italiana-con-dettagli-asimmetrici-e-ante-scorrevoli\/#breadcrumb"},"inLanguage":"it-IT","potentialAction":[{"@type":"ReadAction","target":["https:\/\/www.demosmobilia.ch\/it\/product\/credenza-italiana-con-dettagli-asimmetrici-e-ante-scorrevoli\/"]}]},{"@type":"ImageObject","inLanguage":"it-IT","@id":"https:\/\/www.demosmobilia.ch\/it\/product\/credenza-italiana-con-dettagli-asimmetrici-e-ante-scorrevoli\/#primaryimage","url":"https:\/\/www.demosmobilia.ch\/wp-content\/uploads\/2026\/02\/sideborad-italian-design1950-la-permanente-cantu-01a.jpg","contentUrl":"https:\/\/www.demosmobilia.ch\/wp-content\/uploads\/2026\/02\/sideborad-italian-design1950-la-permanente-cantu-01a.jpg","width":1200,"height":900},{"@type":"BreadcrumbList","@id":"https:\/\/www.demosmobilia.ch\/it\/product\/credenza-italiana-con-dettagli-asimmetrici-e-ante-scorrevoli\/#breadcrumb","itemListElement":[{"@type":"ListItem","position":1,"name":"Home","item":"https:\/\/www.demosmobilia.ch\/it\/"},{"@type":"ListItem","position":2,"name":"Prodotti","item":"https:\/\/www.demosmobilia.ch\/it\/shop\/"},{"@type":"ListItem","position":3,"name":"Credenza italiana con dettagli asimmetrici e ante scorrevoli"}]},{"@type":"WebSite","@id":"https:\/\/www.demosmobilia.ch\/it\/#website","url":"https:\/\/www.demosmobilia.ch\/it\/","name":"Demosmobilia","description":"Vintage design forniture from the &#039;30s to the &#039;80s","publisher":{"@id":"https:\/\/www.demosmobilia.ch\/it\/#organization"},"potentialAction":[{"@type":"SearchAction","target":{"@type":"EntryPoint","urlTemplate":"https:\/\/www.demosmobilia.ch\/it\/?s={search_term_string}"},"query-input":{"@type":"PropertyValueSpecification","valueRequired":true,"valueName":"search_term_string"}}],"inLanguage":"it-IT"},{"@type":"Organization","@id":"https:\/\/www.demosmobilia.ch\/it\/#organization","name":"demosmobilia","url":"https:\/\/www.demosmobilia.ch\/it\/","logo":{"@type":"ImageObject","inLanguage":"it-IT","@id":"https:\/\/www.demosmobilia.ch\/it\/#\/schema\/logo\/image\/","url":"https:\/\/www.demosmobilia.ch\/wp-content\/uploads\/2020\/07\/demosmobilia-logo-2020-230-160.png","contentUrl":"https:\/\/www.demosmobilia.ch\/wp-content\/uploads\/2020\/07\/demosmobilia-logo-2020-230-160.png","width":230,"height":160,"caption":"demosmobilia"},"image":{"@id":"https:\/\/www.demosmobilia.ch\/it\/#\/schema\/logo\/image\/"},"sameAs":["https:\/\/www.facebook.com\/Demos-Mobilia-1137017453131445\/","https:\/\/www.instagram.com\/demosmobilia\/"]}]}},"_links":{"self":[{"href":"https:\/\/www.demosmobilia.ch\/it\/wp-json\/wp\/v2\/product\/85487","targetHints":{"allow":["GET"]}}],"collection":[{"href":"https:\/\/www.demosmobilia.ch\/it\/wp-json\/wp\/v2\/product"}],"about":[{"href":"https:\/\/www.demosmobilia.ch\/it\/wp-json\/wp\/v2\/types\/product"}],"wp:featuredmedia":[{"embeddable":true,"href":"https:\/\/www.demosmobilia.ch\/it\/wp-json\/wp\/v2\/media\/85451"}],"wp:attachment":[{"href":"https:\/\/www.demosmobilia.ch\/it\/wp-json\/wp\/v2\/media?parent=85487"}],"wp:term":[{"taxonomy":"product_cat","embeddable":true,"href":"https:\/\/www.demosmobilia.ch\/it\/wp-json\/wp\/v2\/product_cat?post=85487"},{"taxonomy":"product_tag","embeddable":true,"href":"https:\/\/www.demosmobilia.ch\/it\/wp-json\/wp\/v2\/product_tag?post=85487"}],"curies":[{"name":"wp","href":"https:\/\/api.w.org\/{rel}","templated":true}]}}