{"id":85149,"date":"2026-02-24T08:45:42","date_gmt":"2026-02-24T07:45:42","guid":{"rendered":"https:\/\/www.demosmobilia.ch\/product\/due-lampade-da-tavolo-con-paralumi-in-paglia-di-vienna\/"},"modified":"2026-02-02T08:30:42","modified_gmt":"2026-02-02T07:30:42","slug":"due-lampade-da-tavolo-con-paralumi-in-paglia-di-vienna","status":"publish","type":"product","link":"https:\/\/www.demosmobilia.ch\/it\/product\/due-lampade-da-tavolo-con-paralumi-in-paglia-di-vienna\/","title":{"rendered":"Due lampade da tavolo con paralumi in paglia di Vienna"},"content":{"rendered":"<p>Josef Frank: Designer Austriaco-Svedese e Pioniere del Design Moderno<\/p>\n<p data-start=\"196\" data-end=\"566\">Josef Frank (1885\u20131967) \u00e8 stato un architetto e designer austro-svedese tra i pi\u00f9 influenti del XX secolo, noto per il suo approccio innovativo che univa funzionalit\u00e0, eleganza e colori audaci. La sua filosofia del design puntava su comfort e vivacit\u00e0, rompendo con il minimalismo rigido dell\u2019epoca e anticipando le tendenze del design moderno europeo. <\/p>\n<p data-start=\"568\" data-end=\"945\">Frank ha collaborato strettamente con la celebre azienda svedese Svenskt Tenn, fondata da Estrid Ericson, dove ha creato luci, lampade, mobili e tessuti decorativi. Le sue lampade, realizzate a mano in Svezia, combinano spesso metallo e vetro, riflettendo il suo stile unico caratterizzato da linee eleganti, motivi decorativi e un approccio innovativo alla luce e allo spazio. <\/p>\n<p data-start=\"947\" data-end=\"1278\">Le opere di Josef Frank hanno lasciato un\u2019impronta duratura nel mondo dell\u2019interior design e dell\u2019arredamento moderno, con creazioni ancora oggi molto apprezzate da collezionisti, designer e appassionati di illuminazione in tutto il mondo. Le sue lampade e i suoi mobili rappresentano il perfetto equilibrio tra funzionalit\u00e0, estetica e artigianalit\u00e0. <\/p>\n","protected":false},"excerpt":{"rendered":"<p>Josef Frank: Designer Austriaco-Svedese e Pioniere del Design Moderno Josef Frank (1885\u20131967) \u00e8 stato un architetto e designer austro-svedese tra i pi\u00f9 influenti del XX secolo, noto per il suo approccio innovativo che univa funzionalit\u00e0, eleganza e colori audaci. La sua filosofia del design puntava su comfort e vivacit\u00e0, rompendo con il minimalismo rigido dell\u2019epoca e anticipando le tendenze del design moderno europeo. Frank ha collaborato strettamente con la celebre azienda svedese Svenskt Tenn, fondata da Estrid Ericson, dove ha creato luci, lampade, mobili e tessuti decorativi. Le sue lampade, realizzate a mano in Svezia, combinano spesso metallo e vetro, riflettendo il suo stile unico<a class=\"more-link\" href=\"https:\/\/www.demosmobilia.ch\/it\/product\/due-lampade-da-tavolo-con-paralumi-in-paglia-di-vienna\/\">Leggi altro &rarr;<\/a><\/p>\n","protected":false},"featured_media":85125,"template":"","meta":{"_monsterinsights_skip_tracking":false,"_monsterinsights_sitenote_active":false,"_monsterinsights_sitenote_note":"","_monsterinsights_sitenote_category":0,"kk_blocks_editor_width":"","_kiokenblocks_attr":"","_kiokenblocks_dimensions":""},"product_cat":[4094,4089],"product_tag":[9615],"class_list":{"0":"entry","1":"author-demosmobilia","2":"post-85149","3":"product","4":"type-product","5":"status-publish","6":"has-post-thumbnail","7":"product_production-svenskt-tenn","8":"product_year-1950-approx","9":"product_nation-svezia","10":"product_cat-lampade-da-tavolo","11":"product_cat-nuovi-arrivi","12":"product_tag-frank-josef-it","13":"pa_product_dimension-13-x-20-x-ht-22-39-cm","14":"pa_product_material-ottone-paglia-di-vienna","16":"first","17":"outofstock","18":"shipping-taxable","19":"purchasable","20":"product-type-simple"},"yoast_head":"<!-- This site is optimized with the Yoast SEO plugin v24.0 - https:\/\/yoast.com\/wordpress\/plugins\/seo\/ -->\n<title>Due lampade da tavolo con paralumi in paglia di Vienna &#8211; Demosmobilia<\/title>\n<meta name=\"robots\" content=\"index, follow, max-snippet:-1, max-image-preview:large, max-video-preview:-1\" \/>\n<link rel=\"canonical\" href=\"https:\/\/www.demosmobilia.ch\/it\/product\/due-lampade-da-tavolo-con-paralumi-in-paglia-di-vienna\/\" \/>\n<meta property=\"og:locale\" content=\"it_IT\" \/>\n<meta property=\"og:type\" content=\"article\" \/>\n<meta property=\"og:title\" content=\"Due lampade da tavolo con paralumi in paglia di Vienna &#8211; Demosmobilia\" \/>\n<meta property=\"og:description\" content=\"Josef Frank: Designer Austriaco-Svedese e Pioniere del Design Moderno Josef Frank (1885\u20131967) \u00e8 stato un architetto e designer austro-svedese tra i pi\u00f9 influenti del XX secolo, noto per il suo approccio innovativo che univa funzionalit\u00e0, eleganza e colori audaci. La sua filosofia del design puntava su comfort e vivacit\u00e0, rompendo con il minimalismo rigido dell\u2019epoca e anticipando le tendenze del design moderno europeo. Frank ha collaborato strettamente con la celebre azienda svedese Svenskt Tenn, fondata da Estrid Ericson, dove ha creato luci, lampade, mobili e tessuti decorativi. Le sue lampade, realizzate a mano in Svezia, combinano spesso metallo e vetro, riflettendo il suo stile unicoLeggi altro &rarr;\" \/>\n<meta property=\"og:url\" content=\"https:\/\/www.demosmobilia.ch\/it\/product\/due-lampade-da-tavolo-con-paralumi-in-paglia-di-vienna\/\" \/>\n<meta property=\"og:site_name\" content=\"Demosmobilia\" \/>\n<meta property=\"article:publisher\" content=\"https:\/\/www.facebook.com\/Demos-Mobilia-1137017453131445\/\" \/>\n<meta property=\"article:modified_time\" content=\"2026-02-02T07:30:42+00:00\" \/>\n<meta property=\"og:image\" content=\"https:\/\/www.demosmobilia.ch\/wp-content\/uploads\/2026\/02\/josef-frank-abatjour-brass-straw-tablelamp-1950-01.jpg\" \/>\n\t<meta property=\"og:image:width\" content=\"1200\" \/>\n\t<meta property=\"og:image:height\" content=\"900\" \/>\n\t<meta property=\"og:image:type\" content=\"image\/jpeg\" \/>\n<meta name=\"twitter:card\" content=\"summary_large_image\" \/>\n<meta name=\"twitter:label1\" content=\"Tempo di lettura stimato\" \/>\n\t<meta name=\"twitter:data1\" content=\"1 minuto\" \/>\n<script type=\"application\/ld+json\" class=\"yoast-schema-graph\">{\"@context\":\"https:\/\/schema.org\",\"@graph\":[{\"@type\":\"WebPage\",\"@id\":\"https:\/\/www.demosmobilia.ch\/it\/product\/due-lampade-da-tavolo-con-paralumi-in-paglia-di-vienna\/\",\"url\":\"https:\/\/www.demosmobilia.ch\/it\/product\/due-lampade-da-tavolo-con-paralumi-in-paglia-di-vienna\/\",\"name\":\"Due lampade da tavolo con paralumi in paglia di Vienna &#8211; Demosmobilia\",\"isPartOf\":{\"@id\":\"https:\/\/www.demosmobilia.ch\/it\/#website\"},\"primaryImageOfPage\":{\"@id\":\"https:\/\/www.demosmobilia.ch\/it\/product\/due-lampade-da-tavolo-con-paralumi-in-paglia-di-vienna\/#primaryimage\"},\"image\":{\"@id\":\"https:\/\/www.demosmobilia.ch\/it\/product\/due-lampade-da-tavolo-con-paralumi-in-paglia-di-vienna\/#primaryimage\"},\"thumbnailUrl\":\"https:\/\/www.demosmobilia.ch\/wp-content\/uploads\/2026\/02\/josef-frank-abatjour-brass-straw-tablelamp-1950-01.jpg\",\"datePublished\":\"2026-02-24T07:45:42+00:00\",\"dateModified\":\"2026-02-02T07:30:42+00:00\",\"breadcrumb\":{\"@id\":\"https:\/\/www.demosmobilia.ch\/it\/product\/due-lampade-da-tavolo-con-paralumi-in-paglia-di-vienna\/#breadcrumb\"},\"inLanguage\":\"it-IT\",\"potentialAction\":[{\"@type\":\"ReadAction\",\"target\":[\"https:\/\/www.demosmobilia.ch\/it\/product\/due-lampade-da-tavolo-con-paralumi-in-paglia-di-vienna\/\"]}]},{\"@type\":\"ImageObject\",\"inLanguage\":\"it-IT\",\"@id\":\"https:\/\/www.demosmobilia.ch\/it\/product\/due-lampade-da-tavolo-con-paralumi-in-paglia-di-vienna\/#primaryimage\",\"url\":\"https:\/\/www.demosmobilia.ch\/wp-content\/uploads\/2026\/02\/josef-frank-abatjour-brass-straw-tablelamp-1950-01.jpg\",\"contentUrl\":\"https:\/\/www.demosmobilia.ch\/wp-content\/uploads\/2026\/02\/josef-frank-abatjour-brass-straw-tablelamp-1950-01.jpg\",\"width\":1200,\"height\":900},{\"@type\":\"BreadcrumbList\",\"@id\":\"https:\/\/www.demosmobilia.ch\/it\/product\/due-lampade-da-tavolo-con-paralumi-in-paglia-di-vienna\/#breadcrumb\",\"itemListElement\":[{\"@type\":\"ListItem\",\"position\":1,\"name\":\"Home\",\"item\":\"https:\/\/www.demosmobilia.ch\/it\/\"},{\"@type\":\"ListItem\",\"position\":2,\"name\":\"Prodotti\",\"item\":\"https:\/\/www.demosmobilia.ch\/it\/shop\/\"},{\"@type\":\"ListItem\",\"position\":3,\"name\":\"Due lampade da tavolo con paralumi in paglia di Vienna\"}]},{\"@type\":\"WebSite\",\"@id\":\"https:\/\/www.demosmobilia.ch\/it\/#website\",\"url\":\"https:\/\/www.demosmobilia.ch\/it\/\",\"name\":\"Demosmobilia\",\"description\":\"Vintage design forniture from the &#039;30s to the &#039;80s\",\"publisher\":{\"@id\":\"https:\/\/www.demosmobilia.ch\/it\/#organization\"},\"potentialAction\":[{\"@type\":\"SearchAction\",\"target\":{\"@type\":\"EntryPoint\",\"urlTemplate\":\"https:\/\/www.demosmobilia.ch\/it\/?s={search_term_string}\"},\"query-input\":{\"@type\":\"PropertyValueSpecification\",\"valueRequired\":true,\"valueName\":\"search_term_string\"}}],\"inLanguage\":\"it-IT\"},{\"@type\":\"Organization\",\"@id\":\"https:\/\/www.demosmobilia.ch\/it\/#organization\",\"name\":\"demosmobilia\",\"url\":\"https:\/\/www.demosmobilia.ch\/it\/\",\"logo\":{\"@type\":\"ImageObject\",\"inLanguage\":\"it-IT\",\"@id\":\"https:\/\/www.demosmobilia.ch\/it\/#\/schema\/logo\/image\/\",\"url\":\"https:\/\/www.demosmobilia.ch\/wp-content\/uploads\/2020\/07\/demosmobilia-logo-2020-230-160.png\",\"contentUrl\":\"https:\/\/www.demosmobilia.ch\/wp-content\/uploads\/2020\/07\/demosmobilia-logo-2020-230-160.png\",\"width\":230,\"height\":160,\"caption\":\"demosmobilia\"},\"image\":{\"@id\":\"https:\/\/www.demosmobilia.ch\/it\/#\/schema\/logo\/image\/\"},\"sameAs\":[\"https:\/\/www.facebook.com\/Demos-Mobilia-1137017453131445\/\",\"https:\/\/www.instagram.com\/demosmobilia\/\"]}]}<\/script>\n<!-- \/ Yoast SEO plugin. -->","yoast_head_json":{"title":"Due lampade da tavolo con paralumi in paglia di Vienna &#8211; Demosmobilia","robots":{"index":"index","follow":"follow","max-snippet":"max-snippet:-1","max-image-preview":"max-image-preview:large","max-video-preview":"max-video-preview:-1"},"canonical":"https:\/\/www.demosmobilia.ch\/it\/product\/due-lampade-da-tavolo-con-paralumi-in-paglia-di-vienna\/","og_locale":"it_IT","og_type":"article","og_title":"Due lampade da tavolo con paralumi in paglia di Vienna &#8211; Demosmobilia","og_description":"Josef Frank: Designer Austriaco-Svedese e Pioniere del Design Moderno Josef Frank (1885\u20131967) \u00e8 stato un architetto e designer austro-svedese tra i pi\u00f9 influenti del XX secolo, noto per il suo approccio innovativo che univa funzionalit\u00e0, eleganza e colori audaci. La sua filosofia del design puntava su comfort e vivacit\u00e0, rompendo con il minimalismo rigido dell\u2019epoca e anticipando le tendenze del design moderno europeo. Frank ha collaborato strettamente con la celebre azienda svedese Svenskt Tenn, fondata da Estrid Ericson, dove ha creato luci, lampade, mobili e tessuti decorativi. Le sue lampade, realizzate a mano in Svezia, combinano spesso metallo e vetro, riflettendo il suo stile unicoLeggi altro &rarr;","og_url":"https:\/\/www.demosmobilia.ch\/it\/product\/due-lampade-da-tavolo-con-paralumi-in-paglia-di-vienna\/","og_site_name":"Demosmobilia","article_publisher":"https:\/\/www.facebook.com\/Demos-Mobilia-1137017453131445\/","article_modified_time":"2026-02-02T07:30:42+00:00","og_image":[{"width":1200,"height":900,"url":"https:\/\/www.demosmobilia.ch\/wp-content\/uploads\/2026\/02\/josef-frank-abatjour-brass-straw-tablelamp-1950-01.jpg","type":"image\/jpeg"}],"twitter_card":"summary_large_image","twitter_misc":{"Tempo di lettura stimato":"1 minuto"},"schema":{"@context":"https:\/\/schema.org","@graph":[{"@type":"WebPage","@id":"https:\/\/www.demosmobilia.ch\/it\/product\/due-lampade-da-tavolo-con-paralumi-in-paglia-di-vienna\/","url":"https:\/\/www.demosmobilia.ch\/it\/product\/due-lampade-da-tavolo-con-paralumi-in-paglia-di-vienna\/","name":"Due lampade da tavolo con paralumi in paglia di Vienna &#8211; Demosmobilia","isPartOf":{"@id":"https:\/\/www.demosmobilia.ch\/it\/#website"},"primaryImageOfPage":{"@id":"https:\/\/www.demosmobilia.ch\/it\/product\/due-lampade-da-tavolo-con-paralumi-in-paglia-di-vienna\/#primaryimage"},"image":{"@id":"https:\/\/www.demosmobilia.ch\/it\/product\/due-lampade-da-tavolo-con-paralumi-in-paglia-di-vienna\/#primaryimage"},"thumbnailUrl":"https:\/\/www.demosmobilia.ch\/wp-content\/uploads\/2026\/02\/josef-frank-abatjour-brass-straw-tablelamp-1950-01.jpg","datePublished":"2026-02-24T07:45:42+00:00","dateModified":"2026-02-02T07:30:42+00:00","breadcrumb":{"@id":"https:\/\/www.demosmobilia.ch\/it\/product\/due-lampade-da-tavolo-con-paralumi-in-paglia-di-vienna\/#breadcrumb"},"inLanguage":"it-IT","potentialAction":[{"@type":"ReadAction","target":["https:\/\/www.demosmobilia.ch\/it\/product\/due-lampade-da-tavolo-con-paralumi-in-paglia-di-vienna\/"]}]},{"@type":"ImageObject","inLanguage":"it-IT","@id":"https:\/\/www.demosmobilia.ch\/it\/product\/due-lampade-da-tavolo-con-paralumi-in-paglia-di-vienna\/#primaryimage","url":"https:\/\/www.demosmobilia.ch\/wp-content\/uploads\/2026\/02\/josef-frank-abatjour-brass-straw-tablelamp-1950-01.jpg","contentUrl":"https:\/\/www.demosmobilia.ch\/wp-content\/uploads\/2026\/02\/josef-frank-abatjour-brass-straw-tablelamp-1950-01.jpg","width":1200,"height":900},{"@type":"BreadcrumbList","@id":"https:\/\/www.demosmobilia.ch\/it\/product\/due-lampade-da-tavolo-con-paralumi-in-paglia-di-vienna\/#breadcrumb","itemListElement":[{"@type":"ListItem","position":1,"name":"Home","item":"https:\/\/www.demosmobilia.ch\/it\/"},{"@type":"ListItem","position":2,"name":"Prodotti","item":"https:\/\/www.demosmobilia.ch\/it\/shop\/"},{"@type":"ListItem","position":3,"name":"Due lampade da tavolo con paralumi in paglia di Vienna"}]},{"@type":"WebSite","@id":"https:\/\/www.demosmobilia.ch\/it\/#website","url":"https:\/\/www.demosmobilia.ch\/it\/","name":"Demosmobilia","description":"Vintage design forniture from the &#039;30s to the &#039;80s","publisher":{"@id":"https:\/\/www.demosmobilia.ch\/it\/#organization"},"potentialAction":[{"@type":"SearchAction","target":{"@type":"EntryPoint","urlTemplate":"https:\/\/www.demosmobilia.ch\/it\/?s={search_term_string}"},"query-input":{"@type":"PropertyValueSpecification","valueRequired":true,"valueName":"search_term_string"}}],"inLanguage":"it-IT"},{"@type":"Organization","@id":"https:\/\/www.demosmobilia.ch\/it\/#organization","name":"demosmobilia","url":"https:\/\/www.demosmobilia.ch\/it\/","logo":{"@type":"ImageObject","inLanguage":"it-IT","@id":"https:\/\/www.demosmobilia.ch\/it\/#\/schema\/logo\/image\/","url":"https:\/\/www.demosmobilia.ch\/wp-content\/uploads\/2020\/07\/demosmobilia-logo-2020-230-160.png","contentUrl":"https:\/\/www.demosmobilia.ch\/wp-content\/uploads\/2020\/07\/demosmobilia-logo-2020-230-160.png","width":230,"height":160,"caption":"demosmobilia"},"image":{"@id":"https:\/\/www.demosmobilia.ch\/it\/#\/schema\/logo\/image\/"},"sameAs":["https:\/\/www.facebook.com\/Demos-Mobilia-1137017453131445\/","https:\/\/www.instagram.com\/demosmobilia\/"]}]}},"_links":{"self":[{"href":"https:\/\/www.demosmobilia.ch\/it\/wp-json\/wp\/v2\/product\/85149","targetHints":{"allow":["GET"]}}],"collection":[{"href":"https:\/\/www.demosmobilia.ch\/it\/wp-json\/wp\/v2\/product"}],"about":[{"href":"https:\/\/www.demosmobilia.ch\/it\/wp-json\/wp\/v2\/types\/product"}],"wp:featuredmedia":[{"embeddable":true,"href":"https:\/\/www.demosmobilia.ch\/it\/wp-json\/wp\/v2\/media\/85125"}],"wp:attachment":[{"href":"https:\/\/www.demosmobilia.ch\/it\/wp-json\/wp\/v2\/media?parent=85149"}],"wp:term":[{"taxonomy":"product_cat","embeddable":true,"href":"https:\/\/www.demosmobilia.ch\/it\/wp-json\/wp\/v2\/product_cat?post=85149"},{"taxonomy":"product_tag","embeddable":true,"href":"https:\/\/www.demosmobilia.ch\/it\/wp-json\/wp\/v2\/product_tag?post=85149"}],"curies":[{"name":"wp","href":"https:\/\/api.w.org\/{rel}","templated":true}]}}