{"id":85093,"date":"2026-03-16T09:30:42","date_gmt":"2026-03-16T08:30:42","guid":{"rendered":"https:\/\/www.demosmobilia.ch\/product\/cassettiera-su-4-ruote-modello-cm24\/"},"modified":"2026-02-02T09:30:42","modified_gmt":"2026-02-02T08:30:42","slug":"cassettiera-su-4-ruote-modello-cm24","status":"publish","type":"product","link":"https:\/\/www.demosmobilia.ch\/it\/product\/cassettiera-su-4-ruote-modello-cm24\/","title":{"rendered":"Cassettiera su 4 ruote modello CM24"},"content":{"rendered":"<p>Bibliografia: I. de Guttry, M. P. Maino, Il mobile italiano degli anni &#8217;40 e &#8217;50, Laterza, 1992, p. 79<\/p>\n<p data-start=\"144\" data-end=\"845\">Franco Albini: Architetto e Designer Italiano Iconico<br data-start=\"200\" data-end=\"203\">Franco Albini (1905-1977) \u00e8 stato uno dei pi\u00f9 influenti architetti e designer italiani del XX secolo. Celebre per il suo approccio innovativo al design industriale e all\u2019architettura moderna, Albini ha saputo combinare funzionalit\u00e0 ed eleganza, creando opere senza tempo. Tra i suoi progetti pi\u00f9 famosi ci sono il divano \u201cMargherita\u201d, il sistema di sedute \u201cLuisa\u201d e importanti interventi architettonici in citt\u00e0 come Milano e Torino. Albini \u00e8 anche apprezzato per il uso accurato dei materiali locali e per la sua capacit\u00e0 di trovare un equilibrio tra modernismo e tradizione. Il suo lavoro continua a ispirare generazioni di architetti e designer italiani e internazionali.    <\/p>\n<p>Negli anni \u201950 e \u201960, Franco Albini ha collaborato con Poggi, azienda storica italiana specializzata in arredamento di alta qualit\u00e0, progettando mobili e complementi d\u2019arredo innovativi che univano design elegante e funzionalit\u00e0. Le sue creazioni per Poggi, tra cui sedie, tavoli e sistemi modulari, sono oggi estremamente rare e ricercate dai collezionisti di design, simbolo di eccellenza artigianale e innovazione formale. Questi pezzi unici hanno contribuito a consolidare il prestigio del marchio Poggi nel panorama del design italiano e internazionale.<\/p>\n","protected":false},"excerpt":{"rendered":"<p>Bibliografia: I. de Guttry, M. P. Maino, Il mobile italiano degli anni &#8217;40 e &#8217;50, Laterza, 1992, p. 79 Franco Albini: Architetto e Designer Italiano IconicoFranco Albini (1905-1977) \u00e8 stato uno dei pi\u00f9 influenti architetti e designer italiani del XX secolo. Celebre per il suo approccio innovativo al design industriale e all\u2019architettura moderna, Albini ha saputo combinare funzionalit\u00e0 ed eleganza, creando opere senza tempo. Tra i suoi progetti pi\u00f9 famosi ci sono il divano \u201cMargherita\u201d, il sistema di sedute \u201cLuisa\u201d e importanti interventi architettonici in citt\u00e0 come Milano e Torino. Albini \u00e8 anche apprezzato per il uso accurato dei materiali locali e per la sua<a class=\"more-link\" href=\"https:\/\/www.demosmobilia.ch\/it\/product\/cassettiera-su-4-ruote-modello-cm24\/\">Leggi altro &rarr;<\/a><\/p>\n","protected":false},"featured_media":85028,"template":"","meta":{"_monsterinsights_skip_tracking":false,"_monsterinsights_sitenote_active":false,"_monsterinsights_sitenote_note":"","_monsterinsights_sitenote_category":0,"kk_blocks_editor_width":"","_kiokenblocks_attr":"","_kiokenblocks_dimensions":""},"product_cat":[4174,4089],"product_tag":[6534],"class_list":{"0":"entry","1":"author-demosmobilia","2":"post-85093","3":"product","4":"type-product","5":"status-publish","6":"has-post-thumbnail","7":"product_production-poggi","8":"product_year-2405","9":"product_nation-italia-it","10":"product_cat-cassettiere","11":"product_cat-nuovi-arrivi","12":"product_tag-albini-franco-it","13":"pa_product_dimension-46-x-66-x-altezza-del-piano-565-x-altezza-totale-725-cm","14":"pa_product_material-mogano-ottone","16":"first","17":"outofstock","18":"shipping-taxable","19":"purchasable","20":"product-type-simple"},"yoast_head":"<!-- This site is optimized with the Yoast SEO plugin v24.0 - https:\/\/yoast.com\/wordpress\/plugins\/seo\/ -->\n<title>Cassettiera su 4 ruote modello CM24 &#8211; Demosmobilia<\/title>\n<meta name=\"robots\" content=\"index, follow, max-snippet:-1, max-image-preview:large, max-video-preview:-1\" \/>\n<link rel=\"canonical\" href=\"https:\/\/www.demosmobilia.ch\/it\/product\/cassettiera-su-4-ruote-modello-cm24\/\" \/>\n<meta property=\"og:locale\" content=\"it_IT\" \/>\n<meta property=\"og:type\" content=\"article\" \/>\n<meta property=\"og:title\" content=\"Cassettiera su 4 ruote modello CM24 &#8211; Demosmobilia\" \/>\n<meta property=\"og:description\" content=\"Bibliografia: I. de Guttry, M. P. Maino, Il mobile italiano degli anni &#8217;40 e &#8217;50, Laterza, 1992, p. 79 Franco Albini: Architetto e Designer Italiano IconicoFranco Albini (1905-1977) \u00e8 stato uno dei pi\u00f9 influenti architetti e designer italiani del XX secolo. Celebre per il suo approccio innovativo al design industriale e all\u2019architettura moderna, Albini ha saputo combinare funzionalit\u00e0 ed eleganza, creando opere senza tempo. Tra i suoi progetti pi\u00f9 famosi ci sono il divano \u201cMargherita\u201d, il sistema di sedute \u201cLuisa\u201d e importanti interventi architettonici in citt\u00e0 come Milano e Torino. Albini \u00e8 anche apprezzato per il uso accurato dei materiali locali e per la suaLeggi altro &rarr;\" \/>\n<meta property=\"og:url\" content=\"https:\/\/www.demosmobilia.ch\/it\/product\/cassettiera-su-4-ruote-modello-cm24\/\" \/>\n<meta property=\"og:site_name\" content=\"Demosmobilia\" \/>\n<meta property=\"article:publisher\" content=\"https:\/\/www.facebook.com\/Demos-Mobilia-1137017453131445\/\" \/>\n<meta property=\"article:modified_time\" content=\"2026-02-02T08:30:42+00:00\" \/>\n<meta property=\"og:image\" content=\"https:\/\/www.demosmobilia.ch\/wp-content\/uploads\/2026\/02\/franco-albini-poggi-drawers-CM24-1950-italian-design-01.jpg\" \/>\n\t<meta property=\"og:image:width\" content=\"1200\" \/>\n\t<meta property=\"og:image:height\" content=\"900\" \/>\n\t<meta property=\"og:image:type\" content=\"image\/jpeg\" \/>\n<meta name=\"twitter:card\" content=\"summary_large_image\" \/>\n<meta name=\"twitter:label1\" content=\"Tempo di lettura stimato\" \/>\n\t<meta name=\"twitter:data1\" content=\"1 minuto\" \/>\n<script type=\"application\/ld+json\" class=\"yoast-schema-graph\">{\"@context\":\"https:\/\/schema.org\",\"@graph\":[{\"@type\":\"WebPage\",\"@id\":\"https:\/\/www.demosmobilia.ch\/it\/product\/cassettiera-su-4-ruote-modello-cm24\/\",\"url\":\"https:\/\/www.demosmobilia.ch\/it\/product\/cassettiera-su-4-ruote-modello-cm24\/\",\"name\":\"Cassettiera su 4 ruote modello CM24 &#8211; Demosmobilia\",\"isPartOf\":{\"@id\":\"https:\/\/www.demosmobilia.ch\/it\/#website\"},\"primaryImageOfPage\":{\"@id\":\"https:\/\/www.demosmobilia.ch\/it\/product\/cassettiera-su-4-ruote-modello-cm24\/#primaryimage\"},\"image\":{\"@id\":\"https:\/\/www.demosmobilia.ch\/it\/product\/cassettiera-su-4-ruote-modello-cm24\/#primaryimage\"},\"thumbnailUrl\":\"https:\/\/www.demosmobilia.ch\/wp-content\/uploads\/2026\/02\/franco-albini-poggi-drawers-CM24-1950-italian-design-01.jpg\",\"datePublished\":\"2026-03-16T08:30:42+00:00\",\"dateModified\":\"2026-02-02T08:30:42+00:00\",\"breadcrumb\":{\"@id\":\"https:\/\/www.demosmobilia.ch\/it\/product\/cassettiera-su-4-ruote-modello-cm24\/#breadcrumb\"},\"inLanguage\":\"it-IT\",\"potentialAction\":[{\"@type\":\"ReadAction\",\"target\":[\"https:\/\/www.demosmobilia.ch\/it\/product\/cassettiera-su-4-ruote-modello-cm24\/\"]}]},{\"@type\":\"ImageObject\",\"inLanguage\":\"it-IT\",\"@id\":\"https:\/\/www.demosmobilia.ch\/it\/product\/cassettiera-su-4-ruote-modello-cm24\/#primaryimage\",\"url\":\"https:\/\/www.demosmobilia.ch\/wp-content\/uploads\/2026\/02\/franco-albini-poggi-drawers-CM24-1950-italian-design-01.jpg\",\"contentUrl\":\"https:\/\/www.demosmobilia.ch\/wp-content\/uploads\/2026\/02\/franco-albini-poggi-drawers-CM24-1950-italian-design-01.jpg\",\"width\":1200,\"height\":900},{\"@type\":\"BreadcrumbList\",\"@id\":\"https:\/\/www.demosmobilia.ch\/it\/product\/cassettiera-su-4-ruote-modello-cm24\/#breadcrumb\",\"itemListElement\":[{\"@type\":\"ListItem\",\"position\":1,\"name\":\"Home\",\"item\":\"https:\/\/www.demosmobilia.ch\/it\/\"},{\"@type\":\"ListItem\",\"position\":2,\"name\":\"Prodotti\",\"item\":\"https:\/\/www.demosmobilia.ch\/it\/shop\/\"},{\"@type\":\"ListItem\",\"position\":3,\"name\":\"Cassettiera su 4 ruote modello CM24\"}]},{\"@type\":\"WebSite\",\"@id\":\"https:\/\/www.demosmobilia.ch\/it\/#website\",\"url\":\"https:\/\/www.demosmobilia.ch\/it\/\",\"name\":\"Demosmobilia\",\"description\":\"Vintage design forniture from the &#039;30s to the &#039;80s\",\"publisher\":{\"@id\":\"https:\/\/www.demosmobilia.ch\/it\/#organization\"},\"potentialAction\":[{\"@type\":\"SearchAction\",\"target\":{\"@type\":\"EntryPoint\",\"urlTemplate\":\"https:\/\/www.demosmobilia.ch\/it\/?s={search_term_string}\"},\"query-input\":{\"@type\":\"PropertyValueSpecification\",\"valueRequired\":true,\"valueName\":\"search_term_string\"}}],\"inLanguage\":\"it-IT\"},{\"@type\":\"Organization\",\"@id\":\"https:\/\/www.demosmobilia.ch\/it\/#organization\",\"name\":\"demosmobilia\",\"url\":\"https:\/\/www.demosmobilia.ch\/it\/\",\"logo\":{\"@type\":\"ImageObject\",\"inLanguage\":\"it-IT\",\"@id\":\"https:\/\/www.demosmobilia.ch\/it\/#\/schema\/logo\/image\/\",\"url\":\"https:\/\/www.demosmobilia.ch\/wp-content\/uploads\/2020\/07\/demosmobilia-logo-2020-230-160.png\",\"contentUrl\":\"https:\/\/www.demosmobilia.ch\/wp-content\/uploads\/2020\/07\/demosmobilia-logo-2020-230-160.png\",\"width\":230,\"height\":160,\"caption\":\"demosmobilia\"},\"image\":{\"@id\":\"https:\/\/www.demosmobilia.ch\/it\/#\/schema\/logo\/image\/\"},\"sameAs\":[\"https:\/\/www.facebook.com\/Demos-Mobilia-1137017453131445\/\",\"https:\/\/www.instagram.com\/demosmobilia\/\"]}]}<\/script>\n<!-- \/ Yoast SEO plugin. -->","yoast_head_json":{"title":"Cassettiera su 4 ruote modello CM24 &#8211; Demosmobilia","robots":{"index":"index","follow":"follow","max-snippet":"max-snippet:-1","max-image-preview":"max-image-preview:large","max-video-preview":"max-video-preview:-1"},"canonical":"https:\/\/www.demosmobilia.ch\/it\/product\/cassettiera-su-4-ruote-modello-cm24\/","og_locale":"it_IT","og_type":"article","og_title":"Cassettiera su 4 ruote modello CM24 &#8211; Demosmobilia","og_description":"Bibliografia: I. de Guttry, M. P. Maino, Il mobile italiano degli anni &#8217;40 e &#8217;50, Laterza, 1992, p. 79 Franco Albini: Architetto e Designer Italiano IconicoFranco Albini (1905-1977) \u00e8 stato uno dei pi\u00f9 influenti architetti e designer italiani del XX secolo. Celebre per il suo approccio innovativo al design industriale e all\u2019architettura moderna, Albini ha saputo combinare funzionalit\u00e0 ed eleganza, creando opere senza tempo. Tra i suoi progetti pi\u00f9 famosi ci sono il divano \u201cMargherita\u201d, il sistema di sedute \u201cLuisa\u201d e importanti interventi architettonici in citt\u00e0 come Milano e Torino. Albini \u00e8 anche apprezzato per il uso accurato dei materiali locali e per la suaLeggi altro &rarr;","og_url":"https:\/\/www.demosmobilia.ch\/it\/product\/cassettiera-su-4-ruote-modello-cm24\/","og_site_name":"Demosmobilia","article_publisher":"https:\/\/www.facebook.com\/Demos-Mobilia-1137017453131445\/","article_modified_time":"2026-02-02T08:30:42+00:00","og_image":[{"width":1200,"height":900,"url":"https:\/\/www.demosmobilia.ch\/wp-content\/uploads\/2026\/02\/franco-albini-poggi-drawers-CM24-1950-italian-design-01.jpg","type":"image\/jpeg"}],"twitter_card":"summary_large_image","twitter_misc":{"Tempo di lettura stimato":"1 minuto"},"schema":{"@context":"https:\/\/schema.org","@graph":[{"@type":"WebPage","@id":"https:\/\/www.demosmobilia.ch\/it\/product\/cassettiera-su-4-ruote-modello-cm24\/","url":"https:\/\/www.demosmobilia.ch\/it\/product\/cassettiera-su-4-ruote-modello-cm24\/","name":"Cassettiera su 4 ruote modello CM24 &#8211; Demosmobilia","isPartOf":{"@id":"https:\/\/www.demosmobilia.ch\/it\/#website"},"primaryImageOfPage":{"@id":"https:\/\/www.demosmobilia.ch\/it\/product\/cassettiera-su-4-ruote-modello-cm24\/#primaryimage"},"image":{"@id":"https:\/\/www.demosmobilia.ch\/it\/product\/cassettiera-su-4-ruote-modello-cm24\/#primaryimage"},"thumbnailUrl":"https:\/\/www.demosmobilia.ch\/wp-content\/uploads\/2026\/02\/franco-albini-poggi-drawers-CM24-1950-italian-design-01.jpg","datePublished":"2026-03-16T08:30:42+00:00","dateModified":"2026-02-02T08:30:42+00:00","breadcrumb":{"@id":"https:\/\/www.demosmobilia.ch\/it\/product\/cassettiera-su-4-ruote-modello-cm24\/#breadcrumb"},"inLanguage":"it-IT","potentialAction":[{"@type":"ReadAction","target":["https:\/\/www.demosmobilia.ch\/it\/product\/cassettiera-su-4-ruote-modello-cm24\/"]}]},{"@type":"ImageObject","inLanguage":"it-IT","@id":"https:\/\/www.demosmobilia.ch\/it\/product\/cassettiera-su-4-ruote-modello-cm24\/#primaryimage","url":"https:\/\/www.demosmobilia.ch\/wp-content\/uploads\/2026\/02\/franco-albini-poggi-drawers-CM24-1950-italian-design-01.jpg","contentUrl":"https:\/\/www.demosmobilia.ch\/wp-content\/uploads\/2026\/02\/franco-albini-poggi-drawers-CM24-1950-italian-design-01.jpg","width":1200,"height":900},{"@type":"BreadcrumbList","@id":"https:\/\/www.demosmobilia.ch\/it\/product\/cassettiera-su-4-ruote-modello-cm24\/#breadcrumb","itemListElement":[{"@type":"ListItem","position":1,"name":"Home","item":"https:\/\/www.demosmobilia.ch\/it\/"},{"@type":"ListItem","position":2,"name":"Prodotti","item":"https:\/\/www.demosmobilia.ch\/it\/shop\/"},{"@type":"ListItem","position":3,"name":"Cassettiera su 4 ruote modello CM24"}]},{"@type":"WebSite","@id":"https:\/\/www.demosmobilia.ch\/it\/#website","url":"https:\/\/www.demosmobilia.ch\/it\/","name":"Demosmobilia","description":"Vintage design forniture from the &#039;30s to the &#039;80s","publisher":{"@id":"https:\/\/www.demosmobilia.ch\/it\/#organization"},"potentialAction":[{"@type":"SearchAction","target":{"@type":"EntryPoint","urlTemplate":"https:\/\/www.demosmobilia.ch\/it\/?s={search_term_string}"},"query-input":{"@type":"PropertyValueSpecification","valueRequired":true,"valueName":"search_term_string"}}],"inLanguage":"it-IT"},{"@type":"Organization","@id":"https:\/\/www.demosmobilia.ch\/it\/#organization","name":"demosmobilia","url":"https:\/\/www.demosmobilia.ch\/it\/","logo":{"@type":"ImageObject","inLanguage":"it-IT","@id":"https:\/\/www.demosmobilia.ch\/it\/#\/schema\/logo\/image\/","url":"https:\/\/www.demosmobilia.ch\/wp-content\/uploads\/2020\/07\/demosmobilia-logo-2020-230-160.png","contentUrl":"https:\/\/www.demosmobilia.ch\/wp-content\/uploads\/2020\/07\/demosmobilia-logo-2020-230-160.png","width":230,"height":160,"caption":"demosmobilia"},"image":{"@id":"https:\/\/www.demosmobilia.ch\/it\/#\/schema\/logo\/image\/"},"sameAs":["https:\/\/www.facebook.com\/Demos-Mobilia-1137017453131445\/","https:\/\/www.instagram.com\/demosmobilia\/"]}]}},"_links":{"self":[{"href":"https:\/\/www.demosmobilia.ch\/it\/wp-json\/wp\/v2\/product\/85093","targetHints":{"allow":["GET"]}}],"collection":[{"href":"https:\/\/www.demosmobilia.ch\/it\/wp-json\/wp\/v2\/product"}],"about":[{"href":"https:\/\/www.demosmobilia.ch\/it\/wp-json\/wp\/v2\/types\/product"}],"wp:featuredmedia":[{"embeddable":true,"href":"https:\/\/www.demosmobilia.ch\/it\/wp-json\/wp\/v2\/media\/85028"}],"wp:attachment":[{"href":"https:\/\/www.demosmobilia.ch\/it\/wp-json\/wp\/v2\/media?parent=85093"}],"wp:term":[{"taxonomy":"product_cat","embeddable":true,"href":"https:\/\/www.demosmobilia.ch\/it\/wp-json\/wp\/v2\/product_cat?post=85093"},{"taxonomy":"product_tag","embeddable":true,"href":"https:\/\/www.demosmobilia.ch\/it\/wp-json\/wp\/v2\/product_tag?post=85093"}],"curies":[{"name":"wp","href":"https:\/\/api.w.org\/{rel}","templated":true}]}}