{"id":84760,"date":"2025-12-18T10:30:00","date_gmt":"2025-12-18T09:30:00","guid":{"rendered":"https:\/\/www.demosmobilia.ch\/product\/divano-a-due-posti-con-schienale-capitone-in-velluto-rosa-antico\/"},"modified":"2025-12-18T10:30:00","modified_gmt":"2025-12-18T09:30:00","slug":"divano-a-due-posti-con-schienale-capitone-in-velluto-rosa-antico","status":"publish","type":"product","link":"https:\/\/www.demosmobilia.ch\/it\/product\/divano-a-due-posti-con-schienale-capitone-in-velluto-rosa-antico\/","title":{"rendered":"Divano a due posti con schienale capiton\u00e8 in velluto rosa antico"},"content":{"rendered":"<p>Gio Ponti (Milano, 1891\u20131979) \u00e8 stato uno degli architetti e designer italiani pi\u00f9 influenti del dopoguerra. Figura centrale dell&#8217;architettura e del design moderni, Ponti ha promosso una visione in cui creativit\u00e0, artigianato e innovazione definivano l&#8217;identit\u00e0 culturale italiana.<br \/>Gio Ponti si \u00e8 laureato in architettura al Politecnico di Milano nel 1921 e si \u00e8 rapidamente affermato come designer di spicco. Nel 1923 partecip\u00f2 alla Biennale di Monza delle Arti Decorative e inizi\u00f2 a collaborare con Richard Ginori, dando forma a un nuovo linguaggio per il design ceramico moderno. Nel 1925 vinse il Grand Prix all&#8217;Esposizione di Parigi e fond\u00f2 la rivista Domus, che divenne una delle pubblicazioni internazionali pi\u00f9 influenti nel campo dell&#8217;architettura e del design.<br \/>Durante gli anni &#8217;30, Ponti ha svolto un ruolo chiave nell&#8217;organizzazione della Triennale di Milano e ha ampliato il suo lavoro in diversi campi, progettando sedie, illuminazione, mobili e oggetti per la casa. Ha anche insegnato alla Facolt\u00e0 di Architettura del Politecnico di Milano, influenzando generazioni di architetti e designer.<br \/>Negli anni &#8217;50, Gio Ponti realizz\u00f2 alcuni dei suoi progetti architettonici pi\u00f9 iconici, tra cui il palazzo degli uffici di Montecatini e la Torre Pirelli, confermando la sua eredit\u00e0 di maestro del modernismo italiano e del design del dopoguerra.<\/p>\n","protected":false},"excerpt":{"rendered":"<p>Gio Ponti (Milano, 1891\u20131979) \u00e8 stato uno degli architetti e designer italiani pi\u00f9 influenti del dopoguerra. Figura centrale dell&#8217;architettura e del design moderni, Ponti ha promosso una visione in cui creativit\u00e0, artigianato e innovazione definivano l&#8217;identit\u00e0 culturale italiana.Gio Ponti si \u00e8 laureato in architettura al Politecnico di Milano nel 1921 e si \u00e8 rapidamente affermato come designer di spicco. Nel 1923 partecip\u00f2 alla Biennale di Monza delle Arti Decorative e inizi\u00f2 a collaborare con Richard Ginori, dando forma a un nuovo linguaggio per il design ceramico moderno. Nel 1925 vinse il Grand Prix all&#8217;Esposizione di Parigi e fond\u00f2 la rivista Domus, che divenne una delle<a class=\"more-link\" href=\"https:\/\/www.demosmobilia.ch\/it\/product\/divano-a-due-posti-con-schienale-capitone-in-velluto-rosa-antico\/\">Leggi altro &rarr;<\/a><\/p>\n","protected":false},"featured_media":84764,"template":"","meta":{"_monsterinsights_skip_tracking":false,"_monsterinsights_sitenote_active":false,"_monsterinsights_sitenote_note":"","_monsterinsights_sitenote_category":0,"kk_blocks_editor_width":"","_kiokenblocks_attr":"","_kiokenblocks_dimensions":""},"product_cat":[4089,4162],"product_tag":[6469],"class_list":{"0":"entry","1":"author-demosmobilia","2":"post-84760","3":"product","4":"type-product","5":"status-publish","6":"has-post-thumbnail","7":"product_year-3383","8":"product_nation-italia-it","9":"product_cat-nuovi-arrivi","10":"product_cat-divani-e-divani-letto","11":"product_tag-ponti-gio-it","12":"pa_product_dimension-150-x-75-x-sedutaht-40-x-totale-ht-80-cm","13":"pa_product_material-velluto-mohair-rivestimento-mogano","15":"first","16":"instock","17":"featured","18":"shipping-taxable","19":"product-type-simple"},"yoast_head":"<!-- This site is optimized with the Yoast SEO plugin v24.0 - https:\/\/yoast.com\/wordpress\/plugins\/seo\/ -->\n<title>Divano a due posti con schienale capiton\u00e8 in velluto rosa antico &#8211; Demosmobilia<\/title>\n<meta name=\"robots\" content=\"index, follow, max-snippet:-1, max-image-preview:large, max-video-preview:-1\" \/>\n<link rel=\"canonical\" href=\"https:\/\/www.demosmobilia.ch\/it\/product\/divano-a-due-posti-con-schienale-capitone-in-velluto-rosa-antico\/\" \/>\n<meta property=\"og:locale\" content=\"it_IT\" \/>\n<meta property=\"og:type\" content=\"article\" \/>\n<meta property=\"og:title\" content=\"Divano a due posti con schienale capiton\u00e8 in velluto rosa antico &#8211; Demosmobilia\" \/>\n<meta property=\"og:description\" content=\"Gio Ponti (Milano, 1891\u20131979) \u00e8 stato uno degli architetti e designer italiani pi\u00f9 influenti del dopoguerra. Figura centrale dell&#8217;architettura e del design moderni, Ponti ha promosso una visione in cui creativit\u00e0, artigianato e innovazione definivano l&#8217;identit\u00e0 culturale italiana.Gio Ponti si \u00e8 laureato in architettura al Politecnico di Milano nel 1921 e si \u00e8 rapidamente affermato come designer di spicco. Nel 1923 partecip\u00f2 alla Biennale di Monza delle Arti Decorative e inizi\u00f2 a collaborare con Richard Ginori, dando forma a un nuovo linguaggio per il design ceramico moderno. Nel 1925 vinse il Grand Prix all&#8217;Esposizione di Parigi e fond\u00f2 la rivista Domus, che divenne una delleLeggi altro &rarr;\" \/>\n<meta property=\"og:url\" content=\"https:\/\/www.demosmobilia.ch\/it\/product\/divano-a-due-posti-con-schienale-capitone-in-velluto-rosa-antico\/\" \/>\n<meta property=\"og:site_name\" content=\"Demosmobilia\" \/>\n<meta property=\"article:publisher\" content=\"https:\/\/www.facebook.com\/Demos-Mobilia-1137017453131445\/\" \/>\n<meta property=\"og:image\" content=\"https:\/\/www.demosmobilia.ch\/wp-content\/uploads\/2025\/12\/gio-ponti-love-seta-sofa-1950-rose-velvet-01.jpg\" \/>\n\t<meta property=\"og:image:width\" content=\"1200\" \/>\n\t<meta property=\"og:image:height\" content=\"900\" \/>\n\t<meta property=\"og:image:type\" content=\"image\/jpeg\" \/>\n<meta name=\"twitter:card\" content=\"summary_large_image\" \/>\n<meta name=\"twitter:label1\" content=\"Tempo di lettura stimato\" \/>\n\t<meta name=\"twitter:data1\" content=\"1 minuto\" \/>\n<script type=\"application\/ld+json\" class=\"yoast-schema-graph\">{\"@context\":\"https:\/\/schema.org\",\"@graph\":[{\"@type\":\"WebPage\",\"@id\":\"https:\/\/www.demosmobilia.ch\/it\/product\/divano-a-due-posti-con-schienale-capitone-in-velluto-rosa-antico\/\",\"url\":\"https:\/\/www.demosmobilia.ch\/it\/product\/divano-a-due-posti-con-schienale-capitone-in-velluto-rosa-antico\/\",\"name\":\"Divano a due posti con schienale capiton\u00e8 in velluto rosa antico &#8211; Demosmobilia\",\"isPartOf\":{\"@id\":\"https:\/\/www.demosmobilia.ch\/it\/#website\"},\"primaryImageOfPage\":{\"@id\":\"https:\/\/www.demosmobilia.ch\/it\/product\/divano-a-due-posti-con-schienale-capitone-in-velluto-rosa-antico\/#primaryimage\"},\"image\":{\"@id\":\"https:\/\/www.demosmobilia.ch\/it\/product\/divano-a-due-posti-con-schienale-capitone-in-velluto-rosa-antico\/#primaryimage\"},\"thumbnailUrl\":\"https:\/\/www.demosmobilia.ch\/wp-content\/uploads\/2025\/12\/gio-ponti-love-seta-sofa-1950-rose-velvet-01-1.jpg\",\"datePublished\":\"2025-12-18T09:30:00+00:00\",\"dateModified\":\"2025-12-18T09:30:00+00:00\",\"breadcrumb\":{\"@id\":\"https:\/\/www.demosmobilia.ch\/it\/product\/divano-a-due-posti-con-schienale-capitone-in-velluto-rosa-antico\/#breadcrumb\"},\"inLanguage\":\"it-IT\",\"potentialAction\":[{\"@type\":\"ReadAction\",\"target\":[\"https:\/\/www.demosmobilia.ch\/it\/product\/divano-a-due-posti-con-schienale-capitone-in-velluto-rosa-antico\/\"]}]},{\"@type\":\"ImageObject\",\"inLanguage\":\"it-IT\",\"@id\":\"https:\/\/www.demosmobilia.ch\/it\/product\/divano-a-due-posti-con-schienale-capitone-in-velluto-rosa-antico\/#primaryimage\",\"url\":\"https:\/\/www.demosmobilia.ch\/wp-content\/uploads\/2025\/12\/gio-ponti-love-seta-sofa-1950-rose-velvet-01-1.jpg\",\"contentUrl\":\"https:\/\/www.demosmobilia.ch\/wp-content\/uploads\/2025\/12\/gio-ponti-love-seta-sofa-1950-rose-velvet-01-1.jpg\",\"width\":1200,\"height\":900},{\"@type\":\"BreadcrumbList\",\"@id\":\"https:\/\/www.demosmobilia.ch\/it\/product\/divano-a-due-posti-con-schienale-capitone-in-velluto-rosa-antico\/#breadcrumb\",\"itemListElement\":[{\"@type\":\"ListItem\",\"position\":1,\"name\":\"Home\",\"item\":\"https:\/\/www.demosmobilia.ch\/it\/\"},{\"@type\":\"ListItem\",\"position\":2,\"name\":\"Prodotti\",\"item\":\"https:\/\/www.demosmobilia.ch\/it\/shop\/\"},{\"@type\":\"ListItem\",\"position\":3,\"name\":\"Divano a due posti con schienale capiton\u00e8 in velluto rosa antico\"}]},{\"@type\":\"WebSite\",\"@id\":\"https:\/\/www.demosmobilia.ch\/it\/#website\",\"url\":\"https:\/\/www.demosmobilia.ch\/it\/\",\"name\":\"Demosmobilia\",\"description\":\"Vintage design forniture from the &#039;30s to the &#039;80s\",\"publisher\":{\"@id\":\"https:\/\/www.demosmobilia.ch\/it\/#organization\"},\"potentialAction\":[{\"@type\":\"SearchAction\",\"target\":{\"@type\":\"EntryPoint\",\"urlTemplate\":\"https:\/\/www.demosmobilia.ch\/it\/?s={search_term_string}\"},\"query-input\":{\"@type\":\"PropertyValueSpecification\",\"valueRequired\":true,\"valueName\":\"search_term_string\"}}],\"inLanguage\":\"it-IT\"},{\"@type\":\"Organization\",\"@id\":\"https:\/\/www.demosmobilia.ch\/it\/#organization\",\"name\":\"demosmobilia\",\"url\":\"https:\/\/www.demosmobilia.ch\/it\/\",\"logo\":{\"@type\":\"ImageObject\",\"inLanguage\":\"it-IT\",\"@id\":\"https:\/\/www.demosmobilia.ch\/it\/#\/schema\/logo\/image\/\",\"url\":\"https:\/\/www.demosmobilia.ch\/wp-content\/uploads\/2020\/07\/demosmobilia-logo-2020-230-160.png\",\"contentUrl\":\"https:\/\/www.demosmobilia.ch\/wp-content\/uploads\/2020\/07\/demosmobilia-logo-2020-230-160.png\",\"width\":230,\"height\":160,\"caption\":\"demosmobilia\"},\"image\":{\"@id\":\"https:\/\/www.demosmobilia.ch\/it\/#\/schema\/logo\/image\/\"},\"sameAs\":[\"https:\/\/www.facebook.com\/Demos-Mobilia-1137017453131445\/\",\"https:\/\/www.instagram.com\/demosmobilia\/\"]}]}<\/script>\n<!-- \/ Yoast SEO plugin. -->","yoast_head_json":{"title":"Divano a due posti con schienale capiton\u00e8 in velluto rosa antico &#8211; Demosmobilia","robots":{"index":"index","follow":"follow","max-snippet":"max-snippet:-1","max-image-preview":"max-image-preview:large","max-video-preview":"max-video-preview:-1"},"canonical":"https:\/\/www.demosmobilia.ch\/it\/product\/divano-a-due-posti-con-schienale-capitone-in-velluto-rosa-antico\/","og_locale":"it_IT","og_type":"article","og_title":"Divano a due posti con schienale capiton\u00e8 in velluto rosa antico &#8211; Demosmobilia","og_description":"Gio Ponti (Milano, 1891\u20131979) \u00e8 stato uno degli architetti e designer italiani pi\u00f9 influenti del dopoguerra. Figura centrale dell&#8217;architettura e del design moderni, Ponti ha promosso una visione in cui creativit\u00e0, artigianato e innovazione definivano l&#8217;identit\u00e0 culturale italiana.Gio Ponti si \u00e8 laureato in architettura al Politecnico di Milano nel 1921 e si \u00e8 rapidamente affermato come designer di spicco. Nel 1923 partecip\u00f2 alla Biennale di Monza delle Arti Decorative e inizi\u00f2 a collaborare con Richard Ginori, dando forma a un nuovo linguaggio per il design ceramico moderno. Nel 1925 vinse il Grand Prix all&#8217;Esposizione di Parigi e fond\u00f2 la rivista Domus, che divenne una delleLeggi altro &rarr;","og_url":"https:\/\/www.demosmobilia.ch\/it\/product\/divano-a-due-posti-con-schienale-capitone-in-velluto-rosa-antico\/","og_site_name":"Demosmobilia","article_publisher":"https:\/\/www.facebook.com\/Demos-Mobilia-1137017453131445\/","og_image":[{"width":1200,"height":900,"url":"https:\/\/www.demosmobilia.ch\/wp-content\/uploads\/2025\/12\/gio-ponti-love-seta-sofa-1950-rose-velvet-01.jpg","type":"image\/jpeg"}],"twitter_card":"summary_large_image","twitter_misc":{"Tempo di lettura stimato":"1 minuto"},"schema":{"@context":"https:\/\/schema.org","@graph":[{"@type":"WebPage","@id":"https:\/\/www.demosmobilia.ch\/it\/product\/divano-a-due-posti-con-schienale-capitone-in-velluto-rosa-antico\/","url":"https:\/\/www.demosmobilia.ch\/it\/product\/divano-a-due-posti-con-schienale-capitone-in-velluto-rosa-antico\/","name":"Divano a due posti con schienale capiton\u00e8 in velluto rosa antico &#8211; Demosmobilia","isPartOf":{"@id":"https:\/\/www.demosmobilia.ch\/it\/#website"},"primaryImageOfPage":{"@id":"https:\/\/www.demosmobilia.ch\/it\/product\/divano-a-due-posti-con-schienale-capitone-in-velluto-rosa-antico\/#primaryimage"},"image":{"@id":"https:\/\/www.demosmobilia.ch\/it\/product\/divano-a-due-posti-con-schienale-capitone-in-velluto-rosa-antico\/#primaryimage"},"thumbnailUrl":"https:\/\/www.demosmobilia.ch\/wp-content\/uploads\/2025\/12\/gio-ponti-love-seta-sofa-1950-rose-velvet-01-1.jpg","datePublished":"2025-12-18T09:30:00+00:00","dateModified":"2025-12-18T09:30:00+00:00","breadcrumb":{"@id":"https:\/\/www.demosmobilia.ch\/it\/product\/divano-a-due-posti-con-schienale-capitone-in-velluto-rosa-antico\/#breadcrumb"},"inLanguage":"it-IT","potentialAction":[{"@type":"ReadAction","target":["https:\/\/www.demosmobilia.ch\/it\/product\/divano-a-due-posti-con-schienale-capitone-in-velluto-rosa-antico\/"]}]},{"@type":"ImageObject","inLanguage":"it-IT","@id":"https:\/\/www.demosmobilia.ch\/it\/product\/divano-a-due-posti-con-schienale-capitone-in-velluto-rosa-antico\/#primaryimage","url":"https:\/\/www.demosmobilia.ch\/wp-content\/uploads\/2025\/12\/gio-ponti-love-seta-sofa-1950-rose-velvet-01-1.jpg","contentUrl":"https:\/\/www.demosmobilia.ch\/wp-content\/uploads\/2025\/12\/gio-ponti-love-seta-sofa-1950-rose-velvet-01-1.jpg","width":1200,"height":900},{"@type":"BreadcrumbList","@id":"https:\/\/www.demosmobilia.ch\/it\/product\/divano-a-due-posti-con-schienale-capitone-in-velluto-rosa-antico\/#breadcrumb","itemListElement":[{"@type":"ListItem","position":1,"name":"Home","item":"https:\/\/www.demosmobilia.ch\/it\/"},{"@type":"ListItem","position":2,"name":"Prodotti","item":"https:\/\/www.demosmobilia.ch\/it\/shop\/"},{"@type":"ListItem","position":3,"name":"Divano a due posti con schienale capiton\u00e8 in velluto rosa antico"}]},{"@type":"WebSite","@id":"https:\/\/www.demosmobilia.ch\/it\/#website","url":"https:\/\/www.demosmobilia.ch\/it\/","name":"Demosmobilia","description":"Vintage design forniture from the &#039;30s to the &#039;80s","publisher":{"@id":"https:\/\/www.demosmobilia.ch\/it\/#organization"},"potentialAction":[{"@type":"SearchAction","target":{"@type":"EntryPoint","urlTemplate":"https:\/\/www.demosmobilia.ch\/it\/?s={search_term_string}"},"query-input":{"@type":"PropertyValueSpecification","valueRequired":true,"valueName":"search_term_string"}}],"inLanguage":"it-IT"},{"@type":"Organization","@id":"https:\/\/www.demosmobilia.ch\/it\/#organization","name":"demosmobilia","url":"https:\/\/www.demosmobilia.ch\/it\/","logo":{"@type":"ImageObject","inLanguage":"it-IT","@id":"https:\/\/www.demosmobilia.ch\/it\/#\/schema\/logo\/image\/","url":"https:\/\/www.demosmobilia.ch\/wp-content\/uploads\/2020\/07\/demosmobilia-logo-2020-230-160.png","contentUrl":"https:\/\/www.demosmobilia.ch\/wp-content\/uploads\/2020\/07\/demosmobilia-logo-2020-230-160.png","width":230,"height":160,"caption":"demosmobilia"},"image":{"@id":"https:\/\/www.demosmobilia.ch\/it\/#\/schema\/logo\/image\/"},"sameAs":["https:\/\/www.facebook.com\/Demos-Mobilia-1137017453131445\/","https:\/\/www.instagram.com\/demosmobilia\/"]}]}},"_links":{"self":[{"href":"https:\/\/www.demosmobilia.ch\/it\/wp-json\/wp\/v2\/product\/84760","targetHints":{"allow":["GET"]}}],"collection":[{"href":"https:\/\/www.demosmobilia.ch\/it\/wp-json\/wp\/v2\/product"}],"about":[{"href":"https:\/\/www.demosmobilia.ch\/it\/wp-json\/wp\/v2\/types\/product"}],"wp:featuredmedia":[{"embeddable":true,"href":"https:\/\/www.demosmobilia.ch\/it\/wp-json\/wp\/v2\/media\/84764"}],"wp:attachment":[{"href":"https:\/\/www.demosmobilia.ch\/it\/wp-json\/wp\/v2\/media?parent=84760"}],"wp:term":[{"taxonomy":"product_cat","embeddable":true,"href":"https:\/\/www.demosmobilia.ch\/it\/wp-json\/wp\/v2\/product_cat?post=84760"},{"taxonomy":"product_tag","embeddable":true,"href":"https:\/\/www.demosmobilia.ch\/it\/wp-json\/wp\/v2\/product_tag?post=84760"}],"curies":[{"name":"wp","href":"https:\/\/api.w.org\/{rel}","templated":true}]}}