{"id":84689,"date":"2026-01-15T08:30:39","date_gmt":"2026-01-15T07:30:39","guid":{"rendered":"https:\/\/www.demosmobilia.ch\/product\/sgabello-curvo\/"},"modified":"2026-01-11T21:11:39","modified_gmt":"2026-01-11T20:11:39","slug":"sgabello-curvo","status":"publish","type":"product","link":"https:\/\/www.demosmobilia.ch\/it\/product\/sgabello-curvo\/","title":{"rendered":"Sgabello curvo"},"content":{"rendered":"<p data-start=\"91\" data-end=\"426\">Mobili Pizzetti ha svolto un ruolo significativo nel design italiano di mobili, producendo arredi di alta qualit\u00e0 che combinavano artigianalit\u00e0, funzionalit\u00e0 ed estetica moderna. Attiva principalmente nella met\u00e0 del XX secolo, l&#8217;azienda si \u00e8 concentrata su una produzione raffinata, lavorando con materiali accuratamente selezionati e forme pulite ed equilibrate.<br \/>La produzione di design di Mobili Pizzetti riflette una forte attenzione alle proporzioni, ai dettagli e all&#8217;usabilit\u00e0, in linea con l&#8217;evoluzione degli interni italiani moderni. Attraverso un approccio misurato e funzionale, Mobili Pizzetti ha contribuito allo sviluppo del design italiano di mobili senza tempo, apprezzato per la sua durata e l&#8217;eleganza sobria.  <\/p>\n","protected":false},"excerpt":{"rendered":"<p>Mobili Pizzetti ha svolto un ruolo significativo nel design italiano di mobili, producendo arredi di alta qualit\u00e0 che combinavano artigianalit\u00e0, funzionalit\u00e0 ed estetica moderna. Attiva principalmente nella met\u00e0 del XX secolo, l&#8217;azienda si \u00e8 concentrata su una produzione raffinata, lavorando con materiali accuratamente selezionati e forme pulite ed equilibrate.La produzione di design di Mobili Pizzetti riflette una forte attenzione alle proporzioni, ai dettagli e all&#8217;usabilit\u00e0, in linea con l&#8217;evoluzione degli interni italiani moderni. Attraverso un approccio misurato e funzionale, Mobili Pizzetti ha contribuito allo sviluppo del design italiano di mobili senza tempo, apprezzato per la sua durata e l&#8217;eleganza sobria.<a class=\"more-link\" href=\"https:\/\/www.demosmobilia.ch\/it\/product\/sgabello-curvo\/\">Leggi altro &rarr;<\/a><\/p>\n","protected":false},"featured_media":84674,"template":"","meta":{"_monsterinsights_skip_tracking":false,"_monsterinsights_sitenote_active":false,"_monsterinsights_sitenote_note":"","_monsterinsights_sitenote_category":0,"kk_blocks_editor_width":"","_kiokenblocks_attr":"","_kiokenblocks_dimensions":""},"product_cat":[4089,4164],"product_tag":[],"class_list":{"0":"entry","1":"author-demosmobilia","2":"post-84689","3":"product","4":"type-product","5":"status-publish","6":"has-post-thumbnail","7":"product_production-mobili-pizzetti","8":"product_year-1950-approx","9":"product_nation-italia-it","10":"product_cat-nuovi-arrivi","11":"product_cat-sgabelli","12":"pa_product_dimension-62-x-32-x-seduta-ht-43-x-altezza-totale-475-cm","13":"pa_product_material-compensato-di-teak-metallo-laccato-plastica","15":"first","16":"outofstock","17":"shipping-taxable","18":"purchasable","19":"product-type-simple"},"yoast_head":"<!-- This site is optimized with the Yoast SEO plugin v24.0 - https:\/\/yoast.com\/wordpress\/plugins\/seo\/ -->\n<title>Sgabello curvo &#8211; Demosmobilia<\/title>\n<meta name=\"robots\" content=\"index, follow, max-snippet:-1, max-image-preview:large, max-video-preview:-1\" \/>\n<link rel=\"canonical\" href=\"https:\/\/www.demosmobilia.ch\/it\/product\/sgabello-curvo\/\" \/>\n<meta property=\"og:locale\" content=\"it_IT\" \/>\n<meta property=\"og:type\" content=\"article\" \/>\n<meta property=\"og:title\" content=\"Sgabello curvo &#8211; Demosmobilia\" \/>\n<meta property=\"og:description\" content=\"Mobili Pizzetti ha svolto un ruolo significativo nel design italiano di mobili, producendo arredi di alta qualit\u00e0 che combinavano artigianalit\u00e0, funzionalit\u00e0 ed estetica moderna. Attiva principalmente nella met\u00e0 del XX secolo, l&#8217;azienda si \u00e8 concentrata su una produzione raffinata, lavorando con materiali accuratamente selezionati e forme pulite ed equilibrate.La produzione di design di Mobili Pizzetti riflette una forte attenzione alle proporzioni, ai dettagli e all&#8217;usabilit\u00e0, in linea con l&#8217;evoluzione degli interni italiani moderni. Attraverso un approccio misurato e funzionale, Mobili Pizzetti ha contribuito allo sviluppo del design italiano di mobili senza tempo, apprezzato per la sua durata e l&#8217;eleganza sobria.Leggi altro &rarr;\" \/>\n<meta property=\"og:url\" content=\"https:\/\/www.demosmobilia.ch\/it\/product\/sgabello-curvo\/\" \/>\n<meta property=\"og:site_name\" content=\"Demosmobilia\" \/>\n<meta property=\"article:publisher\" content=\"https:\/\/www.facebook.com\/Demos-Mobilia-1137017453131445\/\" \/>\n<meta property=\"article:modified_time\" content=\"2026-01-11T20:11:39+00:00\" \/>\n<meta property=\"og:image\" content=\"https:\/\/www.demosmobilia.ch\/wp-content\/uploads\/2026\/01\/mobili-pizzetti-bend-stool-italian-design-1950-01.jpg\" \/>\n\t<meta property=\"og:image:width\" content=\"1200\" \/>\n\t<meta property=\"og:image:height\" content=\"900\" \/>\n\t<meta property=\"og:image:type\" content=\"image\/jpeg\" \/>\n<meta name=\"twitter:card\" content=\"summary_large_image\" \/>\n<meta name=\"twitter:label1\" content=\"Tempo di lettura stimato\" \/>\n\t<meta name=\"twitter:data1\" content=\"1 minuto\" \/>\n<script type=\"application\/ld+json\" class=\"yoast-schema-graph\">{\"@context\":\"https:\/\/schema.org\",\"@graph\":[{\"@type\":\"WebPage\",\"@id\":\"https:\/\/www.demosmobilia.ch\/it\/product\/sgabello-curvo\/\",\"url\":\"https:\/\/www.demosmobilia.ch\/it\/product\/sgabello-curvo\/\",\"name\":\"Sgabello curvo &#8211; Demosmobilia\",\"isPartOf\":{\"@id\":\"https:\/\/www.demosmobilia.ch\/it\/#website\"},\"primaryImageOfPage\":{\"@id\":\"https:\/\/www.demosmobilia.ch\/it\/product\/sgabello-curvo\/#primaryimage\"},\"image\":{\"@id\":\"https:\/\/www.demosmobilia.ch\/it\/product\/sgabello-curvo\/#primaryimage\"},\"thumbnailUrl\":\"https:\/\/www.demosmobilia.ch\/wp-content\/uploads\/2026\/01\/mobili-pizzetti-bend-stool-italian-design-1950-01.jpg\",\"datePublished\":\"2026-01-15T07:30:39+00:00\",\"dateModified\":\"2026-01-11T20:11:39+00:00\",\"breadcrumb\":{\"@id\":\"https:\/\/www.demosmobilia.ch\/it\/product\/sgabello-curvo\/#breadcrumb\"},\"inLanguage\":\"it-IT\",\"potentialAction\":[{\"@type\":\"ReadAction\",\"target\":[\"https:\/\/www.demosmobilia.ch\/it\/product\/sgabello-curvo\/\"]}]},{\"@type\":\"ImageObject\",\"inLanguage\":\"it-IT\",\"@id\":\"https:\/\/www.demosmobilia.ch\/it\/product\/sgabello-curvo\/#primaryimage\",\"url\":\"https:\/\/www.demosmobilia.ch\/wp-content\/uploads\/2026\/01\/mobili-pizzetti-bend-stool-italian-design-1950-01.jpg\",\"contentUrl\":\"https:\/\/www.demosmobilia.ch\/wp-content\/uploads\/2026\/01\/mobili-pizzetti-bend-stool-italian-design-1950-01.jpg\",\"width\":1200,\"height\":900},{\"@type\":\"BreadcrumbList\",\"@id\":\"https:\/\/www.demosmobilia.ch\/it\/product\/sgabello-curvo\/#breadcrumb\",\"itemListElement\":[{\"@type\":\"ListItem\",\"position\":1,\"name\":\"Home\",\"item\":\"https:\/\/www.demosmobilia.ch\/it\/\"},{\"@type\":\"ListItem\",\"position\":2,\"name\":\"Prodotti\",\"item\":\"https:\/\/www.demosmobilia.ch\/it\/shop\/\"},{\"@type\":\"ListItem\",\"position\":3,\"name\":\"Sgabello curvo\"}]},{\"@type\":\"WebSite\",\"@id\":\"https:\/\/www.demosmobilia.ch\/it\/#website\",\"url\":\"https:\/\/www.demosmobilia.ch\/it\/\",\"name\":\"Demosmobilia\",\"description\":\"Vintage design forniture from the &#039;30s to the &#039;80s\",\"publisher\":{\"@id\":\"https:\/\/www.demosmobilia.ch\/it\/#organization\"},\"potentialAction\":[{\"@type\":\"SearchAction\",\"target\":{\"@type\":\"EntryPoint\",\"urlTemplate\":\"https:\/\/www.demosmobilia.ch\/it\/?s={search_term_string}\"},\"query-input\":{\"@type\":\"PropertyValueSpecification\",\"valueRequired\":true,\"valueName\":\"search_term_string\"}}],\"inLanguage\":\"it-IT\"},{\"@type\":\"Organization\",\"@id\":\"https:\/\/www.demosmobilia.ch\/it\/#organization\",\"name\":\"demosmobilia\",\"url\":\"https:\/\/www.demosmobilia.ch\/it\/\",\"logo\":{\"@type\":\"ImageObject\",\"inLanguage\":\"it-IT\",\"@id\":\"https:\/\/www.demosmobilia.ch\/it\/#\/schema\/logo\/image\/\",\"url\":\"https:\/\/www.demosmobilia.ch\/wp-content\/uploads\/2020\/07\/demosmobilia-logo-2020-230-160.png\",\"contentUrl\":\"https:\/\/www.demosmobilia.ch\/wp-content\/uploads\/2020\/07\/demosmobilia-logo-2020-230-160.png\",\"width\":230,\"height\":160,\"caption\":\"demosmobilia\"},\"image\":{\"@id\":\"https:\/\/www.demosmobilia.ch\/it\/#\/schema\/logo\/image\/\"},\"sameAs\":[\"https:\/\/www.facebook.com\/Demos-Mobilia-1137017453131445\/\",\"https:\/\/www.instagram.com\/demosmobilia\/\"]}]}<\/script>\n<!-- \/ Yoast SEO plugin. -->","yoast_head_json":{"title":"Sgabello curvo &#8211; Demosmobilia","robots":{"index":"index","follow":"follow","max-snippet":"max-snippet:-1","max-image-preview":"max-image-preview:large","max-video-preview":"max-video-preview:-1"},"canonical":"https:\/\/www.demosmobilia.ch\/it\/product\/sgabello-curvo\/","og_locale":"it_IT","og_type":"article","og_title":"Sgabello curvo &#8211; Demosmobilia","og_description":"Mobili Pizzetti ha svolto un ruolo significativo nel design italiano di mobili, producendo arredi di alta qualit\u00e0 che combinavano artigianalit\u00e0, funzionalit\u00e0 ed estetica moderna. Attiva principalmente nella met\u00e0 del XX secolo, l&#8217;azienda si \u00e8 concentrata su una produzione raffinata, lavorando con materiali accuratamente selezionati e forme pulite ed equilibrate.La produzione di design di Mobili Pizzetti riflette una forte attenzione alle proporzioni, ai dettagli e all&#8217;usabilit\u00e0, in linea con l&#8217;evoluzione degli interni italiani moderni. Attraverso un approccio misurato e funzionale, Mobili Pizzetti ha contribuito allo sviluppo del design italiano di mobili senza tempo, apprezzato per la sua durata e l&#8217;eleganza sobria.Leggi altro &rarr;","og_url":"https:\/\/www.demosmobilia.ch\/it\/product\/sgabello-curvo\/","og_site_name":"Demosmobilia","article_publisher":"https:\/\/www.facebook.com\/Demos-Mobilia-1137017453131445\/","article_modified_time":"2026-01-11T20:11:39+00:00","og_image":[{"width":1200,"height":900,"url":"https:\/\/www.demosmobilia.ch\/wp-content\/uploads\/2026\/01\/mobili-pizzetti-bend-stool-italian-design-1950-01.jpg","type":"image\/jpeg"}],"twitter_card":"summary_large_image","twitter_misc":{"Tempo di lettura stimato":"1 minuto"},"schema":{"@context":"https:\/\/schema.org","@graph":[{"@type":"WebPage","@id":"https:\/\/www.demosmobilia.ch\/it\/product\/sgabello-curvo\/","url":"https:\/\/www.demosmobilia.ch\/it\/product\/sgabello-curvo\/","name":"Sgabello curvo &#8211; Demosmobilia","isPartOf":{"@id":"https:\/\/www.demosmobilia.ch\/it\/#website"},"primaryImageOfPage":{"@id":"https:\/\/www.demosmobilia.ch\/it\/product\/sgabello-curvo\/#primaryimage"},"image":{"@id":"https:\/\/www.demosmobilia.ch\/it\/product\/sgabello-curvo\/#primaryimage"},"thumbnailUrl":"https:\/\/www.demosmobilia.ch\/wp-content\/uploads\/2026\/01\/mobili-pizzetti-bend-stool-italian-design-1950-01.jpg","datePublished":"2026-01-15T07:30:39+00:00","dateModified":"2026-01-11T20:11:39+00:00","breadcrumb":{"@id":"https:\/\/www.demosmobilia.ch\/it\/product\/sgabello-curvo\/#breadcrumb"},"inLanguage":"it-IT","potentialAction":[{"@type":"ReadAction","target":["https:\/\/www.demosmobilia.ch\/it\/product\/sgabello-curvo\/"]}]},{"@type":"ImageObject","inLanguage":"it-IT","@id":"https:\/\/www.demosmobilia.ch\/it\/product\/sgabello-curvo\/#primaryimage","url":"https:\/\/www.demosmobilia.ch\/wp-content\/uploads\/2026\/01\/mobili-pizzetti-bend-stool-italian-design-1950-01.jpg","contentUrl":"https:\/\/www.demosmobilia.ch\/wp-content\/uploads\/2026\/01\/mobili-pizzetti-bend-stool-italian-design-1950-01.jpg","width":1200,"height":900},{"@type":"BreadcrumbList","@id":"https:\/\/www.demosmobilia.ch\/it\/product\/sgabello-curvo\/#breadcrumb","itemListElement":[{"@type":"ListItem","position":1,"name":"Home","item":"https:\/\/www.demosmobilia.ch\/it\/"},{"@type":"ListItem","position":2,"name":"Prodotti","item":"https:\/\/www.demosmobilia.ch\/it\/shop\/"},{"@type":"ListItem","position":3,"name":"Sgabello curvo"}]},{"@type":"WebSite","@id":"https:\/\/www.demosmobilia.ch\/it\/#website","url":"https:\/\/www.demosmobilia.ch\/it\/","name":"Demosmobilia","description":"Vintage design forniture from the &#039;30s to the &#039;80s","publisher":{"@id":"https:\/\/www.demosmobilia.ch\/it\/#organization"},"potentialAction":[{"@type":"SearchAction","target":{"@type":"EntryPoint","urlTemplate":"https:\/\/www.demosmobilia.ch\/it\/?s={search_term_string}"},"query-input":{"@type":"PropertyValueSpecification","valueRequired":true,"valueName":"search_term_string"}}],"inLanguage":"it-IT"},{"@type":"Organization","@id":"https:\/\/www.demosmobilia.ch\/it\/#organization","name":"demosmobilia","url":"https:\/\/www.demosmobilia.ch\/it\/","logo":{"@type":"ImageObject","inLanguage":"it-IT","@id":"https:\/\/www.demosmobilia.ch\/it\/#\/schema\/logo\/image\/","url":"https:\/\/www.demosmobilia.ch\/wp-content\/uploads\/2020\/07\/demosmobilia-logo-2020-230-160.png","contentUrl":"https:\/\/www.demosmobilia.ch\/wp-content\/uploads\/2020\/07\/demosmobilia-logo-2020-230-160.png","width":230,"height":160,"caption":"demosmobilia"},"image":{"@id":"https:\/\/www.demosmobilia.ch\/it\/#\/schema\/logo\/image\/"},"sameAs":["https:\/\/www.facebook.com\/Demos-Mobilia-1137017453131445\/","https:\/\/www.instagram.com\/demosmobilia\/"]}]}},"_links":{"self":[{"href":"https:\/\/www.demosmobilia.ch\/it\/wp-json\/wp\/v2\/product\/84689","targetHints":{"allow":["GET"]}}],"collection":[{"href":"https:\/\/www.demosmobilia.ch\/it\/wp-json\/wp\/v2\/product"}],"about":[{"href":"https:\/\/www.demosmobilia.ch\/it\/wp-json\/wp\/v2\/types\/product"}],"wp:featuredmedia":[{"embeddable":true,"href":"https:\/\/www.demosmobilia.ch\/it\/wp-json\/wp\/v2\/media\/84674"}],"wp:attachment":[{"href":"https:\/\/www.demosmobilia.ch\/it\/wp-json\/wp\/v2\/media?parent=84689"}],"wp:term":[{"taxonomy":"product_cat","embeddable":true,"href":"https:\/\/www.demosmobilia.ch\/it\/wp-json\/wp\/v2\/product_cat?post=84689"},{"taxonomy":"product_tag","embeddable":true,"href":"https:\/\/www.demosmobilia.ch\/it\/wp-json\/wp\/v2\/product_tag?post=84689"}],"curies":[{"name":"wp","href":"https:\/\/api.w.org\/{rel}","templated":true}]}}