{"id":84483,"date":"2026-01-27T11:30:46","date_gmt":"2026-01-27T10:30:46","guid":{"rendered":"https:\/\/www.demosmobilia.ch\/product\/lampada-da-terra-modello-lte12\/"},"modified":"2026-01-10T11:30:46","modified_gmt":"2026-01-10T10:30:46","slug":"lampada-da-terra-modello-lte12","status":"publish","type":"product","link":"https:\/\/www.demosmobilia.ch\/it\/product\/lampada-da-terra-modello-lte12\/","title":{"rendered":"Lampada da terra modello \u201cLTE12\u201d"},"content":{"rendered":"<p>Bibliografia:<br \/>\nDomus, numero 378, maggio 1961, p. 180.<\/p>\n","protected":false},"excerpt":{"rendered":"<p>Biografia<br \/>\nIgnazio Gardella (nato nel 1905 a Milano e morto nel 1999 a Oleggio) \u00e8 stato un architetto e designer italiano, nato in una famiglia di architetti. La sua lunga attivit\u00e0 professionale, iniziata prima della laurea alla fine degli anni &#8217;20 con il padre Arnaldo Gardella, ha prodotto un&#8217;enorme quantit\u00e0 di progetti e realizzazioni e prima della guerra hanno partecipato a diversi concorsi di architettura in collaborazione con Luigi Vietti, per costruire la casa del fascio. Nel 1947 inizi\u00f2 la sua attivit\u00e0 nel campo del design. In quell&#8217;anno fond\u00f2 l&#8217;Agenzia Azucena con Luigi Caccia Dominioni, la prima che inaugur\u00f2 la produzione italiana di design di alta qualit\u00e0. Gardella disegn\u00f2 principalmente oggetti d&#8217;arredo decorativi. Dopo la guerra, Gardella realizz\u00f2 molti edifici che rispondevano principalmente alla questione del risparmio di spazio. Ebbe anche un ruolo importante nell&#8217;istruzione, insegnando all&#8217;IUAV fino alla sua morte.        <a class=\"more-link\" href=\"https:\/\/www.demosmobilia.ch\/it\/product\/lampada-da-terra-modello-lte12\/\">Leggi altro &rarr;<\/a><\/p>\n","protected":false},"featured_media":84772,"template":"","meta":{"_monsterinsights_skip_tracking":false,"_monsterinsights_sitenote_active":false,"_monsterinsights_sitenote_note":"","_monsterinsights_sitenote_category":0,"kk_blocks_editor_width":"","_kiokenblocks_attr":"","_kiokenblocks_dimensions":""},"product_cat":[4092,4089],"product_tag":[6616],"class_list":{"0":"entry","1":"author-demosmobilia","2":"has-excerpt","3":"post-84483","4":"product","5":"type-product","6":"status-publish","7":"has-post-thumbnail","8":"product_production-azucena","9":"product_year-2583","10":"product_nation-italia-it","11":"product_cat-lampade-da-terra","12":"product_cat-nuovi-arrivi","13":"product_tag-gardella-ignazio-it","14":"pa_product_dimension-30-x-30-x-ht-182-cm","15":"pa_product_material-marmo-ottone-lacca-cinese-tessuto","17":"first","18":"outofstock","19":"shipping-taxable","20":"product-type-simple"},"yoast_head":"<!-- This site is optimized with the Yoast SEO plugin v24.0 - https:\/\/yoast.com\/wordpress\/plugins\/seo\/ -->\n<title>Lampada da terra modello \u201cLTE12\u201d &#8211; Demosmobilia<\/title>\n<meta name=\"robots\" content=\"index, follow, max-snippet:-1, max-image-preview:large, max-video-preview:-1\" \/>\n<link rel=\"canonical\" href=\"https:\/\/www.demosmobilia.ch\/it\/product\/lampada-da-terra-modello-lte12\/\" \/>\n<meta property=\"og:locale\" content=\"it_IT\" \/>\n<meta property=\"og:type\" content=\"article\" \/>\n<meta property=\"og:title\" content=\"Lampada da terra modello \u201cLTE12\u201d &#8211; Demosmobilia\" \/>\n<meta property=\"og:description\" content=\"Biografia Ignazio Gardella (nato nel 1905 a Milano e morto nel 1999 a Oleggio) \u00e8 stato un architetto e designer italiano, nato in una famiglia di architetti. La sua lunga attivit\u00e0 professionale, iniziata prima della laurea alla fine degli anni &#039;20 con il padre Arnaldo Gardella, ha prodotto un&#039;enorme quantit\u00e0 di progetti e realizzazioni e prima della guerra hanno partecipato a diversi concorsi di architettura in collaborazione con Luigi Vietti, per costruire la casa del fascio. Nel 1947 inizi\u00f2 la sua attivit\u00e0 nel campo del design. In quell&#039;anno fond\u00f2 l&#039;Agenzia Azucena con Luigi Caccia Dominioni, la prima che inaugur\u00f2 la produzione italiana di design di alta qualit\u00e0. Gardella disegn\u00f2 principalmente oggetti d&#039;arredo decorativi. Dopo la guerra, Gardella realizz\u00f2 molti edifici che rispondevano principalmente alla questione del risparmio di spazio. Ebbe anche un ruolo importante nell&#039;istruzione, insegnando all&#039;IUAV fino alla sua morte.    Leggi altro &rarr;\" \/>\n<meta property=\"og:url\" content=\"https:\/\/www.demosmobilia.ch\/it\/product\/lampada-da-terra-modello-lte12\/\" \/>\n<meta property=\"og:site_name\" content=\"Demosmobilia\" \/>\n<meta property=\"article:publisher\" content=\"https:\/\/www.facebook.com\/Demos-Mobilia-1137017453131445\/\" \/>\n<meta property=\"article:modified_time\" content=\"2026-01-10T10:30:46+00:00\" \/>\n<meta property=\"og:image\" content=\"https:\/\/www.demosmobilia.ch\/wp-content\/uploads\/2026\/01\/Azucena-IGNAZIO-GARDELLA-1961-Italy-Prisma-FLOOR-LAMP-LTE12-01.jpg\" \/>\n\t<meta property=\"og:image:width\" content=\"1200\" \/>\n\t<meta property=\"og:image:height\" content=\"900\" \/>\n\t<meta property=\"og:image:type\" content=\"image\/jpeg\" \/>\n<meta name=\"twitter:card\" content=\"summary_large_image\" \/>\n<script type=\"application\/ld+json\" class=\"yoast-schema-graph\">{\"@context\":\"https:\/\/schema.org\",\"@graph\":[{\"@type\":\"WebPage\",\"@id\":\"https:\/\/www.demosmobilia.ch\/it\/product\/lampada-da-terra-modello-lte12\/\",\"url\":\"https:\/\/www.demosmobilia.ch\/it\/product\/lampada-da-terra-modello-lte12\/\",\"name\":\"Lampada da terra modello \u201cLTE12\u201d &#8211; Demosmobilia\",\"isPartOf\":{\"@id\":\"https:\/\/www.demosmobilia.ch\/it\/#website\"},\"primaryImageOfPage\":{\"@id\":\"https:\/\/www.demosmobilia.ch\/it\/product\/lampada-da-terra-modello-lte12\/#primaryimage\"},\"image\":{\"@id\":\"https:\/\/www.demosmobilia.ch\/it\/product\/lampada-da-terra-modello-lte12\/#primaryimage\"},\"thumbnailUrl\":\"https:\/\/www.demosmobilia.ch\/wp-content\/uploads\/2026\/01\/Azucena-IGNAZIO-GARDELLA-1961-Italy-Prisma-FLOOR-LAMP-LTE12-01-1.jpg\",\"datePublished\":\"2026-01-27T10:30:46+00:00\",\"dateModified\":\"2026-01-10T10:30:46+00:00\",\"breadcrumb\":{\"@id\":\"https:\/\/www.demosmobilia.ch\/it\/product\/lampada-da-terra-modello-lte12\/#breadcrumb\"},\"inLanguage\":\"it-IT\",\"potentialAction\":[{\"@type\":\"ReadAction\",\"target\":[\"https:\/\/www.demosmobilia.ch\/it\/product\/lampada-da-terra-modello-lte12\/\"]}]},{\"@type\":\"ImageObject\",\"inLanguage\":\"it-IT\",\"@id\":\"https:\/\/www.demosmobilia.ch\/it\/product\/lampada-da-terra-modello-lte12\/#primaryimage\",\"url\":\"https:\/\/www.demosmobilia.ch\/wp-content\/uploads\/2026\/01\/Azucena-IGNAZIO-GARDELLA-1961-Italy-Prisma-FLOOR-LAMP-LTE12-01-1.jpg\",\"contentUrl\":\"https:\/\/www.demosmobilia.ch\/wp-content\/uploads\/2026\/01\/Azucena-IGNAZIO-GARDELLA-1961-Italy-Prisma-FLOOR-LAMP-LTE12-01-1.jpg\",\"width\":1200,\"height\":900},{\"@type\":\"BreadcrumbList\",\"@id\":\"https:\/\/www.demosmobilia.ch\/it\/product\/lampada-da-terra-modello-lte12\/#breadcrumb\",\"itemListElement\":[{\"@type\":\"ListItem\",\"position\":1,\"name\":\"Home\",\"item\":\"https:\/\/www.demosmobilia.ch\/it\/\"},{\"@type\":\"ListItem\",\"position\":2,\"name\":\"Prodotti\",\"item\":\"https:\/\/www.demosmobilia.ch\/it\/shop\/\"},{\"@type\":\"ListItem\",\"position\":3,\"name\":\"Lampada da terra modello \u201cLTE12\u201d\"}]},{\"@type\":\"WebSite\",\"@id\":\"https:\/\/www.demosmobilia.ch\/it\/#website\",\"url\":\"https:\/\/www.demosmobilia.ch\/it\/\",\"name\":\"Demosmobilia\",\"description\":\"Vintage design forniture from the &#039;30s to the &#039;80s\",\"publisher\":{\"@id\":\"https:\/\/www.demosmobilia.ch\/it\/#organization\"},\"potentialAction\":[{\"@type\":\"SearchAction\",\"target\":{\"@type\":\"EntryPoint\",\"urlTemplate\":\"https:\/\/www.demosmobilia.ch\/it\/?s={search_term_string}\"},\"query-input\":{\"@type\":\"PropertyValueSpecification\",\"valueRequired\":true,\"valueName\":\"search_term_string\"}}],\"inLanguage\":\"it-IT\"},{\"@type\":\"Organization\",\"@id\":\"https:\/\/www.demosmobilia.ch\/it\/#organization\",\"name\":\"demosmobilia\",\"url\":\"https:\/\/www.demosmobilia.ch\/it\/\",\"logo\":{\"@type\":\"ImageObject\",\"inLanguage\":\"it-IT\",\"@id\":\"https:\/\/www.demosmobilia.ch\/it\/#\/schema\/logo\/image\/\",\"url\":\"https:\/\/www.demosmobilia.ch\/wp-content\/uploads\/2020\/07\/demosmobilia-logo-2020-230-160.png\",\"contentUrl\":\"https:\/\/www.demosmobilia.ch\/wp-content\/uploads\/2020\/07\/demosmobilia-logo-2020-230-160.png\",\"width\":230,\"height\":160,\"caption\":\"demosmobilia\"},\"image\":{\"@id\":\"https:\/\/www.demosmobilia.ch\/it\/#\/schema\/logo\/image\/\"},\"sameAs\":[\"https:\/\/www.facebook.com\/Demos-Mobilia-1137017453131445\/\",\"https:\/\/www.instagram.com\/demosmobilia\/\"]}]}<\/script>\n<!-- \/ Yoast SEO plugin. -->","yoast_head_json":{"title":"Lampada da terra modello \u201cLTE12\u201d &#8211; Demosmobilia","robots":{"index":"index","follow":"follow","max-snippet":"max-snippet:-1","max-image-preview":"max-image-preview:large","max-video-preview":"max-video-preview:-1"},"canonical":"https:\/\/www.demosmobilia.ch\/it\/product\/lampada-da-terra-modello-lte12\/","og_locale":"it_IT","og_type":"article","og_title":"Lampada da terra modello \u201cLTE12\u201d &#8211; Demosmobilia","og_description":"Biografia Ignazio Gardella (nato nel 1905 a Milano e morto nel 1999 a Oleggio) \u00e8 stato un architetto e designer italiano, nato in una famiglia di architetti. La sua lunga attivit\u00e0 professionale, iniziata prima della laurea alla fine degli anni '20 con il padre Arnaldo Gardella, ha prodotto un'enorme quantit\u00e0 di progetti e realizzazioni e prima della guerra hanno partecipato a diversi concorsi di architettura in collaborazione con Luigi Vietti, per costruire la casa del fascio. Nel 1947 inizi\u00f2 la sua attivit\u00e0 nel campo del design. In quell'anno fond\u00f2 l'Agenzia Azucena con Luigi Caccia Dominioni, la prima che inaugur\u00f2 la produzione italiana di design di alta qualit\u00e0. Gardella disegn\u00f2 principalmente oggetti d'arredo decorativi. Dopo la guerra, Gardella realizz\u00f2 molti edifici che rispondevano principalmente alla questione del risparmio di spazio. Ebbe anche un ruolo importante nell'istruzione, insegnando all'IUAV fino alla sua morte.    Leggi altro &rarr;","og_url":"https:\/\/www.demosmobilia.ch\/it\/product\/lampada-da-terra-modello-lte12\/","og_site_name":"Demosmobilia","article_publisher":"https:\/\/www.facebook.com\/Demos-Mobilia-1137017453131445\/","article_modified_time":"2026-01-10T10:30:46+00:00","og_image":[{"width":1200,"height":900,"url":"https:\/\/www.demosmobilia.ch\/wp-content\/uploads\/2026\/01\/Azucena-IGNAZIO-GARDELLA-1961-Italy-Prisma-FLOOR-LAMP-LTE12-01.jpg","type":"image\/jpeg"}],"twitter_card":"summary_large_image","schema":{"@context":"https:\/\/schema.org","@graph":[{"@type":"WebPage","@id":"https:\/\/www.demosmobilia.ch\/it\/product\/lampada-da-terra-modello-lte12\/","url":"https:\/\/www.demosmobilia.ch\/it\/product\/lampada-da-terra-modello-lte12\/","name":"Lampada da terra modello \u201cLTE12\u201d &#8211; Demosmobilia","isPartOf":{"@id":"https:\/\/www.demosmobilia.ch\/it\/#website"},"primaryImageOfPage":{"@id":"https:\/\/www.demosmobilia.ch\/it\/product\/lampada-da-terra-modello-lte12\/#primaryimage"},"image":{"@id":"https:\/\/www.demosmobilia.ch\/it\/product\/lampada-da-terra-modello-lte12\/#primaryimage"},"thumbnailUrl":"https:\/\/www.demosmobilia.ch\/wp-content\/uploads\/2026\/01\/Azucena-IGNAZIO-GARDELLA-1961-Italy-Prisma-FLOOR-LAMP-LTE12-01-1.jpg","datePublished":"2026-01-27T10:30:46+00:00","dateModified":"2026-01-10T10:30:46+00:00","breadcrumb":{"@id":"https:\/\/www.demosmobilia.ch\/it\/product\/lampada-da-terra-modello-lte12\/#breadcrumb"},"inLanguage":"it-IT","potentialAction":[{"@type":"ReadAction","target":["https:\/\/www.demosmobilia.ch\/it\/product\/lampada-da-terra-modello-lte12\/"]}]},{"@type":"ImageObject","inLanguage":"it-IT","@id":"https:\/\/www.demosmobilia.ch\/it\/product\/lampada-da-terra-modello-lte12\/#primaryimage","url":"https:\/\/www.demosmobilia.ch\/wp-content\/uploads\/2026\/01\/Azucena-IGNAZIO-GARDELLA-1961-Italy-Prisma-FLOOR-LAMP-LTE12-01-1.jpg","contentUrl":"https:\/\/www.demosmobilia.ch\/wp-content\/uploads\/2026\/01\/Azucena-IGNAZIO-GARDELLA-1961-Italy-Prisma-FLOOR-LAMP-LTE12-01-1.jpg","width":1200,"height":900},{"@type":"BreadcrumbList","@id":"https:\/\/www.demosmobilia.ch\/it\/product\/lampada-da-terra-modello-lte12\/#breadcrumb","itemListElement":[{"@type":"ListItem","position":1,"name":"Home","item":"https:\/\/www.demosmobilia.ch\/it\/"},{"@type":"ListItem","position":2,"name":"Prodotti","item":"https:\/\/www.demosmobilia.ch\/it\/shop\/"},{"@type":"ListItem","position":3,"name":"Lampada da terra modello \u201cLTE12\u201d"}]},{"@type":"WebSite","@id":"https:\/\/www.demosmobilia.ch\/it\/#website","url":"https:\/\/www.demosmobilia.ch\/it\/","name":"Demosmobilia","description":"Vintage design forniture from the &#039;30s to the &#039;80s","publisher":{"@id":"https:\/\/www.demosmobilia.ch\/it\/#organization"},"potentialAction":[{"@type":"SearchAction","target":{"@type":"EntryPoint","urlTemplate":"https:\/\/www.demosmobilia.ch\/it\/?s={search_term_string}"},"query-input":{"@type":"PropertyValueSpecification","valueRequired":true,"valueName":"search_term_string"}}],"inLanguage":"it-IT"},{"@type":"Organization","@id":"https:\/\/www.demosmobilia.ch\/it\/#organization","name":"demosmobilia","url":"https:\/\/www.demosmobilia.ch\/it\/","logo":{"@type":"ImageObject","inLanguage":"it-IT","@id":"https:\/\/www.demosmobilia.ch\/it\/#\/schema\/logo\/image\/","url":"https:\/\/www.demosmobilia.ch\/wp-content\/uploads\/2020\/07\/demosmobilia-logo-2020-230-160.png","contentUrl":"https:\/\/www.demosmobilia.ch\/wp-content\/uploads\/2020\/07\/demosmobilia-logo-2020-230-160.png","width":230,"height":160,"caption":"demosmobilia"},"image":{"@id":"https:\/\/www.demosmobilia.ch\/it\/#\/schema\/logo\/image\/"},"sameAs":["https:\/\/www.facebook.com\/Demos-Mobilia-1137017453131445\/","https:\/\/www.instagram.com\/demosmobilia\/"]}]}},"_links":{"self":[{"href":"https:\/\/www.demosmobilia.ch\/it\/wp-json\/wp\/v2\/product\/84483","targetHints":{"allow":["GET"]}}],"collection":[{"href":"https:\/\/www.demosmobilia.ch\/it\/wp-json\/wp\/v2\/product"}],"about":[{"href":"https:\/\/www.demosmobilia.ch\/it\/wp-json\/wp\/v2\/types\/product"}],"wp:featuredmedia":[{"embeddable":true,"href":"https:\/\/www.demosmobilia.ch\/it\/wp-json\/wp\/v2\/media\/84772"}],"wp:attachment":[{"href":"https:\/\/www.demosmobilia.ch\/it\/wp-json\/wp\/v2\/media?parent=84483"}],"wp:term":[{"taxonomy":"product_cat","embeddable":true,"href":"https:\/\/www.demosmobilia.ch\/it\/wp-json\/wp\/v2\/product_cat?post=84483"},{"taxonomy":"product_tag","embeddable":true,"href":"https:\/\/www.demosmobilia.ch\/it\/wp-json\/wp\/v2\/product_tag?post=84483"}],"curies":[{"name":"wp","href":"https:\/\/api.w.org\/{rel}","templated":true}]}}