{"id":83051,"date":"2026-03-15T09:00:18","date_gmt":"2026-03-15T08:00:18","guid":{"rendered":"https:\/\/www.demosmobilia.ch\/product\/lampada-cinetica-in-metallo-specchiato-modello-luna\/"},"modified":"2026-03-14T15:09:58","modified_gmt":"2026-03-14T14:09:58","slug":"lampada-cinetica-in-metallo-specchiato-modello-luna","status":"publish","type":"product","link":"https:\/\/www.demosmobilia.ch\/it\/product\/lampada-cinetica-in-metallo-specchiato-modello-luna\/","title":{"rendered":"Lampada cinetica in metallo specchiato modello Luna"},"content":{"rendered":"<p data-start=\"84\" data-end=\"503\">Rinaldo Cutini \u00e8 un designer italiano di illuminazione vintage e oggetti decorativi, attivo negli anni \u201960 e \u201970. \u00c8 rinomato per le sue lampade moderne e sperimentali e per i suoi design scultorei, che uniscono funzionalit\u00e0 ed espressivit\u00e0 artistica. Cutini ha collaborato con l\u2019azienda italiana New Lamp, creando modelli iconici che riflettono l\u2019eleganza del design italiano mid\u2011century e la sua innovativa sperimentazione su superfici metalliche e forme luminose geometriche. <\/p>\n<p data-start=\"505\" data-end=\"852\">Tra le sue creazioni pi\u00f9 celebri si distinguono le lampade \u201cLuna\u201d e \u201cLuna Kinetic\u201d, caratterizzate da strutture in metallo cromato, diffusori in vetro opalino e dettagli che giocano con riflessi e movimento della luce. Ogni lampada funziona sia come oggetto scultoreo sia come fonte luminosa funzionale, rendendo le opere di Cutini molto ricercate nelle collezioni di illuminazione vintage. <\/p>\n<p data-start=\"854\" data-end=\"1090\">I design di Cutini incarnano perfettamente l\u2019estetica moderna dell\u2019illuminazione italiana degli anni \u201960, combinando acciaio e vetro con un linguaggio visivo audace e innovativo. Le sue opere continuano a essere apprezzate da collezionisti, interior designer e appassionati di design vintage, consolidando l\u2019eredit\u00e0 di Cutini come figura chiave del design italiano mid\u2011century.<\/p>\n","protected":false},"excerpt":{"rendered":"<p>Rinaldo Cutini \u00e8 un designer italiano di illuminazione vintage e oggetti decorativi, attivo negli anni \u201960 e \u201970. \u00c8 rinomato per le sue lampade moderne e sperimentali e per i suoi design scultorei, che uniscono funzionalit\u00e0 ed espressivit\u00e0 artistica. Cutini ha collaborato con l\u2019azienda italiana New Lamp, creando modelli iconici che riflettono l\u2019eleganza del design italiano mid\u2011century e la sua innovativa sperimentazione su superfici metalliche e forme luminose geometriche. Tra le sue creazioni pi\u00f9 celebri si distinguono le lampade \u201cLuna\u201d e \u201cLuna Kinetic\u201d, caratterizzate da strutture in metallo cromato, diffusori in vetro opalino e dettagli che giocano con riflessi e movimento della luce. Ogni lampada<a class=\"more-link\" href=\"https:\/\/www.demosmobilia.ch\/it\/product\/lampada-cinetica-in-metallo-specchiato-modello-luna\/\">Leggi altro &rarr;<\/a><\/p>\n","protected":false},"featured_media":83034,"template":"","meta":{"_monsterinsights_skip_tracking":false,"_monsterinsights_sitenote_active":false,"_monsterinsights_sitenote_note":"","_monsterinsights_sitenote_category":0,"kk_blocks_editor_width":"","_kiokenblocks_attr":"","_kiokenblocks_dimensions":""},"product_cat":[4094,4092,4089],"product_tag":[14046],"class_list":{"0":"entry","1":"author-demosmobilia","2":"post-83051","3":"product","4":"type-product","5":"status-publish","6":"has-post-thumbnail","7":"product_production-new-lamp","8":"product_year-3334","9":"product_nation-italia-it","10":"product_cat-lampade-da-tavolo","11":"product_cat-lampade-da-terra","12":"product_cat-nuovi-arrivi","13":"product_tag-cutini-rinaldo-it","14":"pa_product_dimension-dia-51-x-ht-43-cm-it","15":"pa_product_material-metallo-specchiato","17":"first","18":"outofstock","19":"shipping-taxable","20":"purchasable","21":"product-type-simple"},"yoast_head":"<!-- This site is optimized with the Yoast SEO plugin v24.0 - https:\/\/yoast.com\/wordpress\/plugins\/seo\/ -->\n<title>Lampada cinetica in metallo specchiato modello Luna &#8211; Demosmobilia<\/title>\n<meta name=\"robots\" content=\"index, follow, max-snippet:-1, max-image-preview:large, max-video-preview:-1\" \/>\n<link rel=\"canonical\" href=\"https:\/\/www.demosmobilia.ch\/it\/product\/lampada-cinetica-in-metallo-specchiato-modello-luna\/\" \/>\n<meta property=\"og:locale\" content=\"it_IT\" \/>\n<meta property=\"og:type\" content=\"article\" \/>\n<meta property=\"og:title\" content=\"Lampada cinetica in metallo specchiato modello Luna &#8211; Demosmobilia\" \/>\n<meta property=\"og:description\" content=\"Rinaldo Cutini \u00e8 un designer italiano di illuminazione vintage e oggetti decorativi, attivo negli anni \u201960 e \u201970. \u00c8 rinomato per le sue lampade moderne e sperimentali e per i suoi design scultorei, che uniscono funzionalit\u00e0 ed espressivit\u00e0 artistica. Cutini ha collaborato con l\u2019azienda italiana New Lamp, creando modelli iconici che riflettono l\u2019eleganza del design italiano mid\u2011century e la sua innovativa sperimentazione su superfici metalliche e forme luminose geometriche. Tra le sue creazioni pi\u00f9 celebri si distinguono le lampade \u201cLuna\u201d e \u201cLuna Kinetic\u201d, caratterizzate da strutture in metallo cromato, diffusori in vetro opalino e dettagli che giocano con riflessi e movimento della luce. Ogni lampadaLeggi altro &rarr;\" \/>\n<meta property=\"og:url\" content=\"https:\/\/www.demosmobilia.ch\/it\/product\/lampada-cinetica-in-metallo-specchiato-modello-luna\/\" \/>\n<meta property=\"og:site_name\" content=\"Demosmobilia\" \/>\n<meta property=\"article:publisher\" content=\"https:\/\/www.facebook.com\/Demos-Mobilia-1137017453131445\/\" \/>\n<meta property=\"article:modified_time\" content=\"2026-03-14T14:09:58+00:00\" \/>\n<meta property=\"og:image\" content=\"https:\/\/www.demosmobilia.ch\/wp-content\/uploads\/2025\/06\/new-lamp-italian-design-1963-luna-rinaldo-cutini-01.jpg\" \/>\n\t<meta property=\"og:image:width\" content=\"1200\" \/>\n\t<meta property=\"og:image:height\" content=\"900\" \/>\n\t<meta property=\"og:image:type\" content=\"image\/jpeg\" \/>\n<meta name=\"twitter:card\" content=\"summary_large_image\" \/>\n<meta name=\"twitter:label1\" content=\"Tempo di lettura stimato\" \/>\n\t<meta name=\"twitter:data1\" content=\"1 minuto\" \/>\n<script type=\"application\/ld+json\" class=\"yoast-schema-graph\">{\"@context\":\"https:\/\/schema.org\",\"@graph\":[{\"@type\":\"WebPage\",\"@id\":\"https:\/\/www.demosmobilia.ch\/it\/product\/lampada-cinetica-in-metallo-specchiato-modello-luna\/\",\"url\":\"https:\/\/www.demosmobilia.ch\/it\/product\/lampada-cinetica-in-metallo-specchiato-modello-luna\/\",\"name\":\"Lampada cinetica in metallo specchiato modello Luna &#8211; Demosmobilia\",\"isPartOf\":{\"@id\":\"https:\/\/www.demosmobilia.ch\/it\/#website\"},\"primaryImageOfPage\":{\"@id\":\"https:\/\/www.demosmobilia.ch\/it\/product\/lampada-cinetica-in-metallo-specchiato-modello-luna\/#primaryimage\"},\"image\":{\"@id\":\"https:\/\/www.demosmobilia.ch\/it\/product\/lampada-cinetica-in-metallo-specchiato-modello-luna\/#primaryimage\"},\"thumbnailUrl\":\"https:\/\/www.demosmobilia.ch\/wp-content\/uploads\/2025\/06\/new-lamp-italian-design-1963-luna-rinaldo-cutini-01.jpg\",\"datePublished\":\"2026-03-15T08:00:18+00:00\",\"dateModified\":\"2026-03-14T14:09:58+00:00\",\"breadcrumb\":{\"@id\":\"https:\/\/www.demosmobilia.ch\/it\/product\/lampada-cinetica-in-metallo-specchiato-modello-luna\/#breadcrumb\"},\"inLanguage\":\"it-IT\",\"potentialAction\":[{\"@type\":\"ReadAction\",\"target\":[\"https:\/\/www.demosmobilia.ch\/it\/product\/lampada-cinetica-in-metallo-specchiato-modello-luna\/\"]}]},{\"@type\":\"ImageObject\",\"inLanguage\":\"it-IT\",\"@id\":\"https:\/\/www.demosmobilia.ch\/it\/product\/lampada-cinetica-in-metallo-specchiato-modello-luna\/#primaryimage\",\"url\":\"https:\/\/www.demosmobilia.ch\/wp-content\/uploads\/2025\/06\/new-lamp-italian-design-1963-luna-rinaldo-cutini-01.jpg\",\"contentUrl\":\"https:\/\/www.demosmobilia.ch\/wp-content\/uploads\/2025\/06\/new-lamp-italian-design-1963-luna-rinaldo-cutini-01.jpg\",\"width\":1200,\"height\":900},{\"@type\":\"BreadcrumbList\",\"@id\":\"https:\/\/www.demosmobilia.ch\/it\/product\/lampada-cinetica-in-metallo-specchiato-modello-luna\/#breadcrumb\",\"itemListElement\":[{\"@type\":\"ListItem\",\"position\":1,\"name\":\"Home\",\"item\":\"https:\/\/www.demosmobilia.ch\/it\/\"},{\"@type\":\"ListItem\",\"position\":2,\"name\":\"Prodotti\",\"item\":\"https:\/\/www.demosmobilia.ch\/it\/shop\/\"},{\"@type\":\"ListItem\",\"position\":3,\"name\":\"Lampada cinetica in metallo specchiato modello Luna\"}]},{\"@type\":\"WebSite\",\"@id\":\"https:\/\/www.demosmobilia.ch\/it\/#website\",\"url\":\"https:\/\/www.demosmobilia.ch\/it\/\",\"name\":\"Demosmobilia\",\"description\":\"Vintage design forniture from the &#039;30s to the &#039;80s\",\"publisher\":{\"@id\":\"https:\/\/www.demosmobilia.ch\/it\/#organization\"},\"potentialAction\":[{\"@type\":\"SearchAction\",\"target\":{\"@type\":\"EntryPoint\",\"urlTemplate\":\"https:\/\/www.demosmobilia.ch\/it\/?s={search_term_string}\"},\"query-input\":{\"@type\":\"PropertyValueSpecification\",\"valueRequired\":true,\"valueName\":\"search_term_string\"}}],\"inLanguage\":\"it-IT\"},{\"@type\":\"Organization\",\"@id\":\"https:\/\/www.demosmobilia.ch\/it\/#organization\",\"name\":\"demosmobilia\",\"url\":\"https:\/\/www.demosmobilia.ch\/it\/\",\"logo\":{\"@type\":\"ImageObject\",\"inLanguage\":\"it-IT\",\"@id\":\"https:\/\/www.demosmobilia.ch\/it\/#\/schema\/logo\/image\/\",\"url\":\"https:\/\/www.demosmobilia.ch\/wp-content\/uploads\/2020\/07\/demosmobilia-logo-2020-230-160.png\",\"contentUrl\":\"https:\/\/www.demosmobilia.ch\/wp-content\/uploads\/2020\/07\/demosmobilia-logo-2020-230-160.png\",\"width\":230,\"height\":160,\"caption\":\"demosmobilia\"},\"image\":{\"@id\":\"https:\/\/www.demosmobilia.ch\/it\/#\/schema\/logo\/image\/\"},\"sameAs\":[\"https:\/\/www.facebook.com\/Demos-Mobilia-1137017453131445\/\",\"https:\/\/www.instagram.com\/demosmobilia\/\"]}]}<\/script>\n<!-- \/ Yoast SEO plugin. -->","yoast_head_json":{"title":"Lampada cinetica in metallo specchiato modello Luna &#8211; Demosmobilia","robots":{"index":"index","follow":"follow","max-snippet":"max-snippet:-1","max-image-preview":"max-image-preview:large","max-video-preview":"max-video-preview:-1"},"canonical":"https:\/\/www.demosmobilia.ch\/it\/product\/lampada-cinetica-in-metallo-specchiato-modello-luna\/","og_locale":"it_IT","og_type":"article","og_title":"Lampada cinetica in metallo specchiato modello Luna &#8211; Demosmobilia","og_description":"Rinaldo Cutini \u00e8 un designer italiano di illuminazione vintage e oggetti decorativi, attivo negli anni \u201960 e \u201970. \u00c8 rinomato per le sue lampade moderne e sperimentali e per i suoi design scultorei, che uniscono funzionalit\u00e0 ed espressivit\u00e0 artistica. Cutini ha collaborato con l\u2019azienda italiana New Lamp, creando modelli iconici che riflettono l\u2019eleganza del design italiano mid\u2011century e la sua innovativa sperimentazione su superfici metalliche e forme luminose geometriche. Tra le sue creazioni pi\u00f9 celebri si distinguono le lampade \u201cLuna\u201d e \u201cLuna Kinetic\u201d, caratterizzate da strutture in metallo cromato, diffusori in vetro opalino e dettagli che giocano con riflessi e movimento della luce. Ogni lampadaLeggi altro &rarr;","og_url":"https:\/\/www.demosmobilia.ch\/it\/product\/lampada-cinetica-in-metallo-specchiato-modello-luna\/","og_site_name":"Demosmobilia","article_publisher":"https:\/\/www.facebook.com\/Demos-Mobilia-1137017453131445\/","article_modified_time":"2026-03-14T14:09:58+00:00","og_image":[{"width":1200,"height":900,"url":"https:\/\/www.demosmobilia.ch\/wp-content\/uploads\/2025\/06\/new-lamp-italian-design-1963-luna-rinaldo-cutini-01.jpg","type":"image\/jpeg"}],"twitter_card":"summary_large_image","twitter_misc":{"Tempo di lettura stimato":"1 minuto"},"schema":{"@context":"https:\/\/schema.org","@graph":[{"@type":"WebPage","@id":"https:\/\/www.demosmobilia.ch\/it\/product\/lampada-cinetica-in-metallo-specchiato-modello-luna\/","url":"https:\/\/www.demosmobilia.ch\/it\/product\/lampada-cinetica-in-metallo-specchiato-modello-luna\/","name":"Lampada cinetica in metallo specchiato modello Luna &#8211; Demosmobilia","isPartOf":{"@id":"https:\/\/www.demosmobilia.ch\/it\/#website"},"primaryImageOfPage":{"@id":"https:\/\/www.demosmobilia.ch\/it\/product\/lampada-cinetica-in-metallo-specchiato-modello-luna\/#primaryimage"},"image":{"@id":"https:\/\/www.demosmobilia.ch\/it\/product\/lampada-cinetica-in-metallo-specchiato-modello-luna\/#primaryimage"},"thumbnailUrl":"https:\/\/www.demosmobilia.ch\/wp-content\/uploads\/2025\/06\/new-lamp-italian-design-1963-luna-rinaldo-cutini-01.jpg","datePublished":"2026-03-15T08:00:18+00:00","dateModified":"2026-03-14T14:09:58+00:00","breadcrumb":{"@id":"https:\/\/www.demosmobilia.ch\/it\/product\/lampada-cinetica-in-metallo-specchiato-modello-luna\/#breadcrumb"},"inLanguage":"it-IT","potentialAction":[{"@type":"ReadAction","target":["https:\/\/www.demosmobilia.ch\/it\/product\/lampada-cinetica-in-metallo-specchiato-modello-luna\/"]}]},{"@type":"ImageObject","inLanguage":"it-IT","@id":"https:\/\/www.demosmobilia.ch\/it\/product\/lampada-cinetica-in-metallo-specchiato-modello-luna\/#primaryimage","url":"https:\/\/www.demosmobilia.ch\/wp-content\/uploads\/2025\/06\/new-lamp-italian-design-1963-luna-rinaldo-cutini-01.jpg","contentUrl":"https:\/\/www.demosmobilia.ch\/wp-content\/uploads\/2025\/06\/new-lamp-italian-design-1963-luna-rinaldo-cutini-01.jpg","width":1200,"height":900},{"@type":"BreadcrumbList","@id":"https:\/\/www.demosmobilia.ch\/it\/product\/lampada-cinetica-in-metallo-specchiato-modello-luna\/#breadcrumb","itemListElement":[{"@type":"ListItem","position":1,"name":"Home","item":"https:\/\/www.demosmobilia.ch\/it\/"},{"@type":"ListItem","position":2,"name":"Prodotti","item":"https:\/\/www.demosmobilia.ch\/it\/shop\/"},{"@type":"ListItem","position":3,"name":"Lampada cinetica in metallo specchiato modello Luna"}]},{"@type":"WebSite","@id":"https:\/\/www.demosmobilia.ch\/it\/#website","url":"https:\/\/www.demosmobilia.ch\/it\/","name":"Demosmobilia","description":"Vintage design forniture from the &#039;30s to the &#039;80s","publisher":{"@id":"https:\/\/www.demosmobilia.ch\/it\/#organization"},"potentialAction":[{"@type":"SearchAction","target":{"@type":"EntryPoint","urlTemplate":"https:\/\/www.demosmobilia.ch\/it\/?s={search_term_string}"},"query-input":{"@type":"PropertyValueSpecification","valueRequired":true,"valueName":"search_term_string"}}],"inLanguage":"it-IT"},{"@type":"Organization","@id":"https:\/\/www.demosmobilia.ch\/it\/#organization","name":"demosmobilia","url":"https:\/\/www.demosmobilia.ch\/it\/","logo":{"@type":"ImageObject","inLanguage":"it-IT","@id":"https:\/\/www.demosmobilia.ch\/it\/#\/schema\/logo\/image\/","url":"https:\/\/www.demosmobilia.ch\/wp-content\/uploads\/2020\/07\/demosmobilia-logo-2020-230-160.png","contentUrl":"https:\/\/www.demosmobilia.ch\/wp-content\/uploads\/2020\/07\/demosmobilia-logo-2020-230-160.png","width":230,"height":160,"caption":"demosmobilia"},"image":{"@id":"https:\/\/www.demosmobilia.ch\/it\/#\/schema\/logo\/image\/"},"sameAs":["https:\/\/www.facebook.com\/Demos-Mobilia-1137017453131445\/","https:\/\/www.instagram.com\/demosmobilia\/"]}]}},"_links":{"self":[{"href":"https:\/\/www.demosmobilia.ch\/it\/wp-json\/wp\/v2\/product\/83051","targetHints":{"allow":["GET"]}}],"collection":[{"href":"https:\/\/www.demosmobilia.ch\/it\/wp-json\/wp\/v2\/product"}],"about":[{"href":"https:\/\/www.demosmobilia.ch\/it\/wp-json\/wp\/v2\/types\/product"}],"wp:featuredmedia":[{"embeddable":true,"href":"https:\/\/www.demosmobilia.ch\/it\/wp-json\/wp\/v2\/media\/83034"}],"wp:attachment":[{"href":"https:\/\/www.demosmobilia.ch\/it\/wp-json\/wp\/v2\/media?parent=83051"}],"wp:term":[{"taxonomy":"product_cat","embeddable":true,"href":"https:\/\/www.demosmobilia.ch\/it\/wp-json\/wp\/v2\/product_cat?post=83051"},{"taxonomy":"product_tag","embeddable":true,"href":"https:\/\/www.demosmobilia.ch\/it\/wp-json\/wp\/v2\/product_tag?post=83051"}],"curies":[{"name":"wp","href":"https:\/\/api.w.org\/{rel}","templated":true}]}}