{"id":78291,"date":"2024-11-13T13:50:27","date_gmt":"2024-11-13T12:50:27","guid":{"rendered":"https:\/\/www.demosmobilia.ch\/product\/coppia-di-lampadari-gioiello-modello-n-1774-micro\/"},"modified":"2026-01-17T15:39:00","modified_gmt":"2026-01-17T14:39:00","slug":"coppia-di-lampadari-gioiello-modello-n-1774-micro","status":"publish","type":"product","link":"https:\/\/www.demosmobilia.ch\/it\/product\/coppia-di-lampadari-gioiello-modello-n-1774-micro\/","title":{"rendered":"Coppia di lampadari gioiello modello n. 1774 Micro"},"content":{"rendered":"<p><b>Max Ingrand (1908-1969) \u00e8 stato un designer, decoratore e artista del vetro di origine francese che ha svolto un ruolo fondamentale nella definizione del design moderno italiano. Formatosi come maestro vetraio, Ingrand \u00e8 entrato a far parte di Fontana Arte alla fine degli anni &#8217;30, diventandone direttore artistico e guidando l&#8217;azienda attraverso una fase cruciale di innovazione e crescita internazionale.<br \/>Alla Fontana Arte, Max Ingrand svilupp\u00f2 un nuovo linguaggio stilistico basato sulla luce, la trasparenza e la raffinata maestria artigianale. Combin\u00f2 la sperimentazione artistica con la produzione industriale, creando lampade, specchi e mobili in vetro iconici, caratterizzati da linee pulite, proporzioni equilibrate e tecniche avanzate di lavorazione del vetro. Il lavoro di Ingrand trasform\u00f2 la Fontana Arte in un marchio leader nel settore dell&#8217;illuminazione e del design del vetro di alta qualit\u00e0 in Italia, lasciando un&#8217;eredit\u00e0 duratura nel design moderno della met\u00e0 del secolo.   <\/b><\/p>\n","protected":false},"excerpt":{"rendered":"<p>Max Ingrand (1908-1969) \u00e8 stato un designer, decoratore e artista del vetro di origine francese che ha svolto un ruolo fondamentale nella definizione del design moderno italiano. Formatosi come maestro vetraio, Ingrand \u00e8 entrato a far parte di Fontana Arte alla fine degli anni &#8217;30, diventandone direttore artistico e guidando l&#8217;azienda attraverso una fase cruciale di innovazione e crescita internazionale.Alla Fontana Arte, Max Ingrand svilupp\u00f2 un nuovo linguaggio stilistico basato sulla luce, la trasparenza e la raffinata maestria artigianale. Combin\u00f2 la sperimentazione artistica con la produzione industriale, creando lampade, specchi e mobili in vetro iconici, caratterizzati da linee pulite, proporzioni equilibrate e tecniche avanzate di<a class=\"more-link\" href=\"https:\/\/www.demosmobilia.ch\/it\/product\/coppia-di-lampadari-gioiello-modello-n-1774-micro\/\">Leggi altro &rarr;<\/a><\/p>\n","protected":false},"featured_media":78721,"template":"","meta":{"_monsterinsights_skip_tracking":false,"_monsterinsights_sitenote_active":false,"_monsterinsights_sitenote_note":"","_monsterinsights_sitenote_category":0,"kk_blocks_editor_width":"","_kiokenblocks_attr":"","_kiokenblocks_dimensions":""},"product_cat":[4093],"product_tag":[6522],"class_list":{"0":"entry","1":"author-demosmobilia","2":"post-78291","3":"product","4":"type-product","5":"status-publish","6":"has-post-thumbnail","7":"product_production-fontana-arte","8":"product_year-2583","9":"product_nation-italia-it","10":"product_cat-lampade-da-soffitto","11":"product_tag-ingrand-max-it","12":"pa_product_dimension-23-x-10-x-ht-45-cm-it","13":"pa_product_dimension-23-x-10-x-ht-53-cm-it","14":"pa_product_material-vetro-massiccio-acidato-e-lucidato-ottone","16":"first","17":"instock","18":"featured","19":"shipping-taxable","20":"product-type-simple"},"yoast_head":"<!-- This site is optimized with the Yoast SEO plugin v24.0 - https:\/\/yoast.com\/wordpress\/plugins\/seo\/ -->\n<title>Coppia di lampadari gioiello modello n. 1774 Micro &#8211; Demosmobilia<\/title>\n<meta name=\"robots\" content=\"index, follow, max-snippet:-1, max-image-preview:large, max-video-preview:-1\" \/>\n<link rel=\"canonical\" href=\"https:\/\/www.demosmobilia.ch\/it\/product\/coppia-di-lampadari-gioiello-modello-n-1774-micro\/\" \/>\n<meta property=\"og:locale\" content=\"it_IT\" \/>\n<meta property=\"og:type\" content=\"article\" \/>\n<meta property=\"og:title\" content=\"Coppia di lampadari gioiello modello n. 1774 Micro &#8211; Demosmobilia\" \/>\n<meta property=\"og:description\" content=\"Max Ingrand (1908-1969) \u00e8 stato un designer, decoratore e artista del vetro di origine francese che ha svolto un ruolo fondamentale nella definizione del design moderno italiano. Formatosi come maestro vetraio, Ingrand \u00e8 entrato a far parte di Fontana Arte alla fine degli anni &#8217;30, diventandone direttore artistico e guidando l&#8217;azienda attraverso una fase cruciale di innovazione e crescita internazionale.Alla Fontana Arte, Max Ingrand svilupp\u00f2 un nuovo linguaggio stilistico basato sulla luce, la trasparenza e la raffinata maestria artigianale. Combin\u00f2 la sperimentazione artistica con la produzione industriale, creando lampade, specchi e mobili in vetro iconici, caratterizzati da linee pulite, proporzioni equilibrate e tecniche avanzate diLeggi altro &rarr;\" \/>\n<meta property=\"og:url\" content=\"https:\/\/www.demosmobilia.ch\/it\/product\/coppia-di-lampadari-gioiello-modello-n-1774-micro\/\" \/>\n<meta property=\"og:site_name\" content=\"Demosmobilia\" \/>\n<meta property=\"article:publisher\" content=\"https:\/\/www.facebook.com\/Demos-Mobilia-1137017453131445\/\" \/>\n<meta property=\"article:modified_time\" content=\"2026-01-17T14:39:00+00:00\" \/>\n<meta property=\"og:image\" content=\"https:\/\/www.demosmobilia.ch\/wp-content\/uploads\/2024\/11\/max-ingrand-fontana-arte-1961-pendant-light-model1933-micro-01AA-2.jpg\" \/>\n\t<meta property=\"og:image:width\" content=\"1200\" \/>\n\t<meta property=\"og:image:height\" content=\"900\" \/>\n\t<meta property=\"og:image:type\" content=\"image\/jpeg\" \/>\n<meta name=\"twitter:card\" content=\"summary_large_image\" \/>\n<meta name=\"twitter:label1\" content=\"Tempo di lettura stimato\" \/>\n\t<meta name=\"twitter:data1\" content=\"1 minuto\" \/>\n<script type=\"application\/ld+json\" class=\"yoast-schema-graph\">{\"@context\":\"https:\/\/schema.org\",\"@graph\":[{\"@type\":\"WebPage\",\"@id\":\"https:\/\/www.demosmobilia.ch\/it\/product\/coppia-di-lampadari-gioiello-modello-n-1774-micro\/\",\"url\":\"https:\/\/www.demosmobilia.ch\/it\/product\/coppia-di-lampadari-gioiello-modello-n-1774-micro\/\",\"name\":\"Coppia di lampadari gioiello modello n. 1774 Micro &#8211; Demosmobilia\",\"isPartOf\":{\"@id\":\"https:\/\/www.demosmobilia.ch\/it\/#website\"},\"primaryImageOfPage\":{\"@id\":\"https:\/\/www.demosmobilia.ch\/it\/product\/coppia-di-lampadari-gioiello-modello-n-1774-micro\/#primaryimage\"},\"image\":{\"@id\":\"https:\/\/www.demosmobilia.ch\/it\/product\/coppia-di-lampadari-gioiello-modello-n-1774-micro\/#primaryimage\"},\"thumbnailUrl\":\"https:\/\/www.demosmobilia.ch\/wp-content\/uploads\/2024\/11\/max-ingrand-fontana-arte-1961-pendant-light-model1933-micro-01AA-2.jpg\",\"datePublished\":\"2024-11-13T12:50:27+00:00\",\"dateModified\":\"2026-01-17T14:39:00+00:00\",\"breadcrumb\":{\"@id\":\"https:\/\/www.demosmobilia.ch\/it\/product\/coppia-di-lampadari-gioiello-modello-n-1774-micro\/#breadcrumb\"},\"inLanguage\":\"it-IT\",\"potentialAction\":[{\"@type\":\"ReadAction\",\"target\":[\"https:\/\/www.demosmobilia.ch\/it\/product\/coppia-di-lampadari-gioiello-modello-n-1774-micro\/\"]}]},{\"@type\":\"ImageObject\",\"inLanguage\":\"it-IT\",\"@id\":\"https:\/\/www.demosmobilia.ch\/it\/product\/coppia-di-lampadari-gioiello-modello-n-1774-micro\/#primaryimage\",\"url\":\"https:\/\/www.demosmobilia.ch\/wp-content\/uploads\/2024\/11\/max-ingrand-fontana-arte-1961-pendant-light-model1933-micro-01AA-2.jpg\",\"contentUrl\":\"https:\/\/www.demosmobilia.ch\/wp-content\/uploads\/2024\/11\/max-ingrand-fontana-arte-1961-pendant-light-model1933-micro-01AA-2.jpg\",\"width\":1200,\"height\":900},{\"@type\":\"BreadcrumbList\",\"@id\":\"https:\/\/www.demosmobilia.ch\/it\/product\/coppia-di-lampadari-gioiello-modello-n-1774-micro\/#breadcrumb\",\"itemListElement\":[{\"@type\":\"ListItem\",\"position\":1,\"name\":\"Home\",\"item\":\"https:\/\/www.demosmobilia.ch\/it\/\"},{\"@type\":\"ListItem\",\"position\":2,\"name\":\"Prodotti\",\"item\":\"https:\/\/www.demosmobilia.ch\/it\/shop\/\"},{\"@type\":\"ListItem\",\"position\":3,\"name\":\"Coppia di lampadari gioiello modello n. 1774 Micro\"}]},{\"@type\":\"WebSite\",\"@id\":\"https:\/\/www.demosmobilia.ch\/it\/#website\",\"url\":\"https:\/\/www.demosmobilia.ch\/it\/\",\"name\":\"Demosmobilia\",\"description\":\"Vintage design forniture from the &#039;30s to the &#039;80s\",\"publisher\":{\"@id\":\"https:\/\/www.demosmobilia.ch\/it\/#organization\"},\"potentialAction\":[{\"@type\":\"SearchAction\",\"target\":{\"@type\":\"EntryPoint\",\"urlTemplate\":\"https:\/\/www.demosmobilia.ch\/it\/?s={search_term_string}\"},\"query-input\":{\"@type\":\"PropertyValueSpecification\",\"valueRequired\":true,\"valueName\":\"search_term_string\"}}],\"inLanguage\":\"it-IT\"},{\"@type\":\"Organization\",\"@id\":\"https:\/\/www.demosmobilia.ch\/it\/#organization\",\"name\":\"demosmobilia\",\"url\":\"https:\/\/www.demosmobilia.ch\/it\/\",\"logo\":{\"@type\":\"ImageObject\",\"inLanguage\":\"it-IT\",\"@id\":\"https:\/\/www.demosmobilia.ch\/it\/#\/schema\/logo\/image\/\",\"url\":\"https:\/\/www.demosmobilia.ch\/wp-content\/uploads\/2020\/07\/demosmobilia-logo-2020-230-160.png\",\"contentUrl\":\"https:\/\/www.demosmobilia.ch\/wp-content\/uploads\/2020\/07\/demosmobilia-logo-2020-230-160.png\",\"width\":230,\"height\":160,\"caption\":\"demosmobilia\"},\"image\":{\"@id\":\"https:\/\/www.demosmobilia.ch\/it\/#\/schema\/logo\/image\/\"},\"sameAs\":[\"https:\/\/www.facebook.com\/Demos-Mobilia-1137017453131445\/\",\"https:\/\/www.instagram.com\/demosmobilia\/\"]}]}<\/script>\n<!-- \/ Yoast SEO plugin. -->","yoast_head_json":{"title":"Coppia di lampadari gioiello modello n. 1774 Micro &#8211; Demosmobilia","robots":{"index":"index","follow":"follow","max-snippet":"max-snippet:-1","max-image-preview":"max-image-preview:large","max-video-preview":"max-video-preview:-1"},"canonical":"https:\/\/www.demosmobilia.ch\/it\/product\/coppia-di-lampadari-gioiello-modello-n-1774-micro\/","og_locale":"it_IT","og_type":"article","og_title":"Coppia di lampadari gioiello modello n. 1774 Micro &#8211; Demosmobilia","og_description":"Max Ingrand (1908-1969) \u00e8 stato un designer, decoratore e artista del vetro di origine francese che ha svolto un ruolo fondamentale nella definizione del design moderno italiano. Formatosi come maestro vetraio, Ingrand \u00e8 entrato a far parte di Fontana Arte alla fine degli anni &#8217;30, diventandone direttore artistico e guidando l&#8217;azienda attraverso una fase cruciale di innovazione e crescita internazionale.Alla Fontana Arte, Max Ingrand svilupp\u00f2 un nuovo linguaggio stilistico basato sulla luce, la trasparenza e la raffinata maestria artigianale. Combin\u00f2 la sperimentazione artistica con la produzione industriale, creando lampade, specchi e mobili in vetro iconici, caratterizzati da linee pulite, proporzioni equilibrate e tecniche avanzate diLeggi altro &rarr;","og_url":"https:\/\/www.demosmobilia.ch\/it\/product\/coppia-di-lampadari-gioiello-modello-n-1774-micro\/","og_site_name":"Demosmobilia","article_publisher":"https:\/\/www.facebook.com\/Demos-Mobilia-1137017453131445\/","article_modified_time":"2026-01-17T14:39:00+00:00","og_image":[{"width":1200,"height":900,"url":"https:\/\/www.demosmobilia.ch\/wp-content\/uploads\/2024\/11\/max-ingrand-fontana-arte-1961-pendant-light-model1933-micro-01AA-2.jpg","type":"image\/jpeg"}],"twitter_card":"summary_large_image","twitter_misc":{"Tempo di lettura stimato":"1 minuto"},"schema":{"@context":"https:\/\/schema.org","@graph":[{"@type":"WebPage","@id":"https:\/\/www.demosmobilia.ch\/it\/product\/coppia-di-lampadari-gioiello-modello-n-1774-micro\/","url":"https:\/\/www.demosmobilia.ch\/it\/product\/coppia-di-lampadari-gioiello-modello-n-1774-micro\/","name":"Coppia di lampadari gioiello modello n. 1774 Micro &#8211; Demosmobilia","isPartOf":{"@id":"https:\/\/www.demosmobilia.ch\/it\/#website"},"primaryImageOfPage":{"@id":"https:\/\/www.demosmobilia.ch\/it\/product\/coppia-di-lampadari-gioiello-modello-n-1774-micro\/#primaryimage"},"image":{"@id":"https:\/\/www.demosmobilia.ch\/it\/product\/coppia-di-lampadari-gioiello-modello-n-1774-micro\/#primaryimage"},"thumbnailUrl":"https:\/\/www.demosmobilia.ch\/wp-content\/uploads\/2024\/11\/max-ingrand-fontana-arte-1961-pendant-light-model1933-micro-01AA-2.jpg","datePublished":"2024-11-13T12:50:27+00:00","dateModified":"2026-01-17T14:39:00+00:00","breadcrumb":{"@id":"https:\/\/www.demosmobilia.ch\/it\/product\/coppia-di-lampadari-gioiello-modello-n-1774-micro\/#breadcrumb"},"inLanguage":"it-IT","potentialAction":[{"@type":"ReadAction","target":["https:\/\/www.demosmobilia.ch\/it\/product\/coppia-di-lampadari-gioiello-modello-n-1774-micro\/"]}]},{"@type":"ImageObject","inLanguage":"it-IT","@id":"https:\/\/www.demosmobilia.ch\/it\/product\/coppia-di-lampadari-gioiello-modello-n-1774-micro\/#primaryimage","url":"https:\/\/www.demosmobilia.ch\/wp-content\/uploads\/2024\/11\/max-ingrand-fontana-arte-1961-pendant-light-model1933-micro-01AA-2.jpg","contentUrl":"https:\/\/www.demosmobilia.ch\/wp-content\/uploads\/2024\/11\/max-ingrand-fontana-arte-1961-pendant-light-model1933-micro-01AA-2.jpg","width":1200,"height":900},{"@type":"BreadcrumbList","@id":"https:\/\/www.demosmobilia.ch\/it\/product\/coppia-di-lampadari-gioiello-modello-n-1774-micro\/#breadcrumb","itemListElement":[{"@type":"ListItem","position":1,"name":"Home","item":"https:\/\/www.demosmobilia.ch\/it\/"},{"@type":"ListItem","position":2,"name":"Prodotti","item":"https:\/\/www.demosmobilia.ch\/it\/shop\/"},{"@type":"ListItem","position":3,"name":"Coppia di lampadari gioiello modello n. 1774 Micro"}]},{"@type":"WebSite","@id":"https:\/\/www.demosmobilia.ch\/it\/#website","url":"https:\/\/www.demosmobilia.ch\/it\/","name":"Demosmobilia","description":"Vintage design forniture from the &#039;30s to the &#039;80s","publisher":{"@id":"https:\/\/www.demosmobilia.ch\/it\/#organization"},"potentialAction":[{"@type":"SearchAction","target":{"@type":"EntryPoint","urlTemplate":"https:\/\/www.demosmobilia.ch\/it\/?s={search_term_string}"},"query-input":{"@type":"PropertyValueSpecification","valueRequired":true,"valueName":"search_term_string"}}],"inLanguage":"it-IT"},{"@type":"Organization","@id":"https:\/\/www.demosmobilia.ch\/it\/#organization","name":"demosmobilia","url":"https:\/\/www.demosmobilia.ch\/it\/","logo":{"@type":"ImageObject","inLanguage":"it-IT","@id":"https:\/\/www.demosmobilia.ch\/it\/#\/schema\/logo\/image\/","url":"https:\/\/www.demosmobilia.ch\/wp-content\/uploads\/2020\/07\/demosmobilia-logo-2020-230-160.png","contentUrl":"https:\/\/www.demosmobilia.ch\/wp-content\/uploads\/2020\/07\/demosmobilia-logo-2020-230-160.png","width":230,"height":160,"caption":"demosmobilia"},"image":{"@id":"https:\/\/www.demosmobilia.ch\/it\/#\/schema\/logo\/image\/"},"sameAs":["https:\/\/www.facebook.com\/Demos-Mobilia-1137017453131445\/","https:\/\/www.instagram.com\/demosmobilia\/"]}]}},"_links":{"self":[{"href":"https:\/\/www.demosmobilia.ch\/it\/wp-json\/wp\/v2\/product\/78291","targetHints":{"allow":["GET"]}}],"collection":[{"href":"https:\/\/www.demosmobilia.ch\/it\/wp-json\/wp\/v2\/product"}],"about":[{"href":"https:\/\/www.demosmobilia.ch\/it\/wp-json\/wp\/v2\/types\/product"}],"wp:featuredmedia":[{"embeddable":true,"href":"https:\/\/www.demosmobilia.ch\/it\/wp-json\/wp\/v2\/media\/78721"}],"wp:attachment":[{"href":"https:\/\/www.demosmobilia.ch\/it\/wp-json\/wp\/v2\/media?parent=78291"}],"wp:term":[{"taxonomy":"product_cat","embeddable":true,"href":"https:\/\/www.demosmobilia.ch\/it\/wp-json\/wp\/v2\/product_cat?post=78291"},{"taxonomy":"product_tag","embeddable":true,"href":"https:\/\/www.demosmobilia.ch\/it\/wp-json\/wp\/v2\/product_tag?post=78291"}],"curies":[{"name":"wp","href":"https:\/\/api.w.org\/{rel}","templated":true}]}}