{"id":76545,"date":"2024-09-26T15:24:43","date_gmt":"2024-09-26T13:24:43","guid":{"rendered":"https:\/\/www.demosmobilia.ch\/product\/maniglia-doppia-rotonda-smaltata-per-porta-4-paia-disponibili\/"},"modified":"2026-01-17T16:00:30","modified_gmt":"2026-01-17T15:00:30","slug":"maniglia-doppia-rotonda-smaltata-per-porta-4-paia-disponibili","status":"publish","type":"product","link":"https:\/\/www.demosmobilia.ch\/it\/product\/maniglia-doppia-rotonda-smaltata-per-porta-4-paia-disponibili\/","title":{"rendered":"Maniglie smaltate rotonde<br>"},"content":{"rendered":"<p data-start=\"194\" data-end=\"567\">Gio Ponti (Milano, 1891\u20131979) \u00e8 uno dei pi\u00f9 influenti architetti e designer italiani del Novecento e una figura centrale nella definizione del design moderno italiano. Attraverso il suo lavoro, Ponti ha unito architettura, arte applicata e artigianato, promuovendo un linguaggio innovativo che ha valorizzato materiali, colore e sperimentazione. <\/p>\n<p data-start=\"569\" data-end=\"1067\">Dopo la laurea in architettura al Politecnico di Milano nel 1921, Gio Ponti avvia rapidamente una carriera di rilievo internazionale. Nel 1923 partecipa alla Biennale di Monza e avvia la collaborazione con Richard Ginori, contribuendo in modo decisivo al rinnovamento della ceramica italiana. Nel 1925 vince il Grand Prix all\u2019Exposition Internationale di Parigi e fonda la rivista Domus, punto di riferimento globale per architettura e design.  <\/p>\n<p data-start=\"1069\" data-end=\"1683\">Negli anni Trenta, Ponti rafforza il suo ruolo nel panorama culturale italiano dirigendo e organizzando la Triennale di Milano e progettando arredi, oggetti e complementi d\u2019arredo caratterizzati da eleganza, funzionalit\u00e0 e ricerca formale. In questo contesto nasce anche la collaborazione con Paolo De Poli, maestro dello smalto su rame, con cui Gio Ponti sperimenta superfici luminose, colori intensi e nuove possibilit\u00e0 espressive degli smalti artistici. Ponti valorizza il lavoro artigianale di De Poli, integrandolo nel progetto moderno e trasformando lo smalto in un elemento decorativo e architettonico contemporaneo.   <\/p>\n<p data-start=\"1685\" data-end=\"2127\">Negli anni Cinquanta, Gio Ponti realizza alcune delle sue opere architettoniche pi\u00f9 iconiche, come il Palazzo Montecatini e il Grattacielo Pirelli, confermando la sua visione di un design totale in cui architettura, arte e arti applicate dialogano in modo coerente. La collaborazione con De Poli rappresenta uno degli esempi pi\u00f9 significativi della sua capacit\u00e0 di fondere innovazione industriale e alta artigianalit\u00e0, lasciando un\u2019eredit\u00e0 fondamentale nel design e nell\u2019arte italiana del dopoguerra. <\/p>\n","protected":false},"excerpt":{"rendered":"<p>Prezzo indicato per un paio<a class=\"more-link\" href=\"https:\/\/www.demosmobilia.ch\/it\/product\/maniglia-doppia-rotonda-smaltata-per-porta-4-paia-disponibili\/\">Leggi altro &rarr;<\/a><\/p>\n","protected":false},"featured_media":77952,"template":"","meta":{"_monsterinsights_skip_tracking":false,"_monsterinsights_sitenote_active":false,"_monsterinsights_sitenote_note":"","_monsterinsights_sitenote_category":0,"kk_blocks_editor_width":"","_kiokenblocks_attr":"","_kiokenblocks_dimensions":""},"product_cat":[4136],"product_tag":[6469],"class_list":{"0":"entry","1":"author-demosmobilia","2":"has-excerpt","3":"post-76545","4":"product","5":"type-product","6":"status-publish","7":"has-post-thumbnail","8":"product_production-de-poli","9":"product_year-2474","10":"product_nation-italia-it","11":"product_cat-maniglie","12":"product_tag-ponti-gio-it","13":"pa_product_material-dia-12-5-x-8-5-cm-total-it","14":"pa_product_material-metallo-smaltato-ottone","16":"first","17":"instock","18":"shipping-taxable","19":"product-type-simple"},"yoast_head":"<!-- This site is optimized with the Yoast SEO plugin v24.0 - https:\/\/yoast.com\/wordpress\/plugins\/seo\/ -->\n<title>Maniglie smaltate rotonde &#8211; Demosmobilia<\/title>\n<meta name=\"robots\" content=\"index, follow, max-snippet:-1, max-image-preview:large, max-video-preview:-1\" \/>\n<link rel=\"canonical\" href=\"https:\/\/www.demosmobilia.ch\/it\/product\/maniglia-doppia-rotonda-smaltata-per-porta-4-paia-disponibili\/\" \/>\n<meta property=\"og:locale\" content=\"it_IT\" \/>\n<meta property=\"og:type\" content=\"article\" \/>\n<meta property=\"og:title\" content=\"Maniglie smaltate rotonde &#8211; Demosmobilia\" \/>\n<meta property=\"og:description\" content=\"Prezzo indicato per un paioLeggi altro &rarr;\" \/>\n<meta property=\"og:url\" content=\"https:\/\/www.demosmobilia.ch\/it\/product\/maniglia-doppia-rotonda-smaltata-per-porta-4-paia-disponibili\/\" \/>\n<meta property=\"og:site_name\" content=\"Demosmobilia\" \/>\n<meta property=\"article:publisher\" content=\"https:\/\/www.facebook.com\/Demos-Mobilia-1137017453131445\/\" \/>\n<meta property=\"article:modified_time\" content=\"2026-01-17T15:00:30+00:00\" \/>\n<meta property=\"og:image\" content=\"https:\/\/www.demosmobilia.ch\/wp-content\/uploads\/2024\/09\/gio-ponti-de-poli-enameled-metal-round-handle-01A-4-scaled.jpg\" \/>\n\t<meta property=\"og:image:width\" content=\"2560\" \/>\n\t<meta property=\"og:image:height\" content=\"1920\" \/>\n\t<meta property=\"og:image:type\" content=\"image\/jpeg\" \/>\n<meta name=\"twitter:card\" content=\"summary_large_image\" \/>\n<meta name=\"twitter:label1\" content=\"Tempo di lettura stimato\" \/>\n\t<meta name=\"twitter:data1\" content=\"1 minuto\" \/>\n<script type=\"application\/ld+json\" class=\"yoast-schema-graph\">{\"@context\":\"https:\/\/schema.org\",\"@graph\":[{\"@type\":\"WebPage\",\"@id\":\"https:\/\/www.demosmobilia.ch\/it\/product\/maniglia-doppia-rotonda-smaltata-per-porta-4-paia-disponibili\/\",\"url\":\"https:\/\/www.demosmobilia.ch\/it\/product\/maniglia-doppia-rotonda-smaltata-per-porta-4-paia-disponibili\/\",\"name\":\"Maniglie smaltate rotonde &#8211; Demosmobilia\",\"isPartOf\":{\"@id\":\"https:\/\/www.demosmobilia.ch\/it\/#website\"},\"primaryImageOfPage\":{\"@id\":\"https:\/\/www.demosmobilia.ch\/it\/product\/maniglia-doppia-rotonda-smaltata-per-porta-4-paia-disponibili\/#primaryimage\"},\"image\":{\"@id\":\"https:\/\/www.demosmobilia.ch\/it\/product\/maniglia-doppia-rotonda-smaltata-per-porta-4-paia-disponibili\/#primaryimage\"},\"thumbnailUrl\":\"https:\/\/www.demosmobilia.ch\/wp-content\/uploads\/2024\/09\/gio-ponti-de-poli-enameled-metal-round-handle-01A-4-scaled.jpg\",\"datePublished\":\"2024-09-26T13:24:43+00:00\",\"dateModified\":\"2026-01-17T15:00:30+00:00\",\"breadcrumb\":{\"@id\":\"https:\/\/www.demosmobilia.ch\/it\/product\/maniglia-doppia-rotonda-smaltata-per-porta-4-paia-disponibili\/#breadcrumb\"},\"inLanguage\":\"it-IT\",\"potentialAction\":[{\"@type\":\"ReadAction\",\"target\":[\"https:\/\/www.demosmobilia.ch\/it\/product\/maniglia-doppia-rotonda-smaltata-per-porta-4-paia-disponibili\/\"]}]},{\"@type\":\"ImageObject\",\"inLanguage\":\"it-IT\",\"@id\":\"https:\/\/www.demosmobilia.ch\/it\/product\/maniglia-doppia-rotonda-smaltata-per-porta-4-paia-disponibili\/#primaryimage\",\"url\":\"https:\/\/www.demosmobilia.ch\/wp-content\/uploads\/2024\/09\/gio-ponti-de-poli-enameled-metal-round-handle-01A-4-scaled.jpg\",\"contentUrl\":\"https:\/\/www.demosmobilia.ch\/wp-content\/uploads\/2024\/09\/gio-ponti-de-poli-enameled-metal-round-handle-01A-4-scaled.jpg\",\"width\":2560,\"height\":1920},{\"@type\":\"BreadcrumbList\",\"@id\":\"https:\/\/www.demosmobilia.ch\/it\/product\/maniglia-doppia-rotonda-smaltata-per-porta-4-paia-disponibili\/#breadcrumb\",\"itemListElement\":[{\"@type\":\"ListItem\",\"position\":1,\"name\":\"Home\",\"item\":\"https:\/\/www.demosmobilia.ch\/it\/\"},{\"@type\":\"ListItem\",\"position\":2,\"name\":\"Prodotti\",\"item\":\"https:\/\/www.demosmobilia.ch\/it\/shop\/\"},{\"@type\":\"ListItem\",\"position\":3,\"name\":\"Maniglie smaltate rotonde\"}]},{\"@type\":\"WebSite\",\"@id\":\"https:\/\/www.demosmobilia.ch\/it\/#website\",\"url\":\"https:\/\/www.demosmobilia.ch\/it\/\",\"name\":\"Demosmobilia\",\"description\":\"Vintage design forniture from the &#039;30s to the &#039;80s\",\"publisher\":{\"@id\":\"https:\/\/www.demosmobilia.ch\/it\/#organization\"},\"potentialAction\":[{\"@type\":\"SearchAction\",\"target\":{\"@type\":\"EntryPoint\",\"urlTemplate\":\"https:\/\/www.demosmobilia.ch\/it\/?s={search_term_string}\"},\"query-input\":{\"@type\":\"PropertyValueSpecification\",\"valueRequired\":true,\"valueName\":\"search_term_string\"}}],\"inLanguage\":\"it-IT\"},{\"@type\":\"Organization\",\"@id\":\"https:\/\/www.demosmobilia.ch\/it\/#organization\",\"name\":\"demosmobilia\",\"url\":\"https:\/\/www.demosmobilia.ch\/it\/\",\"logo\":{\"@type\":\"ImageObject\",\"inLanguage\":\"it-IT\",\"@id\":\"https:\/\/www.demosmobilia.ch\/it\/#\/schema\/logo\/image\/\",\"url\":\"https:\/\/www.demosmobilia.ch\/wp-content\/uploads\/2020\/07\/demosmobilia-logo-2020-230-160.png\",\"contentUrl\":\"https:\/\/www.demosmobilia.ch\/wp-content\/uploads\/2020\/07\/demosmobilia-logo-2020-230-160.png\",\"width\":230,\"height\":160,\"caption\":\"demosmobilia\"},\"image\":{\"@id\":\"https:\/\/www.demosmobilia.ch\/it\/#\/schema\/logo\/image\/\"},\"sameAs\":[\"https:\/\/www.facebook.com\/Demos-Mobilia-1137017453131445\/\",\"https:\/\/www.instagram.com\/demosmobilia\/\"]}]}<\/script>\n<!-- \/ Yoast SEO plugin. -->","yoast_head_json":{"title":"Maniglie smaltate rotonde &#8211; Demosmobilia","robots":{"index":"index","follow":"follow","max-snippet":"max-snippet:-1","max-image-preview":"max-image-preview:large","max-video-preview":"max-video-preview:-1"},"canonical":"https:\/\/www.demosmobilia.ch\/it\/product\/maniglia-doppia-rotonda-smaltata-per-porta-4-paia-disponibili\/","og_locale":"it_IT","og_type":"article","og_title":"Maniglie smaltate rotonde &#8211; Demosmobilia","og_description":"Prezzo indicato per un paioLeggi altro &rarr;","og_url":"https:\/\/www.demosmobilia.ch\/it\/product\/maniglia-doppia-rotonda-smaltata-per-porta-4-paia-disponibili\/","og_site_name":"Demosmobilia","article_publisher":"https:\/\/www.facebook.com\/Demos-Mobilia-1137017453131445\/","article_modified_time":"2026-01-17T15:00:30+00:00","og_image":[{"width":2560,"height":1920,"url":"https:\/\/www.demosmobilia.ch\/wp-content\/uploads\/2024\/09\/gio-ponti-de-poli-enameled-metal-round-handle-01A-4-scaled.jpg","type":"image\/jpeg"}],"twitter_card":"summary_large_image","twitter_misc":{"Tempo di lettura stimato":"1 minuto"},"schema":{"@context":"https:\/\/schema.org","@graph":[{"@type":"WebPage","@id":"https:\/\/www.demosmobilia.ch\/it\/product\/maniglia-doppia-rotonda-smaltata-per-porta-4-paia-disponibili\/","url":"https:\/\/www.demosmobilia.ch\/it\/product\/maniglia-doppia-rotonda-smaltata-per-porta-4-paia-disponibili\/","name":"Maniglie smaltate rotonde &#8211; Demosmobilia","isPartOf":{"@id":"https:\/\/www.demosmobilia.ch\/it\/#website"},"primaryImageOfPage":{"@id":"https:\/\/www.demosmobilia.ch\/it\/product\/maniglia-doppia-rotonda-smaltata-per-porta-4-paia-disponibili\/#primaryimage"},"image":{"@id":"https:\/\/www.demosmobilia.ch\/it\/product\/maniglia-doppia-rotonda-smaltata-per-porta-4-paia-disponibili\/#primaryimage"},"thumbnailUrl":"https:\/\/www.demosmobilia.ch\/wp-content\/uploads\/2024\/09\/gio-ponti-de-poli-enameled-metal-round-handle-01A-4-scaled.jpg","datePublished":"2024-09-26T13:24:43+00:00","dateModified":"2026-01-17T15:00:30+00:00","breadcrumb":{"@id":"https:\/\/www.demosmobilia.ch\/it\/product\/maniglia-doppia-rotonda-smaltata-per-porta-4-paia-disponibili\/#breadcrumb"},"inLanguage":"it-IT","potentialAction":[{"@type":"ReadAction","target":["https:\/\/www.demosmobilia.ch\/it\/product\/maniglia-doppia-rotonda-smaltata-per-porta-4-paia-disponibili\/"]}]},{"@type":"ImageObject","inLanguage":"it-IT","@id":"https:\/\/www.demosmobilia.ch\/it\/product\/maniglia-doppia-rotonda-smaltata-per-porta-4-paia-disponibili\/#primaryimage","url":"https:\/\/www.demosmobilia.ch\/wp-content\/uploads\/2024\/09\/gio-ponti-de-poli-enameled-metal-round-handle-01A-4-scaled.jpg","contentUrl":"https:\/\/www.demosmobilia.ch\/wp-content\/uploads\/2024\/09\/gio-ponti-de-poli-enameled-metal-round-handle-01A-4-scaled.jpg","width":2560,"height":1920},{"@type":"BreadcrumbList","@id":"https:\/\/www.demosmobilia.ch\/it\/product\/maniglia-doppia-rotonda-smaltata-per-porta-4-paia-disponibili\/#breadcrumb","itemListElement":[{"@type":"ListItem","position":1,"name":"Home","item":"https:\/\/www.demosmobilia.ch\/it\/"},{"@type":"ListItem","position":2,"name":"Prodotti","item":"https:\/\/www.demosmobilia.ch\/it\/shop\/"},{"@type":"ListItem","position":3,"name":"Maniglie smaltate rotonde"}]},{"@type":"WebSite","@id":"https:\/\/www.demosmobilia.ch\/it\/#website","url":"https:\/\/www.demosmobilia.ch\/it\/","name":"Demosmobilia","description":"Vintage design forniture from the &#039;30s to the &#039;80s","publisher":{"@id":"https:\/\/www.demosmobilia.ch\/it\/#organization"},"potentialAction":[{"@type":"SearchAction","target":{"@type":"EntryPoint","urlTemplate":"https:\/\/www.demosmobilia.ch\/it\/?s={search_term_string}"},"query-input":{"@type":"PropertyValueSpecification","valueRequired":true,"valueName":"search_term_string"}}],"inLanguage":"it-IT"},{"@type":"Organization","@id":"https:\/\/www.demosmobilia.ch\/it\/#organization","name":"demosmobilia","url":"https:\/\/www.demosmobilia.ch\/it\/","logo":{"@type":"ImageObject","inLanguage":"it-IT","@id":"https:\/\/www.demosmobilia.ch\/it\/#\/schema\/logo\/image\/","url":"https:\/\/www.demosmobilia.ch\/wp-content\/uploads\/2020\/07\/demosmobilia-logo-2020-230-160.png","contentUrl":"https:\/\/www.demosmobilia.ch\/wp-content\/uploads\/2020\/07\/demosmobilia-logo-2020-230-160.png","width":230,"height":160,"caption":"demosmobilia"},"image":{"@id":"https:\/\/www.demosmobilia.ch\/it\/#\/schema\/logo\/image\/"},"sameAs":["https:\/\/www.facebook.com\/Demos-Mobilia-1137017453131445\/","https:\/\/www.instagram.com\/demosmobilia\/"]}]}},"_links":{"self":[{"href":"https:\/\/www.demosmobilia.ch\/it\/wp-json\/wp\/v2\/product\/76545","targetHints":{"allow":["GET"]}}],"collection":[{"href":"https:\/\/www.demosmobilia.ch\/it\/wp-json\/wp\/v2\/product"}],"about":[{"href":"https:\/\/www.demosmobilia.ch\/it\/wp-json\/wp\/v2\/types\/product"}],"wp:featuredmedia":[{"embeddable":true,"href":"https:\/\/www.demosmobilia.ch\/it\/wp-json\/wp\/v2\/media\/77952"}],"wp:attachment":[{"href":"https:\/\/www.demosmobilia.ch\/it\/wp-json\/wp\/v2\/media?parent=76545"}],"wp:term":[{"taxonomy":"product_cat","embeddable":true,"href":"https:\/\/www.demosmobilia.ch\/it\/wp-json\/wp\/v2\/product_cat?post=76545"},{"taxonomy":"product_tag","embeddable":true,"href":"https:\/\/www.demosmobilia.ch\/it\/wp-json\/wp\/v2\/product_tag?post=76545"}],"curies":[{"name":"wp","href":"https:\/\/api.w.org\/{rel}","templated":true}]}}