{"id":68914,"date":"2023-11-18T15:01:21","date_gmt":"2023-11-18T14:01:21","guid":{"rendered":"https:\/\/www.demosmobilia.ch\/product\/armadio-multifunzionale-intelligente-guardaroba-scrivania-libreria-scarpiera\/"},"modified":"2026-01-17T16:10:30","modified_gmt":"2026-01-17T15:10:30","slug":"armadio-multifunzionale-intelligente-guardaroba-scrivania-libreria-scarpiera","status":"publish","type":"product","link":"https:\/\/www.demosmobilia.ch\/it\/product\/armadio-multifunzionale-intelligente-guardaroba-scrivania-libreria-scarpiera\/","title":{"rendered":"Armadio multifunzionale intelligente: guardaroba, scrivania, libreria, scarpiera"},"content":{"rendered":"<p data-start=\"165\" data-end=\"577\">Gio Ponti (Milano, 1891\u20131979) \u00e8 uno degli architetti e designer italiani pi\u00f9 influenti del Novecento e una figura centrale nello sviluppo del design moderno italiano. Nel corso della sua carriera, Gio Ponti interpreta l\u2019abitare come un progetto totale e dedica particolare attenzione alla progettazione di mobili da camera e sistemi di contenimento intelligenti, unendo funzionalit\u00e0, eleganza e innovazione. <\/p>\n<p data-start=\"579\" data-end=\"1010\">Dopo la laurea in architettura al Politecnico di Milano nel 1921, Gio Ponti avvia rapidamente una carriera di respiro internazionale e applica i principi dell\u2019architettura moderna al design dell\u2019arredo. Nei suoi progetti per la camera da letto, supera il concetto tradizionale di mobile e realizza armadi, cassettiere e contenitori multifunzionali, studiati per ottimizzare lo spazio, migliorare l\u2019organizzazione e rispondere alle esigenze dell\u2019abitare contemporaneo. <\/p>\n<p data-start=\"1012\" data-end=\"1438\">Negli anni Trenta e Quaranta, Gio Ponti progetta mobili da camera caratterizzati da strutture leggere, proporzioni equilibrate e soluzioni progettuali intelligenti, come vani nascosti, moduli componibili e superfici riflettenti che amplificano la percezione dello spazio. Attraverso materiali raffinati, finiture curate e dettagli innovativi, Ponti trasforma i mobili contenitori in elementi centrali dell\u2019architettura d\u2019interni. <\/p>\n<p data-start=\"1440\" data-end=\"1838\">Negli anni Cinquanta, Gio Ponti consolida la sua visione di un design funzionale, flessibile e moderno, in cui i mobili da camera partecipano attivamente alla definizione dello spazio domestico. I suoi contenitori intelligenti esprimono una sintesi efficace tra razionalit\u00e0, estetica e alta artigianalit\u00e0, anticipando temi chiave del design moderno come modularit\u00e0, leggerezza e personalizzazione dell\u2019ambiente abitativo. <\/p>\n","protected":false},"excerpt":{"rendered":"<p>Gio Ponti (Milano, 1891\u20131979) \u00e8 uno degli architetti e designer italiani pi\u00f9 influenti del Novecento e una figura centrale nello sviluppo del design moderno italiano. Nel corso della sua carriera, Gio Ponti interpreta l\u2019abitare come un progetto totale e dedica particolare attenzione alla progettazione di mobili da camera e sistemi di contenimento intelligenti, unendo funzionalit\u00e0, eleganza e innovazione. Dopo la laurea in architettura al Politecnico di Milano nel 1921, Gio Ponti avvia rapidamente una carriera di respiro internazionale e applica i principi dell\u2019architettura moderna al design dell\u2019arredo. Nei suoi progetti per la camera da letto, supera il concetto tradizionale di mobile e realizza armadi, cassettiere<a class=\"more-link\" href=\"https:\/\/www.demosmobilia.ch\/it\/product\/armadio-multifunzionale-intelligente-guardaroba-scrivania-libreria-scarpiera\/\">Leggi altro &rarr;<\/a><\/p>\n","protected":false},"featured_media":68865,"template":"","meta":{"_monsterinsights_skip_tracking":false,"_monsterinsights_sitenote_active":false,"_monsterinsights_sitenote_note":"","_monsterinsights_sitenote_category":0,"kk_blocks_editor_width":"","_kiokenblocks_attr":"","_kiokenblocks_dimensions":""},"product_cat":[4173],"product_tag":[6469],"class_list":{"0":"entry","1":"author-demosmobilia","2":"post-68914","3":"product","4":"type-product","5":"status-publish","6":"has-post-thumbnail","7":"product_year-2412","8":"product_nation-italia-it","9":"product_cat-armadi-e-guardaroba","10":"product_tag-ponti-gio-it","11":"pa_product_dimension-233-5-x-61-x-ht-180-cm-it","12":"pa_product_material-pioppo-tinto-legno-originale-rivestito-in-tessuto-ottone","14":"first","15":"instock","16":"featured","17":"shipping-taxable","18":"product-type-simple"},"yoast_head":"<!-- This site is optimized with the Yoast SEO plugin v24.0 - https:\/\/yoast.com\/wordpress\/plugins\/seo\/ -->\n<title>Armadio multifunzionale intelligente: guardaroba, scrivania, libreria, scarpiera &#8211; Demosmobilia<\/title>\n<meta name=\"robots\" content=\"index, follow, max-snippet:-1, max-image-preview:large, max-video-preview:-1\" \/>\n<link rel=\"canonical\" href=\"https:\/\/www.demosmobilia.ch\/it\/product\/armadio-multifunzionale-intelligente-guardaroba-scrivania-libreria-scarpiera\/\" \/>\n<meta property=\"og:locale\" content=\"it_IT\" \/>\n<meta property=\"og:type\" content=\"article\" \/>\n<meta property=\"og:title\" content=\"Armadio multifunzionale intelligente: guardaroba, scrivania, libreria, scarpiera &#8211; Demosmobilia\" \/>\n<meta property=\"og:description\" content=\"Gio Ponti (Milano, 1891\u20131979) \u00e8 uno degli architetti e designer italiani pi\u00f9 influenti del Novecento e una figura centrale nello sviluppo del design moderno italiano. Nel corso della sua carriera, Gio Ponti interpreta l\u2019abitare come un progetto totale e dedica particolare attenzione alla progettazione di mobili da camera e sistemi di contenimento intelligenti, unendo funzionalit\u00e0, eleganza e innovazione. Dopo la laurea in architettura al Politecnico di Milano nel 1921, Gio Ponti avvia rapidamente una carriera di respiro internazionale e applica i principi dell\u2019architettura moderna al design dell\u2019arredo. Nei suoi progetti per la camera da letto, supera il concetto tradizionale di mobile e realizza armadi, cassettiereLeggi altro &rarr;\" \/>\n<meta property=\"og:url\" content=\"https:\/\/www.demosmobilia.ch\/it\/product\/armadio-multifunzionale-intelligente-guardaroba-scrivania-libreria-scarpiera\/\" \/>\n<meta property=\"og:site_name\" content=\"Demosmobilia\" \/>\n<meta property=\"article:publisher\" content=\"https:\/\/www.facebook.com\/Demos-Mobilia-1137017453131445\/\" \/>\n<meta property=\"article:modified_time\" content=\"2026-01-17T15:10:30+00:00\" \/>\n<meta property=\"og:image\" content=\"https:\/\/www.demosmobilia.ch\/wp-content\/uploads\/2023\/11\/Gio-Ponti-Masterpieces-selection-wrdrobe-cabinet-desk-multifunctionale-cabinet-1954-italy-01.jpg\" \/>\n\t<meta property=\"og:image:width\" content=\"1200\" \/>\n\t<meta property=\"og:image:height\" content=\"900\" \/>\n\t<meta property=\"og:image:type\" content=\"image\/jpeg\" \/>\n<meta name=\"twitter:card\" content=\"summary_large_image\" \/>\n<meta name=\"twitter:label1\" content=\"Tempo di lettura stimato\" \/>\n\t<meta name=\"twitter:data1\" content=\"1 minuto\" \/>\n<script type=\"application\/ld+json\" class=\"yoast-schema-graph\">{\"@context\":\"https:\/\/schema.org\",\"@graph\":[{\"@type\":\"WebPage\",\"@id\":\"https:\/\/www.demosmobilia.ch\/it\/product\/armadio-multifunzionale-intelligente-guardaroba-scrivania-libreria-scarpiera\/\",\"url\":\"https:\/\/www.demosmobilia.ch\/it\/product\/armadio-multifunzionale-intelligente-guardaroba-scrivania-libreria-scarpiera\/\",\"name\":\"Armadio multifunzionale intelligente: guardaroba, scrivania, libreria, scarpiera &#8211; Demosmobilia\",\"isPartOf\":{\"@id\":\"https:\/\/www.demosmobilia.ch\/it\/#website\"},\"primaryImageOfPage\":{\"@id\":\"https:\/\/www.demosmobilia.ch\/it\/product\/armadio-multifunzionale-intelligente-guardaroba-scrivania-libreria-scarpiera\/#primaryimage\"},\"image\":{\"@id\":\"https:\/\/www.demosmobilia.ch\/it\/product\/armadio-multifunzionale-intelligente-guardaroba-scrivania-libreria-scarpiera\/#primaryimage\"},\"thumbnailUrl\":\"https:\/\/www.demosmobilia.ch\/wp-content\/uploads\/2023\/11\/Gio-Ponti-Masterpieces-selection-wrdrobe-cabinet-desk-multifunctionale-cabinet-1954-italy-01.jpg\",\"datePublished\":\"2023-11-18T14:01:21+00:00\",\"dateModified\":\"2026-01-17T15:10:30+00:00\",\"breadcrumb\":{\"@id\":\"https:\/\/www.demosmobilia.ch\/it\/product\/armadio-multifunzionale-intelligente-guardaroba-scrivania-libreria-scarpiera\/#breadcrumb\"},\"inLanguage\":\"it-IT\",\"potentialAction\":[{\"@type\":\"ReadAction\",\"target\":[\"https:\/\/www.demosmobilia.ch\/it\/product\/armadio-multifunzionale-intelligente-guardaroba-scrivania-libreria-scarpiera\/\"]}]},{\"@type\":\"ImageObject\",\"inLanguage\":\"it-IT\",\"@id\":\"https:\/\/www.demosmobilia.ch\/it\/product\/armadio-multifunzionale-intelligente-guardaroba-scrivania-libreria-scarpiera\/#primaryimage\",\"url\":\"https:\/\/www.demosmobilia.ch\/wp-content\/uploads\/2023\/11\/Gio-Ponti-Masterpieces-selection-wrdrobe-cabinet-desk-multifunctionale-cabinet-1954-italy-01.jpg\",\"contentUrl\":\"https:\/\/www.demosmobilia.ch\/wp-content\/uploads\/2023\/11\/Gio-Ponti-Masterpieces-selection-wrdrobe-cabinet-desk-multifunctionale-cabinet-1954-italy-01.jpg\",\"width\":1200,\"height\":900},{\"@type\":\"BreadcrumbList\",\"@id\":\"https:\/\/www.demosmobilia.ch\/it\/product\/armadio-multifunzionale-intelligente-guardaroba-scrivania-libreria-scarpiera\/#breadcrumb\",\"itemListElement\":[{\"@type\":\"ListItem\",\"position\":1,\"name\":\"Home\",\"item\":\"https:\/\/www.demosmobilia.ch\/it\/\"},{\"@type\":\"ListItem\",\"position\":2,\"name\":\"Prodotti\",\"item\":\"https:\/\/www.demosmobilia.ch\/it\/shop\/\"},{\"@type\":\"ListItem\",\"position\":3,\"name\":\"Armadio multifunzionale intelligente: guardaroba, scrivania, libreria, scarpiera\"}]},{\"@type\":\"WebSite\",\"@id\":\"https:\/\/www.demosmobilia.ch\/it\/#website\",\"url\":\"https:\/\/www.demosmobilia.ch\/it\/\",\"name\":\"Demosmobilia\",\"description\":\"Vintage design forniture from the &#039;30s to the &#039;80s\",\"publisher\":{\"@id\":\"https:\/\/www.demosmobilia.ch\/it\/#organization\"},\"potentialAction\":[{\"@type\":\"SearchAction\",\"target\":{\"@type\":\"EntryPoint\",\"urlTemplate\":\"https:\/\/www.demosmobilia.ch\/it\/?s={search_term_string}\"},\"query-input\":{\"@type\":\"PropertyValueSpecification\",\"valueRequired\":true,\"valueName\":\"search_term_string\"}}],\"inLanguage\":\"it-IT\"},{\"@type\":\"Organization\",\"@id\":\"https:\/\/www.demosmobilia.ch\/it\/#organization\",\"name\":\"demosmobilia\",\"url\":\"https:\/\/www.demosmobilia.ch\/it\/\",\"logo\":{\"@type\":\"ImageObject\",\"inLanguage\":\"it-IT\",\"@id\":\"https:\/\/www.demosmobilia.ch\/it\/#\/schema\/logo\/image\/\",\"url\":\"https:\/\/www.demosmobilia.ch\/wp-content\/uploads\/2020\/07\/demosmobilia-logo-2020-230-160.png\",\"contentUrl\":\"https:\/\/www.demosmobilia.ch\/wp-content\/uploads\/2020\/07\/demosmobilia-logo-2020-230-160.png\",\"width\":230,\"height\":160,\"caption\":\"demosmobilia\"},\"image\":{\"@id\":\"https:\/\/www.demosmobilia.ch\/it\/#\/schema\/logo\/image\/\"},\"sameAs\":[\"https:\/\/www.facebook.com\/Demos-Mobilia-1137017453131445\/\",\"https:\/\/www.instagram.com\/demosmobilia\/\"]}]}<\/script>\n<!-- \/ Yoast SEO plugin. -->","yoast_head_json":{"title":"Armadio multifunzionale intelligente: guardaroba, scrivania, libreria, scarpiera &#8211; Demosmobilia","robots":{"index":"index","follow":"follow","max-snippet":"max-snippet:-1","max-image-preview":"max-image-preview:large","max-video-preview":"max-video-preview:-1"},"canonical":"https:\/\/www.demosmobilia.ch\/it\/product\/armadio-multifunzionale-intelligente-guardaroba-scrivania-libreria-scarpiera\/","og_locale":"it_IT","og_type":"article","og_title":"Armadio multifunzionale intelligente: guardaroba, scrivania, libreria, scarpiera &#8211; Demosmobilia","og_description":"Gio Ponti (Milano, 1891\u20131979) \u00e8 uno degli architetti e designer italiani pi\u00f9 influenti del Novecento e una figura centrale nello sviluppo del design moderno italiano. Nel corso della sua carriera, Gio Ponti interpreta l\u2019abitare come un progetto totale e dedica particolare attenzione alla progettazione di mobili da camera e sistemi di contenimento intelligenti, unendo funzionalit\u00e0, eleganza e innovazione. Dopo la laurea in architettura al Politecnico di Milano nel 1921, Gio Ponti avvia rapidamente una carriera di respiro internazionale e applica i principi dell\u2019architettura moderna al design dell\u2019arredo. Nei suoi progetti per la camera da letto, supera il concetto tradizionale di mobile e realizza armadi, cassettiereLeggi altro &rarr;","og_url":"https:\/\/www.demosmobilia.ch\/it\/product\/armadio-multifunzionale-intelligente-guardaroba-scrivania-libreria-scarpiera\/","og_site_name":"Demosmobilia","article_publisher":"https:\/\/www.facebook.com\/Demos-Mobilia-1137017453131445\/","article_modified_time":"2026-01-17T15:10:30+00:00","og_image":[{"width":1200,"height":900,"url":"https:\/\/www.demosmobilia.ch\/wp-content\/uploads\/2023\/11\/Gio-Ponti-Masterpieces-selection-wrdrobe-cabinet-desk-multifunctionale-cabinet-1954-italy-01.jpg","type":"image\/jpeg"}],"twitter_card":"summary_large_image","twitter_misc":{"Tempo di lettura stimato":"1 minuto"},"schema":{"@context":"https:\/\/schema.org","@graph":[{"@type":"WebPage","@id":"https:\/\/www.demosmobilia.ch\/it\/product\/armadio-multifunzionale-intelligente-guardaroba-scrivania-libreria-scarpiera\/","url":"https:\/\/www.demosmobilia.ch\/it\/product\/armadio-multifunzionale-intelligente-guardaroba-scrivania-libreria-scarpiera\/","name":"Armadio multifunzionale intelligente: guardaroba, scrivania, libreria, scarpiera &#8211; Demosmobilia","isPartOf":{"@id":"https:\/\/www.demosmobilia.ch\/it\/#website"},"primaryImageOfPage":{"@id":"https:\/\/www.demosmobilia.ch\/it\/product\/armadio-multifunzionale-intelligente-guardaroba-scrivania-libreria-scarpiera\/#primaryimage"},"image":{"@id":"https:\/\/www.demosmobilia.ch\/it\/product\/armadio-multifunzionale-intelligente-guardaroba-scrivania-libreria-scarpiera\/#primaryimage"},"thumbnailUrl":"https:\/\/www.demosmobilia.ch\/wp-content\/uploads\/2023\/11\/Gio-Ponti-Masterpieces-selection-wrdrobe-cabinet-desk-multifunctionale-cabinet-1954-italy-01.jpg","datePublished":"2023-11-18T14:01:21+00:00","dateModified":"2026-01-17T15:10:30+00:00","breadcrumb":{"@id":"https:\/\/www.demosmobilia.ch\/it\/product\/armadio-multifunzionale-intelligente-guardaroba-scrivania-libreria-scarpiera\/#breadcrumb"},"inLanguage":"it-IT","potentialAction":[{"@type":"ReadAction","target":["https:\/\/www.demosmobilia.ch\/it\/product\/armadio-multifunzionale-intelligente-guardaroba-scrivania-libreria-scarpiera\/"]}]},{"@type":"ImageObject","inLanguage":"it-IT","@id":"https:\/\/www.demosmobilia.ch\/it\/product\/armadio-multifunzionale-intelligente-guardaroba-scrivania-libreria-scarpiera\/#primaryimage","url":"https:\/\/www.demosmobilia.ch\/wp-content\/uploads\/2023\/11\/Gio-Ponti-Masterpieces-selection-wrdrobe-cabinet-desk-multifunctionale-cabinet-1954-italy-01.jpg","contentUrl":"https:\/\/www.demosmobilia.ch\/wp-content\/uploads\/2023\/11\/Gio-Ponti-Masterpieces-selection-wrdrobe-cabinet-desk-multifunctionale-cabinet-1954-italy-01.jpg","width":1200,"height":900},{"@type":"BreadcrumbList","@id":"https:\/\/www.demosmobilia.ch\/it\/product\/armadio-multifunzionale-intelligente-guardaroba-scrivania-libreria-scarpiera\/#breadcrumb","itemListElement":[{"@type":"ListItem","position":1,"name":"Home","item":"https:\/\/www.demosmobilia.ch\/it\/"},{"@type":"ListItem","position":2,"name":"Prodotti","item":"https:\/\/www.demosmobilia.ch\/it\/shop\/"},{"@type":"ListItem","position":3,"name":"Armadio multifunzionale intelligente: guardaroba, scrivania, libreria, scarpiera"}]},{"@type":"WebSite","@id":"https:\/\/www.demosmobilia.ch\/it\/#website","url":"https:\/\/www.demosmobilia.ch\/it\/","name":"Demosmobilia","description":"Vintage design forniture from the &#039;30s to the &#039;80s","publisher":{"@id":"https:\/\/www.demosmobilia.ch\/it\/#organization"},"potentialAction":[{"@type":"SearchAction","target":{"@type":"EntryPoint","urlTemplate":"https:\/\/www.demosmobilia.ch\/it\/?s={search_term_string}"},"query-input":{"@type":"PropertyValueSpecification","valueRequired":true,"valueName":"search_term_string"}}],"inLanguage":"it-IT"},{"@type":"Organization","@id":"https:\/\/www.demosmobilia.ch\/it\/#organization","name":"demosmobilia","url":"https:\/\/www.demosmobilia.ch\/it\/","logo":{"@type":"ImageObject","inLanguage":"it-IT","@id":"https:\/\/www.demosmobilia.ch\/it\/#\/schema\/logo\/image\/","url":"https:\/\/www.demosmobilia.ch\/wp-content\/uploads\/2020\/07\/demosmobilia-logo-2020-230-160.png","contentUrl":"https:\/\/www.demosmobilia.ch\/wp-content\/uploads\/2020\/07\/demosmobilia-logo-2020-230-160.png","width":230,"height":160,"caption":"demosmobilia"},"image":{"@id":"https:\/\/www.demosmobilia.ch\/it\/#\/schema\/logo\/image\/"},"sameAs":["https:\/\/www.facebook.com\/Demos-Mobilia-1137017453131445\/","https:\/\/www.instagram.com\/demosmobilia\/"]}]}},"_links":{"self":[{"href":"https:\/\/www.demosmobilia.ch\/it\/wp-json\/wp\/v2\/product\/68914","targetHints":{"allow":["GET"]}}],"collection":[{"href":"https:\/\/www.demosmobilia.ch\/it\/wp-json\/wp\/v2\/product"}],"about":[{"href":"https:\/\/www.demosmobilia.ch\/it\/wp-json\/wp\/v2\/types\/product"}],"wp:featuredmedia":[{"embeddable":true,"href":"https:\/\/www.demosmobilia.ch\/it\/wp-json\/wp\/v2\/media\/68865"}],"wp:attachment":[{"href":"https:\/\/www.demosmobilia.ch\/it\/wp-json\/wp\/v2\/media?parent=68914"}],"wp:term":[{"taxonomy":"product_cat","embeddable":true,"href":"https:\/\/www.demosmobilia.ch\/it\/wp-json\/wp\/v2\/product_cat?post=68914"},{"taxonomy":"product_tag","embeddable":true,"href":"https:\/\/www.demosmobilia.ch\/it\/wp-json\/wp\/v2\/product_tag?post=68914"}],"curies":[{"name":"wp","href":"https:\/\/api.w.org\/{rel}","templated":true}]}}