{"id":53078,"date":"2021-07-06T15:27:42","date_gmt":"2021-07-06T13:27:42","guid":{"rendered":"https:\/\/www.demosmobilia.ch\/product\/1923-bauhaus-lampada-da-tavolo-multifunzionale\/"},"modified":"2021-07-06T15:27:42","modified_gmt":"2021-07-06T13:27:42","slug":"1923-bauhaus-lampada-da-tavolo-multifunzionale","status":"publish","type":"product","link":"https:\/\/www.demosmobilia.ch\/it\/product\/1923-bauhaus-lampada-da-tavolo-multifunzionale\/","title":{"rendered":"1923 Bauhaus, Lampada da Tavolo Multifunzionale"},"content":{"rendered":"<p>Grande lampada da tavolo originariamente progettata nel 1923 ma derivante da una produzione successiva probabilmente degli anni &#8217;70. Questa lampada da scrivania in metallo pu\u00f2 essere spostata in tutti i tipi di posizioni diverse. L&#8217;ombra della luce pu\u00f2 essere regolata cos\u00ec come la sua posizione.<\/p>\n","protected":false},"excerpt":{"rendered":"<p>Grande lampada da tavolo originariamente progettata nel 1923 ma derivante da una produzione successiva probabilmente degli anni &#8217;70. Questa lampada da scrivania in metallo pu\u00f2 essere spostata in tutti i tipi di posizioni diverse. L&#8217;ombra della luce pu\u00f2 essere regolata cos\u00ec come la sua posizione.<a class=\"more-link\" href=\"https:\/\/www.demosmobilia.ch\/it\/product\/1923-bauhaus-lampada-da-tavolo-multifunzionale\/\">Leggi altro &rarr;<\/a><\/p>\n","protected":false},"featured_media":53065,"template":"","meta":{"_monsterinsights_skip_tracking":false,"_monsterinsights_sitenote_active":false,"_monsterinsights_sitenote_note":"","_monsterinsights_sitenote_category":0,"kk_blocks_editor_width":"","_kiokenblocks_attr":"","_kiokenblocks_dimensions":""},"product_cat":[4094],"product_tag":[7293],"class_list":{"0":"entry","1":"author-demosmobilia","2":"post-53078","3":"product","4":"type-product","5":"status-publish","6":"has-post-thumbnail","7":"product_year-7289","8":"product_nation-germania","9":"product_cat-lampade-da-tavolo","10":"product_tag-jucker-carl-j-it","11":"pa_product_dimension-53-x-33-x-ht-47-cm-it","12":"pa_product_material-alluminio-acciaio","14":"first","15":"instock","16":"shipping-taxable","17":"purchasable","18":"product-type-simple"},"yoast_head":"<!-- This site is optimized with the Yoast SEO plugin v24.0 - https:\/\/yoast.com\/wordpress\/plugins\/seo\/ -->\n<title>1923 Bauhaus, Lampada da Tavolo Multifunzionale &#8211; Demosmobilia<\/title>\n<meta name=\"robots\" content=\"index, follow, max-snippet:-1, max-image-preview:large, max-video-preview:-1\" \/>\n<link rel=\"canonical\" href=\"https:\/\/www.demosmobilia.ch\/it\/product\/1923-bauhaus-lampada-da-tavolo-multifunzionale\/\" \/>\n<meta property=\"og:locale\" content=\"it_IT\" \/>\n<meta property=\"og:type\" content=\"article\" \/>\n<meta property=\"og:title\" content=\"1923 Bauhaus, Lampada da Tavolo Multifunzionale &#8211; Demosmobilia\" \/>\n<meta property=\"og:description\" content=\"Grande lampada da tavolo originariamente progettata nel 1923 ma derivante da una produzione successiva probabilmente degli anni &#8217;70. Questa lampada da scrivania in metallo pu\u00f2 essere spostata in tutti i tipi di posizioni diverse. L&#8217;ombra della luce pu\u00f2 essere regolata cos\u00ec come la sua posizione.Leggi altro &rarr;\" \/>\n<meta property=\"og:url\" content=\"https:\/\/www.demosmobilia.ch\/it\/product\/1923-bauhaus-lampada-da-tavolo-multifunzionale\/\" \/>\n<meta property=\"og:site_name\" content=\"Demosmobilia\" \/>\n<meta property=\"article:publisher\" content=\"https:\/\/www.facebook.com\/Demos-Mobilia-1137017453131445\/\" \/>\n<meta property=\"og:image\" content=\"https:\/\/www.demosmobilia.ch\/wp-content\/uploads\/2021\/07\/desk-table-lamp-carl-j-jucker-1960-design-01A.jpg\" \/>\n\t<meta property=\"og:image:width\" content=\"1200\" \/>\n\t<meta property=\"og:image:height\" content=\"900\" \/>\n\t<meta property=\"og:image:type\" content=\"image\/jpeg\" \/>\n<meta name=\"twitter:card\" content=\"summary_large_image\" \/>\n<script type=\"application\/ld+json\" class=\"yoast-schema-graph\">{\"@context\":\"https:\/\/schema.org\",\"@graph\":[{\"@type\":\"WebPage\",\"@id\":\"https:\/\/www.demosmobilia.ch\/it\/product\/1923-bauhaus-lampada-da-tavolo-multifunzionale\/\",\"url\":\"https:\/\/www.demosmobilia.ch\/it\/product\/1923-bauhaus-lampada-da-tavolo-multifunzionale\/\",\"name\":\"1923 Bauhaus, Lampada da Tavolo Multifunzionale &#8211; Demosmobilia\",\"isPartOf\":{\"@id\":\"https:\/\/www.demosmobilia.ch\/it\/#website\"},\"primaryImageOfPage\":{\"@id\":\"https:\/\/www.demosmobilia.ch\/it\/product\/1923-bauhaus-lampada-da-tavolo-multifunzionale\/#primaryimage\"},\"image\":{\"@id\":\"https:\/\/www.demosmobilia.ch\/it\/product\/1923-bauhaus-lampada-da-tavolo-multifunzionale\/#primaryimage\"},\"thumbnailUrl\":\"https:\/\/www.demosmobilia.ch\/wp-content\/uploads\/2021\/07\/desk-table-lamp-carl-j-jucker-1960-design-01A.jpg\",\"datePublished\":\"2021-07-06T13:27:42+00:00\",\"dateModified\":\"2021-07-06T13:27:42+00:00\",\"breadcrumb\":{\"@id\":\"https:\/\/www.demosmobilia.ch\/it\/product\/1923-bauhaus-lampada-da-tavolo-multifunzionale\/#breadcrumb\"},\"inLanguage\":\"it-IT\",\"potentialAction\":[{\"@type\":\"ReadAction\",\"target\":[\"https:\/\/www.demosmobilia.ch\/it\/product\/1923-bauhaus-lampada-da-tavolo-multifunzionale\/\"]}]},{\"@type\":\"ImageObject\",\"inLanguage\":\"it-IT\",\"@id\":\"https:\/\/www.demosmobilia.ch\/it\/product\/1923-bauhaus-lampada-da-tavolo-multifunzionale\/#primaryimage\",\"url\":\"https:\/\/www.demosmobilia.ch\/wp-content\/uploads\/2021\/07\/desk-table-lamp-carl-j-jucker-1960-design-01A.jpg\",\"contentUrl\":\"https:\/\/www.demosmobilia.ch\/wp-content\/uploads\/2021\/07\/desk-table-lamp-carl-j-jucker-1960-design-01A.jpg\",\"width\":1200,\"height\":900},{\"@type\":\"BreadcrumbList\",\"@id\":\"https:\/\/www.demosmobilia.ch\/it\/product\/1923-bauhaus-lampada-da-tavolo-multifunzionale\/#breadcrumb\",\"itemListElement\":[{\"@type\":\"ListItem\",\"position\":1,\"name\":\"Home\",\"item\":\"https:\/\/www.demosmobilia.ch\/it\/\"},{\"@type\":\"ListItem\",\"position\":2,\"name\":\"Prodotti\",\"item\":\"https:\/\/www.demosmobilia.ch\/it\/shop\/\"},{\"@type\":\"ListItem\",\"position\":3,\"name\":\"1923 Bauhaus, Lampada da Tavolo Multifunzionale\"}]},{\"@type\":\"WebSite\",\"@id\":\"https:\/\/www.demosmobilia.ch\/it\/#website\",\"url\":\"https:\/\/www.demosmobilia.ch\/it\/\",\"name\":\"Demosmobilia\",\"description\":\"Vintage design forniture from the &#039;30s to the &#039;80s\",\"publisher\":{\"@id\":\"https:\/\/www.demosmobilia.ch\/it\/#organization\"},\"potentialAction\":[{\"@type\":\"SearchAction\",\"target\":{\"@type\":\"EntryPoint\",\"urlTemplate\":\"https:\/\/www.demosmobilia.ch\/it\/?s={search_term_string}\"},\"query-input\":{\"@type\":\"PropertyValueSpecification\",\"valueRequired\":true,\"valueName\":\"search_term_string\"}}],\"inLanguage\":\"it-IT\"},{\"@type\":\"Organization\",\"@id\":\"https:\/\/www.demosmobilia.ch\/it\/#organization\",\"name\":\"demosmobilia\",\"url\":\"https:\/\/www.demosmobilia.ch\/it\/\",\"logo\":{\"@type\":\"ImageObject\",\"inLanguage\":\"it-IT\",\"@id\":\"https:\/\/www.demosmobilia.ch\/it\/#\/schema\/logo\/image\/\",\"url\":\"https:\/\/www.demosmobilia.ch\/wp-content\/uploads\/2020\/07\/demosmobilia-logo-2020-230-160.png\",\"contentUrl\":\"https:\/\/www.demosmobilia.ch\/wp-content\/uploads\/2020\/07\/demosmobilia-logo-2020-230-160.png\",\"width\":230,\"height\":160,\"caption\":\"demosmobilia\"},\"image\":{\"@id\":\"https:\/\/www.demosmobilia.ch\/it\/#\/schema\/logo\/image\/\"},\"sameAs\":[\"https:\/\/www.facebook.com\/Demos-Mobilia-1137017453131445\/\",\"https:\/\/www.instagram.com\/demosmobilia\/\"]}]}<\/script>\n<!-- \/ Yoast SEO plugin. -->","yoast_head_json":{"title":"1923 Bauhaus, Lampada da Tavolo Multifunzionale &#8211; Demosmobilia","robots":{"index":"index","follow":"follow","max-snippet":"max-snippet:-1","max-image-preview":"max-image-preview:large","max-video-preview":"max-video-preview:-1"},"canonical":"https:\/\/www.demosmobilia.ch\/it\/product\/1923-bauhaus-lampada-da-tavolo-multifunzionale\/","og_locale":"it_IT","og_type":"article","og_title":"1923 Bauhaus, Lampada da Tavolo Multifunzionale &#8211; Demosmobilia","og_description":"Grande lampada da tavolo originariamente progettata nel 1923 ma derivante da una produzione successiva probabilmente degli anni &#8217;70. Questa lampada da scrivania in metallo pu\u00f2 essere spostata in tutti i tipi di posizioni diverse. L&#8217;ombra della luce pu\u00f2 essere regolata cos\u00ec come la sua posizione.Leggi altro &rarr;","og_url":"https:\/\/www.demosmobilia.ch\/it\/product\/1923-bauhaus-lampada-da-tavolo-multifunzionale\/","og_site_name":"Demosmobilia","article_publisher":"https:\/\/www.facebook.com\/Demos-Mobilia-1137017453131445\/","og_image":[{"width":1200,"height":900,"url":"https:\/\/www.demosmobilia.ch\/wp-content\/uploads\/2021\/07\/desk-table-lamp-carl-j-jucker-1960-design-01A.jpg","type":"image\/jpeg"}],"twitter_card":"summary_large_image","schema":{"@context":"https:\/\/schema.org","@graph":[{"@type":"WebPage","@id":"https:\/\/www.demosmobilia.ch\/it\/product\/1923-bauhaus-lampada-da-tavolo-multifunzionale\/","url":"https:\/\/www.demosmobilia.ch\/it\/product\/1923-bauhaus-lampada-da-tavolo-multifunzionale\/","name":"1923 Bauhaus, Lampada da Tavolo Multifunzionale &#8211; Demosmobilia","isPartOf":{"@id":"https:\/\/www.demosmobilia.ch\/it\/#website"},"primaryImageOfPage":{"@id":"https:\/\/www.demosmobilia.ch\/it\/product\/1923-bauhaus-lampada-da-tavolo-multifunzionale\/#primaryimage"},"image":{"@id":"https:\/\/www.demosmobilia.ch\/it\/product\/1923-bauhaus-lampada-da-tavolo-multifunzionale\/#primaryimage"},"thumbnailUrl":"https:\/\/www.demosmobilia.ch\/wp-content\/uploads\/2021\/07\/desk-table-lamp-carl-j-jucker-1960-design-01A.jpg","datePublished":"2021-07-06T13:27:42+00:00","dateModified":"2021-07-06T13:27:42+00:00","breadcrumb":{"@id":"https:\/\/www.demosmobilia.ch\/it\/product\/1923-bauhaus-lampada-da-tavolo-multifunzionale\/#breadcrumb"},"inLanguage":"it-IT","potentialAction":[{"@type":"ReadAction","target":["https:\/\/www.demosmobilia.ch\/it\/product\/1923-bauhaus-lampada-da-tavolo-multifunzionale\/"]}]},{"@type":"ImageObject","inLanguage":"it-IT","@id":"https:\/\/www.demosmobilia.ch\/it\/product\/1923-bauhaus-lampada-da-tavolo-multifunzionale\/#primaryimage","url":"https:\/\/www.demosmobilia.ch\/wp-content\/uploads\/2021\/07\/desk-table-lamp-carl-j-jucker-1960-design-01A.jpg","contentUrl":"https:\/\/www.demosmobilia.ch\/wp-content\/uploads\/2021\/07\/desk-table-lamp-carl-j-jucker-1960-design-01A.jpg","width":1200,"height":900},{"@type":"BreadcrumbList","@id":"https:\/\/www.demosmobilia.ch\/it\/product\/1923-bauhaus-lampada-da-tavolo-multifunzionale\/#breadcrumb","itemListElement":[{"@type":"ListItem","position":1,"name":"Home","item":"https:\/\/www.demosmobilia.ch\/it\/"},{"@type":"ListItem","position":2,"name":"Prodotti","item":"https:\/\/www.demosmobilia.ch\/it\/shop\/"},{"@type":"ListItem","position":3,"name":"1923 Bauhaus, Lampada da Tavolo Multifunzionale"}]},{"@type":"WebSite","@id":"https:\/\/www.demosmobilia.ch\/it\/#website","url":"https:\/\/www.demosmobilia.ch\/it\/","name":"Demosmobilia","description":"Vintage design forniture from the &#039;30s to the &#039;80s","publisher":{"@id":"https:\/\/www.demosmobilia.ch\/it\/#organization"},"potentialAction":[{"@type":"SearchAction","target":{"@type":"EntryPoint","urlTemplate":"https:\/\/www.demosmobilia.ch\/it\/?s={search_term_string}"},"query-input":{"@type":"PropertyValueSpecification","valueRequired":true,"valueName":"search_term_string"}}],"inLanguage":"it-IT"},{"@type":"Organization","@id":"https:\/\/www.demosmobilia.ch\/it\/#organization","name":"demosmobilia","url":"https:\/\/www.demosmobilia.ch\/it\/","logo":{"@type":"ImageObject","inLanguage":"it-IT","@id":"https:\/\/www.demosmobilia.ch\/it\/#\/schema\/logo\/image\/","url":"https:\/\/www.demosmobilia.ch\/wp-content\/uploads\/2020\/07\/demosmobilia-logo-2020-230-160.png","contentUrl":"https:\/\/www.demosmobilia.ch\/wp-content\/uploads\/2020\/07\/demosmobilia-logo-2020-230-160.png","width":230,"height":160,"caption":"demosmobilia"},"image":{"@id":"https:\/\/www.demosmobilia.ch\/it\/#\/schema\/logo\/image\/"},"sameAs":["https:\/\/www.facebook.com\/Demos-Mobilia-1137017453131445\/","https:\/\/www.instagram.com\/demosmobilia\/"]}]}},"_links":{"self":[{"href":"https:\/\/www.demosmobilia.ch\/it\/wp-json\/wp\/v2\/product\/53078","targetHints":{"allow":["GET"]}}],"collection":[{"href":"https:\/\/www.demosmobilia.ch\/it\/wp-json\/wp\/v2\/product"}],"about":[{"href":"https:\/\/www.demosmobilia.ch\/it\/wp-json\/wp\/v2\/types\/product"}],"wp:featuredmedia":[{"embeddable":true,"href":"https:\/\/www.demosmobilia.ch\/it\/wp-json\/wp\/v2\/media\/53065"}],"wp:attachment":[{"href":"https:\/\/www.demosmobilia.ch\/it\/wp-json\/wp\/v2\/media?parent=53078"}],"wp:term":[{"taxonomy":"product_cat","embeddable":true,"href":"https:\/\/www.demosmobilia.ch\/it\/wp-json\/wp\/v2\/product_cat?post=53078"},{"taxonomy":"product_tag","embeddable":true,"href":"https:\/\/www.demosmobilia.ch\/it\/wp-json\/wp\/v2\/product_tag?post=53078"}],"curies":[{"name":"wp","href":"https:\/\/api.w.org\/{rel}","templated":true}]}}