{"id":40620,"date":"2021-04-20T12:00:00","date_gmt":"2020-05-15T10:00:00","guid":{"rendered":"https:\/\/www.demosmobilia.ch\/product\/moneta-in-lama-di-ferro-scultura-topoke-liganda\/"},"modified":"2020-05-15T12:00:00","modified_gmt":"2020-05-15T10:00:00","slug":"moneta-in-lama-di-ferro-scultura-topoke-liganda","status":"publish","type":"product","link":"https:\/\/www.demosmobilia.ch\/it\/product\/moneta-in-lama-di-ferro-scultura-topoke-liganda\/","title":{"rendered":"Moneta in Lama di Ferro, Scultura, Topoke Liganda"},"content":{"rendered":"<p>Questa lama in ferro &#8220;liganda&#8221; proviene dai Suku, che vivono nell&#8217;Haut Zaire, ed \u00e8 stata utilizzata come metodo di pagamento.<br \/>Questo denaro primitivo \u00e8 stato prodotto alla fine del XIX secolo ed \u00e8 fatto di ferro.<\/p>\n<p>Il denaro primitivo africano \u00e8 in ottime condizioni.<br \/>L&#8217;oggetto misura 192 cm di altezza.<\/p>\n","protected":false},"excerpt":{"rendered":"<p>Questa lama in ferro &#8220;liganda&#8221; proviene dai Suku, che vivono nell&#8217;Haut Zaire, ed \u00e8 stata utilizzata come metodo di pagamento.Questo denaro primitivo \u00e8 stato prodotto alla fine del XIX secolo ed \u00e8 fatto di ferro. Il denaro primitivo africano \u00e8 in ottime condizioni.L&#8217;oggetto misura 192 cm di altezza.<a class=\"more-link\" href=\"https:\/\/www.demosmobilia.ch\/it\/product\/moneta-in-lama-di-ferro-scultura-topoke-liganda\/\">Leggi altro &rarr;<\/a><\/p>\n","protected":false},"featured_media":37262,"template":"","meta":{"_monsterinsights_skip_tracking":false,"_monsterinsights_sitenote_active":false,"_monsterinsights_sitenote_note":"","_monsterinsights_sitenote_category":0,"kk_blocks_editor_width":"","_kiokenblocks_attr":"","_kiokenblocks_dimensions":""},"product_cat":[4081],"product_tag":[],"class_list":{"0":"entry","1":"author-demosmobilia","2":"post-40620","3":"product","4":"type-product","5":"status-publish","6":"has-post-thumbnail","7":"product_year-late-19th-c","8":"product_nation-africa-it","9":"product_cat-sculture","11":"first","12":"outofstock","13":"shipping-taxable","14":"purchasable","15":"product-type-simple"},"yoast_head":"<!-- This site is optimized with the Yoast SEO plugin v24.0 - https:\/\/yoast.com\/wordpress\/plugins\/seo\/ -->\n<title>Moneta in Lama di Ferro, Scultura, Topoke Liganda &#8211; Demosmobilia<\/title>\n<meta name=\"robots\" content=\"index, follow, max-snippet:-1, max-image-preview:large, max-video-preview:-1\" \/>\n<link rel=\"canonical\" href=\"https:\/\/www.demosmobilia.ch\/it\/product\/moneta-in-lama-di-ferro-scultura-topoke-liganda\/\" \/>\n<meta property=\"og:locale\" content=\"it_IT\" \/>\n<meta property=\"og:type\" content=\"article\" \/>\n<meta property=\"og:title\" content=\"Moneta in Lama di Ferro, Scultura, Topoke Liganda &#8211; Demosmobilia\" \/>\n<meta property=\"og:description\" content=\"Questa lama in ferro &#8220;liganda&#8221; proviene dai Suku, che vivono nell&#8217;Haut Zaire, ed \u00e8 stata utilizzata come metodo di pagamento.Questo denaro primitivo \u00e8 stato prodotto alla fine del XIX secolo ed \u00e8 fatto di ferro. Il denaro primitivo africano \u00e8 in ottime condizioni.L&#8217;oggetto misura 192 cm di altezza.Leggi altro &rarr;\" \/>\n<meta property=\"og:url\" content=\"https:\/\/www.demosmobilia.ch\/it\/product\/moneta-in-lama-di-ferro-scultura-topoke-liganda\/\" \/>\n<meta property=\"og:site_name\" content=\"Demosmobilia\" \/>\n<meta property=\"article:publisher\" content=\"https:\/\/www.facebook.com\/Demos-Mobilia-1137017453131445\/\" \/>\n<meta property=\"og:image\" content=\"https:\/\/www.demosmobilia.ch\/wp-content\/uploads\/2020\/05\/grand-monnai-topoke-liganda-art-africain-01.jpg\" \/>\n\t<meta property=\"og:image:width\" content=\"1200\" \/>\n\t<meta property=\"og:image:height\" content=\"900\" \/>\n\t<meta property=\"og:image:type\" content=\"image\/jpeg\" \/>\n<meta name=\"twitter:card\" content=\"summary_large_image\" \/>\n<script type=\"application\/ld+json\" class=\"yoast-schema-graph\">{\"@context\":\"https:\/\/schema.org\",\"@graph\":[{\"@type\":\"WebPage\",\"@id\":\"https:\/\/www.demosmobilia.ch\/it\/product\/moneta-in-lama-di-ferro-scultura-topoke-liganda\/\",\"url\":\"https:\/\/www.demosmobilia.ch\/it\/product\/moneta-in-lama-di-ferro-scultura-topoke-liganda\/\",\"name\":\"Moneta in Lama di Ferro, Scultura, Topoke Liganda &#8211; Demosmobilia\",\"isPartOf\":{\"@id\":\"https:\/\/www.demosmobilia.ch\/it\/#website\"},\"primaryImageOfPage\":{\"@id\":\"https:\/\/www.demosmobilia.ch\/it\/product\/moneta-in-lama-di-ferro-scultura-topoke-liganda\/#primaryimage\"},\"image\":{\"@id\":\"https:\/\/www.demosmobilia.ch\/it\/product\/moneta-in-lama-di-ferro-scultura-topoke-liganda\/#primaryimage\"},\"thumbnailUrl\":\"https:\/\/www.demosmobilia.ch\/wp-content\/uploads\/2020\/05\/grand-monnai-topoke-liganda-art-africain-01.jpg\",\"datePublished\":\"2020-05-15T10:00:00+00:00\",\"dateModified\":\"2020-05-15T10:00:00+00:00\",\"breadcrumb\":{\"@id\":\"https:\/\/www.demosmobilia.ch\/it\/product\/moneta-in-lama-di-ferro-scultura-topoke-liganda\/#breadcrumb\"},\"inLanguage\":\"it-IT\",\"potentialAction\":[{\"@type\":\"ReadAction\",\"target\":[\"https:\/\/www.demosmobilia.ch\/it\/product\/moneta-in-lama-di-ferro-scultura-topoke-liganda\/\"]}]},{\"@type\":\"ImageObject\",\"inLanguage\":\"it-IT\",\"@id\":\"https:\/\/www.demosmobilia.ch\/it\/product\/moneta-in-lama-di-ferro-scultura-topoke-liganda\/#primaryimage\",\"url\":\"https:\/\/www.demosmobilia.ch\/wp-content\/uploads\/2020\/05\/grand-monnai-topoke-liganda-art-africain-01.jpg\",\"contentUrl\":\"https:\/\/www.demosmobilia.ch\/wp-content\/uploads\/2020\/05\/grand-monnai-topoke-liganda-art-africain-01.jpg\",\"width\":1200,\"height\":900},{\"@type\":\"BreadcrumbList\",\"@id\":\"https:\/\/www.demosmobilia.ch\/it\/product\/moneta-in-lama-di-ferro-scultura-topoke-liganda\/#breadcrumb\",\"itemListElement\":[{\"@type\":\"ListItem\",\"position\":1,\"name\":\"Home\",\"item\":\"https:\/\/www.demosmobilia.ch\/it\/\"},{\"@type\":\"ListItem\",\"position\":2,\"name\":\"Prodotti\",\"item\":\"https:\/\/www.demosmobilia.ch\/it\/shop\/\"},{\"@type\":\"ListItem\",\"position\":3,\"name\":\"Moneta in Lama di Ferro, Scultura, Topoke Liganda\"}]},{\"@type\":\"WebSite\",\"@id\":\"https:\/\/www.demosmobilia.ch\/it\/#website\",\"url\":\"https:\/\/www.demosmobilia.ch\/it\/\",\"name\":\"Demosmobilia\",\"description\":\"Vintage design forniture from the &#039;30s to the &#039;80s\",\"publisher\":{\"@id\":\"https:\/\/www.demosmobilia.ch\/it\/#organization\"},\"potentialAction\":[{\"@type\":\"SearchAction\",\"target\":{\"@type\":\"EntryPoint\",\"urlTemplate\":\"https:\/\/www.demosmobilia.ch\/it\/?s={search_term_string}\"},\"query-input\":{\"@type\":\"PropertyValueSpecification\",\"valueRequired\":true,\"valueName\":\"search_term_string\"}}],\"inLanguage\":\"it-IT\"},{\"@type\":\"Organization\",\"@id\":\"https:\/\/www.demosmobilia.ch\/it\/#organization\",\"name\":\"demosmobilia\",\"url\":\"https:\/\/www.demosmobilia.ch\/it\/\",\"logo\":{\"@type\":\"ImageObject\",\"inLanguage\":\"it-IT\",\"@id\":\"https:\/\/www.demosmobilia.ch\/it\/#\/schema\/logo\/image\/\",\"url\":\"https:\/\/www.demosmobilia.ch\/wp-content\/uploads\/2020\/07\/demosmobilia-logo-2020-230-160.png\",\"contentUrl\":\"https:\/\/www.demosmobilia.ch\/wp-content\/uploads\/2020\/07\/demosmobilia-logo-2020-230-160.png\",\"width\":230,\"height\":160,\"caption\":\"demosmobilia\"},\"image\":{\"@id\":\"https:\/\/www.demosmobilia.ch\/it\/#\/schema\/logo\/image\/\"},\"sameAs\":[\"https:\/\/www.facebook.com\/Demos-Mobilia-1137017453131445\/\",\"https:\/\/www.instagram.com\/demosmobilia\/\"]}]}<\/script>\n<!-- \/ Yoast SEO plugin. -->","yoast_head_json":{"title":"Moneta in Lama di Ferro, Scultura, Topoke Liganda &#8211; Demosmobilia","robots":{"index":"index","follow":"follow","max-snippet":"max-snippet:-1","max-image-preview":"max-image-preview:large","max-video-preview":"max-video-preview:-1"},"canonical":"https:\/\/www.demosmobilia.ch\/it\/product\/moneta-in-lama-di-ferro-scultura-topoke-liganda\/","og_locale":"it_IT","og_type":"article","og_title":"Moneta in Lama di Ferro, Scultura, Topoke Liganda &#8211; Demosmobilia","og_description":"Questa lama in ferro &#8220;liganda&#8221; proviene dai Suku, che vivono nell&#8217;Haut Zaire, ed \u00e8 stata utilizzata come metodo di pagamento.Questo denaro primitivo \u00e8 stato prodotto alla fine del XIX secolo ed \u00e8 fatto di ferro. Il denaro primitivo africano \u00e8 in ottime condizioni.L&#8217;oggetto misura 192 cm di altezza.Leggi altro &rarr;","og_url":"https:\/\/www.demosmobilia.ch\/it\/product\/moneta-in-lama-di-ferro-scultura-topoke-liganda\/","og_site_name":"Demosmobilia","article_publisher":"https:\/\/www.facebook.com\/Demos-Mobilia-1137017453131445\/","og_image":[{"width":1200,"height":900,"url":"https:\/\/www.demosmobilia.ch\/wp-content\/uploads\/2020\/05\/grand-monnai-topoke-liganda-art-africain-01.jpg","type":"image\/jpeg"}],"twitter_card":"summary_large_image","schema":{"@context":"https:\/\/schema.org","@graph":[{"@type":"WebPage","@id":"https:\/\/www.demosmobilia.ch\/it\/product\/moneta-in-lama-di-ferro-scultura-topoke-liganda\/","url":"https:\/\/www.demosmobilia.ch\/it\/product\/moneta-in-lama-di-ferro-scultura-topoke-liganda\/","name":"Moneta in Lama di Ferro, Scultura, Topoke Liganda &#8211; Demosmobilia","isPartOf":{"@id":"https:\/\/www.demosmobilia.ch\/it\/#website"},"primaryImageOfPage":{"@id":"https:\/\/www.demosmobilia.ch\/it\/product\/moneta-in-lama-di-ferro-scultura-topoke-liganda\/#primaryimage"},"image":{"@id":"https:\/\/www.demosmobilia.ch\/it\/product\/moneta-in-lama-di-ferro-scultura-topoke-liganda\/#primaryimage"},"thumbnailUrl":"https:\/\/www.demosmobilia.ch\/wp-content\/uploads\/2020\/05\/grand-monnai-topoke-liganda-art-africain-01.jpg","datePublished":"2020-05-15T10:00:00+00:00","dateModified":"2020-05-15T10:00:00+00:00","breadcrumb":{"@id":"https:\/\/www.demosmobilia.ch\/it\/product\/moneta-in-lama-di-ferro-scultura-topoke-liganda\/#breadcrumb"},"inLanguage":"it-IT","potentialAction":[{"@type":"ReadAction","target":["https:\/\/www.demosmobilia.ch\/it\/product\/moneta-in-lama-di-ferro-scultura-topoke-liganda\/"]}]},{"@type":"ImageObject","inLanguage":"it-IT","@id":"https:\/\/www.demosmobilia.ch\/it\/product\/moneta-in-lama-di-ferro-scultura-topoke-liganda\/#primaryimage","url":"https:\/\/www.demosmobilia.ch\/wp-content\/uploads\/2020\/05\/grand-monnai-topoke-liganda-art-africain-01.jpg","contentUrl":"https:\/\/www.demosmobilia.ch\/wp-content\/uploads\/2020\/05\/grand-monnai-topoke-liganda-art-africain-01.jpg","width":1200,"height":900},{"@type":"BreadcrumbList","@id":"https:\/\/www.demosmobilia.ch\/it\/product\/moneta-in-lama-di-ferro-scultura-topoke-liganda\/#breadcrumb","itemListElement":[{"@type":"ListItem","position":1,"name":"Home","item":"https:\/\/www.demosmobilia.ch\/it\/"},{"@type":"ListItem","position":2,"name":"Prodotti","item":"https:\/\/www.demosmobilia.ch\/it\/shop\/"},{"@type":"ListItem","position":3,"name":"Moneta in Lama di Ferro, Scultura, Topoke Liganda"}]},{"@type":"WebSite","@id":"https:\/\/www.demosmobilia.ch\/it\/#website","url":"https:\/\/www.demosmobilia.ch\/it\/","name":"Demosmobilia","description":"Vintage design forniture from the &#039;30s to the &#039;80s","publisher":{"@id":"https:\/\/www.demosmobilia.ch\/it\/#organization"},"potentialAction":[{"@type":"SearchAction","target":{"@type":"EntryPoint","urlTemplate":"https:\/\/www.demosmobilia.ch\/it\/?s={search_term_string}"},"query-input":{"@type":"PropertyValueSpecification","valueRequired":true,"valueName":"search_term_string"}}],"inLanguage":"it-IT"},{"@type":"Organization","@id":"https:\/\/www.demosmobilia.ch\/it\/#organization","name":"demosmobilia","url":"https:\/\/www.demosmobilia.ch\/it\/","logo":{"@type":"ImageObject","inLanguage":"it-IT","@id":"https:\/\/www.demosmobilia.ch\/it\/#\/schema\/logo\/image\/","url":"https:\/\/www.demosmobilia.ch\/wp-content\/uploads\/2020\/07\/demosmobilia-logo-2020-230-160.png","contentUrl":"https:\/\/www.demosmobilia.ch\/wp-content\/uploads\/2020\/07\/demosmobilia-logo-2020-230-160.png","width":230,"height":160,"caption":"demosmobilia"},"image":{"@id":"https:\/\/www.demosmobilia.ch\/it\/#\/schema\/logo\/image\/"},"sameAs":["https:\/\/www.facebook.com\/Demos-Mobilia-1137017453131445\/","https:\/\/www.instagram.com\/demosmobilia\/"]}]}},"_links":{"self":[{"href":"https:\/\/www.demosmobilia.ch\/it\/wp-json\/wp\/v2\/product\/40620","targetHints":{"allow":["GET"]}}],"collection":[{"href":"https:\/\/www.demosmobilia.ch\/it\/wp-json\/wp\/v2\/product"}],"about":[{"href":"https:\/\/www.demosmobilia.ch\/it\/wp-json\/wp\/v2\/types\/product"}],"wp:featuredmedia":[{"embeddable":true,"href":"https:\/\/www.demosmobilia.ch\/it\/wp-json\/wp\/v2\/media\/37262"}],"wp:attachment":[{"href":"https:\/\/www.demosmobilia.ch\/it\/wp-json\/wp\/v2\/media?parent=40620"}],"wp:term":[{"taxonomy":"product_cat","embeddable":true,"href":"https:\/\/www.demosmobilia.ch\/it\/wp-json\/wp\/v2\/product_cat?post=40620"},{"taxonomy":"product_tag","embeddable":true,"href":"https:\/\/www.demosmobilia.ch\/it\/wp-json\/wp\/v2\/product_tag?post=40620"}],"curies":[{"name":"wp","href":"https:\/\/api.w.org\/{rel}","templated":true}]}}