{"id":39006,"date":"2020-12-20T13:44:26","date_gmt":"2020-09-18T11:44:26","guid":{"rendered":"https:\/\/www.demosmobilia.ch\/product\/divano-o-lettino-mod-minerva\/"},"modified":"2020-10-17T12:10:47","modified_gmt":"2020-10-17T10:10:47","slug":"divano-o-lettino-mod-minerva","status":"publish","type":"product","link":"https:\/\/www.demosmobilia.ch\/it\/product\/divano-o-lettino-mod-minerva\/","title":{"rendered":"Divano o Lettino mod. Minerva"},"content":{"rendered":"<p>Questo Divano letto modello Minerva \u00e8 stato disegnato dal duo Danese Peter Hvidt &amp; Orla M\u00f8lgaard-Nielsen nel 1953.<br \/>Tessuto nuovo giallo su struttura di Teak. La serie Minerva \u00e8 un&#8217;intera serie di divani in diverse dimensioni e con diverse opzioni di braccioli (compreso anche un tavolo ad angolo) che sono fatti per adattarsi insieme in diverse configurazioni. Tutti i divani possono essere utilizzati in una delle configurazioni o semplicemente da soli.<\/p>\n","protected":false},"excerpt":{"rendered":"<p>Questo Divano letto modello Minerva \u00e8 stato disegnato dal duo Danese Peter Hvidt &amp; Orla M\u00f8lgaard-Nielsen nel 1953.Tessuto nuovo giallo su struttura di Teak. La serie Minerva \u00e8 un&#8217;intera serie di divani in diverse dimensioni e con diverse opzioni di braccioli (compreso anche un tavolo ad angolo) che sono fatti per adattarsi insieme in diverse configurazioni. Tutti i divani possono essere utilizzati in una delle configurazioni o semplicemente da soli.<a class=\"more-link\" href=\"https:\/\/www.demosmobilia.ch\/it\/product\/divano-o-lettino-mod-minerva\/\">Leggi altro &rarr;<\/a><\/p>\n","protected":false},"featured_media":38634,"template":"","meta":{"_monsterinsights_skip_tracking":false,"_monsterinsights_sitenote_active":false,"_monsterinsights_sitenote_note":"","_monsterinsights_sitenote_category":0,"kk_blocks_editor_width":"","_kiokenblocks_attr":"","_kiokenblocks_dimensions":""},"product_cat":[4089,4162,4156],"product_tag":[6872],"class_list":{"0":"entry","1":"author-demosmobilia","2":"post-39006","3":"product","4":"type-product","5":"status-publish","6":"has-post-thumbnail","7":"product_production-france-son","8":"product_year-1950-approx","9":"product_nation-danimarca","10":"product_cat-nuovi-arrivi","11":"product_cat-divani-e-divani-letto","12":"product_cat-letti-e-dormeuse","13":"product_tag-hvidt-peter-it","14":"pa_product_dimension-190-x-76-x-seduta-ht-40-cm","15":"pa_product_dimension-totale-ht-81-cm","16":"pa_product_material-teak-metallo-completamente-ricoperta-da-un-nuovo-rivestimento-in-nuovo-tessuto-giallo","18":"first","19":"outofstock","20":"shipping-taxable","21":"purchasable","22":"product-type-simple"},"yoast_head":"<!-- This site is optimized with the Yoast SEO plugin v24.0 - https:\/\/yoast.com\/wordpress\/plugins\/seo\/ -->\n<title>Divano o Lettino mod. Minerva &#8211; Demosmobilia<\/title>\n<meta name=\"robots\" content=\"index, follow, max-snippet:-1, max-image-preview:large, max-video-preview:-1\" \/>\n<link rel=\"canonical\" href=\"https:\/\/www.demosmobilia.ch\/it\/product\/divano-o-lettino-mod-minerva\/\" \/>\n<meta property=\"og:locale\" content=\"it_IT\" \/>\n<meta property=\"og:type\" content=\"article\" \/>\n<meta property=\"og:title\" content=\"Divano o Lettino mod. Minerva &#8211; Demosmobilia\" \/>\n<meta property=\"og:description\" content=\"Questo Divano letto modello Minerva \u00e8 stato disegnato dal duo Danese Peter Hvidt &amp; Orla M\u00f8lgaard-Nielsen nel 1953.Tessuto nuovo giallo su struttura di Teak. La serie Minerva \u00e8 un&#8217;intera serie di divani in diverse dimensioni e con diverse opzioni di braccioli (compreso anche un tavolo ad angolo) che sono fatti per adattarsi insieme in diverse configurazioni. Tutti i divani possono essere utilizzati in una delle configurazioni o semplicemente da soli.Leggi altro &rarr;\" \/>\n<meta property=\"og:url\" content=\"https:\/\/www.demosmobilia.ch\/it\/product\/divano-o-lettino-mod-minerva\/\" \/>\n<meta property=\"og:site_name\" content=\"Demosmobilia\" \/>\n<meta property=\"article:publisher\" content=\"https:\/\/www.facebook.com\/Demos-Mobilia-1137017453131445\/\" \/>\n<meta property=\"article:modified_time\" content=\"2020-10-17T10:10:47+00:00\" \/>\n<meta property=\"og:image\" content=\"https:\/\/www.demosmobilia.ch\/wp-content\/uploads\/2020\/09\/Sofa-minerva-Hvidt-Peter-FranceSon-1950Denmark-01.jpg\" \/>\n\t<meta property=\"og:image:width\" content=\"1200\" \/>\n\t<meta property=\"og:image:height\" content=\"900\" \/>\n\t<meta property=\"og:image:type\" content=\"image\/jpeg\" \/>\n<meta name=\"twitter:card\" content=\"summary_large_image\" \/>\n<script type=\"application\/ld+json\" class=\"yoast-schema-graph\">{\"@context\":\"https:\/\/schema.org\",\"@graph\":[{\"@type\":\"WebPage\",\"@id\":\"https:\/\/www.demosmobilia.ch\/it\/product\/divano-o-lettino-mod-minerva\/\",\"url\":\"https:\/\/www.demosmobilia.ch\/it\/product\/divano-o-lettino-mod-minerva\/\",\"name\":\"Divano o Lettino mod. Minerva &#8211; Demosmobilia\",\"isPartOf\":{\"@id\":\"https:\/\/www.demosmobilia.ch\/it\/#website\"},\"primaryImageOfPage\":{\"@id\":\"https:\/\/www.demosmobilia.ch\/it\/product\/divano-o-lettino-mod-minerva\/#primaryimage\"},\"image\":{\"@id\":\"https:\/\/www.demosmobilia.ch\/it\/product\/divano-o-lettino-mod-minerva\/#primaryimage\"},\"thumbnailUrl\":\"https:\/\/www.demosmobilia.ch\/wp-content\/uploads\/2020\/09\/Sofa-minerva-Hvidt-Peter-FranceSon-1950Denmark-01.jpg\",\"datePublished\":\"2020-09-18T11:44:26+00:00\",\"dateModified\":\"2020-10-17T10:10:47+00:00\",\"breadcrumb\":{\"@id\":\"https:\/\/www.demosmobilia.ch\/it\/product\/divano-o-lettino-mod-minerva\/#breadcrumb\"},\"inLanguage\":\"it-IT\",\"potentialAction\":[{\"@type\":\"ReadAction\",\"target\":[\"https:\/\/www.demosmobilia.ch\/it\/product\/divano-o-lettino-mod-minerva\/\"]}]},{\"@type\":\"ImageObject\",\"inLanguage\":\"it-IT\",\"@id\":\"https:\/\/www.demosmobilia.ch\/it\/product\/divano-o-lettino-mod-minerva\/#primaryimage\",\"url\":\"https:\/\/www.demosmobilia.ch\/wp-content\/uploads\/2020\/09\/Sofa-minerva-Hvidt-Peter-FranceSon-1950Denmark-01.jpg\",\"contentUrl\":\"https:\/\/www.demosmobilia.ch\/wp-content\/uploads\/2020\/09\/Sofa-minerva-Hvidt-Peter-FranceSon-1950Denmark-01.jpg\",\"width\":1200,\"height\":900},{\"@type\":\"BreadcrumbList\",\"@id\":\"https:\/\/www.demosmobilia.ch\/it\/product\/divano-o-lettino-mod-minerva\/#breadcrumb\",\"itemListElement\":[{\"@type\":\"ListItem\",\"position\":1,\"name\":\"Home\",\"item\":\"https:\/\/www.demosmobilia.ch\/it\/\"},{\"@type\":\"ListItem\",\"position\":2,\"name\":\"Prodotti\",\"item\":\"https:\/\/www.demosmobilia.ch\/it\/shop\/\"},{\"@type\":\"ListItem\",\"position\":3,\"name\":\"Divano o Lettino mod. Minerva\"}]},{\"@type\":\"WebSite\",\"@id\":\"https:\/\/www.demosmobilia.ch\/it\/#website\",\"url\":\"https:\/\/www.demosmobilia.ch\/it\/\",\"name\":\"Demosmobilia\",\"description\":\"Vintage design forniture from the &#039;30s to the &#039;80s\",\"publisher\":{\"@id\":\"https:\/\/www.demosmobilia.ch\/it\/#organization\"},\"potentialAction\":[{\"@type\":\"SearchAction\",\"target\":{\"@type\":\"EntryPoint\",\"urlTemplate\":\"https:\/\/www.demosmobilia.ch\/it\/?s={search_term_string}\"},\"query-input\":{\"@type\":\"PropertyValueSpecification\",\"valueRequired\":true,\"valueName\":\"search_term_string\"}}],\"inLanguage\":\"it-IT\"},{\"@type\":\"Organization\",\"@id\":\"https:\/\/www.demosmobilia.ch\/it\/#organization\",\"name\":\"demosmobilia\",\"url\":\"https:\/\/www.demosmobilia.ch\/it\/\",\"logo\":{\"@type\":\"ImageObject\",\"inLanguage\":\"it-IT\",\"@id\":\"https:\/\/www.demosmobilia.ch\/it\/#\/schema\/logo\/image\/\",\"url\":\"https:\/\/www.demosmobilia.ch\/wp-content\/uploads\/2020\/07\/demosmobilia-logo-2020-230-160.png\",\"contentUrl\":\"https:\/\/www.demosmobilia.ch\/wp-content\/uploads\/2020\/07\/demosmobilia-logo-2020-230-160.png\",\"width\":230,\"height\":160,\"caption\":\"demosmobilia\"},\"image\":{\"@id\":\"https:\/\/www.demosmobilia.ch\/it\/#\/schema\/logo\/image\/\"},\"sameAs\":[\"https:\/\/www.facebook.com\/Demos-Mobilia-1137017453131445\/\",\"https:\/\/www.instagram.com\/demosmobilia\/\"]}]}<\/script>\n<!-- \/ Yoast SEO plugin. -->","yoast_head_json":{"title":"Divano o Lettino mod. Minerva &#8211; Demosmobilia","robots":{"index":"index","follow":"follow","max-snippet":"max-snippet:-1","max-image-preview":"max-image-preview:large","max-video-preview":"max-video-preview:-1"},"canonical":"https:\/\/www.demosmobilia.ch\/it\/product\/divano-o-lettino-mod-minerva\/","og_locale":"it_IT","og_type":"article","og_title":"Divano o Lettino mod. Minerva &#8211; Demosmobilia","og_description":"Questo Divano letto modello Minerva \u00e8 stato disegnato dal duo Danese Peter Hvidt &amp; Orla M\u00f8lgaard-Nielsen nel 1953.Tessuto nuovo giallo su struttura di Teak. La serie Minerva \u00e8 un&#8217;intera serie di divani in diverse dimensioni e con diverse opzioni di braccioli (compreso anche un tavolo ad angolo) che sono fatti per adattarsi insieme in diverse configurazioni. Tutti i divani possono essere utilizzati in una delle configurazioni o semplicemente da soli.Leggi altro &rarr;","og_url":"https:\/\/www.demosmobilia.ch\/it\/product\/divano-o-lettino-mod-minerva\/","og_site_name":"Demosmobilia","article_publisher":"https:\/\/www.facebook.com\/Demos-Mobilia-1137017453131445\/","article_modified_time":"2020-10-17T10:10:47+00:00","og_image":[{"width":1200,"height":900,"url":"https:\/\/www.demosmobilia.ch\/wp-content\/uploads\/2020\/09\/Sofa-minerva-Hvidt-Peter-FranceSon-1950Denmark-01.jpg","type":"image\/jpeg"}],"twitter_card":"summary_large_image","schema":{"@context":"https:\/\/schema.org","@graph":[{"@type":"WebPage","@id":"https:\/\/www.demosmobilia.ch\/it\/product\/divano-o-lettino-mod-minerva\/","url":"https:\/\/www.demosmobilia.ch\/it\/product\/divano-o-lettino-mod-minerva\/","name":"Divano o Lettino mod. Minerva &#8211; Demosmobilia","isPartOf":{"@id":"https:\/\/www.demosmobilia.ch\/it\/#website"},"primaryImageOfPage":{"@id":"https:\/\/www.demosmobilia.ch\/it\/product\/divano-o-lettino-mod-minerva\/#primaryimage"},"image":{"@id":"https:\/\/www.demosmobilia.ch\/it\/product\/divano-o-lettino-mod-minerva\/#primaryimage"},"thumbnailUrl":"https:\/\/www.demosmobilia.ch\/wp-content\/uploads\/2020\/09\/Sofa-minerva-Hvidt-Peter-FranceSon-1950Denmark-01.jpg","datePublished":"2020-09-18T11:44:26+00:00","dateModified":"2020-10-17T10:10:47+00:00","breadcrumb":{"@id":"https:\/\/www.demosmobilia.ch\/it\/product\/divano-o-lettino-mod-minerva\/#breadcrumb"},"inLanguage":"it-IT","potentialAction":[{"@type":"ReadAction","target":["https:\/\/www.demosmobilia.ch\/it\/product\/divano-o-lettino-mod-minerva\/"]}]},{"@type":"ImageObject","inLanguage":"it-IT","@id":"https:\/\/www.demosmobilia.ch\/it\/product\/divano-o-lettino-mod-minerva\/#primaryimage","url":"https:\/\/www.demosmobilia.ch\/wp-content\/uploads\/2020\/09\/Sofa-minerva-Hvidt-Peter-FranceSon-1950Denmark-01.jpg","contentUrl":"https:\/\/www.demosmobilia.ch\/wp-content\/uploads\/2020\/09\/Sofa-minerva-Hvidt-Peter-FranceSon-1950Denmark-01.jpg","width":1200,"height":900},{"@type":"BreadcrumbList","@id":"https:\/\/www.demosmobilia.ch\/it\/product\/divano-o-lettino-mod-minerva\/#breadcrumb","itemListElement":[{"@type":"ListItem","position":1,"name":"Home","item":"https:\/\/www.demosmobilia.ch\/it\/"},{"@type":"ListItem","position":2,"name":"Prodotti","item":"https:\/\/www.demosmobilia.ch\/it\/shop\/"},{"@type":"ListItem","position":3,"name":"Divano o Lettino mod. Minerva"}]},{"@type":"WebSite","@id":"https:\/\/www.demosmobilia.ch\/it\/#website","url":"https:\/\/www.demosmobilia.ch\/it\/","name":"Demosmobilia","description":"Vintage design forniture from the &#039;30s to the &#039;80s","publisher":{"@id":"https:\/\/www.demosmobilia.ch\/it\/#organization"},"potentialAction":[{"@type":"SearchAction","target":{"@type":"EntryPoint","urlTemplate":"https:\/\/www.demosmobilia.ch\/it\/?s={search_term_string}"},"query-input":{"@type":"PropertyValueSpecification","valueRequired":true,"valueName":"search_term_string"}}],"inLanguage":"it-IT"},{"@type":"Organization","@id":"https:\/\/www.demosmobilia.ch\/it\/#organization","name":"demosmobilia","url":"https:\/\/www.demosmobilia.ch\/it\/","logo":{"@type":"ImageObject","inLanguage":"it-IT","@id":"https:\/\/www.demosmobilia.ch\/it\/#\/schema\/logo\/image\/","url":"https:\/\/www.demosmobilia.ch\/wp-content\/uploads\/2020\/07\/demosmobilia-logo-2020-230-160.png","contentUrl":"https:\/\/www.demosmobilia.ch\/wp-content\/uploads\/2020\/07\/demosmobilia-logo-2020-230-160.png","width":230,"height":160,"caption":"demosmobilia"},"image":{"@id":"https:\/\/www.demosmobilia.ch\/it\/#\/schema\/logo\/image\/"},"sameAs":["https:\/\/www.facebook.com\/Demos-Mobilia-1137017453131445\/","https:\/\/www.instagram.com\/demosmobilia\/"]}]}},"_links":{"self":[{"href":"https:\/\/www.demosmobilia.ch\/it\/wp-json\/wp\/v2\/product\/39006","targetHints":{"allow":["GET"]}}],"collection":[{"href":"https:\/\/www.demosmobilia.ch\/it\/wp-json\/wp\/v2\/product"}],"about":[{"href":"https:\/\/www.demosmobilia.ch\/it\/wp-json\/wp\/v2\/types\/product"}],"wp:featuredmedia":[{"embeddable":true,"href":"https:\/\/www.demosmobilia.ch\/it\/wp-json\/wp\/v2\/media\/38634"}],"wp:attachment":[{"href":"https:\/\/www.demosmobilia.ch\/it\/wp-json\/wp\/v2\/media?parent=39006"}],"wp:term":[{"taxonomy":"product_cat","embeddable":true,"href":"https:\/\/www.demosmobilia.ch\/it\/wp-json\/wp\/v2\/product_cat?post=39006"},{"taxonomy":"product_tag","embeddable":true,"href":"https:\/\/www.demosmobilia.ch\/it\/wp-json\/wp\/v2\/product_tag?post=39006"}],"curies":[{"name":"wp","href":"https:\/\/api.w.org\/{rel}","templated":true}]}}