{"id":38493,"date":"2020-09-18T10:53:04","date_gmt":"2020-09-18T08:53:04","guid":{"rendered":"https:\/\/www.demosmobilia.ch\/comperare-e-vendere\/"},"modified":"2020-10-08T16:34:23","modified_gmt":"2020-10-08T14:34:23","slug":"comprare-e-vendere","status":"publish","type":"page","link":"https:\/\/www.demosmobilia.ch\/it\/comprare-e-vendere\/","title":{"rendered":"Comprare e vendere"},"content":{"rendered":"<p><p><strong>COMPRARE<\/strong><\/p>&#13;\n<p><strong>Il nostro compito principale \u00e8 quello di soddisfare i vostri desideri e per farlo al meglio vi seguiremo passo dopo passo, dalla scelta di un particolare articolo fino alla spedizione finale.<\/strong><\/p><\/p><p><p><strong>VENDERE<br\/><\/strong>Siamo costantemente alla ricerca di nuovi articoli per la nostra collezione, e siamo lieti di esaminare qualsiasi articolo che desideriate vendere.<br\/>La nostra esperienza e la nostra competenza sul mercato possono essere utilizzate anche per una vasta gamma di transazioni e consulenze private.<br\/>Oltre ai nostri servizi, possiamo assistere nell&#8217;acquisto e nella vendita di articoli o di intere collezioni al di fuori del processo di vendita pubblica.<\/p><\/p><p><p><strong>COME ACQUISTARE<br\/><\/strong>Tutti gli articoli Demosmobilia sono venduti secondo i seguenti termini e condizioni.<\/p><\/p><p><p><strong>RICHIESTA INFORMAZIONI<br\/><\/strong>Fate una richiesta di informazioni via telefono, e-mail o di persona sugli articoli che vi interessano e vi forniremo tutte le informazioni di cui avete bisogno.<br\/>Specificare il numero dell&#8217;articolo.<\/p><\/p><p><strong>ITEMS EXAMINATION<\/strong><br\/>Because of the vintage nature of our items buyers should know that most items are used. Buyers are advised to inquire via phone, email, or in person about the condition of any item they intend to purchase.<br\/>All condition issues may not be photographed or referenced online, but we are pleased to personally provide a more detailed description and \/ or additional photographs prior to your purchase.<br\/>Statements given regarding any items on Demosmobilia, whether orally or in writing, are intended as opinions only and do not constitute a warranty.<\/p><p><p><strong>EFFETTUARE L&#8217;ORDINE<br\/><\/strong>Effettua il tuo ordine per telefono, e-mail o di persona. Gli articoli che vi interessano saranno riservati a te per 14 giorni.<\/p><\/p><p><strong>PAYMENT<br\/><\/strong>Payment should be done within 14 days in one of the following accepted forms of payment:<br\/>\u2014 Bank wire<br\/>\u2014 Cash<\/p><p><p><strong>SPEDIZIONI<\/strong><\/p>&#13;\n<p>I preventivi per la spedizione possono essere forniti prima dell&#8217;acquisto.<br\/>Spediamo in tutto il mondo attraverso diversi metodi di spedizione.<br\/>Tutti gli ordini saranno assicurati, se non \u00e8 possibile Demosmobilia spedir\u00e0 solo a rischio e a spese dell&#8217;acquirente.<br\/>Demosmobilia non garantisce il prezzo, il tempo di spedizione o la qualit\u00e0 di questo servizio quando \u00e8 fatto da una ditta esterna.<\/p><\/p><p><p><strong>RICEVUTA DI SPEDIZIONE<br\/><\/strong>Vogliamo sempre evitare che i vostri preziosi acquisti vengano danneggiati. In casi molto rari, tuttavia, pu\u00f2 accadere che i pacchi vengano gestiti in modo non corretto.<br\/>Le nostre spedizioni sono assicurate, ma \u00e8 necessario seguire correttamente la procedura per poter usufruire di questo servizio:<\/p><\/p><ul class=\"wp-block-list\"><li>&#8211; Approfittate della possibilit\u00e0 di ricevere il pacco con &#8220;riserva&#8221;, questa opzione data da ogni compagnia di spedizione vi permetter\u00e0 di segnalare pi\u00f9 facilmente eventuali danni alla merce causati dal trasporto.<\/li><li>I pacchi devono essere aperti immediatamente! Non possiamo accettare segnalazioni ricevute pi\u00f9 di 36 ore dopo la consegna del pacco.<\/li><li>Al momento della consegna, controllare che il pacco non presenti danni visibili. Se \u00e8 danneggiato, chiedete al corriere di essere presente quando il pacco viene aperto. Se questo non \u00e8 possibile, fotografate il pacco chiuso e fate una relazione fotografica che illustra l&#8217;intero processo di apertura del pacco.<\/li><li>Segnalare immediatamente eventuali danni, allegando foto e descrizione.<\/li><\/ul><p><p><strong>RESI<br\/><\/strong>Tutte le vendite sono definitive.<br\/>Se ci sono problemi di condizioni non pubblicate online, o non discussi prima del vostro acquisto, potete richiedere la restituzione entro 7 giorni dal ricevimento dell&#8217;articolo.<br\/>L&#8217;acquirente si assume la responsabilit\u00e0 del pagamento di tutte le spedizioni e di eventuali danni che l&#8217;articolo potrebbe subire durante tale periodo, indipendentemente dal motivo della restituzione.<\/p><\/p><p><\/p>","protected":false},"excerpt":{"rendered":"<p>COMPRARE &#13; Il nostro compito principale \u00e8 quello di soddisfare i vostri desideri e per farlo al meglio vi seguiremo passo dopo passo, dalla scelta di un particolare articolo fino alla spedizione finale. VENDERESiamo costantemente alla ricerca di nuovi articoli per la nostra collezione, e siamo lieti di esaminare qualsiasi articolo che desideriate vendere.La nostra esperienza e la nostra competenza sul mercato possono essere utilizzate anche per una vasta gamma di transazioni e consulenze private.Oltre ai nostri servizi, possiamo assistere nell&#8217;acquisto e nella vendita di articoli o di intere collezioni al di fuori del processo di vendita pubblica. COME ACQUISTARETutti gli articoli Demosmobilia sono venduti<a class=\"more-link\" href=\"https:\/\/www.demosmobilia.ch\/it\/comprare-e-vendere\/\">Leggi altro &rarr;<\/a><\/p>\n","protected":false},"author":1,"featured_media":0,"parent":0,"menu_order":0,"comment_status":"closed","ping_status":"closed","template":"","meta":{"_monsterinsights_skip_tracking":false,"_monsterinsights_sitenote_active":false,"_monsterinsights_sitenote_note":"","_monsterinsights_sitenote_category":0,"kk_blocks_editor_width":"","_kiokenblocks_attr":"","_kiokenblocks_dimensions":"","footnotes":""},"class_list":["entry","author-webmaster","post-38493","page","type-page","status-publish"],"yoast_head":"<!-- This site is optimized with the Yoast SEO plugin v24.0 - https:\/\/yoast.com\/wordpress\/plugins\/seo\/ -->\n<title>Comprare &amp; Vendere, Info e Condizioni &#8211; Demosmobilia<\/title>\n<meta name=\"robots\" content=\"index, follow, max-snippet:-1, max-image-preview:large, max-video-preview:-1\" \/>\n<link rel=\"canonical\" href=\"https:\/\/www.demosmobilia.ch\/it\/comprare-e-vendere\/\" \/>\n<meta property=\"og:locale\" content=\"it_IT\" \/>\n<meta property=\"og:type\" content=\"article\" \/>\n<meta property=\"og:title\" content=\"Comprare &amp; Vendere, Info e Condizioni &#8211; Demosmobilia\" \/>\n<meta property=\"og:description\" content=\"COMPRARE &#013; Il nostro compito principale \u00e8 quello di soddisfare i vostri desideri e per farlo al meglio vi seguiremo passo dopo passo, dalla scelta di un particolare articolo fino alla spedizione finale. VENDERESiamo costantemente alla ricerca di nuovi articoli per la nostra collezione, e siamo lieti di esaminare qualsiasi articolo che desideriate vendere.La nostra esperienza e la nostra competenza sul mercato possono essere utilizzate anche per una vasta gamma di transazioni e consulenze private.Oltre ai nostri servizi, possiamo assistere nell&#8217;acquisto e nella vendita di articoli o di intere collezioni al di fuori del processo di vendita pubblica. COME ACQUISTARETutti gli articoli Demosmobilia sono vendutiLeggi altro &rarr;\" \/>\n<meta property=\"og:url\" content=\"https:\/\/www.demosmobilia.ch\/it\/comprare-e-vendere\/\" \/>\n<meta property=\"og:site_name\" content=\"Demosmobilia\" \/>\n<meta property=\"article:publisher\" content=\"https:\/\/www.facebook.com\/Demos-Mobilia-1137017453131445\/\" \/>\n<meta property=\"article:modified_time\" content=\"2020-10-08T14:34:23+00:00\" \/>\n<meta name=\"twitter:card\" content=\"summary_large_image\" \/>\n<meta name=\"twitter:label1\" content=\"Tempo di lettura stimato\" \/>\n\t<meta name=\"twitter:data1\" content=\"3 minuti\" \/>\n<script type=\"application\/ld+json\" class=\"yoast-schema-graph\">{\"@context\":\"https:\/\/schema.org\",\"@graph\":[{\"@type\":\"WebPage\",\"@id\":\"https:\/\/www.demosmobilia.ch\/it\/comprare-e-vendere\/\",\"url\":\"https:\/\/www.demosmobilia.ch\/it\/comprare-e-vendere\/\",\"name\":\"Comprare & Vendere, Info e Condizioni &#8211; Demosmobilia\",\"isPartOf\":{\"@id\":\"https:\/\/www.demosmobilia.ch\/it\/#website\"},\"datePublished\":\"2020-09-18T08:53:04+00:00\",\"dateModified\":\"2020-10-08T14:34:23+00:00\",\"breadcrumb\":{\"@id\":\"https:\/\/www.demosmobilia.ch\/it\/comprare-e-vendere\/#breadcrumb\"},\"inLanguage\":\"it-IT\",\"potentialAction\":[{\"@type\":\"ReadAction\",\"target\":[\"https:\/\/www.demosmobilia.ch\/it\/comprare-e-vendere\/\"]}]},{\"@type\":\"BreadcrumbList\",\"@id\":\"https:\/\/www.demosmobilia.ch\/it\/comprare-e-vendere\/#breadcrumb\",\"itemListElement\":[{\"@type\":\"ListItem\",\"position\":1,\"name\":\"Home\",\"item\":\"https:\/\/www.demosmobilia.ch\/it\/\"},{\"@type\":\"ListItem\",\"position\":2,\"name\":\"Comprare e vendere\"}]},{\"@type\":\"WebSite\",\"@id\":\"https:\/\/www.demosmobilia.ch\/it\/#website\",\"url\":\"https:\/\/www.demosmobilia.ch\/it\/\",\"name\":\"Demosmobilia\",\"description\":\"Vintage design forniture from the &#039;30s to the &#039;80s\",\"publisher\":{\"@id\":\"https:\/\/www.demosmobilia.ch\/it\/#organization\"},\"potentialAction\":[{\"@type\":\"SearchAction\",\"target\":{\"@type\":\"EntryPoint\",\"urlTemplate\":\"https:\/\/www.demosmobilia.ch\/it\/?s={search_term_string}\"},\"query-input\":{\"@type\":\"PropertyValueSpecification\",\"valueRequired\":true,\"valueName\":\"search_term_string\"}}],\"inLanguage\":\"it-IT\"},{\"@type\":\"Organization\",\"@id\":\"https:\/\/www.demosmobilia.ch\/it\/#organization\",\"name\":\"demosmobilia\",\"url\":\"https:\/\/www.demosmobilia.ch\/it\/\",\"logo\":{\"@type\":\"ImageObject\",\"inLanguage\":\"it-IT\",\"@id\":\"https:\/\/www.demosmobilia.ch\/it\/#\/schema\/logo\/image\/\",\"url\":\"https:\/\/www.demosmobilia.ch\/wp-content\/uploads\/2020\/07\/demosmobilia-logo-2020-230-160.png\",\"contentUrl\":\"https:\/\/www.demosmobilia.ch\/wp-content\/uploads\/2020\/07\/demosmobilia-logo-2020-230-160.png\",\"width\":230,\"height\":160,\"caption\":\"demosmobilia\"},\"image\":{\"@id\":\"https:\/\/www.demosmobilia.ch\/it\/#\/schema\/logo\/image\/\"},\"sameAs\":[\"https:\/\/www.facebook.com\/Demos-Mobilia-1137017453131445\/\",\"https:\/\/www.instagram.com\/demosmobilia\/\"]}]}<\/script>\n<!-- \/ Yoast SEO plugin. -->","yoast_head_json":{"title":"Comprare & Vendere, Info e Condizioni &#8211; Demosmobilia","robots":{"index":"index","follow":"follow","max-snippet":"max-snippet:-1","max-image-preview":"max-image-preview:large","max-video-preview":"max-video-preview:-1"},"canonical":"https:\/\/www.demosmobilia.ch\/it\/comprare-e-vendere\/","og_locale":"it_IT","og_type":"article","og_title":"Comprare & Vendere, Info e Condizioni &#8211; Demosmobilia","og_description":"COMPRARE &#13; Il nostro compito principale \u00e8 quello di soddisfare i vostri desideri e per farlo al meglio vi seguiremo passo dopo passo, dalla scelta di un particolare articolo fino alla spedizione finale. VENDERESiamo costantemente alla ricerca di nuovi articoli per la nostra collezione, e siamo lieti di esaminare qualsiasi articolo che desideriate vendere.La nostra esperienza e la nostra competenza sul mercato possono essere utilizzate anche per una vasta gamma di transazioni e consulenze private.Oltre ai nostri servizi, possiamo assistere nell&#8217;acquisto e nella vendita di articoli o di intere collezioni al di fuori del processo di vendita pubblica. COME ACQUISTARETutti gli articoli Demosmobilia sono vendutiLeggi altro &rarr;","og_url":"https:\/\/www.demosmobilia.ch\/it\/comprare-e-vendere\/","og_site_name":"Demosmobilia","article_publisher":"https:\/\/www.facebook.com\/Demos-Mobilia-1137017453131445\/","article_modified_time":"2020-10-08T14:34:23+00:00","twitter_card":"summary_large_image","twitter_misc":{"Tempo di lettura stimato":"3 minuti"},"schema":{"@context":"https:\/\/schema.org","@graph":[{"@type":"WebPage","@id":"https:\/\/www.demosmobilia.ch\/it\/comprare-e-vendere\/","url":"https:\/\/www.demosmobilia.ch\/it\/comprare-e-vendere\/","name":"Comprare & Vendere, Info e Condizioni &#8211; Demosmobilia","isPartOf":{"@id":"https:\/\/www.demosmobilia.ch\/it\/#website"},"datePublished":"2020-09-18T08:53:04+00:00","dateModified":"2020-10-08T14:34:23+00:00","breadcrumb":{"@id":"https:\/\/www.demosmobilia.ch\/it\/comprare-e-vendere\/#breadcrumb"},"inLanguage":"it-IT","potentialAction":[{"@type":"ReadAction","target":["https:\/\/www.demosmobilia.ch\/it\/comprare-e-vendere\/"]}]},{"@type":"BreadcrumbList","@id":"https:\/\/www.demosmobilia.ch\/it\/comprare-e-vendere\/#breadcrumb","itemListElement":[{"@type":"ListItem","position":1,"name":"Home","item":"https:\/\/www.demosmobilia.ch\/it\/"},{"@type":"ListItem","position":2,"name":"Comprare e vendere"}]},{"@type":"WebSite","@id":"https:\/\/www.demosmobilia.ch\/it\/#website","url":"https:\/\/www.demosmobilia.ch\/it\/","name":"Demosmobilia","description":"Vintage design forniture from the &#039;30s to the &#039;80s","publisher":{"@id":"https:\/\/www.demosmobilia.ch\/it\/#organization"},"potentialAction":[{"@type":"SearchAction","target":{"@type":"EntryPoint","urlTemplate":"https:\/\/www.demosmobilia.ch\/it\/?s={search_term_string}"},"query-input":{"@type":"PropertyValueSpecification","valueRequired":true,"valueName":"search_term_string"}}],"inLanguage":"it-IT"},{"@type":"Organization","@id":"https:\/\/www.demosmobilia.ch\/it\/#organization","name":"demosmobilia","url":"https:\/\/www.demosmobilia.ch\/it\/","logo":{"@type":"ImageObject","inLanguage":"it-IT","@id":"https:\/\/www.demosmobilia.ch\/it\/#\/schema\/logo\/image\/","url":"https:\/\/www.demosmobilia.ch\/wp-content\/uploads\/2020\/07\/demosmobilia-logo-2020-230-160.png","contentUrl":"https:\/\/www.demosmobilia.ch\/wp-content\/uploads\/2020\/07\/demosmobilia-logo-2020-230-160.png","width":230,"height":160,"caption":"demosmobilia"},"image":{"@id":"https:\/\/www.demosmobilia.ch\/it\/#\/schema\/logo\/image\/"},"sameAs":["https:\/\/www.facebook.com\/Demos-Mobilia-1137017453131445\/","https:\/\/www.instagram.com\/demosmobilia\/"]}]}},"wps_subtitle":"","_links":{"self":[{"href":"https:\/\/www.demosmobilia.ch\/it\/wp-json\/wp\/v2\/pages\/38493","targetHints":{"allow":["GET"]}}],"collection":[{"href":"https:\/\/www.demosmobilia.ch\/it\/wp-json\/wp\/v2\/pages"}],"about":[{"href":"https:\/\/www.demosmobilia.ch\/it\/wp-json\/wp\/v2\/types\/page"}],"author":[{"embeddable":true,"href":"https:\/\/www.demosmobilia.ch\/it\/wp-json\/wp\/v2\/users\/1"}],"replies":[{"embeddable":true,"href":"https:\/\/www.demosmobilia.ch\/it\/wp-json\/wp\/v2\/comments?post=38493"}],"version-history":[{"count":3,"href":"https:\/\/www.demosmobilia.ch\/it\/wp-json\/wp\/v2\/pages\/38493\/revisions"}],"predecessor-version":[{"id":39227,"href":"https:\/\/www.demosmobilia.ch\/it\/wp-json\/wp\/v2\/pages\/38493\/revisions\/39227"}],"wp:attachment":[{"href":"https:\/\/www.demosmobilia.ch\/it\/wp-json\/wp\/v2\/media?parent=38493"}],"curies":[{"name":"wp","href":"https:\/\/api.w.org\/{rel}","templated":true}]}}