{"id":87677,"date":"2026-04-22T13:00:19","date_gmt":"2026-04-22T11:00:19","guid":{"rendered":"https:\/\/www.demosmobilia.ch\/product\/petite-table-roulante-de-service-avec-poignee-en-bois-tourne\/"},"modified":"2026-04-22T13:00:19","modified_gmt":"2026-04-22T11:00:19","slug":"petite-table-roulante-de-service-avec-poignee-en-bois-tourne","status":"publish","type":"product","link":"https:\/\/www.demosmobilia.ch\/fr\/product\/petite-table-roulante-de-service-avec-poignee-en-bois-tourne\/","title":{"rendered":"Petite table roulante de service avec poign\u00e9e en bois tourn\u00e9"},"content":{"rendered":"<p data-start=\"0\" data-end=\"348\">Les galeries de design jouent un r\u00f4le essentiel dans la recherche d\u2019attribution, en particulier pour les pi\u00e8ces qui n\u2019ont pas encore fait l\u2019objet d\u2019une publication officielle. Dans un march\u00e9 o\u00f9 l\u2019authenticit\u00e9 et la provenance sont devenues des crit\u00e8res cl\u00e9s, l\u2019attribution influence directement la valeur culturelle, historique et \u00e9conomique d\u2019un objet de design. <\/p>\n<p data-start=\"350\" data-end=\"718\">Attribuer une pi\u00e8ce de design consiste \u00e0 l\u2019inscrire dans un contexte pr\u00e9cis : identifier son auteur, son \u00e9poque, sa production et son langage formel. En l\u2019absence de publication, ce processus devient plus complexe et n\u00e9cessite une recherche approfondie, des comparaisons et des analyses d\u00e9taill\u00e9es. Les galeries sp\u00e9cialis\u00e9es interviennent alors comme de v\u00e9ritables centres d\u2019expertise et de recherche.  <\/p>\n<p data-start=\"720\" data-end=\"1123\">Gr\u00e2ce \u00e0 leurs comp\u00e9tences, les galeries analysent les mat\u00e9riaux, les techniques de fabrication et les d\u00e9tails formels, tout en comparant les pi\u00e8ces in\u00e9dites avec des \u0153uvres document\u00e9es. Elles consultent des archives, collaborent avec des experts et, dans certains cas, avec les ayants droit des designers afin de construire des attributions solides, m\u00eame sans sources publi\u00e9es. <\/p>\n<p data-start=\"1125\" data-end=\"1552\">L\u2019attribution n\u2019est jamais arbitraire : c\u2019est un processus critique fond\u00e9 sur des preuves concr\u00e8tes telles que la provenance, les proportions, les techniques et les \u00e9l\u00e9ments r\u00e9currents. Ce travail permet de donner une identit\u00e9 claire \u00e0 des objets encore in\u00e9dits et de les positionner de mani\u00e8re coh\u00e9rente sur le march\u00e9 du design.  <\/p>\n<p data-start=\"1554\" data-end=\"1847\">Ainsi, l\u2019attribution d\u00e9passe la simple identification : elle constitue un v\u00e9ritable acte de valorisation culturelle. Chaque attribution bien fond\u00e9e enrichit l\u2019histoire du design, comble des lacunes et ouvre de nouvelles perspectives de recherche.  <\/p>\n<p data-start=\"1849\" data-end=\"2185\">S\u2019appuyer sur des galeries expertes permet donc d\u2019acc\u00e9der \u00e0 des pi\u00e8ces authentifi\u00e9es et contextualis\u00e9es, tout en investissant dans des objets dont la valeur repose sur une recherche rigoureuse et une reconnaissance en devenir.  <\/p>\n<p data-start=\"2187\" data-end=\"2440\" data-is-last-node=\"\" data-is-only-node=\"\">C&rsquo;est pourquoi faire appel \u00e0 des galeries sp\u00e9cialis\u00e9es ne signifie pas seulement acqu\u00e9rir un objet, mais aussi b\u00e9n\u00e9ficier d&rsquo;une expertise \u2014 une expertise qui transforme une pi\u00e8ce de design en une \u0153uvre reconnue et \u00e9tudi\u00e9e, ancr\u00e9e dans l&rsquo;histoire, avant m\u00eame qu&rsquo;une publication officielle n&rsquo;existe.<\/p>\n","protected":false},"excerpt":{"rendered":"<p>Les galeries de design jouent un r\u00f4le essentiel dans la recherche d\u2019attribution, en particulier pour les pi\u00e8ces qui n\u2019ont pas encore fait l\u2019objet d\u2019une publication officielle. Dans un march\u00e9 o\u00f9 l\u2019authenticit\u00e9 et la provenance sont devenues des crit\u00e8res cl\u00e9s, l\u2019attribution influence directement la valeur culturelle, historique et \u00e9conomique d\u2019un objet de design. Attribuer une pi\u00e8ce de design consiste \u00e0 l\u2019inscrire dans un contexte pr\u00e9cis : identifier son auteur, son \u00e9poque, sa production et son langage formel. En l\u2019absence de publication, ce processus devient plus complexe et n\u00e9cessite une recherche approfondie, des comparaisons et des analyses d\u00e9taill\u00e9es. Les galeries sp\u00e9cialis\u00e9es interviennent alors comme de v\u00e9ritables centres<a class=\"more-link\" href=\"https:\/\/www.demosmobilia.ch\/fr\/product\/petite-table-roulante-de-service-avec-poignee-en-bois-tourne\/\">Read More &rarr;<\/a><\/p>\n","protected":false},"featured_media":87641,"template":"","meta":{"_monsterinsights_skip_tracking":false,"_monsterinsights_sitenote_active":false,"_monsterinsights_sitenote_note":"","_monsterinsights_sitenote_category":0,"kk_blocks_editor_width":"","_kiokenblocks_attr":"","_kiokenblocks_dimensions":""},"product_cat":[4071,4280],"product_tag":[],"class_list":{"0":"entry","1":"author-demosmobilia","2":"post-87677","3":"product","4":"type-product","5":"status-publish","6":"has-post-thumbnail","7":"product_production-fontana-arte-attributed","8":"product_year-1960-approx","9":"product_nation-italie-fr","10":"product_cat-nouveautes","11":"product_cat-tables-de-service","12":"pa_product_dimension-545-x-81-x-hauteur-du-plateau-595-x-hauteur-totale-75-cm","13":"pa_product_material-teck-laiton-verre-miroir-teinte-verre","15":"first","16":"instock","17":"shipping-taxable","18":"purchasable","19":"product-type-simple"},"yoast_head":"<!-- This site is optimized with the Yoast SEO plugin v24.0 - https:\/\/yoast.com\/wordpress\/plugins\/seo\/ -->\n<title>Petite table roulante de service avec poign\u00e9e en bois tourn\u00e9 &#8211; Demosmobilia<\/title>\n<meta name=\"robots\" content=\"index, follow, max-snippet:-1, max-image-preview:large, max-video-preview:-1\" \/>\n<link rel=\"canonical\" href=\"https:\/\/www.demosmobilia.ch\/fr\/product\/petite-table-roulante-de-service-avec-poignee-en-bois-tourne\/\" \/>\n<meta property=\"og:locale\" content=\"fr_FR\" \/>\n<meta property=\"og:type\" content=\"article\" \/>\n<meta property=\"og:title\" content=\"Petite table roulante de service avec poign\u00e9e en bois tourn\u00e9 &#8211; Demosmobilia\" \/>\n<meta property=\"og:description\" content=\"Les galeries de design jouent un r\u00f4le essentiel dans la recherche d\u2019attribution, en particulier pour les pi\u00e8ces qui n\u2019ont pas encore fait l\u2019objet d\u2019une publication officielle. Dans un march\u00e9 o\u00f9 l\u2019authenticit\u00e9 et la provenance sont devenues des crit\u00e8res cl\u00e9s, l\u2019attribution influence directement la valeur culturelle, historique et \u00e9conomique d\u2019un objet de design. Attribuer une pi\u00e8ce de design consiste \u00e0 l\u2019inscrire dans un contexte pr\u00e9cis : identifier son auteur, son \u00e9poque, sa production et son langage formel. En l\u2019absence de publication, ce processus devient plus complexe et n\u00e9cessite une recherche approfondie, des comparaisons et des analyses d\u00e9taill\u00e9es. Les galeries sp\u00e9cialis\u00e9es interviennent alors comme de v\u00e9ritables centresRead More &rarr;\" \/>\n<meta property=\"og:url\" content=\"https:\/\/www.demosmobilia.ch\/fr\/product\/petite-table-roulante-de-service-avec-poignee-en-bois-tourne\/\" \/>\n<meta property=\"og:site_name\" content=\"Demosmobilia\" \/>\n<meta property=\"article:publisher\" content=\"https:\/\/www.facebook.com\/Demos-Mobilia-1137017453131445\/\" \/>\n<meta property=\"og:image\" content=\"https:\/\/www.demosmobilia.ch\/wp-content\/uploads\/2026\/04\/fontana-arte-serving-table-max-ingrand-1960-italian-design-01.jpg\" \/>\n\t<meta property=\"og:image:width\" content=\"1200\" \/>\n\t<meta property=\"og:image:height\" content=\"900\" \/>\n\t<meta property=\"og:image:type\" content=\"image\/jpeg\" \/>\n<meta name=\"twitter:card\" content=\"summary_large_image\" \/>\n<meta name=\"twitter:label1\" content=\"Dur\u00e9e de lecture estim\u00e9e\" \/>\n\t<meta name=\"twitter:data1\" content=\"2 minutes\" \/>\n<script type=\"application\/ld+json\" class=\"yoast-schema-graph\">{\"@context\":\"https:\/\/schema.org\",\"@graph\":[{\"@type\":\"WebPage\",\"@id\":\"https:\/\/www.demosmobilia.ch\/fr\/product\/petite-table-roulante-de-service-avec-poignee-en-bois-tourne\/\",\"url\":\"https:\/\/www.demosmobilia.ch\/fr\/product\/petite-table-roulante-de-service-avec-poignee-en-bois-tourne\/\",\"name\":\"Petite table roulante de service avec poign\u00e9e en bois tourn\u00e9 &#8211; Demosmobilia\",\"isPartOf\":{\"@id\":\"https:\/\/www.demosmobilia.ch\/fr\/#website\"},\"primaryImageOfPage\":{\"@id\":\"https:\/\/www.demosmobilia.ch\/fr\/product\/petite-table-roulante-de-service-avec-poignee-en-bois-tourne\/#primaryimage\"},\"image\":{\"@id\":\"https:\/\/www.demosmobilia.ch\/fr\/product\/petite-table-roulante-de-service-avec-poignee-en-bois-tourne\/#primaryimage\"},\"thumbnailUrl\":\"https:\/\/www.demosmobilia.ch\/wp-content\/uploads\/2026\/04\/fontana-arte-serving-table-max-ingrand-1960-italian-design-01.jpg\",\"datePublished\":\"2026-04-22T11:00:19+00:00\",\"dateModified\":\"2026-04-22T11:00:19+00:00\",\"breadcrumb\":{\"@id\":\"https:\/\/www.demosmobilia.ch\/fr\/product\/petite-table-roulante-de-service-avec-poignee-en-bois-tourne\/#breadcrumb\"},\"inLanguage\":\"fr-FR\",\"potentialAction\":[{\"@type\":\"ReadAction\",\"target\":[\"https:\/\/www.demosmobilia.ch\/fr\/product\/petite-table-roulante-de-service-avec-poignee-en-bois-tourne\/\"]}]},{\"@type\":\"ImageObject\",\"inLanguage\":\"fr-FR\",\"@id\":\"https:\/\/www.demosmobilia.ch\/fr\/product\/petite-table-roulante-de-service-avec-poignee-en-bois-tourne\/#primaryimage\",\"url\":\"https:\/\/www.demosmobilia.ch\/wp-content\/uploads\/2026\/04\/fontana-arte-serving-table-max-ingrand-1960-italian-design-01.jpg\",\"contentUrl\":\"https:\/\/www.demosmobilia.ch\/wp-content\/uploads\/2026\/04\/fontana-arte-serving-table-max-ingrand-1960-italian-design-01.jpg\",\"width\":1200,\"height\":900},{\"@type\":\"BreadcrumbList\",\"@id\":\"https:\/\/www.demosmobilia.ch\/fr\/product\/petite-table-roulante-de-service-avec-poignee-en-bois-tourne\/#breadcrumb\",\"itemListElement\":[{\"@type\":\"ListItem\",\"position\":1,\"name\":\"Home\",\"item\":\"https:\/\/www.demosmobilia.ch\/fr\/\"},{\"@type\":\"ListItem\",\"position\":2,\"name\":\"Produits\",\"item\":\"https:\/\/www.demosmobilia.ch\/fr\/shop\/\"},{\"@type\":\"ListItem\",\"position\":3,\"name\":\"Petite table roulante de service avec poign\u00e9e en bois tourn\u00e9\"}]},{\"@type\":\"WebSite\",\"@id\":\"https:\/\/www.demosmobilia.ch\/fr\/#website\",\"url\":\"https:\/\/www.demosmobilia.ch\/fr\/\",\"name\":\"Demosmobilia\",\"description\":\"Vintage Mid Century Modern Design Furniture from the &#039;30s to the &#039;80s\",\"publisher\":{\"@id\":\"https:\/\/www.demosmobilia.ch\/fr\/#organization\"},\"potentialAction\":[{\"@type\":\"SearchAction\",\"target\":{\"@type\":\"EntryPoint\",\"urlTemplate\":\"https:\/\/www.demosmobilia.ch\/fr\/?s={search_term_string}\"},\"query-input\":{\"@type\":\"PropertyValueSpecification\",\"valueRequired\":true,\"valueName\":\"search_term_string\"}}],\"inLanguage\":\"fr-FR\"},{\"@type\":\"Organization\",\"@id\":\"https:\/\/www.demosmobilia.ch\/fr\/#organization\",\"name\":\"demosmobilia\",\"url\":\"https:\/\/www.demosmobilia.ch\/fr\/\",\"logo\":{\"@type\":\"ImageObject\",\"inLanguage\":\"fr-FR\",\"@id\":\"https:\/\/www.demosmobilia.ch\/fr\/#\/schema\/logo\/image\/\",\"url\":\"https:\/\/www.demosmobilia.ch\/wp-content\/uploads\/2020\/07\/demosmobilia-logo-2020-230-160.png\",\"contentUrl\":\"https:\/\/www.demosmobilia.ch\/wp-content\/uploads\/2020\/07\/demosmobilia-logo-2020-230-160.png\",\"width\":230,\"height\":160,\"caption\":\"demosmobilia\"},\"image\":{\"@id\":\"https:\/\/www.demosmobilia.ch\/fr\/#\/schema\/logo\/image\/\"},\"sameAs\":[\"https:\/\/www.facebook.com\/Demos-Mobilia-1137017453131445\/\",\"https:\/\/www.instagram.com\/demosmobilia\/\"]}]}<\/script>\n<!-- \/ Yoast SEO plugin. -->","yoast_head_json":{"title":"Petite table roulante de service avec poign\u00e9e en bois tourn\u00e9 &#8211; Demosmobilia","robots":{"index":"index","follow":"follow","max-snippet":"max-snippet:-1","max-image-preview":"max-image-preview:large","max-video-preview":"max-video-preview:-1"},"canonical":"https:\/\/www.demosmobilia.ch\/fr\/product\/petite-table-roulante-de-service-avec-poignee-en-bois-tourne\/","og_locale":"fr_FR","og_type":"article","og_title":"Petite table roulante de service avec poign\u00e9e en bois tourn\u00e9 &#8211; Demosmobilia","og_description":"Les galeries de design jouent un r\u00f4le essentiel dans la recherche d\u2019attribution, en particulier pour les pi\u00e8ces qui n\u2019ont pas encore fait l\u2019objet d\u2019une publication officielle. Dans un march\u00e9 o\u00f9 l\u2019authenticit\u00e9 et la provenance sont devenues des crit\u00e8res cl\u00e9s, l\u2019attribution influence directement la valeur culturelle, historique et \u00e9conomique d\u2019un objet de design. Attribuer une pi\u00e8ce de design consiste \u00e0 l\u2019inscrire dans un contexte pr\u00e9cis : identifier son auteur, son \u00e9poque, sa production et son langage formel. En l\u2019absence de publication, ce processus devient plus complexe et n\u00e9cessite une recherche approfondie, des comparaisons et des analyses d\u00e9taill\u00e9es. Les galeries sp\u00e9cialis\u00e9es interviennent alors comme de v\u00e9ritables centresRead More &rarr;","og_url":"https:\/\/www.demosmobilia.ch\/fr\/product\/petite-table-roulante-de-service-avec-poignee-en-bois-tourne\/","og_site_name":"Demosmobilia","article_publisher":"https:\/\/www.facebook.com\/Demos-Mobilia-1137017453131445\/","og_image":[{"width":1200,"height":900,"url":"https:\/\/www.demosmobilia.ch\/wp-content\/uploads\/2026\/04\/fontana-arte-serving-table-max-ingrand-1960-italian-design-01.jpg","type":"image\/jpeg"}],"twitter_card":"summary_large_image","twitter_misc":{"Dur\u00e9e de lecture estim\u00e9e":"2 minutes"},"schema":{"@context":"https:\/\/schema.org","@graph":[{"@type":"WebPage","@id":"https:\/\/www.demosmobilia.ch\/fr\/product\/petite-table-roulante-de-service-avec-poignee-en-bois-tourne\/","url":"https:\/\/www.demosmobilia.ch\/fr\/product\/petite-table-roulante-de-service-avec-poignee-en-bois-tourne\/","name":"Petite table roulante de service avec poign\u00e9e en bois tourn\u00e9 &#8211; Demosmobilia","isPartOf":{"@id":"https:\/\/www.demosmobilia.ch\/fr\/#website"},"primaryImageOfPage":{"@id":"https:\/\/www.demosmobilia.ch\/fr\/product\/petite-table-roulante-de-service-avec-poignee-en-bois-tourne\/#primaryimage"},"image":{"@id":"https:\/\/www.demosmobilia.ch\/fr\/product\/petite-table-roulante-de-service-avec-poignee-en-bois-tourne\/#primaryimage"},"thumbnailUrl":"https:\/\/www.demosmobilia.ch\/wp-content\/uploads\/2026\/04\/fontana-arte-serving-table-max-ingrand-1960-italian-design-01.jpg","datePublished":"2026-04-22T11:00:19+00:00","dateModified":"2026-04-22T11:00:19+00:00","breadcrumb":{"@id":"https:\/\/www.demosmobilia.ch\/fr\/product\/petite-table-roulante-de-service-avec-poignee-en-bois-tourne\/#breadcrumb"},"inLanguage":"fr-FR","potentialAction":[{"@type":"ReadAction","target":["https:\/\/www.demosmobilia.ch\/fr\/product\/petite-table-roulante-de-service-avec-poignee-en-bois-tourne\/"]}]},{"@type":"ImageObject","inLanguage":"fr-FR","@id":"https:\/\/www.demosmobilia.ch\/fr\/product\/petite-table-roulante-de-service-avec-poignee-en-bois-tourne\/#primaryimage","url":"https:\/\/www.demosmobilia.ch\/wp-content\/uploads\/2026\/04\/fontana-arte-serving-table-max-ingrand-1960-italian-design-01.jpg","contentUrl":"https:\/\/www.demosmobilia.ch\/wp-content\/uploads\/2026\/04\/fontana-arte-serving-table-max-ingrand-1960-italian-design-01.jpg","width":1200,"height":900},{"@type":"BreadcrumbList","@id":"https:\/\/www.demosmobilia.ch\/fr\/product\/petite-table-roulante-de-service-avec-poignee-en-bois-tourne\/#breadcrumb","itemListElement":[{"@type":"ListItem","position":1,"name":"Home","item":"https:\/\/www.demosmobilia.ch\/fr\/"},{"@type":"ListItem","position":2,"name":"Produits","item":"https:\/\/www.demosmobilia.ch\/fr\/shop\/"},{"@type":"ListItem","position":3,"name":"Petite table roulante de service avec poign\u00e9e en bois tourn\u00e9"}]},{"@type":"WebSite","@id":"https:\/\/www.demosmobilia.ch\/fr\/#website","url":"https:\/\/www.demosmobilia.ch\/fr\/","name":"Demosmobilia","description":"Vintage Mid Century Modern Design Furniture from the &#039;30s to the &#039;80s","publisher":{"@id":"https:\/\/www.demosmobilia.ch\/fr\/#organization"},"potentialAction":[{"@type":"SearchAction","target":{"@type":"EntryPoint","urlTemplate":"https:\/\/www.demosmobilia.ch\/fr\/?s={search_term_string}"},"query-input":{"@type":"PropertyValueSpecification","valueRequired":true,"valueName":"search_term_string"}}],"inLanguage":"fr-FR"},{"@type":"Organization","@id":"https:\/\/www.demosmobilia.ch\/fr\/#organization","name":"demosmobilia","url":"https:\/\/www.demosmobilia.ch\/fr\/","logo":{"@type":"ImageObject","inLanguage":"fr-FR","@id":"https:\/\/www.demosmobilia.ch\/fr\/#\/schema\/logo\/image\/","url":"https:\/\/www.demosmobilia.ch\/wp-content\/uploads\/2020\/07\/demosmobilia-logo-2020-230-160.png","contentUrl":"https:\/\/www.demosmobilia.ch\/wp-content\/uploads\/2020\/07\/demosmobilia-logo-2020-230-160.png","width":230,"height":160,"caption":"demosmobilia"},"image":{"@id":"https:\/\/www.demosmobilia.ch\/fr\/#\/schema\/logo\/image\/"},"sameAs":["https:\/\/www.facebook.com\/Demos-Mobilia-1137017453131445\/","https:\/\/www.instagram.com\/demosmobilia\/"]}]}},"_links":{"self":[{"href":"https:\/\/www.demosmobilia.ch\/fr\/wp-json\/wp\/v2\/product\/87677","targetHints":{"allow":["GET"]}}],"collection":[{"href":"https:\/\/www.demosmobilia.ch\/fr\/wp-json\/wp\/v2\/product"}],"about":[{"href":"https:\/\/www.demosmobilia.ch\/fr\/wp-json\/wp\/v2\/types\/product"}],"wp:featuredmedia":[{"embeddable":true,"href":"https:\/\/www.demosmobilia.ch\/fr\/wp-json\/wp\/v2\/media\/87641"}],"wp:attachment":[{"href":"https:\/\/www.demosmobilia.ch\/fr\/wp-json\/wp\/v2\/media?parent=87677"}],"wp:term":[{"taxonomy":"product_cat","embeddable":true,"href":"https:\/\/www.demosmobilia.ch\/fr\/wp-json\/wp\/v2\/product_cat?post=87677"},{"taxonomy":"product_tag","embeddable":true,"href":"https:\/\/www.demosmobilia.ch\/fr\/wp-json\/wp\/v2\/product_tag?post=87677"}],"curies":[{"name":"wp","href":"https:\/\/api.w.org\/{rel}","templated":true}]}}