{"id":87636,"date":"2026-04-22T14:00:20","date_gmt":"2026-04-22T12:00:20","guid":{"rendered":"https:\/\/www.demosmobilia.ch\/product\/minimalist-mirror-with-a-transparent-frame\/"},"modified":"2026-04-22T14:00:20","modified_gmt":"2026-04-22T12:00:20","slug":"minimalist-mirror-with-a-transparent-frame","status":"publish","type":"product","link":"https:\/\/www.demosmobilia.ch\/fr\/product\/minimalist-mirror-with-a-transparent-frame\/","title":{"rendered":"Minimalist mirror with a transparent frame"},"content":{"rendered":"<p data-start=\"87\" data-end=\"380\">Int\u00e9grer des objets de design du XXe si\u00e8cle dans votre d\u00e9coration int\u00e9rieure est un choix strat\u00e9gique pour cr\u00e9er un espace unique et distinctif. De plus en plus de personnes recherchent des solutions pour se d\u00e9marquer en d\u00e9coration, et le design du XXe si\u00e8cle repr\u00e9sente l\u2019une des options les plus efficaces. <\/p>\n<p data-start=\"382\" data-end=\"720\">Les pi\u00e8ces de design du XXe si\u00e8cle allient esth\u00e9tique, fonctionnalit\u00e9 et valeur historique. Chaises iconiques, lampes vintage et objets d\u00e9coratifs modernistes vous permettent de concevoir des int\u00e9rieurs qui racontent une histoire. En int\u00e9grant des \u00e9l\u00e9ments de design historique dans un am\u00e9nagement contemporain, vous cassez la monotonie des espaces standardis\u00e9s et valorisez chaque pi\u00e8ce de votre maison.  <\/p>\n<p data-start=\"722\" data-end=\"1083\">Choisir du mobilier et des objets de design du XXe si\u00e8cle, c\u2019est aussi investir dans la qualit\u00e9 et la durabilit\u00e9. Beaucoup de ces cr\u00e9ations sont con\u00e7ues avec des mat\u00e9riaux r\u00e9sistants et pens\u00e9es pour durer dans le temps, ce qui en fait un investissement \u00e0 la fois esth\u00e9tique et intelligent. Dans un march\u00e9 domin\u00e9 par le mobilier jetable, le design vintage et iconique s\u2019impose comme une alternative durable et responsable.  <\/p>\n<p data-start=\"1085\" data-end=\"1398\">Sur le plan stylistique, le design du XXe si\u00e8cle offre une grande diversit\u00e9. Du minimalisme du modernisme \u00e0 l\u2019innovation du design italien, en passant par l\u2019\u00e9l\u00e9gance intemporelle du style scandinave, les possibilit\u00e9s sont infinies. Un seul objet iconique peut suffire \u00e0 transformer une pi\u00e8ce en cr\u00e9ant un point focal fort et un impact visuel imm\u00e9diat.  <\/p>\n<p data-start=\"1400\" data-end=\"1647\">Si vous souhaitez une d\u00e9coration int\u00e9rieure unique et personnalis\u00e9e, les objets de design du XXe si\u00e8cle constituent une solution id\u00e9ale. Ils am\u00e9liorent non seulement l\u2019esth\u00e9tique de votre espace, mais contribuent \u00e9galement \u00e0 construire une identit\u00e9 forte, \u00e9l\u00e9gante et durable. <\/p>\n","protected":false},"excerpt":{"rendered":"<p>Int\u00e9grer des objets de design du XXe si\u00e8cle dans votre d\u00e9coration int\u00e9rieure est un choix strat\u00e9gique pour cr\u00e9er un espace unique et distinctif. De plus en plus de personnes recherchent des solutions pour se d\u00e9marquer en d\u00e9coration, et le design du XXe si\u00e8cle repr\u00e9sente l\u2019une des options les plus efficaces. Les pi\u00e8ces de design du XXe si\u00e8cle allient esth\u00e9tique, fonctionnalit\u00e9 et valeur historique. Chaises iconiques, lampes vintage et objets d\u00e9coratifs modernistes vous permettent de concevoir des int\u00e9rieurs qui racontent une histoire. En int\u00e9grant des \u00e9l\u00e9ments de design historique dans un am\u00e9nagement contemporain, vous cassez la monotonie des espaces standardis\u00e9s et valorisez chaque pi\u00e8ce de votre<a class=\"more-link\" href=\"https:\/\/www.demosmobilia.ch\/fr\/product\/minimalist-mirror-with-a-transparent-frame\/\">Read More &rarr;<\/a><\/p>\n","protected":false},"featured_media":87608,"template":"","meta":{"_monsterinsights_skip_tracking":false,"_monsterinsights_sitenote_active":false,"_monsterinsights_sitenote_note":"","_monsterinsights_sitenote_category":0,"kk_blocks_editor_width":"","_kiokenblocks_attr":"","_kiokenblocks_dimensions":""},"product_cat":[4256,4071],"product_tag":[],"class_list":{"0":"entry","1":"author-demosmobilia","2":"post-87636","3":"product","4":"type-product","5":"status-publish","6":"has-post-thumbnail","7":"product_production-italian-production","8":"product_year-1960-approx","9":"product_nation-italie-fr","10":"product_cat-miroirs","11":"product_cat-nouveautes","12":"pa_product_dimension-69-x-ht-86-cm","13":"pa_product_material-glass-mirrored-glass-wood","15":"first","16":"instock","17":"shipping-taxable","18":"purchasable","19":"product-type-simple"},"yoast_head":"<!-- This site is optimized with the Yoast SEO plugin v24.0 - https:\/\/yoast.com\/wordpress\/plugins\/seo\/ -->\n<title>Minimalist mirror with a transparent frame &#8211; Demosmobilia<\/title>\n<meta name=\"robots\" content=\"index, follow, max-snippet:-1, max-image-preview:large, max-video-preview:-1\" \/>\n<link rel=\"canonical\" href=\"https:\/\/www.demosmobilia.ch\/fr\/product\/minimalist-mirror-with-a-transparent-frame\/\" \/>\n<meta property=\"og:locale\" content=\"fr_FR\" \/>\n<meta property=\"og:type\" content=\"article\" \/>\n<meta property=\"og:title\" content=\"Minimalist mirror with a transparent frame &#8211; Demosmobilia\" \/>\n<meta property=\"og:description\" content=\"Int\u00e9grer des objets de design du XXe si\u00e8cle dans votre d\u00e9coration int\u00e9rieure est un choix strat\u00e9gique pour cr\u00e9er un espace unique et distinctif. De plus en plus de personnes recherchent des solutions pour se d\u00e9marquer en d\u00e9coration, et le design du XXe si\u00e8cle repr\u00e9sente l\u2019une des options les plus efficaces. Les pi\u00e8ces de design du XXe si\u00e8cle allient esth\u00e9tique, fonctionnalit\u00e9 et valeur historique. Chaises iconiques, lampes vintage et objets d\u00e9coratifs modernistes vous permettent de concevoir des int\u00e9rieurs qui racontent une histoire. En int\u00e9grant des \u00e9l\u00e9ments de design historique dans un am\u00e9nagement contemporain, vous cassez la monotonie des espaces standardis\u00e9s et valorisez chaque pi\u00e8ce de votreRead More &rarr;\" \/>\n<meta property=\"og:url\" content=\"https:\/\/www.demosmobilia.ch\/fr\/product\/minimalist-mirror-with-a-transparent-frame\/\" \/>\n<meta property=\"og:site_name\" content=\"Demosmobilia\" \/>\n<meta property=\"article:publisher\" content=\"https:\/\/www.facebook.com\/Demos-Mobilia-1137017453131445\/\" \/>\n<meta property=\"og:image\" content=\"https:\/\/www.demosmobilia.ch\/wp-content\/uploads\/2026\/04\/fontana-arte-mirror-1960-italian-design-gio-ponti-01.jpg\" \/>\n\t<meta property=\"og:image:width\" content=\"1200\" \/>\n\t<meta property=\"og:image:height\" content=\"900\" \/>\n\t<meta property=\"og:image:type\" content=\"image\/jpeg\" \/>\n<meta name=\"twitter:card\" content=\"summary_large_image\" \/>\n<meta name=\"twitter:label1\" content=\"Dur\u00e9e de lecture estim\u00e9e\" \/>\n\t<meta name=\"twitter:data1\" content=\"2 minutes\" \/>\n<script type=\"application\/ld+json\" class=\"yoast-schema-graph\">{\"@context\":\"https:\/\/schema.org\",\"@graph\":[{\"@type\":\"WebPage\",\"@id\":\"https:\/\/www.demosmobilia.ch\/fr\/product\/minimalist-mirror-with-a-transparent-frame\/\",\"url\":\"https:\/\/www.demosmobilia.ch\/fr\/product\/minimalist-mirror-with-a-transparent-frame\/\",\"name\":\"Minimalist mirror with a transparent frame &#8211; Demosmobilia\",\"isPartOf\":{\"@id\":\"https:\/\/www.demosmobilia.ch\/fr\/#website\"},\"primaryImageOfPage\":{\"@id\":\"https:\/\/www.demosmobilia.ch\/fr\/product\/minimalist-mirror-with-a-transparent-frame\/#primaryimage\"},\"image\":{\"@id\":\"https:\/\/www.demosmobilia.ch\/fr\/product\/minimalist-mirror-with-a-transparent-frame\/#primaryimage\"},\"thumbnailUrl\":\"https:\/\/www.demosmobilia.ch\/wp-content\/uploads\/2026\/04\/fontana-arte-mirror-1960-italian-design-gio-ponti-01.jpg\",\"datePublished\":\"2026-04-22T12:00:20+00:00\",\"dateModified\":\"2026-04-22T12:00:20+00:00\",\"breadcrumb\":{\"@id\":\"https:\/\/www.demosmobilia.ch\/fr\/product\/minimalist-mirror-with-a-transparent-frame\/#breadcrumb\"},\"inLanguage\":\"fr-FR\",\"potentialAction\":[{\"@type\":\"ReadAction\",\"target\":[\"https:\/\/www.demosmobilia.ch\/fr\/product\/minimalist-mirror-with-a-transparent-frame\/\"]}]},{\"@type\":\"ImageObject\",\"inLanguage\":\"fr-FR\",\"@id\":\"https:\/\/www.demosmobilia.ch\/fr\/product\/minimalist-mirror-with-a-transparent-frame\/#primaryimage\",\"url\":\"https:\/\/www.demosmobilia.ch\/wp-content\/uploads\/2026\/04\/fontana-arte-mirror-1960-italian-design-gio-ponti-01.jpg\",\"contentUrl\":\"https:\/\/www.demosmobilia.ch\/wp-content\/uploads\/2026\/04\/fontana-arte-mirror-1960-italian-design-gio-ponti-01.jpg\",\"width\":1200,\"height\":900},{\"@type\":\"BreadcrumbList\",\"@id\":\"https:\/\/www.demosmobilia.ch\/fr\/product\/minimalist-mirror-with-a-transparent-frame\/#breadcrumb\",\"itemListElement\":[{\"@type\":\"ListItem\",\"position\":1,\"name\":\"Home\",\"item\":\"https:\/\/www.demosmobilia.ch\/fr\/\"},{\"@type\":\"ListItem\",\"position\":2,\"name\":\"Produits\",\"item\":\"https:\/\/www.demosmobilia.ch\/fr\/shop\/\"},{\"@type\":\"ListItem\",\"position\":3,\"name\":\"Minimalist mirror with a transparent frame\"}]},{\"@type\":\"WebSite\",\"@id\":\"https:\/\/www.demosmobilia.ch\/fr\/#website\",\"url\":\"https:\/\/www.demosmobilia.ch\/fr\/\",\"name\":\"Demosmobilia\",\"description\":\"Vintage Mid Century Modern Design Furniture from the &#039;30s to the &#039;80s\",\"publisher\":{\"@id\":\"https:\/\/www.demosmobilia.ch\/fr\/#organization\"},\"potentialAction\":[{\"@type\":\"SearchAction\",\"target\":{\"@type\":\"EntryPoint\",\"urlTemplate\":\"https:\/\/www.demosmobilia.ch\/fr\/?s={search_term_string}\"},\"query-input\":{\"@type\":\"PropertyValueSpecification\",\"valueRequired\":true,\"valueName\":\"search_term_string\"}}],\"inLanguage\":\"fr-FR\"},{\"@type\":\"Organization\",\"@id\":\"https:\/\/www.demosmobilia.ch\/fr\/#organization\",\"name\":\"demosmobilia\",\"url\":\"https:\/\/www.demosmobilia.ch\/fr\/\",\"logo\":{\"@type\":\"ImageObject\",\"inLanguage\":\"fr-FR\",\"@id\":\"https:\/\/www.demosmobilia.ch\/fr\/#\/schema\/logo\/image\/\",\"url\":\"https:\/\/www.demosmobilia.ch\/wp-content\/uploads\/2020\/07\/demosmobilia-logo-2020-230-160.png\",\"contentUrl\":\"https:\/\/www.demosmobilia.ch\/wp-content\/uploads\/2020\/07\/demosmobilia-logo-2020-230-160.png\",\"width\":230,\"height\":160,\"caption\":\"demosmobilia\"},\"image\":{\"@id\":\"https:\/\/www.demosmobilia.ch\/fr\/#\/schema\/logo\/image\/\"},\"sameAs\":[\"https:\/\/www.facebook.com\/Demos-Mobilia-1137017453131445\/\",\"https:\/\/www.instagram.com\/demosmobilia\/\"]}]}<\/script>\n<!-- \/ Yoast SEO plugin. -->","yoast_head_json":{"title":"Minimalist mirror with a transparent frame &#8211; Demosmobilia","robots":{"index":"index","follow":"follow","max-snippet":"max-snippet:-1","max-image-preview":"max-image-preview:large","max-video-preview":"max-video-preview:-1"},"canonical":"https:\/\/www.demosmobilia.ch\/fr\/product\/minimalist-mirror-with-a-transparent-frame\/","og_locale":"fr_FR","og_type":"article","og_title":"Minimalist mirror with a transparent frame &#8211; Demosmobilia","og_description":"Int\u00e9grer des objets de design du XXe si\u00e8cle dans votre d\u00e9coration int\u00e9rieure est un choix strat\u00e9gique pour cr\u00e9er un espace unique et distinctif. De plus en plus de personnes recherchent des solutions pour se d\u00e9marquer en d\u00e9coration, et le design du XXe si\u00e8cle repr\u00e9sente l\u2019une des options les plus efficaces. Les pi\u00e8ces de design du XXe si\u00e8cle allient esth\u00e9tique, fonctionnalit\u00e9 et valeur historique. Chaises iconiques, lampes vintage et objets d\u00e9coratifs modernistes vous permettent de concevoir des int\u00e9rieurs qui racontent une histoire. En int\u00e9grant des \u00e9l\u00e9ments de design historique dans un am\u00e9nagement contemporain, vous cassez la monotonie des espaces standardis\u00e9s et valorisez chaque pi\u00e8ce de votreRead More &rarr;","og_url":"https:\/\/www.demosmobilia.ch\/fr\/product\/minimalist-mirror-with-a-transparent-frame\/","og_site_name":"Demosmobilia","article_publisher":"https:\/\/www.facebook.com\/Demos-Mobilia-1137017453131445\/","og_image":[{"width":1200,"height":900,"url":"https:\/\/www.demosmobilia.ch\/wp-content\/uploads\/2026\/04\/fontana-arte-mirror-1960-italian-design-gio-ponti-01.jpg","type":"image\/jpeg"}],"twitter_card":"summary_large_image","twitter_misc":{"Dur\u00e9e de lecture estim\u00e9e":"2 minutes"},"schema":{"@context":"https:\/\/schema.org","@graph":[{"@type":"WebPage","@id":"https:\/\/www.demosmobilia.ch\/fr\/product\/minimalist-mirror-with-a-transparent-frame\/","url":"https:\/\/www.demosmobilia.ch\/fr\/product\/minimalist-mirror-with-a-transparent-frame\/","name":"Minimalist mirror with a transparent frame &#8211; Demosmobilia","isPartOf":{"@id":"https:\/\/www.demosmobilia.ch\/fr\/#website"},"primaryImageOfPage":{"@id":"https:\/\/www.demosmobilia.ch\/fr\/product\/minimalist-mirror-with-a-transparent-frame\/#primaryimage"},"image":{"@id":"https:\/\/www.demosmobilia.ch\/fr\/product\/minimalist-mirror-with-a-transparent-frame\/#primaryimage"},"thumbnailUrl":"https:\/\/www.demosmobilia.ch\/wp-content\/uploads\/2026\/04\/fontana-arte-mirror-1960-italian-design-gio-ponti-01.jpg","datePublished":"2026-04-22T12:00:20+00:00","dateModified":"2026-04-22T12:00:20+00:00","breadcrumb":{"@id":"https:\/\/www.demosmobilia.ch\/fr\/product\/minimalist-mirror-with-a-transparent-frame\/#breadcrumb"},"inLanguage":"fr-FR","potentialAction":[{"@type":"ReadAction","target":["https:\/\/www.demosmobilia.ch\/fr\/product\/minimalist-mirror-with-a-transparent-frame\/"]}]},{"@type":"ImageObject","inLanguage":"fr-FR","@id":"https:\/\/www.demosmobilia.ch\/fr\/product\/minimalist-mirror-with-a-transparent-frame\/#primaryimage","url":"https:\/\/www.demosmobilia.ch\/wp-content\/uploads\/2026\/04\/fontana-arte-mirror-1960-italian-design-gio-ponti-01.jpg","contentUrl":"https:\/\/www.demosmobilia.ch\/wp-content\/uploads\/2026\/04\/fontana-arte-mirror-1960-italian-design-gio-ponti-01.jpg","width":1200,"height":900},{"@type":"BreadcrumbList","@id":"https:\/\/www.demosmobilia.ch\/fr\/product\/minimalist-mirror-with-a-transparent-frame\/#breadcrumb","itemListElement":[{"@type":"ListItem","position":1,"name":"Home","item":"https:\/\/www.demosmobilia.ch\/fr\/"},{"@type":"ListItem","position":2,"name":"Produits","item":"https:\/\/www.demosmobilia.ch\/fr\/shop\/"},{"@type":"ListItem","position":3,"name":"Minimalist mirror with a transparent frame"}]},{"@type":"WebSite","@id":"https:\/\/www.demosmobilia.ch\/fr\/#website","url":"https:\/\/www.demosmobilia.ch\/fr\/","name":"Demosmobilia","description":"Vintage Mid Century Modern Design Furniture from the &#039;30s to the &#039;80s","publisher":{"@id":"https:\/\/www.demosmobilia.ch\/fr\/#organization"},"potentialAction":[{"@type":"SearchAction","target":{"@type":"EntryPoint","urlTemplate":"https:\/\/www.demosmobilia.ch\/fr\/?s={search_term_string}"},"query-input":{"@type":"PropertyValueSpecification","valueRequired":true,"valueName":"search_term_string"}}],"inLanguage":"fr-FR"},{"@type":"Organization","@id":"https:\/\/www.demosmobilia.ch\/fr\/#organization","name":"demosmobilia","url":"https:\/\/www.demosmobilia.ch\/fr\/","logo":{"@type":"ImageObject","inLanguage":"fr-FR","@id":"https:\/\/www.demosmobilia.ch\/fr\/#\/schema\/logo\/image\/","url":"https:\/\/www.demosmobilia.ch\/wp-content\/uploads\/2020\/07\/demosmobilia-logo-2020-230-160.png","contentUrl":"https:\/\/www.demosmobilia.ch\/wp-content\/uploads\/2020\/07\/demosmobilia-logo-2020-230-160.png","width":230,"height":160,"caption":"demosmobilia"},"image":{"@id":"https:\/\/www.demosmobilia.ch\/fr\/#\/schema\/logo\/image\/"},"sameAs":["https:\/\/www.facebook.com\/Demos-Mobilia-1137017453131445\/","https:\/\/www.instagram.com\/demosmobilia\/"]}]}},"_links":{"self":[{"href":"https:\/\/www.demosmobilia.ch\/fr\/wp-json\/wp\/v2\/product\/87636","targetHints":{"allow":["GET"]}}],"collection":[{"href":"https:\/\/www.demosmobilia.ch\/fr\/wp-json\/wp\/v2\/product"}],"about":[{"href":"https:\/\/www.demosmobilia.ch\/fr\/wp-json\/wp\/v2\/types\/product"}],"wp:featuredmedia":[{"embeddable":true,"href":"https:\/\/www.demosmobilia.ch\/fr\/wp-json\/wp\/v2\/media\/87608"}],"wp:attachment":[{"href":"https:\/\/www.demosmobilia.ch\/fr\/wp-json\/wp\/v2\/media?parent=87636"}],"wp:term":[{"taxonomy":"product_cat","embeddable":true,"href":"https:\/\/www.demosmobilia.ch\/fr\/wp-json\/wp\/v2\/product_cat?post=87636"},{"taxonomy":"product_tag","embeddable":true,"href":"https:\/\/www.demosmobilia.ch\/fr\/wp-json\/wp\/v2\/product_tag?post=87636"}],"curies":[{"name":"wp","href":"https:\/\/api.w.org\/{rel}","templated":true}]}}