{"id":87346,"date":"2026-04-28T13:00:42","date_gmt":"2026-04-28T11:00:42","guid":{"rendered":"https:\/\/www.demosmobilia.ch\/product\/imposant-lustre-modele-1881-diametre-90-cm\/"},"modified":"2026-04-28T13:00:42","modified_gmt":"2026-04-28T11:00:42","slug":"imposant-lustre-modele-1881-diametre-90-cm","status":"publish","type":"product","link":"https:\/\/www.demosmobilia.ch\/fr\/product\/imposant-lustre-modele-1881-diametre-90-cm\/","title":{"rendered":"Imposant lustre, mod\u00e8le 1881 (diam\u00e8tre 90 cm)"},"content":{"rendered":"<p data-start=\"63\" data-end=\"516\">Max Ingrand (1908\u20131969) fut l\u2019une des figures majeures du design et de l\u2019\u00e9clairage du XXe si\u00e8cle, reconnu pour avoir red\u00e9fini la lumi\u00e8re comme un \u00e9l\u00e9ment \u00e0 la fois architectural et esth\u00e9tique. En tant que directeur artistique de Fontana Arte de 1954 \u00e0 1967, il a conduit la marque vers une nouvelle \u00e8re d\u2019innovation, en cr\u00e9ant des luminaires iconiques caract\u00e9ris\u00e9s par leur \u00e9l\u00e9gance, leur fonctionnalit\u00e9 et une ma\u00eetrise exceptionnelle du verre. <\/p>\n<p data-start=\"518\" data-end=\"1153\">Parmi ses cr\u00e9ations les plus remarquables figure le grand lustre mod\u00e8le 1881, une expression embl\u00e9matique de la vision de Max Ingrand. R\u00e9alis\u00e9 en verre courb\u00e9 rose, ce lustre allie l\u00e9g\u00e8ret\u00e9 visuelle et forte pr\u00e9sence sculpturale, diffusant une lumi\u00e8re chaleureuse et raffin\u00e9e. Ce mod\u00e8le est extr\u00eamement rare et, dans cette importante dimension de 90 cm, constitue une pi\u00e8ce unique, d\u2019une valeur exceptionnelle pour les collectionneurs et les projets d\u2019architecture int\u00e9rieure haut de gamme. Le travail du verre, signature de Fontana Arte, sublime les qualit\u00e9s mat\u00e9rielles et chromatiques du design, le rendant id\u00e9al pour des espaces r\u00e9sidentiels et contract de prestige.   <\/p>\n<p data-start=\"1155\" data-end=\"1443\">Fontana Arte, maison historique du design d\u2019\u00e9clairage italien, est aujourd\u2019hui une r\u00e9f\u00e9rence internationale dans le domaine du luminaire haut de gamme. Gr\u00e2ce \u00e0 l\u2019apport cr\u00e9atif de Max Ingrand, la marque a d\u00e9velopp\u00e9 une identit\u00e9 forte fond\u00e9e sur la recherche formelle, la qualit\u00e9 artisanale et l\u2019innovation technologique. <\/p>\n","protected":false},"excerpt":{"rendered":"<p>Max Ingrand (1908\u20131969) fut l\u2019une des figures majeures du design et de l\u2019\u00e9clairage du XXe si\u00e8cle, reconnu pour avoir red\u00e9fini la lumi\u00e8re comme un \u00e9l\u00e9ment \u00e0 la fois architectural et esth\u00e9tique. En tant que directeur artistique de Fontana Arte de 1954 \u00e0 1967, il a conduit la marque vers une nouvelle \u00e8re d\u2019innovation, en cr\u00e9ant des luminaires iconiques caract\u00e9ris\u00e9s par leur \u00e9l\u00e9gance, leur fonctionnalit\u00e9 et une ma\u00eetrise exceptionnelle du verre. Parmi ses cr\u00e9ations les plus remarquables figure le grand lustre mod\u00e8le 1881, une expression embl\u00e9matique de la vision de Max Ingrand. R\u00e9alis\u00e9 en verre courb\u00e9 rose, ce lustre allie l\u00e9g\u00e8ret\u00e9 visuelle et forte pr\u00e9sence sculpturale,<a class=\"more-link\" href=\"https:\/\/www.demosmobilia.ch\/fr\/product\/imposant-lustre-modele-1881-diametre-90-cm\/\">Read More &rarr;<\/a><\/p>\n","protected":false},"featured_media":87302,"template":"","meta":{"_monsterinsights_skip_tracking":false,"_monsterinsights_sitenote_active":false,"_monsterinsights_sitenote_note":"","_monsterinsights_sitenote_category":0,"kk_blocks_editor_width":"","_kiokenblocks_attr":"","_kiokenblocks_dimensions":""},"product_cat":[4071,4247],"product_tag":[6521],"class_list":{"0":"entry","1":"author-demosmobilia","2":"post-87346","3":"product","4":"type-product","5":"status-publish","6":"has-post-thumbnail","7":"product_production-fontana-arte","8":"product_year-1960-approx","9":"product_nation-italie-fr","10":"product_cat-nouveautes","11":"product_cat-suspensions","12":"product_tag-ingrand-max-fr","13":"pa_product_dimension-dia-90-x-ht-72-cm","14":"pa_product_material-verre-rose-colore-bombe-et-depoli-verre-bombe-et-depoli-laiton","16":"first","17":"instock","18":"featured","19":"shipping-taxable","20":"product-type-simple"},"yoast_head":"<!-- This site is optimized with the Yoast SEO plugin v24.0 - https:\/\/yoast.com\/wordpress\/plugins\/seo\/ -->\n<title>Imposant lustre, mod\u00e8le 1881 (diam\u00e8tre 90 cm) &#8211; Demosmobilia<\/title>\n<meta name=\"robots\" content=\"index, follow, max-snippet:-1, max-image-preview:large, max-video-preview:-1\" \/>\n<link rel=\"canonical\" href=\"https:\/\/www.demosmobilia.ch\/fr\/product\/imposant-lustre-modele-1881-diametre-90-cm\/\" \/>\n<meta property=\"og:locale\" content=\"fr_FR\" \/>\n<meta property=\"og:type\" content=\"article\" \/>\n<meta property=\"og:title\" content=\"Imposant lustre, mod\u00e8le 1881 (diam\u00e8tre 90 cm) &#8211; Demosmobilia\" \/>\n<meta property=\"og:description\" content=\"Max Ingrand (1908\u20131969) fut l\u2019une des figures majeures du design et de l\u2019\u00e9clairage du XXe si\u00e8cle, reconnu pour avoir red\u00e9fini la lumi\u00e8re comme un \u00e9l\u00e9ment \u00e0 la fois architectural et esth\u00e9tique. En tant que directeur artistique de Fontana Arte de 1954 \u00e0 1967, il a conduit la marque vers une nouvelle \u00e8re d\u2019innovation, en cr\u00e9ant des luminaires iconiques caract\u00e9ris\u00e9s par leur \u00e9l\u00e9gance, leur fonctionnalit\u00e9 et une ma\u00eetrise exceptionnelle du verre. Parmi ses cr\u00e9ations les plus remarquables figure le grand lustre mod\u00e8le 1881, une expression embl\u00e9matique de la vision de Max Ingrand. R\u00e9alis\u00e9 en verre courb\u00e9 rose, ce lustre allie l\u00e9g\u00e8ret\u00e9 visuelle et forte pr\u00e9sence sculpturale,Read More &rarr;\" \/>\n<meta property=\"og:url\" content=\"https:\/\/www.demosmobilia.ch\/fr\/product\/imposant-lustre-modele-1881-diametre-90-cm\/\" \/>\n<meta property=\"og:site_name\" content=\"Demosmobilia\" \/>\n<meta property=\"article:publisher\" content=\"https:\/\/www.facebook.com\/Demos-Mobilia-1137017453131445\/\" \/>\n<meta property=\"og:image\" content=\"https:\/\/www.demosmobilia.ch\/wp-content\/uploads\/2026\/04\/max-ingrand-fontana-arte-chandelier-1881-rose-glass-1960-01.jpg\" \/>\n\t<meta property=\"og:image:width\" content=\"1200\" \/>\n\t<meta property=\"og:image:height\" content=\"900\" \/>\n\t<meta property=\"og:image:type\" content=\"image\/jpeg\" \/>\n<meta name=\"twitter:card\" content=\"summary_large_image\" \/>\n<meta name=\"twitter:label1\" content=\"Dur\u00e9e de lecture estim\u00e9e\" \/>\n\t<meta name=\"twitter:data1\" content=\"1 minute\" \/>\n<script type=\"application\/ld+json\" class=\"yoast-schema-graph\">{\"@context\":\"https:\/\/schema.org\",\"@graph\":[{\"@type\":\"WebPage\",\"@id\":\"https:\/\/www.demosmobilia.ch\/fr\/product\/imposant-lustre-modele-1881-diametre-90-cm\/\",\"url\":\"https:\/\/www.demosmobilia.ch\/fr\/product\/imposant-lustre-modele-1881-diametre-90-cm\/\",\"name\":\"Imposant lustre, mod\u00e8le 1881 (diam\u00e8tre 90 cm) &#8211; Demosmobilia\",\"isPartOf\":{\"@id\":\"https:\/\/www.demosmobilia.ch\/fr\/#website\"},\"primaryImageOfPage\":{\"@id\":\"https:\/\/www.demosmobilia.ch\/fr\/product\/imposant-lustre-modele-1881-diametre-90-cm\/#primaryimage\"},\"image\":{\"@id\":\"https:\/\/www.demosmobilia.ch\/fr\/product\/imposant-lustre-modele-1881-diametre-90-cm\/#primaryimage\"},\"thumbnailUrl\":\"https:\/\/www.demosmobilia.ch\/wp-content\/uploads\/2026\/04\/max-ingrand-fontana-arte-chandelier-1881-rose-glass-1960-01.jpg\",\"datePublished\":\"2026-04-28T11:00:42+00:00\",\"dateModified\":\"2026-04-28T11:00:42+00:00\",\"breadcrumb\":{\"@id\":\"https:\/\/www.demosmobilia.ch\/fr\/product\/imposant-lustre-modele-1881-diametre-90-cm\/#breadcrumb\"},\"inLanguage\":\"fr-FR\",\"potentialAction\":[{\"@type\":\"ReadAction\",\"target\":[\"https:\/\/www.demosmobilia.ch\/fr\/product\/imposant-lustre-modele-1881-diametre-90-cm\/\"]}]},{\"@type\":\"ImageObject\",\"inLanguage\":\"fr-FR\",\"@id\":\"https:\/\/www.demosmobilia.ch\/fr\/product\/imposant-lustre-modele-1881-diametre-90-cm\/#primaryimage\",\"url\":\"https:\/\/www.demosmobilia.ch\/wp-content\/uploads\/2026\/04\/max-ingrand-fontana-arte-chandelier-1881-rose-glass-1960-01.jpg\",\"contentUrl\":\"https:\/\/www.demosmobilia.ch\/wp-content\/uploads\/2026\/04\/max-ingrand-fontana-arte-chandelier-1881-rose-glass-1960-01.jpg\",\"width\":1200,\"height\":900},{\"@type\":\"BreadcrumbList\",\"@id\":\"https:\/\/www.demosmobilia.ch\/fr\/product\/imposant-lustre-modele-1881-diametre-90-cm\/#breadcrumb\",\"itemListElement\":[{\"@type\":\"ListItem\",\"position\":1,\"name\":\"Home\",\"item\":\"https:\/\/www.demosmobilia.ch\/fr\/\"},{\"@type\":\"ListItem\",\"position\":2,\"name\":\"Produits\",\"item\":\"https:\/\/www.demosmobilia.ch\/fr\/shop\/\"},{\"@type\":\"ListItem\",\"position\":3,\"name\":\"Imposant lustre, mod\u00e8le 1881 (diam\u00e8tre 90 cm)\"}]},{\"@type\":\"WebSite\",\"@id\":\"https:\/\/www.demosmobilia.ch\/fr\/#website\",\"url\":\"https:\/\/www.demosmobilia.ch\/fr\/\",\"name\":\"Demosmobilia\",\"description\":\"Vintage Mid Century Modern Design Furniture from the &#039;30s to the &#039;80s\",\"publisher\":{\"@id\":\"https:\/\/www.demosmobilia.ch\/fr\/#organization\"},\"potentialAction\":[{\"@type\":\"SearchAction\",\"target\":{\"@type\":\"EntryPoint\",\"urlTemplate\":\"https:\/\/www.demosmobilia.ch\/fr\/?s={search_term_string}\"},\"query-input\":{\"@type\":\"PropertyValueSpecification\",\"valueRequired\":true,\"valueName\":\"search_term_string\"}}],\"inLanguage\":\"fr-FR\"},{\"@type\":\"Organization\",\"@id\":\"https:\/\/www.demosmobilia.ch\/fr\/#organization\",\"name\":\"demosmobilia\",\"url\":\"https:\/\/www.demosmobilia.ch\/fr\/\",\"logo\":{\"@type\":\"ImageObject\",\"inLanguage\":\"fr-FR\",\"@id\":\"https:\/\/www.demosmobilia.ch\/fr\/#\/schema\/logo\/image\/\",\"url\":\"https:\/\/www.demosmobilia.ch\/wp-content\/uploads\/2020\/07\/demosmobilia-logo-2020-230-160.png\",\"contentUrl\":\"https:\/\/www.demosmobilia.ch\/wp-content\/uploads\/2020\/07\/demosmobilia-logo-2020-230-160.png\",\"width\":230,\"height\":160,\"caption\":\"demosmobilia\"},\"image\":{\"@id\":\"https:\/\/www.demosmobilia.ch\/fr\/#\/schema\/logo\/image\/\"},\"sameAs\":[\"https:\/\/www.facebook.com\/Demos-Mobilia-1137017453131445\/\",\"https:\/\/www.instagram.com\/demosmobilia\/\"]}]}<\/script>\n<!-- \/ Yoast SEO plugin. -->","yoast_head_json":{"title":"Imposant lustre, mod\u00e8le 1881 (diam\u00e8tre 90 cm) &#8211; Demosmobilia","robots":{"index":"index","follow":"follow","max-snippet":"max-snippet:-1","max-image-preview":"max-image-preview:large","max-video-preview":"max-video-preview:-1"},"canonical":"https:\/\/www.demosmobilia.ch\/fr\/product\/imposant-lustre-modele-1881-diametre-90-cm\/","og_locale":"fr_FR","og_type":"article","og_title":"Imposant lustre, mod\u00e8le 1881 (diam\u00e8tre 90 cm) &#8211; Demosmobilia","og_description":"Max Ingrand (1908\u20131969) fut l\u2019une des figures majeures du design et de l\u2019\u00e9clairage du XXe si\u00e8cle, reconnu pour avoir red\u00e9fini la lumi\u00e8re comme un \u00e9l\u00e9ment \u00e0 la fois architectural et esth\u00e9tique. En tant que directeur artistique de Fontana Arte de 1954 \u00e0 1967, il a conduit la marque vers une nouvelle \u00e8re d\u2019innovation, en cr\u00e9ant des luminaires iconiques caract\u00e9ris\u00e9s par leur \u00e9l\u00e9gance, leur fonctionnalit\u00e9 et une ma\u00eetrise exceptionnelle du verre. Parmi ses cr\u00e9ations les plus remarquables figure le grand lustre mod\u00e8le 1881, une expression embl\u00e9matique de la vision de Max Ingrand. R\u00e9alis\u00e9 en verre courb\u00e9 rose, ce lustre allie l\u00e9g\u00e8ret\u00e9 visuelle et forte pr\u00e9sence sculpturale,Read More &rarr;","og_url":"https:\/\/www.demosmobilia.ch\/fr\/product\/imposant-lustre-modele-1881-diametre-90-cm\/","og_site_name":"Demosmobilia","article_publisher":"https:\/\/www.facebook.com\/Demos-Mobilia-1137017453131445\/","og_image":[{"width":1200,"height":900,"url":"https:\/\/www.demosmobilia.ch\/wp-content\/uploads\/2026\/04\/max-ingrand-fontana-arte-chandelier-1881-rose-glass-1960-01.jpg","type":"image\/jpeg"}],"twitter_card":"summary_large_image","twitter_misc":{"Dur\u00e9e de lecture estim\u00e9e":"1 minute"},"schema":{"@context":"https:\/\/schema.org","@graph":[{"@type":"WebPage","@id":"https:\/\/www.demosmobilia.ch\/fr\/product\/imposant-lustre-modele-1881-diametre-90-cm\/","url":"https:\/\/www.demosmobilia.ch\/fr\/product\/imposant-lustre-modele-1881-diametre-90-cm\/","name":"Imposant lustre, mod\u00e8le 1881 (diam\u00e8tre 90 cm) &#8211; Demosmobilia","isPartOf":{"@id":"https:\/\/www.demosmobilia.ch\/fr\/#website"},"primaryImageOfPage":{"@id":"https:\/\/www.demosmobilia.ch\/fr\/product\/imposant-lustre-modele-1881-diametre-90-cm\/#primaryimage"},"image":{"@id":"https:\/\/www.demosmobilia.ch\/fr\/product\/imposant-lustre-modele-1881-diametre-90-cm\/#primaryimage"},"thumbnailUrl":"https:\/\/www.demosmobilia.ch\/wp-content\/uploads\/2026\/04\/max-ingrand-fontana-arte-chandelier-1881-rose-glass-1960-01.jpg","datePublished":"2026-04-28T11:00:42+00:00","dateModified":"2026-04-28T11:00:42+00:00","breadcrumb":{"@id":"https:\/\/www.demosmobilia.ch\/fr\/product\/imposant-lustre-modele-1881-diametre-90-cm\/#breadcrumb"},"inLanguage":"fr-FR","potentialAction":[{"@type":"ReadAction","target":["https:\/\/www.demosmobilia.ch\/fr\/product\/imposant-lustre-modele-1881-diametre-90-cm\/"]}]},{"@type":"ImageObject","inLanguage":"fr-FR","@id":"https:\/\/www.demosmobilia.ch\/fr\/product\/imposant-lustre-modele-1881-diametre-90-cm\/#primaryimage","url":"https:\/\/www.demosmobilia.ch\/wp-content\/uploads\/2026\/04\/max-ingrand-fontana-arte-chandelier-1881-rose-glass-1960-01.jpg","contentUrl":"https:\/\/www.demosmobilia.ch\/wp-content\/uploads\/2026\/04\/max-ingrand-fontana-arte-chandelier-1881-rose-glass-1960-01.jpg","width":1200,"height":900},{"@type":"BreadcrumbList","@id":"https:\/\/www.demosmobilia.ch\/fr\/product\/imposant-lustre-modele-1881-diametre-90-cm\/#breadcrumb","itemListElement":[{"@type":"ListItem","position":1,"name":"Home","item":"https:\/\/www.demosmobilia.ch\/fr\/"},{"@type":"ListItem","position":2,"name":"Produits","item":"https:\/\/www.demosmobilia.ch\/fr\/shop\/"},{"@type":"ListItem","position":3,"name":"Imposant lustre, mod\u00e8le 1881 (diam\u00e8tre 90 cm)"}]},{"@type":"WebSite","@id":"https:\/\/www.demosmobilia.ch\/fr\/#website","url":"https:\/\/www.demosmobilia.ch\/fr\/","name":"Demosmobilia","description":"Vintage Mid Century Modern Design Furniture from the &#039;30s to the &#039;80s","publisher":{"@id":"https:\/\/www.demosmobilia.ch\/fr\/#organization"},"potentialAction":[{"@type":"SearchAction","target":{"@type":"EntryPoint","urlTemplate":"https:\/\/www.demosmobilia.ch\/fr\/?s={search_term_string}"},"query-input":{"@type":"PropertyValueSpecification","valueRequired":true,"valueName":"search_term_string"}}],"inLanguage":"fr-FR"},{"@type":"Organization","@id":"https:\/\/www.demosmobilia.ch\/fr\/#organization","name":"demosmobilia","url":"https:\/\/www.demosmobilia.ch\/fr\/","logo":{"@type":"ImageObject","inLanguage":"fr-FR","@id":"https:\/\/www.demosmobilia.ch\/fr\/#\/schema\/logo\/image\/","url":"https:\/\/www.demosmobilia.ch\/wp-content\/uploads\/2020\/07\/demosmobilia-logo-2020-230-160.png","contentUrl":"https:\/\/www.demosmobilia.ch\/wp-content\/uploads\/2020\/07\/demosmobilia-logo-2020-230-160.png","width":230,"height":160,"caption":"demosmobilia"},"image":{"@id":"https:\/\/www.demosmobilia.ch\/fr\/#\/schema\/logo\/image\/"},"sameAs":["https:\/\/www.facebook.com\/Demos-Mobilia-1137017453131445\/","https:\/\/www.instagram.com\/demosmobilia\/"]}]}},"_links":{"self":[{"href":"https:\/\/www.demosmobilia.ch\/fr\/wp-json\/wp\/v2\/product\/87346","targetHints":{"allow":["GET"]}}],"collection":[{"href":"https:\/\/www.demosmobilia.ch\/fr\/wp-json\/wp\/v2\/product"}],"about":[{"href":"https:\/\/www.demosmobilia.ch\/fr\/wp-json\/wp\/v2\/types\/product"}],"wp:featuredmedia":[{"embeddable":true,"href":"https:\/\/www.demosmobilia.ch\/fr\/wp-json\/wp\/v2\/media\/87302"}],"wp:attachment":[{"href":"https:\/\/www.demosmobilia.ch\/fr\/wp-json\/wp\/v2\/media?parent=87346"}],"wp:term":[{"taxonomy":"product_cat","embeddable":true,"href":"https:\/\/www.demosmobilia.ch\/fr\/wp-json\/wp\/v2\/product_cat?post=87346"},{"taxonomy":"product_tag","embeddable":true,"href":"https:\/\/www.demosmobilia.ch\/fr\/wp-json\/wp\/v2\/product_tag?post=87346"}],"curies":[{"name":"wp","href":"https:\/\/api.w.org\/{rel}","templated":true}]}}