{"id":87297,"date":"2026-04-23T12:00:26","date_gmt":"2026-04-23T10:00:26","guid":{"rendered":"https:\/\/www.demosmobilia.ch\/product\/fauteuils-de-hall-dentree-modele-campone-en-jacaranda-massif-4-disponibles\/"},"modified":"2026-04-23T12:00:26","modified_gmt":"2026-04-23T10:00:26","slug":"fauteuils-de-hall-dentree-modele-campone-en-jacaranda-massif-4-disponibles","status":"publish","type":"product","link":"https:\/\/www.demosmobilia.ch\/fr\/product\/fauteuils-de-hall-dentree-modele-campone-en-jacaranda-massif-4-disponibles\/","title":{"rendered":"Fauteuils de hall d&rsquo;entr\u00e9e, mod\u00e8le Campone, en jacaranda massif, 4 disponibles"},"content":{"rendered":"<p data-start=\"0\" data-end=\"332\">J\u00fcrg Bally (1922\u20132013) est un architecte et designer actif dans le domaine du projet et du design de collection du XXe si\u00e8cle. Sa formation d\u2019architecte lui a permis de d\u00e9velopper une approche rigoureuse du design, fond\u00e9e sur les proportions, la fonctionnalit\u00e9 et une grande attention port\u00e9e aux mat\u00e9riaux, des qualit\u00e9s qu\u2019il a ensuite appliqu\u00e9es au mobilier et \u00e0 l\u2019am\u00e9nagement int\u00e9rieur. <\/p>\n<p data-start=\"334\" data-end=\"726\">Parall\u00e8lement \u00e0 son activit\u00e9 d\u2019architecte, J\u00fcrg Bally a \u00e9galement exerc\u00e9 en tant que designer et a jou\u00e9 un r\u00f4le actif dans la valorisation du design moderniste europ\u00e9en, avec un int\u00e9r\u00eat particulier pour le mobilier d\u2019apr\u00e8s-guerre. Son expertise technique et sa connaissance historique lui ont permis d\u2019identifier et de s\u00e9lectionner des pi\u00e8ces de grande valeur, contribuant ainsi \u00e0 la diffusion d\u2019\u0153uvres embl\u00e9matiques du design fran\u00e7ais, suisse et scandinave. <\/p>\n<p data-start=\"728\" data-end=\"1271\">Un chapitre important de son activit\u00e9 concerne le projet d\u2019am\u00e9nagement int\u00e9rieur de l\u2019\u00c9cole polytechnique f\u00e9d\u00e9rale de Zurich (ETH Z\u00fcrich), pour lequel il d\u00e9veloppe des solutions sur mesure destin\u00e9es aux espaces publics et de repr\u00e9sentation. Dans ce cadre, Bally con\u00e7oit et fait produire personnellement en Afrique une s\u00e9rie de fauteuils de lobby en bois massif de jacaranda, mod\u00e8le Campone. L\u2019ensemble de ces fauteuils a ensuite \u00e9t\u00e9 acquis directement aupr\u00e8s de l\u2019architecte, constituant un ensemble authentique et document\u00e9 de la production originale.  <\/p>\n<p data-start=\"1273\" data-end=\"1473\" data-is-last-node=\"\" data-is-only-node=\"\">Son travail s\u2019inscrit dans le contexte du design de collection et de la red\u00e9couverte du modernisme du XXe si\u00e8cle, o\u00f9 architecture et design s\u2019unissent dans une vision coh\u00e9rente de l\u2019espace, de la fonction et de l\u2019objet.<\/p>\n","protected":false},"excerpt":{"rendered":"<p>J\u00fcrg Bally (1922\u20132013) est un architecte et designer actif dans le domaine du projet et du design de collection du XXe si\u00e8cle. Sa formation d\u2019architecte lui a permis de d\u00e9velopper une approche rigoureuse du design, fond\u00e9e sur les proportions, la fonctionnalit\u00e9 et une grande attention port\u00e9e aux mat\u00e9riaux, des qualit\u00e9s qu\u2019il a ensuite appliqu\u00e9es au mobilier et \u00e0 l\u2019am\u00e9nagement int\u00e9rieur. Parall\u00e8lement \u00e0 son activit\u00e9 d\u2019architecte, J\u00fcrg Bally a \u00e9galement exerc\u00e9 en tant que designer et a jou\u00e9 un r\u00f4le actif dans la valorisation du design moderniste europ\u00e9en, avec un int\u00e9r\u00eat particulier pour le mobilier d\u2019apr\u00e8s-guerre. Son expertise technique et sa connaissance historique lui ont permis<a class=\"more-link\" href=\"https:\/\/www.demosmobilia.ch\/fr\/product\/fauteuils-de-hall-dentree-modele-campone-en-jacaranda-massif-4-disponibles\/\">Read More &rarr;<\/a><\/p>\n","protected":false},"featured_media":87253,"template":"","meta":{"_monsterinsights_skip_tracking":false,"_monsterinsights_sitenote_active":false,"_monsterinsights_sitenote_note":"","_monsterinsights_sitenote_category":0,"kk_blocks_editor_width":"","_kiokenblocks_attr":"","_kiokenblocks_dimensions":""},"product_cat":[4263,4071],"product_tag":[6441],"class_list":{"0":"entry","1":"author-demosmobilia","2":"post-87297","3":"product","4":"type-product","5":"status-publish","6":"has-post-thumbnail","7":"product_production-jurg-bally-zurich","8":"product_year-2592","9":"product_nation-suisse-fr-3","10":"product_cat-fauteuils-fr","11":"product_cat-nouveautes","12":"product_tag-bally-jurg-fr","13":"pa_product_dimension-75-x-75-x-hauteur-dassise-35-cm-hauteur-totale-70-cm","14":"pa_product_material-bois-de-jacaranda-massif-sangles-en-corde-coussins-neufs-en-satin-couleur-taupe","16":"first","17":"instock","18":"shipping-taxable","19":"product-type-simple"},"yoast_head":"<!-- This site is optimized with the Yoast SEO plugin v24.0 - https:\/\/yoast.com\/wordpress\/plugins\/seo\/ -->\n<title>Fauteuils de hall d&#039;entr\u00e9e, mod\u00e8le Campone, en jacaranda massif, 4 disponibles &#8211; Demosmobilia<\/title>\n<meta name=\"robots\" content=\"index, follow, max-snippet:-1, max-image-preview:large, max-video-preview:-1\" \/>\n<link rel=\"canonical\" href=\"https:\/\/www.demosmobilia.ch\/fr\/product\/fauteuils-de-hall-dentree-modele-campone-en-jacaranda-massif-4-disponibles\/\" \/>\n<meta property=\"og:locale\" content=\"fr_FR\" \/>\n<meta property=\"og:type\" content=\"article\" \/>\n<meta property=\"og:title\" content=\"Fauteuils de hall d&#039;entr\u00e9e, mod\u00e8le Campone, en jacaranda massif, 4 disponibles &#8211; Demosmobilia\" \/>\n<meta property=\"og:description\" content=\"J\u00fcrg Bally (1922\u20132013) est un architecte et designer actif dans le domaine du projet et du design de collection du XXe si\u00e8cle. Sa formation d\u2019architecte lui a permis de d\u00e9velopper une approche rigoureuse du design, fond\u00e9e sur les proportions, la fonctionnalit\u00e9 et une grande attention port\u00e9e aux mat\u00e9riaux, des qualit\u00e9s qu\u2019il a ensuite appliqu\u00e9es au mobilier et \u00e0 l\u2019am\u00e9nagement int\u00e9rieur. Parall\u00e8lement \u00e0 son activit\u00e9 d\u2019architecte, J\u00fcrg Bally a \u00e9galement exerc\u00e9 en tant que designer et a jou\u00e9 un r\u00f4le actif dans la valorisation du design moderniste europ\u00e9en, avec un int\u00e9r\u00eat particulier pour le mobilier d\u2019apr\u00e8s-guerre. Son expertise technique et sa connaissance historique lui ont permisRead More &rarr;\" \/>\n<meta property=\"og:url\" content=\"https:\/\/www.demosmobilia.ch\/fr\/product\/fauteuils-de-hall-dentree-modele-campone-en-jacaranda-massif-4-disponibles\/\" \/>\n<meta property=\"og:site_name\" content=\"Demosmobilia\" \/>\n<meta property=\"article:publisher\" content=\"https:\/\/www.facebook.com\/Demos-Mobilia-1137017453131445\/\" \/>\n<meta property=\"og:image\" content=\"https:\/\/www.demosmobilia.ch\/wp-content\/uploads\/2026\/04\/Juerg-Bally-Zurich-ETH-Lobby-Lounge-Chairs-Campone-1975-swiss-design-01.jpg\" \/>\n\t<meta property=\"og:image:width\" content=\"1200\" \/>\n\t<meta property=\"og:image:height\" content=\"900\" \/>\n\t<meta property=\"og:image:type\" content=\"image\/jpeg\" \/>\n<meta name=\"twitter:card\" content=\"summary_large_image\" \/>\n<meta name=\"twitter:label1\" content=\"Dur\u00e9e de lecture estim\u00e9e\" \/>\n\t<meta name=\"twitter:data1\" content=\"1 minute\" \/>\n<script type=\"application\/ld+json\" class=\"yoast-schema-graph\">{\"@context\":\"https:\/\/schema.org\",\"@graph\":[{\"@type\":\"WebPage\",\"@id\":\"https:\/\/www.demosmobilia.ch\/fr\/product\/fauteuils-de-hall-dentree-modele-campone-en-jacaranda-massif-4-disponibles\/\",\"url\":\"https:\/\/www.demosmobilia.ch\/fr\/product\/fauteuils-de-hall-dentree-modele-campone-en-jacaranda-massif-4-disponibles\/\",\"name\":\"Fauteuils de hall d'entr\u00e9e, mod\u00e8le Campone, en jacaranda massif, 4 disponibles &#8211; Demosmobilia\",\"isPartOf\":{\"@id\":\"https:\/\/www.demosmobilia.ch\/fr\/#website\"},\"primaryImageOfPage\":{\"@id\":\"https:\/\/www.demosmobilia.ch\/fr\/product\/fauteuils-de-hall-dentree-modele-campone-en-jacaranda-massif-4-disponibles\/#primaryimage\"},\"image\":{\"@id\":\"https:\/\/www.demosmobilia.ch\/fr\/product\/fauteuils-de-hall-dentree-modele-campone-en-jacaranda-massif-4-disponibles\/#primaryimage\"},\"thumbnailUrl\":\"https:\/\/www.demosmobilia.ch\/wp-content\/uploads\/2026\/04\/Juerg-Bally-Zurich-ETH-Lobby-Lounge-Chairs-Campone-1975-swiss-design-01.jpg\",\"datePublished\":\"2026-04-23T10:00:26+00:00\",\"dateModified\":\"2026-04-23T10:00:26+00:00\",\"breadcrumb\":{\"@id\":\"https:\/\/www.demosmobilia.ch\/fr\/product\/fauteuils-de-hall-dentree-modele-campone-en-jacaranda-massif-4-disponibles\/#breadcrumb\"},\"inLanguage\":\"fr-FR\",\"potentialAction\":[{\"@type\":\"ReadAction\",\"target\":[\"https:\/\/www.demosmobilia.ch\/fr\/product\/fauteuils-de-hall-dentree-modele-campone-en-jacaranda-massif-4-disponibles\/\"]}]},{\"@type\":\"ImageObject\",\"inLanguage\":\"fr-FR\",\"@id\":\"https:\/\/www.demosmobilia.ch\/fr\/product\/fauteuils-de-hall-dentree-modele-campone-en-jacaranda-massif-4-disponibles\/#primaryimage\",\"url\":\"https:\/\/www.demosmobilia.ch\/wp-content\/uploads\/2026\/04\/Juerg-Bally-Zurich-ETH-Lobby-Lounge-Chairs-Campone-1975-swiss-design-01.jpg\",\"contentUrl\":\"https:\/\/www.demosmobilia.ch\/wp-content\/uploads\/2026\/04\/Juerg-Bally-Zurich-ETH-Lobby-Lounge-Chairs-Campone-1975-swiss-design-01.jpg\",\"width\":1200,\"height\":900},{\"@type\":\"BreadcrumbList\",\"@id\":\"https:\/\/www.demosmobilia.ch\/fr\/product\/fauteuils-de-hall-dentree-modele-campone-en-jacaranda-massif-4-disponibles\/#breadcrumb\",\"itemListElement\":[{\"@type\":\"ListItem\",\"position\":1,\"name\":\"Home\",\"item\":\"https:\/\/www.demosmobilia.ch\/fr\/\"},{\"@type\":\"ListItem\",\"position\":2,\"name\":\"Produits\",\"item\":\"https:\/\/www.demosmobilia.ch\/fr\/shop\/\"},{\"@type\":\"ListItem\",\"position\":3,\"name\":\"Fauteuils de hall d&#8217;entr\u00e9e, mod\u00e8le Campone, en jacaranda massif, 4 disponibles\"}]},{\"@type\":\"WebSite\",\"@id\":\"https:\/\/www.demosmobilia.ch\/fr\/#website\",\"url\":\"https:\/\/www.demosmobilia.ch\/fr\/\",\"name\":\"Demosmobilia\",\"description\":\"Vintage Mid Century Modern Design Furniture from the &#039;30s to the &#039;80s\",\"publisher\":{\"@id\":\"https:\/\/www.demosmobilia.ch\/fr\/#organization\"},\"potentialAction\":[{\"@type\":\"SearchAction\",\"target\":{\"@type\":\"EntryPoint\",\"urlTemplate\":\"https:\/\/www.demosmobilia.ch\/fr\/?s={search_term_string}\"},\"query-input\":{\"@type\":\"PropertyValueSpecification\",\"valueRequired\":true,\"valueName\":\"search_term_string\"}}],\"inLanguage\":\"fr-FR\"},{\"@type\":\"Organization\",\"@id\":\"https:\/\/www.demosmobilia.ch\/fr\/#organization\",\"name\":\"demosmobilia\",\"url\":\"https:\/\/www.demosmobilia.ch\/fr\/\",\"logo\":{\"@type\":\"ImageObject\",\"inLanguage\":\"fr-FR\",\"@id\":\"https:\/\/www.demosmobilia.ch\/fr\/#\/schema\/logo\/image\/\",\"url\":\"https:\/\/www.demosmobilia.ch\/wp-content\/uploads\/2020\/07\/demosmobilia-logo-2020-230-160.png\",\"contentUrl\":\"https:\/\/www.demosmobilia.ch\/wp-content\/uploads\/2020\/07\/demosmobilia-logo-2020-230-160.png\",\"width\":230,\"height\":160,\"caption\":\"demosmobilia\"},\"image\":{\"@id\":\"https:\/\/www.demosmobilia.ch\/fr\/#\/schema\/logo\/image\/\"},\"sameAs\":[\"https:\/\/www.facebook.com\/Demos-Mobilia-1137017453131445\/\",\"https:\/\/www.instagram.com\/demosmobilia\/\"]}]}<\/script>\n<!-- \/ Yoast SEO plugin. -->","yoast_head_json":{"title":"Fauteuils de hall d'entr\u00e9e, mod\u00e8le Campone, en jacaranda massif, 4 disponibles &#8211; Demosmobilia","robots":{"index":"index","follow":"follow","max-snippet":"max-snippet:-1","max-image-preview":"max-image-preview:large","max-video-preview":"max-video-preview:-1"},"canonical":"https:\/\/www.demosmobilia.ch\/fr\/product\/fauteuils-de-hall-dentree-modele-campone-en-jacaranda-massif-4-disponibles\/","og_locale":"fr_FR","og_type":"article","og_title":"Fauteuils de hall d'entr\u00e9e, mod\u00e8le Campone, en jacaranda massif, 4 disponibles &#8211; Demosmobilia","og_description":"J\u00fcrg Bally (1922\u20132013) est un architecte et designer actif dans le domaine du projet et du design de collection du XXe si\u00e8cle. Sa formation d\u2019architecte lui a permis de d\u00e9velopper une approche rigoureuse du design, fond\u00e9e sur les proportions, la fonctionnalit\u00e9 et une grande attention port\u00e9e aux mat\u00e9riaux, des qualit\u00e9s qu\u2019il a ensuite appliqu\u00e9es au mobilier et \u00e0 l\u2019am\u00e9nagement int\u00e9rieur. Parall\u00e8lement \u00e0 son activit\u00e9 d\u2019architecte, J\u00fcrg Bally a \u00e9galement exerc\u00e9 en tant que designer et a jou\u00e9 un r\u00f4le actif dans la valorisation du design moderniste europ\u00e9en, avec un int\u00e9r\u00eat particulier pour le mobilier d\u2019apr\u00e8s-guerre. Son expertise technique et sa connaissance historique lui ont permisRead More &rarr;","og_url":"https:\/\/www.demosmobilia.ch\/fr\/product\/fauteuils-de-hall-dentree-modele-campone-en-jacaranda-massif-4-disponibles\/","og_site_name":"Demosmobilia","article_publisher":"https:\/\/www.facebook.com\/Demos-Mobilia-1137017453131445\/","og_image":[{"width":1200,"height":900,"url":"https:\/\/www.demosmobilia.ch\/wp-content\/uploads\/2026\/04\/Juerg-Bally-Zurich-ETH-Lobby-Lounge-Chairs-Campone-1975-swiss-design-01.jpg","type":"image\/jpeg"}],"twitter_card":"summary_large_image","twitter_misc":{"Dur\u00e9e de lecture estim\u00e9e":"1 minute"},"schema":{"@context":"https:\/\/schema.org","@graph":[{"@type":"WebPage","@id":"https:\/\/www.demosmobilia.ch\/fr\/product\/fauteuils-de-hall-dentree-modele-campone-en-jacaranda-massif-4-disponibles\/","url":"https:\/\/www.demosmobilia.ch\/fr\/product\/fauteuils-de-hall-dentree-modele-campone-en-jacaranda-massif-4-disponibles\/","name":"Fauteuils de hall d'entr\u00e9e, mod\u00e8le Campone, en jacaranda massif, 4 disponibles &#8211; Demosmobilia","isPartOf":{"@id":"https:\/\/www.demosmobilia.ch\/fr\/#website"},"primaryImageOfPage":{"@id":"https:\/\/www.demosmobilia.ch\/fr\/product\/fauteuils-de-hall-dentree-modele-campone-en-jacaranda-massif-4-disponibles\/#primaryimage"},"image":{"@id":"https:\/\/www.demosmobilia.ch\/fr\/product\/fauteuils-de-hall-dentree-modele-campone-en-jacaranda-massif-4-disponibles\/#primaryimage"},"thumbnailUrl":"https:\/\/www.demosmobilia.ch\/wp-content\/uploads\/2026\/04\/Juerg-Bally-Zurich-ETH-Lobby-Lounge-Chairs-Campone-1975-swiss-design-01.jpg","datePublished":"2026-04-23T10:00:26+00:00","dateModified":"2026-04-23T10:00:26+00:00","breadcrumb":{"@id":"https:\/\/www.demosmobilia.ch\/fr\/product\/fauteuils-de-hall-dentree-modele-campone-en-jacaranda-massif-4-disponibles\/#breadcrumb"},"inLanguage":"fr-FR","potentialAction":[{"@type":"ReadAction","target":["https:\/\/www.demosmobilia.ch\/fr\/product\/fauteuils-de-hall-dentree-modele-campone-en-jacaranda-massif-4-disponibles\/"]}]},{"@type":"ImageObject","inLanguage":"fr-FR","@id":"https:\/\/www.demosmobilia.ch\/fr\/product\/fauteuils-de-hall-dentree-modele-campone-en-jacaranda-massif-4-disponibles\/#primaryimage","url":"https:\/\/www.demosmobilia.ch\/wp-content\/uploads\/2026\/04\/Juerg-Bally-Zurich-ETH-Lobby-Lounge-Chairs-Campone-1975-swiss-design-01.jpg","contentUrl":"https:\/\/www.demosmobilia.ch\/wp-content\/uploads\/2026\/04\/Juerg-Bally-Zurich-ETH-Lobby-Lounge-Chairs-Campone-1975-swiss-design-01.jpg","width":1200,"height":900},{"@type":"BreadcrumbList","@id":"https:\/\/www.demosmobilia.ch\/fr\/product\/fauteuils-de-hall-dentree-modele-campone-en-jacaranda-massif-4-disponibles\/#breadcrumb","itemListElement":[{"@type":"ListItem","position":1,"name":"Home","item":"https:\/\/www.demosmobilia.ch\/fr\/"},{"@type":"ListItem","position":2,"name":"Produits","item":"https:\/\/www.demosmobilia.ch\/fr\/shop\/"},{"@type":"ListItem","position":3,"name":"Fauteuils de hall d&#8217;entr\u00e9e, mod\u00e8le Campone, en jacaranda massif, 4 disponibles"}]},{"@type":"WebSite","@id":"https:\/\/www.demosmobilia.ch\/fr\/#website","url":"https:\/\/www.demosmobilia.ch\/fr\/","name":"Demosmobilia","description":"Vintage Mid Century Modern Design Furniture from the &#039;30s to the &#039;80s","publisher":{"@id":"https:\/\/www.demosmobilia.ch\/fr\/#organization"},"potentialAction":[{"@type":"SearchAction","target":{"@type":"EntryPoint","urlTemplate":"https:\/\/www.demosmobilia.ch\/fr\/?s={search_term_string}"},"query-input":{"@type":"PropertyValueSpecification","valueRequired":true,"valueName":"search_term_string"}}],"inLanguage":"fr-FR"},{"@type":"Organization","@id":"https:\/\/www.demosmobilia.ch\/fr\/#organization","name":"demosmobilia","url":"https:\/\/www.demosmobilia.ch\/fr\/","logo":{"@type":"ImageObject","inLanguage":"fr-FR","@id":"https:\/\/www.demosmobilia.ch\/fr\/#\/schema\/logo\/image\/","url":"https:\/\/www.demosmobilia.ch\/wp-content\/uploads\/2020\/07\/demosmobilia-logo-2020-230-160.png","contentUrl":"https:\/\/www.demosmobilia.ch\/wp-content\/uploads\/2020\/07\/demosmobilia-logo-2020-230-160.png","width":230,"height":160,"caption":"demosmobilia"},"image":{"@id":"https:\/\/www.demosmobilia.ch\/fr\/#\/schema\/logo\/image\/"},"sameAs":["https:\/\/www.facebook.com\/Demos-Mobilia-1137017453131445\/","https:\/\/www.instagram.com\/demosmobilia\/"]}]}},"_links":{"self":[{"href":"https:\/\/www.demosmobilia.ch\/fr\/wp-json\/wp\/v2\/product\/87297","targetHints":{"allow":["GET"]}}],"collection":[{"href":"https:\/\/www.demosmobilia.ch\/fr\/wp-json\/wp\/v2\/product"}],"about":[{"href":"https:\/\/www.demosmobilia.ch\/fr\/wp-json\/wp\/v2\/types\/product"}],"wp:featuredmedia":[{"embeddable":true,"href":"https:\/\/www.demosmobilia.ch\/fr\/wp-json\/wp\/v2\/media\/87253"}],"wp:attachment":[{"href":"https:\/\/www.demosmobilia.ch\/fr\/wp-json\/wp\/v2\/media?parent=87297"}],"wp:term":[{"taxonomy":"product_cat","embeddable":true,"href":"https:\/\/www.demosmobilia.ch\/fr\/wp-json\/wp\/v2\/product_cat?post=87297"},{"taxonomy":"product_tag","embeddable":true,"href":"https:\/\/www.demosmobilia.ch\/fr\/wp-json\/wp\/v2\/product_tag?post=87297"}],"curies":[{"name":"wp","href":"https:\/\/api.w.org\/{rel}","templated":true}]}}