{"id":87084,"date":"2026-04-23T13:00:17","date_gmt":"2026-04-23T11:00:17","guid":{"rendered":"https:\/\/www.demosmobilia.ch\/product\/grande-table-ronde-modele-t21-sfax\/"},"modified":"2026-04-23T13:00:17","modified_gmt":"2026-04-23T11:00:17","slug":"grande-table-ronde-modele-t21-sfax","status":"publish","type":"product","link":"https:\/\/www.demosmobilia.ch\/fr\/product\/grande-table-ronde-modele-t21-sfax\/","title":{"rendered":"Grande table ronde, mod\u00e8le T21 Sfax"},"content":{"rendered":"<p data-start=\"0\" data-end=\"368\">Pierre Chapo (1927\u20131987) est une figure majeure du design fran\u00e7ais d\u2019apr\u00e8s-guerre, reconnu pour avoir red\u00e9fini le mobilier en bois massif \u00e0 travers une approche unique m\u00ealant artisanat et principes modernistes. Form\u00e9 comme architecte, Chapo d\u00e9veloppe un langage formel fond\u00e9 sur la clart\u00e9 structurelle, l\u2019\u00e9quilibre des proportions et un profond respect des mat\u00e9riaux naturels, en particulier l\u2019orme. <\/p>\n<p data-start=\"370\" data-end=\"769\">Apr\u00e8s de nombreux voyages en Europe et en Afrique du Nord, il fonde son atelier dans les ann\u00e9es 1960, o\u00f9 son style distinctif prend forme. Son mobilier se caract\u00e9rise par des assemblages apparents, des lignes \u00e9pur\u00e9es et une construction robuste con\u00e7ue pour durer dans le temps. Des pi\u00e8ces embl\u00e9matiques comme la table T21, la chaise S34 et ses syst\u00e8mes de rangement modulaires sont aujourd\u2019hui tr\u00e8s recherch\u00e9es sur le march\u00e9 du design vintage.  <\/p>\n<p data-start=\"771\" data-end=\"1053\">L\u2019approche de Pierre Chapo anticipe des valeurs contemporaines cl\u00e9s telles que la durabilit\u00e9, la production locale et la valorisation du savoir-faire artisanal. Chaque cr\u00e9ation incarne une recherche d\u2019authenticit\u00e9 et de fonctionnalit\u00e9, faisant de son \u0153uvre une r\u00e9f\u00e9rence en mati\u00e8re de design intemporel et responsable. <\/p>\n<p data-start=\"1055\" data-end=\"1341\" data-is-last-node=\"\" data-is-only-node=\"\">Aujourd\u2019hui, le mobilier de Pierre Chapo est consid\u00e9r\u00e9 comme hautement collectionnable et continue d\u2019influencer designers, architectes et collectionneurs \u00e0 travers le monde. Son h\u00e9ritage perdure gr\u00e2ce aux r\u00e9\u00e9ditions et \u00e0 l\u2019int\u00e9r\u00eat croissant pour un design minimaliste, durable et parfaitement adapt\u00e9 aux int\u00e9rieurs contemporains. <\/p>\n","protected":false},"excerpt":{"rendered":"<p>Pierre Chapo (1927\u20131987) est une figure majeure du design fran\u00e7ais d\u2019apr\u00e8s-guerre, reconnu pour avoir red\u00e9fini le mobilier en bois massif \u00e0 travers une approche unique m\u00ealant artisanat et principes modernistes. Form\u00e9 comme architecte, Chapo d\u00e9veloppe un langage formel fond\u00e9 sur la clart\u00e9 structurelle, l\u2019\u00e9quilibre des proportions et un profond respect des mat\u00e9riaux naturels, en particulier l\u2019orme. Apr\u00e8s de nombreux voyages en Europe et en Afrique du Nord, il fonde son atelier dans les ann\u00e9es 1960, o\u00f9 son style distinctif prend forme. Son mobilier se caract\u00e9rise par des assemblages apparents, des lignes \u00e9pur\u00e9es et une construction robuste con\u00e7ue pour durer dans le temps. Des pi\u00e8ces embl\u00e9matiques<a class=\"more-link\" href=\"https:\/\/www.demosmobilia.ch\/fr\/product\/grande-table-ronde-modele-t21-sfax\/\">Read More &rarr;<\/a><\/p>\n","protected":false},"featured_media":87048,"template":"","meta":{"_monsterinsights_skip_tracking":false,"_monsterinsights_sitenote_active":false,"_monsterinsights_sitenote_note":"","_monsterinsights_sitenote_category":0,"kk_blocks_editor_width":"","_kiokenblocks_attr":"","_kiokenblocks_dimensions":""},"product_cat":[4071,4279],"product_tag":[14739],"class_list":{"0":"entry","1":"author-demosmobilia","2":"post-87084","3":"product","4":"type-product","5":"status-publish","6":"has-post-thumbnail","7":"product_production-pierre-chapo","8":"product_year-3441","9":"product_nation-france-fr","10":"product_cat-nouveautes","11":"product_cat-tables-a-manger","12":"product_tag-chapo-pierre","13":"pa_product_dimension-dia-140-x-ht-72-5-cm","14":"pa_product_material-bois-dorme-massif","16":"first","17":"instock","18":"shipping-taxable","19":"product-type-simple"},"yoast_head":"<!-- This site is optimized with the Yoast SEO plugin v24.0 - https:\/\/yoast.com\/wordpress\/plugins\/seo\/ -->\n<title>Grande table ronde, mod\u00e8le T21 Sfax &#8211; Demosmobilia<\/title>\n<meta name=\"robots\" content=\"index, follow, max-snippet:-1, max-image-preview:large, max-video-preview:-1\" \/>\n<link rel=\"canonical\" href=\"https:\/\/www.demosmobilia.ch\/fr\/product\/grande-table-ronde-modele-t21-sfax\/\" \/>\n<meta property=\"og:locale\" content=\"fr_FR\" \/>\n<meta property=\"og:type\" content=\"article\" \/>\n<meta property=\"og:title\" content=\"Grande table ronde, mod\u00e8le T21 Sfax &#8211; Demosmobilia\" \/>\n<meta property=\"og:description\" content=\"Pierre Chapo (1927\u20131987) est une figure majeure du design fran\u00e7ais d\u2019apr\u00e8s-guerre, reconnu pour avoir red\u00e9fini le mobilier en bois massif \u00e0 travers une approche unique m\u00ealant artisanat et principes modernistes. Form\u00e9 comme architecte, Chapo d\u00e9veloppe un langage formel fond\u00e9 sur la clart\u00e9 structurelle, l\u2019\u00e9quilibre des proportions et un profond respect des mat\u00e9riaux naturels, en particulier l\u2019orme. Apr\u00e8s de nombreux voyages en Europe et en Afrique du Nord, il fonde son atelier dans les ann\u00e9es 1960, o\u00f9 son style distinctif prend forme. Son mobilier se caract\u00e9rise par des assemblages apparents, des lignes \u00e9pur\u00e9es et une construction robuste con\u00e7ue pour durer dans le temps. Des pi\u00e8ces embl\u00e9matiquesRead More &rarr;\" \/>\n<meta property=\"og:url\" content=\"https:\/\/www.demosmobilia.ch\/fr\/product\/grande-table-ronde-modele-t21-sfax\/\" \/>\n<meta property=\"og:site_name\" content=\"Demosmobilia\" \/>\n<meta property=\"article:publisher\" content=\"https:\/\/www.facebook.com\/Demos-Mobilia-1137017453131445\/\" \/>\n<meta property=\"og:image\" content=\"https:\/\/www.demosmobilia.ch\/wp-content\/uploads\/2026\/04\/pierre-chapo-T21E-table-Sfax-1965-france-design-01.jpg\" \/>\n\t<meta property=\"og:image:width\" content=\"1200\" \/>\n\t<meta property=\"og:image:height\" content=\"900\" \/>\n\t<meta property=\"og:image:type\" content=\"image\/jpeg\" \/>\n<meta name=\"twitter:card\" content=\"summary_large_image\" \/>\n<meta name=\"twitter:label1\" content=\"Dur\u00e9e de lecture estim\u00e9e\" \/>\n\t<meta name=\"twitter:data1\" content=\"1 minute\" \/>\n<script type=\"application\/ld+json\" class=\"yoast-schema-graph\">{\"@context\":\"https:\/\/schema.org\",\"@graph\":[{\"@type\":\"WebPage\",\"@id\":\"https:\/\/www.demosmobilia.ch\/fr\/product\/grande-table-ronde-modele-t21-sfax\/\",\"url\":\"https:\/\/www.demosmobilia.ch\/fr\/product\/grande-table-ronde-modele-t21-sfax\/\",\"name\":\"Grande table ronde, mod\u00e8le T21 Sfax &#8211; Demosmobilia\",\"isPartOf\":{\"@id\":\"https:\/\/www.demosmobilia.ch\/fr\/#website\"},\"primaryImageOfPage\":{\"@id\":\"https:\/\/www.demosmobilia.ch\/fr\/product\/grande-table-ronde-modele-t21-sfax\/#primaryimage\"},\"image\":{\"@id\":\"https:\/\/www.demosmobilia.ch\/fr\/product\/grande-table-ronde-modele-t21-sfax\/#primaryimage\"},\"thumbnailUrl\":\"https:\/\/www.demosmobilia.ch\/wp-content\/uploads\/2026\/04\/pierre-chapo-T21E-table-Sfax-1965-france-design-01.jpg\",\"datePublished\":\"2026-04-23T11:00:17+00:00\",\"dateModified\":\"2026-04-23T11:00:17+00:00\",\"breadcrumb\":{\"@id\":\"https:\/\/www.demosmobilia.ch\/fr\/product\/grande-table-ronde-modele-t21-sfax\/#breadcrumb\"},\"inLanguage\":\"fr-FR\",\"potentialAction\":[{\"@type\":\"ReadAction\",\"target\":[\"https:\/\/www.demosmobilia.ch\/fr\/product\/grande-table-ronde-modele-t21-sfax\/\"]}]},{\"@type\":\"ImageObject\",\"inLanguage\":\"fr-FR\",\"@id\":\"https:\/\/www.demosmobilia.ch\/fr\/product\/grande-table-ronde-modele-t21-sfax\/#primaryimage\",\"url\":\"https:\/\/www.demosmobilia.ch\/wp-content\/uploads\/2026\/04\/pierre-chapo-T21E-table-Sfax-1965-france-design-01.jpg\",\"contentUrl\":\"https:\/\/www.demosmobilia.ch\/wp-content\/uploads\/2026\/04\/pierre-chapo-T21E-table-Sfax-1965-france-design-01.jpg\",\"width\":1200,\"height\":900},{\"@type\":\"BreadcrumbList\",\"@id\":\"https:\/\/www.demosmobilia.ch\/fr\/product\/grande-table-ronde-modele-t21-sfax\/#breadcrumb\",\"itemListElement\":[{\"@type\":\"ListItem\",\"position\":1,\"name\":\"Home\",\"item\":\"https:\/\/www.demosmobilia.ch\/fr\/\"},{\"@type\":\"ListItem\",\"position\":2,\"name\":\"Produits\",\"item\":\"https:\/\/www.demosmobilia.ch\/fr\/shop\/\"},{\"@type\":\"ListItem\",\"position\":3,\"name\":\"Grande table ronde, mod\u00e8le T21 Sfax\"}]},{\"@type\":\"WebSite\",\"@id\":\"https:\/\/www.demosmobilia.ch\/fr\/#website\",\"url\":\"https:\/\/www.demosmobilia.ch\/fr\/\",\"name\":\"Demosmobilia\",\"description\":\"Vintage Mid Century Modern Design Furniture from the &#039;30s to the &#039;80s\",\"publisher\":{\"@id\":\"https:\/\/www.demosmobilia.ch\/fr\/#organization\"},\"potentialAction\":[{\"@type\":\"SearchAction\",\"target\":{\"@type\":\"EntryPoint\",\"urlTemplate\":\"https:\/\/www.demosmobilia.ch\/fr\/?s={search_term_string}\"},\"query-input\":{\"@type\":\"PropertyValueSpecification\",\"valueRequired\":true,\"valueName\":\"search_term_string\"}}],\"inLanguage\":\"fr-FR\"},{\"@type\":\"Organization\",\"@id\":\"https:\/\/www.demosmobilia.ch\/fr\/#organization\",\"name\":\"demosmobilia\",\"url\":\"https:\/\/www.demosmobilia.ch\/fr\/\",\"logo\":{\"@type\":\"ImageObject\",\"inLanguage\":\"fr-FR\",\"@id\":\"https:\/\/www.demosmobilia.ch\/fr\/#\/schema\/logo\/image\/\",\"url\":\"https:\/\/www.demosmobilia.ch\/wp-content\/uploads\/2020\/07\/demosmobilia-logo-2020-230-160.png\",\"contentUrl\":\"https:\/\/www.demosmobilia.ch\/wp-content\/uploads\/2020\/07\/demosmobilia-logo-2020-230-160.png\",\"width\":230,\"height\":160,\"caption\":\"demosmobilia\"},\"image\":{\"@id\":\"https:\/\/www.demosmobilia.ch\/fr\/#\/schema\/logo\/image\/\"},\"sameAs\":[\"https:\/\/www.facebook.com\/Demos-Mobilia-1137017453131445\/\",\"https:\/\/www.instagram.com\/demosmobilia\/\"]}]}<\/script>\n<!-- \/ Yoast SEO plugin. -->","yoast_head_json":{"title":"Grande table ronde, mod\u00e8le T21 Sfax &#8211; Demosmobilia","robots":{"index":"index","follow":"follow","max-snippet":"max-snippet:-1","max-image-preview":"max-image-preview:large","max-video-preview":"max-video-preview:-1"},"canonical":"https:\/\/www.demosmobilia.ch\/fr\/product\/grande-table-ronde-modele-t21-sfax\/","og_locale":"fr_FR","og_type":"article","og_title":"Grande table ronde, mod\u00e8le T21 Sfax &#8211; Demosmobilia","og_description":"Pierre Chapo (1927\u20131987) est une figure majeure du design fran\u00e7ais d\u2019apr\u00e8s-guerre, reconnu pour avoir red\u00e9fini le mobilier en bois massif \u00e0 travers une approche unique m\u00ealant artisanat et principes modernistes. Form\u00e9 comme architecte, Chapo d\u00e9veloppe un langage formel fond\u00e9 sur la clart\u00e9 structurelle, l\u2019\u00e9quilibre des proportions et un profond respect des mat\u00e9riaux naturels, en particulier l\u2019orme. Apr\u00e8s de nombreux voyages en Europe et en Afrique du Nord, il fonde son atelier dans les ann\u00e9es 1960, o\u00f9 son style distinctif prend forme. Son mobilier se caract\u00e9rise par des assemblages apparents, des lignes \u00e9pur\u00e9es et une construction robuste con\u00e7ue pour durer dans le temps. Des pi\u00e8ces embl\u00e9matiquesRead More &rarr;","og_url":"https:\/\/www.demosmobilia.ch\/fr\/product\/grande-table-ronde-modele-t21-sfax\/","og_site_name":"Demosmobilia","article_publisher":"https:\/\/www.facebook.com\/Demos-Mobilia-1137017453131445\/","og_image":[{"width":1200,"height":900,"url":"https:\/\/www.demosmobilia.ch\/wp-content\/uploads\/2026\/04\/pierre-chapo-T21E-table-Sfax-1965-france-design-01.jpg","type":"image\/jpeg"}],"twitter_card":"summary_large_image","twitter_misc":{"Dur\u00e9e de lecture estim\u00e9e":"1 minute"},"schema":{"@context":"https:\/\/schema.org","@graph":[{"@type":"WebPage","@id":"https:\/\/www.demosmobilia.ch\/fr\/product\/grande-table-ronde-modele-t21-sfax\/","url":"https:\/\/www.demosmobilia.ch\/fr\/product\/grande-table-ronde-modele-t21-sfax\/","name":"Grande table ronde, mod\u00e8le T21 Sfax &#8211; Demosmobilia","isPartOf":{"@id":"https:\/\/www.demosmobilia.ch\/fr\/#website"},"primaryImageOfPage":{"@id":"https:\/\/www.demosmobilia.ch\/fr\/product\/grande-table-ronde-modele-t21-sfax\/#primaryimage"},"image":{"@id":"https:\/\/www.demosmobilia.ch\/fr\/product\/grande-table-ronde-modele-t21-sfax\/#primaryimage"},"thumbnailUrl":"https:\/\/www.demosmobilia.ch\/wp-content\/uploads\/2026\/04\/pierre-chapo-T21E-table-Sfax-1965-france-design-01.jpg","datePublished":"2026-04-23T11:00:17+00:00","dateModified":"2026-04-23T11:00:17+00:00","breadcrumb":{"@id":"https:\/\/www.demosmobilia.ch\/fr\/product\/grande-table-ronde-modele-t21-sfax\/#breadcrumb"},"inLanguage":"fr-FR","potentialAction":[{"@type":"ReadAction","target":["https:\/\/www.demosmobilia.ch\/fr\/product\/grande-table-ronde-modele-t21-sfax\/"]}]},{"@type":"ImageObject","inLanguage":"fr-FR","@id":"https:\/\/www.demosmobilia.ch\/fr\/product\/grande-table-ronde-modele-t21-sfax\/#primaryimage","url":"https:\/\/www.demosmobilia.ch\/wp-content\/uploads\/2026\/04\/pierre-chapo-T21E-table-Sfax-1965-france-design-01.jpg","contentUrl":"https:\/\/www.demosmobilia.ch\/wp-content\/uploads\/2026\/04\/pierre-chapo-T21E-table-Sfax-1965-france-design-01.jpg","width":1200,"height":900},{"@type":"BreadcrumbList","@id":"https:\/\/www.demosmobilia.ch\/fr\/product\/grande-table-ronde-modele-t21-sfax\/#breadcrumb","itemListElement":[{"@type":"ListItem","position":1,"name":"Home","item":"https:\/\/www.demosmobilia.ch\/fr\/"},{"@type":"ListItem","position":2,"name":"Produits","item":"https:\/\/www.demosmobilia.ch\/fr\/shop\/"},{"@type":"ListItem","position":3,"name":"Grande table ronde, mod\u00e8le T21 Sfax"}]},{"@type":"WebSite","@id":"https:\/\/www.demosmobilia.ch\/fr\/#website","url":"https:\/\/www.demosmobilia.ch\/fr\/","name":"Demosmobilia","description":"Vintage Mid Century Modern Design Furniture from the &#039;30s to the &#039;80s","publisher":{"@id":"https:\/\/www.demosmobilia.ch\/fr\/#organization"},"potentialAction":[{"@type":"SearchAction","target":{"@type":"EntryPoint","urlTemplate":"https:\/\/www.demosmobilia.ch\/fr\/?s={search_term_string}"},"query-input":{"@type":"PropertyValueSpecification","valueRequired":true,"valueName":"search_term_string"}}],"inLanguage":"fr-FR"},{"@type":"Organization","@id":"https:\/\/www.demosmobilia.ch\/fr\/#organization","name":"demosmobilia","url":"https:\/\/www.demosmobilia.ch\/fr\/","logo":{"@type":"ImageObject","inLanguage":"fr-FR","@id":"https:\/\/www.demosmobilia.ch\/fr\/#\/schema\/logo\/image\/","url":"https:\/\/www.demosmobilia.ch\/wp-content\/uploads\/2020\/07\/demosmobilia-logo-2020-230-160.png","contentUrl":"https:\/\/www.demosmobilia.ch\/wp-content\/uploads\/2020\/07\/demosmobilia-logo-2020-230-160.png","width":230,"height":160,"caption":"demosmobilia"},"image":{"@id":"https:\/\/www.demosmobilia.ch\/fr\/#\/schema\/logo\/image\/"},"sameAs":["https:\/\/www.facebook.com\/Demos-Mobilia-1137017453131445\/","https:\/\/www.instagram.com\/demosmobilia\/"]}]}},"_links":{"self":[{"href":"https:\/\/www.demosmobilia.ch\/fr\/wp-json\/wp\/v2\/product\/87084","targetHints":{"allow":["GET"]}}],"collection":[{"href":"https:\/\/www.demosmobilia.ch\/fr\/wp-json\/wp\/v2\/product"}],"about":[{"href":"https:\/\/www.demosmobilia.ch\/fr\/wp-json\/wp\/v2\/types\/product"}],"wp:featuredmedia":[{"embeddable":true,"href":"https:\/\/www.demosmobilia.ch\/fr\/wp-json\/wp\/v2\/media\/87048"}],"wp:attachment":[{"href":"https:\/\/www.demosmobilia.ch\/fr\/wp-json\/wp\/v2\/media?parent=87084"}],"wp:term":[{"taxonomy":"product_cat","embeddable":true,"href":"https:\/\/www.demosmobilia.ch\/fr\/wp-json\/wp\/v2\/product_cat?post=87084"},{"taxonomy":"product_tag","embeddable":true,"href":"https:\/\/www.demosmobilia.ch\/fr\/wp-json\/wp\/v2\/product_tag?post=87084"}],"curies":[{"name":"wp","href":"https:\/\/api.w.org\/{rel}","templated":true}]}}