{"id":87033,"date":"2026-03-28T08:47:02","date_gmt":"2026-03-28T07:47:02","guid":{"rendered":"https:\/\/www.demosmobilia.ch\/product\/lampadaire-a-bras-orientable\/"},"modified":"2026-03-28T08:47:02","modified_gmt":"2026-03-28T07:47:02","slug":"lampadaire-a-bras-orientable","status":"publish","type":"product","link":"https:\/\/www.demosmobilia.ch\/fr\/product\/lampadaire-a-bras-orientable\/","title":{"rendered":"Lampadaire \u00e0 bras orientable"},"content":{"rendered":"<p data-start=\"81\" data-end=\"280\">Stilnovo est une entreprise historique italienne d\u2019\u00e9clairage, fond\u00e9e \u00e0 Milan en 1946 par Bruno Gatta, qui a marqu\u00e9 l\u2019\u00e9volution du design lumineux moderne gr\u00e2ce \u00e0 des solutions innovantes et de haute qualit\u00e9.<\/p>\n<p data-start=\"282\" data-end=\"867\">Apparue dans l\u2019apr\u00e8s-guerre, Stilnovo est devenue un pionnier du design italien, sp\u00e9cialis\u00e9e dans les lampes sur pied, lampes de table, suspensions et appliques murales qui allient fonctionnalit\u00e9, esth\u00e9tique minimaliste et mat\u00e9riaux innovants. L\u2019entreprise a collabor\u00e9 avec certains des designers les plus importants du XXe si\u00e8cle, notamment Achille et Pier Giacomo Castiglioni, Joe Colombo, Gae Aulenti, Livio Castiglioni, Danilo et Corrado Aroldi, Ettore Sottsass et Antonio Macchi Cassia, cr\u00e9ant des lampes devenues de v\u00e9ritables ic\u00f4nes du mid-century lighting design. <\/p>\n<p data-start=\"869\" data-end=\"1129\">Aujourd\u2019hui, Stilnovo reste synonyme de design italien intemporel.<\/p>\n","protected":false},"excerpt":{"rendered":"<p>Stilnovo est une entreprise historique italienne d\u2019\u00e9clairage, fond\u00e9e \u00e0 Milan en 1946 par Bruno Gatta, qui a marqu\u00e9 l\u2019\u00e9volution du design lumineux moderne gr\u00e2ce \u00e0 des solutions innovantes et de haute qualit\u00e9. Apparue dans l\u2019apr\u00e8s-guerre, Stilnovo est devenue un pionnier du design italien, sp\u00e9cialis\u00e9e dans les lampes sur pied, lampes de table, suspensions et appliques murales qui allient fonctionnalit\u00e9, esth\u00e9tique minimaliste et mat\u00e9riaux innovants. L\u2019entreprise a collabor\u00e9 avec certains des designers les plus importants du XXe si\u00e8cle, notamment Achille et Pier Giacomo Castiglioni, Joe Colombo, Gae Aulenti, Livio Castiglioni, Danilo et Corrado Aroldi, Ettore Sottsass et Antonio Macchi Cassia, cr\u00e9ant des lampes devenues de v\u00e9ritables<a class=\"more-link\" href=\"https:\/\/www.demosmobilia.ch\/fr\/product\/lampadaire-a-bras-orientable\/\">Read More &rarr;<\/a><\/p>\n","protected":false},"featured_media":87029,"template":"","meta":{"_monsterinsights_skip_tracking":false,"_monsterinsights_sitenote_active":false,"_monsterinsights_sitenote_note":"","_monsterinsights_sitenote_category":0,"kk_blocks_editor_width":"","_kiokenblocks_attr":"","_kiokenblocks_dimensions":""},"product_cat":[4246,4071],"product_tag":[],"class_list":{"0":"entry","1":"author-demosmobilia","2":"post-87033","3":"product","4":"type-product","5":"status-publish","6":"has-post-thumbnail","7":"product_production-stilnovo","8":"product_year-1950-approx","9":"product_nation-italie-fr","10":"product_cat-lampadaires","11":"product_cat-nouveautes","12":"pa_product_dimension-80-x-dia-42-x-ht-180-cm","13":"pa_product_material-metal-laque-laiton-marbre","15":"first","16":"instock","17":"shipping-taxable","18":"product-type-simple"},"yoast_head":"<!-- This site is optimized with the Yoast SEO plugin v24.0 - https:\/\/yoast.com\/wordpress\/plugins\/seo\/ -->\n<title>Lampadaire \u00e0 bras orientable &#8211; Demosmobilia<\/title>\n<meta name=\"robots\" content=\"index, follow, max-snippet:-1, max-image-preview:large, max-video-preview:-1\" \/>\n<link rel=\"canonical\" href=\"https:\/\/www.demosmobilia.ch\/fr\/product\/lampadaire-a-bras-orientable\/\" \/>\n<meta property=\"og:locale\" content=\"fr_FR\" \/>\n<meta property=\"og:type\" content=\"article\" \/>\n<meta property=\"og:title\" content=\"Lampadaire \u00e0 bras orientable &#8211; Demosmobilia\" \/>\n<meta property=\"og:description\" content=\"Stilnovo est une entreprise historique italienne d\u2019\u00e9clairage, fond\u00e9e \u00e0 Milan en 1946 par Bruno Gatta, qui a marqu\u00e9 l\u2019\u00e9volution du design lumineux moderne gr\u00e2ce \u00e0 des solutions innovantes et de haute qualit\u00e9. Apparue dans l\u2019apr\u00e8s-guerre, Stilnovo est devenue un pionnier du design italien, sp\u00e9cialis\u00e9e dans les lampes sur pied, lampes de table, suspensions et appliques murales qui allient fonctionnalit\u00e9, esth\u00e9tique minimaliste et mat\u00e9riaux innovants. L\u2019entreprise a collabor\u00e9 avec certains des designers les plus importants du XXe si\u00e8cle, notamment Achille et Pier Giacomo Castiglioni, Joe Colombo, Gae Aulenti, Livio Castiglioni, Danilo et Corrado Aroldi, Ettore Sottsass et Antonio Macchi Cassia, cr\u00e9ant des lampes devenues de v\u00e9ritablesRead More &rarr;\" \/>\n<meta property=\"og:url\" content=\"https:\/\/www.demosmobilia.ch\/fr\/product\/lampadaire-a-bras-orientable\/\" \/>\n<meta property=\"og:site_name\" content=\"Demosmobilia\" \/>\n<meta property=\"article:publisher\" content=\"https:\/\/www.facebook.com\/Demos-Mobilia-1137017453131445\/\" \/>\n<meta property=\"og:image\" content=\"https:\/\/www.demosmobilia.ch\/wp-content\/uploads\/2026\/03\/stilnovo-bruno-gatta-1950-italian-design-floor-lamp-01-1.jpg\" \/>\n\t<meta property=\"og:image:width\" content=\"1200\" \/>\n\t<meta property=\"og:image:height\" content=\"900\" \/>\n\t<meta property=\"og:image:type\" content=\"image\/jpeg\" \/>\n<meta name=\"twitter:card\" content=\"summary_large_image\" \/>\n<meta name=\"twitter:label1\" content=\"Dur\u00e9e de lecture estim\u00e9e\" \/>\n\t<meta name=\"twitter:data1\" content=\"1 minute\" \/>\n<script type=\"application\/ld+json\" class=\"yoast-schema-graph\">{\"@context\":\"https:\/\/schema.org\",\"@graph\":[{\"@type\":\"WebPage\",\"@id\":\"https:\/\/www.demosmobilia.ch\/fr\/product\/lampadaire-a-bras-orientable\/\",\"url\":\"https:\/\/www.demosmobilia.ch\/fr\/product\/lampadaire-a-bras-orientable\/\",\"name\":\"Lampadaire \u00e0 bras orientable &#8211; Demosmobilia\",\"isPartOf\":{\"@id\":\"https:\/\/www.demosmobilia.ch\/fr\/#website\"},\"primaryImageOfPage\":{\"@id\":\"https:\/\/www.demosmobilia.ch\/fr\/product\/lampadaire-a-bras-orientable\/#primaryimage\"},\"image\":{\"@id\":\"https:\/\/www.demosmobilia.ch\/fr\/product\/lampadaire-a-bras-orientable\/#primaryimage\"},\"thumbnailUrl\":\"https:\/\/www.demosmobilia.ch\/wp-content\/uploads\/2026\/03\/stilnovo-bruno-gatta-1950-italian-design-floor-lamp-01-1.jpg\",\"datePublished\":\"2026-03-28T07:47:02+00:00\",\"dateModified\":\"2026-03-28T07:47:02+00:00\",\"breadcrumb\":{\"@id\":\"https:\/\/www.demosmobilia.ch\/fr\/product\/lampadaire-a-bras-orientable\/#breadcrumb\"},\"inLanguage\":\"fr-FR\",\"potentialAction\":[{\"@type\":\"ReadAction\",\"target\":[\"https:\/\/www.demosmobilia.ch\/fr\/product\/lampadaire-a-bras-orientable\/\"]}]},{\"@type\":\"ImageObject\",\"inLanguage\":\"fr-FR\",\"@id\":\"https:\/\/www.demosmobilia.ch\/fr\/product\/lampadaire-a-bras-orientable\/#primaryimage\",\"url\":\"https:\/\/www.demosmobilia.ch\/wp-content\/uploads\/2026\/03\/stilnovo-bruno-gatta-1950-italian-design-floor-lamp-01-1.jpg\",\"contentUrl\":\"https:\/\/www.demosmobilia.ch\/wp-content\/uploads\/2026\/03\/stilnovo-bruno-gatta-1950-italian-design-floor-lamp-01-1.jpg\",\"width\":1200,\"height\":900},{\"@type\":\"BreadcrumbList\",\"@id\":\"https:\/\/www.demosmobilia.ch\/fr\/product\/lampadaire-a-bras-orientable\/#breadcrumb\",\"itemListElement\":[{\"@type\":\"ListItem\",\"position\":1,\"name\":\"Home\",\"item\":\"https:\/\/www.demosmobilia.ch\/fr\/\"},{\"@type\":\"ListItem\",\"position\":2,\"name\":\"Produits\",\"item\":\"https:\/\/www.demosmobilia.ch\/fr\/shop\/\"},{\"@type\":\"ListItem\",\"position\":3,\"name\":\"Lampadaire \u00e0 bras orientable\"}]},{\"@type\":\"WebSite\",\"@id\":\"https:\/\/www.demosmobilia.ch\/fr\/#website\",\"url\":\"https:\/\/www.demosmobilia.ch\/fr\/\",\"name\":\"Demosmobilia\",\"description\":\"Vintage Mid Century Modern Design Furniture from the &#039;30s to the &#039;80s\",\"publisher\":{\"@id\":\"https:\/\/www.demosmobilia.ch\/fr\/#organization\"},\"potentialAction\":[{\"@type\":\"SearchAction\",\"target\":{\"@type\":\"EntryPoint\",\"urlTemplate\":\"https:\/\/www.demosmobilia.ch\/fr\/?s={search_term_string}\"},\"query-input\":{\"@type\":\"PropertyValueSpecification\",\"valueRequired\":true,\"valueName\":\"search_term_string\"}}],\"inLanguage\":\"fr-FR\"},{\"@type\":\"Organization\",\"@id\":\"https:\/\/www.demosmobilia.ch\/fr\/#organization\",\"name\":\"demosmobilia\",\"url\":\"https:\/\/www.demosmobilia.ch\/fr\/\",\"logo\":{\"@type\":\"ImageObject\",\"inLanguage\":\"fr-FR\",\"@id\":\"https:\/\/www.demosmobilia.ch\/fr\/#\/schema\/logo\/image\/\",\"url\":\"https:\/\/www.demosmobilia.ch\/wp-content\/uploads\/2020\/07\/demosmobilia-logo-2020-230-160.png\",\"contentUrl\":\"https:\/\/www.demosmobilia.ch\/wp-content\/uploads\/2020\/07\/demosmobilia-logo-2020-230-160.png\",\"width\":230,\"height\":160,\"caption\":\"demosmobilia\"},\"image\":{\"@id\":\"https:\/\/www.demosmobilia.ch\/fr\/#\/schema\/logo\/image\/\"},\"sameAs\":[\"https:\/\/www.facebook.com\/Demos-Mobilia-1137017453131445\/\",\"https:\/\/www.instagram.com\/demosmobilia\/\"]}]}<\/script>\n<!-- \/ Yoast SEO plugin. -->","yoast_head_json":{"title":"Lampadaire \u00e0 bras orientable &#8211; Demosmobilia","robots":{"index":"index","follow":"follow","max-snippet":"max-snippet:-1","max-image-preview":"max-image-preview:large","max-video-preview":"max-video-preview:-1"},"canonical":"https:\/\/www.demosmobilia.ch\/fr\/product\/lampadaire-a-bras-orientable\/","og_locale":"fr_FR","og_type":"article","og_title":"Lampadaire \u00e0 bras orientable &#8211; Demosmobilia","og_description":"Stilnovo est une entreprise historique italienne d\u2019\u00e9clairage, fond\u00e9e \u00e0 Milan en 1946 par Bruno Gatta, qui a marqu\u00e9 l\u2019\u00e9volution du design lumineux moderne gr\u00e2ce \u00e0 des solutions innovantes et de haute qualit\u00e9. Apparue dans l\u2019apr\u00e8s-guerre, Stilnovo est devenue un pionnier du design italien, sp\u00e9cialis\u00e9e dans les lampes sur pied, lampes de table, suspensions et appliques murales qui allient fonctionnalit\u00e9, esth\u00e9tique minimaliste et mat\u00e9riaux innovants. L\u2019entreprise a collabor\u00e9 avec certains des designers les plus importants du XXe si\u00e8cle, notamment Achille et Pier Giacomo Castiglioni, Joe Colombo, Gae Aulenti, Livio Castiglioni, Danilo et Corrado Aroldi, Ettore Sottsass et Antonio Macchi Cassia, cr\u00e9ant des lampes devenues de v\u00e9ritablesRead More &rarr;","og_url":"https:\/\/www.demosmobilia.ch\/fr\/product\/lampadaire-a-bras-orientable\/","og_site_name":"Demosmobilia","article_publisher":"https:\/\/www.facebook.com\/Demos-Mobilia-1137017453131445\/","og_image":[{"width":1200,"height":900,"url":"https:\/\/www.demosmobilia.ch\/wp-content\/uploads\/2026\/03\/stilnovo-bruno-gatta-1950-italian-design-floor-lamp-01-1.jpg","type":"image\/jpeg"}],"twitter_card":"summary_large_image","twitter_misc":{"Dur\u00e9e de lecture estim\u00e9e":"1 minute"},"schema":{"@context":"https:\/\/schema.org","@graph":[{"@type":"WebPage","@id":"https:\/\/www.demosmobilia.ch\/fr\/product\/lampadaire-a-bras-orientable\/","url":"https:\/\/www.demosmobilia.ch\/fr\/product\/lampadaire-a-bras-orientable\/","name":"Lampadaire \u00e0 bras orientable &#8211; Demosmobilia","isPartOf":{"@id":"https:\/\/www.demosmobilia.ch\/fr\/#website"},"primaryImageOfPage":{"@id":"https:\/\/www.demosmobilia.ch\/fr\/product\/lampadaire-a-bras-orientable\/#primaryimage"},"image":{"@id":"https:\/\/www.demosmobilia.ch\/fr\/product\/lampadaire-a-bras-orientable\/#primaryimage"},"thumbnailUrl":"https:\/\/www.demosmobilia.ch\/wp-content\/uploads\/2026\/03\/stilnovo-bruno-gatta-1950-italian-design-floor-lamp-01-1.jpg","datePublished":"2026-03-28T07:47:02+00:00","dateModified":"2026-03-28T07:47:02+00:00","breadcrumb":{"@id":"https:\/\/www.demosmobilia.ch\/fr\/product\/lampadaire-a-bras-orientable\/#breadcrumb"},"inLanguage":"fr-FR","potentialAction":[{"@type":"ReadAction","target":["https:\/\/www.demosmobilia.ch\/fr\/product\/lampadaire-a-bras-orientable\/"]}]},{"@type":"ImageObject","inLanguage":"fr-FR","@id":"https:\/\/www.demosmobilia.ch\/fr\/product\/lampadaire-a-bras-orientable\/#primaryimage","url":"https:\/\/www.demosmobilia.ch\/wp-content\/uploads\/2026\/03\/stilnovo-bruno-gatta-1950-italian-design-floor-lamp-01-1.jpg","contentUrl":"https:\/\/www.demosmobilia.ch\/wp-content\/uploads\/2026\/03\/stilnovo-bruno-gatta-1950-italian-design-floor-lamp-01-1.jpg","width":1200,"height":900},{"@type":"BreadcrumbList","@id":"https:\/\/www.demosmobilia.ch\/fr\/product\/lampadaire-a-bras-orientable\/#breadcrumb","itemListElement":[{"@type":"ListItem","position":1,"name":"Home","item":"https:\/\/www.demosmobilia.ch\/fr\/"},{"@type":"ListItem","position":2,"name":"Produits","item":"https:\/\/www.demosmobilia.ch\/fr\/shop\/"},{"@type":"ListItem","position":3,"name":"Lampadaire \u00e0 bras orientable"}]},{"@type":"WebSite","@id":"https:\/\/www.demosmobilia.ch\/fr\/#website","url":"https:\/\/www.demosmobilia.ch\/fr\/","name":"Demosmobilia","description":"Vintage Mid Century Modern Design Furniture from the &#039;30s to the &#039;80s","publisher":{"@id":"https:\/\/www.demosmobilia.ch\/fr\/#organization"},"potentialAction":[{"@type":"SearchAction","target":{"@type":"EntryPoint","urlTemplate":"https:\/\/www.demosmobilia.ch\/fr\/?s={search_term_string}"},"query-input":{"@type":"PropertyValueSpecification","valueRequired":true,"valueName":"search_term_string"}}],"inLanguage":"fr-FR"},{"@type":"Organization","@id":"https:\/\/www.demosmobilia.ch\/fr\/#organization","name":"demosmobilia","url":"https:\/\/www.demosmobilia.ch\/fr\/","logo":{"@type":"ImageObject","inLanguage":"fr-FR","@id":"https:\/\/www.demosmobilia.ch\/fr\/#\/schema\/logo\/image\/","url":"https:\/\/www.demosmobilia.ch\/wp-content\/uploads\/2020\/07\/demosmobilia-logo-2020-230-160.png","contentUrl":"https:\/\/www.demosmobilia.ch\/wp-content\/uploads\/2020\/07\/demosmobilia-logo-2020-230-160.png","width":230,"height":160,"caption":"demosmobilia"},"image":{"@id":"https:\/\/www.demosmobilia.ch\/fr\/#\/schema\/logo\/image\/"},"sameAs":["https:\/\/www.facebook.com\/Demos-Mobilia-1137017453131445\/","https:\/\/www.instagram.com\/demosmobilia\/"]}]}},"_links":{"self":[{"href":"https:\/\/www.demosmobilia.ch\/fr\/wp-json\/wp\/v2\/product\/87033","targetHints":{"allow":["GET"]}}],"collection":[{"href":"https:\/\/www.demosmobilia.ch\/fr\/wp-json\/wp\/v2\/product"}],"about":[{"href":"https:\/\/www.demosmobilia.ch\/fr\/wp-json\/wp\/v2\/types\/product"}],"wp:featuredmedia":[{"embeddable":true,"href":"https:\/\/www.demosmobilia.ch\/fr\/wp-json\/wp\/v2\/media\/87029"}],"wp:attachment":[{"href":"https:\/\/www.demosmobilia.ch\/fr\/wp-json\/wp\/v2\/media?parent=87033"}],"wp:term":[{"taxonomy":"product_cat","embeddable":true,"href":"https:\/\/www.demosmobilia.ch\/fr\/wp-json\/wp\/v2\/product_cat?post=87033"},{"taxonomy":"product_tag","embeddable":true,"href":"https:\/\/www.demosmobilia.ch\/fr\/wp-json\/wp\/v2\/product_tag?post=87033"}],"curies":[{"name":"wp","href":"https:\/\/api.w.org\/{rel}","templated":true}]}}