{"id":86982,"date":"2026-03-28T07:00:12","date_gmt":"2026-03-28T06:00:12","guid":{"rendered":"https:\/\/www.demosmobilia.ch\/product\/chaises-empilables-modele-quadra-lot-de-4\/"},"modified":"2026-03-31T13:42:38","modified_gmt":"2026-03-31T11:42:38","slug":"chaises-empilables-modele-quadra-lot-de-4","status":"publish","type":"product","link":"https:\/\/www.demosmobilia.ch\/fr\/product\/chaises-empilables-modele-quadra-lot-de-4\/","title":{"rendered":"Chaises empilables mod\u00e8le Quadra, lot de 4"},"content":{"rendered":"<p data-start=\"64\" data-end=\"405\">Bruno Rey (1935\u20132019) \u00e9tait un designer suisse de renomm\u00e9e internationale, reconnu pour sa contribution innovante au design de mobilier contemporain. Sp\u00e9cialis\u00e9 en design industriel et en conception de meubles, Bruno Rey a transform\u00e9 le secteur gr\u00e2ce \u00e0 des solutions fonctionnelles, \u00e9l\u00e9gantes et hautement durables, devenant une figure de r\u00e9f\u00e9rence du design europ\u00e9en. <\/p>\n<p data-start=\"407\" data-end=\"743\">Son travail se caract\u00e9rise par une approche minimaliste, une attention particuli\u00e8re \u00e0 la qualit\u00e9 des mat\u00e9riaux et une conception orient\u00e9e vers la production en s\u00e9rie. Bruno Rey a collabor\u00e9 avec des entreprises de premier plan pour cr\u00e9er des pi\u00e8ces de mobilier iconiques alliant esth\u00e9tique, confort et r\u00e9sistance, id\u00e9ales pour les espaces r\u00e9sidentiels comme pour le secteur contract. <\/p>\n<p data-start=\"745\" data-end=\"1037\">Parmi ses cr\u00e9ations les plus c\u00e9l\u00e8bres figure la Rey Chair, con\u00e7ue en 1971, consid\u00e9r\u00e9e comme la premi\u00e8re chaise au monde sans vis gr\u00e2ce \u00e0 un syst\u00e8me d\u2019assemblage innovant et brevet\u00e9. Aujourd\u2019hui, cette chaise reste une ic\u00f4ne du design suisse, appr\u00e9ci\u00e9e pour sa solidit\u00e9, sa fonctionnalit\u00e9 et son style intemporel. <\/p>\n<p data-start=\"1039\" data-end=\"1530\">Un autre projet majeur est repr\u00e9sent\u00e9 par les chaises empilables Quadra, d\u00e9velopp\u00e9es pour Dietiker, marque suisse historique de mobilier. Les chaises Quadra se distinguent par leur design \u00e9pur\u00e9, leur structure robuste et leur grande polyvalence, ce qui les rend parfaitement adapt\u00e9es aux espaces contract, aux environnements publics et aux contextes professionnels. Gr\u00e2ce \u00e0 leur empilabilit\u00e9 et \u00e0 leur qualit\u00e9 de fabrication, elles incarnent pleinement la philosophie de Bruno Rey, ax\u00e9e sur la fonctionnalit\u00e9, la durabilit\u00e9 et l\u2019optimisation de l\u2019espace.  <\/p>\n","protected":false},"excerpt":{"rendered":"<p>Bruno Rey (1935\u20132019) \u00e9tait un designer suisse de renomm\u00e9e internationale, reconnu pour sa contribution innovante au design de mobilier contemporain. Sp\u00e9cialis\u00e9 en design industriel et en conception de meubles, Bruno Rey a transform\u00e9 le secteur gr\u00e2ce \u00e0 des solutions fonctionnelles, \u00e9l\u00e9gantes et hautement durables, devenant une figure de r\u00e9f\u00e9rence du design europ\u00e9en. Son travail se caract\u00e9rise par une approche minimaliste, une attention particuli\u00e8re \u00e0 la qualit\u00e9 des mat\u00e9riaux et une conception orient\u00e9e vers la production en s\u00e9rie. Bruno Rey a collabor\u00e9 avec des entreprises de premier plan pour cr\u00e9er des pi\u00e8ces de mobilier iconiques alliant esth\u00e9tique, confort et r\u00e9sistance, id\u00e9ales pour les espaces r\u00e9sidentiels comme<a class=\"more-link\" href=\"https:\/\/www.demosmobilia.ch\/fr\/product\/chaises-empilables-modele-quadra-lot-de-4\/\">Read More &rarr;<\/a><\/p>\n","protected":false},"featured_media":86934,"template":"","meta":{"_monsterinsights_skip_tracking":false,"_monsterinsights_sitenote_active":false,"_monsterinsights_sitenote_note":"","_monsterinsights_sitenote_category":0,"kk_blocks_editor_width":"","_kiokenblocks_attr":"","_kiokenblocks_dimensions":""},"product_cat":[4266,4071],"product_tag":[12713],"class_list":{"0":"entry","1":"author-demosmobilia","2":"post-86982","3":"product","4":"type-product","5":"status-publish","6":"has-post-thumbnail","7":"product_production-dietiker","8":"product_year-1980-approx","9":"product_nation-suisse-fr-3","10":"product_cat-chaises-fr","11":"product_cat-nouveautes","12":"product_tag-rey-bruno-fr","13":"pa_product_dimension-48-x-49-x-hauteur-dassise-425-x-hauteur-totale-825-cm","14":"pa_product_material-hetre-contreplaque-courbe-metal","16":"first","17":"instock","18":"shipping-taxable","19":"purchasable","20":"product-type-simple"},"yoast_head":"<!-- This site is optimized with the Yoast SEO plugin v24.0 - https:\/\/yoast.com\/wordpress\/plugins\/seo\/ -->\n<title>Chaises empilables mod\u00e8le Quadra, lot de 4 &#8211; Demosmobilia<\/title>\n<meta name=\"robots\" content=\"index, follow, max-snippet:-1, max-image-preview:large, max-video-preview:-1\" \/>\n<link rel=\"canonical\" href=\"https:\/\/www.demosmobilia.ch\/fr\/product\/chaises-empilables-modele-quadra-lot-de-4\/\" \/>\n<meta property=\"og:locale\" content=\"fr_FR\" \/>\n<meta property=\"og:type\" content=\"article\" \/>\n<meta property=\"og:title\" content=\"Chaises empilables mod\u00e8le Quadra, lot de 4 &#8211; Demosmobilia\" \/>\n<meta property=\"og:description\" content=\"Bruno Rey (1935\u20132019) \u00e9tait un designer suisse de renomm\u00e9e internationale, reconnu pour sa contribution innovante au design de mobilier contemporain. Sp\u00e9cialis\u00e9 en design industriel et en conception de meubles, Bruno Rey a transform\u00e9 le secteur gr\u00e2ce \u00e0 des solutions fonctionnelles, \u00e9l\u00e9gantes et hautement durables, devenant une figure de r\u00e9f\u00e9rence du design europ\u00e9en. Son travail se caract\u00e9rise par une approche minimaliste, une attention particuli\u00e8re \u00e0 la qualit\u00e9 des mat\u00e9riaux et une conception orient\u00e9e vers la production en s\u00e9rie. Bruno Rey a collabor\u00e9 avec des entreprises de premier plan pour cr\u00e9er des pi\u00e8ces de mobilier iconiques alliant esth\u00e9tique, confort et r\u00e9sistance, id\u00e9ales pour les espaces r\u00e9sidentiels commeRead More &rarr;\" \/>\n<meta property=\"og:url\" content=\"https:\/\/www.demosmobilia.ch\/fr\/product\/chaises-empilables-modele-quadra-lot-de-4\/\" \/>\n<meta property=\"og:site_name\" content=\"Demosmobilia\" \/>\n<meta property=\"article:publisher\" content=\"https:\/\/www.facebook.com\/Demos-Mobilia-1137017453131445\/\" \/>\n<meta property=\"article:modified_time\" content=\"2026-03-31T11:42:38+00:00\" \/>\n<meta property=\"og:image\" content=\"https:\/\/www.demosmobilia.ch\/wp-content\/uploads\/2026\/03\/bruno-rey-quadra-sthul-1980-swiss-design-dietiker-schweiz-01B.jpg\" \/>\n\t<meta property=\"og:image:width\" content=\"1200\" \/>\n\t<meta property=\"og:image:height\" content=\"900\" \/>\n\t<meta property=\"og:image:type\" content=\"image\/jpeg\" \/>\n<meta name=\"twitter:card\" content=\"summary_large_image\" \/>\n<meta name=\"twitter:label1\" content=\"Dur\u00e9e de lecture estim\u00e9e\" \/>\n\t<meta name=\"twitter:data1\" content=\"1 minute\" \/>\n<script type=\"application\/ld+json\" class=\"yoast-schema-graph\">{\"@context\":\"https:\/\/schema.org\",\"@graph\":[{\"@type\":\"WebPage\",\"@id\":\"https:\/\/www.demosmobilia.ch\/fr\/product\/chaises-empilables-modele-quadra-lot-de-4\/\",\"url\":\"https:\/\/www.demosmobilia.ch\/fr\/product\/chaises-empilables-modele-quadra-lot-de-4\/\",\"name\":\"Chaises empilables mod\u00e8le Quadra, lot de 4 &#8211; Demosmobilia\",\"isPartOf\":{\"@id\":\"https:\/\/www.demosmobilia.ch\/fr\/#website\"},\"primaryImageOfPage\":{\"@id\":\"https:\/\/www.demosmobilia.ch\/fr\/product\/chaises-empilables-modele-quadra-lot-de-4\/#primaryimage\"},\"image\":{\"@id\":\"https:\/\/www.demosmobilia.ch\/fr\/product\/chaises-empilables-modele-quadra-lot-de-4\/#primaryimage\"},\"thumbnailUrl\":\"https:\/\/www.demosmobilia.ch\/wp-content\/uploads\/2026\/03\/bruno-rey-quadra-sthul-1980-swiss-design-dietiker-schweiz-01B.jpg\",\"datePublished\":\"2026-03-28T06:00:12+00:00\",\"dateModified\":\"2026-03-31T11:42:38+00:00\",\"breadcrumb\":{\"@id\":\"https:\/\/www.demosmobilia.ch\/fr\/product\/chaises-empilables-modele-quadra-lot-de-4\/#breadcrumb\"},\"inLanguage\":\"fr-FR\",\"potentialAction\":[{\"@type\":\"ReadAction\",\"target\":[\"https:\/\/www.demosmobilia.ch\/fr\/product\/chaises-empilables-modele-quadra-lot-de-4\/\"]}]},{\"@type\":\"ImageObject\",\"inLanguage\":\"fr-FR\",\"@id\":\"https:\/\/www.demosmobilia.ch\/fr\/product\/chaises-empilables-modele-quadra-lot-de-4\/#primaryimage\",\"url\":\"https:\/\/www.demosmobilia.ch\/wp-content\/uploads\/2026\/03\/bruno-rey-quadra-sthul-1980-swiss-design-dietiker-schweiz-01B.jpg\",\"contentUrl\":\"https:\/\/www.demosmobilia.ch\/wp-content\/uploads\/2026\/03\/bruno-rey-quadra-sthul-1980-swiss-design-dietiker-schweiz-01B.jpg\",\"width\":1200,\"height\":900},{\"@type\":\"BreadcrumbList\",\"@id\":\"https:\/\/www.demosmobilia.ch\/fr\/product\/chaises-empilables-modele-quadra-lot-de-4\/#breadcrumb\",\"itemListElement\":[{\"@type\":\"ListItem\",\"position\":1,\"name\":\"Home\",\"item\":\"https:\/\/www.demosmobilia.ch\/fr\/\"},{\"@type\":\"ListItem\",\"position\":2,\"name\":\"Produits\",\"item\":\"https:\/\/www.demosmobilia.ch\/fr\/shop\/\"},{\"@type\":\"ListItem\",\"position\":3,\"name\":\"Chaises empilables mod\u00e8le Quadra, lot de 4\"}]},{\"@type\":\"WebSite\",\"@id\":\"https:\/\/www.demosmobilia.ch\/fr\/#website\",\"url\":\"https:\/\/www.demosmobilia.ch\/fr\/\",\"name\":\"Demosmobilia\",\"description\":\"Vintage Mid Century Modern Design Furniture from the &#039;30s to the &#039;80s\",\"publisher\":{\"@id\":\"https:\/\/www.demosmobilia.ch\/fr\/#organization\"},\"potentialAction\":[{\"@type\":\"SearchAction\",\"target\":{\"@type\":\"EntryPoint\",\"urlTemplate\":\"https:\/\/www.demosmobilia.ch\/fr\/?s={search_term_string}\"},\"query-input\":{\"@type\":\"PropertyValueSpecification\",\"valueRequired\":true,\"valueName\":\"search_term_string\"}}],\"inLanguage\":\"fr-FR\"},{\"@type\":\"Organization\",\"@id\":\"https:\/\/www.demosmobilia.ch\/fr\/#organization\",\"name\":\"demosmobilia\",\"url\":\"https:\/\/www.demosmobilia.ch\/fr\/\",\"logo\":{\"@type\":\"ImageObject\",\"inLanguage\":\"fr-FR\",\"@id\":\"https:\/\/www.demosmobilia.ch\/fr\/#\/schema\/logo\/image\/\",\"url\":\"https:\/\/www.demosmobilia.ch\/wp-content\/uploads\/2020\/07\/demosmobilia-logo-2020-230-160.png\",\"contentUrl\":\"https:\/\/www.demosmobilia.ch\/wp-content\/uploads\/2020\/07\/demosmobilia-logo-2020-230-160.png\",\"width\":230,\"height\":160,\"caption\":\"demosmobilia\"},\"image\":{\"@id\":\"https:\/\/www.demosmobilia.ch\/fr\/#\/schema\/logo\/image\/\"},\"sameAs\":[\"https:\/\/www.facebook.com\/Demos-Mobilia-1137017453131445\/\",\"https:\/\/www.instagram.com\/demosmobilia\/\"]}]}<\/script>\n<!-- \/ Yoast SEO plugin. -->","yoast_head_json":{"title":"Chaises empilables mod\u00e8le Quadra, lot de 4 &#8211; Demosmobilia","robots":{"index":"index","follow":"follow","max-snippet":"max-snippet:-1","max-image-preview":"max-image-preview:large","max-video-preview":"max-video-preview:-1"},"canonical":"https:\/\/www.demosmobilia.ch\/fr\/product\/chaises-empilables-modele-quadra-lot-de-4\/","og_locale":"fr_FR","og_type":"article","og_title":"Chaises empilables mod\u00e8le Quadra, lot de 4 &#8211; Demosmobilia","og_description":"Bruno Rey (1935\u20132019) \u00e9tait un designer suisse de renomm\u00e9e internationale, reconnu pour sa contribution innovante au design de mobilier contemporain. Sp\u00e9cialis\u00e9 en design industriel et en conception de meubles, Bruno Rey a transform\u00e9 le secteur gr\u00e2ce \u00e0 des solutions fonctionnelles, \u00e9l\u00e9gantes et hautement durables, devenant une figure de r\u00e9f\u00e9rence du design europ\u00e9en. Son travail se caract\u00e9rise par une approche minimaliste, une attention particuli\u00e8re \u00e0 la qualit\u00e9 des mat\u00e9riaux et une conception orient\u00e9e vers la production en s\u00e9rie. Bruno Rey a collabor\u00e9 avec des entreprises de premier plan pour cr\u00e9er des pi\u00e8ces de mobilier iconiques alliant esth\u00e9tique, confort et r\u00e9sistance, id\u00e9ales pour les espaces r\u00e9sidentiels commeRead More &rarr;","og_url":"https:\/\/www.demosmobilia.ch\/fr\/product\/chaises-empilables-modele-quadra-lot-de-4\/","og_site_name":"Demosmobilia","article_publisher":"https:\/\/www.facebook.com\/Demos-Mobilia-1137017453131445\/","article_modified_time":"2026-03-31T11:42:38+00:00","og_image":[{"width":1200,"height":900,"url":"https:\/\/www.demosmobilia.ch\/wp-content\/uploads\/2026\/03\/bruno-rey-quadra-sthul-1980-swiss-design-dietiker-schweiz-01B.jpg","type":"image\/jpeg"}],"twitter_card":"summary_large_image","twitter_misc":{"Dur\u00e9e de lecture estim\u00e9e":"1 minute"},"schema":{"@context":"https:\/\/schema.org","@graph":[{"@type":"WebPage","@id":"https:\/\/www.demosmobilia.ch\/fr\/product\/chaises-empilables-modele-quadra-lot-de-4\/","url":"https:\/\/www.demosmobilia.ch\/fr\/product\/chaises-empilables-modele-quadra-lot-de-4\/","name":"Chaises empilables mod\u00e8le Quadra, lot de 4 &#8211; Demosmobilia","isPartOf":{"@id":"https:\/\/www.demosmobilia.ch\/fr\/#website"},"primaryImageOfPage":{"@id":"https:\/\/www.demosmobilia.ch\/fr\/product\/chaises-empilables-modele-quadra-lot-de-4\/#primaryimage"},"image":{"@id":"https:\/\/www.demosmobilia.ch\/fr\/product\/chaises-empilables-modele-quadra-lot-de-4\/#primaryimage"},"thumbnailUrl":"https:\/\/www.demosmobilia.ch\/wp-content\/uploads\/2026\/03\/bruno-rey-quadra-sthul-1980-swiss-design-dietiker-schweiz-01B.jpg","datePublished":"2026-03-28T06:00:12+00:00","dateModified":"2026-03-31T11:42:38+00:00","breadcrumb":{"@id":"https:\/\/www.demosmobilia.ch\/fr\/product\/chaises-empilables-modele-quadra-lot-de-4\/#breadcrumb"},"inLanguage":"fr-FR","potentialAction":[{"@type":"ReadAction","target":["https:\/\/www.demosmobilia.ch\/fr\/product\/chaises-empilables-modele-quadra-lot-de-4\/"]}]},{"@type":"ImageObject","inLanguage":"fr-FR","@id":"https:\/\/www.demosmobilia.ch\/fr\/product\/chaises-empilables-modele-quadra-lot-de-4\/#primaryimage","url":"https:\/\/www.demosmobilia.ch\/wp-content\/uploads\/2026\/03\/bruno-rey-quadra-sthul-1980-swiss-design-dietiker-schweiz-01B.jpg","contentUrl":"https:\/\/www.demosmobilia.ch\/wp-content\/uploads\/2026\/03\/bruno-rey-quadra-sthul-1980-swiss-design-dietiker-schweiz-01B.jpg","width":1200,"height":900},{"@type":"BreadcrumbList","@id":"https:\/\/www.demosmobilia.ch\/fr\/product\/chaises-empilables-modele-quadra-lot-de-4\/#breadcrumb","itemListElement":[{"@type":"ListItem","position":1,"name":"Home","item":"https:\/\/www.demosmobilia.ch\/fr\/"},{"@type":"ListItem","position":2,"name":"Produits","item":"https:\/\/www.demosmobilia.ch\/fr\/shop\/"},{"@type":"ListItem","position":3,"name":"Chaises empilables mod\u00e8le Quadra, lot de 4"}]},{"@type":"WebSite","@id":"https:\/\/www.demosmobilia.ch\/fr\/#website","url":"https:\/\/www.demosmobilia.ch\/fr\/","name":"Demosmobilia","description":"Vintage Mid Century Modern Design Furniture from the &#039;30s to the &#039;80s","publisher":{"@id":"https:\/\/www.demosmobilia.ch\/fr\/#organization"},"potentialAction":[{"@type":"SearchAction","target":{"@type":"EntryPoint","urlTemplate":"https:\/\/www.demosmobilia.ch\/fr\/?s={search_term_string}"},"query-input":{"@type":"PropertyValueSpecification","valueRequired":true,"valueName":"search_term_string"}}],"inLanguage":"fr-FR"},{"@type":"Organization","@id":"https:\/\/www.demosmobilia.ch\/fr\/#organization","name":"demosmobilia","url":"https:\/\/www.demosmobilia.ch\/fr\/","logo":{"@type":"ImageObject","inLanguage":"fr-FR","@id":"https:\/\/www.demosmobilia.ch\/fr\/#\/schema\/logo\/image\/","url":"https:\/\/www.demosmobilia.ch\/wp-content\/uploads\/2020\/07\/demosmobilia-logo-2020-230-160.png","contentUrl":"https:\/\/www.demosmobilia.ch\/wp-content\/uploads\/2020\/07\/demosmobilia-logo-2020-230-160.png","width":230,"height":160,"caption":"demosmobilia"},"image":{"@id":"https:\/\/www.demosmobilia.ch\/fr\/#\/schema\/logo\/image\/"},"sameAs":["https:\/\/www.facebook.com\/Demos-Mobilia-1137017453131445\/","https:\/\/www.instagram.com\/demosmobilia\/"]}]}},"_links":{"self":[{"href":"https:\/\/www.demosmobilia.ch\/fr\/wp-json\/wp\/v2\/product\/86982","targetHints":{"allow":["GET"]}}],"collection":[{"href":"https:\/\/www.demosmobilia.ch\/fr\/wp-json\/wp\/v2\/product"}],"about":[{"href":"https:\/\/www.demosmobilia.ch\/fr\/wp-json\/wp\/v2\/types\/product"}],"wp:featuredmedia":[{"embeddable":true,"href":"https:\/\/www.demosmobilia.ch\/fr\/wp-json\/wp\/v2\/media\/86934"}],"wp:attachment":[{"href":"https:\/\/www.demosmobilia.ch\/fr\/wp-json\/wp\/v2\/media?parent=86982"}],"wp:term":[{"taxonomy":"product_cat","embeddable":true,"href":"https:\/\/www.demosmobilia.ch\/fr\/wp-json\/wp\/v2\/product_cat?post=86982"},{"taxonomy":"product_tag","embeddable":true,"href":"https:\/\/www.demosmobilia.ch\/fr\/wp-json\/wp\/v2\/product_tag?post=86982"}],"curies":[{"name":"wp","href":"https:\/\/api.w.org\/{rel}","templated":true}]}}