{"id":86848,"date":"2026-03-28T10:05:34","date_gmt":"2026-03-28T09:05:34","guid":{"rendered":"https:\/\/www.demosmobilia.ch\/product\/lampe-sur-pied-avec-abat-jour-en-verre-architectural\/"},"modified":"2026-04-15T10:10:15","modified_gmt":"2026-04-15T08:10:15","slug":"lampe-sur-pied-avec-abat-jour-en-verre-architectural","status":"publish","type":"product","link":"https:\/\/www.demosmobilia.ch\/fr\/product\/lampe-sur-pied-avec-abat-jour-en-verre-architectural\/","title":{"rendered":"Lampe sur pied avec abat-jour en verre architectural"},"content":{"rendered":"<p data-start=\"127\" data-end=\"734\"><strong data-start=\"127\" data-end=\"221\">Sergio Asti \u2013 Design italien innovant et modernisme fonctionnel<\/strong><br data-start=\"221\" data-end=\"224\">Sergio Asti (Milan, 1926\u20132021) \u00e9tait un architecte et designer italien de premier plan, reconnu pour son approche innovante du design industriel et des objets pour la maison. Asti excellait \u00e0 allier fonctionnalit\u00e9 et beaut\u00e9, avec des lignes \u00e9pur\u00e9es, des formes essentielles et des mat\u00e9riaux modernes, influen\u00e7ant profond\u00e9ment le design italien des ann\u00e9es 1960 et 1970. Ses cr\u00e9ations vont du mobilier aux objets en verre, c\u00e9ramique, m\u00e9tal et bois, toujours avec un sens aigu des proportions \u00e9quilibr\u00e9es et des d\u00e9tails raffin\u00e9s.  <\/p>\n<p data-start=\"736\" data-end=\"1104\">Le travail de Sergio Asti est aujourd\u2019hui tr\u00e8s appr\u00e9ci\u00e9 des collectionneurs et des designers d\u2019int\u00e9rieur pour son \u00e9l\u00e9gance intemporelle et sa capacit\u00e9 \u00e0 s\u2019adapter aux int\u00e9rieurs contemporains et modernistes. Parmi ses cr\u00e9ations les plus embl\u00e9matiques figurent des lampes, vases, assises et accessoires pour la maison caract\u00e9ris\u00e9s par la puret\u00e9 g\u00e9om\u00e9trique et les lignes minimalistes, reflet du design italien mid-century. <\/p>\n<p data-start=\"1106\" data-end=\"1502\">Un exemple remarquable de notre collection est une lampe attribu\u00e9e \u00e0 Sergio Asti, dot\u00e9e d\u2019une structure l\u00e9g\u00e8re et lin\u00e9aire qui allie fonctionnalit\u00e9 et \u00e9l\u00e9gance. La lampe refl\u00e8te la puret\u00e9 g\u00e9om\u00e9trique et l\u2019harmonie proportionnelle typiques du travail d\u2019Asti, la rendant id\u00e9ale pour des int\u00e9rieurs modernes, minimalistes ou d\u2019inspiration mid-century, gr\u00e2ce \u00e0 son esth\u00e9tique raffin\u00e9e et \u00e0 sa forte identit\u00e9 contemporaine. <\/p>\n","protected":false},"excerpt":{"rendered":"<p>Sergio Asti \u2013 Design italien innovant et modernisme fonctionnelSergio Asti (Milan, 1926\u20132021) \u00e9tait un architecte et designer italien de premier plan, reconnu pour son approche innovante du design industriel et des objets pour la maison. Asti excellait \u00e0 allier fonctionnalit\u00e9 et beaut\u00e9, avec des lignes \u00e9pur\u00e9es, des formes essentielles et des mat\u00e9riaux modernes, influen\u00e7ant profond\u00e9ment le design italien des ann\u00e9es 1960 et 1970. Ses cr\u00e9ations vont du mobilier aux objets en verre, c\u00e9ramique, m\u00e9tal et bois, toujours avec un sens aigu des proportions \u00e9quilibr\u00e9es et des d\u00e9tails raffin\u00e9s. Le travail de Sergio Asti est aujourd\u2019hui tr\u00e8s appr\u00e9ci\u00e9 des collectionneurs et des designers d\u2019int\u00e9rieur pour son<a class=\"more-link\" href=\"https:\/\/www.demosmobilia.ch\/fr\/product\/lampe-sur-pied-avec-abat-jour-en-verre-architectural\/\">Read More &rarr;<\/a><\/p>\n","protected":false},"featured_media":86819,"template":"","meta":{"_monsterinsights_skip_tracking":false,"_monsterinsights_sitenote_active":false,"_monsterinsights_sitenote_note":"","_monsterinsights_sitenote_category":0,"kk_blocks_editor_width":"","_kiokenblocks_attr":"","_kiokenblocks_dimensions":""},"product_cat":[4246,4071],"product_tag":[],"class_list":{"0":"entry","1":"author-demosmobilia","2":"post-86848","3":"product","4":"type-product","5":"status-publish","6":"has-post-thumbnail","7":"product_production-stilnovo","8":"product_year-1960-approx","9":"product_nation-italie-fr","10":"product_cat-lampadaires","11":"product_cat-nouveautes","12":"pa_product_dimension-dia-40-x-ht-157-cm","13":"pa_product_material-verre-laque-aluminium-poli-aluminium-marbree","15":"first","16":"instock","17":"shipping-taxable","18":"purchasable","19":"product-type-simple"},"yoast_head":"<!-- This site is optimized with the Yoast SEO plugin v24.0 - https:\/\/yoast.com\/wordpress\/plugins\/seo\/ -->\n<title>Lampe sur pied avec abat-jour en verre architectural &#8211; Demosmobilia<\/title>\n<meta name=\"robots\" content=\"index, follow, max-snippet:-1, max-image-preview:large, max-video-preview:-1\" \/>\n<link rel=\"canonical\" href=\"https:\/\/www.demosmobilia.ch\/fr\/product\/lampe-sur-pied-avec-abat-jour-en-verre-architectural\/\" \/>\n<meta property=\"og:locale\" content=\"fr_FR\" \/>\n<meta property=\"og:type\" content=\"article\" \/>\n<meta property=\"og:title\" content=\"Lampe sur pied avec abat-jour en verre architectural &#8211; Demosmobilia\" \/>\n<meta property=\"og:description\" content=\"Sergio Asti \u2013 Design italien innovant et modernisme fonctionnelSergio Asti (Milan, 1926\u20132021) \u00e9tait un architecte et designer italien de premier plan, reconnu pour son approche innovante du design industriel et des objets pour la maison. Asti excellait \u00e0 allier fonctionnalit\u00e9 et beaut\u00e9, avec des lignes \u00e9pur\u00e9es, des formes essentielles et des mat\u00e9riaux modernes, influen\u00e7ant profond\u00e9ment le design italien des ann\u00e9es 1960 et 1970. Ses cr\u00e9ations vont du mobilier aux objets en verre, c\u00e9ramique, m\u00e9tal et bois, toujours avec un sens aigu des proportions \u00e9quilibr\u00e9es et des d\u00e9tails raffin\u00e9s. Le travail de Sergio Asti est aujourd\u2019hui tr\u00e8s appr\u00e9ci\u00e9 des collectionneurs et des designers d\u2019int\u00e9rieur pour sonRead More &rarr;\" \/>\n<meta property=\"og:url\" content=\"https:\/\/www.demosmobilia.ch\/fr\/product\/lampe-sur-pied-avec-abat-jour-en-verre-architectural\/\" \/>\n<meta property=\"og:site_name\" content=\"Demosmobilia\" \/>\n<meta property=\"article:publisher\" content=\"https:\/\/www.facebook.com\/Demos-Mobilia-1137017453131445\/\" \/>\n<meta property=\"article:modified_time\" content=\"2026-04-15T08:10:15+00:00\" \/>\n<meta property=\"og:image\" content=\"https:\/\/www.demosmobilia.ch\/wp-content\/uploads\/2026\/03\/sergio-asti-floor-lamp-arteluce-italian-design-01.jpg\" \/>\n\t<meta property=\"og:image:width\" content=\"1200\" \/>\n\t<meta property=\"og:image:height\" content=\"900\" \/>\n\t<meta property=\"og:image:type\" content=\"image\/jpeg\" \/>\n<meta name=\"twitter:card\" content=\"summary_large_image\" \/>\n<meta name=\"twitter:label1\" content=\"Dur\u00e9e de lecture estim\u00e9e\" \/>\n\t<meta name=\"twitter:data1\" content=\"1 minute\" \/>\n<script type=\"application\/ld+json\" class=\"yoast-schema-graph\">{\"@context\":\"https:\/\/schema.org\",\"@graph\":[{\"@type\":\"WebPage\",\"@id\":\"https:\/\/www.demosmobilia.ch\/fr\/product\/lampe-sur-pied-avec-abat-jour-en-verre-architectural\/\",\"url\":\"https:\/\/www.demosmobilia.ch\/fr\/product\/lampe-sur-pied-avec-abat-jour-en-verre-architectural\/\",\"name\":\"Lampe sur pied avec abat-jour en verre architectural &#8211; Demosmobilia\",\"isPartOf\":{\"@id\":\"https:\/\/www.demosmobilia.ch\/fr\/#website\"},\"primaryImageOfPage\":{\"@id\":\"https:\/\/www.demosmobilia.ch\/fr\/product\/lampe-sur-pied-avec-abat-jour-en-verre-architectural\/#primaryimage\"},\"image\":{\"@id\":\"https:\/\/www.demosmobilia.ch\/fr\/product\/lampe-sur-pied-avec-abat-jour-en-verre-architectural\/#primaryimage\"},\"thumbnailUrl\":\"https:\/\/www.demosmobilia.ch\/wp-content\/uploads\/2026\/03\/sergio-asti-floor-lamp-arteluce-italian-design-01.jpg\",\"datePublished\":\"2026-03-28T09:05:34+00:00\",\"dateModified\":\"2026-04-15T08:10:15+00:00\",\"breadcrumb\":{\"@id\":\"https:\/\/www.demosmobilia.ch\/fr\/product\/lampe-sur-pied-avec-abat-jour-en-verre-architectural\/#breadcrumb\"},\"inLanguage\":\"fr-FR\",\"potentialAction\":[{\"@type\":\"ReadAction\",\"target\":[\"https:\/\/www.demosmobilia.ch\/fr\/product\/lampe-sur-pied-avec-abat-jour-en-verre-architectural\/\"]}]},{\"@type\":\"ImageObject\",\"inLanguage\":\"fr-FR\",\"@id\":\"https:\/\/www.demosmobilia.ch\/fr\/product\/lampe-sur-pied-avec-abat-jour-en-verre-architectural\/#primaryimage\",\"url\":\"https:\/\/www.demosmobilia.ch\/wp-content\/uploads\/2026\/03\/sergio-asti-floor-lamp-arteluce-italian-design-01.jpg\",\"contentUrl\":\"https:\/\/www.demosmobilia.ch\/wp-content\/uploads\/2026\/03\/sergio-asti-floor-lamp-arteluce-italian-design-01.jpg\",\"width\":1200,\"height\":900},{\"@type\":\"BreadcrumbList\",\"@id\":\"https:\/\/www.demosmobilia.ch\/fr\/product\/lampe-sur-pied-avec-abat-jour-en-verre-architectural\/#breadcrumb\",\"itemListElement\":[{\"@type\":\"ListItem\",\"position\":1,\"name\":\"Home\",\"item\":\"https:\/\/www.demosmobilia.ch\/fr\/\"},{\"@type\":\"ListItem\",\"position\":2,\"name\":\"Produits\",\"item\":\"https:\/\/www.demosmobilia.ch\/fr\/shop\/\"},{\"@type\":\"ListItem\",\"position\":3,\"name\":\"Lampe sur pied avec abat-jour en verre architectural\"}]},{\"@type\":\"WebSite\",\"@id\":\"https:\/\/www.demosmobilia.ch\/fr\/#website\",\"url\":\"https:\/\/www.demosmobilia.ch\/fr\/\",\"name\":\"Demosmobilia\",\"description\":\"Vintage Mid Century Modern Design Furniture from the &#039;30s to the &#039;80s\",\"publisher\":{\"@id\":\"https:\/\/www.demosmobilia.ch\/fr\/#organization\"},\"potentialAction\":[{\"@type\":\"SearchAction\",\"target\":{\"@type\":\"EntryPoint\",\"urlTemplate\":\"https:\/\/www.demosmobilia.ch\/fr\/?s={search_term_string}\"},\"query-input\":{\"@type\":\"PropertyValueSpecification\",\"valueRequired\":true,\"valueName\":\"search_term_string\"}}],\"inLanguage\":\"fr-FR\"},{\"@type\":\"Organization\",\"@id\":\"https:\/\/www.demosmobilia.ch\/fr\/#organization\",\"name\":\"demosmobilia\",\"url\":\"https:\/\/www.demosmobilia.ch\/fr\/\",\"logo\":{\"@type\":\"ImageObject\",\"inLanguage\":\"fr-FR\",\"@id\":\"https:\/\/www.demosmobilia.ch\/fr\/#\/schema\/logo\/image\/\",\"url\":\"https:\/\/www.demosmobilia.ch\/wp-content\/uploads\/2020\/07\/demosmobilia-logo-2020-230-160.png\",\"contentUrl\":\"https:\/\/www.demosmobilia.ch\/wp-content\/uploads\/2020\/07\/demosmobilia-logo-2020-230-160.png\",\"width\":230,\"height\":160,\"caption\":\"demosmobilia\"},\"image\":{\"@id\":\"https:\/\/www.demosmobilia.ch\/fr\/#\/schema\/logo\/image\/\"},\"sameAs\":[\"https:\/\/www.facebook.com\/Demos-Mobilia-1137017453131445\/\",\"https:\/\/www.instagram.com\/demosmobilia\/\"]}]}<\/script>\n<!-- \/ Yoast SEO plugin. -->","yoast_head_json":{"title":"Lampe sur pied avec abat-jour en verre architectural &#8211; Demosmobilia","robots":{"index":"index","follow":"follow","max-snippet":"max-snippet:-1","max-image-preview":"max-image-preview:large","max-video-preview":"max-video-preview:-1"},"canonical":"https:\/\/www.demosmobilia.ch\/fr\/product\/lampe-sur-pied-avec-abat-jour-en-verre-architectural\/","og_locale":"fr_FR","og_type":"article","og_title":"Lampe sur pied avec abat-jour en verre architectural &#8211; Demosmobilia","og_description":"Sergio Asti \u2013 Design italien innovant et modernisme fonctionnelSergio Asti (Milan, 1926\u20132021) \u00e9tait un architecte et designer italien de premier plan, reconnu pour son approche innovante du design industriel et des objets pour la maison. Asti excellait \u00e0 allier fonctionnalit\u00e9 et beaut\u00e9, avec des lignes \u00e9pur\u00e9es, des formes essentielles et des mat\u00e9riaux modernes, influen\u00e7ant profond\u00e9ment le design italien des ann\u00e9es 1960 et 1970. Ses cr\u00e9ations vont du mobilier aux objets en verre, c\u00e9ramique, m\u00e9tal et bois, toujours avec un sens aigu des proportions \u00e9quilibr\u00e9es et des d\u00e9tails raffin\u00e9s. Le travail de Sergio Asti est aujourd\u2019hui tr\u00e8s appr\u00e9ci\u00e9 des collectionneurs et des designers d\u2019int\u00e9rieur pour sonRead More &rarr;","og_url":"https:\/\/www.demosmobilia.ch\/fr\/product\/lampe-sur-pied-avec-abat-jour-en-verre-architectural\/","og_site_name":"Demosmobilia","article_publisher":"https:\/\/www.facebook.com\/Demos-Mobilia-1137017453131445\/","article_modified_time":"2026-04-15T08:10:15+00:00","og_image":[{"width":1200,"height":900,"url":"https:\/\/www.demosmobilia.ch\/wp-content\/uploads\/2026\/03\/sergio-asti-floor-lamp-arteluce-italian-design-01.jpg","type":"image\/jpeg"}],"twitter_card":"summary_large_image","twitter_misc":{"Dur\u00e9e de lecture estim\u00e9e":"1 minute"},"schema":{"@context":"https:\/\/schema.org","@graph":[{"@type":"WebPage","@id":"https:\/\/www.demosmobilia.ch\/fr\/product\/lampe-sur-pied-avec-abat-jour-en-verre-architectural\/","url":"https:\/\/www.demosmobilia.ch\/fr\/product\/lampe-sur-pied-avec-abat-jour-en-verre-architectural\/","name":"Lampe sur pied avec abat-jour en verre architectural &#8211; Demosmobilia","isPartOf":{"@id":"https:\/\/www.demosmobilia.ch\/fr\/#website"},"primaryImageOfPage":{"@id":"https:\/\/www.demosmobilia.ch\/fr\/product\/lampe-sur-pied-avec-abat-jour-en-verre-architectural\/#primaryimage"},"image":{"@id":"https:\/\/www.demosmobilia.ch\/fr\/product\/lampe-sur-pied-avec-abat-jour-en-verre-architectural\/#primaryimage"},"thumbnailUrl":"https:\/\/www.demosmobilia.ch\/wp-content\/uploads\/2026\/03\/sergio-asti-floor-lamp-arteluce-italian-design-01.jpg","datePublished":"2026-03-28T09:05:34+00:00","dateModified":"2026-04-15T08:10:15+00:00","breadcrumb":{"@id":"https:\/\/www.demosmobilia.ch\/fr\/product\/lampe-sur-pied-avec-abat-jour-en-verre-architectural\/#breadcrumb"},"inLanguage":"fr-FR","potentialAction":[{"@type":"ReadAction","target":["https:\/\/www.demosmobilia.ch\/fr\/product\/lampe-sur-pied-avec-abat-jour-en-verre-architectural\/"]}]},{"@type":"ImageObject","inLanguage":"fr-FR","@id":"https:\/\/www.demosmobilia.ch\/fr\/product\/lampe-sur-pied-avec-abat-jour-en-verre-architectural\/#primaryimage","url":"https:\/\/www.demosmobilia.ch\/wp-content\/uploads\/2026\/03\/sergio-asti-floor-lamp-arteluce-italian-design-01.jpg","contentUrl":"https:\/\/www.demosmobilia.ch\/wp-content\/uploads\/2026\/03\/sergio-asti-floor-lamp-arteluce-italian-design-01.jpg","width":1200,"height":900},{"@type":"BreadcrumbList","@id":"https:\/\/www.demosmobilia.ch\/fr\/product\/lampe-sur-pied-avec-abat-jour-en-verre-architectural\/#breadcrumb","itemListElement":[{"@type":"ListItem","position":1,"name":"Home","item":"https:\/\/www.demosmobilia.ch\/fr\/"},{"@type":"ListItem","position":2,"name":"Produits","item":"https:\/\/www.demosmobilia.ch\/fr\/shop\/"},{"@type":"ListItem","position":3,"name":"Lampe sur pied avec abat-jour en verre architectural"}]},{"@type":"WebSite","@id":"https:\/\/www.demosmobilia.ch\/fr\/#website","url":"https:\/\/www.demosmobilia.ch\/fr\/","name":"Demosmobilia","description":"Vintage Mid Century Modern Design Furniture from the &#039;30s to the &#039;80s","publisher":{"@id":"https:\/\/www.demosmobilia.ch\/fr\/#organization"},"potentialAction":[{"@type":"SearchAction","target":{"@type":"EntryPoint","urlTemplate":"https:\/\/www.demosmobilia.ch\/fr\/?s={search_term_string}"},"query-input":{"@type":"PropertyValueSpecification","valueRequired":true,"valueName":"search_term_string"}}],"inLanguage":"fr-FR"},{"@type":"Organization","@id":"https:\/\/www.demosmobilia.ch\/fr\/#organization","name":"demosmobilia","url":"https:\/\/www.demosmobilia.ch\/fr\/","logo":{"@type":"ImageObject","inLanguage":"fr-FR","@id":"https:\/\/www.demosmobilia.ch\/fr\/#\/schema\/logo\/image\/","url":"https:\/\/www.demosmobilia.ch\/wp-content\/uploads\/2020\/07\/demosmobilia-logo-2020-230-160.png","contentUrl":"https:\/\/www.demosmobilia.ch\/wp-content\/uploads\/2020\/07\/demosmobilia-logo-2020-230-160.png","width":230,"height":160,"caption":"demosmobilia"},"image":{"@id":"https:\/\/www.demosmobilia.ch\/fr\/#\/schema\/logo\/image\/"},"sameAs":["https:\/\/www.facebook.com\/Demos-Mobilia-1137017453131445\/","https:\/\/www.instagram.com\/demosmobilia\/"]}]}},"_links":{"self":[{"href":"https:\/\/www.demosmobilia.ch\/fr\/wp-json\/wp\/v2\/product\/86848","targetHints":{"allow":["GET"]}}],"collection":[{"href":"https:\/\/www.demosmobilia.ch\/fr\/wp-json\/wp\/v2\/product"}],"about":[{"href":"https:\/\/www.demosmobilia.ch\/fr\/wp-json\/wp\/v2\/types\/product"}],"wp:featuredmedia":[{"embeddable":true,"href":"https:\/\/www.demosmobilia.ch\/fr\/wp-json\/wp\/v2\/media\/86819"}],"wp:attachment":[{"href":"https:\/\/www.demosmobilia.ch\/fr\/wp-json\/wp\/v2\/media?parent=86848"}],"wp:term":[{"taxonomy":"product_cat","embeddable":true,"href":"https:\/\/www.demosmobilia.ch\/fr\/wp-json\/wp\/v2\/product_cat?post=86848"},{"taxonomy":"product_tag","embeddable":true,"href":"https:\/\/www.demosmobilia.ch\/fr\/wp-json\/wp\/v2\/product_tag?post=86848"}],"curies":[{"name":"wp","href":"https:\/\/api.w.org\/{rel}","templated":true}]}}