{"id":86814,"date":"2026-03-28T08:50:42","date_gmt":"2026-03-28T07:50:42","guid":{"rendered":"https:\/\/www.demosmobilia.ch\/product\/lampadaire-de-lecture-en-cuir\/"},"modified":"2026-03-28T08:50:42","modified_gmt":"2026-03-28T07:50:42","slug":"lampadaire-de-lecture-en-cuir","status":"publish","type":"product","link":"https:\/\/www.demosmobilia.ch\/fr\/product\/lampadaire-de-lecture-en-cuir\/","title":{"rendered":"Lampadaire de lecture en cuir"},"content":{"rendered":"<p data-start=\"123\" data-end=\"758\">Jacques Adnet (1900\u20131984) est l\u2019un des designers fran\u00e7ais les plus influents du XXe si\u00e8cle, reconnu pour son style raffin\u00e9 qui relie l\u2019Art D\u00e9co au modernisme. Architecte d\u2019int\u00e9rieur et designer, Adnet se distingue par l\u2019utilisation innovante de mat\u00e9riaux tels que le cuir, le m\u00e9tal et le verre, cr\u00e9ant du mobilier et des luminaires aux lignes \u00e9pur\u00e9es, aux proportions \u00e9quilibr\u00e9es et \u00e0 forte identit\u00e9 visuelle. Ses collaborations avec de prestigieuses manufactures fran\u00e7aises ont contribu\u00e9 \u00e0 d\u00e9finir le luxe discret du design parisien d\u2019apr\u00e8s-guerre.  <\/p>\n<p data-start=\"749\" data-end=\"1072\">Le travail de Jacques Adnet est aujourd\u2019hui tr\u00e8s recherch\u00e9 sur le march\u00e9 du design de collection, gr\u00e2ce \u00e0 sa capacit\u00e9 \u00e0 allier fonctionnalit\u00e9 et sophistication. Ses cr\u00e9ations \u2014 miroirs, bureaux, assises et luminaires \u2014 incarnent une \u00e9l\u00e9gance intemporelle parfaitement adapt\u00e9e aux int\u00e9rieurs contemporains haut de gamme. <\/p>\n<p data-start=\"1074\" data-end=\"1783\">Un exemple embl\u00e9matique de son travail dans le domaine de l\u2019\u00e9clairage est le lampadaire gain\u00e9 de cuir, r\u00e9\u00e9dit\u00e9 et produit dans les ann\u00e9es 1970 par Valenti (Espagne). Ce lampadaire se distingue par sa structure \u00e9lanc\u00e9e et son rev\u00eatement en cuir, \u00e9l\u00e9ment signature du langage esth\u00e9tique d\u2019Adnet. Sa forme affirm\u00e9e et structur\u00e9e exprime une esth\u00e9tique forte et r\u00e9solument masculine, sublim\u00e9e par l\u2019utilisation de mat\u00e9riaux nobles et de lignes minimalistes. Il en r\u00e9sulte une pi\u00e8ce \u00e9l\u00e9gante et intemporelle, id\u00e9ale pour des int\u00e9rieurs modernes, classiques ou d\u2019inspiration mid-century. Aujourd\u2019hui, les lampes de style Jacques Adnet produites par Valenti sont tr\u00e8s pris\u00e9es des collectionneurs et des architectes d\u2019int\u00e9rieur pour leur qualit\u00e9 artisanale, leur authenticit\u00e9 et leur design iconique.    <\/p>\n","protected":false},"excerpt":{"rendered":"<p>Jacques Adnet (1900\u20131984) est l\u2019un des designers fran\u00e7ais les plus influents du XXe si\u00e8cle, reconnu pour son style raffin\u00e9 qui relie l\u2019Art D\u00e9co au modernisme. Architecte d\u2019int\u00e9rieur et designer, Adnet se distingue par l\u2019utilisation innovante de mat\u00e9riaux tels que le cuir, le m\u00e9tal et le verre, cr\u00e9ant du mobilier et des luminaires aux lignes \u00e9pur\u00e9es, aux proportions \u00e9quilibr\u00e9es et \u00e0 forte identit\u00e9 visuelle. Ses collaborations avec de prestigieuses manufactures fran\u00e7aises ont contribu\u00e9 \u00e0 d\u00e9finir le luxe discret du design parisien d\u2019apr\u00e8s-guerre. Le travail de Jacques Adnet est aujourd\u2019hui tr\u00e8s recherch\u00e9 sur le march\u00e9 du design de collection, gr\u00e2ce \u00e0 sa capacit\u00e9 \u00e0 allier fonctionnalit\u00e9 et<a class=\"more-link\" href=\"https:\/\/www.demosmobilia.ch\/fr\/product\/lampadaire-de-lecture-en-cuir\/\">Read More &rarr;<\/a><\/p>\n","protected":false},"featured_media":86810,"template":"","meta":{"_monsterinsights_skip_tracking":false,"_monsterinsights_sitenote_active":false,"_monsterinsights_sitenote_note":"","_monsterinsights_sitenote_category":0,"kk_blocks_editor_width":"","_kiokenblocks_attr":"","_kiokenblocks_dimensions":""},"product_cat":[4246,4071],"product_tag":[14687],"class_list":{"0":"entry","1":"author-demosmobilia","2":"post-86814","3":"product","4":"type-product","5":"status-publish","6":"has-post-thumbnail","7":"product_production-valenti","8":"product_year-1970-approx","9":"product_nation-espagne","10":"product_cat-lampadaires","11":"product_cat-nouveautes","12":"product_tag-adnet-jacques","13":"pa_product_dimension-40-x-dia-21-x-ht-148-cm","14":"pa_product_material-cuir-aluminium","16":"first","17":"instock","18":"shipping-taxable","19":"product-type-simple"},"yoast_head":"<!-- This site is optimized with the Yoast SEO plugin v24.0 - https:\/\/yoast.com\/wordpress\/plugins\/seo\/ -->\n<title>Lampadaire de lecture en cuir &#8211; Demosmobilia<\/title>\n<meta name=\"robots\" content=\"index, follow, max-snippet:-1, max-image-preview:large, max-video-preview:-1\" \/>\n<link rel=\"canonical\" href=\"https:\/\/www.demosmobilia.ch\/fr\/product\/lampadaire-de-lecture-en-cuir\/\" \/>\n<meta property=\"og:locale\" content=\"fr_FR\" \/>\n<meta property=\"og:type\" content=\"article\" \/>\n<meta property=\"og:title\" content=\"Lampadaire de lecture en cuir &#8211; Demosmobilia\" \/>\n<meta property=\"og:description\" content=\"Jacques Adnet (1900\u20131984) est l\u2019un des designers fran\u00e7ais les plus influents du XXe si\u00e8cle, reconnu pour son style raffin\u00e9 qui relie l\u2019Art D\u00e9co au modernisme. Architecte d\u2019int\u00e9rieur et designer, Adnet se distingue par l\u2019utilisation innovante de mat\u00e9riaux tels que le cuir, le m\u00e9tal et le verre, cr\u00e9ant du mobilier et des luminaires aux lignes \u00e9pur\u00e9es, aux proportions \u00e9quilibr\u00e9es et \u00e0 forte identit\u00e9 visuelle. Ses collaborations avec de prestigieuses manufactures fran\u00e7aises ont contribu\u00e9 \u00e0 d\u00e9finir le luxe discret du design parisien d\u2019apr\u00e8s-guerre. Le travail de Jacques Adnet est aujourd\u2019hui tr\u00e8s recherch\u00e9 sur le march\u00e9 du design de collection, gr\u00e2ce \u00e0 sa capacit\u00e9 \u00e0 allier fonctionnalit\u00e9 etRead More &rarr;\" \/>\n<meta property=\"og:url\" content=\"https:\/\/www.demosmobilia.ch\/fr\/product\/lampadaire-de-lecture-en-cuir\/\" \/>\n<meta property=\"og:site_name\" content=\"Demosmobilia\" \/>\n<meta property=\"article:publisher\" content=\"https:\/\/www.facebook.com\/Demos-Mobilia-1137017453131445\/\" \/>\n<meta property=\"og:image\" content=\"https:\/\/www.demosmobilia.ch\/wp-content\/uploads\/2026\/03\/jacques-adnet-leather-floor-lamp-valenti-10-1.jpg\" \/>\n\t<meta property=\"og:image:width\" content=\"1200\" \/>\n\t<meta property=\"og:image:height\" content=\"900\" \/>\n\t<meta property=\"og:image:type\" content=\"image\/jpeg\" \/>\n<meta name=\"twitter:card\" content=\"summary_large_image\" \/>\n<meta name=\"twitter:label1\" content=\"Dur\u00e9e de lecture estim\u00e9e\" \/>\n\t<meta name=\"twitter:data1\" content=\"1 minute\" \/>\n<script type=\"application\/ld+json\" class=\"yoast-schema-graph\">{\"@context\":\"https:\/\/schema.org\",\"@graph\":[{\"@type\":\"WebPage\",\"@id\":\"https:\/\/www.demosmobilia.ch\/fr\/product\/lampadaire-de-lecture-en-cuir\/\",\"url\":\"https:\/\/www.demosmobilia.ch\/fr\/product\/lampadaire-de-lecture-en-cuir\/\",\"name\":\"Lampadaire de lecture en cuir &#8211; Demosmobilia\",\"isPartOf\":{\"@id\":\"https:\/\/www.demosmobilia.ch\/fr\/#website\"},\"primaryImageOfPage\":{\"@id\":\"https:\/\/www.demosmobilia.ch\/fr\/product\/lampadaire-de-lecture-en-cuir\/#primaryimage\"},\"image\":{\"@id\":\"https:\/\/www.demosmobilia.ch\/fr\/product\/lampadaire-de-lecture-en-cuir\/#primaryimage\"},\"thumbnailUrl\":\"https:\/\/www.demosmobilia.ch\/wp-content\/uploads\/2026\/03\/jacques-adnet-leather-floor-lamp-valenti-10-1.jpg\",\"datePublished\":\"2026-03-28T07:50:42+00:00\",\"dateModified\":\"2026-03-28T07:50:42+00:00\",\"breadcrumb\":{\"@id\":\"https:\/\/www.demosmobilia.ch\/fr\/product\/lampadaire-de-lecture-en-cuir\/#breadcrumb\"},\"inLanguage\":\"fr-FR\",\"potentialAction\":[{\"@type\":\"ReadAction\",\"target\":[\"https:\/\/www.demosmobilia.ch\/fr\/product\/lampadaire-de-lecture-en-cuir\/\"]}]},{\"@type\":\"ImageObject\",\"inLanguage\":\"fr-FR\",\"@id\":\"https:\/\/www.demosmobilia.ch\/fr\/product\/lampadaire-de-lecture-en-cuir\/#primaryimage\",\"url\":\"https:\/\/www.demosmobilia.ch\/wp-content\/uploads\/2026\/03\/jacques-adnet-leather-floor-lamp-valenti-10-1.jpg\",\"contentUrl\":\"https:\/\/www.demosmobilia.ch\/wp-content\/uploads\/2026\/03\/jacques-adnet-leather-floor-lamp-valenti-10-1.jpg\",\"width\":1200,\"height\":900},{\"@type\":\"BreadcrumbList\",\"@id\":\"https:\/\/www.demosmobilia.ch\/fr\/product\/lampadaire-de-lecture-en-cuir\/#breadcrumb\",\"itemListElement\":[{\"@type\":\"ListItem\",\"position\":1,\"name\":\"Home\",\"item\":\"https:\/\/www.demosmobilia.ch\/fr\/\"},{\"@type\":\"ListItem\",\"position\":2,\"name\":\"Produits\",\"item\":\"https:\/\/www.demosmobilia.ch\/fr\/shop\/\"},{\"@type\":\"ListItem\",\"position\":3,\"name\":\"Lampadaire de lecture en cuir\"}]},{\"@type\":\"WebSite\",\"@id\":\"https:\/\/www.demosmobilia.ch\/fr\/#website\",\"url\":\"https:\/\/www.demosmobilia.ch\/fr\/\",\"name\":\"Demosmobilia\",\"description\":\"Vintage Mid Century Modern Design Furniture from the &#039;30s to the &#039;80s\",\"publisher\":{\"@id\":\"https:\/\/www.demosmobilia.ch\/fr\/#organization\"},\"potentialAction\":[{\"@type\":\"SearchAction\",\"target\":{\"@type\":\"EntryPoint\",\"urlTemplate\":\"https:\/\/www.demosmobilia.ch\/fr\/?s={search_term_string}\"},\"query-input\":{\"@type\":\"PropertyValueSpecification\",\"valueRequired\":true,\"valueName\":\"search_term_string\"}}],\"inLanguage\":\"fr-FR\"},{\"@type\":\"Organization\",\"@id\":\"https:\/\/www.demosmobilia.ch\/fr\/#organization\",\"name\":\"demosmobilia\",\"url\":\"https:\/\/www.demosmobilia.ch\/fr\/\",\"logo\":{\"@type\":\"ImageObject\",\"inLanguage\":\"fr-FR\",\"@id\":\"https:\/\/www.demosmobilia.ch\/fr\/#\/schema\/logo\/image\/\",\"url\":\"https:\/\/www.demosmobilia.ch\/wp-content\/uploads\/2020\/07\/demosmobilia-logo-2020-230-160.png\",\"contentUrl\":\"https:\/\/www.demosmobilia.ch\/wp-content\/uploads\/2020\/07\/demosmobilia-logo-2020-230-160.png\",\"width\":230,\"height\":160,\"caption\":\"demosmobilia\"},\"image\":{\"@id\":\"https:\/\/www.demosmobilia.ch\/fr\/#\/schema\/logo\/image\/\"},\"sameAs\":[\"https:\/\/www.facebook.com\/Demos-Mobilia-1137017453131445\/\",\"https:\/\/www.instagram.com\/demosmobilia\/\"]}]}<\/script>\n<!-- \/ Yoast SEO plugin. -->","yoast_head_json":{"title":"Lampadaire de lecture en cuir &#8211; Demosmobilia","robots":{"index":"index","follow":"follow","max-snippet":"max-snippet:-1","max-image-preview":"max-image-preview:large","max-video-preview":"max-video-preview:-1"},"canonical":"https:\/\/www.demosmobilia.ch\/fr\/product\/lampadaire-de-lecture-en-cuir\/","og_locale":"fr_FR","og_type":"article","og_title":"Lampadaire de lecture en cuir &#8211; Demosmobilia","og_description":"Jacques Adnet (1900\u20131984) est l\u2019un des designers fran\u00e7ais les plus influents du XXe si\u00e8cle, reconnu pour son style raffin\u00e9 qui relie l\u2019Art D\u00e9co au modernisme. Architecte d\u2019int\u00e9rieur et designer, Adnet se distingue par l\u2019utilisation innovante de mat\u00e9riaux tels que le cuir, le m\u00e9tal et le verre, cr\u00e9ant du mobilier et des luminaires aux lignes \u00e9pur\u00e9es, aux proportions \u00e9quilibr\u00e9es et \u00e0 forte identit\u00e9 visuelle. Ses collaborations avec de prestigieuses manufactures fran\u00e7aises ont contribu\u00e9 \u00e0 d\u00e9finir le luxe discret du design parisien d\u2019apr\u00e8s-guerre. Le travail de Jacques Adnet est aujourd\u2019hui tr\u00e8s recherch\u00e9 sur le march\u00e9 du design de collection, gr\u00e2ce \u00e0 sa capacit\u00e9 \u00e0 allier fonctionnalit\u00e9 etRead More &rarr;","og_url":"https:\/\/www.demosmobilia.ch\/fr\/product\/lampadaire-de-lecture-en-cuir\/","og_site_name":"Demosmobilia","article_publisher":"https:\/\/www.facebook.com\/Demos-Mobilia-1137017453131445\/","og_image":[{"width":1200,"height":900,"url":"https:\/\/www.demosmobilia.ch\/wp-content\/uploads\/2026\/03\/jacques-adnet-leather-floor-lamp-valenti-10-1.jpg","type":"image\/jpeg"}],"twitter_card":"summary_large_image","twitter_misc":{"Dur\u00e9e de lecture estim\u00e9e":"1 minute"},"schema":{"@context":"https:\/\/schema.org","@graph":[{"@type":"WebPage","@id":"https:\/\/www.demosmobilia.ch\/fr\/product\/lampadaire-de-lecture-en-cuir\/","url":"https:\/\/www.demosmobilia.ch\/fr\/product\/lampadaire-de-lecture-en-cuir\/","name":"Lampadaire de lecture en cuir &#8211; Demosmobilia","isPartOf":{"@id":"https:\/\/www.demosmobilia.ch\/fr\/#website"},"primaryImageOfPage":{"@id":"https:\/\/www.demosmobilia.ch\/fr\/product\/lampadaire-de-lecture-en-cuir\/#primaryimage"},"image":{"@id":"https:\/\/www.demosmobilia.ch\/fr\/product\/lampadaire-de-lecture-en-cuir\/#primaryimage"},"thumbnailUrl":"https:\/\/www.demosmobilia.ch\/wp-content\/uploads\/2026\/03\/jacques-adnet-leather-floor-lamp-valenti-10-1.jpg","datePublished":"2026-03-28T07:50:42+00:00","dateModified":"2026-03-28T07:50:42+00:00","breadcrumb":{"@id":"https:\/\/www.demosmobilia.ch\/fr\/product\/lampadaire-de-lecture-en-cuir\/#breadcrumb"},"inLanguage":"fr-FR","potentialAction":[{"@type":"ReadAction","target":["https:\/\/www.demosmobilia.ch\/fr\/product\/lampadaire-de-lecture-en-cuir\/"]}]},{"@type":"ImageObject","inLanguage":"fr-FR","@id":"https:\/\/www.demosmobilia.ch\/fr\/product\/lampadaire-de-lecture-en-cuir\/#primaryimage","url":"https:\/\/www.demosmobilia.ch\/wp-content\/uploads\/2026\/03\/jacques-adnet-leather-floor-lamp-valenti-10-1.jpg","contentUrl":"https:\/\/www.demosmobilia.ch\/wp-content\/uploads\/2026\/03\/jacques-adnet-leather-floor-lamp-valenti-10-1.jpg","width":1200,"height":900},{"@type":"BreadcrumbList","@id":"https:\/\/www.demosmobilia.ch\/fr\/product\/lampadaire-de-lecture-en-cuir\/#breadcrumb","itemListElement":[{"@type":"ListItem","position":1,"name":"Home","item":"https:\/\/www.demosmobilia.ch\/fr\/"},{"@type":"ListItem","position":2,"name":"Produits","item":"https:\/\/www.demosmobilia.ch\/fr\/shop\/"},{"@type":"ListItem","position":3,"name":"Lampadaire de lecture en cuir"}]},{"@type":"WebSite","@id":"https:\/\/www.demosmobilia.ch\/fr\/#website","url":"https:\/\/www.demosmobilia.ch\/fr\/","name":"Demosmobilia","description":"Vintage Mid Century Modern Design Furniture from the &#039;30s to the &#039;80s","publisher":{"@id":"https:\/\/www.demosmobilia.ch\/fr\/#organization"},"potentialAction":[{"@type":"SearchAction","target":{"@type":"EntryPoint","urlTemplate":"https:\/\/www.demosmobilia.ch\/fr\/?s={search_term_string}"},"query-input":{"@type":"PropertyValueSpecification","valueRequired":true,"valueName":"search_term_string"}}],"inLanguage":"fr-FR"},{"@type":"Organization","@id":"https:\/\/www.demosmobilia.ch\/fr\/#organization","name":"demosmobilia","url":"https:\/\/www.demosmobilia.ch\/fr\/","logo":{"@type":"ImageObject","inLanguage":"fr-FR","@id":"https:\/\/www.demosmobilia.ch\/fr\/#\/schema\/logo\/image\/","url":"https:\/\/www.demosmobilia.ch\/wp-content\/uploads\/2020\/07\/demosmobilia-logo-2020-230-160.png","contentUrl":"https:\/\/www.demosmobilia.ch\/wp-content\/uploads\/2020\/07\/demosmobilia-logo-2020-230-160.png","width":230,"height":160,"caption":"demosmobilia"},"image":{"@id":"https:\/\/www.demosmobilia.ch\/fr\/#\/schema\/logo\/image\/"},"sameAs":["https:\/\/www.facebook.com\/Demos-Mobilia-1137017453131445\/","https:\/\/www.instagram.com\/demosmobilia\/"]}]}},"_links":{"self":[{"href":"https:\/\/www.demosmobilia.ch\/fr\/wp-json\/wp\/v2\/product\/86814","targetHints":{"allow":["GET"]}}],"collection":[{"href":"https:\/\/www.demosmobilia.ch\/fr\/wp-json\/wp\/v2\/product"}],"about":[{"href":"https:\/\/www.demosmobilia.ch\/fr\/wp-json\/wp\/v2\/types\/product"}],"wp:featuredmedia":[{"embeddable":true,"href":"https:\/\/www.demosmobilia.ch\/fr\/wp-json\/wp\/v2\/media\/86810"}],"wp:attachment":[{"href":"https:\/\/www.demosmobilia.ch\/fr\/wp-json\/wp\/v2\/media?parent=86814"}],"wp:term":[{"taxonomy":"product_cat","embeddable":true,"href":"https:\/\/www.demosmobilia.ch\/fr\/wp-json\/wp\/v2\/product_cat?post=86814"},{"taxonomy":"product_tag","embeddable":true,"href":"https:\/\/www.demosmobilia.ch\/fr\/wp-json\/wp\/v2\/product_tag?post=86814"}],"curies":[{"name":"wp","href":"https:\/\/api.w.org\/{rel}","templated":true}]}}