{"id":86743,"date":"2026-03-28T08:30:02","date_gmt":"2026-03-28T07:30:02","guid":{"rendered":"https:\/\/www.demosmobilia.ch\/product\/suspension-en-cristal-bulle-ls178\/"},"modified":"2026-03-28T08:30:02","modified_gmt":"2026-03-28T07:30:02","slug":"suspension-en-cristal-bulle-ls178","status":"publish","type":"product","link":"https:\/\/www.demosmobilia.ch\/fr\/product\/suspension-en-cristal-bulle-ls178\/","title":{"rendered":"Suspension en cristal bulle LS178"},"content":{"rendered":"<p>Carlo Nason \u2013 Ma\u00eetre du verre souffl\u00e9 et du design italien<br \/>\nCarlo Nason (n\u00e9 en 1935 \u00e0 Murano, Venise) est un designer et verrier italien de renomm\u00e9e internationale, c\u00e9l\u00e8bre pour ses lampes en verre souffl\u00e9 qui allient l\u2019esth\u00e9tique moderniste \u00e0 l\u2019artisanat traditionnel de Murano. Issu d\u2019une famille historique de ma\u00eetres verriers, Nason a \u00e9t\u00e9 form\u00e9 d\u00e8s son plus jeune \u00e2ge aux techniques complexes du soufflage du verre et a rapidement d\u00e9velopp\u00e9 un langage de design personnel, centr\u00e9 sur des formes g\u00e9om\u00e9triques \u00e9pur\u00e9es et une diffusion de lumi\u00e8re raffin\u00e9e. <br \/>Dans les ann\u00e9es 1960, Nason s\u2019\u00e9loigne du style d\u00e9coratif familial pour se concentrer sur le design moderne de luminaires en verre, collaborant avec des verreries v\u00e9nitiennes renomm\u00e9es telles que A. V. Mazzega. Cette p\u00e9riode donne naissance \u00e0 une s\u00e9rie de lampes embl\u00e9matiques en verre souffl\u00e9 \u2014 suspensions, lampes de table et lampadaires \u2014 reconnues pour leur \u00e9l\u00e9gance, leur simplicit\u00e9 sculpturale et leur pr\u00e9sence raffin\u00e9e. <br \/>Les cr\u00e9ations de Carlo Nason se distinguent par l\u2019utilisation experte du verre souffl\u00e9, avec des textures superpos\u00e9es, des surfaces diffusant la lumi\u00e8re et des effets mat\u00e9riels sophistiqu\u00e9s qui jouent avec la lumi\u00e8re et la forme. Ses lampes combinent le savoir-faire artisanal de Murano avec une vision contemporaine du design, ce qui en fait des pi\u00e8ces tr\u00e8s recherch\u00e9es par les collectionneurs et passionn\u00e9s de design \u00e0 travers le monde. <br \/>Aujourd\u2019hui, les lampes en verre souffl\u00e9 de Carlo Nason \u2014 des lustres vintage des ann\u00e9es 1960\u201170 aux cr\u00e9ations modernes de collection \u2014 restent des r\u00e9f\u00e9rences incontournables du design italien, symbolisant la fusion r\u00e9ussie entre tradition artisanale et innovation contemporaine.<\/p>\n","protected":false},"excerpt":{"rendered":"<p>Carlo Nason \u2013 Ma\u00eetre du verre souffl\u00e9 et du design italien Carlo Nason (n\u00e9 en 1935 \u00e0 Murano, Venise) est un designer et verrier italien de renomm\u00e9e internationale, c\u00e9l\u00e8bre pour ses lampes en verre souffl\u00e9 qui allient l\u2019esth\u00e9tique moderniste \u00e0 l\u2019artisanat traditionnel de Murano. Issu d\u2019une famille historique de ma\u00eetres verriers, Nason a \u00e9t\u00e9 form\u00e9 d\u00e8s son plus jeune \u00e2ge aux techniques complexes du soufflage du verre et a rapidement d\u00e9velopp\u00e9 un langage de design personnel, centr\u00e9 sur des formes g\u00e9om\u00e9triques \u00e9pur\u00e9es et une diffusion de lumi\u00e8re raffin\u00e9e. Dans les ann\u00e9es 1960, Nason s\u2019\u00e9loigne du style d\u00e9coratif familial pour se concentrer sur le design moderne<a class=\"more-link\" href=\"https:\/\/www.demosmobilia.ch\/fr\/product\/suspension-en-cristal-bulle-ls178\/\">Read More &rarr;<\/a><\/p>\n","protected":false},"featured_media":86715,"template":"","meta":{"_monsterinsights_skip_tracking":false,"_monsterinsights_sitenote_active":false,"_monsterinsights_sitenote_note":"","_monsterinsights_sitenote_category":0,"kk_blocks_editor_width":"","_kiokenblocks_attr":"","_kiokenblocks_dimensions":""},"product_cat":[4071,4247],"product_tag":[6719],"class_list":{"0":"entry","1":"author-demosmobilia","2":"post-86743","3":"product","4":"type-product","5":"status-publish","6":"has-post-thumbnail","7":"product_production-mazzega","8":"product_year-1970-approx","9":"product_nation-italie-fr","10":"product_cat-nouveautes","11":"product_cat-suspensions","12":"product_tag-nason-carlo-fr","13":"pa_product_dimension-dia-38-x-ht-115-cm","14":"pa_product_material-verre-a-bulles-aluminium-anodise","16":"first","17":"instock","18":"shipping-taxable","19":"purchasable","20":"product-type-simple"},"yoast_head":"<!-- This site is optimized with the Yoast SEO plugin v24.0 - https:\/\/yoast.com\/wordpress\/plugins\/seo\/ -->\n<title>Suspension en cristal bulle LS178 &#8211; Demosmobilia<\/title>\n<meta name=\"robots\" content=\"index, follow, max-snippet:-1, max-image-preview:large, max-video-preview:-1\" \/>\n<link rel=\"canonical\" href=\"https:\/\/www.demosmobilia.ch\/fr\/product\/suspension-en-cristal-bulle-ls178\/\" \/>\n<meta property=\"og:locale\" content=\"fr_FR\" \/>\n<meta property=\"og:type\" content=\"article\" \/>\n<meta property=\"og:title\" content=\"Suspension en cristal bulle LS178 &#8211; Demosmobilia\" \/>\n<meta property=\"og:description\" content=\"Carlo Nason \u2013 Ma\u00eetre du verre souffl\u00e9 et du design italien Carlo Nason (n\u00e9 en 1935 \u00e0 Murano, Venise) est un designer et verrier italien de renomm\u00e9e internationale, c\u00e9l\u00e8bre pour ses lampes en verre souffl\u00e9 qui allient l\u2019esth\u00e9tique moderniste \u00e0 l\u2019artisanat traditionnel de Murano. Issu d\u2019une famille historique de ma\u00eetres verriers, Nason a \u00e9t\u00e9 form\u00e9 d\u00e8s son plus jeune \u00e2ge aux techniques complexes du soufflage du verre et a rapidement d\u00e9velopp\u00e9 un langage de design personnel, centr\u00e9 sur des formes g\u00e9om\u00e9triques \u00e9pur\u00e9es et une diffusion de lumi\u00e8re raffin\u00e9e. Dans les ann\u00e9es 1960, Nason s\u2019\u00e9loigne du style d\u00e9coratif familial pour se concentrer sur le design moderneRead More &rarr;\" \/>\n<meta property=\"og:url\" content=\"https:\/\/www.demosmobilia.ch\/fr\/product\/suspension-en-cristal-bulle-ls178\/\" \/>\n<meta property=\"og:site_name\" content=\"Demosmobilia\" \/>\n<meta property=\"article:publisher\" content=\"https:\/\/www.facebook.com\/Demos-Mobilia-1137017453131445\/\" \/>\n<meta property=\"og:image\" content=\"https:\/\/www.demosmobilia.ch\/wp-content\/uploads\/2026\/03\/carlo-nason-cristal-bubble-lamp-LS178-pendant-SpaceAge-1970-01A.jpg\" \/>\n\t<meta property=\"og:image:width\" content=\"1200\" \/>\n\t<meta property=\"og:image:height\" content=\"900\" \/>\n\t<meta property=\"og:image:type\" content=\"image\/jpeg\" \/>\n<meta name=\"twitter:card\" content=\"summary_large_image\" \/>\n<meta name=\"twitter:label1\" content=\"Dur\u00e9e de lecture estim\u00e9e\" \/>\n\t<meta name=\"twitter:data1\" content=\"1 minute\" \/>\n<script type=\"application\/ld+json\" class=\"yoast-schema-graph\">{\"@context\":\"https:\/\/schema.org\",\"@graph\":[{\"@type\":\"WebPage\",\"@id\":\"https:\/\/www.demosmobilia.ch\/fr\/product\/suspension-en-cristal-bulle-ls178\/\",\"url\":\"https:\/\/www.demosmobilia.ch\/fr\/product\/suspension-en-cristal-bulle-ls178\/\",\"name\":\"Suspension en cristal bulle LS178 &#8211; Demosmobilia\",\"isPartOf\":{\"@id\":\"https:\/\/www.demosmobilia.ch\/fr\/#website\"},\"primaryImageOfPage\":{\"@id\":\"https:\/\/www.demosmobilia.ch\/fr\/product\/suspension-en-cristal-bulle-ls178\/#primaryimage\"},\"image\":{\"@id\":\"https:\/\/www.demosmobilia.ch\/fr\/product\/suspension-en-cristal-bulle-ls178\/#primaryimage\"},\"thumbnailUrl\":\"https:\/\/www.demosmobilia.ch\/wp-content\/uploads\/2026\/03\/carlo-nason-cristal-bubble-lamp-LS178-pendant-SpaceAge-1970-01A.jpg\",\"datePublished\":\"2026-03-28T07:30:02+00:00\",\"dateModified\":\"2026-03-28T07:30:02+00:00\",\"breadcrumb\":{\"@id\":\"https:\/\/www.demosmobilia.ch\/fr\/product\/suspension-en-cristal-bulle-ls178\/#breadcrumb\"},\"inLanguage\":\"fr-FR\",\"potentialAction\":[{\"@type\":\"ReadAction\",\"target\":[\"https:\/\/www.demosmobilia.ch\/fr\/product\/suspension-en-cristal-bulle-ls178\/\"]}]},{\"@type\":\"ImageObject\",\"inLanguage\":\"fr-FR\",\"@id\":\"https:\/\/www.demosmobilia.ch\/fr\/product\/suspension-en-cristal-bulle-ls178\/#primaryimage\",\"url\":\"https:\/\/www.demosmobilia.ch\/wp-content\/uploads\/2026\/03\/carlo-nason-cristal-bubble-lamp-LS178-pendant-SpaceAge-1970-01A.jpg\",\"contentUrl\":\"https:\/\/www.demosmobilia.ch\/wp-content\/uploads\/2026\/03\/carlo-nason-cristal-bubble-lamp-LS178-pendant-SpaceAge-1970-01A.jpg\",\"width\":1200,\"height\":900},{\"@type\":\"BreadcrumbList\",\"@id\":\"https:\/\/www.demosmobilia.ch\/fr\/product\/suspension-en-cristal-bulle-ls178\/#breadcrumb\",\"itemListElement\":[{\"@type\":\"ListItem\",\"position\":1,\"name\":\"Home\",\"item\":\"https:\/\/www.demosmobilia.ch\/fr\/\"},{\"@type\":\"ListItem\",\"position\":2,\"name\":\"Produits\",\"item\":\"https:\/\/www.demosmobilia.ch\/fr\/shop\/\"},{\"@type\":\"ListItem\",\"position\":3,\"name\":\"Suspension en cristal bulle LS178\"}]},{\"@type\":\"WebSite\",\"@id\":\"https:\/\/www.demosmobilia.ch\/fr\/#website\",\"url\":\"https:\/\/www.demosmobilia.ch\/fr\/\",\"name\":\"Demosmobilia\",\"description\":\"Vintage Mid Century Modern Design Furniture from the &#039;30s to the &#039;80s\",\"publisher\":{\"@id\":\"https:\/\/www.demosmobilia.ch\/fr\/#organization\"},\"potentialAction\":[{\"@type\":\"SearchAction\",\"target\":{\"@type\":\"EntryPoint\",\"urlTemplate\":\"https:\/\/www.demosmobilia.ch\/fr\/?s={search_term_string}\"},\"query-input\":{\"@type\":\"PropertyValueSpecification\",\"valueRequired\":true,\"valueName\":\"search_term_string\"}}],\"inLanguage\":\"fr-FR\"},{\"@type\":\"Organization\",\"@id\":\"https:\/\/www.demosmobilia.ch\/fr\/#organization\",\"name\":\"demosmobilia\",\"url\":\"https:\/\/www.demosmobilia.ch\/fr\/\",\"logo\":{\"@type\":\"ImageObject\",\"inLanguage\":\"fr-FR\",\"@id\":\"https:\/\/www.demosmobilia.ch\/fr\/#\/schema\/logo\/image\/\",\"url\":\"https:\/\/www.demosmobilia.ch\/wp-content\/uploads\/2020\/07\/demosmobilia-logo-2020-230-160.png\",\"contentUrl\":\"https:\/\/www.demosmobilia.ch\/wp-content\/uploads\/2020\/07\/demosmobilia-logo-2020-230-160.png\",\"width\":230,\"height\":160,\"caption\":\"demosmobilia\"},\"image\":{\"@id\":\"https:\/\/www.demosmobilia.ch\/fr\/#\/schema\/logo\/image\/\"},\"sameAs\":[\"https:\/\/www.facebook.com\/Demos-Mobilia-1137017453131445\/\",\"https:\/\/www.instagram.com\/demosmobilia\/\"]}]}<\/script>\n<!-- \/ Yoast SEO plugin. -->","yoast_head_json":{"title":"Suspension en cristal bulle LS178 &#8211; Demosmobilia","robots":{"index":"index","follow":"follow","max-snippet":"max-snippet:-1","max-image-preview":"max-image-preview:large","max-video-preview":"max-video-preview:-1"},"canonical":"https:\/\/www.demosmobilia.ch\/fr\/product\/suspension-en-cristal-bulle-ls178\/","og_locale":"fr_FR","og_type":"article","og_title":"Suspension en cristal bulle LS178 &#8211; Demosmobilia","og_description":"Carlo Nason \u2013 Ma\u00eetre du verre souffl\u00e9 et du design italien Carlo Nason (n\u00e9 en 1935 \u00e0 Murano, Venise) est un designer et verrier italien de renomm\u00e9e internationale, c\u00e9l\u00e8bre pour ses lampes en verre souffl\u00e9 qui allient l\u2019esth\u00e9tique moderniste \u00e0 l\u2019artisanat traditionnel de Murano. Issu d\u2019une famille historique de ma\u00eetres verriers, Nason a \u00e9t\u00e9 form\u00e9 d\u00e8s son plus jeune \u00e2ge aux techniques complexes du soufflage du verre et a rapidement d\u00e9velopp\u00e9 un langage de design personnel, centr\u00e9 sur des formes g\u00e9om\u00e9triques \u00e9pur\u00e9es et une diffusion de lumi\u00e8re raffin\u00e9e. Dans les ann\u00e9es 1960, Nason s\u2019\u00e9loigne du style d\u00e9coratif familial pour se concentrer sur le design moderneRead More &rarr;","og_url":"https:\/\/www.demosmobilia.ch\/fr\/product\/suspension-en-cristal-bulle-ls178\/","og_site_name":"Demosmobilia","article_publisher":"https:\/\/www.facebook.com\/Demos-Mobilia-1137017453131445\/","og_image":[{"width":1200,"height":900,"url":"https:\/\/www.demosmobilia.ch\/wp-content\/uploads\/2026\/03\/carlo-nason-cristal-bubble-lamp-LS178-pendant-SpaceAge-1970-01A.jpg","type":"image\/jpeg"}],"twitter_card":"summary_large_image","twitter_misc":{"Dur\u00e9e de lecture estim\u00e9e":"1 minute"},"schema":{"@context":"https:\/\/schema.org","@graph":[{"@type":"WebPage","@id":"https:\/\/www.demosmobilia.ch\/fr\/product\/suspension-en-cristal-bulle-ls178\/","url":"https:\/\/www.demosmobilia.ch\/fr\/product\/suspension-en-cristal-bulle-ls178\/","name":"Suspension en cristal bulle LS178 &#8211; Demosmobilia","isPartOf":{"@id":"https:\/\/www.demosmobilia.ch\/fr\/#website"},"primaryImageOfPage":{"@id":"https:\/\/www.demosmobilia.ch\/fr\/product\/suspension-en-cristal-bulle-ls178\/#primaryimage"},"image":{"@id":"https:\/\/www.demosmobilia.ch\/fr\/product\/suspension-en-cristal-bulle-ls178\/#primaryimage"},"thumbnailUrl":"https:\/\/www.demosmobilia.ch\/wp-content\/uploads\/2026\/03\/carlo-nason-cristal-bubble-lamp-LS178-pendant-SpaceAge-1970-01A.jpg","datePublished":"2026-03-28T07:30:02+00:00","dateModified":"2026-03-28T07:30:02+00:00","breadcrumb":{"@id":"https:\/\/www.demosmobilia.ch\/fr\/product\/suspension-en-cristal-bulle-ls178\/#breadcrumb"},"inLanguage":"fr-FR","potentialAction":[{"@type":"ReadAction","target":["https:\/\/www.demosmobilia.ch\/fr\/product\/suspension-en-cristal-bulle-ls178\/"]}]},{"@type":"ImageObject","inLanguage":"fr-FR","@id":"https:\/\/www.demosmobilia.ch\/fr\/product\/suspension-en-cristal-bulle-ls178\/#primaryimage","url":"https:\/\/www.demosmobilia.ch\/wp-content\/uploads\/2026\/03\/carlo-nason-cristal-bubble-lamp-LS178-pendant-SpaceAge-1970-01A.jpg","contentUrl":"https:\/\/www.demosmobilia.ch\/wp-content\/uploads\/2026\/03\/carlo-nason-cristal-bubble-lamp-LS178-pendant-SpaceAge-1970-01A.jpg","width":1200,"height":900},{"@type":"BreadcrumbList","@id":"https:\/\/www.demosmobilia.ch\/fr\/product\/suspension-en-cristal-bulle-ls178\/#breadcrumb","itemListElement":[{"@type":"ListItem","position":1,"name":"Home","item":"https:\/\/www.demosmobilia.ch\/fr\/"},{"@type":"ListItem","position":2,"name":"Produits","item":"https:\/\/www.demosmobilia.ch\/fr\/shop\/"},{"@type":"ListItem","position":3,"name":"Suspension en cristal bulle LS178"}]},{"@type":"WebSite","@id":"https:\/\/www.demosmobilia.ch\/fr\/#website","url":"https:\/\/www.demosmobilia.ch\/fr\/","name":"Demosmobilia","description":"Vintage Mid Century Modern Design Furniture from the &#039;30s to the &#039;80s","publisher":{"@id":"https:\/\/www.demosmobilia.ch\/fr\/#organization"},"potentialAction":[{"@type":"SearchAction","target":{"@type":"EntryPoint","urlTemplate":"https:\/\/www.demosmobilia.ch\/fr\/?s={search_term_string}"},"query-input":{"@type":"PropertyValueSpecification","valueRequired":true,"valueName":"search_term_string"}}],"inLanguage":"fr-FR"},{"@type":"Organization","@id":"https:\/\/www.demosmobilia.ch\/fr\/#organization","name":"demosmobilia","url":"https:\/\/www.demosmobilia.ch\/fr\/","logo":{"@type":"ImageObject","inLanguage":"fr-FR","@id":"https:\/\/www.demosmobilia.ch\/fr\/#\/schema\/logo\/image\/","url":"https:\/\/www.demosmobilia.ch\/wp-content\/uploads\/2020\/07\/demosmobilia-logo-2020-230-160.png","contentUrl":"https:\/\/www.demosmobilia.ch\/wp-content\/uploads\/2020\/07\/demosmobilia-logo-2020-230-160.png","width":230,"height":160,"caption":"demosmobilia"},"image":{"@id":"https:\/\/www.demosmobilia.ch\/fr\/#\/schema\/logo\/image\/"},"sameAs":["https:\/\/www.facebook.com\/Demos-Mobilia-1137017453131445\/","https:\/\/www.instagram.com\/demosmobilia\/"]}]}},"_links":{"self":[{"href":"https:\/\/www.demosmobilia.ch\/fr\/wp-json\/wp\/v2\/product\/86743","targetHints":{"allow":["GET"]}}],"collection":[{"href":"https:\/\/www.demosmobilia.ch\/fr\/wp-json\/wp\/v2\/product"}],"about":[{"href":"https:\/\/www.demosmobilia.ch\/fr\/wp-json\/wp\/v2\/types\/product"}],"wp:featuredmedia":[{"embeddable":true,"href":"https:\/\/www.demosmobilia.ch\/fr\/wp-json\/wp\/v2\/media\/86715"}],"wp:attachment":[{"href":"https:\/\/www.demosmobilia.ch\/fr\/wp-json\/wp\/v2\/media?parent=86743"}],"wp:term":[{"taxonomy":"product_cat","embeddable":true,"href":"https:\/\/www.demosmobilia.ch\/fr\/wp-json\/wp\/v2\/product_cat?post=86743"},{"taxonomy":"product_tag","embeddable":true,"href":"https:\/\/www.demosmobilia.ch\/fr\/wp-json\/wp\/v2\/product_tag?post=86743"}],"curies":[{"name":"wp","href":"https:\/\/api.w.org\/{rel}","templated":true}]}}