{"id":86709,"date":"2026-04-01T08:45:18","date_gmt":"2026-04-01T06:45:18","guid":{"rendered":"https:\/\/www.demosmobilia.ch\/product\/chaise-et-tabouret-modele-basket\/"},"modified":"2026-03-28T08:45:18","modified_gmt":"2026-03-28T07:45:18","slug":"chaise-et-tabouret-modele-basket","status":"publish","type":"product","link":"https:\/\/www.demosmobilia.ch\/fr\/product\/chaise-et-tabouret-modele-basket\/","title":{"rendered":"Chaise et tabouret mod\u00e8le Basket"},"content":{"rendered":"<p>Gianfranco Legler \u2013 Designer suisse\u2011italien embl\u00e9matique du mobilier moderne du XXe si\u00e8cle<br \/>\nGian Franco Legler (1922\u20132007) \u00e9tait un designer industriel suisse\u2011italien reconnu pour ses contributions majeures au design moderne du mobilier d\u2019apr\u00e8s-guerre. Form\u00e9 en architecture \u00e0 Zurich et sp\u00e9cialis\u00e9 en design industriel aux \u00c9tats-Unis, Legler a d\u00e9velopp\u00e9 un langage de design alliant simplicit\u00e9, fonctionnalit\u00e9 et ma\u00eetrise des mat\u00e9riaux. Il est particuli\u00e8rement c\u00e9l\u00e8bre pour ses chaises iconiques qui combinent esth\u00e9tique \u00e9pur\u00e9e et confort quotidien.   <\/p>\n<p>Bonacina \u2013 Tradition artisanale et excellence du mobilier italien<br \/>Bonacina 1889 est une entreprise italienne renomm\u00e9e, fond\u00e9e en 1889 \u00e0 Lurago d\u2019Erba, pr\u00e8s du lac de C\u00f4me. La marque est r\u00e9put\u00e9e pour son savoir-faire dans le travail du rotin et de l\u2019osier et a collabor\u00e9 avec de nombreux designers de renom au XXe si\u00e8cle. L\u2019atelier Bonacina combine techniques artisanales traditionnelles et design moderne, produisant un mobilier intemporel et \u00e9l\u00e9gant.   <\/p>\n<p>La chaise Basket \u2013 Ic\u00f4ne du design du milieu du XXe si\u00e8cle<br \/>La chaise Basket de Gian Franco Legler est un exemple embl\u00e9matique du design italien d\u2019apr\u00e8s-guerre. Con\u00e7ue en 1951 pour un restaurant italien et produite par Bonacina, cette chaise empilable se distingue par sa structure l\u00e9g\u00e8re en m\u00e9tal et son assise et dossier en rotin tress\u00e9 \u00e0 la main. La chaise Basket a re\u00e7u le prestigieux Good Design Award du Museum of Modern Art (MoMA) de New York en 1953, confirmant son statut d\u2019ic\u00f4ne du design moderne, id\u00e9ale pour les int\u00e9rieurs r\u00e9sidentiels et les espaces professionnels contemporains.<\/p>\n","protected":false},"excerpt":{"rendered":"<p>Gianfranco Legler \u2013 Designer suisse\u2011italien embl\u00e9matique du mobilier moderne du XXe si\u00e8cle Gian Franco Legler (1922\u20132007) \u00e9tait un designer industriel suisse\u2011italien reconnu pour ses contributions majeures au design moderne du mobilier d\u2019apr\u00e8s-guerre. Form\u00e9 en architecture \u00e0 Zurich et sp\u00e9cialis\u00e9 en design industriel aux \u00c9tats-Unis, Legler a d\u00e9velopp\u00e9 un langage de design alliant simplicit\u00e9, fonctionnalit\u00e9 et ma\u00eetrise des mat\u00e9riaux. Il est particuli\u00e8rement c\u00e9l\u00e8bre pour ses chaises iconiques qui combinent esth\u00e9tique \u00e9pur\u00e9e et confort quotidien. Bonacina \u2013 Tradition artisanale et excellence du mobilier italienBonacina 1889 est une entreprise italienne renomm\u00e9e, fond\u00e9e en 1889 \u00e0 Lurago d\u2019Erba, pr\u00e8s du lac de C\u00f4me. La marque est r\u00e9put\u00e9e pour son<a class=\"more-link\" href=\"https:\/\/www.demosmobilia.ch\/fr\/product\/chaise-et-tabouret-modele-basket\/\">Read More &rarr;<\/a><\/p>\n","protected":false},"featured_media":86665,"template":"","meta":{"_monsterinsights_skip_tracking":false,"_monsterinsights_sitenote_active":false,"_monsterinsights_sitenote_note":"","_monsterinsights_sitenote_category":0,"kk_blocks_editor_width":"","_kiokenblocks_attr":"","_kiokenblocks_dimensions":""},"product_cat":[4266,4071,4268],"product_tag":[12554],"class_list":{"0":"entry","1":"author-demosmobilia","2":"post-86709","3":"product","4":"type-product","5":"status-publish","6":"has-post-thumbnail","7":"product_production-bonacina","8":"product_year-2400","9":"product_nation-italie-fr","10":"product_cat-chaises-fr","11":"product_cat-nouveautes","12":"product_cat-tabourets","13":"product_tag-legler-gianfranco-fr","14":"pa_product_dimension-chaise-66-x-60-x-hauteur-dassise-44-x-hauteur-totale-77-cm-tabouret-48-x-35-x-hauteur-dassise-40-x-hauteur-totale-44-cm","15":"pa_product_material-tiges-metalliques-emaillees-rotin-tresse","17":"first","18":"outofstock","19":"shipping-taxable","20":"purchasable","21":"product-type-simple"},"yoast_head":"<!-- This site is optimized with the Yoast SEO plugin v24.0 - https:\/\/yoast.com\/wordpress\/plugins\/seo\/ -->\n<title>Chaise et tabouret mod\u00e8le Basket &#8211; Demosmobilia<\/title>\n<meta name=\"robots\" content=\"index, follow, max-snippet:-1, max-image-preview:large, max-video-preview:-1\" \/>\n<link rel=\"canonical\" href=\"https:\/\/www.demosmobilia.ch\/fr\/product\/chaise-et-tabouret-modele-basket\/\" \/>\n<meta property=\"og:locale\" content=\"fr_FR\" \/>\n<meta property=\"og:type\" content=\"article\" \/>\n<meta property=\"og:title\" content=\"Chaise et tabouret mod\u00e8le Basket &#8211; Demosmobilia\" \/>\n<meta property=\"og:description\" content=\"Gianfranco Legler \u2013 Designer suisse\u2011italien embl\u00e9matique du mobilier moderne du XXe si\u00e8cle Gian Franco Legler (1922\u20132007) \u00e9tait un designer industriel suisse\u2011italien reconnu pour ses contributions majeures au design moderne du mobilier d\u2019apr\u00e8s-guerre. Form\u00e9 en architecture \u00e0 Zurich et sp\u00e9cialis\u00e9 en design industriel aux \u00c9tats-Unis, Legler a d\u00e9velopp\u00e9 un langage de design alliant simplicit\u00e9, fonctionnalit\u00e9 et ma\u00eetrise des mat\u00e9riaux. Il est particuli\u00e8rement c\u00e9l\u00e8bre pour ses chaises iconiques qui combinent esth\u00e9tique \u00e9pur\u00e9e et confort quotidien. Bonacina \u2013 Tradition artisanale et excellence du mobilier italienBonacina 1889 est une entreprise italienne renomm\u00e9e, fond\u00e9e en 1889 \u00e0 Lurago d\u2019Erba, pr\u00e8s du lac de C\u00f4me. La marque est r\u00e9put\u00e9e pour sonRead More &rarr;\" \/>\n<meta property=\"og:url\" content=\"https:\/\/www.demosmobilia.ch\/fr\/product\/chaise-et-tabouret-modele-basket\/\" \/>\n<meta property=\"og:site_name\" content=\"Demosmobilia\" \/>\n<meta property=\"article:publisher\" content=\"https:\/\/www.facebook.com\/Demos-Mobilia-1137017453131445\/\" \/>\n<meta property=\"article:modified_time\" content=\"2026-03-28T07:45:18+00:00\" \/>\n<meta property=\"og:image\" content=\"https:\/\/www.demosmobilia.ch\/wp-content\/uploads\/2026\/03\/bonacina-basket-chair-stool-gianfranco-legler-1952-italian-design-01.jpg\" \/>\n\t<meta property=\"og:image:width\" content=\"1200\" \/>\n\t<meta property=\"og:image:height\" content=\"900\" \/>\n\t<meta property=\"og:image:type\" content=\"image\/jpeg\" \/>\n<meta name=\"twitter:card\" content=\"summary_large_image\" \/>\n<meta name=\"twitter:label1\" content=\"Dur\u00e9e de lecture estim\u00e9e\" \/>\n\t<meta name=\"twitter:data1\" content=\"1 minute\" \/>\n<script type=\"application\/ld+json\" class=\"yoast-schema-graph\">{\"@context\":\"https:\/\/schema.org\",\"@graph\":[{\"@type\":\"WebPage\",\"@id\":\"https:\/\/www.demosmobilia.ch\/fr\/product\/chaise-et-tabouret-modele-basket\/\",\"url\":\"https:\/\/www.demosmobilia.ch\/fr\/product\/chaise-et-tabouret-modele-basket\/\",\"name\":\"Chaise et tabouret mod\u00e8le Basket &#8211; Demosmobilia\",\"isPartOf\":{\"@id\":\"https:\/\/www.demosmobilia.ch\/fr\/#website\"},\"primaryImageOfPage\":{\"@id\":\"https:\/\/www.demosmobilia.ch\/fr\/product\/chaise-et-tabouret-modele-basket\/#primaryimage\"},\"image\":{\"@id\":\"https:\/\/www.demosmobilia.ch\/fr\/product\/chaise-et-tabouret-modele-basket\/#primaryimage\"},\"thumbnailUrl\":\"https:\/\/www.demosmobilia.ch\/wp-content\/uploads\/2026\/03\/bonacina-basket-chair-stool-gianfranco-legler-1952-italian-design-01.jpg\",\"datePublished\":\"2026-04-01T06:45:18+00:00\",\"dateModified\":\"2026-03-28T07:45:18+00:00\",\"breadcrumb\":{\"@id\":\"https:\/\/www.demosmobilia.ch\/fr\/product\/chaise-et-tabouret-modele-basket\/#breadcrumb\"},\"inLanguage\":\"fr-FR\",\"potentialAction\":[{\"@type\":\"ReadAction\",\"target\":[\"https:\/\/www.demosmobilia.ch\/fr\/product\/chaise-et-tabouret-modele-basket\/\"]}]},{\"@type\":\"ImageObject\",\"inLanguage\":\"fr-FR\",\"@id\":\"https:\/\/www.demosmobilia.ch\/fr\/product\/chaise-et-tabouret-modele-basket\/#primaryimage\",\"url\":\"https:\/\/www.demosmobilia.ch\/wp-content\/uploads\/2026\/03\/bonacina-basket-chair-stool-gianfranco-legler-1952-italian-design-01.jpg\",\"contentUrl\":\"https:\/\/www.demosmobilia.ch\/wp-content\/uploads\/2026\/03\/bonacina-basket-chair-stool-gianfranco-legler-1952-italian-design-01.jpg\",\"width\":1200,\"height\":900},{\"@type\":\"BreadcrumbList\",\"@id\":\"https:\/\/www.demosmobilia.ch\/fr\/product\/chaise-et-tabouret-modele-basket\/#breadcrumb\",\"itemListElement\":[{\"@type\":\"ListItem\",\"position\":1,\"name\":\"Home\",\"item\":\"https:\/\/www.demosmobilia.ch\/fr\/\"},{\"@type\":\"ListItem\",\"position\":2,\"name\":\"Produits\",\"item\":\"https:\/\/www.demosmobilia.ch\/fr\/shop\/\"},{\"@type\":\"ListItem\",\"position\":3,\"name\":\"Chaise et tabouret mod\u00e8le Basket\"}]},{\"@type\":\"WebSite\",\"@id\":\"https:\/\/www.demosmobilia.ch\/fr\/#website\",\"url\":\"https:\/\/www.demosmobilia.ch\/fr\/\",\"name\":\"Demosmobilia\",\"description\":\"Vintage Mid Century Modern Design Furniture from the &#039;30s to the &#039;80s\",\"publisher\":{\"@id\":\"https:\/\/www.demosmobilia.ch\/fr\/#organization\"},\"potentialAction\":[{\"@type\":\"SearchAction\",\"target\":{\"@type\":\"EntryPoint\",\"urlTemplate\":\"https:\/\/www.demosmobilia.ch\/fr\/?s={search_term_string}\"},\"query-input\":{\"@type\":\"PropertyValueSpecification\",\"valueRequired\":true,\"valueName\":\"search_term_string\"}}],\"inLanguage\":\"fr-FR\"},{\"@type\":\"Organization\",\"@id\":\"https:\/\/www.demosmobilia.ch\/fr\/#organization\",\"name\":\"demosmobilia\",\"url\":\"https:\/\/www.demosmobilia.ch\/fr\/\",\"logo\":{\"@type\":\"ImageObject\",\"inLanguage\":\"fr-FR\",\"@id\":\"https:\/\/www.demosmobilia.ch\/fr\/#\/schema\/logo\/image\/\",\"url\":\"https:\/\/www.demosmobilia.ch\/wp-content\/uploads\/2020\/07\/demosmobilia-logo-2020-230-160.png\",\"contentUrl\":\"https:\/\/www.demosmobilia.ch\/wp-content\/uploads\/2020\/07\/demosmobilia-logo-2020-230-160.png\",\"width\":230,\"height\":160,\"caption\":\"demosmobilia\"},\"image\":{\"@id\":\"https:\/\/www.demosmobilia.ch\/fr\/#\/schema\/logo\/image\/\"},\"sameAs\":[\"https:\/\/www.facebook.com\/Demos-Mobilia-1137017453131445\/\",\"https:\/\/www.instagram.com\/demosmobilia\/\"]}]}<\/script>\n<!-- \/ Yoast SEO plugin. -->","yoast_head_json":{"title":"Chaise et tabouret mod\u00e8le Basket &#8211; Demosmobilia","robots":{"index":"index","follow":"follow","max-snippet":"max-snippet:-1","max-image-preview":"max-image-preview:large","max-video-preview":"max-video-preview:-1"},"canonical":"https:\/\/www.demosmobilia.ch\/fr\/product\/chaise-et-tabouret-modele-basket\/","og_locale":"fr_FR","og_type":"article","og_title":"Chaise et tabouret mod\u00e8le Basket &#8211; Demosmobilia","og_description":"Gianfranco Legler \u2013 Designer suisse\u2011italien embl\u00e9matique du mobilier moderne du XXe si\u00e8cle Gian Franco Legler (1922\u20132007) \u00e9tait un designer industriel suisse\u2011italien reconnu pour ses contributions majeures au design moderne du mobilier d\u2019apr\u00e8s-guerre. Form\u00e9 en architecture \u00e0 Zurich et sp\u00e9cialis\u00e9 en design industriel aux \u00c9tats-Unis, Legler a d\u00e9velopp\u00e9 un langage de design alliant simplicit\u00e9, fonctionnalit\u00e9 et ma\u00eetrise des mat\u00e9riaux. Il est particuli\u00e8rement c\u00e9l\u00e8bre pour ses chaises iconiques qui combinent esth\u00e9tique \u00e9pur\u00e9e et confort quotidien. Bonacina \u2013 Tradition artisanale et excellence du mobilier italienBonacina 1889 est une entreprise italienne renomm\u00e9e, fond\u00e9e en 1889 \u00e0 Lurago d\u2019Erba, pr\u00e8s du lac de C\u00f4me. La marque est r\u00e9put\u00e9e pour sonRead More &rarr;","og_url":"https:\/\/www.demosmobilia.ch\/fr\/product\/chaise-et-tabouret-modele-basket\/","og_site_name":"Demosmobilia","article_publisher":"https:\/\/www.facebook.com\/Demos-Mobilia-1137017453131445\/","article_modified_time":"2026-03-28T07:45:18+00:00","og_image":[{"width":1200,"height":900,"url":"https:\/\/www.demosmobilia.ch\/wp-content\/uploads\/2026\/03\/bonacina-basket-chair-stool-gianfranco-legler-1952-italian-design-01.jpg","type":"image\/jpeg"}],"twitter_card":"summary_large_image","twitter_misc":{"Dur\u00e9e de lecture estim\u00e9e":"1 minute"},"schema":{"@context":"https:\/\/schema.org","@graph":[{"@type":"WebPage","@id":"https:\/\/www.demosmobilia.ch\/fr\/product\/chaise-et-tabouret-modele-basket\/","url":"https:\/\/www.demosmobilia.ch\/fr\/product\/chaise-et-tabouret-modele-basket\/","name":"Chaise et tabouret mod\u00e8le Basket &#8211; Demosmobilia","isPartOf":{"@id":"https:\/\/www.demosmobilia.ch\/fr\/#website"},"primaryImageOfPage":{"@id":"https:\/\/www.demosmobilia.ch\/fr\/product\/chaise-et-tabouret-modele-basket\/#primaryimage"},"image":{"@id":"https:\/\/www.demosmobilia.ch\/fr\/product\/chaise-et-tabouret-modele-basket\/#primaryimage"},"thumbnailUrl":"https:\/\/www.demosmobilia.ch\/wp-content\/uploads\/2026\/03\/bonacina-basket-chair-stool-gianfranco-legler-1952-italian-design-01.jpg","datePublished":"2026-04-01T06:45:18+00:00","dateModified":"2026-03-28T07:45:18+00:00","breadcrumb":{"@id":"https:\/\/www.demosmobilia.ch\/fr\/product\/chaise-et-tabouret-modele-basket\/#breadcrumb"},"inLanguage":"fr-FR","potentialAction":[{"@type":"ReadAction","target":["https:\/\/www.demosmobilia.ch\/fr\/product\/chaise-et-tabouret-modele-basket\/"]}]},{"@type":"ImageObject","inLanguage":"fr-FR","@id":"https:\/\/www.demosmobilia.ch\/fr\/product\/chaise-et-tabouret-modele-basket\/#primaryimage","url":"https:\/\/www.demosmobilia.ch\/wp-content\/uploads\/2026\/03\/bonacina-basket-chair-stool-gianfranco-legler-1952-italian-design-01.jpg","contentUrl":"https:\/\/www.demosmobilia.ch\/wp-content\/uploads\/2026\/03\/bonacina-basket-chair-stool-gianfranco-legler-1952-italian-design-01.jpg","width":1200,"height":900},{"@type":"BreadcrumbList","@id":"https:\/\/www.demosmobilia.ch\/fr\/product\/chaise-et-tabouret-modele-basket\/#breadcrumb","itemListElement":[{"@type":"ListItem","position":1,"name":"Home","item":"https:\/\/www.demosmobilia.ch\/fr\/"},{"@type":"ListItem","position":2,"name":"Produits","item":"https:\/\/www.demosmobilia.ch\/fr\/shop\/"},{"@type":"ListItem","position":3,"name":"Chaise et tabouret mod\u00e8le Basket"}]},{"@type":"WebSite","@id":"https:\/\/www.demosmobilia.ch\/fr\/#website","url":"https:\/\/www.demosmobilia.ch\/fr\/","name":"Demosmobilia","description":"Vintage Mid Century Modern Design Furniture from the &#039;30s to the &#039;80s","publisher":{"@id":"https:\/\/www.demosmobilia.ch\/fr\/#organization"},"potentialAction":[{"@type":"SearchAction","target":{"@type":"EntryPoint","urlTemplate":"https:\/\/www.demosmobilia.ch\/fr\/?s={search_term_string}"},"query-input":{"@type":"PropertyValueSpecification","valueRequired":true,"valueName":"search_term_string"}}],"inLanguage":"fr-FR"},{"@type":"Organization","@id":"https:\/\/www.demosmobilia.ch\/fr\/#organization","name":"demosmobilia","url":"https:\/\/www.demosmobilia.ch\/fr\/","logo":{"@type":"ImageObject","inLanguage":"fr-FR","@id":"https:\/\/www.demosmobilia.ch\/fr\/#\/schema\/logo\/image\/","url":"https:\/\/www.demosmobilia.ch\/wp-content\/uploads\/2020\/07\/demosmobilia-logo-2020-230-160.png","contentUrl":"https:\/\/www.demosmobilia.ch\/wp-content\/uploads\/2020\/07\/demosmobilia-logo-2020-230-160.png","width":230,"height":160,"caption":"demosmobilia"},"image":{"@id":"https:\/\/www.demosmobilia.ch\/fr\/#\/schema\/logo\/image\/"},"sameAs":["https:\/\/www.facebook.com\/Demos-Mobilia-1137017453131445\/","https:\/\/www.instagram.com\/demosmobilia\/"]}]}},"_links":{"self":[{"href":"https:\/\/www.demosmobilia.ch\/fr\/wp-json\/wp\/v2\/product\/86709","targetHints":{"allow":["GET"]}}],"collection":[{"href":"https:\/\/www.demosmobilia.ch\/fr\/wp-json\/wp\/v2\/product"}],"about":[{"href":"https:\/\/www.demosmobilia.ch\/fr\/wp-json\/wp\/v2\/types\/product"}],"wp:featuredmedia":[{"embeddable":true,"href":"https:\/\/www.demosmobilia.ch\/fr\/wp-json\/wp\/v2\/media\/86665"}],"wp:attachment":[{"href":"https:\/\/www.demosmobilia.ch\/fr\/wp-json\/wp\/v2\/media?parent=86709"}],"wp:term":[{"taxonomy":"product_cat","embeddable":true,"href":"https:\/\/www.demosmobilia.ch\/fr\/wp-json\/wp\/v2\/product_cat?post=86709"},{"taxonomy":"product_tag","embeddable":true,"href":"https:\/\/www.demosmobilia.ch\/fr\/wp-json\/wp\/v2\/product_tag?post=86709"}],"curies":[{"name":"wp","href":"https:\/\/api.w.org\/{rel}","templated":true}]}}