{"id":86572,"date":"2026-03-28T09:30:37","date_gmt":"2026-03-28T08:30:37","guid":{"rendered":"https:\/\/www.demosmobilia.ch\/product\/porte-manteaux-mural-modele-1801\/"},"modified":"2026-03-28T09:30:37","modified_gmt":"2026-03-28T08:30:37","slug":"porte-manteaux-mural-modele-1801","status":"publish","type":"product","link":"https:\/\/www.demosmobilia.ch\/fr\/product\/porte-manteaux-mural-modele-1801\/","title":{"rendered":"Porte-manteaux mural, mod\u00e8le 1801"},"content":{"rendered":"<p>Ico Parisi : une ic\u00f4ne du design italien du XXe si\u00e8cle<br \/>\nIco Parisi (1916-1996) \u00e9tait un designer et architecte italien novateur, reconnu internationalement pour son approche cr\u00e9ative et exp\u00e9rimentale du design d&rsquo;int\u00e9rieur et du mobilier. De formation en architecture, Parisi a toujours su allier fonctionnalit\u00e9, \u00e9l\u00e9gance et expression artistique, transformant des objets du quotidien en pi\u00e8ces de design embl\u00e9matiques. <\/p>\n<p>Style et approche<br \/>\nParisi int\u00e8gre harmonieusement l&rsquo;art, l&rsquo;architecture et le design industriel dans chacun de ses projets. Ses cr\u00e9ations sont r\u00e9put\u00e9es pour leurs lignes fluides, leurs mat\u00e9riaux innovants et leur souci minutieux du d\u00e9tail, anticipant les tendances et fa\u00e7onnant le design italien d&rsquo;apr\u00e8s-guerre. Chaque pi\u00e8ce allie une esth\u00e9tique raffin\u00e9e \u00e0 une fonctionnalit\u00e9 pratique, ce qui rend son \u0153uvre tr\u00e8s recherch\u00e9e par les collectionneurs et les passionn\u00e9s de design.  <\/p>\n<p>Collaboration avec Stildomus Selezione<br \/>\nIco Parisi a collabor\u00e9 avec Stildomus Selezione, concevant des meubles et des accessoires pour la maison qui allient innovation et savoir-faire italien. Gr\u00e2ce \u00e0 ce partenariat, Parisi a produit des objets uniques et contemporains, consolidant ainsi sa r\u00e9putation comme l&rsquo;un des designers italiens les plus influents du milieu du si\u00e8cle.<\/p>\n","protected":false},"excerpt":{"rendered":"<p>Ico Parisi : une ic\u00f4ne du design italien du XXe si\u00e8cle Ico Parisi (1916-1996) \u00e9tait un designer et architecte italien novateur, reconnu internationalement pour son approche cr\u00e9ative et exp\u00e9rimentale du design d&rsquo;int\u00e9rieur et du mobilier. De formation en architecture, Parisi a toujours su allier fonctionnalit\u00e9, \u00e9l\u00e9gance et expression artistique, transformant des objets du quotidien en pi\u00e8ces de design embl\u00e9matiques. Style et approche Parisi int\u00e8gre harmonieusement l&rsquo;art, l&rsquo;architecture et le design industriel dans chacun de ses projets. Ses cr\u00e9ations sont r\u00e9put\u00e9es pour leurs lignes fluides, leurs mat\u00e9riaux innovants et leur souci minutieux du d\u00e9tail, anticipant les tendances et fa\u00e7onnant le design italien d&rsquo;apr\u00e8s-guerre. Chaque pi\u00e8ce allie<a class=\"more-link\" href=\"https:\/\/www.demosmobilia.ch\/fr\/product\/porte-manteaux-mural-modele-1801\/\">Read More &rarr;<\/a><\/p>\n","protected":false},"featured_media":86545,"template":"","meta":{"_monsterinsights_skip_tracking":false,"_monsterinsights_sitenote_active":false,"_monsterinsights_sitenote_note":"","_monsterinsights_sitenote_category":0,"kk_blocks_editor_width":"","_kiokenblocks_attr":"","_kiokenblocks_dimensions":""},"product_cat":[4071,4254],"product_tag":[7097],"class_list":{"0":"entry","1":"author-demosmobilia","2":"post-86572","3":"product","4":"type-product","5":"status-publish","6":"has-post-thumbnail","7":"product_production-stildomus-selezione","8":"product_year-3360","9":"product_nation-italie-fr","10":"product_cat-nouveautes","11":"product_cat-porte-manteaux","12":"product_tag-ico-parisi-fr","13":"pa_product_dimension-84-x-6-x-ht-12-cm","14":"pa_product_material-bois-de-rose-cuir-laiton-nickele","16":"first","17":"instock","18":"shipping-taxable","19":"purchasable","20":"product-type-simple"},"yoast_head":"<!-- This site is optimized with the Yoast SEO plugin v24.0 - https:\/\/yoast.com\/wordpress\/plugins\/seo\/ -->\n<title>Porte-manteaux mural, mod\u00e8le 1801 &#8211; Demosmobilia<\/title>\n<meta name=\"robots\" content=\"index, follow, max-snippet:-1, max-image-preview:large, max-video-preview:-1\" \/>\n<link rel=\"canonical\" href=\"https:\/\/www.demosmobilia.ch\/fr\/product\/porte-manteaux-mural-modele-1801\/\" \/>\n<meta property=\"og:locale\" content=\"fr_FR\" \/>\n<meta property=\"og:type\" content=\"article\" \/>\n<meta property=\"og:title\" content=\"Porte-manteaux mural, mod\u00e8le 1801 &#8211; Demosmobilia\" \/>\n<meta property=\"og:description\" content=\"Ico Parisi : une ic\u00f4ne du design italien du XXe si\u00e8cle Ico Parisi (1916-1996) \u00e9tait un designer et architecte italien novateur, reconnu internationalement pour son approche cr\u00e9ative et exp\u00e9rimentale du design d&rsquo;int\u00e9rieur et du mobilier. De formation en architecture, Parisi a toujours su allier fonctionnalit\u00e9, \u00e9l\u00e9gance et expression artistique, transformant des objets du quotidien en pi\u00e8ces de design embl\u00e9matiques. Style et approche Parisi int\u00e8gre harmonieusement l&rsquo;art, l&rsquo;architecture et le design industriel dans chacun de ses projets. Ses cr\u00e9ations sont r\u00e9put\u00e9es pour leurs lignes fluides, leurs mat\u00e9riaux innovants et leur souci minutieux du d\u00e9tail, anticipant les tendances et fa\u00e7onnant le design italien d&rsquo;apr\u00e8s-guerre. Chaque pi\u00e8ce allieRead More &rarr;\" \/>\n<meta property=\"og:url\" content=\"https:\/\/www.demosmobilia.ch\/fr\/product\/porte-manteaux-mural-modele-1801\/\" \/>\n<meta property=\"og:site_name\" content=\"Demosmobilia\" \/>\n<meta property=\"article:publisher\" content=\"https:\/\/www.facebook.com\/Demos-Mobilia-1137017453131445\/\" \/>\n<meta property=\"og:image\" content=\"https:\/\/www.demosmobilia.ch\/wp-content\/uploads\/2026\/03\/ico-parisi-stildomus-selezione-1960-suspended-coat-rack-1960-italian-design-01.jpg\" \/>\n\t<meta property=\"og:image:width\" content=\"1200\" \/>\n\t<meta property=\"og:image:height\" content=\"900\" \/>\n\t<meta property=\"og:image:type\" content=\"image\/jpeg\" \/>\n<meta name=\"twitter:card\" content=\"summary_large_image\" \/>\n<meta name=\"twitter:label1\" content=\"Dur\u00e9e de lecture estim\u00e9e\" \/>\n\t<meta name=\"twitter:data1\" content=\"1 minute\" \/>\n<script type=\"application\/ld+json\" class=\"yoast-schema-graph\">{\"@context\":\"https:\/\/schema.org\",\"@graph\":[{\"@type\":\"WebPage\",\"@id\":\"https:\/\/www.demosmobilia.ch\/fr\/product\/porte-manteaux-mural-modele-1801\/\",\"url\":\"https:\/\/www.demosmobilia.ch\/fr\/product\/porte-manteaux-mural-modele-1801\/\",\"name\":\"Porte-manteaux mural, mod\u00e8le 1801 &#8211; Demosmobilia\",\"isPartOf\":{\"@id\":\"https:\/\/www.demosmobilia.ch\/fr\/#website\"},\"primaryImageOfPage\":{\"@id\":\"https:\/\/www.demosmobilia.ch\/fr\/product\/porte-manteaux-mural-modele-1801\/#primaryimage\"},\"image\":{\"@id\":\"https:\/\/www.demosmobilia.ch\/fr\/product\/porte-manteaux-mural-modele-1801\/#primaryimage\"},\"thumbnailUrl\":\"https:\/\/www.demosmobilia.ch\/wp-content\/uploads\/2026\/03\/ico-parisi-stildomus-selezione-1960-suspended-coat-rack-1960-italian-design-01.jpg\",\"datePublished\":\"2026-03-28T08:30:37+00:00\",\"dateModified\":\"2026-03-28T08:30:37+00:00\",\"breadcrumb\":{\"@id\":\"https:\/\/www.demosmobilia.ch\/fr\/product\/porte-manteaux-mural-modele-1801\/#breadcrumb\"},\"inLanguage\":\"fr-FR\",\"potentialAction\":[{\"@type\":\"ReadAction\",\"target\":[\"https:\/\/www.demosmobilia.ch\/fr\/product\/porte-manteaux-mural-modele-1801\/\"]}]},{\"@type\":\"ImageObject\",\"inLanguage\":\"fr-FR\",\"@id\":\"https:\/\/www.demosmobilia.ch\/fr\/product\/porte-manteaux-mural-modele-1801\/#primaryimage\",\"url\":\"https:\/\/www.demosmobilia.ch\/wp-content\/uploads\/2026\/03\/ico-parisi-stildomus-selezione-1960-suspended-coat-rack-1960-italian-design-01.jpg\",\"contentUrl\":\"https:\/\/www.demosmobilia.ch\/wp-content\/uploads\/2026\/03\/ico-parisi-stildomus-selezione-1960-suspended-coat-rack-1960-italian-design-01.jpg\",\"width\":1200,\"height\":900},{\"@type\":\"BreadcrumbList\",\"@id\":\"https:\/\/www.demosmobilia.ch\/fr\/product\/porte-manteaux-mural-modele-1801\/#breadcrumb\",\"itemListElement\":[{\"@type\":\"ListItem\",\"position\":1,\"name\":\"Home\",\"item\":\"https:\/\/www.demosmobilia.ch\/fr\/\"},{\"@type\":\"ListItem\",\"position\":2,\"name\":\"Produits\",\"item\":\"https:\/\/www.demosmobilia.ch\/fr\/shop\/\"},{\"@type\":\"ListItem\",\"position\":3,\"name\":\"Porte-manteaux mural, mod\u00e8le 1801\"}]},{\"@type\":\"WebSite\",\"@id\":\"https:\/\/www.demosmobilia.ch\/fr\/#website\",\"url\":\"https:\/\/www.demosmobilia.ch\/fr\/\",\"name\":\"Demosmobilia\",\"description\":\"Vintage Mid Century Modern Design Furniture from the &#039;30s to the &#039;80s\",\"publisher\":{\"@id\":\"https:\/\/www.demosmobilia.ch\/fr\/#organization\"},\"potentialAction\":[{\"@type\":\"SearchAction\",\"target\":{\"@type\":\"EntryPoint\",\"urlTemplate\":\"https:\/\/www.demosmobilia.ch\/fr\/?s={search_term_string}\"},\"query-input\":{\"@type\":\"PropertyValueSpecification\",\"valueRequired\":true,\"valueName\":\"search_term_string\"}}],\"inLanguage\":\"fr-FR\"},{\"@type\":\"Organization\",\"@id\":\"https:\/\/www.demosmobilia.ch\/fr\/#organization\",\"name\":\"demosmobilia\",\"url\":\"https:\/\/www.demosmobilia.ch\/fr\/\",\"logo\":{\"@type\":\"ImageObject\",\"inLanguage\":\"fr-FR\",\"@id\":\"https:\/\/www.demosmobilia.ch\/fr\/#\/schema\/logo\/image\/\",\"url\":\"https:\/\/www.demosmobilia.ch\/wp-content\/uploads\/2020\/07\/demosmobilia-logo-2020-230-160.png\",\"contentUrl\":\"https:\/\/www.demosmobilia.ch\/wp-content\/uploads\/2020\/07\/demosmobilia-logo-2020-230-160.png\",\"width\":230,\"height\":160,\"caption\":\"demosmobilia\"},\"image\":{\"@id\":\"https:\/\/www.demosmobilia.ch\/fr\/#\/schema\/logo\/image\/\"},\"sameAs\":[\"https:\/\/www.facebook.com\/Demos-Mobilia-1137017453131445\/\",\"https:\/\/www.instagram.com\/demosmobilia\/\"]}]}<\/script>\n<!-- \/ Yoast SEO plugin. -->","yoast_head_json":{"title":"Porte-manteaux mural, mod\u00e8le 1801 &#8211; Demosmobilia","robots":{"index":"index","follow":"follow","max-snippet":"max-snippet:-1","max-image-preview":"max-image-preview:large","max-video-preview":"max-video-preview:-1"},"canonical":"https:\/\/www.demosmobilia.ch\/fr\/product\/porte-manteaux-mural-modele-1801\/","og_locale":"fr_FR","og_type":"article","og_title":"Porte-manteaux mural, mod\u00e8le 1801 &#8211; Demosmobilia","og_description":"Ico Parisi : une ic\u00f4ne du design italien du XXe si\u00e8cle Ico Parisi (1916-1996) \u00e9tait un designer et architecte italien novateur, reconnu internationalement pour son approche cr\u00e9ative et exp\u00e9rimentale du design d&rsquo;int\u00e9rieur et du mobilier. De formation en architecture, Parisi a toujours su allier fonctionnalit\u00e9, \u00e9l\u00e9gance et expression artistique, transformant des objets du quotidien en pi\u00e8ces de design embl\u00e9matiques. Style et approche Parisi int\u00e8gre harmonieusement l&rsquo;art, l&rsquo;architecture et le design industriel dans chacun de ses projets. Ses cr\u00e9ations sont r\u00e9put\u00e9es pour leurs lignes fluides, leurs mat\u00e9riaux innovants et leur souci minutieux du d\u00e9tail, anticipant les tendances et fa\u00e7onnant le design italien d&rsquo;apr\u00e8s-guerre. Chaque pi\u00e8ce allieRead More &rarr;","og_url":"https:\/\/www.demosmobilia.ch\/fr\/product\/porte-manteaux-mural-modele-1801\/","og_site_name":"Demosmobilia","article_publisher":"https:\/\/www.facebook.com\/Demos-Mobilia-1137017453131445\/","og_image":[{"width":1200,"height":900,"url":"https:\/\/www.demosmobilia.ch\/wp-content\/uploads\/2026\/03\/ico-parisi-stildomus-selezione-1960-suspended-coat-rack-1960-italian-design-01.jpg","type":"image\/jpeg"}],"twitter_card":"summary_large_image","twitter_misc":{"Dur\u00e9e de lecture estim\u00e9e":"1 minute"},"schema":{"@context":"https:\/\/schema.org","@graph":[{"@type":"WebPage","@id":"https:\/\/www.demosmobilia.ch\/fr\/product\/porte-manteaux-mural-modele-1801\/","url":"https:\/\/www.demosmobilia.ch\/fr\/product\/porte-manteaux-mural-modele-1801\/","name":"Porte-manteaux mural, mod\u00e8le 1801 &#8211; Demosmobilia","isPartOf":{"@id":"https:\/\/www.demosmobilia.ch\/fr\/#website"},"primaryImageOfPage":{"@id":"https:\/\/www.demosmobilia.ch\/fr\/product\/porte-manteaux-mural-modele-1801\/#primaryimage"},"image":{"@id":"https:\/\/www.demosmobilia.ch\/fr\/product\/porte-manteaux-mural-modele-1801\/#primaryimage"},"thumbnailUrl":"https:\/\/www.demosmobilia.ch\/wp-content\/uploads\/2026\/03\/ico-parisi-stildomus-selezione-1960-suspended-coat-rack-1960-italian-design-01.jpg","datePublished":"2026-03-28T08:30:37+00:00","dateModified":"2026-03-28T08:30:37+00:00","breadcrumb":{"@id":"https:\/\/www.demosmobilia.ch\/fr\/product\/porte-manteaux-mural-modele-1801\/#breadcrumb"},"inLanguage":"fr-FR","potentialAction":[{"@type":"ReadAction","target":["https:\/\/www.demosmobilia.ch\/fr\/product\/porte-manteaux-mural-modele-1801\/"]}]},{"@type":"ImageObject","inLanguage":"fr-FR","@id":"https:\/\/www.demosmobilia.ch\/fr\/product\/porte-manteaux-mural-modele-1801\/#primaryimage","url":"https:\/\/www.demosmobilia.ch\/wp-content\/uploads\/2026\/03\/ico-parisi-stildomus-selezione-1960-suspended-coat-rack-1960-italian-design-01.jpg","contentUrl":"https:\/\/www.demosmobilia.ch\/wp-content\/uploads\/2026\/03\/ico-parisi-stildomus-selezione-1960-suspended-coat-rack-1960-italian-design-01.jpg","width":1200,"height":900},{"@type":"BreadcrumbList","@id":"https:\/\/www.demosmobilia.ch\/fr\/product\/porte-manteaux-mural-modele-1801\/#breadcrumb","itemListElement":[{"@type":"ListItem","position":1,"name":"Home","item":"https:\/\/www.demosmobilia.ch\/fr\/"},{"@type":"ListItem","position":2,"name":"Produits","item":"https:\/\/www.demosmobilia.ch\/fr\/shop\/"},{"@type":"ListItem","position":3,"name":"Porte-manteaux mural, mod\u00e8le 1801"}]},{"@type":"WebSite","@id":"https:\/\/www.demosmobilia.ch\/fr\/#website","url":"https:\/\/www.demosmobilia.ch\/fr\/","name":"Demosmobilia","description":"Vintage Mid Century Modern Design Furniture from the &#039;30s to the &#039;80s","publisher":{"@id":"https:\/\/www.demosmobilia.ch\/fr\/#organization"},"potentialAction":[{"@type":"SearchAction","target":{"@type":"EntryPoint","urlTemplate":"https:\/\/www.demosmobilia.ch\/fr\/?s={search_term_string}"},"query-input":{"@type":"PropertyValueSpecification","valueRequired":true,"valueName":"search_term_string"}}],"inLanguage":"fr-FR"},{"@type":"Organization","@id":"https:\/\/www.demosmobilia.ch\/fr\/#organization","name":"demosmobilia","url":"https:\/\/www.demosmobilia.ch\/fr\/","logo":{"@type":"ImageObject","inLanguage":"fr-FR","@id":"https:\/\/www.demosmobilia.ch\/fr\/#\/schema\/logo\/image\/","url":"https:\/\/www.demosmobilia.ch\/wp-content\/uploads\/2020\/07\/demosmobilia-logo-2020-230-160.png","contentUrl":"https:\/\/www.demosmobilia.ch\/wp-content\/uploads\/2020\/07\/demosmobilia-logo-2020-230-160.png","width":230,"height":160,"caption":"demosmobilia"},"image":{"@id":"https:\/\/www.demosmobilia.ch\/fr\/#\/schema\/logo\/image\/"},"sameAs":["https:\/\/www.facebook.com\/Demos-Mobilia-1137017453131445\/","https:\/\/www.instagram.com\/demosmobilia\/"]}]}},"_links":{"self":[{"href":"https:\/\/www.demosmobilia.ch\/fr\/wp-json\/wp\/v2\/product\/86572","targetHints":{"allow":["GET"]}}],"collection":[{"href":"https:\/\/www.demosmobilia.ch\/fr\/wp-json\/wp\/v2\/product"}],"about":[{"href":"https:\/\/www.demosmobilia.ch\/fr\/wp-json\/wp\/v2\/types\/product"}],"wp:featuredmedia":[{"embeddable":true,"href":"https:\/\/www.demosmobilia.ch\/fr\/wp-json\/wp\/v2\/media\/86545"}],"wp:attachment":[{"href":"https:\/\/www.demosmobilia.ch\/fr\/wp-json\/wp\/v2\/media?parent=86572"}],"wp:term":[{"taxonomy":"product_cat","embeddable":true,"href":"https:\/\/www.demosmobilia.ch\/fr\/wp-json\/wp\/v2\/product_cat?post=86572"},{"taxonomy":"product_tag","embeddable":true,"href":"https:\/\/www.demosmobilia.ch\/fr\/wp-json\/wp\/v2\/product_tag?post=86572"}],"curies":[{"name":"wp","href":"https:\/\/api.w.org\/{rel}","templated":true}]}}