{"id":86486,"date":"2026-03-28T10:18:46","date_gmt":"2026-03-28T09:18:46","guid":{"rendered":"https:\/\/www.demosmobilia.ch\/product\/fauteuil-et-ottoman-modele-670-en-palissandre-et-cuir-noir\/"},"modified":"2026-03-28T10:18:46","modified_gmt":"2026-03-28T09:18:46","slug":"fauteuil-et-ottoman-modele-670-en-palissandre-et-cuir-noir","status":"publish","type":"product","link":"https:\/\/www.demosmobilia.ch\/fr\/product\/fauteuil-et-ottoman-modele-670-en-palissandre-et-cuir-noir\/","title":{"rendered":"Fauteuil et ottoman mod\u00e8le 670 en palissandre et cuir noir"},"content":{"rendered":"<p>Charles et Ray Eames : le design de la Lounge Chair, une ic\u00f4ne intemporelle<\/p>\n<p>Charles Eames et Ray Eames ont red\u00e9fini le design moderne gr\u00e2ce \u00e0 une approche innovante qui associe harmonieusement fonctionnalit\u00e9, exp\u00e9rimentation et une attention profonde au confort. Leur philosophie du projet, orient\u00e9e vers l\u2019am\u00e9lioration de la vie quotidienne, trouve l\u2019une de ses plus hautes expressions dans l\u2019embl\u00e9matique Lounge Chair, produite par Herman Miller depuis 1956. <\/p>\n<p>Con\u00e7ue pour offrir le confort d\u2019un fauteuil accueillant et bien \u201chabit\u00e9\u201d, la Lounge Chair a \u00e9t\u00e9 pens\u00e9e pour envelopper naturellement le corps. Ses proportions sont soigneusement \u00e9tudi\u00e9es : l\u2019inclinaison du dossier, la profondeur de l\u2019assise et la pr\u00e9sence de l\u2019ottoman se combinent pour offrir une exp\u00e9rience ergonomique optimale, transformant le simple fait de s\u2019asseoir en un v\u00e9ritable moment de d\u00e9tente. <\/p>\n<p>Du point de vue de la construction, le design se distingue par l\u2019utilisation innovante du contreplaqu\u00e9 moul\u00e9, une technique que les Eames ont perfectionn\u00e9e pour cr\u00e9er trois coques ind\u00e9pendantes \u2014 dossier, assise et ottoman \u2014 alliant l\u00e9g\u00e8ret\u00e9 et solidit\u00e9 structurelle. Le veinage riche du placage en palissandre apporte chaleur et profondeur, \u00e9l\u00e9gamment associ\u00e9 \u00e0 un rev\u00eatement en cuir noir, cr\u00e9ant un contraste sophistiqu\u00e9 entre mat\u00e9riaux naturels et design moderne. <\/p>\n<p>Chaque d\u00e9tail est soigneusement pens\u00e9 : de la base pivotante en aluminium moul\u00e9 aux connecteurs dissimul\u00e9s qui garantissent flexibilit\u00e9 et durabilit\u00e9 dans le temps. Rien n\u2019est superflu, et rien n\u2019est laiss\u00e9 au hasard. Cet \u00e9quilibre entre ing\u00e9nierie et esth\u00e9tique \u00e9l\u00e8ve la Lounge Chair au-del\u00e0 d\u2019un simple objet fonctionnel pour en faire une v\u00e9ritable d\u00e9claration de style.  <\/p>\n<p>Aujourd\u2019hui, la Lounge Chair des Eames reste l\u2019un des symboles les plus reconnaissables du design du XX\u1d49 si\u00e8cle \u2014 une synth\u00e8se parfaite entre innovation industrielle, savoir-faire artisanal et confort. Ic\u00f4ne intemporelle, elle continue de d\u00e9finir un art de vivre moderne et sophistiqu\u00e9, et demeure tr\u00e8s pris\u00e9e des collectionneurs et passionn\u00e9s de design \u00e0 travers le monde.<\/p>\n","protected":false},"excerpt":{"rendered":"<p>Charles et Ray Eames : le design de la Lounge Chair, une ic\u00f4ne intemporelle Charles Eames et Ray Eames ont red\u00e9fini le design moderne gr\u00e2ce \u00e0 une approche innovante qui associe harmonieusement fonctionnalit\u00e9, exp\u00e9rimentation et une attention profonde au confort. Leur philosophie du projet, orient\u00e9e vers l\u2019am\u00e9lioration de la vie quotidienne, trouve l\u2019une de ses plus hautes expressions dans l\u2019embl\u00e9matique Lounge Chair, produite par Herman Miller depuis 1956. Con\u00e7ue pour offrir le confort d\u2019un fauteuil accueillant et bien \u201chabit\u00e9\u201d, la Lounge Chair a \u00e9t\u00e9 pens\u00e9e pour envelopper naturellement le corps. Ses proportions sont soigneusement \u00e9tudi\u00e9es : l\u2019inclinaison du dossier, la profondeur de l\u2019assise et la<a class=\"more-link\" href=\"https:\/\/www.demosmobilia.ch\/fr\/product\/fauteuil-et-ottoman-modele-670-en-palissandre-et-cuir-noir\/\">Read More &rarr;<\/a><\/p>\n","protected":false},"featured_media":86418,"template":"","meta":{"_monsterinsights_skip_tracking":false,"_monsterinsights_sitenote_active":false,"_monsterinsights_sitenote_note":"","_monsterinsights_sitenote_category":0,"kk_blocks_editor_width":"","_kiokenblocks_attr":"","_kiokenblocks_dimensions":""},"product_cat":[4263,4071],"product_tag":[14626],"class_list":{"0":"entry","1":"author-demosmobilia","2":"post-86486","3":"product","4":"type-product","5":"status-publish","6":"has-post-thumbnail","7":"product_production-herman-miller","8":"product_year-2509","9":"product_nation-usa-fr","10":"product_cat-fauteuils-fr","11":"product_cat-nouveautes","12":"product_tag-charles-ray-eames","13":"pa_product_dimension-lounge-chair-83-x-80-cm-hauteur-dassise-41-cm-hauteur-totale-785-cm-ottoman-hauteur-totale-785-cm","14":"pa_product_material-cuir-patine-noir-bois-de-rose-aluminium-emaille-et-brosse","16":"first","17":"instock","18":"shipping-taxable","19":"purchasable","20":"product-type-simple"},"yoast_head":"<!-- This site is optimized with the Yoast SEO plugin v24.0 - https:\/\/yoast.com\/wordpress\/plugins\/seo\/ -->\n<title>Fauteuil et ottoman mod\u00e8le 670 en palissandre et cuir noir &#8211; Demosmobilia<\/title>\n<meta name=\"robots\" content=\"index, follow, max-snippet:-1, max-image-preview:large, max-video-preview:-1\" \/>\n<link rel=\"canonical\" href=\"https:\/\/www.demosmobilia.ch\/fr\/product\/fauteuil-et-ottoman-modele-670-en-palissandre-et-cuir-noir\/\" \/>\n<meta property=\"og:locale\" content=\"fr_FR\" \/>\n<meta property=\"og:type\" content=\"article\" \/>\n<meta property=\"og:title\" content=\"Fauteuil et ottoman mod\u00e8le 670 en palissandre et cuir noir &#8211; Demosmobilia\" \/>\n<meta property=\"og:description\" content=\"Charles et Ray Eames : le design de la Lounge Chair, une ic\u00f4ne intemporelle Charles Eames et Ray Eames ont red\u00e9fini le design moderne gr\u00e2ce \u00e0 une approche innovante qui associe harmonieusement fonctionnalit\u00e9, exp\u00e9rimentation et une attention profonde au confort. Leur philosophie du projet, orient\u00e9e vers l\u2019am\u00e9lioration de la vie quotidienne, trouve l\u2019une de ses plus hautes expressions dans l\u2019embl\u00e9matique Lounge Chair, produite par Herman Miller depuis 1956. Con\u00e7ue pour offrir le confort d\u2019un fauteuil accueillant et bien \u201chabit\u00e9\u201d, la Lounge Chair a \u00e9t\u00e9 pens\u00e9e pour envelopper naturellement le corps. Ses proportions sont soigneusement \u00e9tudi\u00e9es : l\u2019inclinaison du dossier, la profondeur de l\u2019assise et laRead More &rarr;\" \/>\n<meta property=\"og:url\" content=\"https:\/\/www.demosmobilia.ch\/fr\/product\/fauteuil-et-ottoman-modele-670-en-palissandre-et-cuir-noir\/\" \/>\n<meta property=\"og:site_name\" content=\"Demosmobilia\" \/>\n<meta property=\"article:publisher\" content=\"https:\/\/www.facebook.com\/Demos-Mobilia-1137017453131445\/\" \/>\n<meta property=\"og:image\" content=\"https:\/\/www.demosmobilia.ch\/wp-content\/uploads\/2026\/03\/Eames-lounge-chair-ottoman-herman-miller-1950-United-States-01.jpg\" \/>\n\t<meta property=\"og:image:width\" content=\"1200\" \/>\n\t<meta property=\"og:image:height\" content=\"900\" \/>\n\t<meta property=\"og:image:type\" content=\"image\/jpeg\" \/>\n<meta name=\"twitter:card\" content=\"summary_large_image\" \/>\n<meta name=\"twitter:label1\" content=\"Dur\u00e9e de lecture estim\u00e9e\" \/>\n\t<meta name=\"twitter:data1\" content=\"2 minutes\" \/>\n<script type=\"application\/ld+json\" class=\"yoast-schema-graph\">{\"@context\":\"https:\/\/schema.org\",\"@graph\":[{\"@type\":\"WebPage\",\"@id\":\"https:\/\/www.demosmobilia.ch\/fr\/product\/fauteuil-et-ottoman-modele-670-en-palissandre-et-cuir-noir\/\",\"url\":\"https:\/\/www.demosmobilia.ch\/fr\/product\/fauteuil-et-ottoman-modele-670-en-palissandre-et-cuir-noir\/\",\"name\":\"Fauteuil et ottoman mod\u00e8le 670 en palissandre et cuir noir &#8211; Demosmobilia\",\"isPartOf\":{\"@id\":\"https:\/\/www.demosmobilia.ch\/fr\/#website\"},\"primaryImageOfPage\":{\"@id\":\"https:\/\/www.demosmobilia.ch\/fr\/product\/fauteuil-et-ottoman-modele-670-en-palissandre-et-cuir-noir\/#primaryimage\"},\"image\":{\"@id\":\"https:\/\/www.demosmobilia.ch\/fr\/product\/fauteuil-et-ottoman-modele-670-en-palissandre-et-cuir-noir\/#primaryimage\"},\"thumbnailUrl\":\"https:\/\/www.demosmobilia.ch\/wp-content\/uploads\/2026\/03\/Eames-lounge-chair-ottoman-herman-miller-1950-United-States-01.jpg\",\"datePublished\":\"2026-03-28T09:18:46+00:00\",\"dateModified\":\"2026-03-28T09:18:46+00:00\",\"breadcrumb\":{\"@id\":\"https:\/\/www.demosmobilia.ch\/fr\/product\/fauteuil-et-ottoman-modele-670-en-palissandre-et-cuir-noir\/#breadcrumb\"},\"inLanguage\":\"fr-FR\",\"potentialAction\":[{\"@type\":\"ReadAction\",\"target\":[\"https:\/\/www.demosmobilia.ch\/fr\/product\/fauteuil-et-ottoman-modele-670-en-palissandre-et-cuir-noir\/\"]}]},{\"@type\":\"ImageObject\",\"inLanguage\":\"fr-FR\",\"@id\":\"https:\/\/www.demosmobilia.ch\/fr\/product\/fauteuil-et-ottoman-modele-670-en-palissandre-et-cuir-noir\/#primaryimage\",\"url\":\"https:\/\/www.demosmobilia.ch\/wp-content\/uploads\/2026\/03\/Eames-lounge-chair-ottoman-herman-miller-1950-United-States-01.jpg\",\"contentUrl\":\"https:\/\/www.demosmobilia.ch\/wp-content\/uploads\/2026\/03\/Eames-lounge-chair-ottoman-herman-miller-1950-United-States-01.jpg\",\"width\":1200,\"height\":900},{\"@type\":\"BreadcrumbList\",\"@id\":\"https:\/\/www.demosmobilia.ch\/fr\/product\/fauteuil-et-ottoman-modele-670-en-palissandre-et-cuir-noir\/#breadcrumb\",\"itemListElement\":[{\"@type\":\"ListItem\",\"position\":1,\"name\":\"Home\",\"item\":\"https:\/\/www.demosmobilia.ch\/fr\/\"},{\"@type\":\"ListItem\",\"position\":2,\"name\":\"Produits\",\"item\":\"https:\/\/www.demosmobilia.ch\/fr\/shop\/\"},{\"@type\":\"ListItem\",\"position\":3,\"name\":\"Fauteuil et ottoman mod\u00e8le 670 en palissandre et cuir noir\"}]},{\"@type\":\"WebSite\",\"@id\":\"https:\/\/www.demosmobilia.ch\/fr\/#website\",\"url\":\"https:\/\/www.demosmobilia.ch\/fr\/\",\"name\":\"Demosmobilia\",\"description\":\"Vintage Mid Century Modern Design Furniture from the &#039;30s to the &#039;80s\",\"publisher\":{\"@id\":\"https:\/\/www.demosmobilia.ch\/fr\/#organization\"},\"potentialAction\":[{\"@type\":\"SearchAction\",\"target\":{\"@type\":\"EntryPoint\",\"urlTemplate\":\"https:\/\/www.demosmobilia.ch\/fr\/?s={search_term_string}\"},\"query-input\":{\"@type\":\"PropertyValueSpecification\",\"valueRequired\":true,\"valueName\":\"search_term_string\"}}],\"inLanguage\":\"fr-FR\"},{\"@type\":\"Organization\",\"@id\":\"https:\/\/www.demosmobilia.ch\/fr\/#organization\",\"name\":\"demosmobilia\",\"url\":\"https:\/\/www.demosmobilia.ch\/fr\/\",\"logo\":{\"@type\":\"ImageObject\",\"inLanguage\":\"fr-FR\",\"@id\":\"https:\/\/www.demosmobilia.ch\/fr\/#\/schema\/logo\/image\/\",\"url\":\"https:\/\/www.demosmobilia.ch\/wp-content\/uploads\/2020\/07\/demosmobilia-logo-2020-230-160.png\",\"contentUrl\":\"https:\/\/www.demosmobilia.ch\/wp-content\/uploads\/2020\/07\/demosmobilia-logo-2020-230-160.png\",\"width\":230,\"height\":160,\"caption\":\"demosmobilia\"},\"image\":{\"@id\":\"https:\/\/www.demosmobilia.ch\/fr\/#\/schema\/logo\/image\/\"},\"sameAs\":[\"https:\/\/www.facebook.com\/Demos-Mobilia-1137017453131445\/\",\"https:\/\/www.instagram.com\/demosmobilia\/\"]}]}<\/script>\n<!-- \/ Yoast SEO plugin. -->","yoast_head_json":{"title":"Fauteuil et ottoman mod\u00e8le 670 en palissandre et cuir noir &#8211; Demosmobilia","robots":{"index":"index","follow":"follow","max-snippet":"max-snippet:-1","max-image-preview":"max-image-preview:large","max-video-preview":"max-video-preview:-1"},"canonical":"https:\/\/www.demosmobilia.ch\/fr\/product\/fauteuil-et-ottoman-modele-670-en-palissandre-et-cuir-noir\/","og_locale":"fr_FR","og_type":"article","og_title":"Fauteuil et ottoman mod\u00e8le 670 en palissandre et cuir noir &#8211; Demosmobilia","og_description":"Charles et Ray Eames : le design de la Lounge Chair, une ic\u00f4ne intemporelle Charles Eames et Ray Eames ont red\u00e9fini le design moderne gr\u00e2ce \u00e0 une approche innovante qui associe harmonieusement fonctionnalit\u00e9, exp\u00e9rimentation et une attention profonde au confort. Leur philosophie du projet, orient\u00e9e vers l\u2019am\u00e9lioration de la vie quotidienne, trouve l\u2019une de ses plus hautes expressions dans l\u2019embl\u00e9matique Lounge Chair, produite par Herman Miller depuis 1956. Con\u00e7ue pour offrir le confort d\u2019un fauteuil accueillant et bien \u201chabit\u00e9\u201d, la Lounge Chair a \u00e9t\u00e9 pens\u00e9e pour envelopper naturellement le corps. Ses proportions sont soigneusement \u00e9tudi\u00e9es : l\u2019inclinaison du dossier, la profondeur de l\u2019assise et laRead More &rarr;","og_url":"https:\/\/www.demosmobilia.ch\/fr\/product\/fauteuil-et-ottoman-modele-670-en-palissandre-et-cuir-noir\/","og_site_name":"Demosmobilia","article_publisher":"https:\/\/www.facebook.com\/Demos-Mobilia-1137017453131445\/","og_image":[{"width":1200,"height":900,"url":"https:\/\/www.demosmobilia.ch\/wp-content\/uploads\/2026\/03\/Eames-lounge-chair-ottoman-herman-miller-1950-United-States-01.jpg","type":"image\/jpeg"}],"twitter_card":"summary_large_image","twitter_misc":{"Dur\u00e9e de lecture estim\u00e9e":"2 minutes"},"schema":{"@context":"https:\/\/schema.org","@graph":[{"@type":"WebPage","@id":"https:\/\/www.demosmobilia.ch\/fr\/product\/fauteuil-et-ottoman-modele-670-en-palissandre-et-cuir-noir\/","url":"https:\/\/www.demosmobilia.ch\/fr\/product\/fauteuil-et-ottoman-modele-670-en-palissandre-et-cuir-noir\/","name":"Fauteuil et ottoman mod\u00e8le 670 en palissandre et cuir noir &#8211; Demosmobilia","isPartOf":{"@id":"https:\/\/www.demosmobilia.ch\/fr\/#website"},"primaryImageOfPage":{"@id":"https:\/\/www.demosmobilia.ch\/fr\/product\/fauteuil-et-ottoman-modele-670-en-palissandre-et-cuir-noir\/#primaryimage"},"image":{"@id":"https:\/\/www.demosmobilia.ch\/fr\/product\/fauteuil-et-ottoman-modele-670-en-palissandre-et-cuir-noir\/#primaryimage"},"thumbnailUrl":"https:\/\/www.demosmobilia.ch\/wp-content\/uploads\/2026\/03\/Eames-lounge-chair-ottoman-herman-miller-1950-United-States-01.jpg","datePublished":"2026-03-28T09:18:46+00:00","dateModified":"2026-03-28T09:18:46+00:00","breadcrumb":{"@id":"https:\/\/www.demosmobilia.ch\/fr\/product\/fauteuil-et-ottoman-modele-670-en-palissandre-et-cuir-noir\/#breadcrumb"},"inLanguage":"fr-FR","potentialAction":[{"@type":"ReadAction","target":["https:\/\/www.demosmobilia.ch\/fr\/product\/fauteuil-et-ottoman-modele-670-en-palissandre-et-cuir-noir\/"]}]},{"@type":"ImageObject","inLanguage":"fr-FR","@id":"https:\/\/www.demosmobilia.ch\/fr\/product\/fauteuil-et-ottoman-modele-670-en-palissandre-et-cuir-noir\/#primaryimage","url":"https:\/\/www.demosmobilia.ch\/wp-content\/uploads\/2026\/03\/Eames-lounge-chair-ottoman-herman-miller-1950-United-States-01.jpg","contentUrl":"https:\/\/www.demosmobilia.ch\/wp-content\/uploads\/2026\/03\/Eames-lounge-chair-ottoman-herman-miller-1950-United-States-01.jpg","width":1200,"height":900},{"@type":"BreadcrumbList","@id":"https:\/\/www.demosmobilia.ch\/fr\/product\/fauteuil-et-ottoman-modele-670-en-palissandre-et-cuir-noir\/#breadcrumb","itemListElement":[{"@type":"ListItem","position":1,"name":"Home","item":"https:\/\/www.demosmobilia.ch\/fr\/"},{"@type":"ListItem","position":2,"name":"Produits","item":"https:\/\/www.demosmobilia.ch\/fr\/shop\/"},{"@type":"ListItem","position":3,"name":"Fauteuil et ottoman mod\u00e8le 670 en palissandre et cuir noir"}]},{"@type":"WebSite","@id":"https:\/\/www.demosmobilia.ch\/fr\/#website","url":"https:\/\/www.demosmobilia.ch\/fr\/","name":"Demosmobilia","description":"Vintage Mid Century Modern Design Furniture from the &#039;30s to the &#039;80s","publisher":{"@id":"https:\/\/www.demosmobilia.ch\/fr\/#organization"},"potentialAction":[{"@type":"SearchAction","target":{"@type":"EntryPoint","urlTemplate":"https:\/\/www.demosmobilia.ch\/fr\/?s={search_term_string}"},"query-input":{"@type":"PropertyValueSpecification","valueRequired":true,"valueName":"search_term_string"}}],"inLanguage":"fr-FR"},{"@type":"Organization","@id":"https:\/\/www.demosmobilia.ch\/fr\/#organization","name":"demosmobilia","url":"https:\/\/www.demosmobilia.ch\/fr\/","logo":{"@type":"ImageObject","inLanguage":"fr-FR","@id":"https:\/\/www.demosmobilia.ch\/fr\/#\/schema\/logo\/image\/","url":"https:\/\/www.demosmobilia.ch\/wp-content\/uploads\/2020\/07\/demosmobilia-logo-2020-230-160.png","contentUrl":"https:\/\/www.demosmobilia.ch\/wp-content\/uploads\/2020\/07\/demosmobilia-logo-2020-230-160.png","width":230,"height":160,"caption":"demosmobilia"},"image":{"@id":"https:\/\/www.demosmobilia.ch\/fr\/#\/schema\/logo\/image\/"},"sameAs":["https:\/\/www.facebook.com\/Demos-Mobilia-1137017453131445\/","https:\/\/www.instagram.com\/demosmobilia\/"]}]}},"_links":{"self":[{"href":"https:\/\/www.demosmobilia.ch\/fr\/wp-json\/wp\/v2\/product\/86486","targetHints":{"allow":["GET"]}}],"collection":[{"href":"https:\/\/www.demosmobilia.ch\/fr\/wp-json\/wp\/v2\/product"}],"about":[{"href":"https:\/\/www.demosmobilia.ch\/fr\/wp-json\/wp\/v2\/types\/product"}],"wp:featuredmedia":[{"embeddable":true,"href":"https:\/\/www.demosmobilia.ch\/fr\/wp-json\/wp\/v2\/media\/86418"}],"wp:attachment":[{"href":"https:\/\/www.demosmobilia.ch\/fr\/wp-json\/wp\/v2\/media?parent=86486"}],"wp:term":[{"taxonomy":"product_cat","embeddable":true,"href":"https:\/\/www.demosmobilia.ch\/fr\/wp-json\/wp\/v2\/product_cat?post=86486"},{"taxonomy":"product_tag","embeddable":true,"href":"https:\/\/www.demosmobilia.ch\/fr\/wp-json\/wp\/v2\/product_tag?post=86486"}],"curies":[{"name":"wp","href":"https:\/\/api.w.org\/{rel}","templated":true}]}}