{"id":86385,"date":"2026-03-28T10:15:41","date_gmt":"2026-03-28T09:15:41","guid":{"rendered":"https:\/\/www.demosmobilia.ch\/product\/lampadaire-reglable-modele-lt3-alzabile-en-marbre-rose-du-portugal\/"},"modified":"2026-03-28T10:15:41","modified_gmt":"2026-03-28T09:15:41","slug":"lampadaire-reglable-modele-lt3-alzabile-en-marbre-rose-du-portugal","status":"publish","type":"product","link":"https:\/\/www.demosmobilia.ch\/fr\/product\/lampadaire-reglable-modele-lt3-alzabile-en-marbre-rose-du-portugal\/","title":{"rendered":"Lampadaire r\u00e9glable mod\u00e8le LT3 Alzabile, en marbre rose du Portugal"},"content":{"rendered":"<p>Bibliographie : Domus 239 (vol. VIII, 1949), p. 40, Giuliana Gramigna,<br \/>\nRepertorio 1950-2000, Allemandi, Turin, 2003, p. 22.<\/p>\n<p>Ignazio Gardella : figure embl\u00e9matique du modernisme italien et des collaborations dans le domaine du design<\/p>\n<p>Ignazio Gardella (1905-1999), architecte et designer, est l&rsquo;une des figures les plus influentes de l&rsquo;architecture et du design italiens du XXe si\u00e8cle, r\u00e9put\u00e9 pour son approche rationnelle, \u00e9l\u00e9gante et intemporelle. Son \u0153uvre allie \u00e0 la perfection innovation technique et proportions harmonieuses, donnant naissance \u00e0 des objets et des espaces qui continuent d&rsquo;inspirer le design contemporain. <\/p>\n<p>L&rsquo;une des collaborations les plus marquantes de Gardella fut celle avec Azucena, la c\u00e9l\u00e8bre maison italienne de mobilier et de luminaires haut de gamme. Ensemble, ils ont d\u00e9velopp\u00e9 des lampes et des meubles qui incarnent la sophistication du design italien et le style de vie raffin\u00e9 de la bourgeoisie milanaise, en utilisant des mat\u00e9riaux de premi\u00e8re qualit\u00e9 et des lignes \u00e9l\u00e9gantes, consolidant ainsi l&rsquo;h\u00e9ritage de Gardella en tant que designer visionnaire du modernisme italien. <\/p>\n<p>Un exemple remarquable de cette collaboration est le lampadaire LT3 Alzabile, con\u00e7u en 1949 et produit par Azucena. Dot\u00e9 d\u2019une structure fine et r\u00e9glable ainsi que de lignes architecturales \u00e9pur\u00e9es, le LT3 allie \u00e0 la perfection fonctionnalit\u00e9 et style. Notre version, avec un socle en marbre Rosa Portogallo issu de l\u2019une des premi\u00e8res s\u00e9ries de production, est particuli\u00e8rement rare. Elle conf\u00e8re \u00e0 la lampe une \u00e9l\u00e9gance exclusive et raffin\u00e9e, ce qui en fait une pi\u00e8ce de collection unique pour les passionn\u00e9s du design italien embl\u00e9matique.<\/p>\n","protected":false},"excerpt":{"rendered":"<p>Bibliographie : Domus 239 (vol. VIII, 1949), p. 40, Giuliana Gramigna, Repertorio 1950-2000, Allemandi, Turin, 2003, p. 22. Ignazio Gardella : figure embl\u00e9matique du modernisme italien et des collaborations dans le domaine du design Ignazio Gardella (1905-1999), architecte et designer, est l&rsquo;une des figures les plus influentes de l&rsquo;architecture et du design italiens du XXe si\u00e8cle, r\u00e9put\u00e9 pour son approche rationnelle, \u00e9l\u00e9gante et intemporelle. Son \u0153uvre allie \u00e0 la perfection innovation technique et proportions harmonieuses, donnant naissance \u00e0 des objets et des espaces qui continuent d&rsquo;inspirer le design contemporain. L&rsquo;une des collaborations les plus marquantes de Gardella fut celle avec Azucena, la c\u00e9l\u00e8bre maison italienne<a class=\"more-link\" href=\"https:\/\/www.demosmobilia.ch\/fr\/product\/lampadaire-reglable-modele-lt3-alzabile-en-marbre-rose-du-portugal\/\">Read More &rarr;<\/a><\/p>\n","protected":false},"featured_media":86341,"template":"","meta":{"_monsterinsights_skip_tracking":false,"_monsterinsights_sitenote_active":false,"_monsterinsights_sitenote_note":"","_monsterinsights_sitenote_category":0,"kk_blocks_editor_width":"","_kiokenblocks_attr":"","_kiokenblocks_dimensions":""},"product_cat":[4246,4071],"product_tag":[6618],"class_list":{"0":"entry","1":"author-demosmobilia","2":"post-86385","3":"product","4":"type-product","5":"status-publish","6":"has-post-thumbnail","7":"product_production-azucena","8":"product_year-2421","9":"product_nation-italie-fr","10":"product_cat-lampadaires","11":"product_cat-nouveautes","12":"product_tag-gardella-ignazio-fr","13":"pa_product_dimension-diametre-20-x-40-x-h-158-210-cm-diametre-de-labat-jour-20-cm","14":"pa_product_material-laiton-marbre-rosa-portogallo","16":"first","17":"instock","18":"shipping-taxable","19":"purchasable","20":"product-type-simple"},"yoast_head":"<!-- This site is optimized with the Yoast SEO plugin v24.0 - https:\/\/yoast.com\/wordpress\/plugins\/seo\/ -->\n<title>Lampadaire r\u00e9glable mod\u00e8le LT3 Alzabile, en marbre rose du Portugal &#8211; Demosmobilia<\/title>\n<meta name=\"robots\" content=\"index, follow, max-snippet:-1, max-image-preview:large, max-video-preview:-1\" \/>\n<link rel=\"canonical\" href=\"https:\/\/www.demosmobilia.ch\/fr\/product\/lampadaire-reglable-modele-lt3-alzabile-en-marbre-rose-du-portugal\/\" \/>\n<meta property=\"og:locale\" content=\"fr_FR\" \/>\n<meta property=\"og:type\" content=\"article\" \/>\n<meta property=\"og:title\" content=\"Lampadaire r\u00e9glable mod\u00e8le LT3 Alzabile, en marbre rose du Portugal &#8211; Demosmobilia\" \/>\n<meta property=\"og:description\" content=\"Bibliographie : Domus 239 (vol. VIII, 1949), p. 40, Giuliana Gramigna, Repertorio 1950-2000, Allemandi, Turin, 2003, p. 22. Ignazio Gardella : figure embl\u00e9matique du modernisme italien et des collaborations dans le domaine du design Ignazio Gardella (1905-1999), architecte et designer, est l&rsquo;une des figures les plus influentes de l&rsquo;architecture et du design italiens du XXe si\u00e8cle, r\u00e9put\u00e9 pour son approche rationnelle, \u00e9l\u00e9gante et intemporelle. Son \u0153uvre allie \u00e0 la perfection innovation technique et proportions harmonieuses, donnant naissance \u00e0 des objets et des espaces qui continuent d&rsquo;inspirer le design contemporain. L&rsquo;une des collaborations les plus marquantes de Gardella fut celle avec Azucena, la c\u00e9l\u00e8bre maison italienneRead More &rarr;\" \/>\n<meta property=\"og:url\" content=\"https:\/\/www.demosmobilia.ch\/fr\/product\/lampadaire-reglable-modele-lt3-alzabile-en-marbre-rose-du-portugal\/\" \/>\n<meta property=\"og:site_name\" content=\"Demosmobilia\" \/>\n<meta property=\"article:publisher\" content=\"https:\/\/www.facebook.com\/Demos-Mobilia-1137017453131445\/\" \/>\n<meta property=\"og:image\" content=\"https:\/\/www.demosmobilia.ch\/wp-content\/uploads\/2026\/03\/Ignazio-Gardella-LTE-Alzabile-floor-lamp-Azucena-1950-Italia-01.jpg\" \/>\n\t<meta property=\"og:image:width\" content=\"1200\" \/>\n\t<meta property=\"og:image:height\" content=\"900\" \/>\n\t<meta property=\"og:image:type\" content=\"image\/jpeg\" \/>\n<meta name=\"twitter:card\" content=\"summary_large_image\" \/>\n<meta name=\"twitter:label1\" content=\"Dur\u00e9e de lecture estim\u00e9e\" \/>\n\t<meta name=\"twitter:data1\" content=\"1 minute\" \/>\n<script type=\"application\/ld+json\" class=\"yoast-schema-graph\">{\"@context\":\"https:\/\/schema.org\",\"@graph\":[{\"@type\":\"WebPage\",\"@id\":\"https:\/\/www.demosmobilia.ch\/fr\/product\/lampadaire-reglable-modele-lt3-alzabile-en-marbre-rose-du-portugal\/\",\"url\":\"https:\/\/www.demosmobilia.ch\/fr\/product\/lampadaire-reglable-modele-lt3-alzabile-en-marbre-rose-du-portugal\/\",\"name\":\"Lampadaire r\u00e9glable mod\u00e8le LT3 Alzabile, en marbre rose du Portugal &#8211; Demosmobilia\",\"isPartOf\":{\"@id\":\"https:\/\/www.demosmobilia.ch\/fr\/#website\"},\"primaryImageOfPage\":{\"@id\":\"https:\/\/www.demosmobilia.ch\/fr\/product\/lampadaire-reglable-modele-lt3-alzabile-en-marbre-rose-du-portugal\/#primaryimage\"},\"image\":{\"@id\":\"https:\/\/www.demosmobilia.ch\/fr\/product\/lampadaire-reglable-modele-lt3-alzabile-en-marbre-rose-du-portugal\/#primaryimage\"},\"thumbnailUrl\":\"https:\/\/www.demosmobilia.ch\/wp-content\/uploads\/2026\/03\/Ignazio-Gardella-LTE-Alzabile-floor-lamp-Azucena-1950-Italia-01.jpg\",\"datePublished\":\"2026-03-28T09:15:41+00:00\",\"dateModified\":\"2026-03-28T09:15:41+00:00\",\"breadcrumb\":{\"@id\":\"https:\/\/www.demosmobilia.ch\/fr\/product\/lampadaire-reglable-modele-lt3-alzabile-en-marbre-rose-du-portugal\/#breadcrumb\"},\"inLanguage\":\"fr-FR\",\"potentialAction\":[{\"@type\":\"ReadAction\",\"target\":[\"https:\/\/www.demosmobilia.ch\/fr\/product\/lampadaire-reglable-modele-lt3-alzabile-en-marbre-rose-du-portugal\/\"]}]},{\"@type\":\"ImageObject\",\"inLanguage\":\"fr-FR\",\"@id\":\"https:\/\/www.demosmobilia.ch\/fr\/product\/lampadaire-reglable-modele-lt3-alzabile-en-marbre-rose-du-portugal\/#primaryimage\",\"url\":\"https:\/\/www.demosmobilia.ch\/wp-content\/uploads\/2026\/03\/Ignazio-Gardella-LTE-Alzabile-floor-lamp-Azucena-1950-Italia-01.jpg\",\"contentUrl\":\"https:\/\/www.demosmobilia.ch\/wp-content\/uploads\/2026\/03\/Ignazio-Gardella-LTE-Alzabile-floor-lamp-Azucena-1950-Italia-01.jpg\",\"width\":1200,\"height\":900},{\"@type\":\"BreadcrumbList\",\"@id\":\"https:\/\/www.demosmobilia.ch\/fr\/product\/lampadaire-reglable-modele-lt3-alzabile-en-marbre-rose-du-portugal\/#breadcrumb\",\"itemListElement\":[{\"@type\":\"ListItem\",\"position\":1,\"name\":\"Home\",\"item\":\"https:\/\/www.demosmobilia.ch\/fr\/\"},{\"@type\":\"ListItem\",\"position\":2,\"name\":\"Produits\",\"item\":\"https:\/\/www.demosmobilia.ch\/fr\/shop\/\"},{\"@type\":\"ListItem\",\"position\":3,\"name\":\"Lampadaire r\u00e9glable mod\u00e8le LT3 Alzabile, en marbre rose du Portugal\"}]},{\"@type\":\"WebSite\",\"@id\":\"https:\/\/www.demosmobilia.ch\/fr\/#website\",\"url\":\"https:\/\/www.demosmobilia.ch\/fr\/\",\"name\":\"Demosmobilia\",\"description\":\"Vintage Mid Century Modern Design Furniture from the &#039;30s to the &#039;80s\",\"publisher\":{\"@id\":\"https:\/\/www.demosmobilia.ch\/fr\/#organization\"},\"potentialAction\":[{\"@type\":\"SearchAction\",\"target\":{\"@type\":\"EntryPoint\",\"urlTemplate\":\"https:\/\/www.demosmobilia.ch\/fr\/?s={search_term_string}\"},\"query-input\":{\"@type\":\"PropertyValueSpecification\",\"valueRequired\":true,\"valueName\":\"search_term_string\"}}],\"inLanguage\":\"fr-FR\"},{\"@type\":\"Organization\",\"@id\":\"https:\/\/www.demosmobilia.ch\/fr\/#organization\",\"name\":\"demosmobilia\",\"url\":\"https:\/\/www.demosmobilia.ch\/fr\/\",\"logo\":{\"@type\":\"ImageObject\",\"inLanguage\":\"fr-FR\",\"@id\":\"https:\/\/www.demosmobilia.ch\/fr\/#\/schema\/logo\/image\/\",\"url\":\"https:\/\/www.demosmobilia.ch\/wp-content\/uploads\/2020\/07\/demosmobilia-logo-2020-230-160.png\",\"contentUrl\":\"https:\/\/www.demosmobilia.ch\/wp-content\/uploads\/2020\/07\/demosmobilia-logo-2020-230-160.png\",\"width\":230,\"height\":160,\"caption\":\"demosmobilia\"},\"image\":{\"@id\":\"https:\/\/www.demosmobilia.ch\/fr\/#\/schema\/logo\/image\/\"},\"sameAs\":[\"https:\/\/www.facebook.com\/Demos-Mobilia-1137017453131445\/\",\"https:\/\/www.instagram.com\/demosmobilia\/\"]}]}<\/script>\n<!-- \/ Yoast SEO plugin. -->","yoast_head_json":{"title":"Lampadaire r\u00e9glable mod\u00e8le LT3 Alzabile, en marbre rose du Portugal &#8211; Demosmobilia","robots":{"index":"index","follow":"follow","max-snippet":"max-snippet:-1","max-image-preview":"max-image-preview:large","max-video-preview":"max-video-preview:-1"},"canonical":"https:\/\/www.demosmobilia.ch\/fr\/product\/lampadaire-reglable-modele-lt3-alzabile-en-marbre-rose-du-portugal\/","og_locale":"fr_FR","og_type":"article","og_title":"Lampadaire r\u00e9glable mod\u00e8le LT3 Alzabile, en marbre rose du Portugal &#8211; Demosmobilia","og_description":"Bibliographie : Domus 239 (vol. VIII, 1949), p. 40, Giuliana Gramigna, Repertorio 1950-2000, Allemandi, Turin, 2003, p. 22. Ignazio Gardella : figure embl\u00e9matique du modernisme italien et des collaborations dans le domaine du design Ignazio Gardella (1905-1999), architecte et designer, est l&rsquo;une des figures les plus influentes de l&rsquo;architecture et du design italiens du XXe si\u00e8cle, r\u00e9put\u00e9 pour son approche rationnelle, \u00e9l\u00e9gante et intemporelle. Son \u0153uvre allie \u00e0 la perfection innovation technique et proportions harmonieuses, donnant naissance \u00e0 des objets et des espaces qui continuent d&rsquo;inspirer le design contemporain. L&rsquo;une des collaborations les plus marquantes de Gardella fut celle avec Azucena, la c\u00e9l\u00e8bre maison italienneRead More &rarr;","og_url":"https:\/\/www.demosmobilia.ch\/fr\/product\/lampadaire-reglable-modele-lt3-alzabile-en-marbre-rose-du-portugal\/","og_site_name":"Demosmobilia","article_publisher":"https:\/\/www.facebook.com\/Demos-Mobilia-1137017453131445\/","og_image":[{"width":1200,"height":900,"url":"https:\/\/www.demosmobilia.ch\/wp-content\/uploads\/2026\/03\/Ignazio-Gardella-LTE-Alzabile-floor-lamp-Azucena-1950-Italia-01.jpg","type":"image\/jpeg"}],"twitter_card":"summary_large_image","twitter_misc":{"Dur\u00e9e de lecture estim\u00e9e":"1 minute"},"schema":{"@context":"https:\/\/schema.org","@graph":[{"@type":"WebPage","@id":"https:\/\/www.demosmobilia.ch\/fr\/product\/lampadaire-reglable-modele-lt3-alzabile-en-marbre-rose-du-portugal\/","url":"https:\/\/www.demosmobilia.ch\/fr\/product\/lampadaire-reglable-modele-lt3-alzabile-en-marbre-rose-du-portugal\/","name":"Lampadaire r\u00e9glable mod\u00e8le LT3 Alzabile, en marbre rose du Portugal &#8211; Demosmobilia","isPartOf":{"@id":"https:\/\/www.demosmobilia.ch\/fr\/#website"},"primaryImageOfPage":{"@id":"https:\/\/www.demosmobilia.ch\/fr\/product\/lampadaire-reglable-modele-lt3-alzabile-en-marbre-rose-du-portugal\/#primaryimage"},"image":{"@id":"https:\/\/www.demosmobilia.ch\/fr\/product\/lampadaire-reglable-modele-lt3-alzabile-en-marbre-rose-du-portugal\/#primaryimage"},"thumbnailUrl":"https:\/\/www.demosmobilia.ch\/wp-content\/uploads\/2026\/03\/Ignazio-Gardella-LTE-Alzabile-floor-lamp-Azucena-1950-Italia-01.jpg","datePublished":"2026-03-28T09:15:41+00:00","dateModified":"2026-03-28T09:15:41+00:00","breadcrumb":{"@id":"https:\/\/www.demosmobilia.ch\/fr\/product\/lampadaire-reglable-modele-lt3-alzabile-en-marbre-rose-du-portugal\/#breadcrumb"},"inLanguage":"fr-FR","potentialAction":[{"@type":"ReadAction","target":["https:\/\/www.demosmobilia.ch\/fr\/product\/lampadaire-reglable-modele-lt3-alzabile-en-marbre-rose-du-portugal\/"]}]},{"@type":"ImageObject","inLanguage":"fr-FR","@id":"https:\/\/www.demosmobilia.ch\/fr\/product\/lampadaire-reglable-modele-lt3-alzabile-en-marbre-rose-du-portugal\/#primaryimage","url":"https:\/\/www.demosmobilia.ch\/wp-content\/uploads\/2026\/03\/Ignazio-Gardella-LTE-Alzabile-floor-lamp-Azucena-1950-Italia-01.jpg","contentUrl":"https:\/\/www.demosmobilia.ch\/wp-content\/uploads\/2026\/03\/Ignazio-Gardella-LTE-Alzabile-floor-lamp-Azucena-1950-Italia-01.jpg","width":1200,"height":900},{"@type":"BreadcrumbList","@id":"https:\/\/www.demosmobilia.ch\/fr\/product\/lampadaire-reglable-modele-lt3-alzabile-en-marbre-rose-du-portugal\/#breadcrumb","itemListElement":[{"@type":"ListItem","position":1,"name":"Home","item":"https:\/\/www.demosmobilia.ch\/fr\/"},{"@type":"ListItem","position":2,"name":"Produits","item":"https:\/\/www.demosmobilia.ch\/fr\/shop\/"},{"@type":"ListItem","position":3,"name":"Lampadaire r\u00e9glable mod\u00e8le LT3 Alzabile, en marbre rose du Portugal"}]},{"@type":"WebSite","@id":"https:\/\/www.demosmobilia.ch\/fr\/#website","url":"https:\/\/www.demosmobilia.ch\/fr\/","name":"Demosmobilia","description":"Vintage Mid Century Modern Design Furniture from the &#039;30s to the &#039;80s","publisher":{"@id":"https:\/\/www.demosmobilia.ch\/fr\/#organization"},"potentialAction":[{"@type":"SearchAction","target":{"@type":"EntryPoint","urlTemplate":"https:\/\/www.demosmobilia.ch\/fr\/?s={search_term_string}"},"query-input":{"@type":"PropertyValueSpecification","valueRequired":true,"valueName":"search_term_string"}}],"inLanguage":"fr-FR"},{"@type":"Organization","@id":"https:\/\/www.demosmobilia.ch\/fr\/#organization","name":"demosmobilia","url":"https:\/\/www.demosmobilia.ch\/fr\/","logo":{"@type":"ImageObject","inLanguage":"fr-FR","@id":"https:\/\/www.demosmobilia.ch\/fr\/#\/schema\/logo\/image\/","url":"https:\/\/www.demosmobilia.ch\/wp-content\/uploads\/2020\/07\/demosmobilia-logo-2020-230-160.png","contentUrl":"https:\/\/www.demosmobilia.ch\/wp-content\/uploads\/2020\/07\/demosmobilia-logo-2020-230-160.png","width":230,"height":160,"caption":"demosmobilia"},"image":{"@id":"https:\/\/www.demosmobilia.ch\/fr\/#\/schema\/logo\/image\/"},"sameAs":["https:\/\/www.facebook.com\/Demos-Mobilia-1137017453131445\/","https:\/\/www.instagram.com\/demosmobilia\/"]}]}},"_links":{"self":[{"href":"https:\/\/www.demosmobilia.ch\/fr\/wp-json\/wp\/v2\/product\/86385","targetHints":{"allow":["GET"]}}],"collection":[{"href":"https:\/\/www.demosmobilia.ch\/fr\/wp-json\/wp\/v2\/product"}],"about":[{"href":"https:\/\/www.demosmobilia.ch\/fr\/wp-json\/wp\/v2\/types\/product"}],"wp:featuredmedia":[{"embeddable":true,"href":"https:\/\/www.demosmobilia.ch\/fr\/wp-json\/wp\/v2\/media\/86341"}],"wp:attachment":[{"href":"https:\/\/www.demosmobilia.ch\/fr\/wp-json\/wp\/v2\/media?parent=86385"}],"wp:term":[{"taxonomy":"product_cat","embeddable":true,"href":"https:\/\/www.demosmobilia.ch\/fr\/wp-json\/wp\/v2\/product_cat?post=86385"},{"taxonomy":"product_tag","embeddable":true,"href":"https:\/\/www.demosmobilia.ch\/fr\/wp-json\/wp\/v2\/product_tag?post=86385"}],"curies":[{"name":"wp","href":"https:\/\/api.w.org\/{rel}","templated":true}]}}