{"id":86311,"date":"2026-03-28T10:40:39","date_gmt":"2026-03-28T09:40:39","guid":{"rendered":"https:\/\/www.demosmobilia.ch\/product\/lampe-sur-pied-modele-1063\/"},"modified":"2026-03-28T10:40:39","modified_gmt":"2026-03-28T09:40:39","slug":"lampe-sur-pied-modele-1063","status":"publish","type":"product","link":"https:\/\/www.demosmobilia.ch\/fr\/product\/lampe-sur-pied-modele-1063\/","title":{"rendered":"Lampe sur pied mod\u00e8le 1063"},"content":{"rendered":"<div class=\"x-row x-container max width e10869-e7 m8dx-3 m8dx-5 m8dx-6 m8dx-8 m8dx-a\">\n<div class=\"x-row-inner\">\n<div class=\"x-col e10869-e9 m8dx-e m8dx-f\">\n<div class=\"x-text x-content e10869-e10 m8dx-v m8dx-w\">\n<p>\u00ab Il existe toujours diff\u00e9rentes fa\u00e7ons d&rsquo;atteindre son but. Mais je ne me suis jamais int\u00e9ress\u00e9 \u00e0 la forme, sauf \u00e0 celle de l&rsquo;ampoule \u00e0 partir de laquelle je dois cr\u00e9er une extr\u00e9mit\u00e9, un support \u00bb<br \/>\n&#8211; Gino Sarfatti <\/p>\n<p>Le lampadaire \u00ab 1063 \u00bb de Gino Sarfatti est largement consid\u00e9r\u00e9 comme l&rsquo;une des pi\u00e8ces les plus embl\u00e9matiques de l&rsquo;\u0153uvre du designer italien. La lampe se dresse fi\u00e8rement, d\u00e9passant largement la hauteur des yeux, et se compose d&rsquo;un tube en aluminium laqu\u00e9 et d&rsquo;une ampoule fluorescente. Elle est positionn\u00e9e verticalement sur le sol, maintenue en \u00e9quilibre par un ballast qui contient le transformateur n\u00e9on.  <\/p>\n<p>Sarfatti a con\u00e7u le lampadaire \u00ab 1063 \u00bb en 1954, illustrant ainsi son approche radicale ainsi que son attachement \u00e0 la simplicit\u00e9 et \u00e0 la fonctionnalit\u00e9. En r\u00e9duisant la lampe \u00e0 ses composants les plus essentiels, Sarfatti a cr\u00e9\u00e9 un design minimaliste qui pr\u00e9c\u00e8de m\u00eame l&rsquo;utilisation pionni\u00e8re de la lumi\u00e8re fluorescente par Dan Flavin au d\u00e9but des ann\u00e9es 1960. Le lampadaire \u00ab 1063 \u00bb de Sarfatti t\u00e9moigne de sa vision de la lumi\u00e8re comme un m\u00e9dium \u00e0 part enti\u00e8re, et constitue un pr\u00e9curseur important du mouvement minimaliste des ann\u00e9es 1960 et au-del\u00e0.  <\/p>\n<p><i>Gino Sarfatti (1912\u20131985) : pionnier du design italien de l&rsquo;\u00e9clairage<br \/>\n<\/i><i>Gino Sarfatti founded the lighting production company Arteluce in 1939 and quickly became an international reference in the Modern Design movement. He won numerous awards and prizes, the most prestigious of which were the Compasso d&rsquo;Oro in 1954 and 1955, and the Honorary Diploma of the Triennale of Milan. He leaves behind a resolutely modern and contemporary legacy, from which his successors were largely inspired.  <\/i><\/p>\n<\/div>\n<\/div>\n<\/div>\n<\/div>\n<div class=\"x-row x-container max width e10869-e12 m8dx-3 m8dx-5 m8dx-6 m8dx-8 m8dx-b\">\n<div class=\"x-row-inner\"><\/div>\n<\/div>\n","protected":false},"excerpt":{"rendered":"<p>\u00ab Il existe toujours diff\u00e9rentes fa\u00e7ons d&rsquo;atteindre son but. Mais je ne me suis jamais int\u00e9ress\u00e9 \u00e0 la forme, sauf \u00e0 celle de l&rsquo;ampoule \u00e0 partir de laquelle je dois cr\u00e9er une extr\u00e9mit\u00e9, un support \u00bb &#8211; Gino Sarfatti Le lampadaire \u00ab 1063 \u00bb de Gino Sarfatti est largement consid\u00e9r\u00e9 comme l&rsquo;une des pi\u00e8ces les plus embl\u00e9matiques de l&rsquo;\u0153uvre du designer italien. La lampe se dresse fi\u00e8rement, d\u00e9passant largement la hauteur des yeux, et se compose d&rsquo;un tube en aluminium laqu\u00e9 et d&rsquo;une ampoule fluorescente. Elle est positionn\u00e9e verticalement sur le sol, maintenue en \u00e9quilibre par un ballast qui contient le transformateur n\u00e9on. Sarfatti a<a class=\"more-link\" href=\"https:\/\/www.demosmobilia.ch\/fr\/product\/lampe-sur-pied-modele-1063\/\">Read More &rarr;<\/a><\/p>\n","protected":false},"featured_media":86267,"template":"","meta":{"_monsterinsights_skip_tracking":false,"_monsterinsights_sitenote_active":false,"_monsterinsights_sitenote_note":"","_monsterinsights_sitenote_category":0,"kk_blocks_editor_width":"","_kiokenblocks_attr":"","_kiokenblocks_dimensions":""},"product_cat":[4246,4071],"product_tag":[6467],"class_list":{"0":"entry","1":"author-demosmobilia","2":"post-86311","3":"product","4":"type-product","5":"status-publish","6":"has-post-thumbnail","7":"product_production-arteluce","8":"product_year-2412","9":"product_nation-italie-fr","10":"product_cat-lampadaires","11":"product_cat-nouveautes","12":"product_tag-sarfatti-gino-fr","13":"pa_product_dimension-37-x-43-x-ht-217-cm","14":"pa_product_material-metal-aluminium-laque-enseigne-neon-dorigine-provenant-de-notre-stock-jamais-utilisee","16":"first","17":"instock","18":"featured","19":"shipping-taxable","20":"product-type-simple"},"yoast_head":"<!-- This site is optimized with the Yoast SEO plugin v24.0 - https:\/\/yoast.com\/wordpress\/plugins\/seo\/ -->\n<title>Lampe sur pied mod\u00e8le 1063 &#8211; Demosmobilia<\/title>\n<meta name=\"robots\" content=\"index, follow, max-snippet:-1, max-image-preview:large, max-video-preview:-1\" \/>\n<link rel=\"canonical\" href=\"https:\/\/www.demosmobilia.ch\/fr\/product\/lampe-sur-pied-modele-1063\/\" \/>\n<meta property=\"og:locale\" content=\"fr_FR\" \/>\n<meta property=\"og:type\" content=\"article\" \/>\n<meta property=\"og:title\" content=\"Lampe sur pied mod\u00e8le 1063 &#8211; Demosmobilia\" \/>\n<meta property=\"og:description\" content=\"\u00ab Il existe toujours diff\u00e9rentes fa\u00e7ons d&rsquo;atteindre son but. Mais je ne me suis jamais int\u00e9ress\u00e9 \u00e0 la forme, sauf \u00e0 celle de l&rsquo;ampoule \u00e0 partir de laquelle je dois cr\u00e9er une extr\u00e9mit\u00e9, un support \u00bb &#8211; Gino Sarfatti Le lampadaire \u00ab 1063 \u00bb de Gino Sarfatti est largement consid\u00e9r\u00e9 comme l&rsquo;une des pi\u00e8ces les plus embl\u00e9matiques de l&rsquo;\u0153uvre du designer italien. La lampe se dresse fi\u00e8rement, d\u00e9passant largement la hauteur des yeux, et se compose d&rsquo;un tube en aluminium laqu\u00e9 et d&rsquo;une ampoule fluorescente. Elle est positionn\u00e9e verticalement sur le sol, maintenue en \u00e9quilibre par un ballast qui contient le transformateur n\u00e9on. Sarfatti aRead More &rarr;\" \/>\n<meta property=\"og:url\" content=\"https:\/\/www.demosmobilia.ch\/fr\/product\/lampe-sur-pied-modele-1063\/\" \/>\n<meta property=\"og:site_name\" content=\"Demosmobilia\" \/>\n<meta property=\"article:publisher\" content=\"https:\/\/www.facebook.com\/Demos-Mobilia-1137017453131445\/\" \/>\n<meta property=\"og:image\" content=\"https:\/\/www.demosmobilia.ch\/wp-content\/uploads\/2026\/03\/gino-sarfatti-arteluce-floorlamp-1063-1954-italy-01.jpg\" \/>\n\t<meta property=\"og:image:width\" content=\"1200\" \/>\n\t<meta property=\"og:image:height\" content=\"900\" \/>\n\t<meta property=\"og:image:type\" content=\"image\/jpeg\" \/>\n<meta name=\"twitter:card\" content=\"summary_large_image\" \/>\n<meta name=\"twitter:label1\" content=\"Dur\u00e9e de lecture estim\u00e9e\" \/>\n\t<meta name=\"twitter:data1\" content=\"1 minute\" \/>\n<script type=\"application\/ld+json\" class=\"yoast-schema-graph\">{\"@context\":\"https:\/\/schema.org\",\"@graph\":[{\"@type\":\"WebPage\",\"@id\":\"https:\/\/www.demosmobilia.ch\/fr\/product\/lampe-sur-pied-modele-1063\/\",\"url\":\"https:\/\/www.demosmobilia.ch\/fr\/product\/lampe-sur-pied-modele-1063\/\",\"name\":\"Lampe sur pied mod\u00e8le 1063 &#8211; Demosmobilia\",\"isPartOf\":{\"@id\":\"https:\/\/www.demosmobilia.ch\/fr\/#website\"},\"primaryImageOfPage\":{\"@id\":\"https:\/\/www.demosmobilia.ch\/fr\/product\/lampe-sur-pied-modele-1063\/#primaryimage\"},\"image\":{\"@id\":\"https:\/\/www.demosmobilia.ch\/fr\/product\/lampe-sur-pied-modele-1063\/#primaryimage\"},\"thumbnailUrl\":\"https:\/\/www.demosmobilia.ch\/wp-content\/uploads\/2026\/03\/gino-sarfatti-arteluce-floorlamp-1063-1954-italy-01.jpg\",\"datePublished\":\"2026-03-28T09:40:39+00:00\",\"dateModified\":\"2026-03-28T09:40:39+00:00\",\"breadcrumb\":{\"@id\":\"https:\/\/www.demosmobilia.ch\/fr\/product\/lampe-sur-pied-modele-1063\/#breadcrumb\"},\"inLanguage\":\"fr-FR\",\"potentialAction\":[{\"@type\":\"ReadAction\",\"target\":[\"https:\/\/www.demosmobilia.ch\/fr\/product\/lampe-sur-pied-modele-1063\/\"]}]},{\"@type\":\"ImageObject\",\"inLanguage\":\"fr-FR\",\"@id\":\"https:\/\/www.demosmobilia.ch\/fr\/product\/lampe-sur-pied-modele-1063\/#primaryimage\",\"url\":\"https:\/\/www.demosmobilia.ch\/wp-content\/uploads\/2026\/03\/gino-sarfatti-arteluce-floorlamp-1063-1954-italy-01.jpg\",\"contentUrl\":\"https:\/\/www.demosmobilia.ch\/wp-content\/uploads\/2026\/03\/gino-sarfatti-arteluce-floorlamp-1063-1954-italy-01.jpg\",\"width\":1200,\"height\":900},{\"@type\":\"BreadcrumbList\",\"@id\":\"https:\/\/www.demosmobilia.ch\/fr\/product\/lampe-sur-pied-modele-1063\/#breadcrumb\",\"itemListElement\":[{\"@type\":\"ListItem\",\"position\":1,\"name\":\"Home\",\"item\":\"https:\/\/www.demosmobilia.ch\/fr\/\"},{\"@type\":\"ListItem\",\"position\":2,\"name\":\"Produits\",\"item\":\"https:\/\/www.demosmobilia.ch\/fr\/shop\/\"},{\"@type\":\"ListItem\",\"position\":3,\"name\":\"Lampe sur pied mod\u00e8le 1063\"}]},{\"@type\":\"WebSite\",\"@id\":\"https:\/\/www.demosmobilia.ch\/fr\/#website\",\"url\":\"https:\/\/www.demosmobilia.ch\/fr\/\",\"name\":\"Demosmobilia\",\"description\":\"Vintage Mid Century Modern Design Furniture from the &#039;30s to the &#039;80s\",\"publisher\":{\"@id\":\"https:\/\/www.demosmobilia.ch\/fr\/#organization\"},\"potentialAction\":[{\"@type\":\"SearchAction\",\"target\":{\"@type\":\"EntryPoint\",\"urlTemplate\":\"https:\/\/www.demosmobilia.ch\/fr\/?s={search_term_string}\"},\"query-input\":{\"@type\":\"PropertyValueSpecification\",\"valueRequired\":true,\"valueName\":\"search_term_string\"}}],\"inLanguage\":\"fr-FR\"},{\"@type\":\"Organization\",\"@id\":\"https:\/\/www.demosmobilia.ch\/fr\/#organization\",\"name\":\"demosmobilia\",\"url\":\"https:\/\/www.demosmobilia.ch\/fr\/\",\"logo\":{\"@type\":\"ImageObject\",\"inLanguage\":\"fr-FR\",\"@id\":\"https:\/\/www.demosmobilia.ch\/fr\/#\/schema\/logo\/image\/\",\"url\":\"https:\/\/www.demosmobilia.ch\/wp-content\/uploads\/2020\/07\/demosmobilia-logo-2020-230-160.png\",\"contentUrl\":\"https:\/\/www.demosmobilia.ch\/wp-content\/uploads\/2020\/07\/demosmobilia-logo-2020-230-160.png\",\"width\":230,\"height\":160,\"caption\":\"demosmobilia\"},\"image\":{\"@id\":\"https:\/\/www.demosmobilia.ch\/fr\/#\/schema\/logo\/image\/\"},\"sameAs\":[\"https:\/\/www.facebook.com\/Demos-Mobilia-1137017453131445\/\",\"https:\/\/www.instagram.com\/demosmobilia\/\"]}]}<\/script>\n<!-- \/ Yoast SEO plugin. -->","yoast_head_json":{"title":"Lampe sur pied mod\u00e8le 1063 &#8211; Demosmobilia","robots":{"index":"index","follow":"follow","max-snippet":"max-snippet:-1","max-image-preview":"max-image-preview:large","max-video-preview":"max-video-preview:-1"},"canonical":"https:\/\/www.demosmobilia.ch\/fr\/product\/lampe-sur-pied-modele-1063\/","og_locale":"fr_FR","og_type":"article","og_title":"Lampe sur pied mod\u00e8le 1063 &#8211; Demosmobilia","og_description":"\u00ab Il existe toujours diff\u00e9rentes fa\u00e7ons d&rsquo;atteindre son but. Mais je ne me suis jamais int\u00e9ress\u00e9 \u00e0 la forme, sauf \u00e0 celle de l&rsquo;ampoule \u00e0 partir de laquelle je dois cr\u00e9er une extr\u00e9mit\u00e9, un support \u00bb &#8211; Gino Sarfatti Le lampadaire \u00ab 1063 \u00bb de Gino Sarfatti est largement consid\u00e9r\u00e9 comme l&rsquo;une des pi\u00e8ces les plus embl\u00e9matiques de l&rsquo;\u0153uvre du designer italien. La lampe se dresse fi\u00e8rement, d\u00e9passant largement la hauteur des yeux, et se compose d&rsquo;un tube en aluminium laqu\u00e9 et d&rsquo;une ampoule fluorescente. Elle est positionn\u00e9e verticalement sur le sol, maintenue en \u00e9quilibre par un ballast qui contient le transformateur n\u00e9on. Sarfatti aRead More &rarr;","og_url":"https:\/\/www.demosmobilia.ch\/fr\/product\/lampe-sur-pied-modele-1063\/","og_site_name":"Demosmobilia","article_publisher":"https:\/\/www.facebook.com\/Demos-Mobilia-1137017453131445\/","og_image":[{"width":1200,"height":900,"url":"https:\/\/www.demosmobilia.ch\/wp-content\/uploads\/2026\/03\/gino-sarfatti-arteluce-floorlamp-1063-1954-italy-01.jpg","type":"image\/jpeg"}],"twitter_card":"summary_large_image","twitter_misc":{"Dur\u00e9e de lecture estim\u00e9e":"1 minute"},"schema":{"@context":"https:\/\/schema.org","@graph":[{"@type":"WebPage","@id":"https:\/\/www.demosmobilia.ch\/fr\/product\/lampe-sur-pied-modele-1063\/","url":"https:\/\/www.demosmobilia.ch\/fr\/product\/lampe-sur-pied-modele-1063\/","name":"Lampe sur pied mod\u00e8le 1063 &#8211; Demosmobilia","isPartOf":{"@id":"https:\/\/www.demosmobilia.ch\/fr\/#website"},"primaryImageOfPage":{"@id":"https:\/\/www.demosmobilia.ch\/fr\/product\/lampe-sur-pied-modele-1063\/#primaryimage"},"image":{"@id":"https:\/\/www.demosmobilia.ch\/fr\/product\/lampe-sur-pied-modele-1063\/#primaryimage"},"thumbnailUrl":"https:\/\/www.demosmobilia.ch\/wp-content\/uploads\/2026\/03\/gino-sarfatti-arteluce-floorlamp-1063-1954-italy-01.jpg","datePublished":"2026-03-28T09:40:39+00:00","dateModified":"2026-03-28T09:40:39+00:00","breadcrumb":{"@id":"https:\/\/www.demosmobilia.ch\/fr\/product\/lampe-sur-pied-modele-1063\/#breadcrumb"},"inLanguage":"fr-FR","potentialAction":[{"@type":"ReadAction","target":["https:\/\/www.demosmobilia.ch\/fr\/product\/lampe-sur-pied-modele-1063\/"]}]},{"@type":"ImageObject","inLanguage":"fr-FR","@id":"https:\/\/www.demosmobilia.ch\/fr\/product\/lampe-sur-pied-modele-1063\/#primaryimage","url":"https:\/\/www.demosmobilia.ch\/wp-content\/uploads\/2026\/03\/gino-sarfatti-arteluce-floorlamp-1063-1954-italy-01.jpg","contentUrl":"https:\/\/www.demosmobilia.ch\/wp-content\/uploads\/2026\/03\/gino-sarfatti-arteluce-floorlamp-1063-1954-italy-01.jpg","width":1200,"height":900},{"@type":"BreadcrumbList","@id":"https:\/\/www.demosmobilia.ch\/fr\/product\/lampe-sur-pied-modele-1063\/#breadcrumb","itemListElement":[{"@type":"ListItem","position":1,"name":"Home","item":"https:\/\/www.demosmobilia.ch\/fr\/"},{"@type":"ListItem","position":2,"name":"Produits","item":"https:\/\/www.demosmobilia.ch\/fr\/shop\/"},{"@type":"ListItem","position":3,"name":"Lampe sur pied mod\u00e8le 1063"}]},{"@type":"WebSite","@id":"https:\/\/www.demosmobilia.ch\/fr\/#website","url":"https:\/\/www.demosmobilia.ch\/fr\/","name":"Demosmobilia","description":"Vintage Mid Century Modern Design Furniture from the &#039;30s to the &#039;80s","publisher":{"@id":"https:\/\/www.demosmobilia.ch\/fr\/#organization"},"potentialAction":[{"@type":"SearchAction","target":{"@type":"EntryPoint","urlTemplate":"https:\/\/www.demosmobilia.ch\/fr\/?s={search_term_string}"},"query-input":{"@type":"PropertyValueSpecification","valueRequired":true,"valueName":"search_term_string"}}],"inLanguage":"fr-FR"},{"@type":"Organization","@id":"https:\/\/www.demosmobilia.ch\/fr\/#organization","name":"demosmobilia","url":"https:\/\/www.demosmobilia.ch\/fr\/","logo":{"@type":"ImageObject","inLanguage":"fr-FR","@id":"https:\/\/www.demosmobilia.ch\/fr\/#\/schema\/logo\/image\/","url":"https:\/\/www.demosmobilia.ch\/wp-content\/uploads\/2020\/07\/demosmobilia-logo-2020-230-160.png","contentUrl":"https:\/\/www.demosmobilia.ch\/wp-content\/uploads\/2020\/07\/demosmobilia-logo-2020-230-160.png","width":230,"height":160,"caption":"demosmobilia"},"image":{"@id":"https:\/\/www.demosmobilia.ch\/fr\/#\/schema\/logo\/image\/"},"sameAs":["https:\/\/www.facebook.com\/Demos-Mobilia-1137017453131445\/","https:\/\/www.instagram.com\/demosmobilia\/"]}]}},"_links":{"self":[{"href":"https:\/\/www.demosmobilia.ch\/fr\/wp-json\/wp\/v2\/product\/86311","targetHints":{"allow":["GET"]}}],"collection":[{"href":"https:\/\/www.demosmobilia.ch\/fr\/wp-json\/wp\/v2\/product"}],"about":[{"href":"https:\/\/www.demosmobilia.ch\/fr\/wp-json\/wp\/v2\/types\/product"}],"wp:featuredmedia":[{"embeddable":true,"href":"https:\/\/www.demosmobilia.ch\/fr\/wp-json\/wp\/v2\/media\/86267"}],"wp:attachment":[{"href":"https:\/\/www.demosmobilia.ch\/fr\/wp-json\/wp\/v2\/media?parent=86311"}],"wp:term":[{"taxonomy":"product_cat","embeddable":true,"href":"https:\/\/www.demosmobilia.ch\/fr\/wp-json\/wp\/v2\/product_cat?post=86311"},{"taxonomy":"product_tag","embeddable":true,"href":"https:\/\/www.demosmobilia.ch\/fr\/wp-json\/wp\/v2\/product_tag?post=86311"}],"curies":[{"name":"wp","href":"https:\/\/api.w.org\/{rel}","templated":true}]}}