{"id":86177,"date":"2026-02-11T13:49:48","date_gmt":"2026-02-11T12:49:48","guid":{"rendered":"https:\/\/www.demosmobilia.ch\/product\/plateau-silver-knot\/"},"modified":"2026-02-11T13:49:48","modified_gmt":"2026-02-11T12:49:48","slug":"plateau-silver-knot","status":"publish","type":"product","link":"https:\/\/www.demosmobilia.ch\/fr\/product\/plateau-silver-knot\/","title":{"rendered":"Plateau Silver Knot"},"content":{"rendered":"<p data-start=\"52\" data-end=\"458\">Arrigo Finzi (1911\u20131983) fut l\u2019une des figures majeures de l\u2019orf\u00e8vrerie italienne du XX\u1d49 si\u00e8cle, reconnu pour avoir renouvel\u00e9 le design des objets de service en argent pour la table avec une esth\u00e9tique moderne et \u00e9pur\u00e9e. Ma\u00eetre orf\u00e8vre et designer raffin\u00e9, Finzi a su r\u00e9interpr\u00e9ter la tradition artisanale italienne \u00e0 travers des lignes nettes, des proportions \u00e9quilibr\u00e9es et une attention particuli\u00e8re \u00e0 la fonctionnalit\u00e9 au quotidien. <\/p>\n<p data-start=\"460\" data-end=\"996\">Sa production comprend services \u00e0 th\u00e9 et \u00e0 caf\u00e9, couverts, plateaux, cand\u00e9labres, centres de table et accessoires de table en argent massif, con\u00e7us pour allier \u00e9l\u00e9gance et praticit\u00e9. Dans l\u2019apr\u00e8s-guerre, ses objets de service se distinguent par un langage formel rationnel et moderne, en dialogue avec les tendances du design italien contemporain, o\u00f9 la puret\u00e9 des formes remplace l\u2019ornementation excessive. L\u2019argent devient ainsi un mat\u00e9riau contemporain, fa\u00e7onn\u00e9 avec une grande ma\u00eetrise artisanale et pens\u00e9 pour valoriser la convivialit\u00e9 et l\u2019art de la table.  <\/p>\n","protected":false},"excerpt":{"rendered":"<p>Arrigo Finzi (1911\u20131983) fut l\u2019une des figures majeures de l\u2019orf\u00e8vrerie italienne du XX\u1d49 si\u00e8cle, reconnu pour avoir renouvel\u00e9 le design des objets de service en argent pour la table avec une esth\u00e9tique moderne et \u00e9pur\u00e9e. Ma\u00eetre orf\u00e8vre et designer raffin\u00e9, Finzi a su r\u00e9interpr\u00e9ter la tradition artisanale italienne \u00e0 travers des lignes nettes, des proportions \u00e9quilibr\u00e9es et une attention particuli\u00e8re \u00e0 la fonctionnalit\u00e9 au quotidien. Sa production comprend services \u00e0 th\u00e9 et \u00e0 caf\u00e9, couverts, plateaux, cand\u00e9labres, centres de table et accessoires de table en argent massif, con\u00e7us pour allier \u00e9l\u00e9gance et praticit\u00e9. Dans l\u2019apr\u00e8s-guerre, ses objets de service se distinguent par un langage formel<a class=\"more-link\" href=\"https:\/\/www.demosmobilia.ch\/fr\/product\/plateau-silver-knot\/\">Read More &rarr;<\/a><\/p>\n","protected":false},"featured_media":86157,"template":"","meta":{"_monsterinsights_skip_tracking":false,"_monsterinsights_sitenote_active":false,"_monsterinsights_sitenote_note":"","_monsterinsights_sitenote_category":0,"kk_blocks_editor_width":"","_kiokenblocks_attr":"","_kiokenblocks_dimensions":""},"product_cat":[4253,4071],"product_tag":[14585],"class_list":{"0":"entry","1":"author-demosmobilia","2":"post-86177","3":"product","4":"type-product","5":"status-publish","6":"has-post-thumbnail","7":"product_production-metargent","8":"product_year-1940-approx","9":"product_nation-italie-fr","10":"product_cat-autres-objets","11":"product_cat-nouveautes","12":"product_tag-finzi-arrigo-attribue","13":"pa_product_dimension-43-5-x-30-5-x-ht-18-5-cm","14":"pa_product_material-argent-verre","16":"first","17":"instock","18":"shipping-taxable","19":"purchasable","20":"product-type-simple"},"yoast_head":"<!-- This site is optimized with the Yoast SEO plugin v24.0 - https:\/\/yoast.com\/wordpress\/plugins\/seo\/ -->\n<title>Plateau Silver Knot &#8211; Demosmobilia<\/title>\n<meta name=\"robots\" content=\"index, follow, max-snippet:-1, max-image-preview:large, max-video-preview:-1\" \/>\n<link rel=\"canonical\" href=\"https:\/\/www.demosmobilia.ch\/fr\/product\/plateau-silver-knot\/\" \/>\n<meta property=\"og:locale\" content=\"fr_FR\" \/>\n<meta property=\"og:type\" content=\"article\" \/>\n<meta property=\"og:title\" content=\"Plateau Silver Knot &#8211; Demosmobilia\" \/>\n<meta property=\"og:description\" content=\"Arrigo Finzi (1911\u20131983) fut l\u2019une des figures majeures de l\u2019orf\u00e8vrerie italienne du XX\u1d49 si\u00e8cle, reconnu pour avoir renouvel\u00e9 le design des objets de service en argent pour la table avec une esth\u00e9tique moderne et \u00e9pur\u00e9e. Ma\u00eetre orf\u00e8vre et designer raffin\u00e9, Finzi a su r\u00e9interpr\u00e9ter la tradition artisanale italienne \u00e0 travers des lignes nettes, des proportions \u00e9quilibr\u00e9es et une attention particuli\u00e8re \u00e0 la fonctionnalit\u00e9 au quotidien. Sa production comprend services \u00e0 th\u00e9 et \u00e0 caf\u00e9, couverts, plateaux, cand\u00e9labres, centres de table et accessoires de table en argent massif, con\u00e7us pour allier \u00e9l\u00e9gance et praticit\u00e9. Dans l\u2019apr\u00e8s-guerre, ses objets de service se distinguent par un langage formelRead More &rarr;\" \/>\n<meta property=\"og:url\" content=\"https:\/\/www.demosmobilia.ch\/fr\/product\/plateau-silver-knot\/\" \/>\n<meta property=\"og:site_name\" content=\"Demosmobilia\" \/>\n<meta property=\"article:publisher\" content=\"https:\/\/www.facebook.com\/Demos-Mobilia-1137017453131445\/\" \/>\n<meta property=\"og:image\" content=\"https:\/\/www.demosmobilia.ch\/wp-content\/uploads\/2026\/02\/arrigo-finzi-metargent-1930-knott-tray-01.jpg\" \/>\n\t<meta property=\"og:image:width\" content=\"1200\" \/>\n\t<meta property=\"og:image:height\" content=\"900\" \/>\n\t<meta property=\"og:image:type\" content=\"image\/jpeg\" \/>\n<meta name=\"twitter:card\" content=\"summary_large_image\" \/>\n<meta name=\"twitter:label1\" content=\"Dur\u00e9e de lecture estim\u00e9e\" \/>\n\t<meta name=\"twitter:data1\" content=\"1 minute\" \/>\n<script type=\"application\/ld+json\" class=\"yoast-schema-graph\">{\"@context\":\"https:\/\/schema.org\",\"@graph\":[{\"@type\":\"WebPage\",\"@id\":\"https:\/\/www.demosmobilia.ch\/fr\/product\/plateau-silver-knot\/\",\"url\":\"https:\/\/www.demosmobilia.ch\/fr\/product\/plateau-silver-knot\/\",\"name\":\"Plateau Silver Knot &#8211; Demosmobilia\",\"isPartOf\":{\"@id\":\"https:\/\/www.demosmobilia.ch\/fr\/#website\"},\"primaryImageOfPage\":{\"@id\":\"https:\/\/www.demosmobilia.ch\/fr\/product\/plateau-silver-knot\/#primaryimage\"},\"image\":{\"@id\":\"https:\/\/www.demosmobilia.ch\/fr\/product\/plateau-silver-knot\/#primaryimage\"},\"thumbnailUrl\":\"https:\/\/www.demosmobilia.ch\/wp-content\/uploads\/2026\/02\/arrigo-finzi-metargent-1930-knott-tray-01.jpg\",\"datePublished\":\"2026-02-11T12:49:48+00:00\",\"dateModified\":\"2026-02-11T12:49:48+00:00\",\"breadcrumb\":{\"@id\":\"https:\/\/www.demosmobilia.ch\/fr\/product\/plateau-silver-knot\/#breadcrumb\"},\"inLanguage\":\"fr-FR\",\"potentialAction\":[{\"@type\":\"ReadAction\",\"target\":[\"https:\/\/www.demosmobilia.ch\/fr\/product\/plateau-silver-knot\/\"]}]},{\"@type\":\"ImageObject\",\"inLanguage\":\"fr-FR\",\"@id\":\"https:\/\/www.demosmobilia.ch\/fr\/product\/plateau-silver-knot\/#primaryimage\",\"url\":\"https:\/\/www.demosmobilia.ch\/wp-content\/uploads\/2026\/02\/arrigo-finzi-metargent-1930-knott-tray-01.jpg\",\"contentUrl\":\"https:\/\/www.demosmobilia.ch\/wp-content\/uploads\/2026\/02\/arrigo-finzi-metargent-1930-knott-tray-01.jpg\",\"width\":1200,\"height\":900},{\"@type\":\"BreadcrumbList\",\"@id\":\"https:\/\/www.demosmobilia.ch\/fr\/product\/plateau-silver-knot\/#breadcrumb\",\"itemListElement\":[{\"@type\":\"ListItem\",\"position\":1,\"name\":\"Home\",\"item\":\"https:\/\/www.demosmobilia.ch\/fr\/\"},{\"@type\":\"ListItem\",\"position\":2,\"name\":\"Produits\",\"item\":\"https:\/\/www.demosmobilia.ch\/fr\/shop\/\"},{\"@type\":\"ListItem\",\"position\":3,\"name\":\"Plateau Silver Knot\"}]},{\"@type\":\"WebSite\",\"@id\":\"https:\/\/www.demosmobilia.ch\/fr\/#website\",\"url\":\"https:\/\/www.demosmobilia.ch\/fr\/\",\"name\":\"Demosmobilia\",\"description\":\"Vintage Mid Century Modern Design Furniture from the &#039;30s to the &#039;80s\",\"publisher\":{\"@id\":\"https:\/\/www.demosmobilia.ch\/fr\/#organization\"},\"potentialAction\":[{\"@type\":\"SearchAction\",\"target\":{\"@type\":\"EntryPoint\",\"urlTemplate\":\"https:\/\/www.demosmobilia.ch\/fr\/?s={search_term_string}\"},\"query-input\":{\"@type\":\"PropertyValueSpecification\",\"valueRequired\":true,\"valueName\":\"search_term_string\"}}],\"inLanguage\":\"fr-FR\"},{\"@type\":\"Organization\",\"@id\":\"https:\/\/www.demosmobilia.ch\/fr\/#organization\",\"name\":\"demosmobilia\",\"url\":\"https:\/\/www.demosmobilia.ch\/fr\/\",\"logo\":{\"@type\":\"ImageObject\",\"inLanguage\":\"fr-FR\",\"@id\":\"https:\/\/www.demosmobilia.ch\/fr\/#\/schema\/logo\/image\/\",\"url\":\"https:\/\/www.demosmobilia.ch\/wp-content\/uploads\/2020\/07\/demosmobilia-logo-2020-230-160.png\",\"contentUrl\":\"https:\/\/www.demosmobilia.ch\/wp-content\/uploads\/2020\/07\/demosmobilia-logo-2020-230-160.png\",\"width\":230,\"height\":160,\"caption\":\"demosmobilia\"},\"image\":{\"@id\":\"https:\/\/www.demosmobilia.ch\/fr\/#\/schema\/logo\/image\/\"},\"sameAs\":[\"https:\/\/www.facebook.com\/Demos-Mobilia-1137017453131445\/\",\"https:\/\/www.instagram.com\/demosmobilia\/\"]}]}<\/script>\n<!-- \/ Yoast SEO plugin. -->","yoast_head_json":{"title":"Plateau Silver Knot &#8211; Demosmobilia","robots":{"index":"index","follow":"follow","max-snippet":"max-snippet:-1","max-image-preview":"max-image-preview:large","max-video-preview":"max-video-preview:-1"},"canonical":"https:\/\/www.demosmobilia.ch\/fr\/product\/plateau-silver-knot\/","og_locale":"fr_FR","og_type":"article","og_title":"Plateau Silver Knot &#8211; Demosmobilia","og_description":"Arrigo Finzi (1911\u20131983) fut l\u2019une des figures majeures de l\u2019orf\u00e8vrerie italienne du XX\u1d49 si\u00e8cle, reconnu pour avoir renouvel\u00e9 le design des objets de service en argent pour la table avec une esth\u00e9tique moderne et \u00e9pur\u00e9e. Ma\u00eetre orf\u00e8vre et designer raffin\u00e9, Finzi a su r\u00e9interpr\u00e9ter la tradition artisanale italienne \u00e0 travers des lignes nettes, des proportions \u00e9quilibr\u00e9es et une attention particuli\u00e8re \u00e0 la fonctionnalit\u00e9 au quotidien. Sa production comprend services \u00e0 th\u00e9 et \u00e0 caf\u00e9, couverts, plateaux, cand\u00e9labres, centres de table et accessoires de table en argent massif, con\u00e7us pour allier \u00e9l\u00e9gance et praticit\u00e9. Dans l\u2019apr\u00e8s-guerre, ses objets de service se distinguent par un langage formelRead More &rarr;","og_url":"https:\/\/www.demosmobilia.ch\/fr\/product\/plateau-silver-knot\/","og_site_name":"Demosmobilia","article_publisher":"https:\/\/www.facebook.com\/Demos-Mobilia-1137017453131445\/","og_image":[{"width":1200,"height":900,"url":"https:\/\/www.demosmobilia.ch\/wp-content\/uploads\/2026\/02\/arrigo-finzi-metargent-1930-knott-tray-01.jpg","type":"image\/jpeg"}],"twitter_card":"summary_large_image","twitter_misc":{"Dur\u00e9e de lecture estim\u00e9e":"1 minute"},"schema":{"@context":"https:\/\/schema.org","@graph":[{"@type":"WebPage","@id":"https:\/\/www.demosmobilia.ch\/fr\/product\/plateau-silver-knot\/","url":"https:\/\/www.demosmobilia.ch\/fr\/product\/plateau-silver-knot\/","name":"Plateau Silver Knot &#8211; Demosmobilia","isPartOf":{"@id":"https:\/\/www.demosmobilia.ch\/fr\/#website"},"primaryImageOfPage":{"@id":"https:\/\/www.demosmobilia.ch\/fr\/product\/plateau-silver-knot\/#primaryimage"},"image":{"@id":"https:\/\/www.demosmobilia.ch\/fr\/product\/plateau-silver-knot\/#primaryimage"},"thumbnailUrl":"https:\/\/www.demosmobilia.ch\/wp-content\/uploads\/2026\/02\/arrigo-finzi-metargent-1930-knott-tray-01.jpg","datePublished":"2026-02-11T12:49:48+00:00","dateModified":"2026-02-11T12:49:48+00:00","breadcrumb":{"@id":"https:\/\/www.demosmobilia.ch\/fr\/product\/plateau-silver-knot\/#breadcrumb"},"inLanguage":"fr-FR","potentialAction":[{"@type":"ReadAction","target":["https:\/\/www.demosmobilia.ch\/fr\/product\/plateau-silver-knot\/"]}]},{"@type":"ImageObject","inLanguage":"fr-FR","@id":"https:\/\/www.demosmobilia.ch\/fr\/product\/plateau-silver-knot\/#primaryimage","url":"https:\/\/www.demosmobilia.ch\/wp-content\/uploads\/2026\/02\/arrigo-finzi-metargent-1930-knott-tray-01.jpg","contentUrl":"https:\/\/www.demosmobilia.ch\/wp-content\/uploads\/2026\/02\/arrigo-finzi-metargent-1930-knott-tray-01.jpg","width":1200,"height":900},{"@type":"BreadcrumbList","@id":"https:\/\/www.demosmobilia.ch\/fr\/product\/plateau-silver-knot\/#breadcrumb","itemListElement":[{"@type":"ListItem","position":1,"name":"Home","item":"https:\/\/www.demosmobilia.ch\/fr\/"},{"@type":"ListItem","position":2,"name":"Produits","item":"https:\/\/www.demosmobilia.ch\/fr\/shop\/"},{"@type":"ListItem","position":3,"name":"Plateau Silver Knot"}]},{"@type":"WebSite","@id":"https:\/\/www.demosmobilia.ch\/fr\/#website","url":"https:\/\/www.demosmobilia.ch\/fr\/","name":"Demosmobilia","description":"Vintage Mid Century Modern Design Furniture from the &#039;30s to the &#039;80s","publisher":{"@id":"https:\/\/www.demosmobilia.ch\/fr\/#organization"},"potentialAction":[{"@type":"SearchAction","target":{"@type":"EntryPoint","urlTemplate":"https:\/\/www.demosmobilia.ch\/fr\/?s={search_term_string}"},"query-input":{"@type":"PropertyValueSpecification","valueRequired":true,"valueName":"search_term_string"}}],"inLanguage":"fr-FR"},{"@type":"Organization","@id":"https:\/\/www.demosmobilia.ch\/fr\/#organization","name":"demosmobilia","url":"https:\/\/www.demosmobilia.ch\/fr\/","logo":{"@type":"ImageObject","inLanguage":"fr-FR","@id":"https:\/\/www.demosmobilia.ch\/fr\/#\/schema\/logo\/image\/","url":"https:\/\/www.demosmobilia.ch\/wp-content\/uploads\/2020\/07\/demosmobilia-logo-2020-230-160.png","contentUrl":"https:\/\/www.demosmobilia.ch\/wp-content\/uploads\/2020\/07\/demosmobilia-logo-2020-230-160.png","width":230,"height":160,"caption":"demosmobilia"},"image":{"@id":"https:\/\/www.demosmobilia.ch\/fr\/#\/schema\/logo\/image\/"},"sameAs":["https:\/\/www.facebook.com\/Demos-Mobilia-1137017453131445\/","https:\/\/www.instagram.com\/demosmobilia\/"]}]}},"_links":{"self":[{"href":"https:\/\/www.demosmobilia.ch\/fr\/wp-json\/wp\/v2\/product\/86177","targetHints":{"allow":["GET"]}}],"collection":[{"href":"https:\/\/www.demosmobilia.ch\/fr\/wp-json\/wp\/v2\/product"}],"about":[{"href":"https:\/\/www.demosmobilia.ch\/fr\/wp-json\/wp\/v2\/types\/product"}],"wp:featuredmedia":[{"embeddable":true,"href":"https:\/\/www.demosmobilia.ch\/fr\/wp-json\/wp\/v2\/media\/86157"}],"wp:attachment":[{"href":"https:\/\/www.demosmobilia.ch\/fr\/wp-json\/wp\/v2\/media?parent=86177"}],"wp:term":[{"taxonomy":"product_cat","embeddable":true,"href":"https:\/\/www.demosmobilia.ch\/fr\/wp-json\/wp\/v2\/product_cat?post=86177"},{"taxonomy":"product_tag","embeddable":true,"href":"https:\/\/www.demosmobilia.ch\/fr\/wp-json\/wp\/v2\/product_tag?post=86177"}],"curies":[{"name":"wp","href":"https:\/\/api.w.org\/{rel}","templated":true}]}}