{"id":86151,"date":"2026-02-12T12:11:40","date_gmt":"2026-02-12T11:11:40","guid":{"rendered":"https:\/\/www.demosmobilia.ch\/product\/bol-de-service-en-verre-fume\/"},"modified":"2026-02-12T12:11:40","modified_gmt":"2026-02-12T11:11:40","slug":"bol-de-service-en-verre-fume","status":"publish","type":"product","link":"https:\/\/www.demosmobilia.ch\/fr\/product\/bol-de-service-en-verre-fume\/","title":{"rendered":"Bol de service en verre fum\u00e9"},"content":{"rendered":"<div class=\"flex max-w-full flex-col grow\">\n<div class=\"min-h-8 text-message relative flex w-full flex-col items-end gap-2 text-start break-words whitespace-normal [.text-message+&amp;]:mt-1\" dir=\"auto\" data-message-author-role=\"assistant\" data-message-id=\"16e205ad-ee06-4fae-85a5-98dd6c0c7ab5\" data-message-model-slug=\"gpt-5-mini\">\n<div class=\"flex w-full flex-col gap-1 empty:hidden first:pt-[1px]\">\n<div class=\"markdown prose dark:prose-invert w-full wrap-break-word light markdown-new-styling\">\n<p data-start=\"61\" data-end=\"446\">Simon Gate (1883\u20131945) est l\u2019un des designers et verriers su\u00e9dois les plus importants du XX\u1d49 si\u00e8cle, reconnu pour avoir combin\u00e9 art, fonctionnalit\u00e9 et innovation technique dans le verre artistique. Form\u00e9 comme peintre et c\u00e9ramiste, Gate a apport\u00e9 sa sensibilit\u00e9 esth\u00e9tique \u00e0 la verrerie, transformant la production industrielle en v\u00e9ritable art d\u00e9coratif. <\/p>\n<p data-start=\"448\" data-end=\"1032\">Dans les ann\u00e9es 1930, Simon Gate a collabor\u00e9 avec Orrefors, entreprise embl\u00e9matique du verre artistique su\u00e9dois, d\u00e9veloppant certaines des collections les plus iconiques de l\u2019\u00e9poque. Au cours de cette p\u00e9riode, il a introduit des techniques innovantes telles que la satinure du verre, la gravure et l\u2019application de motifs d\u00e9coratifs modernistes, cr\u00e9ant vases, verres et sculptures en verre alliant esth\u00e9tique raffin\u00e9e et pr\u00e9cision artisanale. Ses \u0153uvres refl\u00e9taient les tendances internationales du Modernisme et du Fonctionnalisme scandinave, faisant d\u2019Orrefors une r\u00e9f\u00e9rence dans le design verrier de haute qualit\u00e9.  <\/p>\n<p data-start=\"1034\" data-end=\"1245\" data-is-only-node=\"\">La production de Simon Gate des ann\u00e9es 1930 reste aujourd\u2019hui tr\u00e8s recherch\u00e9e par les collectionneurs pour son \u00e9quilibre parfait entre forme et d\u00e9coration, son innovation technique et sa fusion harmonieuse entre art et industrie dans le verre su\u00e9dois.<\/p>\n<\/div>\n<\/div>\n<\/div>\n<\/div>\n","protected":false},"excerpt":{"rendered":"<p>Simon Gate (1883\u20131945) est l\u2019un des designers et verriers su\u00e9dois les plus importants du XX\u1d49 si\u00e8cle, reconnu pour avoir combin\u00e9 art, fonctionnalit\u00e9 et innovation technique dans le verre artistique. Form\u00e9 comme peintre et c\u00e9ramiste, Gate a apport\u00e9 sa sensibilit\u00e9 esth\u00e9tique \u00e0 la verrerie, transformant la production industrielle en v\u00e9ritable art d\u00e9coratif. Dans les ann\u00e9es 1930, Simon Gate a collabor\u00e9 avec Orrefors, entreprise embl\u00e9matique du verre artistique su\u00e9dois, d\u00e9veloppant certaines des collections les plus iconiques de l\u2019\u00e9poque. Au cours de cette p\u00e9riode, il a introduit des techniques innovantes telles que la satinure du verre, la gravure et l\u2019application de motifs d\u00e9coratifs modernistes, cr\u00e9ant vases, verres et<a class=\"more-link\" href=\"https:\/\/www.demosmobilia.ch\/fr\/product\/bol-de-service-en-verre-fume\/\">Read More &rarr;<\/a><\/p>\n","protected":false},"featured_media":86138,"template":"","meta":{"_monsterinsights_skip_tracking":false,"_monsterinsights_sitenote_active":false,"_monsterinsights_sitenote_note":"","_monsterinsights_sitenote_category":0,"kk_blocks_editor_width":"","_kiokenblocks_attr":"","_kiokenblocks_dimensions":""},"product_cat":[4242,4071],"product_tag":[14572],"class_list":{"0":"entry","1":"author-demosmobilia","2":"post-86151","3":"product","4":"type-product","5":"status-publish","6":"has-post-thumbnail","7":"product_production-orrefors","8":"product_year-1930-approx","9":"product_nation-suede","10":"product_cat-bols-assiettes-et-vaisselles","11":"product_cat-nouveautes","12":"product_tag-simon-gate","13":"pa_product_dimension-dia-23-5-x-ht-12-5-cm","14":"pa_product_material-verre-souffle-fume","16":"first","17":"instock","18":"shipping-taxable","19":"purchasable","20":"product-type-simple"},"yoast_head":"<!-- This site is optimized with the Yoast SEO plugin v24.0 - https:\/\/yoast.com\/wordpress\/plugins\/seo\/ -->\n<title>Bol de service en verre fum\u00e9 &#8211; Demosmobilia<\/title>\n<meta name=\"robots\" content=\"index, follow, max-snippet:-1, max-image-preview:large, max-video-preview:-1\" \/>\n<link rel=\"canonical\" href=\"https:\/\/www.demosmobilia.ch\/fr\/product\/bol-de-service-en-verre-fume\/\" \/>\n<meta property=\"og:locale\" content=\"fr_FR\" \/>\n<meta property=\"og:type\" content=\"article\" \/>\n<meta property=\"og:title\" content=\"Bol de service en verre fum\u00e9 &#8211; Demosmobilia\" \/>\n<meta property=\"og:description\" content=\"Simon Gate (1883\u20131945) est l\u2019un des designers et verriers su\u00e9dois les plus importants du XX\u1d49 si\u00e8cle, reconnu pour avoir combin\u00e9 art, fonctionnalit\u00e9 et innovation technique dans le verre artistique. Form\u00e9 comme peintre et c\u00e9ramiste, Gate a apport\u00e9 sa sensibilit\u00e9 esth\u00e9tique \u00e0 la verrerie, transformant la production industrielle en v\u00e9ritable art d\u00e9coratif. Dans les ann\u00e9es 1930, Simon Gate a collabor\u00e9 avec Orrefors, entreprise embl\u00e9matique du verre artistique su\u00e9dois, d\u00e9veloppant certaines des collections les plus iconiques de l\u2019\u00e9poque. Au cours de cette p\u00e9riode, il a introduit des techniques innovantes telles que la satinure du verre, la gravure et l\u2019application de motifs d\u00e9coratifs modernistes, cr\u00e9ant vases, verres etRead More &rarr;\" \/>\n<meta property=\"og:url\" content=\"https:\/\/www.demosmobilia.ch\/fr\/product\/bol-de-service-en-verre-fume\/\" \/>\n<meta property=\"og:site_name\" content=\"Demosmobilia\" \/>\n<meta property=\"article:publisher\" content=\"https:\/\/www.facebook.com\/Demos-Mobilia-1137017453131445\/\" \/>\n<meta property=\"og:image\" content=\"https:\/\/www.demosmobilia.ch\/wp-content\/uploads\/2026\/02\/vittorio-zecchin-murano-glass-bowl-01.jpg\" \/>\n\t<meta property=\"og:image:width\" content=\"1200\" \/>\n\t<meta property=\"og:image:height\" content=\"900\" \/>\n\t<meta property=\"og:image:type\" content=\"image\/jpeg\" \/>\n<meta name=\"twitter:card\" content=\"summary_large_image\" \/>\n<meta name=\"twitter:label1\" content=\"Dur\u00e9e de lecture estim\u00e9e\" \/>\n\t<meta name=\"twitter:data1\" content=\"1 minute\" \/>\n<script type=\"application\/ld+json\" class=\"yoast-schema-graph\">{\"@context\":\"https:\/\/schema.org\",\"@graph\":[{\"@type\":\"WebPage\",\"@id\":\"https:\/\/www.demosmobilia.ch\/fr\/product\/bol-de-service-en-verre-fume\/\",\"url\":\"https:\/\/www.demosmobilia.ch\/fr\/product\/bol-de-service-en-verre-fume\/\",\"name\":\"Bol de service en verre fum\u00e9 &#8211; Demosmobilia\",\"isPartOf\":{\"@id\":\"https:\/\/www.demosmobilia.ch\/fr\/#website\"},\"primaryImageOfPage\":{\"@id\":\"https:\/\/www.demosmobilia.ch\/fr\/product\/bol-de-service-en-verre-fume\/#primaryimage\"},\"image\":{\"@id\":\"https:\/\/www.demosmobilia.ch\/fr\/product\/bol-de-service-en-verre-fume\/#primaryimage\"},\"thumbnailUrl\":\"https:\/\/www.demosmobilia.ch\/wp-content\/uploads\/2026\/02\/vittorio-zecchin-murano-glass-bowl-01.jpg\",\"datePublished\":\"2026-02-12T11:11:40+00:00\",\"dateModified\":\"2026-02-12T11:11:40+00:00\",\"breadcrumb\":{\"@id\":\"https:\/\/www.demosmobilia.ch\/fr\/product\/bol-de-service-en-verre-fume\/#breadcrumb\"},\"inLanguage\":\"fr-FR\",\"potentialAction\":[{\"@type\":\"ReadAction\",\"target\":[\"https:\/\/www.demosmobilia.ch\/fr\/product\/bol-de-service-en-verre-fume\/\"]}]},{\"@type\":\"ImageObject\",\"inLanguage\":\"fr-FR\",\"@id\":\"https:\/\/www.demosmobilia.ch\/fr\/product\/bol-de-service-en-verre-fume\/#primaryimage\",\"url\":\"https:\/\/www.demosmobilia.ch\/wp-content\/uploads\/2026\/02\/vittorio-zecchin-murano-glass-bowl-01.jpg\",\"contentUrl\":\"https:\/\/www.demosmobilia.ch\/wp-content\/uploads\/2026\/02\/vittorio-zecchin-murano-glass-bowl-01.jpg\",\"width\":1200,\"height\":900},{\"@type\":\"BreadcrumbList\",\"@id\":\"https:\/\/www.demosmobilia.ch\/fr\/product\/bol-de-service-en-verre-fume\/#breadcrumb\",\"itemListElement\":[{\"@type\":\"ListItem\",\"position\":1,\"name\":\"Home\",\"item\":\"https:\/\/www.demosmobilia.ch\/fr\/\"},{\"@type\":\"ListItem\",\"position\":2,\"name\":\"Produits\",\"item\":\"https:\/\/www.demosmobilia.ch\/fr\/shop\/\"},{\"@type\":\"ListItem\",\"position\":3,\"name\":\"Bol de service en verre fum\u00e9\"}]},{\"@type\":\"WebSite\",\"@id\":\"https:\/\/www.demosmobilia.ch\/fr\/#website\",\"url\":\"https:\/\/www.demosmobilia.ch\/fr\/\",\"name\":\"Demosmobilia\",\"description\":\"Vintage Mid Century Modern Design Furniture from the &#039;30s to the &#039;80s\",\"publisher\":{\"@id\":\"https:\/\/www.demosmobilia.ch\/fr\/#organization\"},\"potentialAction\":[{\"@type\":\"SearchAction\",\"target\":{\"@type\":\"EntryPoint\",\"urlTemplate\":\"https:\/\/www.demosmobilia.ch\/fr\/?s={search_term_string}\"},\"query-input\":{\"@type\":\"PropertyValueSpecification\",\"valueRequired\":true,\"valueName\":\"search_term_string\"}}],\"inLanguage\":\"fr-FR\"},{\"@type\":\"Organization\",\"@id\":\"https:\/\/www.demosmobilia.ch\/fr\/#organization\",\"name\":\"demosmobilia\",\"url\":\"https:\/\/www.demosmobilia.ch\/fr\/\",\"logo\":{\"@type\":\"ImageObject\",\"inLanguage\":\"fr-FR\",\"@id\":\"https:\/\/www.demosmobilia.ch\/fr\/#\/schema\/logo\/image\/\",\"url\":\"https:\/\/www.demosmobilia.ch\/wp-content\/uploads\/2020\/07\/demosmobilia-logo-2020-230-160.png\",\"contentUrl\":\"https:\/\/www.demosmobilia.ch\/wp-content\/uploads\/2020\/07\/demosmobilia-logo-2020-230-160.png\",\"width\":230,\"height\":160,\"caption\":\"demosmobilia\"},\"image\":{\"@id\":\"https:\/\/www.demosmobilia.ch\/fr\/#\/schema\/logo\/image\/\"},\"sameAs\":[\"https:\/\/www.facebook.com\/Demos-Mobilia-1137017453131445\/\",\"https:\/\/www.instagram.com\/demosmobilia\/\"]}]}<\/script>\n<!-- \/ Yoast SEO plugin. -->","yoast_head_json":{"title":"Bol de service en verre fum\u00e9 &#8211; Demosmobilia","robots":{"index":"index","follow":"follow","max-snippet":"max-snippet:-1","max-image-preview":"max-image-preview:large","max-video-preview":"max-video-preview:-1"},"canonical":"https:\/\/www.demosmobilia.ch\/fr\/product\/bol-de-service-en-verre-fume\/","og_locale":"fr_FR","og_type":"article","og_title":"Bol de service en verre fum\u00e9 &#8211; Demosmobilia","og_description":"Simon Gate (1883\u20131945) est l\u2019un des designers et verriers su\u00e9dois les plus importants du XX\u1d49 si\u00e8cle, reconnu pour avoir combin\u00e9 art, fonctionnalit\u00e9 et innovation technique dans le verre artistique. Form\u00e9 comme peintre et c\u00e9ramiste, Gate a apport\u00e9 sa sensibilit\u00e9 esth\u00e9tique \u00e0 la verrerie, transformant la production industrielle en v\u00e9ritable art d\u00e9coratif. Dans les ann\u00e9es 1930, Simon Gate a collabor\u00e9 avec Orrefors, entreprise embl\u00e9matique du verre artistique su\u00e9dois, d\u00e9veloppant certaines des collections les plus iconiques de l\u2019\u00e9poque. Au cours de cette p\u00e9riode, il a introduit des techniques innovantes telles que la satinure du verre, la gravure et l\u2019application de motifs d\u00e9coratifs modernistes, cr\u00e9ant vases, verres etRead More &rarr;","og_url":"https:\/\/www.demosmobilia.ch\/fr\/product\/bol-de-service-en-verre-fume\/","og_site_name":"Demosmobilia","article_publisher":"https:\/\/www.facebook.com\/Demos-Mobilia-1137017453131445\/","og_image":[{"width":1200,"height":900,"url":"https:\/\/www.demosmobilia.ch\/wp-content\/uploads\/2026\/02\/vittorio-zecchin-murano-glass-bowl-01.jpg","type":"image\/jpeg"}],"twitter_card":"summary_large_image","twitter_misc":{"Dur\u00e9e de lecture estim\u00e9e":"1 minute"},"schema":{"@context":"https:\/\/schema.org","@graph":[{"@type":"WebPage","@id":"https:\/\/www.demosmobilia.ch\/fr\/product\/bol-de-service-en-verre-fume\/","url":"https:\/\/www.demosmobilia.ch\/fr\/product\/bol-de-service-en-verre-fume\/","name":"Bol de service en verre fum\u00e9 &#8211; Demosmobilia","isPartOf":{"@id":"https:\/\/www.demosmobilia.ch\/fr\/#website"},"primaryImageOfPage":{"@id":"https:\/\/www.demosmobilia.ch\/fr\/product\/bol-de-service-en-verre-fume\/#primaryimage"},"image":{"@id":"https:\/\/www.demosmobilia.ch\/fr\/product\/bol-de-service-en-verre-fume\/#primaryimage"},"thumbnailUrl":"https:\/\/www.demosmobilia.ch\/wp-content\/uploads\/2026\/02\/vittorio-zecchin-murano-glass-bowl-01.jpg","datePublished":"2026-02-12T11:11:40+00:00","dateModified":"2026-02-12T11:11:40+00:00","breadcrumb":{"@id":"https:\/\/www.demosmobilia.ch\/fr\/product\/bol-de-service-en-verre-fume\/#breadcrumb"},"inLanguage":"fr-FR","potentialAction":[{"@type":"ReadAction","target":["https:\/\/www.demosmobilia.ch\/fr\/product\/bol-de-service-en-verre-fume\/"]}]},{"@type":"ImageObject","inLanguage":"fr-FR","@id":"https:\/\/www.demosmobilia.ch\/fr\/product\/bol-de-service-en-verre-fume\/#primaryimage","url":"https:\/\/www.demosmobilia.ch\/wp-content\/uploads\/2026\/02\/vittorio-zecchin-murano-glass-bowl-01.jpg","contentUrl":"https:\/\/www.demosmobilia.ch\/wp-content\/uploads\/2026\/02\/vittorio-zecchin-murano-glass-bowl-01.jpg","width":1200,"height":900},{"@type":"BreadcrumbList","@id":"https:\/\/www.demosmobilia.ch\/fr\/product\/bol-de-service-en-verre-fume\/#breadcrumb","itemListElement":[{"@type":"ListItem","position":1,"name":"Home","item":"https:\/\/www.demosmobilia.ch\/fr\/"},{"@type":"ListItem","position":2,"name":"Produits","item":"https:\/\/www.demosmobilia.ch\/fr\/shop\/"},{"@type":"ListItem","position":3,"name":"Bol de service en verre fum\u00e9"}]},{"@type":"WebSite","@id":"https:\/\/www.demosmobilia.ch\/fr\/#website","url":"https:\/\/www.demosmobilia.ch\/fr\/","name":"Demosmobilia","description":"Vintage Mid Century Modern Design Furniture from the &#039;30s to the &#039;80s","publisher":{"@id":"https:\/\/www.demosmobilia.ch\/fr\/#organization"},"potentialAction":[{"@type":"SearchAction","target":{"@type":"EntryPoint","urlTemplate":"https:\/\/www.demosmobilia.ch\/fr\/?s={search_term_string}"},"query-input":{"@type":"PropertyValueSpecification","valueRequired":true,"valueName":"search_term_string"}}],"inLanguage":"fr-FR"},{"@type":"Organization","@id":"https:\/\/www.demosmobilia.ch\/fr\/#organization","name":"demosmobilia","url":"https:\/\/www.demosmobilia.ch\/fr\/","logo":{"@type":"ImageObject","inLanguage":"fr-FR","@id":"https:\/\/www.demosmobilia.ch\/fr\/#\/schema\/logo\/image\/","url":"https:\/\/www.demosmobilia.ch\/wp-content\/uploads\/2020\/07\/demosmobilia-logo-2020-230-160.png","contentUrl":"https:\/\/www.demosmobilia.ch\/wp-content\/uploads\/2020\/07\/demosmobilia-logo-2020-230-160.png","width":230,"height":160,"caption":"demosmobilia"},"image":{"@id":"https:\/\/www.demosmobilia.ch\/fr\/#\/schema\/logo\/image\/"},"sameAs":["https:\/\/www.facebook.com\/Demos-Mobilia-1137017453131445\/","https:\/\/www.instagram.com\/demosmobilia\/"]}]}},"_links":{"self":[{"href":"https:\/\/www.demosmobilia.ch\/fr\/wp-json\/wp\/v2\/product\/86151","targetHints":{"allow":["GET"]}}],"collection":[{"href":"https:\/\/www.demosmobilia.ch\/fr\/wp-json\/wp\/v2\/product"}],"about":[{"href":"https:\/\/www.demosmobilia.ch\/fr\/wp-json\/wp\/v2\/types\/product"}],"wp:featuredmedia":[{"embeddable":true,"href":"https:\/\/www.demosmobilia.ch\/fr\/wp-json\/wp\/v2\/media\/86138"}],"wp:attachment":[{"href":"https:\/\/www.demosmobilia.ch\/fr\/wp-json\/wp\/v2\/media?parent=86151"}],"wp:term":[{"taxonomy":"product_cat","embeddable":true,"href":"https:\/\/www.demosmobilia.ch\/fr\/wp-json\/wp\/v2\/product_cat?post=86151"},{"taxonomy":"product_tag","embeddable":true,"href":"https:\/\/www.demosmobilia.ch\/fr\/wp-json\/wp\/v2\/product_tag?post=86151"}],"curies":[{"name":"wp","href":"https:\/\/api.w.org\/{rel}","templated":true}]}}