{"id":86131,"date":"2026-02-14T07:00:55","date_gmt":"2026-02-14T06:00:55","guid":{"rendered":"https:\/\/www.demosmobilia.ch\/product\/petit-vase-boule-en-verre-epais\/"},"modified":"2026-02-14T07:00:55","modified_gmt":"2026-02-14T06:00:55","slug":"petit-vase-boule-en-verre-epais","status":"publish","type":"product","link":"https:\/\/www.demosmobilia.ch\/fr\/product\/petit-vase-boule-en-verre-epais\/","title":{"rendered":"Petit vase boule en verre \u00e9pais"},"content":{"rendered":"<p data-start=\"65\" data-end=\"633\">Tapio Wirkkala (1915\u20131985) est l\u2019un des designers finlandais les plus influents du XX\u1d49 si\u00e8cle, c\u00e9l\u00e8bre pour ses innovations dans le verre, la c\u00e9ramique et le design industriel. Ses cr\u00e9ations allient \u00e9l\u00e9gance scandinave, exp\u00e9rimentation formelle et fonctionnalit\u00e9, faisant de chaque objet un \u00e9quilibre parfait entre art et design. Wirkkala a jou\u00e9 un r\u00f4le cl\u00e9 dans la d\u00e9finition du concept de \u00ab design finlandais \u00bb apr\u00e8s la Seconde Guerre mondiale, en portant le Made in Finland sur la sc\u00e8ne internationale gr\u00e2ce \u00e0 des pi\u00e8ces iconiques m\u00ealant esth\u00e9tique pure et ma\u00eetrise technique.  <\/p>\n<p data-start=\"635\" data-end=\"994\">Sa collaboration avec Iittala a donn\u00e9 naissance \u00e0 certaines des collections de verre les plus c\u00e9l\u00e8bres au monde, comprenant vases, verres et sculptures en verre souffl\u00e9 \u00e0 la bouche et finies \u00e0 la main. Chaque pi\u00e8ce refl\u00e8te sa recherche de formes organiques, de transparence et de l\u00e9g\u00e8ret\u00e9 des mat\u00e9riaux, transformant le verre en un langage po\u00e9tique et contemporain. <\/p>\n<p data-start=\"996\" data-end=\"1316\">Aujourd\u2019hui, les \u0153uvres de Tapio Wirkkala restent tr\u00e8s pris\u00e9es des collectionneurs et amateurs de design, repr\u00e9sentant la qualit\u00e9, l\u2019innovation et l\u2019\u00e9l\u00e9gance intemporelle du design scandinave.<\/p>\n","protected":false},"excerpt":{"rendered":"<p>Tapio Wirkkala (1915\u20131985) est l\u2019un des designers finlandais les plus influents du XX\u1d49 si\u00e8cle, c\u00e9l\u00e8bre pour ses innovations dans le verre, la c\u00e9ramique et le design industriel. Ses cr\u00e9ations allient \u00e9l\u00e9gance scandinave, exp\u00e9rimentation formelle et fonctionnalit\u00e9, faisant de chaque objet un \u00e9quilibre parfait entre art et design. Wirkkala a jou\u00e9 un r\u00f4le cl\u00e9 dans la d\u00e9finition du concept de \u00ab design finlandais \u00bb apr\u00e8s la Seconde Guerre mondiale, en portant le Made in Finland sur la sc\u00e8ne internationale gr\u00e2ce \u00e0 des pi\u00e8ces iconiques m\u00ealant esth\u00e9tique pure et ma\u00eetrise technique. Sa collaboration avec Iittala a donn\u00e9 naissance \u00e0 certaines des collections de verre les plus c\u00e9l\u00e8bres<a class=\"more-link\" href=\"https:\/\/www.demosmobilia.ch\/fr\/product\/petit-vase-boule-en-verre-epais\/\">Read More &rarr;<\/a><\/p>\n","protected":false},"featured_media":86123,"template":"","meta":{"_monsterinsights_skip_tracking":false,"_monsterinsights_sitenote_active":false,"_monsterinsights_sitenote_note":"","_monsterinsights_sitenote_category":0,"kk_blocks_editor_width":"","_kiokenblocks_attr":"","_kiokenblocks_dimensions":""},"product_cat":[4244,4071],"product_tag":[14560],"class_list":{"0":"entry","1":"author-demosmobilia","2":"post-86131","3":"product","4":"type-product","5":"status-publish","6":"has-post-thumbnail","7":"product_production-swedish-production","8":"product_year-1970-approx","9":"product_nation-suede","10":"product_cat-bols","11":"product_cat-nouveautes","12":"product_tag-wirkkala-tapio-attribue","13":"pa_product_dimension-dia-14-x-ht-10-5-cm","15":"first","16":"instock","17":"shipping-taxable","18":"purchasable","19":"product-type-simple"},"yoast_head":"<!-- This site is optimized with the Yoast SEO plugin v24.0 - https:\/\/yoast.com\/wordpress\/plugins\/seo\/ -->\n<title>Petit vase boule en verre \u00e9pais &#8211; Demosmobilia<\/title>\n<meta name=\"robots\" content=\"index, follow, max-snippet:-1, max-image-preview:large, max-video-preview:-1\" \/>\n<link rel=\"canonical\" href=\"https:\/\/www.demosmobilia.ch\/fr\/product\/petit-vase-boule-en-verre-epais\/\" \/>\n<meta property=\"og:locale\" content=\"fr_FR\" \/>\n<meta property=\"og:type\" content=\"article\" \/>\n<meta property=\"og:title\" content=\"Petit vase boule en verre \u00e9pais &#8211; Demosmobilia\" \/>\n<meta property=\"og:description\" content=\"Tapio Wirkkala (1915\u20131985) est l\u2019un des designers finlandais les plus influents du XX\u1d49 si\u00e8cle, c\u00e9l\u00e8bre pour ses innovations dans le verre, la c\u00e9ramique et le design industriel. Ses cr\u00e9ations allient \u00e9l\u00e9gance scandinave, exp\u00e9rimentation formelle et fonctionnalit\u00e9, faisant de chaque objet un \u00e9quilibre parfait entre art et design. Wirkkala a jou\u00e9 un r\u00f4le cl\u00e9 dans la d\u00e9finition du concept de \u00ab design finlandais \u00bb apr\u00e8s la Seconde Guerre mondiale, en portant le Made in Finland sur la sc\u00e8ne internationale gr\u00e2ce \u00e0 des pi\u00e8ces iconiques m\u00ealant esth\u00e9tique pure et ma\u00eetrise technique. Sa collaboration avec Iittala a donn\u00e9 naissance \u00e0 certaines des collections de verre les plus c\u00e9l\u00e8bresRead More &rarr;\" \/>\n<meta property=\"og:url\" content=\"https:\/\/www.demosmobilia.ch\/fr\/product\/petit-vase-boule-en-verre-epais\/\" \/>\n<meta property=\"og:site_name\" content=\"Demosmobilia\" \/>\n<meta property=\"article:publisher\" content=\"https:\/\/www.facebook.com\/Demos-Mobilia-1137017453131445\/\" \/>\n<meta property=\"og:image\" content=\"https:\/\/www.demosmobilia.ch\/wp-content\/uploads\/2026\/02\/tapio-virkalla-small-ball-glass-vase-01a.jpg\" \/>\n\t<meta property=\"og:image:width\" content=\"1200\" \/>\n\t<meta property=\"og:image:height\" content=\"900\" \/>\n\t<meta property=\"og:image:type\" content=\"image\/jpeg\" \/>\n<meta name=\"twitter:card\" content=\"summary_large_image\" \/>\n<meta name=\"twitter:label1\" content=\"Dur\u00e9e de lecture estim\u00e9e\" \/>\n\t<meta name=\"twitter:data1\" content=\"1 minute\" \/>\n<script type=\"application\/ld+json\" class=\"yoast-schema-graph\">{\"@context\":\"https:\/\/schema.org\",\"@graph\":[{\"@type\":\"WebPage\",\"@id\":\"https:\/\/www.demosmobilia.ch\/fr\/product\/petit-vase-boule-en-verre-epais\/\",\"url\":\"https:\/\/www.demosmobilia.ch\/fr\/product\/petit-vase-boule-en-verre-epais\/\",\"name\":\"Petit vase boule en verre \u00e9pais &#8211; Demosmobilia\",\"isPartOf\":{\"@id\":\"https:\/\/www.demosmobilia.ch\/fr\/#website\"},\"primaryImageOfPage\":{\"@id\":\"https:\/\/www.demosmobilia.ch\/fr\/product\/petit-vase-boule-en-verre-epais\/#primaryimage\"},\"image\":{\"@id\":\"https:\/\/www.demosmobilia.ch\/fr\/product\/petit-vase-boule-en-verre-epais\/#primaryimage\"},\"thumbnailUrl\":\"https:\/\/www.demosmobilia.ch\/wp-content\/uploads\/2026\/02\/tapio-virkalla-small-ball-glass-vase-01a.jpg\",\"datePublished\":\"2026-02-14T06:00:55+00:00\",\"dateModified\":\"2026-02-14T06:00:55+00:00\",\"breadcrumb\":{\"@id\":\"https:\/\/www.demosmobilia.ch\/fr\/product\/petit-vase-boule-en-verre-epais\/#breadcrumb\"},\"inLanguage\":\"fr-FR\",\"potentialAction\":[{\"@type\":\"ReadAction\",\"target\":[\"https:\/\/www.demosmobilia.ch\/fr\/product\/petit-vase-boule-en-verre-epais\/\"]}]},{\"@type\":\"ImageObject\",\"inLanguage\":\"fr-FR\",\"@id\":\"https:\/\/www.demosmobilia.ch\/fr\/product\/petit-vase-boule-en-verre-epais\/#primaryimage\",\"url\":\"https:\/\/www.demosmobilia.ch\/wp-content\/uploads\/2026\/02\/tapio-virkalla-small-ball-glass-vase-01a.jpg\",\"contentUrl\":\"https:\/\/www.demosmobilia.ch\/wp-content\/uploads\/2026\/02\/tapio-virkalla-small-ball-glass-vase-01a.jpg\",\"width\":1200,\"height\":900},{\"@type\":\"BreadcrumbList\",\"@id\":\"https:\/\/www.demosmobilia.ch\/fr\/product\/petit-vase-boule-en-verre-epais\/#breadcrumb\",\"itemListElement\":[{\"@type\":\"ListItem\",\"position\":1,\"name\":\"Home\",\"item\":\"https:\/\/www.demosmobilia.ch\/fr\/\"},{\"@type\":\"ListItem\",\"position\":2,\"name\":\"Produits\",\"item\":\"https:\/\/www.demosmobilia.ch\/fr\/shop\/\"},{\"@type\":\"ListItem\",\"position\":3,\"name\":\"Petit vase boule en verre \u00e9pais\"}]},{\"@type\":\"WebSite\",\"@id\":\"https:\/\/www.demosmobilia.ch\/fr\/#website\",\"url\":\"https:\/\/www.demosmobilia.ch\/fr\/\",\"name\":\"Demosmobilia\",\"description\":\"Vintage Mid Century Modern Design Furniture from the &#039;30s to the &#039;80s\",\"publisher\":{\"@id\":\"https:\/\/www.demosmobilia.ch\/fr\/#organization\"},\"potentialAction\":[{\"@type\":\"SearchAction\",\"target\":{\"@type\":\"EntryPoint\",\"urlTemplate\":\"https:\/\/www.demosmobilia.ch\/fr\/?s={search_term_string}\"},\"query-input\":{\"@type\":\"PropertyValueSpecification\",\"valueRequired\":true,\"valueName\":\"search_term_string\"}}],\"inLanguage\":\"fr-FR\"},{\"@type\":\"Organization\",\"@id\":\"https:\/\/www.demosmobilia.ch\/fr\/#organization\",\"name\":\"demosmobilia\",\"url\":\"https:\/\/www.demosmobilia.ch\/fr\/\",\"logo\":{\"@type\":\"ImageObject\",\"inLanguage\":\"fr-FR\",\"@id\":\"https:\/\/www.demosmobilia.ch\/fr\/#\/schema\/logo\/image\/\",\"url\":\"https:\/\/www.demosmobilia.ch\/wp-content\/uploads\/2020\/07\/demosmobilia-logo-2020-230-160.png\",\"contentUrl\":\"https:\/\/www.demosmobilia.ch\/wp-content\/uploads\/2020\/07\/demosmobilia-logo-2020-230-160.png\",\"width\":230,\"height\":160,\"caption\":\"demosmobilia\"},\"image\":{\"@id\":\"https:\/\/www.demosmobilia.ch\/fr\/#\/schema\/logo\/image\/\"},\"sameAs\":[\"https:\/\/www.facebook.com\/Demos-Mobilia-1137017453131445\/\",\"https:\/\/www.instagram.com\/demosmobilia\/\"]}]}<\/script>\n<!-- \/ Yoast SEO plugin. -->","yoast_head_json":{"title":"Petit vase boule en verre \u00e9pais &#8211; Demosmobilia","robots":{"index":"index","follow":"follow","max-snippet":"max-snippet:-1","max-image-preview":"max-image-preview:large","max-video-preview":"max-video-preview:-1"},"canonical":"https:\/\/www.demosmobilia.ch\/fr\/product\/petit-vase-boule-en-verre-epais\/","og_locale":"fr_FR","og_type":"article","og_title":"Petit vase boule en verre \u00e9pais &#8211; Demosmobilia","og_description":"Tapio Wirkkala (1915\u20131985) est l\u2019un des designers finlandais les plus influents du XX\u1d49 si\u00e8cle, c\u00e9l\u00e8bre pour ses innovations dans le verre, la c\u00e9ramique et le design industriel. Ses cr\u00e9ations allient \u00e9l\u00e9gance scandinave, exp\u00e9rimentation formelle et fonctionnalit\u00e9, faisant de chaque objet un \u00e9quilibre parfait entre art et design. Wirkkala a jou\u00e9 un r\u00f4le cl\u00e9 dans la d\u00e9finition du concept de \u00ab design finlandais \u00bb apr\u00e8s la Seconde Guerre mondiale, en portant le Made in Finland sur la sc\u00e8ne internationale gr\u00e2ce \u00e0 des pi\u00e8ces iconiques m\u00ealant esth\u00e9tique pure et ma\u00eetrise technique. Sa collaboration avec Iittala a donn\u00e9 naissance \u00e0 certaines des collections de verre les plus c\u00e9l\u00e8bresRead More &rarr;","og_url":"https:\/\/www.demosmobilia.ch\/fr\/product\/petit-vase-boule-en-verre-epais\/","og_site_name":"Demosmobilia","article_publisher":"https:\/\/www.facebook.com\/Demos-Mobilia-1137017453131445\/","og_image":[{"width":1200,"height":900,"url":"https:\/\/www.demosmobilia.ch\/wp-content\/uploads\/2026\/02\/tapio-virkalla-small-ball-glass-vase-01a.jpg","type":"image\/jpeg"}],"twitter_card":"summary_large_image","twitter_misc":{"Dur\u00e9e de lecture estim\u00e9e":"1 minute"},"schema":{"@context":"https:\/\/schema.org","@graph":[{"@type":"WebPage","@id":"https:\/\/www.demosmobilia.ch\/fr\/product\/petit-vase-boule-en-verre-epais\/","url":"https:\/\/www.demosmobilia.ch\/fr\/product\/petit-vase-boule-en-verre-epais\/","name":"Petit vase boule en verre \u00e9pais &#8211; Demosmobilia","isPartOf":{"@id":"https:\/\/www.demosmobilia.ch\/fr\/#website"},"primaryImageOfPage":{"@id":"https:\/\/www.demosmobilia.ch\/fr\/product\/petit-vase-boule-en-verre-epais\/#primaryimage"},"image":{"@id":"https:\/\/www.demosmobilia.ch\/fr\/product\/petit-vase-boule-en-verre-epais\/#primaryimage"},"thumbnailUrl":"https:\/\/www.demosmobilia.ch\/wp-content\/uploads\/2026\/02\/tapio-virkalla-small-ball-glass-vase-01a.jpg","datePublished":"2026-02-14T06:00:55+00:00","dateModified":"2026-02-14T06:00:55+00:00","breadcrumb":{"@id":"https:\/\/www.demosmobilia.ch\/fr\/product\/petit-vase-boule-en-verre-epais\/#breadcrumb"},"inLanguage":"fr-FR","potentialAction":[{"@type":"ReadAction","target":["https:\/\/www.demosmobilia.ch\/fr\/product\/petit-vase-boule-en-verre-epais\/"]}]},{"@type":"ImageObject","inLanguage":"fr-FR","@id":"https:\/\/www.demosmobilia.ch\/fr\/product\/petit-vase-boule-en-verre-epais\/#primaryimage","url":"https:\/\/www.demosmobilia.ch\/wp-content\/uploads\/2026\/02\/tapio-virkalla-small-ball-glass-vase-01a.jpg","contentUrl":"https:\/\/www.demosmobilia.ch\/wp-content\/uploads\/2026\/02\/tapio-virkalla-small-ball-glass-vase-01a.jpg","width":1200,"height":900},{"@type":"BreadcrumbList","@id":"https:\/\/www.demosmobilia.ch\/fr\/product\/petit-vase-boule-en-verre-epais\/#breadcrumb","itemListElement":[{"@type":"ListItem","position":1,"name":"Home","item":"https:\/\/www.demosmobilia.ch\/fr\/"},{"@type":"ListItem","position":2,"name":"Produits","item":"https:\/\/www.demosmobilia.ch\/fr\/shop\/"},{"@type":"ListItem","position":3,"name":"Petit vase boule en verre \u00e9pais"}]},{"@type":"WebSite","@id":"https:\/\/www.demosmobilia.ch\/fr\/#website","url":"https:\/\/www.demosmobilia.ch\/fr\/","name":"Demosmobilia","description":"Vintage Mid Century Modern Design Furniture from the &#039;30s to the &#039;80s","publisher":{"@id":"https:\/\/www.demosmobilia.ch\/fr\/#organization"},"potentialAction":[{"@type":"SearchAction","target":{"@type":"EntryPoint","urlTemplate":"https:\/\/www.demosmobilia.ch\/fr\/?s={search_term_string}"},"query-input":{"@type":"PropertyValueSpecification","valueRequired":true,"valueName":"search_term_string"}}],"inLanguage":"fr-FR"},{"@type":"Organization","@id":"https:\/\/www.demosmobilia.ch\/fr\/#organization","name":"demosmobilia","url":"https:\/\/www.demosmobilia.ch\/fr\/","logo":{"@type":"ImageObject","inLanguage":"fr-FR","@id":"https:\/\/www.demosmobilia.ch\/fr\/#\/schema\/logo\/image\/","url":"https:\/\/www.demosmobilia.ch\/wp-content\/uploads\/2020\/07\/demosmobilia-logo-2020-230-160.png","contentUrl":"https:\/\/www.demosmobilia.ch\/wp-content\/uploads\/2020\/07\/demosmobilia-logo-2020-230-160.png","width":230,"height":160,"caption":"demosmobilia"},"image":{"@id":"https:\/\/www.demosmobilia.ch\/fr\/#\/schema\/logo\/image\/"},"sameAs":["https:\/\/www.facebook.com\/Demos-Mobilia-1137017453131445\/","https:\/\/www.instagram.com\/demosmobilia\/"]}]}},"_links":{"self":[{"href":"https:\/\/www.demosmobilia.ch\/fr\/wp-json\/wp\/v2\/product\/86131","targetHints":{"allow":["GET"]}}],"collection":[{"href":"https:\/\/www.demosmobilia.ch\/fr\/wp-json\/wp\/v2\/product"}],"about":[{"href":"https:\/\/www.demosmobilia.ch\/fr\/wp-json\/wp\/v2\/types\/product"}],"wp:featuredmedia":[{"embeddable":true,"href":"https:\/\/www.demosmobilia.ch\/fr\/wp-json\/wp\/v2\/media\/86123"}],"wp:attachment":[{"href":"https:\/\/www.demosmobilia.ch\/fr\/wp-json\/wp\/v2\/media?parent=86131"}],"wp:term":[{"taxonomy":"product_cat","embeddable":true,"href":"https:\/\/www.demosmobilia.ch\/fr\/wp-json\/wp\/v2\/product_cat?post=86131"},{"taxonomy":"product_tag","embeddable":true,"href":"https:\/\/www.demosmobilia.ch\/fr\/wp-json\/wp\/v2\/product_tag?post=86131"}],"curies":[{"name":"wp","href":"https:\/\/api.w.org\/{rel}","templated":true}]}}