{"id":86055,"date":"2026-02-14T08:00:54","date_gmt":"2026-02-14T07:00:54","guid":{"rendered":"https:\/\/www.demosmobilia.ch\/product\/chaises-modele-cosmos-en-vinyle-rouge-fonce-dorigine\/"},"modified":"2026-02-14T08:00:54","modified_gmt":"2026-02-14T07:00:54","slug":"chaises-modele-cosmos-en-vinyle-rouge-fonce-dorigine","status":"publish","type":"product","link":"https:\/\/www.demosmobilia.ch\/fr\/product\/chaises-modele-cosmos-en-vinyle-rouge-fonce-dorigine\/","title":{"rendered":"Chaises mod\u00e8le Cosmos, en vinyle rouge fonc\u00e9 d&rsquo;origine"},"content":{"rendered":"<p data-start=\"0\" data-end=\"691\">Augusto Bozzi (1921\u20131991) est une figure centrale du design italien du XXe si\u00e8cle, reconnu pour son approche \u00e9l\u00e9gante et rationnelle de la conception de mobilier moderne. Architecte et designer, Bozzi a su allier recherche formelle, innovation structurelle et confort, se distinguant par son exploration de formes organiques et douces \u2013 en particulier dans les si\u00e8ges \u2013 qui \u00e9voquaient des langages artistiques contemporains comme le travail de Jean Arp. Il se d\u00e9marquait \u00e9galement par la l\u00e9g\u00e8ret\u00e9 des mat\u00e9riaux utilis\u00e9s, obtenue gr\u00e2ce \u00e0 des m\u00e9thodes de production innovantes. Ces \u00e9l\u00e9ments ont contribu\u00e9 de mani\u00e8re significative \u00e0 la promotion du Made in Italy sur la sc\u00e8ne internationale du design.   <\/p>\n<p data-start=\"693\" data-end=\"1207\" data-is-last-node=\"\" data-is-only-node=\"\">Une \u00e9tape d\u00e9terminante de sa carri\u00e8re fut sa collaboration avec Saporiti Italia, entreprise embl\u00e9matique de la production de mobilier haut de gamme. Pour Saporiti, Bozzi a d\u00e9velopp\u00e9 des collections caract\u00e9ris\u00e9es par des lignes \u00e9pur\u00e9es, des mat\u00e9riaux de qualit\u00e9 et des solutions techniques \u00e0 la pointe, capables de r\u00e9pondre aux besoins de l\u2019habitat contemporain avec un style sophistiqu\u00e9 et intemporel. Les cr\u00e9ations Bozzi pour Saporiti restent aujourd\u2019hui une r\u00e9f\u00e9rence pour les collectionneurs et les designers d\u2019int\u00e9rieur \u00e0 la recherche de mobilier \u00e0 la fois iconique et fonctionnel.  <\/p>\n","protected":false},"excerpt":{"rendered":"<p>Augusto Bozzi (1921\u20131991) est une figure centrale du design italien du XXe si\u00e8cle, reconnu pour son approche \u00e9l\u00e9gante et rationnelle de la conception de mobilier moderne. Architecte et designer, Bozzi a su allier recherche formelle, innovation structurelle et confort, se distinguant par son exploration de formes organiques et douces \u2013 en particulier dans les si\u00e8ges \u2013 qui \u00e9voquaient des langages artistiques contemporains comme le travail de Jean Arp. Il se d\u00e9marquait \u00e9galement par la l\u00e9g\u00e8ret\u00e9 des mat\u00e9riaux utilis\u00e9s, obtenue gr\u00e2ce \u00e0 des m\u00e9thodes de production innovantes. Ces \u00e9l\u00e9ments ont contribu\u00e9 de mani\u00e8re significative \u00e0 la promotion du Made in Italy sur la sc\u00e8ne internationale du<a class=\"more-link\" href=\"https:\/\/www.demosmobilia.ch\/fr\/product\/chaises-modele-cosmos-en-vinyle-rouge-fonce-dorigine\/\">Read More &rarr;<\/a><\/p>\n","protected":false},"featured_media":86032,"template":"","meta":{"_monsterinsights_skip_tracking":false,"_monsterinsights_sitenote_active":false,"_monsterinsights_sitenote_note":"","_monsterinsights_sitenote_category":0,"kk_blocks_editor_width":"","_kiokenblocks_attr":"","_kiokenblocks_dimensions":""},"product_cat":[4266,4071],"product_tag":[14530],"class_list":{"0":"entry","1":"author-demosmobilia","2":"post-86055","3":"product","4":"type-product","5":"status-publish","6":"has-post-thumbnail","7":"product_production-saporiti","8":"product_year-2412","9":"product_nation-italie-fr","10":"product_cat-chaises-fr","11":"product_cat-nouveautes","12":"product_tag-bozzi-augusto","13":"pa_product_dimension-56-x-53-x-assise-ht-45-x-total-ht-82-cm","14":"pa_product_material-vinyle-metal-laque-noir-laiton","16":"first","17":"instock","18":"shipping-taxable","19":"purchasable","20":"product-type-simple"},"yoast_head":"<!-- This site is optimized with the Yoast SEO plugin v24.0 - https:\/\/yoast.com\/wordpress\/plugins\/seo\/ -->\n<title>Chaises mod\u00e8le Cosmos, en vinyle rouge fonc\u00e9 d&#039;origine &#8211; Demosmobilia<\/title>\n<meta name=\"robots\" content=\"index, follow, max-snippet:-1, max-image-preview:large, max-video-preview:-1\" \/>\n<link rel=\"canonical\" href=\"https:\/\/www.demosmobilia.ch\/fr\/product\/chaises-modele-cosmos-en-vinyle-rouge-fonce-dorigine\/\" \/>\n<meta property=\"og:locale\" content=\"fr_FR\" \/>\n<meta property=\"og:type\" content=\"article\" \/>\n<meta property=\"og:title\" content=\"Chaises mod\u00e8le Cosmos, en vinyle rouge fonc\u00e9 d&#039;origine &#8211; Demosmobilia\" \/>\n<meta property=\"og:description\" content=\"Augusto Bozzi (1921\u20131991) est une figure centrale du design italien du XXe si\u00e8cle, reconnu pour son approche \u00e9l\u00e9gante et rationnelle de la conception de mobilier moderne. Architecte et designer, Bozzi a su allier recherche formelle, innovation structurelle et confort, se distinguant par son exploration de formes organiques et douces \u2013 en particulier dans les si\u00e8ges \u2013 qui \u00e9voquaient des langages artistiques contemporains comme le travail de Jean Arp. Il se d\u00e9marquait \u00e9galement par la l\u00e9g\u00e8ret\u00e9 des mat\u00e9riaux utilis\u00e9s, obtenue gr\u00e2ce \u00e0 des m\u00e9thodes de production innovantes. Ces \u00e9l\u00e9ments ont contribu\u00e9 de mani\u00e8re significative \u00e0 la promotion du Made in Italy sur la sc\u00e8ne internationale duRead More &rarr;\" \/>\n<meta property=\"og:url\" content=\"https:\/\/www.demosmobilia.ch\/fr\/product\/chaises-modele-cosmos-en-vinyle-rouge-fonce-dorigine\/\" \/>\n<meta property=\"og:site_name\" content=\"Demosmobilia\" \/>\n<meta property=\"article:publisher\" content=\"https:\/\/www.facebook.com\/Demos-Mobilia-1137017453131445\/\" \/>\n<meta property=\"og:image\" content=\"https:\/\/www.demosmobilia.ch\/wp-content\/uploads\/2026\/02\/cosmos-chairs-augusto-bozzi-saporiti-1954-italian-design-01.jpg\" \/>\n\t<meta property=\"og:image:width\" content=\"1200\" \/>\n\t<meta property=\"og:image:height\" content=\"900\" \/>\n\t<meta property=\"og:image:type\" content=\"image\/jpeg\" \/>\n<meta name=\"twitter:card\" content=\"summary_large_image\" \/>\n<meta name=\"twitter:label1\" content=\"Dur\u00e9e de lecture estim\u00e9e\" \/>\n\t<meta name=\"twitter:data1\" content=\"1 minute\" \/>\n<script type=\"application\/ld+json\" class=\"yoast-schema-graph\">{\"@context\":\"https:\/\/schema.org\",\"@graph\":[{\"@type\":\"WebPage\",\"@id\":\"https:\/\/www.demosmobilia.ch\/fr\/product\/chaises-modele-cosmos-en-vinyle-rouge-fonce-dorigine\/\",\"url\":\"https:\/\/www.demosmobilia.ch\/fr\/product\/chaises-modele-cosmos-en-vinyle-rouge-fonce-dorigine\/\",\"name\":\"Chaises mod\u00e8le Cosmos, en vinyle rouge fonc\u00e9 d'origine &#8211; Demosmobilia\",\"isPartOf\":{\"@id\":\"https:\/\/www.demosmobilia.ch\/fr\/#website\"},\"primaryImageOfPage\":{\"@id\":\"https:\/\/www.demosmobilia.ch\/fr\/product\/chaises-modele-cosmos-en-vinyle-rouge-fonce-dorigine\/#primaryimage\"},\"image\":{\"@id\":\"https:\/\/www.demosmobilia.ch\/fr\/product\/chaises-modele-cosmos-en-vinyle-rouge-fonce-dorigine\/#primaryimage\"},\"thumbnailUrl\":\"https:\/\/www.demosmobilia.ch\/wp-content\/uploads\/2026\/02\/cosmos-chairs-augusto-bozzi-saporiti-1954-italian-design-01.jpg\",\"datePublished\":\"2026-02-14T07:00:54+00:00\",\"dateModified\":\"2026-02-14T07:00:54+00:00\",\"breadcrumb\":{\"@id\":\"https:\/\/www.demosmobilia.ch\/fr\/product\/chaises-modele-cosmos-en-vinyle-rouge-fonce-dorigine\/#breadcrumb\"},\"inLanguage\":\"fr-FR\",\"potentialAction\":[{\"@type\":\"ReadAction\",\"target\":[\"https:\/\/www.demosmobilia.ch\/fr\/product\/chaises-modele-cosmos-en-vinyle-rouge-fonce-dorigine\/\"]}]},{\"@type\":\"ImageObject\",\"inLanguage\":\"fr-FR\",\"@id\":\"https:\/\/www.demosmobilia.ch\/fr\/product\/chaises-modele-cosmos-en-vinyle-rouge-fonce-dorigine\/#primaryimage\",\"url\":\"https:\/\/www.demosmobilia.ch\/wp-content\/uploads\/2026\/02\/cosmos-chairs-augusto-bozzi-saporiti-1954-italian-design-01.jpg\",\"contentUrl\":\"https:\/\/www.demosmobilia.ch\/wp-content\/uploads\/2026\/02\/cosmos-chairs-augusto-bozzi-saporiti-1954-italian-design-01.jpg\",\"width\":1200,\"height\":900},{\"@type\":\"BreadcrumbList\",\"@id\":\"https:\/\/www.demosmobilia.ch\/fr\/product\/chaises-modele-cosmos-en-vinyle-rouge-fonce-dorigine\/#breadcrumb\",\"itemListElement\":[{\"@type\":\"ListItem\",\"position\":1,\"name\":\"Home\",\"item\":\"https:\/\/www.demosmobilia.ch\/fr\/\"},{\"@type\":\"ListItem\",\"position\":2,\"name\":\"Produits\",\"item\":\"https:\/\/www.demosmobilia.ch\/fr\/shop\/\"},{\"@type\":\"ListItem\",\"position\":3,\"name\":\"Chaises mod\u00e8le Cosmos, en vinyle rouge fonc\u00e9 d&#8217;origine\"}]},{\"@type\":\"WebSite\",\"@id\":\"https:\/\/www.demosmobilia.ch\/fr\/#website\",\"url\":\"https:\/\/www.demosmobilia.ch\/fr\/\",\"name\":\"Demosmobilia\",\"description\":\"Vintage Mid Century Modern Design Furniture from the &#039;30s to the &#039;80s\",\"publisher\":{\"@id\":\"https:\/\/www.demosmobilia.ch\/fr\/#organization\"},\"potentialAction\":[{\"@type\":\"SearchAction\",\"target\":{\"@type\":\"EntryPoint\",\"urlTemplate\":\"https:\/\/www.demosmobilia.ch\/fr\/?s={search_term_string}\"},\"query-input\":{\"@type\":\"PropertyValueSpecification\",\"valueRequired\":true,\"valueName\":\"search_term_string\"}}],\"inLanguage\":\"fr-FR\"},{\"@type\":\"Organization\",\"@id\":\"https:\/\/www.demosmobilia.ch\/fr\/#organization\",\"name\":\"demosmobilia\",\"url\":\"https:\/\/www.demosmobilia.ch\/fr\/\",\"logo\":{\"@type\":\"ImageObject\",\"inLanguage\":\"fr-FR\",\"@id\":\"https:\/\/www.demosmobilia.ch\/fr\/#\/schema\/logo\/image\/\",\"url\":\"https:\/\/www.demosmobilia.ch\/wp-content\/uploads\/2020\/07\/demosmobilia-logo-2020-230-160.png\",\"contentUrl\":\"https:\/\/www.demosmobilia.ch\/wp-content\/uploads\/2020\/07\/demosmobilia-logo-2020-230-160.png\",\"width\":230,\"height\":160,\"caption\":\"demosmobilia\"},\"image\":{\"@id\":\"https:\/\/www.demosmobilia.ch\/fr\/#\/schema\/logo\/image\/\"},\"sameAs\":[\"https:\/\/www.facebook.com\/Demos-Mobilia-1137017453131445\/\",\"https:\/\/www.instagram.com\/demosmobilia\/\"]}]}<\/script>\n<!-- \/ Yoast SEO plugin. -->","yoast_head_json":{"title":"Chaises mod\u00e8le Cosmos, en vinyle rouge fonc\u00e9 d'origine &#8211; Demosmobilia","robots":{"index":"index","follow":"follow","max-snippet":"max-snippet:-1","max-image-preview":"max-image-preview:large","max-video-preview":"max-video-preview:-1"},"canonical":"https:\/\/www.demosmobilia.ch\/fr\/product\/chaises-modele-cosmos-en-vinyle-rouge-fonce-dorigine\/","og_locale":"fr_FR","og_type":"article","og_title":"Chaises mod\u00e8le Cosmos, en vinyle rouge fonc\u00e9 d'origine &#8211; Demosmobilia","og_description":"Augusto Bozzi (1921\u20131991) est une figure centrale du design italien du XXe si\u00e8cle, reconnu pour son approche \u00e9l\u00e9gante et rationnelle de la conception de mobilier moderne. Architecte et designer, Bozzi a su allier recherche formelle, innovation structurelle et confort, se distinguant par son exploration de formes organiques et douces \u2013 en particulier dans les si\u00e8ges \u2013 qui \u00e9voquaient des langages artistiques contemporains comme le travail de Jean Arp. Il se d\u00e9marquait \u00e9galement par la l\u00e9g\u00e8ret\u00e9 des mat\u00e9riaux utilis\u00e9s, obtenue gr\u00e2ce \u00e0 des m\u00e9thodes de production innovantes. Ces \u00e9l\u00e9ments ont contribu\u00e9 de mani\u00e8re significative \u00e0 la promotion du Made in Italy sur la sc\u00e8ne internationale duRead More &rarr;","og_url":"https:\/\/www.demosmobilia.ch\/fr\/product\/chaises-modele-cosmos-en-vinyle-rouge-fonce-dorigine\/","og_site_name":"Demosmobilia","article_publisher":"https:\/\/www.facebook.com\/Demos-Mobilia-1137017453131445\/","og_image":[{"width":1200,"height":900,"url":"https:\/\/www.demosmobilia.ch\/wp-content\/uploads\/2026\/02\/cosmos-chairs-augusto-bozzi-saporiti-1954-italian-design-01.jpg","type":"image\/jpeg"}],"twitter_card":"summary_large_image","twitter_misc":{"Dur\u00e9e de lecture estim\u00e9e":"1 minute"},"schema":{"@context":"https:\/\/schema.org","@graph":[{"@type":"WebPage","@id":"https:\/\/www.demosmobilia.ch\/fr\/product\/chaises-modele-cosmos-en-vinyle-rouge-fonce-dorigine\/","url":"https:\/\/www.demosmobilia.ch\/fr\/product\/chaises-modele-cosmos-en-vinyle-rouge-fonce-dorigine\/","name":"Chaises mod\u00e8le Cosmos, en vinyle rouge fonc\u00e9 d'origine &#8211; Demosmobilia","isPartOf":{"@id":"https:\/\/www.demosmobilia.ch\/fr\/#website"},"primaryImageOfPage":{"@id":"https:\/\/www.demosmobilia.ch\/fr\/product\/chaises-modele-cosmos-en-vinyle-rouge-fonce-dorigine\/#primaryimage"},"image":{"@id":"https:\/\/www.demosmobilia.ch\/fr\/product\/chaises-modele-cosmos-en-vinyle-rouge-fonce-dorigine\/#primaryimage"},"thumbnailUrl":"https:\/\/www.demosmobilia.ch\/wp-content\/uploads\/2026\/02\/cosmos-chairs-augusto-bozzi-saporiti-1954-italian-design-01.jpg","datePublished":"2026-02-14T07:00:54+00:00","dateModified":"2026-02-14T07:00:54+00:00","breadcrumb":{"@id":"https:\/\/www.demosmobilia.ch\/fr\/product\/chaises-modele-cosmos-en-vinyle-rouge-fonce-dorigine\/#breadcrumb"},"inLanguage":"fr-FR","potentialAction":[{"@type":"ReadAction","target":["https:\/\/www.demosmobilia.ch\/fr\/product\/chaises-modele-cosmos-en-vinyle-rouge-fonce-dorigine\/"]}]},{"@type":"ImageObject","inLanguage":"fr-FR","@id":"https:\/\/www.demosmobilia.ch\/fr\/product\/chaises-modele-cosmos-en-vinyle-rouge-fonce-dorigine\/#primaryimage","url":"https:\/\/www.demosmobilia.ch\/wp-content\/uploads\/2026\/02\/cosmos-chairs-augusto-bozzi-saporiti-1954-italian-design-01.jpg","contentUrl":"https:\/\/www.demosmobilia.ch\/wp-content\/uploads\/2026\/02\/cosmos-chairs-augusto-bozzi-saporiti-1954-italian-design-01.jpg","width":1200,"height":900},{"@type":"BreadcrumbList","@id":"https:\/\/www.demosmobilia.ch\/fr\/product\/chaises-modele-cosmos-en-vinyle-rouge-fonce-dorigine\/#breadcrumb","itemListElement":[{"@type":"ListItem","position":1,"name":"Home","item":"https:\/\/www.demosmobilia.ch\/fr\/"},{"@type":"ListItem","position":2,"name":"Produits","item":"https:\/\/www.demosmobilia.ch\/fr\/shop\/"},{"@type":"ListItem","position":3,"name":"Chaises mod\u00e8le Cosmos, en vinyle rouge fonc\u00e9 d&#8217;origine"}]},{"@type":"WebSite","@id":"https:\/\/www.demosmobilia.ch\/fr\/#website","url":"https:\/\/www.demosmobilia.ch\/fr\/","name":"Demosmobilia","description":"Vintage Mid Century Modern Design Furniture from the &#039;30s to the &#039;80s","publisher":{"@id":"https:\/\/www.demosmobilia.ch\/fr\/#organization"},"potentialAction":[{"@type":"SearchAction","target":{"@type":"EntryPoint","urlTemplate":"https:\/\/www.demosmobilia.ch\/fr\/?s={search_term_string}"},"query-input":{"@type":"PropertyValueSpecification","valueRequired":true,"valueName":"search_term_string"}}],"inLanguage":"fr-FR"},{"@type":"Organization","@id":"https:\/\/www.demosmobilia.ch\/fr\/#organization","name":"demosmobilia","url":"https:\/\/www.demosmobilia.ch\/fr\/","logo":{"@type":"ImageObject","inLanguage":"fr-FR","@id":"https:\/\/www.demosmobilia.ch\/fr\/#\/schema\/logo\/image\/","url":"https:\/\/www.demosmobilia.ch\/wp-content\/uploads\/2020\/07\/demosmobilia-logo-2020-230-160.png","contentUrl":"https:\/\/www.demosmobilia.ch\/wp-content\/uploads\/2020\/07\/demosmobilia-logo-2020-230-160.png","width":230,"height":160,"caption":"demosmobilia"},"image":{"@id":"https:\/\/www.demosmobilia.ch\/fr\/#\/schema\/logo\/image\/"},"sameAs":["https:\/\/www.facebook.com\/Demos-Mobilia-1137017453131445\/","https:\/\/www.instagram.com\/demosmobilia\/"]}]}},"_links":{"self":[{"href":"https:\/\/www.demosmobilia.ch\/fr\/wp-json\/wp\/v2\/product\/86055","targetHints":{"allow":["GET"]}}],"collection":[{"href":"https:\/\/www.demosmobilia.ch\/fr\/wp-json\/wp\/v2\/product"}],"about":[{"href":"https:\/\/www.demosmobilia.ch\/fr\/wp-json\/wp\/v2\/types\/product"}],"wp:featuredmedia":[{"embeddable":true,"href":"https:\/\/www.demosmobilia.ch\/fr\/wp-json\/wp\/v2\/media\/86032"}],"wp:attachment":[{"href":"https:\/\/www.demosmobilia.ch\/fr\/wp-json\/wp\/v2\/media?parent=86055"}],"wp:term":[{"taxonomy":"product_cat","embeddable":true,"href":"https:\/\/www.demosmobilia.ch\/fr\/wp-json\/wp\/v2\/product_cat?post=86055"},{"taxonomy":"product_tag","embeddable":true,"href":"https:\/\/www.demosmobilia.ch\/fr\/wp-json\/wp\/v2\/product_tag?post=86055"}],"curies":[{"name":"wp","href":"https:\/\/api.w.org\/{rel}","templated":true}]}}