{"id":86023,"date":"2026-02-14T08:30:59","date_gmt":"2026-02-14T07:30:59","guid":{"rendered":"https:\/\/www.demosmobilia.ch\/product\/lampadaire-reglable-stilnovo-mod-4060-4060\/"},"modified":"2026-02-14T08:30:59","modified_gmt":"2026-02-14T07:30:59","slug":"lampadaire-reglable-stilnovo-mod-4060-4060","status":"publish","type":"product","link":"https:\/\/www.demosmobilia.ch\/fr\/product\/lampadaire-reglable-stilnovo-mod-4060-4060\/","title":{"rendered":"Lampadaire r\u00e9glable Stilnovo Mod. 4060 4060"},"content":{"rendered":"<p data-start=\"0\" data-end=\"380\">Stilnovo est une r\u00e9f\u00e9rence incontournable dans le domaine de l\u2019\u00e9clairage design italien, synonyme d\u2019innovation technologique, d\u2019\u00e9l\u00e9gance formelle et de recherche esth\u00e9tique. Fond\u00e9e \u00e0 Milan en 1946, l\u2019entreprise a r\u00e9volutionn\u00e9 le concept de lumi\u00e8re d\u00e9corative en collaborant avec de grands designers et en cr\u00e9ant des lampes qui allient parfaitement fonctionnalit\u00e9 et identit\u00e9 stylistique. <\/p>\n<p data-start=\"382\" data-end=\"856\">La production de lampes Stilnovo se distingue par l\u2019\u00e9quilibre entre h\u00e9ritage et contemporan\u00e9it\u00e9 : suspensions, appliques murales, lampadaires et lampes de table con\u00e7us pour sublimer aussi bien les espaces r\u00e9sidentiels que les projets contract. Des mat\u00e9riaux de haute qualit\u00e9, une recherche avanc\u00e9e sur les technologies lumineuses et une attention minutieuse aux d\u00e9tails font de chaque collection une expression de l\u2019excellence du design italien, tr\u00e8s recherch\u00e9e par les architectes et les d\u00e9corateurs d\u2019int\u00e9rieur. <\/p>\n<p data-start=\"858\" data-end=\"1404\" data-is-last-node=\"\" data-is-only-node=\"\">Parmi les mod\u00e8les embl\u00e9matiques figure le lampadaire r\u00e9glable Mod\u00e8le 4060 de 1962, parfaite illustration du design italien de l\u2019apr\u00e8s-guerre. Dot\u00e9 d\u2019une structure \u00e9lanc\u00e9e et d\u2019un syst\u00e8me orientable permettant d\u2019ajuster la direction et l\u2019intensit\u00e9 de la lumi\u00e8re, ce luminaire incarne la rencontre entre rigueur formelle et innovation technique. Aujourd\u2019hui encore, le Mod\u00e8le 4060 s\u00e9duit par ses lignes \u00e9pur\u00e9es et sa polyvalence, s\u2019int\u00e9grant avec \u00e9l\u00e9gance dans des int\u00e9rieurs modernes ou vintage et confirmant le positionnement de Stilnovo dans l\u2019\u00e9clairage design haut de gamme.  <\/p>\n","protected":false},"excerpt":{"rendered":"<p>Stilnovo est une r\u00e9f\u00e9rence incontournable dans le domaine de l\u2019\u00e9clairage design italien, synonyme d\u2019innovation technologique, d\u2019\u00e9l\u00e9gance formelle et de recherche esth\u00e9tique. Fond\u00e9e \u00e0 Milan en 1946, l\u2019entreprise a r\u00e9volutionn\u00e9 le concept de lumi\u00e8re d\u00e9corative en collaborant avec de grands designers et en cr\u00e9ant des lampes qui allient parfaitement fonctionnalit\u00e9 et identit\u00e9 stylistique. La production de lampes Stilnovo se distingue par l\u2019\u00e9quilibre entre h\u00e9ritage et contemporan\u00e9it\u00e9 : suspensions, appliques murales, lampadaires et lampes de table con\u00e7us pour sublimer aussi bien les espaces r\u00e9sidentiels que les projets contract. Des mat\u00e9riaux de haute qualit\u00e9, une recherche avanc\u00e9e sur les technologies lumineuses et une attention minutieuse aux d\u00e9tails font<a class=\"more-link\" href=\"https:\/\/www.demosmobilia.ch\/fr\/product\/lampadaire-reglable-stilnovo-mod-4060-4060\/\">Read More &rarr;<\/a><\/p>\n","protected":false},"featured_media":85967,"template":"","meta":{"_monsterinsights_skip_tracking":false,"_monsterinsights_sitenote_active":false,"_monsterinsights_sitenote_note":"","_monsterinsights_sitenote_category":0,"kk_blocks_editor_width":"","_kiokenblocks_attr":"","_kiokenblocks_dimensions":""},"product_cat":[4246,4071],"product_tag":[],"class_list":{"0":"entry","1":"author-demosmobilia","2":"post-86023","3":"product","4":"type-product","5":"status-publish","6":"has-post-thumbnail","7":"product_production-stilnovo","8":"product_year-2396","9":"product_nation-italie-fr","10":"product_cat-lampadaires","11":"product_cat-nouveautes","12":"pa_product_dimension-110-x-50-x-dia-40-x-ht-190-cm","13":"pa_product_material-laiton-nickele-metal-laque-verre","15":"first","16":"instock","17":"shipping-taxable","18":"purchasable","19":"product-type-simple"},"yoast_head":"<!-- This site is optimized with the Yoast SEO plugin v24.0 - https:\/\/yoast.com\/wordpress\/plugins\/seo\/ -->\n<title>Lampadaire r\u00e9glable Stilnovo Mod. 4060 4060 &#8211; Demosmobilia<\/title>\n<meta name=\"robots\" content=\"index, follow, max-snippet:-1, max-image-preview:large, max-video-preview:-1\" \/>\n<link rel=\"canonical\" href=\"https:\/\/www.demosmobilia.ch\/fr\/product\/lampadaire-reglable-stilnovo-mod-4060-4060\/\" \/>\n<meta property=\"og:locale\" content=\"fr_FR\" \/>\n<meta property=\"og:type\" content=\"article\" \/>\n<meta property=\"og:title\" content=\"Lampadaire r\u00e9glable Stilnovo Mod. 4060 4060 &#8211; Demosmobilia\" \/>\n<meta property=\"og:description\" content=\"Stilnovo est une r\u00e9f\u00e9rence incontournable dans le domaine de l\u2019\u00e9clairage design italien, synonyme d\u2019innovation technologique, d\u2019\u00e9l\u00e9gance formelle et de recherche esth\u00e9tique. Fond\u00e9e \u00e0 Milan en 1946, l\u2019entreprise a r\u00e9volutionn\u00e9 le concept de lumi\u00e8re d\u00e9corative en collaborant avec de grands designers et en cr\u00e9ant des lampes qui allient parfaitement fonctionnalit\u00e9 et identit\u00e9 stylistique. La production de lampes Stilnovo se distingue par l\u2019\u00e9quilibre entre h\u00e9ritage et contemporan\u00e9it\u00e9 : suspensions, appliques murales, lampadaires et lampes de table con\u00e7us pour sublimer aussi bien les espaces r\u00e9sidentiels que les projets contract. Des mat\u00e9riaux de haute qualit\u00e9, une recherche avanc\u00e9e sur les technologies lumineuses et une attention minutieuse aux d\u00e9tails fontRead More &rarr;\" \/>\n<meta property=\"og:url\" content=\"https:\/\/www.demosmobilia.ch\/fr\/product\/lampadaire-reglable-stilnovo-mod-4060-4060\/\" \/>\n<meta property=\"og:site_name\" content=\"Demosmobilia\" \/>\n<meta property=\"article:publisher\" content=\"https:\/\/www.facebook.com\/Demos-Mobilia-1137017453131445\/\" \/>\n<meta property=\"og:image\" content=\"https:\/\/www.demosmobilia.ch\/wp-content\/uploads\/2026\/02\/stilnovo-floor-lamp-model4060-1962-italian-design-01.jpg\" \/>\n\t<meta property=\"og:image:width\" content=\"1200\" \/>\n\t<meta property=\"og:image:height\" content=\"900\" \/>\n\t<meta property=\"og:image:type\" content=\"image\/jpeg\" \/>\n<meta name=\"twitter:card\" content=\"summary_large_image\" \/>\n<meta name=\"twitter:label1\" content=\"Dur\u00e9e de lecture estim\u00e9e\" \/>\n\t<meta name=\"twitter:data1\" content=\"1 minute\" \/>\n<script type=\"application\/ld+json\" class=\"yoast-schema-graph\">{\"@context\":\"https:\/\/schema.org\",\"@graph\":[{\"@type\":\"WebPage\",\"@id\":\"https:\/\/www.demosmobilia.ch\/fr\/product\/lampadaire-reglable-stilnovo-mod-4060-4060\/\",\"url\":\"https:\/\/www.demosmobilia.ch\/fr\/product\/lampadaire-reglable-stilnovo-mod-4060-4060\/\",\"name\":\"Lampadaire r\u00e9glable Stilnovo Mod. 4060 4060 &#8211; Demosmobilia\",\"isPartOf\":{\"@id\":\"https:\/\/www.demosmobilia.ch\/fr\/#website\"},\"primaryImageOfPage\":{\"@id\":\"https:\/\/www.demosmobilia.ch\/fr\/product\/lampadaire-reglable-stilnovo-mod-4060-4060\/#primaryimage\"},\"image\":{\"@id\":\"https:\/\/www.demosmobilia.ch\/fr\/product\/lampadaire-reglable-stilnovo-mod-4060-4060\/#primaryimage\"},\"thumbnailUrl\":\"https:\/\/www.demosmobilia.ch\/wp-content\/uploads\/2026\/02\/stilnovo-floor-lamp-model4060-1962-italian-design-01.jpg\",\"datePublished\":\"2026-02-14T07:30:59+00:00\",\"dateModified\":\"2026-02-14T07:30:59+00:00\",\"breadcrumb\":{\"@id\":\"https:\/\/www.demosmobilia.ch\/fr\/product\/lampadaire-reglable-stilnovo-mod-4060-4060\/#breadcrumb\"},\"inLanguage\":\"fr-FR\",\"potentialAction\":[{\"@type\":\"ReadAction\",\"target\":[\"https:\/\/www.demosmobilia.ch\/fr\/product\/lampadaire-reglable-stilnovo-mod-4060-4060\/\"]}]},{\"@type\":\"ImageObject\",\"inLanguage\":\"fr-FR\",\"@id\":\"https:\/\/www.demosmobilia.ch\/fr\/product\/lampadaire-reglable-stilnovo-mod-4060-4060\/#primaryimage\",\"url\":\"https:\/\/www.demosmobilia.ch\/wp-content\/uploads\/2026\/02\/stilnovo-floor-lamp-model4060-1962-italian-design-01.jpg\",\"contentUrl\":\"https:\/\/www.demosmobilia.ch\/wp-content\/uploads\/2026\/02\/stilnovo-floor-lamp-model4060-1962-italian-design-01.jpg\",\"width\":1200,\"height\":900},{\"@type\":\"BreadcrumbList\",\"@id\":\"https:\/\/www.demosmobilia.ch\/fr\/product\/lampadaire-reglable-stilnovo-mod-4060-4060\/#breadcrumb\",\"itemListElement\":[{\"@type\":\"ListItem\",\"position\":1,\"name\":\"Home\",\"item\":\"https:\/\/www.demosmobilia.ch\/fr\/\"},{\"@type\":\"ListItem\",\"position\":2,\"name\":\"Produits\",\"item\":\"https:\/\/www.demosmobilia.ch\/fr\/shop\/\"},{\"@type\":\"ListItem\",\"position\":3,\"name\":\"Lampadaire r\u00e9glable Stilnovo Mod. 4060 4060\"}]},{\"@type\":\"WebSite\",\"@id\":\"https:\/\/www.demosmobilia.ch\/fr\/#website\",\"url\":\"https:\/\/www.demosmobilia.ch\/fr\/\",\"name\":\"Demosmobilia\",\"description\":\"Vintage Mid Century Modern Design Furniture from the &#039;30s to the &#039;80s\",\"publisher\":{\"@id\":\"https:\/\/www.demosmobilia.ch\/fr\/#organization\"},\"potentialAction\":[{\"@type\":\"SearchAction\",\"target\":{\"@type\":\"EntryPoint\",\"urlTemplate\":\"https:\/\/www.demosmobilia.ch\/fr\/?s={search_term_string}\"},\"query-input\":{\"@type\":\"PropertyValueSpecification\",\"valueRequired\":true,\"valueName\":\"search_term_string\"}}],\"inLanguage\":\"fr-FR\"},{\"@type\":\"Organization\",\"@id\":\"https:\/\/www.demosmobilia.ch\/fr\/#organization\",\"name\":\"demosmobilia\",\"url\":\"https:\/\/www.demosmobilia.ch\/fr\/\",\"logo\":{\"@type\":\"ImageObject\",\"inLanguage\":\"fr-FR\",\"@id\":\"https:\/\/www.demosmobilia.ch\/fr\/#\/schema\/logo\/image\/\",\"url\":\"https:\/\/www.demosmobilia.ch\/wp-content\/uploads\/2020\/07\/demosmobilia-logo-2020-230-160.png\",\"contentUrl\":\"https:\/\/www.demosmobilia.ch\/wp-content\/uploads\/2020\/07\/demosmobilia-logo-2020-230-160.png\",\"width\":230,\"height\":160,\"caption\":\"demosmobilia\"},\"image\":{\"@id\":\"https:\/\/www.demosmobilia.ch\/fr\/#\/schema\/logo\/image\/\"},\"sameAs\":[\"https:\/\/www.facebook.com\/Demos-Mobilia-1137017453131445\/\",\"https:\/\/www.instagram.com\/demosmobilia\/\"]}]}<\/script>\n<!-- \/ Yoast SEO plugin. -->","yoast_head_json":{"title":"Lampadaire r\u00e9glable Stilnovo Mod. 4060 4060 &#8211; Demosmobilia","robots":{"index":"index","follow":"follow","max-snippet":"max-snippet:-1","max-image-preview":"max-image-preview:large","max-video-preview":"max-video-preview:-1"},"canonical":"https:\/\/www.demosmobilia.ch\/fr\/product\/lampadaire-reglable-stilnovo-mod-4060-4060\/","og_locale":"fr_FR","og_type":"article","og_title":"Lampadaire r\u00e9glable Stilnovo Mod. 4060 4060 &#8211; Demosmobilia","og_description":"Stilnovo est une r\u00e9f\u00e9rence incontournable dans le domaine de l\u2019\u00e9clairage design italien, synonyme d\u2019innovation technologique, d\u2019\u00e9l\u00e9gance formelle et de recherche esth\u00e9tique. Fond\u00e9e \u00e0 Milan en 1946, l\u2019entreprise a r\u00e9volutionn\u00e9 le concept de lumi\u00e8re d\u00e9corative en collaborant avec de grands designers et en cr\u00e9ant des lampes qui allient parfaitement fonctionnalit\u00e9 et identit\u00e9 stylistique. La production de lampes Stilnovo se distingue par l\u2019\u00e9quilibre entre h\u00e9ritage et contemporan\u00e9it\u00e9 : suspensions, appliques murales, lampadaires et lampes de table con\u00e7us pour sublimer aussi bien les espaces r\u00e9sidentiels que les projets contract. Des mat\u00e9riaux de haute qualit\u00e9, une recherche avanc\u00e9e sur les technologies lumineuses et une attention minutieuse aux d\u00e9tails fontRead More &rarr;","og_url":"https:\/\/www.demosmobilia.ch\/fr\/product\/lampadaire-reglable-stilnovo-mod-4060-4060\/","og_site_name":"Demosmobilia","article_publisher":"https:\/\/www.facebook.com\/Demos-Mobilia-1137017453131445\/","og_image":[{"width":1200,"height":900,"url":"https:\/\/www.demosmobilia.ch\/wp-content\/uploads\/2026\/02\/stilnovo-floor-lamp-model4060-1962-italian-design-01.jpg","type":"image\/jpeg"}],"twitter_card":"summary_large_image","twitter_misc":{"Dur\u00e9e de lecture estim\u00e9e":"1 minute"},"schema":{"@context":"https:\/\/schema.org","@graph":[{"@type":"WebPage","@id":"https:\/\/www.demosmobilia.ch\/fr\/product\/lampadaire-reglable-stilnovo-mod-4060-4060\/","url":"https:\/\/www.demosmobilia.ch\/fr\/product\/lampadaire-reglable-stilnovo-mod-4060-4060\/","name":"Lampadaire r\u00e9glable Stilnovo Mod. 4060 4060 &#8211; Demosmobilia","isPartOf":{"@id":"https:\/\/www.demosmobilia.ch\/fr\/#website"},"primaryImageOfPage":{"@id":"https:\/\/www.demosmobilia.ch\/fr\/product\/lampadaire-reglable-stilnovo-mod-4060-4060\/#primaryimage"},"image":{"@id":"https:\/\/www.demosmobilia.ch\/fr\/product\/lampadaire-reglable-stilnovo-mod-4060-4060\/#primaryimage"},"thumbnailUrl":"https:\/\/www.demosmobilia.ch\/wp-content\/uploads\/2026\/02\/stilnovo-floor-lamp-model4060-1962-italian-design-01.jpg","datePublished":"2026-02-14T07:30:59+00:00","dateModified":"2026-02-14T07:30:59+00:00","breadcrumb":{"@id":"https:\/\/www.demosmobilia.ch\/fr\/product\/lampadaire-reglable-stilnovo-mod-4060-4060\/#breadcrumb"},"inLanguage":"fr-FR","potentialAction":[{"@type":"ReadAction","target":["https:\/\/www.demosmobilia.ch\/fr\/product\/lampadaire-reglable-stilnovo-mod-4060-4060\/"]}]},{"@type":"ImageObject","inLanguage":"fr-FR","@id":"https:\/\/www.demosmobilia.ch\/fr\/product\/lampadaire-reglable-stilnovo-mod-4060-4060\/#primaryimage","url":"https:\/\/www.demosmobilia.ch\/wp-content\/uploads\/2026\/02\/stilnovo-floor-lamp-model4060-1962-italian-design-01.jpg","contentUrl":"https:\/\/www.demosmobilia.ch\/wp-content\/uploads\/2026\/02\/stilnovo-floor-lamp-model4060-1962-italian-design-01.jpg","width":1200,"height":900},{"@type":"BreadcrumbList","@id":"https:\/\/www.demosmobilia.ch\/fr\/product\/lampadaire-reglable-stilnovo-mod-4060-4060\/#breadcrumb","itemListElement":[{"@type":"ListItem","position":1,"name":"Home","item":"https:\/\/www.demosmobilia.ch\/fr\/"},{"@type":"ListItem","position":2,"name":"Produits","item":"https:\/\/www.demosmobilia.ch\/fr\/shop\/"},{"@type":"ListItem","position":3,"name":"Lampadaire r\u00e9glable Stilnovo Mod. 4060 4060"}]},{"@type":"WebSite","@id":"https:\/\/www.demosmobilia.ch\/fr\/#website","url":"https:\/\/www.demosmobilia.ch\/fr\/","name":"Demosmobilia","description":"Vintage Mid Century Modern Design Furniture from the &#039;30s to the &#039;80s","publisher":{"@id":"https:\/\/www.demosmobilia.ch\/fr\/#organization"},"potentialAction":[{"@type":"SearchAction","target":{"@type":"EntryPoint","urlTemplate":"https:\/\/www.demosmobilia.ch\/fr\/?s={search_term_string}"},"query-input":{"@type":"PropertyValueSpecification","valueRequired":true,"valueName":"search_term_string"}}],"inLanguage":"fr-FR"},{"@type":"Organization","@id":"https:\/\/www.demosmobilia.ch\/fr\/#organization","name":"demosmobilia","url":"https:\/\/www.demosmobilia.ch\/fr\/","logo":{"@type":"ImageObject","inLanguage":"fr-FR","@id":"https:\/\/www.demosmobilia.ch\/fr\/#\/schema\/logo\/image\/","url":"https:\/\/www.demosmobilia.ch\/wp-content\/uploads\/2020\/07\/demosmobilia-logo-2020-230-160.png","contentUrl":"https:\/\/www.demosmobilia.ch\/wp-content\/uploads\/2020\/07\/demosmobilia-logo-2020-230-160.png","width":230,"height":160,"caption":"demosmobilia"},"image":{"@id":"https:\/\/www.demosmobilia.ch\/fr\/#\/schema\/logo\/image\/"},"sameAs":["https:\/\/www.facebook.com\/Demos-Mobilia-1137017453131445\/","https:\/\/www.instagram.com\/demosmobilia\/"]}]}},"_links":{"self":[{"href":"https:\/\/www.demosmobilia.ch\/fr\/wp-json\/wp\/v2\/product\/86023","targetHints":{"allow":["GET"]}}],"collection":[{"href":"https:\/\/www.demosmobilia.ch\/fr\/wp-json\/wp\/v2\/product"}],"about":[{"href":"https:\/\/www.demosmobilia.ch\/fr\/wp-json\/wp\/v2\/types\/product"}],"wp:featuredmedia":[{"embeddable":true,"href":"https:\/\/www.demosmobilia.ch\/fr\/wp-json\/wp\/v2\/media\/85967"}],"wp:attachment":[{"href":"https:\/\/www.demosmobilia.ch\/fr\/wp-json\/wp\/v2\/media?parent=86023"}],"wp:term":[{"taxonomy":"product_cat","embeddable":true,"href":"https:\/\/www.demosmobilia.ch\/fr\/wp-json\/wp\/v2\/product_cat?post=86023"},{"taxonomy":"product_tag","embeddable":true,"href":"https:\/\/www.demosmobilia.ch\/fr\/wp-json\/wp\/v2\/product_tag?post=86023"}],"curies":[{"name":"wp","href":"https:\/\/api.w.org\/{rel}","templated":true}]}}