{"id":85923,"date":"2026-02-13T16:30:25","date_gmt":"2026-02-13T15:30:25","guid":{"rendered":"https:\/\/www.demosmobilia.ch\/product\/petit-vase-en-ceramique-bleu-klein\/"},"modified":"2026-02-13T16:30:25","modified_gmt":"2026-02-13T15:30:25","slug":"petit-vase-en-ceramique-bleu-klein","status":"publish","type":"product","link":"https:\/\/www.demosmobilia.ch\/fr\/product\/petit-vase-en-ceramique-bleu-klein\/","title":{"rendered":"Petit vase en c\u00e9ramique bleu Klein"},"content":{"rendered":"<article class=\"text-token-text-primary w-full focus:outline-none [--shadow-height:45px] has-data-writing-block:pointer-events-none has-data-writing-block:-mt-(--shadow-height) has-data-writing-block:pt-(--shadow-height) [&amp;:has([data-writing-block])&gt;*]:pointer-events-auto scroll-mt-(--header-height)\" dir=\"auto\" tabindex=\"-1\" data-turn-id=\"7b4425d6-a4f1-485c-9f82-bf56f8ffe4ef\" data-testid=\"conversation-turn-13\" data-scroll-anchor=\"false\" data-turn=\"user\"><\/article>\n<article class=\"text-token-text-primary w-full focus:outline-none [--shadow-height:45px] has-data-writing-block:pointer-events-none has-data-writing-block:-mt-(--shadow-height) has-data-writing-block:pt-(--shadow-height) [&amp;:has([data-writing-block])&gt;*]:pointer-events-auto scroll-mt-[calc(var(--header-height)+min(200px,max(70px,20svh)))]\" dir=\"auto\" tabindex=\"-1\" data-turn-id=\"request-WEB:0502fa9d-a230-4eeb-b58e-0d0b66646a62-6\" data-testid=\"conversation-turn-14\" data-scroll-anchor=\"false\" data-turn=\"assistant\">\n<div class=\"text-base my-auto mx-auto [--thread-content-margin:--spacing(4)] @w-sm\/main:[--thread-content-margin:--spacing(6)] @w-lg\/main:[--thread-content-margin:--spacing(16)] px-(--thread-content-margin)\">\n<div class=\"[--thread-content-max-width:40rem] @w-lg\/main:[--thread-content-max-width:48rem] mx-auto max-w-(--thread-content-max-width) flex-1 group\/turn-messages focus-visible:outline-hidden relative flex w-full min-w-0 flex-col agent-turn\" tabindex=\"-1\">\n<div class=\"flex max-w-full flex-col grow\">\n<div class=\"min-h-8 text-message relative flex w-full flex-col items-end gap-2 text-start break-words whitespace-normal [.text-message+&amp;]:mt-1\" dir=\"auto\" data-message-author-role=\"assistant\" data-message-id=\"c4ce3533-05a6-4d75-91c5-d85a06d9547d\" data-message-model-slug=\"gpt-5-2\">\n<div class=\"flex w-full flex-col gap-1 empty:hidden first:pt-[1px]\">\n<div class=\"markdown prose dark:prose-invert w-full wrap-break-word light markdown-new-styling\">\n<p data-start=\"0\" data-end=\"461\">Dans les ann\u00e9es 1960, le Bleu Klein, \u00e9galement connu sous le nom d\u2019International Klein Blue (IKB), transforme profond\u00e9ment la relation entre l\u2019art, le design et la perception de l\u2019espace. Cr\u00e9\u00e9 par l\u2019artiste fran\u00e7ais Yves Klein, le Bleu Klein s\u2019impose comme l\u2019une des couleurs les plus iconiques de la d\u00e9cennie, symbole de modernit\u00e9, d\u2019exp\u00e9rimentation et de rupture avec la tradition. Sa teinte intense, satur\u00e9e et vibrante d\u00e9passe la simple fonction d\u00e9corative pour devenir une v\u00e9ritable d\u00e9claration visuelle.  <\/p>\n<p data-start=\"463\" data-end=\"896\">Au cours des ann\u00e9es 1960, designers et architectes utilisent activement le Bleu Klein pour valoriser les nouvelles formes plastiques, les mat\u00e9riaux innovants et l\u2019esth\u00e9tique Pop. Ils appliquent ce bleu audacieux afin de souligner les volumes, cr\u00e9er des contrastes marqu\u00e9s avec le blanc et l\u2019orange, et mettre en valeur du mobilier futuriste aux lignes douces et sculpturales. Dans une \u00e9poque marqu\u00e9e par l\u2019optimisme technologique et la culture spatiale, le Bleu Klein incarne la profondeur, l\u2019infini et l\u2019avant-garde du design.  <\/p>\n<\/div>\n<\/div>\n<\/div>\n<\/div>\n<\/div>\n<\/div>\n<\/article>\n","protected":false},"excerpt":{"rendered":"<p>Dans les ann\u00e9es 1960, le Bleu Klein, \u00e9galement connu sous le nom d\u2019International Klein Blue (IKB), transforme profond\u00e9ment la relation entre l\u2019art, le design et la perception de l\u2019espace. Cr\u00e9\u00e9 par l\u2019artiste fran\u00e7ais Yves Klein, le Bleu Klein s\u2019impose comme l\u2019une des couleurs les plus iconiques de la d\u00e9cennie, symbole de modernit\u00e9, d\u2019exp\u00e9rimentation et de rupture avec la tradition. Sa teinte intense, satur\u00e9e et vibrante d\u00e9passe la simple fonction d\u00e9corative pour devenir une v\u00e9ritable d\u00e9claration visuelle. Au cours des ann\u00e9es 1960, designers et architectes utilisent activement le Bleu Klein pour valoriser les nouvelles formes plastiques, les mat\u00e9riaux innovants et l\u2019esth\u00e9tique Pop. Ils appliquent ce bleu<a class=\"more-link\" href=\"https:\/\/www.demosmobilia.ch\/fr\/product\/petit-vase-en-ceramique-bleu-klein\/\">Read More &rarr;<\/a><\/p>\n","protected":false},"featured_media":85911,"template":"","meta":{"_monsterinsights_skip_tracking":false,"_monsterinsights_sitenote_active":false,"_monsterinsights_sitenote_note":"","_monsterinsights_sitenote_category":0,"kk_blocks_editor_width":"","_kiokenblocks_attr":"","_kiokenblocks_dimensions":""},"product_cat":[4244,4071],"product_tag":[],"class_list":{"0":"entry","1":"author-demosmobilia","2":"post-85923","3":"product","4":"type-product","5":"status-publish","6":"has-post-thumbnail","7":"product_production-german-production","8":"product_year-1960-approx","9":"product_nation-allemagne","10":"product_cat-bols","11":"product_cat-nouveautes","12":"pa_product_dimension-dia-16-x-ht-12-cm","13":"pa_product_material-ceramique-glacure-materique","15":"first","16":"instock","17":"shipping-taxable","18":"purchasable","19":"product-type-simple"},"yoast_head":"<!-- This site is optimized with the Yoast SEO plugin v24.0 - https:\/\/yoast.com\/wordpress\/plugins\/seo\/ -->\n<title>Petit vase en c\u00e9ramique bleu Klein &#8211; Demosmobilia<\/title>\n<meta name=\"robots\" content=\"index, follow, max-snippet:-1, max-image-preview:large, max-video-preview:-1\" \/>\n<link rel=\"canonical\" href=\"https:\/\/www.demosmobilia.ch\/fr\/product\/petit-vase-en-ceramique-bleu-klein\/\" \/>\n<meta property=\"og:locale\" content=\"fr_FR\" \/>\n<meta property=\"og:type\" content=\"article\" \/>\n<meta property=\"og:title\" content=\"Petit vase en c\u00e9ramique bleu Klein &#8211; Demosmobilia\" \/>\n<meta property=\"og:description\" content=\"Dans les ann\u00e9es 1960, le Bleu Klein, \u00e9galement connu sous le nom d\u2019International Klein Blue (IKB), transforme profond\u00e9ment la relation entre l\u2019art, le design et la perception de l\u2019espace. Cr\u00e9\u00e9 par l\u2019artiste fran\u00e7ais Yves Klein, le Bleu Klein s\u2019impose comme l\u2019une des couleurs les plus iconiques de la d\u00e9cennie, symbole de modernit\u00e9, d\u2019exp\u00e9rimentation et de rupture avec la tradition. Sa teinte intense, satur\u00e9e et vibrante d\u00e9passe la simple fonction d\u00e9corative pour devenir une v\u00e9ritable d\u00e9claration visuelle. Au cours des ann\u00e9es 1960, designers et architectes utilisent activement le Bleu Klein pour valoriser les nouvelles formes plastiques, les mat\u00e9riaux innovants et l\u2019esth\u00e9tique Pop. Ils appliquent ce bleuRead More &rarr;\" \/>\n<meta property=\"og:url\" content=\"https:\/\/www.demosmobilia.ch\/fr\/product\/petit-vase-en-ceramique-bleu-klein\/\" \/>\n<meta property=\"og:site_name\" content=\"Demosmobilia\" \/>\n<meta property=\"article:publisher\" content=\"https:\/\/www.facebook.com\/Demos-Mobilia-1137017453131445\/\" \/>\n<meta property=\"og:image\" content=\"https:\/\/www.demosmobilia.ch\/wp-content\/uploads\/2026\/02\/blu-klein-ceramic-vase-1960-design-01.jpg\" \/>\n\t<meta property=\"og:image:width\" content=\"1200\" \/>\n\t<meta property=\"og:image:height\" content=\"900\" \/>\n\t<meta property=\"og:image:type\" content=\"image\/jpeg\" \/>\n<meta name=\"twitter:card\" content=\"summary_large_image\" \/>\n<meta name=\"twitter:label1\" content=\"Dur\u00e9e de lecture estim\u00e9e\" \/>\n\t<meta name=\"twitter:data1\" content=\"1 minute\" \/>\n<script type=\"application\/ld+json\" class=\"yoast-schema-graph\">{\"@context\":\"https:\/\/schema.org\",\"@graph\":[{\"@type\":\"WebPage\",\"@id\":\"https:\/\/www.demosmobilia.ch\/fr\/product\/petit-vase-en-ceramique-bleu-klein\/\",\"url\":\"https:\/\/www.demosmobilia.ch\/fr\/product\/petit-vase-en-ceramique-bleu-klein\/\",\"name\":\"Petit vase en c\u00e9ramique bleu Klein &#8211; Demosmobilia\",\"isPartOf\":{\"@id\":\"https:\/\/www.demosmobilia.ch\/fr\/#website\"},\"primaryImageOfPage\":{\"@id\":\"https:\/\/www.demosmobilia.ch\/fr\/product\/petit-vase-en-ceramique-bleu-klein\/#primaryimage\"},\"image\":{\"@id\":\"https:\/\/www.demosmobilia.ch\/fr\/product\/petit-vase-en-ceramique-bleu-klein\/#primaryimage\"},\"thumbnailUrl\":\"https:\/\/www.demosmobilia.ch\/wp-content\/uploads\/2026\/02\/blu-klein-ceramic-vase-1960-design-01.jpg\",\"datePublished\":\"2026-02-13T15:30:25+00:00\",\"dateModified\":\"2026-02-13T15:30:25+00:00\",\"breadcrumb\":{\"@id\":\"https:\/\/www.demosmobilia.ch\/fr\/product\/petit-vase-en-ceramique-bleu-klein\/#breadcrumb\"},\"inLanguage\":\"fr-FR\",\"potentialAction\":[{\"@type\":\"ReadAction\",\"target\":[\"https:\/\/www.demosmobilia.ch\/fr\/product\/petit-vase-en-ceramique-bleu-klein\/\"]}]},{\"@type\":\"ImageObject\",\"inLanguage\":\"fr-FR\",\"@id\":\"https:\/\/www.demosmobilia.ch\/fr\/product\/petit-vase-en-ceramique-bleu-klein\/#primaryimage\",\"url\":\"https:\/\/www.demosmobilia.ch\/wp-content\/uploads\/2026\/02\/blu-klein-ceramic-vase-1960-design-01.jpg\",\"contentUrl\":\"https:\/\/www.demosmobilia.ch\/wp-content\/uploads\/2026\/02\/blu-klein-ceramic-vase-1960-design-01.jpg\",\"width\":1200,\"height\":900},{\"@type\":\"BreadcrumbList\",\"@id\":\"https:\/\/www.demosmobilia.ch\/fr\/product\/petit-vase-en-ceramique-bleu-klein\/#breadcrumb\",\"itemListElement\":[{\"@type\":\"ListItem\",\"position\":1,\"name\":\"Home\",\"item\":\"https:\/\/www.demosmobilia.ch\/fr\/\"},{\"@type\":\"ListItem\",\"position\":2,\"name\":\"Produits\",\"item\":\"https:\/\/www.demosmobilia.ch\/fr\/shop\/\"},{\"@type\":\"ListItem\",\"position\":3,\"name\":\"Petit vase en c\u00e9ramique bleu Klein\"}]},{\"@type\":\"WebSite\",\"@id\":\"https:\/\/www.demosmobilia.ch\/fr\/#website\",\"url\":\"https:\/\/www.demosmobilia.ch\/fr\/\",\"name\":\"Demosmobilia\",\"description\":\"Vintage Mid Century Modern Design Furniture from the &#039;30s to the &#039;80s\",\"publisher\":{\"@id\":\"https:\/\/www.demosmobilia.ch\/fr\/#organization\"},\"potentialAction\":[{\"@type\":\"SearchAction\",\"target\":{\"@type\":\"EntryPoint\",\"urlTemplate\":\"https:\/\/www.demosmobilia.ch\/fr\/?s={search_term_string}\"},\"query-input\":{\"@type\":\"PropertyValueSpecification\",\"valueRequired\":true,\"valueName\":\"search_term_string\"}}],\"inLanguage\":\"fr-FR\"},{\"@type\":\"Organization\",\"@id\":\"https:\/\/www.demosmobilia.ch\/fr\/#organization\",\"name\":\"demosmobilia\",\"url\":\"https:\/\/www.demosmobilia.ch\/fr\/\",\"logo\":{\"@type\":\"ImageObject\",\"inLanguage\":\"fr-FR\",\"@id\":\"https:\/\/www.demosmobilia.ch\/fr\/#\/schema\/logo\/image\/\",\"url\":\"https:\/\/www.demosmobilia.ch\/wp-content\/uploads\/2020\/07\/demosmobilia-logo-2020-230-160.png\",\"contentUrl\":\"https:\/\/www.demosmobilia.ch\/wp-content\/uploads\/2020\/07\/demosmobilia-logo-2020-230-160.png\",\"width\":230,\"height\":160,\"caption\":\"demosmobilia\"},\"image\":{\"@id\":\"https:\/\/www.demosmobilia.ch\/fr\/#\/schema\/logo\/image\/\"},\"sameAs\":[\"https:\/\/www.facebook.com\/Demos-Mobilia-1137017453131445\/\",\"https:\/\/www.instagram.com\/demosmobilia\/\"]}]}<\/script>\n<!-- \/ Yoast SEO plugin. -->","yoast_head_json":{"title":"Petit vase en c\u00e9ramique bleu Klein &#8211; Demosmobilia","robots":{"index":"index","follow":"follow","max-snippet":"max-snippet:-1","max-image-preview":"max-image-preview:large","max-video-preview":"max-video-preview:-1"},"canonical":"https:\/\/www.demosmobilia.ch\/fr\/product\/petit-vase-en-ceramique-bleu-klein\/","og_locale":"fr_FR","og_type":"article","og_title":"Petit vase en c\u00e9ramique bleu Klein &#8211; Demosmobilia","og_description":"Dans les ann\u00e9es 1960, le Bleu Klein, \u00e9galement connu sous le nom d\u2019International Klein Blue (IKB), transforme profond\u00e9ment la relation entre l\u2019art, le design et la perception de l\u2019espace. Cr\u00e9\u00e9 par l\u2019artiste fran\u00e7ais Yves Klein, le Bleu Klein s\u2019impose comme l\u2019une des couleurs les plus iconiques de la d\u00e9cennie, symbole de modernit\u00e9, d\u2019exp\u00e9rimentation et de rupture avec la tradition. Sa teinte intense, satur\u00e9e et vibrante d\u00e9passe la simple fonction d\u00e9corative pour devenir une v\u00e9ritable d\u00e9claration visuelle. Au cours des ann\u00e9es 1960, designers et architectes utilisent activement le Bleu Klein pour valoriser les nouvelles formes plastiques, les mat\u00e9riaux innovants et l\u2019esth\u00e9tique Pop. Ils appliquent ce bleuRead More &rarr;","og_url":"https:\/\/www.demosmobilia.ch\/fr\/product\/petit-vase-en-ceramique-bleu-klein\/","og_site_name":"Demosmobilia","article_publisher":"https:\/\/www.facebook.com\/Demos-Mobilia-1137017453131445\/","og_image":[{"width":1200,"height":900,"url":"https:\/\/www.demosmobilia.ch\/wp-content\/uploads\/2026\/02\/blu-klein-ceramic-vase-1960-design-01.jpg","type":"image\/jpeg"}],"twitter_card":"summary_large_image","twitter_misc":{"Dur\u00e9e de lecture estim\u00e9e":"1 minute"},"schema":{"@context":"https:\/\/schema.org","@graph":[{"@type":"WebPage","@id":"https:\/\/www.demosmobilia.ch\/fr\/product\/petit-vase-en-ceramique-bleu-klein\/","url":"https:\/\/www.demosmobilia.ch\/fr\/product\/petit-vase-en-ceramique-bleu-klein\/","name":"Petit vase en c\u00e9ramique bleu Klein &#8211; Demosmobilia","isPartOf":{"@id":"https:\/\/www.demosmobilia.ch\/fr\/#website"},"primaryImageOfPage":{"@id":"https:\/\/www.demosmobilia.ch\/fr\/product\/petit-vase-en-ceramique-bleu-klein\/#primaryimage"},"image":{"@id":"https:\/\/www.demosmobilia.ch\/fr\/product\/petit-vase-en-ceramique-bleu-klein\/#primaryimage"},"thumbnailUrl":"https:\/\/www.demosmobilia.ch\/wp-content\/uploads\/2026\/02\/blu-klein-ceramic-vase-1960-design-01.jpg","datePublished":"2026-02-13T15:30:25+00:00","dateModified":"2026-02-13T15:30:25+00:00","breadcrumb":{"@id":"https:\/\/www.demosmobilia.ch\/fr\/product\/petit-vase-en-ceramique-bleu-klein\/#breadcrumb"},"inLanguage":"fr-FR","potentialAction":[{"@type":"ReadAction","target":["https:\/\/www.demosmobilia.ch\/fr\/product\/petit-vase-en-ceramique-bleu-klein\/"]}]},{"@type":"ImageObject","inLanguage":"fr-FR","@id":"https:\/\/www.demosmobilia.ch\/fr\/product\/petit-vase-en-ceramique-bleu-klein\/#primaryimage","url":"https:\/\/www.demosmobilia.ch\/wp-content\/uploads\/2026\/02\/blu-klein-ceramic-vase-1960-design-01.jpg","contentUrl":"https:\/\/www.demosmobilia.ch\/wp-content\/uploads\/2026\/02\/blu-klein-ceramic-vase-1960-design-01.jpg","width":1200,"height":900},{"@type":"BreadcrumbList","@id":"https:\/\/www.demosmobilia.ch\/fr\/product\/petit-vase-en-ceramique-bleu-klein\/#breadcrumb","itemListElement":[{"@type":"ListItem","position":1,"name":"Home","item":"https:\/\/www.demosmobilia.ch\/fr\/"},{"@type":"ListItem","position":2,"name":"Produits","item":"https:\/\/www.demosmobilia.ch\/fr\/shop\/"},{"@type":"ListItem","position":3,"name":"Petit vase en c\u00e9ramique bleu Klein"}]},{"@type":"WebSite","@id":"https:\/\/www.demosmobilia.ch\/fr\/#website","url":"https:\/\/www.demosmobilia.ch\/fr\/","name":"Demosmobilia","description":"Vintage Mid Century Modern Design Furniture from the &#039;30s to the &#039;80s","publisher":{"@id":"https:\/\/www.demosmobilia.ch\/fr\/#organization"},"potentialAction":[{"@type":"SearchAction","target":{"@type":"EntryPoint","urlTemplate":"https:\/\/www.demosmobilia.ch\/fr\/?s={search_term_string}"},"query-input":{"@type":"PropertyValueSpecification","valueRequired":true,"valueName":"search_term_string"}}],"inLanguage":"fr-FR"},{"@type":"Organization","@id":"https:\/\/www.demosmobilia.ch\/fr\/#organization","name":"demosmobilia","url":"https:\/\/www.demosmobilia.ch\/fr\/","logo":{"@type":"ImageObject","inLanguage":"fr-FR","@id":"https:\/\/www.demosmobilia.ch\/fr\/#\/schema\/logo\/image\/","url":"https:\/\/www.demosmobilia.ch\/wp-content\/uploads\/2020\/07\/demosmobilia-logo-2020-230-160.png","contentUrl":"https:\/\/www.demosmobilia.ch\/wp-content\/uploads\/2020\/07\/demosmobilia-logo-2020-230-160.png","width":230,"height":160,"caption":"demosmobilia"},"image":{"@id":"https:\/\/www.demosmobilia.ch\/fr\/#\/schema\/logo\/image\/"},"sameAs":["https:\/\/www.facebook.com\/Demos-Mobilia-1137017453131445\/","https:\/\/www.instagram.com\/demosmobilia\/"]}]}},"_links":{"self":[{"href":"https:\/\/www.demosmobilia.ch\/fr\/wp-json\/wp\/v2\/product\/85923","targetHints":{"allow":["GET"]}}],"collection":[{"href":"https:\/\/www.demosmobilia.ch\/fr\/wp-json\/wp\/v2\/product"}],"about":[{"href":"https:\/\/www.demosmobilia.ch\/fr\/wp-json\/wp\/v2\/types\/product"}],"wp:featuredmedia":[{"embeddable":true,"href":"https:\/\/www.demosmobilia.ch\/fr\/wp-json\/wp\/v2\/media\/85911"}],"wp:attachment":[{"href":"https:\/\/www.demosmobilia.ch\/fr\/wp-json\/wp\/v2\/media?parent=85923"}],"wp:term":[{"taxonomy":"product_cat","embeddable":true,"href":"https:\/\/www.demosmobilia.ch\/fr\/wp-json\/wp\/v2\/product_cat?post=85923"},{"taxonomy":"product_tag","embeddable":true,"href":"https:\/\/www.demosmobilia.ch\/fr\/wp-json\/wp\/v2\/product_tag?post=85923"}],"curies":[{"name":"wp","href":"https:\/\/api.w.org\/{rel}","templated":true}]}}