{"id":85752,"date":"2026-02-14T11:30:17","date_gmt":"2026-02-14T10:30:17","guid":{"rendered":"https:\/\/www.demosmobilia.ch\/product\/grand-canape-modele-cornaro-en-velours-simon-original\/"},"modified":"2026-02-14T13:36:26","modified_gmt":"2026-02-14T12:36:26","slug":"grand-canape-modele-cornaro-en-velours-simon-original","status":"publish","type":"product","link":"https:\/\/www.demosmobilia.ch\/fr\/product\/grand-canape-modele-cornaro-en-velours-simon-original\/","title":{"rendered":"Grand canap\u00e9 mod\u00e8le Cornaro en velours Simon original"},"content":{"rendered":"<p data-start=\"159\" data-end=\"548\">Carlo Scarpa (1906\u20131978) est l\u2019un des architectes et designers italiens les plus innovants du XXe si\u00e8cle. R\u00e9put\u00e9 pour sa sensibilit\u00e9 po\u00e9tique, sa rigueur constructive et son attention minutieuse au savoir-faire artisanal, Scarpa a su combiner avec \u00e9l\u00e9gance architecture, design d\u2019int\u00e9rieur et design de mobilier dans des cr\u00e9ations qui restent des r\u00e9f\u00e9rences incontournables pour les collectionneurs et amateurs de design italien. <\/p>\n<p data-start=\"550\" data-end=\"988\">Au cours de sa carri\u00e8re, Scarpa a collabor\u00e9 avec des acteurs majeurs de l\u2019industrie du design, notamment Dino Gavina et Simon, donnant naissance \u00e0 des pi\u00e8ces embl\u00e9matiques alliant innovation technique et esth\u00e9tique raffin\u00e9e. Parmi elles, le canap\u00e9 Cornaro, produit en 1969, dans sa version grande trois places, tapiss\u00e9 dans le c\u00e9l\u00e8bre et original velours Simon couleur or, illustre parfaitement la ma\u00eetrise de Scarpa dans l\u2019harmonisation des mat\u00e9riaux, des formes et de la fonctionnalit\u00e9. <\/p>\n<p data-start=\"990\" data-end=\"1376\">Le canap\u00e9 Cornaro trois places se distingue par des lignes \u00e9l\u00e9gantes et des proportions soigneusement \u00e9tudi\u00e9es, o\u00f9 la structure rigoureuse dialogue avec la douceur du velours dor\u00e9, cr\u00e9ant une pi\u00e8ce \u00e0 la fois spectaculaire et confortable. L\u2019utilisation du velours Simon original, mat\u00e9riau historique et embl\u00e9matique, conf\u00e8re au canap\u00e9 une pr\u00e9sence imm\u00e9diate et une valeur de collection significative. <\/p>\n<p data-start=\"1378\" data-end=\"1715\">Ce mod\u00e8le incarne pleinement la philosophie de Carlo Scarpa : une recherche esth\u00e9tique approfondie, le respect de l\u2019artisanat et une approche visionnaire du design d\u2019int\u00e9rieur. Dans tout espace contemporain ou historique, le canap\u00e9 Cornaro trois places de 1969 devient un point focal de l\u2019am\u00e9nagement, alliant \u00e9l\u00e9gance, histoire et fonctionnalit\u00e9 dans un objet de design intemporel. <\/p>\n","protected":false},"excerpt":{"rendered":"<p>Carlo Scarpa (1906\u20131978) est l\u2019un des architectes et designers italiens les plus innovants du XXe si\u00e8cle. R\u00e9put\u00e9 pour sa sensibilit\u00e9 po\u00e9tique, sa rigueur constructive et son attention minutieuse au savoir-faire artisanal, Scarpa a su combiner avec \u00e9l\u00e9gance architecture, design d\u2019int\u00e9rieur et design de mobilier dans des cr\u00e9ations qui restent des r\u00e9f\u00e9rences incontournables pour les collectionneurs et amateurs de design italien. Au cours de sa carri\u00e8re, Scarpa a collabor\u00e9 avec des acteurs majeurs de l\u2019industrie du design, notamment Dino Gavina et Simon, donnant naissance \u00e0 des pi\u00e8ces embl\u00e9matiques alliant innovation technique et esth\u00e9tique raffin\u00e9e. Parmi elles, le canap\u00e9 Cornaro, produit en 1969, dans sa version grande<a class=\"more-link\" href=\"https:\/\/www.demosmobilia.ch\/fr\/product\/grand-canape-modele-cornaro-en-velours-simon-original\/\">Read More &rarr;<\/a><\/p>\n","protected":false},"featured_media":85713,"template":"","meta":{"_monsterinsights_skip_tracking":false,"_monsterinsights_sitenote_active":false,"_monsterinsights_sitenote_note":"","_monsterinsights_sitenote_category":0,"kk_blocks_editor_width":"","_kiokenblocks_attr":"","_kiokenblocks_dimensions":""},"product_cat":[4267,4071],"product_tag":[11929],"class_list":{"0":"entry","1":"author-demosmobilia","2":"post-85752","3":"product","4":"type-product","5":"status-publish","6":"has-post-thumbnail","7":"product_production-dino-gavina","8":"product_production-simon","9":"product_year-2501","10":"product_nation-italie-fr","11":"product_cat-canapes-et-canapes-lits","12":"product_cat-nouveautes","13":"product_tag-scarpa-carlo-fr","14":"pa_product_dimension-300-x-84-x-assise-ht-44-x-total-ht-65-cm","15":"pa_product_material-bois-diroko-rembourrage-velours-simon-original","17":"first","18":"instock","19":"shipping-taxable","20":"product-type-simple"},"yoast_head":"<!-- This site is optimized with the Yoast SEO plugin v24.0 - https:\/\/yoast.com\/wordpress\/plugins\/seo\/ -->\n<title>Grand canap\u00e9 mod\u00e8le Cornaro en velours Simon original &#8211; Demosmobilia<\/title>\n<meta name=\"robots\" content=\"index, follow, max-snippet:-1, max-image-preview:large, max-video-preview:-1\" \/>\n<link rel=\"canonical\" href=\"https:\/\/www.demosmobilia.ch\/fr\/product\/grand-canape-modele-cornaro-en-velours-simon-original\/\" \/>\n<meta property=\"og:locale\" content=\"fr_FR\" \/>\n<meta property=\"og:type\" content=\"article\" \/>\n<meta property=\"og:title\" content=\"Grand canap\u00e9 mod\u00e8le Cornaro en velours Simon original &#8211; Demosmobilia\" \/>\n<meta property=\"og:description\" content=\"Carlo Scarpa (1906\u20131978) est l\u2019un des architectes et designers italiens les plus innovants du XXe si\u00e8cle. R\u00e9put\u00e9 pour sa sensibilit\u00e9 po\u00e9tique, sa rigueur constructive et son attention minutieuse au savoir-faire artisanal, Scarpa a su combiner avec \u00e9l\u00e9gance architecture, design d\u2019int\u00e9rieur et design de mobilier dans des cr\u00e9ations qui restent des r\u00e9f\u00e9rences incontournables pour les collectionneurs et amateurs de design italien. Au cours de sa carri\u00e8re, Scarpa a collabor\u00e9 avec des acteurs majeurs de l\u2019industrie du design, notamment Dino Gavina et Simon, donnant naissance \u00e0 des pi\u00e8ces embl\u00e9matiques alliant innovation technique et esth\u00e9tique raffin\u00e9e. Parmi elles, le canap\u00e9 Cornaro, produit en 1969, dans sa version grandeRead More &rarr;\" \/>\n<meta property=\"og:url\" content=\"https:\/\/www.demosmobilia.ch\/fr\/product\/grand-canape-modele-cornaro-en-velours-simon-original\/\" \/>\n<meta property=\"og:site_name\" content=\"Demosmobilia\" \/>\n<meta property=\"article:publisher\" content=\"https:\/\/www.facebook.com\/Demos-Mobilia-1137017453131445\/\" \/>\n<meta property=\"article:modified_time\" content=\"2026-02-14T12:36:26+00:00\" \/>\n<meta property=\"og:image\" content=\"https:\/\/www.demosmobilia.ch\/wp-content\/uploads\/2026\/02\/carlo-scarpa-Cornaro-sofa-1973-Simon-DinoGavina-italian-design-01.jpg\" \/>\n\t<meta property=\"og:image:width\" content=\"1200\" \/>\n\t<meta property=\"og:image:height\" content=\"900\" \/>\n\t<meta property=\"og:image:type\" content=\"image\/jpeg\" \/>\n<meta name=\"twitter:card\" content=\"summary_large_image\" \/>\n<meta name=\"twitter:label1\" content=\"Dur\u00e9e de lecture estim\u00e9e\" \/>\n\t<meta name=\"twitter:data1\" content=\"1 minute\" \/>\n<script type=\"application\/ld+json\" class=\"yoast-schema-graph\">{\"@context\":\"https:\/\/schema.org\",\"@graph\":[{\"@type\":\"WebPage\",\"@id\":\"https:\/\/www.demosmobilia.ch\/fr\/product\/grand-canape-modele-cornaro-en-velours-simon-original\/\",\"url\":\"https:\/\/www.demosmobilia.ch\/fr\/product\/grand-canape-modele-cornaro-en-velours-simon-original\/\",\"name\":\"Grand canap\u00e9 mod\u00e8le Cornaro en velours Simon original &#8211; Demosmobilia\",\"isPartOf\":{\"@id\":\"https:\/\/www.demosmobilia.ch\/fr\/#website\"},\"primaryImageOfPage\":{\"@id\":\"https:\/\/www.demosmobilia.ch\/fr\/product\/grand-canape-modele-cornaro-en-velours-simon-original\/#primaryimage\"},\"image\":{\"@id\":\"https:\/\/www.demosmobilia.ch\/fr\/product\/grand-canape-modele-cornaro-en-velours-simon-original\/#primaryimage\"},\"thumbnailUrl\":\"https:\/\/www.demosmobilia.ch\/wp-content\/uploads\/2026\/02\/carlo-scarpa-Cornaro-sofa-1973-Simon-DinoGavina-italian-design-01.jpg\",\"datePublished\":\"2026-02-14T10:30:17+00:00\",\"dateModified\":\"2026-02-14T12:36:26+00:00\",\"breadcrumb\":{\"@id\":\"https:\/\/www.demosmobilia.ch\/fr\/product\/grand-canape-modele-cornaro-en-velours-simon-original\/#breadcrumb\"},\"inLanguage\":\"fr-FR\",\"potentialAction\":[{\"@type\":\"ReadAction\",\"target\":[\"https:\/\/www.demosmobilia.ch\/fr\/product\/grand-canape-modele-cornaro-en-velours-simon-original\/\"]}]},{\"@type\":\"ImageObject\",\"inLanguage\":\"fr-FR\",\"@id\":\"https:\/\/www.demosmobilia.ch\/fr\/product\/grand-canape-modele-cornaro-en-velours-simon-original\/#primaryimage\",\"url\":\"https:\/\/www.demosmobilia.ch\/wp-content\/uploads\/2026\/02\/carlo-scarpa-Cornaro-sofa-1973-Simon-DinoGavina-italian-design-01.jpg\",\"contentUrl\":\"https:\/\/www.demosmobilia.ch\/wp-content\/uploads\/2026\/02\/carlo-scarpa-Cornaro-sofa-1973-Simon-DinoGavina-italian-design-01.jpg\",\"width\":1200,\"height\":900},{\"@type\":\"BreadcrumbList\",\"@id\":\"https:\/\/www.demosmobilia.ch\/fr\/product\/grand-canape-modele-cornaro-en-velours-simon-original\/#breadcrumb\",\"itemListElement\":[{\"@type\":\"ListItem\",\"position\":1,\"name\":\"Home\",\"item\":\"https:\/\/www.demosmobilia.ch\/fr\/\"},{\"@type\":\"ListItem\",\"position\":2,\"name\":\"Produits\",\"item\":\"https:\/\/www.demosmobilia.ch\/fr\/shop\/\"},{\"@type\":\"ListItem\",\"position\":3,\"name\":\"Grand canap\u00e9 mod\u00e8le Cornaro en velours Simon original\"}]},{\"@type\":\"WebSite\",\"@id\":\"https:\/\/www.demosmobilia.ch\/fr\/#website\",\"url\":\"https:\/\/www.demosmobilia.ch\/fr\/\",\"name\":\"Demosmobilia\",\"description\":\"Vintage Mid Century Modern Design Furniture from the &#039;30s to the &#039;80s\",\"publisher\":{\"@id\":\"https:\/\/www.demosmobilia.ch\/fr\/#organization\"},\"potentialAction\":[{\"@type\":\"SearchAction\",\"target\":{\"@type\":\"EntryPoint\",\"urlTemplate\":\"https:\/\/www.demosmobilia.ch\/fr\/?s={search_term_string}\"},\"query-input\":{\"@type\":\"PropertyValueSpecification\",\"valueRequired\":true,\"valueName\":\"search_term_string\"}}],\"inLanguage\":\"fr-FR\"},{\"@type\":\"Organization\",\"@id\":\"https:\/\/www.demosmobilia.ch\/fr\/#organization\",\"name\":\"demosmobilia\",\"url\":\"https:\/\/www.demosmobilia.ch\/fr\/\",\"logo\":{\"@type\":\"ImageObject\",\"inLanguage\":\"fr-FR\",\"@id\":\"https:\/\/www.demosmobilia.ch\/fr\/#\/schema\/logo\/image\/\",\"url\":\"https:\/\/www.demosmobilia.ch\/wp-content\/uploads\/2020\/07\/demosmobilia-logo-2020-230-160.png\",\"contentUrl\":\"https:\/\/www.demosmobilia.ch\/wp-content\/uploads\/2020\/07\/demosmobilia-logo-2020-230-160.png\",\"width\":230,\"height\":160,\"caption\":\"demosmobilia\"},\"image\":{\"@id\":\"https:\/\/www.demosmobilia.ch\/fr\/#\/schema\/logo\/image\/\"},\"sameAs\":[\"https:\/\/www.facebook.com\/Demos-Mobilia-1137017453131445\/\",\"https:\/\/www.instagram.com\/demosmobilia\/\"]}]}<\/script>\n<!-- \/ Yoast SEO plugin. -->","yoast_head_json":{"title":"Grand canap\u00e9 mod\u00e8le Cornaro en velours Simon original &#8211; Demosmobilia","robots":{"index":"index","follow":"follow","max-snippet":"max-snippet:-1","max-image-preview":"max-image-preview:large","max-video-preview":"max-video-preview:-1"},"canonical":"https:\/\/www.demosmobilia.ch\/fr\/product\/grand-canape-modele-cornaro-en-velours-simon-original\/","og_locale":"fr_FR","og_type":"article","og_title":"Grand canap\u00e9 mod\u00e8le Cornaro en velours Simon original &#8211; Demosmobilia","og_description":"Carlo Scarpa (1906\u20131978) est l\u2019un des architectes et designers italiens les plus innovants du XXe si\u00e8cle. R\u00e9put\u00e9 pour sa sensibilit\u00e9 po\u00e9tique, sa rigueur constructive et son attention minutieuse au savoir-faire artisanal, Scarpa a su combiner avec \u00e9l\u00e9gance architecture, design d\u2019int\u00e9rieur et design de mobilier dans des cr\u00e9ations qui restent des r\u00e9f\u00e9rences incontournables pour les collectionneurs et amateurs de design italien. Au cours de sa carri\u00e8re, Scarpa a collabor\u00e9 avec des acteurs majeurs de l\u2019industrie du design, notamment Dino Gavina et Simon, donnant naissance \u00e0 des pi\u00e8ces embl\u00e9matiques alliant innovation technique et esth\u00e9tique raffin\u00e9e. Parmi elles, le canap\u00e9 Cornaro, produit en 1969, dans sa version grandeRead More &rarr;","og_url":"https:\/\/www.demosmobilia.ch\/fr\/product\/grand-canape-modele-cornaro-en-velours-simon-original\/","og_site_name":"Demosmobilia","article_publisher":"https:\/\/www.facebook.com\/Demos-Mobilia-1137017453131445\/","article_modified_time":"2026-02-14T12:36:26+00:00","og_image":[{"width":1200,"height":900,"url":"https:\/\/www.demosmobilia.ch\/wp-content\/uploads\/2026\/02\/carlo-scarpa-Cornaro-sofa-1973-Simon-DinoGavina-italian-design-01.jpg","type":"image\/jpeg"}],"twitter_card":"summary_large_image","twitter_misc":{"Dur\u00e9e de lecture estim\u00e9e":"1 minute"},"schema":{"@context":"https:\/\/schema.org","@graph":[{"@type":"WebPage","@id":"https:\/\/www.demosmobilia.ch\/fr\/product\/grand-canape-modele-cornaro-en-velours-simon-original\/","url":"https:\/\/www.demosmobilia.ch\/fr\/product\/grand-canape-modele-cornaro-en-velours-simon-original\/","name":"Grand canap\u00e9 mod\u00e8le Cornaro en velours Simon original &#8211; Demosmobilia","isPartOf":{"@id":"https:\/\/www.demosmobilia.ch\/fr\/#website"},"primaryImageOfPage":{"@id":"https:\/\/www.demosmobilia.ch\/fr\/product\/grand-canape-modele-cornaro-en-velours-simon-original\/#primaryimage"},"image":{"@id":"https:\/\/www.demosmobilia.ch\/fr\/product\/grand-canape-modele-cornaro-en-velours-simon-original\/#primaryimage"},"thumbnailUrl":"https:\/\/www.demosmobilia.ch\/wp-content\/uploads\/2026\/02\/carlo-scarpa-Cornaro-sofa-1973-Simon-DinoGavina-italian-design-01.jpg","datePublished":"2026-02-14T10:30:17+00:00","dateModified":"2026-02-14T12:36:26+00:00","breadcrumb":{"@id":"https:\/\/www.demosmobilia.ch\/fr\/product\/grand-canape-modele-cornaro-en-velours-simon-original\/#breadcrumb"},"inLanguage":"fr-FR","potentialAction":[{"@type":"ReadAction","target":["https:\/\/www.demosmobilia.ch\/fr\/product\/grand-canape-modele-cornaro-en-velours-simon-original\/"]}]},{"@type":"ImageObject","inLanguage":"fr-FR","@id":"https:\/\/www.demosmobilia.ch\/fr\/product\/grand-canape-modele-cornaro-en-velours-simon-original\/#primaryimage","url":"https:\/\/www.demosmobilia.ch\/wp-content\/uploads\/2026\/02\/carlo-scarpa-Cornaro-sofa-1973-Simon-DinoGavina-italian-design-01.jpg","contentUrl":"https:\/\/www.demosmobilia.ch\/wp-content\/uploads\/2026\/02\/carlo-scarpa-Cornaro-sofa-1973-Simon-DinoGavina-italian-design-01.jpg","width":1200,"height":900},{"@type":"BreadcrumbList","@id":"https:\/\/www.demosmobilia.ch\/fr\/product\/grand-canape-modele-cornaro-en-velours-simon-original\/#breadcrumb","itemListElement":[{"@type":"ListItem","position":1,"name":"Home","item":"https:\/\/www.demosmobilia.ch\/fr\/"},{"@type":"ListItem","position":2,"name":"Produits","item":"https:\/\/www.demosmobilia.ch\/fr\/shop\/"},{"@type":"ListItem","position":3,"name":"Grand canap\u00e9 mod\u00e8le Cornaro en velours Simon original"}]},{"@type":"WebSite","@id":"https:\/\/www.demosmobilia.ch\/fr\/#website","url":"https:\/\/www.demosmobilia.ch\/fr\/","name":"Demosmobilia","description":"Vintage Mid Century Modern Design Furniture from the &#039;30s to the &#039;80s","publisher":{"@id":"https:\/\/www.demosmobilia.ch\/fr\/#organization"},"potentialAction":[{"@type":"SearchAction","target":{"@type":"EntryPoint","urlTemplate":"https:\/\/www.demosmobilia.ch\/fr\/?s={search_term_string}"},"query-input":{"@type":"PropertyValueSpecification","valueRequired":true,"valueName":"search_term_string"}}],"inLanguage":"fr-FR"},{"@type":"Organization","@id":"https:\/\/www.demosmobilia.ch\/fr\/#organization","name":"demosmobilia","url":"https:\/\/www.demosmobilia.ch\/fr\/","logo":{"@type":"ImageObject","inLanguage":"fr-FR","@id":"https:\/\/www.demosmobilia.ch\/fr\/#\/schema\/logo\/image\/","url":"https:\/\/www.demosmobilia.ch\/wp-content\/uploads\/2020\/07\/demosmobilia-logo-2020-230-160.png","contentUrl":"https:\/\/www.demosmobilia.ch\/wp-content\/uploads\/2020\/07\/demosmobilia-logo-2020-230-160.png","width":230,"height":160,"caption":"demosmobilia"},"image":{"@id":"https:\/\/www.demosmobilia.ch\/fr\/#\/schema\/logo\/image\/"},"sameAs":["https:\/\/www.facebook.com\/Demos-Mobilia-1137017453131445\/","https:\/\/www.instagram.com\/demosmobilia\/"]}]}},"_links":{"self":[{"href":"https:\/\/www.demosmobilia.ch\/fr\/wp-json\/wp\/v2\/product\/85752","targetHints":{"allow":["GET"]}}],"collection":[{"href":"https:\/\/www.demosmobilia.ch\/fr\/wp-json\/wp\/v2\/product"}],"about":[{"href":"https:\/\/www.demosmobilia.ch\/fr\/wp-json\/wp\/v2\/types\/product"}],"wp:featuredmedia":[{"embeddable":true,"href":"https:\/\/www.demosmobilia.ch\/fr\/wp-json\/wp\/v2\/media\/85713"}],"wp:attachment":[{"href":"https:\/\/www.demosmobilia.ch\/fr\/wp-json\/wp\/v2\/media?parent=85752"}],"wp:term":[{"taxonomy":"product_cat","embeddable":true,"href":"https:\/\/www.demosmobilia.ch\/fr\/wp-json\/wp\/v2\/product_cat?post=85752"},{"taxonomy":"product_tag","embeddable":true,"href":"https:\/\/www.demosmobilia.ch\/fr\/wp-json\/wp\/v2\/product_tag?post=85752"}],"curies":[{"name":"wp","href":"https:\/\/api.w.org\/{rel}","templated":true}]}}