{"id":85527,"date":"2026-02-02T06:50:42","date_gmt":"2026-02-02T05:50:42","guid":{"rendered":"https:\/\/www.demosmobilia.ch\/product\/grand-canape-dangle-5-places-modele-28bc-pour-le-centre-de-la-piece\/"},"modified":"2026-02-03T15:20:45","modified_gmt":"2026-02-03T14:20:45","slug":"grand-canape-dangle-5-places-modele-28bc-pour-le-centre-de-la-piece","status":"publish","type":"product","link":"https:\/\/www.demosmobilia.ch\/fr\/product\/grand-canape-dangle-5-places-modele-28bc-pour-le-centre-de-la-piece\/","title":{"rendered":"Grand canap\u00e9 d&rsquo;angle 5 places, mod\u00e8le 28 BC"},"content":{"rendered":"<p data-start=\"119\" data-end=\"594\">Florence Knoll (New York, 1917 \u2013 2019) \u00e9tait l&rsquo;une des figures les plus influentes du design et du mobilier modernes du XXe si\u00e8cle, une architecte et designer industrielle qui a transform\u00e9 la fa\u00e7on dont les bureaux et les maisons \u00e9taient meubl\u00e9s dans le monde entier. Form\u00e9e \u00e0 la Cranbrook Academy of Art et \u00e0 l&rsquo;Architectural Association de Londres, Florence Knoll a apport\u00e9 une approche rigoureuse, fonctionnelle et \u00e9l\u00e9gante du design, int\u00e9grant l&rsquo;architecture, les proportions et les mat\u00e9riaux de haute qualit\u00e9.<\/p>\n<p data-start=\"596\" data-end=\"1098\">Dans les ann\u00e9es 1950, Florence Knoll a entam\u00e9 une longue collaboration avec Knoll International, contribuant \u00e0 d\u00e9finir le style distinctif de la marque avec des meubles \u00e9pur\u00e9s, fonctionnels et intemporels. Parmi ses cr\u00e9ations les plus embl\u00e9matiques, on trouve les canap\u00e9s et fauteuils de la s\u00e9rie BC, con\u00e7us pour allier confort, proportions ergonomiques et design modulaire, id\u00e9aux pour les espaces r\u00e9sidentiels et contractuels. Ces pi\u00e8ces incarnent la philosophie de Knoll : des mat\u00e9riaux haut de gamme, un savoir-faire minutieux et un design sophistiqu\u00e9.<\/p>\n<p data-start=\"1100\" data-end=\"1531\">Les canap\u00e9s BC de Florence Knoll repr\u00e9sentent le summum du design moderne am\u00e9ricain du milieu du si\u00e8cle, des ann\u00e9es 1950 et 1960, avec leurs formes minimalistes, leur rembourrage durable et leurs rev\u00eatements en tissu ou en cuir de haute qualit\u00e9. Gr\u00e2ce \u00e0 leur \u00e9l\u00e9gance intemporelle, ces pi\u00e8ces sont tr\u00e8s recherch\u00e9es par les collectionneurs de design du milieu du si\u00e8cle et les amateurs de meubles de luxe. Elles restent un symbole durable du style embl\u00e9matique de Knoll International.<\/p>\n","protected":false},"excerpt":{"rendered":"<p>Florence Knoll (New York, 1917 \u2013 2019) \u00e9tait l&rsquo;une des figures les plus influentes du design et du mobilier modernes du XXe si\u00e8cle, une architecte et designer industrielle qui a transform\u00e9 la fa\u00e7on dont les bureaux et les maisons \u00e9taient meubl\u00e9s dans le monde entier. Form\u00e9e \u00e0 la Cranbrook Academy of Art et \u00e0 l&rsquo;Architectural Association de Londres, Florence Knoll a apport\u00e9 une approche rigoureuse, fonctionnelle et \u00e9l\u00e9gante du design, int\u00e9grant l&rsquo;architecture, les proportions et les mat\u00e9riaux de haute qualit\u00e9. Dans les ann\u00e9es 1950, Florence Knoll a entam\u00e9 une longue collaboration avec Knoll International, contribuant \u00e0 d\u00e9finir le style distinctif de la marque avec des<a class=\"more-link\" href=\"https:\/\/www.demosmobilia.ch\/fr\/product\/grand-canape-dangle-5-places-modele-28bc-pour-le-centre-de-la-piece\/\">Read More &rarr;<\/a><\/p>\n","protected":false},"featured_media":85554,"template":"","meta":{"_monsterinsights_skip_tracking":false,"_monsterinsights_sitenote_active":false,"_monsterinsights_sitenote_note":"","_monsterinsights_sitenote_category":0,"kk_blocks_editor_width":"","_kiokenblocks_attr":"","_kiokenblocks_dimensions":""},"product_cat":[4267,4071],"product_tag":[9682],"class_list":{"0":"entry","1":"author-demosmobilia","2":"post-85527","3":"product","4":"type-product","5":"status-publish","6":"has-post-thumbnail","7":"product_production-knoll-international","8":"product_year-2421","9":"product_nation-usa-fr","10":"product_cat-canapes-et-canapes-lits","11":"product_cat-nouveautes","12":"product_tag-knoll-florence-fr","13":"pa_product_dimension-340-x-80-x-assise-ht-46-x-ht-totale-84-c","14":"pa_product_dimension-la-section-de-220-cm-de-long-constitue-le-corps-principal-la-section-dangle-se-detache-vers-la-droite-formant-le-coin-dune-longueur-de-140-cm-et-dune-saillie-de-90-cm","15":"pa_product_material-entierement-retapisse-en-coton-a-gros-tissage-acier","17":"first","18":"instock","19":"shipping-taxable","20":"purchasable","21":"product-type-simple"},"yoast_head":"<!-- This site is optimized with the Yoast SEO plugin v24.0 - https:\/\/yoast.com\/wordpress\/plugins\/seo\/ -->\n<title>Grand canap\u00e9 d&#039;angle 5 places, mod\u00e8le 28 BC &#8211; Demosmobilia<\/title>\n<meta name=\"robots\" content=\"index, follow, max-snippet:-1, max-image-preview:large, max-video-preview:-1\" \/>\n<link rel=\"canonical\" href=\"https:\/\/www.demosmobilia.ch\/fr\/product\/grand-canape-dangle-5-places-modele-28bc-pour-le-centre-de-la-piece\/\" \/>\n<meta property=\"og:locale\" content=\"fr_FR\" \/>\n<meta property=\"og:type\" content=\"article\" \/>\n<meta property=\"og:title\" content=\"Grand canap\u00e9 d&#039;angle 5 places, mod\u00e8le 28 BC &#8211; Demosmobilia\" \/>\n<meta property=\"og:description\" content=\"Florence Knoll (New York, 1917 \u2013 2019) \u00e9tait l&rsquo;une des figures les plus influentes du design et du mobilier modernes du XXe si\u00e8cle, une architecte et designer industrielle qui a transform\u00e9 la fa\u00e7on dont les bureaux et les maisons \u00e9taient meubl\u00e9s dans le monde entier. Form\u00e9e \u00e0 la Cranbrook Academy of Art et \u00e0 l&rsquo;Architectural Association de Londres, Florence Knoll a apport\u00e9 une approche rigoureuse, fonctionnelle et \u00e9l\u00e9gante du design, int\u00e9grant l&rsquo;architecture, les proportions et les mat\u00e9riaux de haute qualit\u00e9. Dans les ann\u00e9es 1950, Florence Knoll a entam\u00e9 une longue collaboration avec Knoll International, contribuant \u00e0 d\u00e9finir le style distinctif de la marque avec desRead More &rarr;\" \/>\n<meta property=\"og:url\" content=\"https:\/\/www.demosmobilia.ch\/fr\/product\/grand-canape-dangle-5-places-modele-28bc-pour-le-centre-de-la-piece\/\" \/>\n<meta property=\"og:site_name\" content=\"Demosmobilia\" \/>\n<meta property=\"article:publisher\" content=\"https:\/\/www.facebook.com\/Demos-Mobilia-1137017453131445\/\" \/>\n<meta property=\"article:modified_time\" content=\"2026-02-03T14:20:45+00:00\" \/>\n<meta property=\"og:image\" content=\"https:\/\/www.demosmobilia.ch\/wp-content\/uploads\/2026\/02\/knoll-international-florence-knoll-1st-edition-large-sofa-1949-USA-01a-1.jpg\" \/>\n\t<meta property=\"og:image:width\" content=\"1200\" \/>\n\t<meta property=\"og:image:height\" content=\"900\" \/>\n\t<meta property=\"og:image:type\" content=\"image\/jpeg\" \/>\n<meta name=\"twitter:card\" content=\"summary_large_image\" \/>\n<meta name=\"twitter:label1\" content=\"Dur\u00e9e de lecture estim\u00e9e\" \/>\n\t<meta name=\"twitter:data1\" content=\"1 minute\" \/>\n<script type=\"application\/ld+json\" class=\"yoast-schema-graph\">{\"@context\":\"https:\/\/schema.org\",\"@graph\":[{\"@type\":\"WebPage\",\"@id\":\"https:\/\/www.demosmobilia.ch\/fr\/product\/grand-canape-dangle-5-places-modele-28bc-pour-le-centre-de-la-piece\/\",\"url\":\"https:\/\/www.demosmobilia.ch\/fr\/product\/grand-canape-dangle-5-places-modele-28bc-pour-le-centre-de-la-piece\/\",\"name\":\"Grand canap\u00e9 d'angle 5 places, mod\u00e8le 28 BC &#8211; Demosmobilia\",\"isPartOf\":{\"@id\":\"https:\/\/www.demosmobilia.ch\/fr\/#website\"},\"primaryImageOfPage\":{\"@id\":\"https:\/\/www.demosmobilia.ch\/fr\/product\/grand-canape-dangle-5-places-modele-28bc-pour-le-centre-de-la-piece\/#primaryimage\"},\"image\":{\"@id\":\"https:\/\/www.demosmobilia.ch\/fr\/product\/grand-canape-dangle-5-places-modele-28bc-pour-le-centre-de-la-piece\/#primaryimage\"},\"thumbnailUrl\":\"https:\/\/www.demosmobilia.ch\/wp-content\/uploads\/2026\/02\/knoll-international-florence-knoll-1st-edition-large-sofa-1949-USA-01a-1.jpg\",\"datePublished\":\"2026-02-02T05:50:42+00:00\",\"dateModified\":\"2026-02-03T14:20:45+00:00\",\"breadcrumb\":{\"@id\":\"https:\/\/www.demosmobilia.ch\/fr\/product\/grand-canape-dangle-5-places-modele-28bc-pour-le-centre-de-la-piece\/#breadcrumb\"},\"inLanguage\":\"fr-FR\",\"potentialAction\":[{\"@type\":\"ReadAction\",\"target\":[\"https:\/\/www.demosmobilia.ch\/fr\/product\/grand-canape-dangle-5-places-modele-28bc-pour-le-centre-de-la-piece\/\"]}]},{\"@type\":\"ImageObject\",\"inLanguage\":\"fr-FR\",\"@id\":\"https:\/\/www.demosmobilia.ch\/fr\/product\/grand-canape-dangle-5-places-modele-28bc-pour-le-centre-de-la-piece\/#primaryimage\",\"url\":\"https:\/\/www.demosmobilia.ch\/wp-content\/uploads\/2026\/02\/knoll-international-florence-knoll-1st-edition-large-sofa-1949-USA-01a-1.jpg\",\"contentUrl\":\"https:\/\/www.demosmobilia.ch\/wp-content\/uploads\/2026\/02\/knoll-international-florence-knoll-1st-edition-large-sofa-1949-USA-01a-1.jpg\",\"width\":1200,\"height\":900},{\"@type\":\"BreadcrumbList\",\"@id\":\"https:\/\/www.demosmobilia.ch\/fr\/product\/grand-canape-dangle-5-places-modele-28bc-pour-le-centre-de-la-piece\/#breadcrumb\",\"itemListElement\":[{\"@type\":\"ListItem\",\"position\":1,\"name\":\"Home\",\"item\":\"https:\/\/www.demosmobilia.ch\/fr\/\"},{\"@type\":\"ListItem\",\"position\":2,\"name\":\"Produits\",\"item\":\"https:\/\/www.demosmobilia.ch\/fr\/shop\/\"},{\"@type\":\"ListItem\",\"position\":3,\"name\":\"Grand canap\u00e9 d&#8217;angle 5 places, mod\u00e8le 28 BC\"}]},{\"@type\":\"WebSite\",\"@id\":\"https:\/\/www.demosmobilia.ch\/fr\/#website\",\"url\":\"https:\/\/www.demosmobilia.ch\/fr\/\",\"name\":\"Demosmobilia\",\"description\":\"Vintage Mid Century Modern Design Furniture from the &#039;30s to the &#039;80s\",\"publisher\":{\"@id\":\"https:\/\/www.demosmobilia.ch\/fr\/#organization\"},\"potentialAction\":[{\"@type\":\"SearchAction\",\"target\":{\"@type\":\"EntryPoint\",\"urlTemplate\":\"https:\/\/www.demosmobilia.ch\/fr\/?s={search_term_string}\"},\"query-input\":{\"@type\":\"PropertyValueSpecification\",\"valueRequired\":true,\"valueName\":\"search_term_string\"}}],\"inLanguage\":\"fr-FR\"},{\"@type\":\"Organization\",\"@id\":\"https:\/\/www.demosmobilia.ch\/fr\/#organization\",\"name\":\"demosmobilia\",\"url\":\"https:\/\/www.demosmobilia.ch\/fr\/\",\"logo\":{\"@type\":\"ImageObject\",\"inLanguage\":\"fr-FR\",\"@id\":\"https:\/\/www.demosmobilia.ch\/fr\/#\/schema\/logo\/image\/\",\"url\":\"https:\/\/www.demosmobilia.ch\/wp-content\/uploads\/2020\/07\/demosmobilia-logo-2020-230-160.png\",\"contentUrl\":\"https:\/\/www.demosmobilia.ch\/wp-content\/uploads\/2020\/07\/demosmobilia-logo-2020-230-160.png\",\"width\":230,\"height\":160,\"caption\":\"demosmobilia\"},\"image\":{\"@id\":\"https:\/\/www.demosmobilia.ch\/fr\/#\/schema\/logo\/image\/\"},\"sameAs\":[\"https:\/\/www.facebook.com\/Demos-Mobilia-1137017453131445\/\",\"https:\/\/www.instagram.com\/demosmobilia\/\"]}]}<\/script>\n<!-- \/ Yoast SEO plugin. -->","yoast_head_json":{"title":"Grand canap\u00e9 d'angle 5 places, mod\u00e8le 28 BC &#8211; Demosmobilia","robots":{"index":"index","follow":"follow","max-snippet":"max-snippet:-1","max-image-preview":"max-image-preview:large","max-video-preview":"max-video-preview:-1"},"canonical":"https:\/\/www.demosmobilia.ch\/fr\/product\/grand-canape-dangle-5-places-modele-28bc-pour-le-centre-de-la-piece\/","og_locale":"fr_FR","og_type":"article","og_title":"Grand canap\u00e9 d'angle 5 places, mod\u00e8le 28 BC &#8211; Demosmobilia","og_description":"Florence Knoll (New York, 1917 \u2013 2019) \u00e9tait l&rsquo;une des figures les plus influentes du design et du mobilier modernes du XXe si\u00e8cle, une architecte et designer industrielle qui a transform\u00e9 la fa\u00e7on dont les bureaux et les maisons \u00e9taient meubl\u00e9s dans le monde entier. Form\u00e9e \u00e0 la Cranbrook Academy of Art et \u00e0 l&rsquo;Architectural Association de Londres, Florence Knoll a apport\u00e9 une approche rigoureuse, fonctionnelle et \u00e9l\u00e9gante du design, int\u00e9grant l&rsquo;architecture, les proportions et les mat\u00e9riaux de haute qualit\u00e9. Dans les ann\u00e9es 1950, Florence Knoll a entam\u00e9 une longue collaboration avec Knoll International, contribuant \u00e0 d\u00e9finir le style distinctif de la marque avec desRead More &rarr;","og_url":"https:\/\/www.demosmobilia.ch\/fr\/product\/grand-canape-dangle-5-places-modele-28bc-pour-le-centre-de-la-piece\/","og_site_name":"Demosmobilia","article_publisher":"https:\/\/www.facebook.com\/Demos-Mobilia-1137017453131445\/","article_modified_time":"2026-02-03T14:20:45+00:00","og_image":[{"width":1200,"height":900,"url":"https:\/\/www.demosmobilia.ch\/wp-content\/uploads\/2026\/02\/knoll-international-florence-knoll-1st-edition-large-sofa-1949-USA-01a-1.jpg","type":"image\/jpeg"}],"twitter_card":"summary_large_image","twitter_misc":{"Dur\u00e9e de lecture estim\u00e9e":"1 minute"},"schema":{"@context":"https:\/\/schema.org","@graph":[{"@type":"WebPage","@id":"https:\/\/www.demosmobilia.ch\/fr\/product\/grand-canape-dangle-5-places-modele-28bc-pour-le-centre-de-la-piece\/","url":"https:\/\/www.demosmobilia.ch\/fr\/product\/grand-canape-dangle-5-places-modele-28bc-pour-le-centre-de-la-piece\/","name":"Grand canap\u00e9 d'angle 5 places, mod\u00e8le 28 BC &#8211; Demosmobilia","isPartOf":{"@id":"https:\/\/www.demosmobilia.ch\/fr\/#website"},"primaryImageOfPage":{"@id":"https:\/\/www.demosmobilia.ch\/fr\/product\/grand-canape-dangle-5-places-modele-28bc-pour-le-centre-de-la-piece\/#primaryimage"},"image":{"@id":"https:\/\/www.demosmobilia.ch\/fr\/product\/grand-canape-dangle-5-places-modele-28bc-pour-le-centre-de-la-piece\/#primaryimage"},"thumbnailUrl":"https:\/\/www.demosmobilia.ch\/wp-content\/uploads\/2026\/02\/knoll-international-florence-knoll-1st-edition-large-sofa-1949-USA-01a-1.jpg","datePublished":"2026-02-02T05:50:42+00:00","dateModified":"2026-02-03T14:20:45+00:00","breadcrumb":{"@id":"https:\/\/www.demosmobilia.ch\/fr\/product\/grand-canape-dangle-5-places-modele-28bc-pour-le-centre-de-la-piece\/#breadcrumb"},"inLanguage":"fr-FR","potentialAction":[{"@type":"ReadAction","target":["https:\/\/www.demosmobilia.ch\/fr\/product\/grand-canape-dangle-5-places-modele-28bc-pour-le-centre-de-la-piece\/"]}]},{"@type":"ImageObject","inLanguage":"fr-FR","@id":"https:\/\/www.demosmobilia.ch\/fr\/product\/grand-canape-dangle-5-places-modele-28bc-pour-le-centre-de-la-piece\/#primaryimage","url":"https:\/\/www.demosmobilia.ch\/wp-content\/uploads\/2026\/02\/knoll-international-florence-knoll-1st-edition-large-sofa-1949-USA-01a-1.jpg","contentUrl":"https:\/\/www.demosmobilia.ch\/wp-content\/uploads\/2026\/02\/knoll-international-florence-knoll-1st-edition-large-sofa-1949-USA-01a-1.jpg","width":1200,"height":900},{"@type":"BreadcrumbList","@id":"https:\/\/www.demosmobilia.ch\/fr\/product\/grand-canape-dangle-5-places-modele-28bc-pour-le-centre-de-la-piece\/#breadcrumb","itemListElement":[{"@type":"ListItem","position":1,"name":"Home","item":"https:\/\/www.demosmobilia.ch\/fr\/"},{"@type":"ListItem","position":2,"name":"Produits","item":"https:\/\/www.demosmobilia.ch\/fr\/shop\/"},{"@type":"ListItem","position":3,"name":"Grand canap\u00e9 d&#8217;angle 5 places, mod\u00e8le 28 BC"}]},{"@type":"WebSite","@id":"https:\/\/www.demosmobilia.ch\/fr\/#website","url":"https:\/\/www.demosmobilia.ch\/fr\/","name":"Demosmobilia","description":"Vintage Mid Century Modern Design Furniture from the &#039;30s to the &#039;80s","publisher":{"@id":"https:\/\/www.demosmobilia.ch\/fr\/#organization"},"potentialAction":[{"@type":"SearchAction","target":{"@type":"EntryPoint","urlTemplate":"https:\/\/www.demosmobilia.ch\/fr\/?s={search_term_string}"},"query-input":{"@type":"PropertyValueSpecification","valueRequired":true,"valueName":"search_term_string"}}],"inLanguage":"fr-FR"},{"@type":"Organization","@id":"https:\/\/www.demosmobilia.ch\/fr\/#organization","name":"demosmobilia","url":"https:\/\/www.demosmobilia.ch\/fr\/","logo":{"@type":"ImageObject","inLanguage":"fr-FR","@id":"https:\/\/www.demosmobilia.ch\/fr\/#\/schema\/logo\/image\/","url":"https:\/\/www.demosmobilia.ch\/wp-content\/uploads\/2020\/07\/demosmobilia-logo-2020-230-160.png","contentUrl":"https:\/\/www.demosmobilia.ch\/wp-content\/uploads\/2020\/07\/demosmobilia-logo-2020-230-160.png","width":230,"height":160,"caption":"demosmobilia"},"image":{"@id":"https:\/\/www.demosmobilia.ch\/fr\/#\/schema\/logo\/image\/"},"sameAs":["https:\/\/www.facebook.com\/Demos-Mobilia-1137017453131445\/","https:\/\/www.instagram.com\/demosmobilia\/"]}]}},"_links":{"self":[{"href":"https:\/\/www.demosmobilia.ch\/fr\/wp-json\/wp\/v2\/product\/85527","targetHints":{"allow":["GET"]}}],"collection":[{"href":"https:\/\/www.demosmobilia.ch\/fr\/wp-json\/wp\/v2\/product"}],"about":[{"href":"https:\/\/www.demosmobilia.ch\/fr\/wp-json\/wp\/v2\/types\/product"}],"wp:featuredmedia":[{"embeddable":true,"href":"https:\/\/www.demosmobilia.ch\/fr\/wp-json\/wp\/v2\/media\/85554"}],"wp:attachment":[{"href":"https:\/\/www.demosmobilia.ch\/fr\/wp-json\/wp\/v2\/media?parent=85527"}],"wp:term":[{"taxonomy":"product_cat","embeddable":true,"href":"https:\/\/www.demosmobilia.ch\/fr\/wp-json\/wp\/v2\/product_cat?post=85527"},{"taxonomy":"product_tag","embeddable":true,"href":"https:\/\/www.demosmobilia.ch\/fr\/wp-json\/wp\/v2\/product_tag?post=85527"}],"curies":[{"name":"wp","href":"https:\/\/api.w.org\/{rel}","templated":true}]}}