{"id":85442,"date":"2026-02-02T06:45:19","date_gmt":"2026-02-02T05:45:19","guid":{"rendered":"https:\/\/www.demosmobilia.ch\/product\/black-leather-armchairs-model-cab-413-maxi-version-4-available\/"},"modified":"2026-02-03T15:37:12","modified_gmt":"2026-02-03T14:37:12","slug":"black-leather-armchairs-model-cab-413-maxi-version-4-available","status":"publish","type":"product","link":"https:\/\/www.demosmobilia.ch\/fr\/product\/black-leather-armchairs-model-cab-413-maxi-version-4-available\/","title":{"rendered":"Black leather armchairs, model Cab 413, MAXI version, 4 available"},"content":{"rendered":"<p data-start=\"166\" data-end=\"570\">Mario Bellini (Milan, 1935) est l&rsquo;un des designers et architectes italiens les plus influents du XXe si\u00e8cle, r\u00e9put\u00e9 pour ses contributions r\u00e9volutionnaires au design industriel et au mobilier moderne. Form\u00e9 \u00e0 l&rsquo;\u00c9cole polytechnique de Milan, Bellini allie innovation technologique, \u00e9l\u00e9gance formelle et design fonctionnel, cr\u00e9ant des pi\u00e8ces qui sont devenues des ic\u00f4nes du design italien contemporain.<\/p>\n<p data-start=\"572\" data-end=\"984\">Parmi ses \u0153uvres les plus c\u00e9l\u00e8bres figurent les fauteuils Cab, con\u00e7us en 1977 pour Cassina. Les fauteuils Cab atteignent un \u00e9quilibre parfait entre design ergonomique, confort et mat\u00e9riaux de haute qualit\u00e9. Disponibles en version sans accoudoirs (Cab 412) et avec accoudoirs (Cab 413), ces fauteuils se caract\u00e9risent par des lignes \u00e9pur\u00e9es, un rembourrage en mousse haute densit\u00e9 et des rev\u00eatements en cuir ou en tissu de premi\u00e8re qualit\u00e9, avec une structure en bois massif ou en contreplaqu\u00e9.<\/p>\n<p data-start=\"986\" data-end=\"1405\">Fond\u00e9e en 1927, Cassina est l&rsquo;un des principaux fabricants italiens de meubles au monde, r\u00e9put\u00e9 pour produire des pi\u00e8ces de design embl\u00e9matiques con\u00e7ues par des architectes et des designers de renom. En collaborant avec Mario Bellini, Cassina a contribu\u00e9 \u00e0 faire des fauteuils Cab des exemples intemporels du design moderne du milieu du si\u00e8cle, alliant techniques de production innovantes, savoir-faire artisanal sup\u00e9rieur et valeur esth\u00e9tique durable.<\/p>\n<p data-start=\"1407\" data-end=\"1774\">Les chaises Cab de Mario Bellini incarnent le meilleur du design moderne italien du milieu du si\u00e8cle, transformant des si\u00e8ges fonctionnels en objets design \u00e9l\u00e9gants et durables. Gr\u00e2ce \u00e0 leur style embl\u00e9matique et \u00e0 leur fabrication artisanale de qualit\u00e9 sup\u00e9rieure, ces chaises sont tr\u00e8s recherch\u00e9es par les collectionneurs de design vintage et moderne et font partie des collections de mus\u00e9es et de galeries internationaux.<\/p>\n","protected":false},"excerpt":{"rendered":"<p>Prix pour une pi\u00e8ce<a class=\"more-link\" href=\"https:\/\/www.demosmobilia.ch\/fr\/product\/black-leather-armchairs-model-cab-413-maxi-version-4-available\/\">Read More &rarr;<\/a><\/p>\n","protected":false},"featured_media":85559,"template":"","meta":{"_monsterinsights_skip_tracking":false,"_monsterinsights_sitenote_active":false,"_monsterinsights_sitenote_note":"","_monsterinsights_sitenote_category":0,"kk_blocks_editor_width":"","_kiokenblocks_attr":"","_kiokenblocks_dimensions":""},"product_cat":[4263,4071],"product_tag":[10507],"class_list":{"0":"entry","1":"author-demosmobilia","2":"has-excerpt","3":"post-85442","4":"product","5":"type-product","6":"status-publish","7":"has-post-thumbnail","8":"product_production-cassina","9":"product_year-3330","10":"product_nation-italie-fr","11":"product_cat-fauteuils-fr","12":"product_cat-nouveautes","13":"product_tag-bellini-mario-fr","14":"pa_product_dimension-68-x-58-x-assise-ht-44-x-total-ht-80-cm","15":"pa_product_material-cuir-noir","17":"first","18":"instock","19":"shipping-taxable","20":"purchasable","21":"product-type-simple"},"yoast_head":"<!-- This site is optimized with the Yoast SEO plugin v24.0 - https:\/\/yoast.com\/wordpress\/plugins\/seo\/ -->\n<title>Black leather armchairs, model Cab 413, MAXI version, 4 available &#8211; Demosmobilia<\/title>\n<meta name=\"robots\" content=\"index, follow, max-snippet:-1, max-image-preview:large, max-video-preview:-1\" \/>\n<link rel=\"canonical\" href=\"https:\/\/www.demosmobilia.ch\/fr\/product\/black-leather-armchairs-model-cab-413-maxi-version-4-available\/\" \/>\n<meta property=\"og:locale\" content=\"fr_FR\" \/>\n<meta property=\"og:type\" content=\"article\" \/>\n<meta property=\"og:title\" content=\"Black leather armchairs, model Cab 413, MAXI version, 4 available &#8211; Demosmobilia\" \/>\n<meta property=\"og:description\" content=\"Prix pour une pi\u00e8ceRead More &rarr;\" \/>\n<meta property=\"og:url\" content=\"https:\/\/www.demosmobilia.ch\/fr\/product\/black-leather-armchairs-model-cab-413-maxi-version-4-available\/\" \/>\n<meta property=\"og:site_name\" content=\"Demosmobilia\" \/>\n<meta property=\"article:publisher\" content=\"https:\/\/www.facebook.com\/Demos-Mobilia-1137017453131445\/\" \/>\n<meta property=\"article:modified_time\" content=\"2026-02-03T14:37:12+00:00\" \/>\n<meta property=\"og:image\" content=\"https:\/\/www.demosmobilia.ch\/wp-content\/uploads\/2026\/02\/mario-bellini-cassina-poltroncine-cab414-cab413-1970-italian-design-01-1.jpg\" \/>\n\t<meta property=\"og:image:width\" content=\"1200\" \/>\n\t<meta property=\"og:image:height\" content=\"900\" \/>\n\t<meta property=\"og:image:type\" content=\"image\/jpeg\" \/>\n<meta name=\"twitter:card\" content=\"summary_large_image\" \/>\n<meta name=\"twitter:label1\" content=\"Dur\u00e9e de lecture estim\u00e9e\" \/>\n\t<meta name=\"twitter:data1\" content=\"1 minute\" \/>\n<script type=\"application\/ld+json\" class=\"yoast-schema-graph\">{\"@context\":\"https:\/\/schema.org\",\"@graph\":[{\"@type\":\"WebPage\",\"@id\":\"https:\/\/www.demosmobilia.ch\/fr\/product\/black-leather-armchairs-model-cab-413-maxi-version-4-available\/\",\"url\":\"https:\/\/www.demosmobilia.ch\/fr\/product\/black-leather-armchairs-model-cab-413-maxi-version-4-available\/\",\"name\":\"Black leather armchairs, model Cab 413, MAXI version, 4 available &#8211; Demosmobilia\",\"isPartOf\":{\"@id\":\"https:\/\/www.demosmobilia.ch\/fr\/#website\"},\"primaryImageOfPage\":{\"@id\":\"https:\/\/www.demosmobilia.ch\/fr\/product\/black-leather-armchairs-model-cab-413-maxi-version-4-available\/#primaryimage\"},\"image\":{\"@id\":\"https:\/\/www.demosmobilia.ch\/fr\/product\/black-leather-armchairs-model-cab-413-maxi-version-4-available\/#primaryimage\"},\"thumbnailUrl\":\"https:\/\/www.demosmobilia.ch\/wp-content\/uploads\/2026\/02\/mario-bellini-cassina-poltroncine-cab414-cab413-1970-italian-design-01-1.jpg\",\"datePublished\":\"2026-02-02T05:45:19+00:00\",\"dateModified\":\"2026-02-03T14:37:12+00:00\",\"breadcrumb\":{\"@id\":\"https:\/\/www.demosmobilia.ch\/fr\/product\/black-leather-armchairs-model-cab-413-maxi-version-4-available\/#breadcrumb\"},\"inLanguage\":\"fr-FR\",\"potentialAction\":[{\"@type\":\"ReadAction\",\"target\":[\"https:\/\/www.demosmobilia.ch\/fr\/product\/black-leather-armchairs-model-cab-413-maxi-version-4-available\/\"]}]},{\"@type\":\"ImageObject\",\"inLanguage\":\"fr-FR\",\"@id\":\"https:\/\/www.demosmobilia.ch\/fr\/product\/black-leather-armchairs-model-cab-413-maxi-version-4-available\/#primaryimage\",\"url\":\"https:\/\/www.demosmobilia.ch\/wp-content\/uploads\/2026\/02\/mario-bellini-cassina-poltroncine-cab414-cab413-1970-italian-design-01-1.jpg\",\"contentUrl\":\"https:\/\/www.demosmobilia.ch\/wp-content\/uploads\/2026\/02\/mario-bellini-cassina-poltroncine-cab414-cab413-1970-italian-design-01-1.jpg\",\"width\":1200,\"height\":900},{\"@type\":\"BreadcrumbList\",\"@id\":\"https:\/\/www.demosmobilia.ch\/fr\/product\/black-leather-armchairs-model-cab-413-maxi-version-4-available\/#breadcrumb\",\"itemListElement\":[{\"@type\":\"ListItem\",\"position\":1,\"name\":\"Home\",\"item\":\"https:\/\/www.demosmobilia.ch\/fr\/\"},{\"@type\":\"ListItem\",\"position\":2,\"name\":\"Produits\",\"item\":\"https:\/\/www.demosmobilia.ch\/fr\/shop\/\"},{\"@type\":\"ListItem\",\"position\":3,\"name\":\"Black leather armchairs, model Cab 413, MAXI version, 4 available\"}]},{\"@type\":\"WebSite\",\"@id\":\"https:\/\/www.demosmobilia.ch\/fr\/#website\",\"url\":\"https:\/\/www.demosmobilia.ch\/fr\/\",\"name\":\"Demosmobilia\",\"description\":\"Vintage Mid Century Modern Design Furniture from the &#039;30s to the &#039;80s\",\"publisher\":{\"@id\":\"https:\/\/www.demosmobilia.ch\/fr\/#organization\"},\"potentialAction\":[{\"@type\":\"SearchAction\",\"target\":{\"@type\":\"EntryPoint\",\"urlTemplate\":\"https:\/\/www.demosmobilia.ch\/fr\/?s={search_term_string}\"},\"query-input\":{\"@type\":\"PropertyValueSpecification\",\"valueRequired\":true,\"valueName\":\"search_term_string\"}}],\"inLanguage\":\"fr-FR\"},{\"@type\":\"Organization\",\"@id\":\"https:\/\/www.demosmobilia.ch\/fr\/#organization\",\"name\":\"demosmobilia\",\"url\":\"https:\/\/www.demosmobilia.ch\/fr\/\",\"logo\":{\"@type\":\"ImageObject\",\"inLanguage\":\"fr-FR\",\"@id\":\"https:\/\/www.demosmobilia.ch\/fr\/#\/schema\/logo\/image\/\",\"url\":\"https:\/\/www.demosmobilia.ch\/wp-content\/uploads\/2020\/07\/demosmobilia-logo-2020-230-160.png\",\"contentUrl\":\"https:\/\/www.demosmobilia.ch\/wp-content\/uploads\/2020\/07\/demosmobilia-logo-2020-230-160.png\",\"width\":230,\"height\":160,\"caption\":\"demosmobilia\"},\"image\":{\"@id\":\"https:\/\/www.demosmobilia.ch\/fr\/#\/schema\/logo\/image\/\"},\"sameAs\":[\"https:\/\/www.facebook.com\/Demos-Mobilia-1137017453131445\/\",\"https:\/\/www.instagram.com\/demosmobilia\/\"]}]}<\/script>\n<!-- \/ Yoast SEO plugin. -->","yoast_head_json":{"title":"Black leather armchairs, model Cab 413, MAXI version, 4 available &#8211; Demosmobilia","robots":{"index":"index","follow":"follow","max-snippet":"max-snippet:-1","max-image-preview":"max-image-preview:large","max-video-preview":"max-video-preview:-1"},"canonical":"https:\/\/www.demosmobilia.ch\/fr\/product\/black-leather-armchairs-model-cab-413-maxi-version-4-available\/","og_locale":"fr_FR","og_type":"article","og_title":"Black leather armchairs, model Cab 413, MAXI version, 4 available &#8211; Demosmobilia","og_description":"Prix pour une pi\u00e8ceRead More &rarr;","og_url":"https:\/\/www.demosmobilia.ch\/fr\/product\/black-leather-armchairs-model-cab-413-maxi-version-4-available\/","og_site_name":"Demosmobilia","article_publisher":"https:\/\/www.facebook.com\/Demos-Mobilia-1137017453131445\/","article_modified_time":"2026-02-03T14:37:12+00:00","og_image":[{"width":1200,"height":900,"url":"https:\/\/www.demosmobilia.ch\/wp-content\/uploads\/2026\/02\/mario-bellini-cassina-poltroncine-cab414-cab413-1970-italian-design-01-1.jpg","type":"image\/jpeg"}],"twitter_card":"summary_large_image","twitter_misc":{"Dur\u00e9e de lecture estim\u00e9e":"1 minute"},"schema":{"@context":"https:\/\/schema.org","@graph":[{"@type":"WebPage","@id":"https:\/\/www.demosmobilia.ch\/fr\/product\/black-leather-armchairs-model-cab-413-maxi-version-4-available\/","url":"https:\/\/www.demosmobilia.ch\/fr\/product\/black-leather-armchairs-model-cab-413-maxi-version-4-available\/","name":"Black leather armchairs, model Cab 413, MAXI version, 4 available &#8211; Demosmobilia","isPartOf":{"@id":"https:\/\/www.demosmobilia.ch\/fr\/#website"},"primaryImageOfPage":{"@id":"https:\/\/www.demosmobilia.ch\/fr\/product\/black-leather-armchairs-model-cab-413-maxi-version-4-available\/#primaryimage"},"image":{"@id":"https:\/\/www.demosmobilia.ch\/fr\/product\/black-leather-armchairs-model-cab-413-maxi-version-4-available\/#primaryimage"},"thumbnailUrl":"https:\/\/www.demosmobilia.ch\/wp-content\/uploads\/2026\/02\/mario-bellini-cassina-poltroncine-cab414-cab413-1970-italian-design-01-1.jpg","datePublished":"2026-02-02T05:45:19+00:00","dateModified":"2026-02-03T14:37:12+00:00","breadcrumb":{"@id":"https:\/\/www.demosmobilia.ch\/fr\/product\/black-leather-armchairs-model-cab-413-maxi-version-4-available\/#breadcrumb"},"inLanguage":"fr-FR","potentialAction":[{"@type":"ReadAction","target":["https:\/\/www.demosmobilia.ch\/fr\/product\/black-leather-armchairs-model-cab-413-maxi-version-4-available\/"]}]},{"@type":"ImageObject","inLanguage":"fr-FR","@id":"https:\/\/www.demosmobilia.ch\/fr\/product\/black-leather-armchairs-model-cab-413-maxi-version-4-available\/#primaryimage","url":"https:\/\/www.demosmobilia.ch\/wp-content\/uploads\/2026\/02\/mario-bellini-cassina-poltroncine-cab414-cab413-1970-italian-design-01-1.jpg","contentUrl":"https:\/\/www.demosmobilia.ch\/wp-content\/uploads\/2026\/02\/mario-bellini-cassina-poltroncine-cab414-cab413-1970-italian-design-01-1.jpg","width":1200,"height":900},{"@type":"BreadcrumbList","@id":"https:\/\/www.demosmobilia.ch\/fr\/product\/black-leather-armchairs-model-cab-413-maxi-version-4-available\/#breadcrumb","itemListElement":[{"@type":"ListItem","position":1,"name":"Home","item":"https:\/\/www.demosmobilia.ch\/fr\/"},{"@type":"ListItem","position":2,"name":"Produits","item":"https:\/\/www.demosmobilia.ch\/fr\/shop\/"},{"@type":"ListItem","position":3,"name":"Black leather armchairs, model Cab 413, MAXI version, 4 available"}]},{"@type":"WebSite","@id":"https:\/\/www.demosmobilia.ch\/fr\/#website","url":"https:\/\/www.demosmobilia.ch\/fr\/","name":"Demosmobilia","description":"Vintage Mid Century Modern Design Furniture from the &#039;30s to the &#039;80s","publisher":{"@id":"https:\/\/www.demosmobilia.ch\/fr\/#organization"},"potentialAction":[{"@type":"SearchAction","target":{"@type":"EntryPoint","urlTemplate":"https:\/\/www.demosmobilia.ch\/fr\/?s={search_term_string}"},"query-input":{"@type":"PropertyValueSpecification","valueRequired":true,"valueName":"search_term_string"}}],"inLanguage":"fr-FR"},{"@type":"Organization","@id":"https:\/\/www.demosmobilia.ch\/fr\/#organization","name":"demosmobilia","url":"https:\/\/www.demosmobilia.ch\/fr\/","logo":{"@type":"ImageObject","inLanguage":"fr-FR","@id":"https:\/\/www.demosmobilia.ch\/fr\/#\/schema\/logo\/image\/","url":"https:\/\/www.demosmobilia.ch\/wp-content\/uploads\/2020\/07\/demosmobilia-logo-2020-230-160.png","contentUrl":"https:\/\/www.demosmobilia.ch\/wp-content\/uploads\/2020\/07\/demosmobilia-logo-2020-230-160.png","width":230,"height":160,"caption":"demosmobilia"},"image":{"@id":"https:\/\/www.demosmobilia.ch\/fr\/#\/schema\/logo\/image\/"},"sameAs":["https:\/\/www.facebook.com\/Demos-Mobilia-1137017453131445\/","https:\/\/www.instagram.com\/demosmobilia\/"]}]}},"_links":{"self":[{"href":"https:\/\/www.demosmobilia.ch\/fr\/wp-json\/wp\/v2\/product\/85442","targetHints":{"allow":["GET"]}}],"collection":[{"href":"https:\/\/www.demosmobilia.ch\/fr\/wp-json\/wp\/v2\/product"}],"about":[{"href":"https:\/\/www.demosmobilia.ch\/fr\/wp-json\/wp\/v2\/types\/product"}],"wp:featuredmedia":[{"embeddable":true,"href":"https:\/\/www.demosmobilia.ch\/fr\/wp-json\/wp\/v2\/media\/85559"}],"wp:attachment":[{"href":"https:\/\/www.demosmobilia.ch\/fr\/wp-json\/wp\/v2\/media?parent=85442"}],"wp:term":[{"taxonomy":"product_cat","embeddable":true,"href":"https:\/\/www.demosmobilia.ch\/fr\/wp-json\/wp\/v2\/product_cat?post=85442"},{"taxonomy":"product_tag","embeddable":true,"href":"https:\/\/www.demosmobilia.ch\/fr\/wp-json\/wp\/v2\/product_tag?post=85442"}],"curies":[{"name":"wp","href":"https:\/\/api.w.org\/{rel}","templated":true}]}}