{"id":85388,"date":"2026-02-02T06:30:16","date_gmt":"2026-02-02T05:30:16","guid":{"rendered":"https:\/\/www.demosmobilia.ch\/product\/buffet-suisse-design-en-teck\/"},"modified":"2026-02-02T06:30:16","modified_gmt":"2026-02-02T05:30:16","slug":"buffet-suisse-design-en-teck","status":"publish","type":"product","link":"https:\/\/www.demosmobilia.ch\/fr\/product\/buffet-suisse-design-en-teck\/","title":{"rendered":"Buffet suisse design en teck"},"content":{"rendered":"<p data-start=\"132\" data-end=\"466\">Swiss Teak \u00e9tait un fabricant suisse de mobilier actif dans les ann\u00e9es 1950 et 1960, r\u00e9put\u00e9 pour ses meubles en teck de haute qualit\u00e9 au design moderne et fonctionnel. Ses cr\u00e9ations combinent lignes \u00e9pur\u00e9es, \u00e9l\u00e9gance intemporelle et savoir-faire pr\u00e9cis, faisant de Swiss Teak une r\u00e9f\u00e9rence du design mid-century modern suisse. <\/p>\n<p data-start=\"468\" data-end=\"845\">Dans les ann\u00e9es 1950 et 1960, Swiss Teak con\u00e7oit des chaises, tables, buffets et meubles de rangement qui associent design minimaliste, mat\u00e9riaux durables et innovation fonctionnelle. Le mobilier se distingue par l\u2019utilisation experte du teck massif et plaqu\u00e9, apportant chaleur, robustesse et long\u00e9vit\u00e9, des qualit\u00e9s qui rendent ces pi\u00e8ces tr\u00e8s recherch\u00e9es par les collectionneurs aujourd\u2019hui. <\/p>\n<p data-start=\"847\" data-end=\"1264\">Le mobilier Swiss Teak des ann\u00e9es 1950 et 1960 refl\u00e8te l\u2019esprit du design scandinave revisit\u00e9 \u00e0 la mani\u00e8re suisse, avec une attention particuli\u00e8re aux d\u00e9tails, des proportions \u00e9quilibr\u00e9es et une qualit\u00e9 de fabrication sup\u00e9rieure. Aujourd\u2019hui, ces cr\u00e9ations sont pris\u00e9es par les collectionneurs de design vintage et mid-century modern, et figurent dans des collections priv\u00e9es, des galeries de design et des mus\u00e9es internationaux. <\/p>\n","protected":false},"excerpt":{"rendered":"<p>Swiss Teak \u00e9tait un fabricant suisse de mobilier actif dans les ann\u00e9es 1950 et 1960, r\u00e9put\u00e9 pour ses meubles en teck de haute qualit\u00e9 au design moderne et fonctionnel. Ses cr\u00e9ations combinent lignes \u00e9pur\u00e9es, \u00e9l\u00e9gance intemporelle et savoir-faire pr\u00e9cis, faisant de Swiss Teak une r\u00e9f\u00e9rence du design mid-century modern suisse. Dans les ann\u00e9es 1950 et 1960, Swiss Teak con\u00e7oit des chaises, tables, buffets et meubles de rangement qui associent design minimaliste, mat\u00e9riaux durables et innovation fonctionnelle. Le mobilier se distingue par l\u2019utilisation experte du teck massif et plaqu\u00e9, apportant chaleur, robustesse et long\u00e9vit\u00e9, des qualit\u00e9s qui rendent ces pi\u00e8ces tr\u00e8s recherch\u00e9es par les collectionneurs aujourd\u2019hui.<a class=\"more-link\" href=\"https:\/\/www.demosmobilia.ch\/fr\/product\/buffet-suisse-design-en-teck\/\">Read More &rarr;<\/a><\/p>\n","protected":false},"featured_media":85567,"template":"","meta":{"_monsterinsights_skip_tracking":false,"_monsterinsights_sitenote_active":false,"_monsterinsights_sitenote_note":"","_monsterinsights_sitenote_category":0,"kk_blocks_editor_width":"","_kiokenblocks_attr":"","_kiokenblocks_dimensions":""},"product_cat":[4274,4071],"product_tag":[],"class_list":{"0":"entry","1":"author-demosmobilia","2":"post-85388","3":"product","4":"type-product","5":"status-publish","6":"has-post-thumbnail","7":"product_production-swiss-teak","8":"product_year-1960-approx","9":"product_nation-suisse-fr-3","10":"product_cat-buffets","11":"product_cat-nouveautes","12":"pa_product_dimension-220-x-47-x-ht-90-cm-fr","13":"pa_product_material-teck","15":"first","16":"instock","17":"shipping-taxable","18":"purchasable","19":"product-type-simple"},"yoast_head":"<!-- This site is optimized with the Yoast SEO plugin v24.0 - https:\/\/yoast.com\/wordpress\/plugins\/seo\/ -->\n<title>Buffet suisse design en teck &#8211; Demosmobilia<\/title>\n<meta name=\"robots\" content=\"index, follow, max-snippet:-1, max-image-preview:large, max-video-preview:-1\" \/>\n<link rel=\"canonical\" href=\"https:\/\/www.demosmobilia.ch\/fr\/product\/buffet-suisse-design-en-teck\/\" \/>\n<meta property=\"og:locale\" content=\"fr_FR\" \/>\n<meta property=\"og:type\" content=\"article\" \/>\n<meta property=\"og:title\" content=\"Buffet suisse design en teck &#8211; Demosmobilia\" \/>\n<meta property=\"og:description\" content=\"Swiss Teak \u00e9tait un fabricant suisse de mobilier actif dans les ann\u00e9es 1950 et 1960, r\u00e9put\u00e9 pour ses meubles en teck de haute qualit\u00e9 au design moderne et fonctionnel. Ses cr\u00e9ations combinent lignes \u00e9pur\u00e9es, \u00e9l\u00e9gance intemporelle et savoir-faire pr\u00e9cis, faisant de Swiss Teak une r\u00e9f\u00e9rence du design mid-century modern suisse. Dans les ann\u00e9es 1950 et 1960, Swiss Teak con\u00e7oit des chaises, tables, buffets et meubles de rangement qui associent design minimaliste, mat\u00e9riaux durables et innovation fonctionnelle. Le mobilier se distingue par l\u2019utilisation experte du teck massif et plaqu\u00e9, apportant chaleur, robustesse et long\u00e9vit\u00e9, des qualit\u00e9s qui rendent ces pi\u00e8ces tr\u00e8s recherch\u00e9es par les collectionneurs aujourd\u2019hui.Read More &rarr;\" \/>\n<meta property=\"og:url\" content=\"https:\/\/www.demosmobilia.ch\/fr\/product\/buffet-suisse-design-en-teck\/\" \/>\n<meta property=\"og:site_name\" content=\"Demosmobilia\" \/>\n<meta property=\"article:publisher\" content=\"https:\/\/www.facebook.com\/Demos-Mobilia-1137017453131445\/\" \/>\n<meta property=\"og:image\" content=\"https:\/\/www.demosmobilia.ch\/wp-content\/uploads\/2026\/02\/swiss-teak-swiss-design-sideboard-1950-switzerlan-01.jpg\" \/>\n\t<meta property=\"og:image:width\" content=\"1200\" \/>\n\t<meta property=\"og:image:height\" content=\"900\" \/>\n\t<meta property=\"og:image:type\" content=\"image\/jpeg\" \/>\n<meta name=\"twitter:card\" content=\"summary_large_image\" \/>\n<meta name=\"twitter:label1\" content=\"Dur\u00e9e de lecture estim\u00e9e\" \/>\n\t<meta name=\"twitter:data1\" content=\"1 minute\" \/>\n<script type=\"application\/ld+json\" class=\"yoast-schema-graph\">{\"@context\":\"https:\/\/schema.org\",\"@graph\":[{\"@type\":\"WebPage\",\"@id\":\"https:\/\/www.demosmobilia.ch\/fr\/product\/buffet-suisse-design-en-teck\/\",\"url\":\"https:\/\/www.demosmobilia.ch\/fr\/product\/buffet-suisse-design-en-teck\/\",\"name\":\"Buffet suisse design en teck &#8211; Demosmobilia\",\"isPartOf\":{\"@id\":\"https:\/\/www.demosmobilia.ch\/fr\/#website\"},\"primaryImageOfPage\":{\"@id\":\"https:\/\/www.demosmobilia.ch\/fr\/product\/buffet-suisse-design-en-teck\/#primaryimage\"},\"image\":{\"@id\":\"https:\/\/www.demosmobilia.ch\/fr\/product\/buffet-suisse-design-en-teck\/#primaryimage\"},\"thumbnailUrl\":\"https:\/\/www.demosmobilia.ch\/wp-content\/uploads\/2026\/02\/swiss-teak-swiss-design-sideboard-1950-switzerlan-01-2.jpg\",\"datePublished\":\"2026-02-02T05:30:16+00:00\",\"dateModified\":\"2026-02-02T05:30:16+00:00\",\"breadcrumb\":{\"@id\":\"https:\/\/www.demosmobilia.ch\/fr\/product\/buffet-suisse-design-en-teck\/#breadcrumb\"},\"inLanguage\":\"fr-FR\",\"potentialAction\":[{\"@type\":\"ReadAction\",\"target\":[\"https:\/\/www.demosmobilia.ch\/fr\/product\/buffet-suisse-design-en-teck\/\"]}]},{\"@type\":\"ImageObject\",\"inLanguage\":\"fr-FR\",\"@id\":\"https:\/\/www.demosmobilia.ch\/fr\/product\/buffet-suisse-design-en-teck\/#primaryimage\",\"url\":\"https:\/\/www.demosmobilia.ch\/wp-content\/uploads\/2026\/02\/swiss-teak-swiss-design-sideboard-1950-switzerlan-01-2.jpg\",\"contentUrl\":\"https:\/\/www.demosmobilia.ch\/wp-content\/uploads\/2026\/02\/swiss-teak-swiss-design-sideboard-1950-switzerlan-01-2.jpg\",\"width\":1200,\"height\":900},{\"@type\":\"BreadcrumbList\",\"@id\":\"https:\/\/www.demosmobilia.ch\/fr\/product\/buffet-suisse-design-en-teck\/#breadcrumb\",\"itemListElement\":[{\"@type\":\"ListItem\",\"position\":1,\"name\":\"Home\",\"item\":\"https:\/\/www.demosmobilia.ch\/fr\/\"},{\"@type\":\"ListItem\",\"position\":2,\"name\":\"Produits\",\"item\":\"https:\/\/www.demosmobilia.ch\/fr\/shop\/\"},{\"@type\":\"ListItem\",\"position\":3,\"name\":\"Buffet suisse design en teck\"}]},{\"@type\":\"WebSite\",\"@id\":\"https:\/\/www.demosmobilia.ch\/fr\/#website\",\"url\":\"https:\/\/www.demosmobilia.ch\/fr\/\",\"name\":\"Demosmobilia\",\"description\":\"Vintage Mid Century Modern Design Furniture from the &#039;30s to the &#039;80s\",\"publisher\":{\"@id\":\"https:\/\/www.demosmobilia.ch\/fr\/#organization\"},\"potentialAction\":[{\"@type\":\"SearchAction\",\"target\":{\"@type\":\"EntryPoint\",\"urlTemplate\":\"https:\/\/www.demosmobilia.ch\/fr\/?s={search_term_string}\"},\"query-input\":{\"@type\":\"PropertyValueSpecification\",\"valueRequired\":true,\"valueName\":\"search_term_string\"}}],\"inLanguage\":\"fr-FR\"},{\"@type\":\"Organization\",\"@id\":\"https:\/\/www.demosmobilia.ch\/fr\/#organization\",\"name\":\"demosmobilia\",\"url\":\"https:\/\/www.demosmobilia.ch\/fr\/\",\"logo\":{\"@type\":\"ImageObject\",\"inLanguage\":\"fr-FR\",\"@id\":\"https:\/\/www.demosmobilia.ch\/fr\/#\/schema\/logo\/image\/\",\"url\":\"https:\/\/www.demosmobilia.ch\/wp-content\/uploads\/2020\/07\/demosmobilia-logo-2020-230-160.png\",\"contentUrl\":\"https:\/\/www.demosmobilia.ch\/wp-content\/uploads\/2020\/07\/demosmobilia-logo-2020-230-160.png\",\"width\":230,\"height\":160,\"caption\":\"demosmobilia\"},\"image\":{\"@id\":\"https:\/\/www.demosmobilia.ch\/fr\/#\/schema\/logo\/image\/\"},\"sameAs\":[\"https:\/\/www.facebook.com\/Demos-Mobilia-1137017453131445\/\",\"https:\/\/www.instagram.com\/demosmobilia\/\"]}]}<\/script>\n<!-- \/ Yoast SEO plugin. -->","yoast_head_json":{"title":"Buffet suisse design en teck &#8211; Demosmobilia","robots":{"index":"index","follow":"follow","max-snippet":"max-snippet:-1","max-image-preview":"max-image-preview:large","max-video-preview":"max-video-preview:-1"},"canonical":"https:\/\/www.demosmobilia.ch\/fr\/product\/buffet-suisse-design-en-teck\/","og_locale":"fr_FR","og_type":"article","og_title":"Buffet suisse design en teck &#8211; Demosmobilia","og_description":"Swiss Teak \u00e9tait un fabricant suisse de mobilier actif dans les ann\u00e9es 1950 et 1960, r\u00e9put\u00e9 pour ses meubles en teck de haute qualit\u00e9 au design moderne et fonctionnel. Ses cr\u00e9ations combinent lignes \u00e9pur\u00e9es, \u00e9l\u00e9gance intemporelle et savoir-faire pr\u00e9cis, faisant de Swiss Teak une r\u00e9f\u00e9rence du design mid-century modern suisse. Dans les ann\u00e9es 1950 et 1960, Swiss Teak con\u00e7oit des chaises, tables, buffets et meubles de rangement qui associent design minimaliste, mat\u00e9riaux durables et innovation fonctionnelle. Le mobilier se distingue par l\u2019utilisation experte du teck massif et plaqu\u00e9, apportant chaleur, robustesse et long\u00e9vit\u00e9, des qualit\u00e9s qui rendent ces pi\u00e8ces tr\u00e8s recherch\u00e9es par les collectionneurs aujourd\u2019hui.Read More &rarr;","og_url":"https:\/\/www.demosmobilia.ch\/fr\/product\/buffet-suisse-design-en-teck\/","og_site_name":"Demosmobilia","article_publisher":"https:\/\/www.facebook.com\/Demos-Mobilia-1137017453131445\/","og_image":[{"width":1200,"height":900,"url":"https:\/\/www.demosmobilia.ch\/wp-content\/uploads\/2026\/02\/swiss-teak-swiss-design-sideboard-1950-switzerlan-01.jpg","type":"image\/jpeg"}],"twitter_card":"summary_large_image","twitter_misc":{"Dur\u00e9e de lecture estim\u00e9e":"1 minute"},"schema":{"@context":"https:\/\/schema.org","@graph":[{"@type":"WebPage","@id":"https:\/\/www.demosmobilia.ch\/fr\/product\/buffet-suisse-design-en-teck\/","url":"https:\/\/www.demosmobilia.ch\/fr\/product\/buffet-suisse-design-en-teck\/","name":"Buffet suisse design en teck &#8211; Demosmobilia","isPartOf":{"@id":"https:\/\/www.demosmobilia.ch\/fr\/#website"},"primaryImageOfPage":{"@id":"https:\/\/www.demosmobilia.ch\/fr\/product\/buffet-suisse-design-en-teck\/#primaryimage"},"image":{"@id":"https:\/\/www.demosmobilia.ch\/fr\/product\/buffet-suisse-design-en-teck\/#primaryimage"},"thumbnailUrl":"https:\/\/www.demosmobilia.ch\/wp-content\/uploads\/2026\/02\/swiss-teak-swiss-design-sideboard-1950-switzerlan-01-2.jpg","datePublished":"2026-02-02T05:30:16+00:00","dateModified":"2026-02-02T05:30:16+00:00","breadcrumb":{"@id":"https:\/\/www.demosmobilia.ch\/fr\/product\/buffet-suisse-design-en-teck\/#breadcrumb"},"inLanguage":"fr-FR","potentialAction":[{"@type":"ReadAction","target":["https:\/\/www.demosmobilia.ch\/fr\/product\/buffet-suisse-design-en-teck\/"]}]},{"@type":"ImageObject","inLanguage":"fr-FR","@id":"https:\/\/www.demosmobilia.ch\/fr\/product\/buffet-suisse-design-en-teck\/#primaryimage","url":"https:\/\/www.demosmobilia.ch\/wp-content\/uploads\/2026\/02\/swiss-teak-swiss-design-sideboard-1950-switzerlan-01-2.jpg","contentUrl":"https:\/\/www.demosmobilia.ch\/wp-content\/uploads\/2026\/02\/swiss-teak-swiss-design-sideboard-1950-switzerlan-01-2.jpg","width":1200,"height":900},{"@type":"BreadcrumbList","@id":"https:\/\/www.demosmobilia.ch\/fr\/product\/buffet-suisse-design-en-teck\/#breadcrumb","itemListElement":[{"@type":"ListItem","position":1,"name":"Home","item":"https:\/\/www.demosmobilia.ch\/fr\/"},{"@type":"ListItem","position":2,"name":"Produits","item":"https:\/\/www.demosmobilia.ch\/fr\/shop\/"},{"@type":"ListItem","position":3,"name":"Buffet suisse design en teck"}]},{"@type":"WebSite","@id":"https:\/\/www.demosmobilia.ch\/fr\/#website","url":"https:\/\/www.demosmobilia.ch\/fr\/","name":"Demosmobilia","description":"Vintage Mid Century Modern Design Furniture from the &#039;30s to the &#039;80s","publisher":{"@id":"https:\/\/www.demosmobilia.ch\/fr\/#organization"},"potentialAction":[{"@type":"SearchAction","target":{"@type":"EntryPoint","urlTemplate":"https:\/\/www.demosmobilia.ch\/fr\/?s={search_term_string}"},"query-input":{"@type":"PropertyValueSpecification","valueRequired":true,"valueName":"search_term_string"}}],"inLanguage":"fr-FR"},{"@type":"Organization","@id":"https:\/\/www.demosmobilia.ch\/fr\/#organization","name":"demosmobilia","url":"https:\/\/www.demosmobilia.ch\/fr\/","logo":{"@type":"ImageObject","inLanguage":"fr-FR","@id":"https:\/\/www.demosmobilia.ch\/fr\/#\/schema\/logo\/image\/","url":"https:\/\/www.demosmobilia.ch\/wp-content\/uploads\/2020\/07\/demosmobilia-logo-2020-230-160.png","contentUrl":"https:\/\/www.demosmobilia.ch\/wp-content\/uploads\/2020\/07\/demosmobilia-logo-2020-230-160.png","width":230,"height":160,"caption":"demosmobilia"},"image":{"@id":"https:\/\/www.demosmobilia.ch\/fr\/#\/schema\/logo\/image\/"},"sameAs":["https:\/\/www.facebook.com\/Demos-Mobilia-1137017453131445\/","https:\/\/www.instagram.com\/demosmobilia\/"]}]}},"_links":{"self":[{"href":"https:\/\/www.demosmobilia.ch\/fr\/wp-json\/wp\/v2\/product\/85388","targetHints":{"allow":["GET"]}}],"collection":[{"href":"https:\/\/www.demosmobilia.ch\/fr\/wp-json\/wp\/v2\/product"}],"about":[{"href":"https:\/\/www.demosmobilia.ch\/fr\/wp-json\/wp\/v2\/types\/product"}],"wp:featuredmedia":[{"embeddable":true,"href":"https:\/\/www.demosmobilia.ch\/fr\/wp-json\/wp\/v2\/media\/85567"}],"wp:attachment":[{"href":"https:\/\/www.demosmobilia.ch\/fr\/wp-json\/wp\/v2\/media?parent=85388"}],"wp:term":[{"taxonomy":"product_cat","embeddable":true,"href":"https:\/\/www.demosmobilia.ch\/fr\/wp-json\/wp\/v2\/product_cat?post=85388"},{"taxonomy":"product_tag","embeddable":true,"href":"https:\/\/www.demosmobilia.ch\/fr\/wp-json\/wp\/v2\/product_tag?post=85388"}],"curies":[{"name":"wp","href":"https:\/\/api.w.org\/{rel}","templated":true}]}}