{"id":85340,"date":"2026-02-02T07:00:12","date_gmt":"2026-02-02T06:00:12","guid":{"rendered":"https:\/\/www.demosmobilia.ch\/product\/grand-lampadaire-en-verre-souffle-modele-membrana\/"},"modified":"2026-02-02T07:00:12","modified_gmt":"2026-02-02T06:00:12","slug":"grand-lampadaire-en-verre-souffle-modele-membrana","status":"publish","type":"product","link":"https:\/\/www.demosmobilia.ch\/fr\/product\/grand-lampadaire-en-verre-souffle-modele-membrana\/","title":{"rendered":"Grand lampadaire en verre souffl\u00e9 mod\u00e8le Membrana"},"content":{"rendered":"<p data-start=\"226\" data-end=\"615\">Toni Zuccheri (San Vito al Tagliamento, 1937 \u2013 Venise, 2008) est l\u2019un des designers italiens les plus influents de la seconde moiti\u00e9 du XXe si\u00e8cle et une figure majeure du renouveau du verre artistique de Murano. Form\u00e9 en architecture \u00e0 l\u2019IUAV de Venise, Zuccheri d\u00e9veloppe un langage cr\u00e9atif exp\u00e9rimental qui associe rigueur structurelle, ironie formelle et recherche sur la mati\u00e8re. <\/p>\n<p data-start=\"617\" data-end=\"1062\">La collaboration entre Toni Zuccheri et Venini d\u00e9bute au d\u00e9but des ann\u00e9es 1960 et marque un tournant d\u00e9cisif dans l\u2019histoire de la maison v\u00e9nitienne et du design du verre contemporain. En travaillant directement avec les ma\u00eetres verriers de Murano, Zuccheri d\u00e9passe le r\u00f4le traditionnel du designer et intervient au c\u0153ur des processus de fabrication. Il cr\u00e9e ainsi des \u0153uvres embl\u00e9matiques qui transforment l\u2019objet en verre en sculpture fonctionnelle.  <\/p>\n<p data-start=\"1064\" data-end=\"1498\">Pour Venini, Toni Zuccheri con\u00e7oit des luminaires et objets d\u00e9coratifs iconiques, caract\u00e9ris\u00e9s par des formes organiques, des volumes puissants et des couleurs intenses, souvent inspir\u00e9s du monde naturel et animal. Parmi ses cr\u00e9ations les plus c\u00e9l\u00e8bres figurent les s\u00e9ries \u00ab Tronchi \u00bb, \u00ab Cactus \u00bb et \u00ab Piantana \u00bb, ainsi que les lampes zoomorphes Chat, Hibou et Pingouin, aujourd\u2019hui consid\u00e9r\u00e9es comme des ic\u00f4nes du design italien des ann\u00e9es 1960 et 1970. <\/p>\n<p data-start=\"1500\" data-end=\"1815\">La collaboration Toni Zuccheri \u2013 Venini repr\u00e9sente l\u2019un des sommets de l\u2019exp\u00e9rimentation verri\u00e8re \u00e0 Murano et exerce une influence durable sur le design international. Ces \u0153uvres sont aujourd\u2019hui conserv\u00e9es dans d\u2019importantes collections mus\u00e9ales et tr\u00e8s recherch\u00e9es sur le march\u00e9 du design de collection. <\/p>\n","protected":false},"excerpt":{"rendered":"<p>Toni Zuccheri (San Vito al Tagliamento, 1937 \u2013 Venise, 2008) est l\u2019un des designers italiens les plus influents de la seconde moiti\u00e9 du XXe si\u00e8cle et une figure majeure du renouveau du verre artistique de Murano. Form\u00e9 en architecture \u00e0 l\u2019IUAV de Venise, Zuccheri d\u00e9veloppe un langage cr\u00e9atif exp\u00e9rimental qui associe rigueur structurelle, ironie formelle et recherche sur la mati\u00e8re. La collaboration entre Toni Zuccheri et Venini d\u00e9bute au d\u00e9but des ann\u00e9es 1960 et marque un tournant d\u00e9cisif dans l\u2019histoire de la maison v\u00e9nitienne et du design du verre contemporain. En travaillant directement avec les ma\u00eetres verriers de Murano, Zuccheri d\u00e9passe le r\u00f4le traditionnel du<a class=\"more-link\" href=\"https:\/\/www.demosmobilia.ch\/fr\/product\/grand-lampadaire-en-verre-souffle-modele-membrana\/\">Read More &rarr;<\/a><\/p>\n","protected":false},"featured_media":85571,"template":"","meta":{"_monsterinsights_skip_tracking":false,"_monsterinsights_sitenote_active":false,"_monsterinsights_sitenote_note":"","_monsterinsights_sitenote_category":0,"kk_blocks_editor_width":"","_kiokenblocks_attr":"","_kiokenblocks_dimensions":""},"product_cat":[4246,4071],"product_tag":[6856],"class_list":{"0":"entry","1":"author-demosmobilia","2":"post-85340","3":"product","4":"type-product","5":"status-publish","6":"has-post-thumbnail","7":"product_production-venini","8":"product_year-3377","9":"product_nation-italie-fr","10":"product_cat-lampadaires","11":"product_cat-nouveautes","12":"product_tag-zuccheri-toni-fr","13":"pa_product_dimension-dia-40-x-ht-115-cm","14":"pa_product_material-verre-souffle-metal-laque-acier","16":"first","17":"instock","18":"shipping-taxable","19":"product-type-simple"},"yoast_head":"<!-- This site is optimized with the Yoast SEO plugin v24.0 - https:\/\/yoast.com\/wordpress\/plugins\/seo\/ -->\n<title>Grand lampadaire en verre souffl\u00e9 mod\u00e8le Membrana &#8211; Demosmobilia<\/title>\n<meta name=\"robots\" content=\"index, follow, max-snippet:-1, max-image-preview:large, max-video-preview:-1\" \/>\n<link rel=\"canonical\" href=\"https:\/\/www.demosmobilia.ch\/fr\/product\/grand-lampadaire-en-verre-souffle-modele-membrana\/\" \/>\n<meta property=\"og:locale\" content=\"fr_FR\" \/>\n<meta property=\"og:type\" content=\"article\" \/>\n<meta property=\"og:title\" content=\"Grand lampadaire en verre souffl\u00e9 mod\u00e8le Membrana &#8211; Demosmobilia\" \/>\n<meta property=\"og:description\" content=\"Toni Zuccheri (San Vito al Tagliamento, 1937 \u2013 Venise, 2008) est l\u2019un des designers italiens les plus influents de la seconde moiti\u00e9 du XXe si\u00e8cle et une figure majeure du renouveau du verre artistique de Murano. Form\u00e9 en architecture \u00e0 l\u2019IUAV de Venise, Zuccheri d\u00e9veloppe un langage cr\u00e9atif exp\u00e9rimental qui associe rigueur structurelle, ironie formelle et recherche sur la mati\u00e8re. La collaboration entre Toni Zuccheri et Venini d\u00e9bute au d\u00e9but des ann\u00e9es 1960 et marque un tournant d\u00e9cisif dans l\u2019histoire de la maison v\u00e9nitienne et du design du verre contemporain. En travaillant directement avec les ma\u00eetres verriers de Murano, Zuccheri d\u00e9passe le r\u00f4le traditionnel duRead More &rarr;\" \/>\n<meta property=\"og:url\" content=\"https:\/\/www.demosmobilia.ch\/fr\/product\/grand-lampadaire-en-verre-souffle-modele-membrana\/\" \/>\n<meta property=\"og:site_name\" content=\"Demosmobilia\" \/>\n<meta property=\"article:publisher\" content=\"https:\/\/www.facebook.com\/Demos-Mobilia-1137017453131445\/\" \/>\n<meta property=\"og:image\" content=\"https:\/\/www.demosmobilia.ch\/wp-content\/uploads\/2026\/02\/venini-1960-floor-lamp-toni-zuccheri-membrana-mmurano-glass-01A.jpg\" \/>\n\t<meta property=\"og:image:width\" content=\"1200\" \/>\n\t<meta property=\"og:image:height\" content=\"900\" \/>\n\t<meta property=\"og:image:type\" content=\"image\/jpeg\" \/>\n<meta name=\"twitter:card\" content=\"summary_large_image\" \/>\n<meta name=\"twitter:label1\" content=\"Dur\u00e9e de lecture estim\u00e9e\" \/>\n\t<meta name=\"twitter:data1\" content=\"1 minute\" \/>\n<script type=\"application\/ld+json\" class=\"yoast-schema-graph\">{\"@context\":\"https:\/\/schema.org\",\"@graph\":[{\"@type\":\"WebPage\",\"@id\":\"https:\/\/www.demosmobilia.ch\/fr\/product\/grand-lampadaire-en-verre-souffle-modele-membrana\/\",\"url\":\"https:\/\/www.demosmobilia.ch\/fr\/product\/grand-lampadaire-en-verre-souffle-modele-membrana\/\",\"name\":\"Grand lampadaire en verre souffl\u00e9 mod\u00e8le Membrana &#8211; Demosmobilia\",\"isPartOf\":{\"@id\":\"https:\/\/www.demosmobilia.ch\/fr\/#website\"},\"primaryImageOfPage\":{\"@id\":\"https:\/\/www.demosmobilia.ch\/fr\/product\/grand-lampadaire-en-verre-souffle-modele-membrana\/#primaryimage\"},\"image\":{\"@id\":\"https:\/\/www.demosmobilia.ch\/fr\/product\/grand-lampadaire-en-verre-souffle-modele-membrana\/#primaryimage\"},\"thumbnailUrl\":\"https:\/\/www.demosmobilia.ch\/wp-content\/uploads\/2026\/02\/venini-1960-floor-lamp-toni-zuccheri-membrana-mmurano-glass-01A-1.jpg\",\"datePublished\":\"2026-02-02T06:00:12+00:00\",\"dateModified\":\"2026-02-02T06:00:12+00:00\",\"breadcrumb\":{\"@id\":\"https:\/\/www.demosmobilia.ch\/fr\/product\/grand-lampadaire-en-verre-souffle-modele-membrana\/#breadcrumb\"},\"inLanguage\":\"fr-FR\",\"potentialAction\":[{\"@type\":\"ReadAction\",\"target\":[\"https:\/\/www.demosmobilia.ch\/fr\/product\/grand-lampadaire-en-verre-souffle-modele-membrana\/\"]}]},{\"@type\":\"ImageObject\",\"inLanguage\":\"fr-FR\",\"@id\":\"https:\/\/www.demosmobilia.ch\/fr\/product\/grand-lampadaire-en-verre-souffle-modele-membrana\/#primaryimage\",\"url\":\"https:\/\/www.demosmobilia.ch\/wp-content\/uploads\/2026\/02\/venini-1960-floor-lamp-toni-zuccheri-membrana-mmurano-glass-01A-1.jpg\",\"contentUrl\":\"https:\/\/www.demosmobilia.ch\/wp-content\/uploads\/2026\/02\/venini-1960-floor-lamp-toni-zuccheri-membrana-mmurano-glass-01A-1.jpg\",\"width\":1200,\"height\":900},{\"@type\":\"BreadcrumbList\",\"@id\":\"https:\/\/www.demosmobilia.ch\/fr\/product\/grand-lampadaire-en-verre-souffle-modele-membrana\/#breadcrumb\",\"itemListElement\":[{\"@type\":\"ListItem\",\"position\":1,\"name\":\"Home\",\"item\":\"https:\/\/www.demosmobilia.ch\/fr\/\"},{\"@type\":\"ListItem\",\"position\":2,\"name\":\"Produits\",\"item\":\"https:\/\/www.demosmobilia.ch\/fr\/shop\/\"},{\"@type\":\"ListItem\",\"position\":3,\"name\":\"Grand lampadaire en verre souffl\u00e9 mod\u00e8le Membrana\"}]},{\"@type\":\"WebSite\",\"@id\":\"https:\/\/www.demosmobilia.ch\/fr\/#website\",\"url\":\"https:\/\/www.demosmobilia.ch\/fr\/\",\"name\":\"Demosmobilia\",\"description\":\"Vintage Mid Century Modern Design Furniture from the &#039;30s to the &#039;80s\",\"publisher\":{\"@id\":\"https:\/\/www.demosmobilia.ch\/fr\/#organization\"},\"potentialAction\":[{\"@type\":\"SearchAction\",\"target\":{\"@type\":\"EntryPoint\",\"urlTemplate\":\"https:\/\/www.demosmobilia.ch\/fr\/?s={search_term_string}\"},\"query-input\":{\"@type\":\"PropertyValueSpecification\",\"valueRequired\":true,\"valueName\":\"search_term_string\"}}],\"inLanguage\":\"fr-FR\"},{\"@type\":\"Organization\",\"@id\":\"https:\/\/www.demosmobilia.ch\/fr\/#organization\",\"name\":\"demosmobilia\",\"url\":\"https:\/\/www.demosmobilia.ch\/fr\/\",\"logo\":{\"@type\":\"ImageObject\",\"inLanguage\":\"fr-FR\",\"@id\":\"https:\/\/www.demosmobilia.ch\/fr\/#\/schema\/logo\/image\/\",\"url\":\"https:\/\/www.demosmobilia.ch\/wp-content\/uploads\/2020\/07\/demosmobilia-logo-2020-230-160.png\",\"contentUrl\":\"https:\/\/www.demosmobilia.ch\/wp-content\/uploads\/2020\/07\/demosmobilia-logo-2020-230-160.png\",\"width\":230,\"height\":160,\"caption\":\"demosmobilia\"},\"image\":{\"@id\":\"https:\/\/www.demosmobilia.ch\/fr\/#\/schema\/logo\/image\/\"},\"sameAs\":[\"https:\/\/www.facebook.com\/Demos-Mobilia-1137017453131445\/\",\"https:\/\/www.instagram.com\/demosmobilia\/\"]}]}<\/script>\n<!-- \/ Yoast SEO plugin. -->","yoast_head_json":{"title":"Grand lampadaire en verre souffl\u00e9 mod\u00e8le Membrana &#8211; Demosmobilia","robots":{"index":"index","follow":"follow","max-snippet":"max-snippet:-1","max-image-preview":"max-image-preview:large","max-video-preview":"max-video-preview:-1"},"canonical":"https:\/\/www.demosmobilia.ch\/fr\/product\/grand-lampadaire-en-verre-souffle-modele-membrana\/","og_locale":"fr_FR","og_type":"article","og_title":"Grand lampadaire en verre souffl\u00e9 mod\u00e8le Membrana &#8211; Demosmobilia","og_description":"Toni Zuccheri (San Vito al Tagliamento, 1937 \u2013 Venise, 2008) est l\u2019un des designers italiens les plus influents de la seconde moiti\u00e9 du XXe si\u00e8cle et une figure majeure du renouveau du verre artistique de Murano. Form\u00e9 en architecture \u00e0 l\u2019IUAV de Venise, Zuccheri d\u00e9veloppe un langage cr\u00e9atif exp\u00e9rimental qui associe rigueur structurelle, ironie formelle et recherche sur la mati\u00e8re. La collaboration entre Toni Zuccheri et Venini d\u00e9bute au d\u00e9but des ann\u00e9es 1960 et marque un tournant d\u00e9cisif dans l\u2019histoire de la maison v\u00e9nitienne et du design du verre contemporain. En travaillant directement avec les ma\u00eetres verriers de Murano, Zuccheri d\u00e9passe le r\u00f4le traditionnel duRead More &rarr;","og_url":"https:\/\/www.demosmobilia.ch\/fr\/product\/grand-lampadaire-en-verre-souffle-modele-membrana\/","og_site_name":"Demosmobilia","article_publisher":"https:\/\/www.facebook.com\/Demos-Mobilia-1137017453131445\/","og_image":[{"width":1200,"height":900,"url":"https:\/\/www.demosmobilia.ch\/wp-content\/uploads\/2026\/02\/venini-1960-floor-lamp-toni-zuccheri-membrana-mmurano-glass-01A.jpg","type":"image\/jpeg"}],"twitter_card":"summary_large_image","twitter_misc":{"Dur\u00e9e de lecture estim\u00e9e":"1 minute"},"schema":{"@context":"https:\/\/schema.org","@graph":[{"@type":"WebPage","@id":"https:\/\/www.demosmobilia.ch\/fr\/product\/grand-lampadaire-en-verre-souffle-modele-membrana\/","url":"https:\/\/www.demosmobilia.ch\/fr\/product\/grand-lampadaire-en-verre-souffle-modele-membrana\/","name":"Grand lampadaire en verre souffl\u00e9 mod\u00e8le Membrana &#8211; Demosmobilia","isPartOf":{"@id":"https:\/\/www.demosmobilia.ch\/fr\/#website"},"primaryImageOfPage":{"@id":"https:\/\/www.demosmobilia.ch\/fr\/product\/grand-lampadaire-en-verre-souffle-modele-membrana\/#primaryimage"},"image":{"@id":"https:\/\/www.demosmobilia.ch\/fr\/product\/grand-lampadaire-en-verre-souffle-modele-membrana\/#primaryimage"},"thumbnailUrl":"https:\/\/www.demosmobilia.ch\/wp-content\/uploads\/2026\/02\/venini-1960-floor-lamp-toni-zuccheri-membrana-mmurano-glass-01A-1.jpg","datePublished":"2026-02-02T06:00:12+00:00","dateModified":"2026-02-02T06:00:12+00:00","breadcrumb":{"@id":"https:\/\/www.demosmobilia.ch\/fr\/product\/grand-lampadaire-en-verre-souffle-modele-membrana\/#breadcrumb"},"inLanguage":"fr-FR","potentialAction":[{"@type":"ReadAction","target":["https:\/\/www.demosmobilia.ch\/fr\/product\/grand-lampadaire-en-verre-souffle-modele-membrana\/"]}]},{"@type":"ImageObject","inLanguage":"fr-FR","@id":"https:\/\/www.demosmobilia.ch\/fr\/product\/grand-lampadaire-en-verre-souffle-modele-membrana\/#primaryimage","url":"https:\/\/www.demosmobilia.ch\/wp-content\/uploads\/2026\/02\/venini-1960-floor-lamp-toni-zuccheri-membrana-mmurano-glass-01A-1.jpg","contentUrl":"https:\/\/www.demosmobilia.ch\/wp-content\/uploads\/2026\/02\/venini-1960-floor-lamp-toni-zuccheri-membrana-mmurano-glass-01A-1.jpg","width":1200,"height":900},{"@type":"BreadcrumbList","@id":"https:\/\/www.demosmobilia.ch\/fr\/product\/grand-lampadaire-en-verre-souffle-modele-membrana\/#breadcrumb","itemListElement":[{"@type":"ListItem","position":1,"name":"Home","item":"https:\/\/www.demosmobilia.ch\/fr\/"},{"@type":"ListItem","position":2,"name":"Produits","item":"https:\/\/www.demosmobilia.ch\/fr\/shop\/"},{"@type":"ListItem","position":3,"name":"Grand lampadaire en verre souffl\u00e9 mod\u00e8le Membrana"}]},{"@type":"WebSite","@id":"https:\/\/www.demosmobilia.ch\/fr\/#website","url":"https:\/\/www.demosmobilia.ch\/fr\/","name":"Demosmobilia","description":"Vintage Mid Century Modern Design Furniture from the &#039;30s to the &#039;80s","publisher":{"@id":"https:\/\/www.demosmobilia.ch\/fr\/#organization"},"potentialAction":[{"@type":"SearchAction","target":{"@type":"EntryPoint","urlTemplate":"https:\/\/www.demosmobilia.ch\/fr\/?s={search_term_string}"},"query-input":{"@type":"PropertyValueSpecification","valueRequired":true,"valueName":"search_term_string"}}],"inLanguage":"fr-FR"},{"@type":"Organization","@id":"https:\/\/www.demosmobilia.ch\/fr\/#organization","name":"demosmobilia","url":"https:\/\/www.demosmobilia.ch\/fr\/","logo":{"@type":"ImageObject","inLanguage":"fr-FR","@id":"https:\/\/www.demosmobilia.ch\/fr\/#\/schema\/logo\/image\/","url":"https:\/\/www.demosmobilia.ch\/wp-content\/uploads\/2020\/07\/demosmobilia-logo-2020-230-160.png","contentUrl":"https:\/\/www.demosmobilia.ch\/wp-content\/uploads\/2020\/07\/demosmobilia-logo-2020-230-160.png","width":230,"height":160,"caption":"demosmobilia"},"image":{"@id":"https:\/\/www.demosmobilia.ch\/fr\/#\/schema\/logo\/image\/"},"sameAs":["https:\/\/www.facebook.com\/Demos-Mobilia-1137017453131445\/","https:\/\/www.instagram.com\/demosmobilia\/"]}]}},"_links":{"self":[{"href":"https:\/\/www.demosmobilia.ch\/fr\/wp-json\/wp\/v2\/product\/85340","targetHints":{"allow":["GET"]}}],"collection":[{"href":"https:\/\/www.demosmobilia.ch\/fr\/wp-json\/wp\/v2\/product"}],"about":[{"href":"https:\/\/www.demosmobilia.ch\/fr\/wp-json\/wp\/v2\/types\/product"}],"wp:featuredmedia":[{"embeddable":true,"href":"https:\/\/www.demosmobilia.ch\/fr\/wp-json\/wp\/v2\/media\/85571"}],"wp:attachment":[{"href":"https:\/\/www.demosmobilia.ch\/fr\/wp-json\/wp\/v2\/media?parent=85340"}],"wp:term":[{"taxonomy":"product_cat","embeddable":true,"href":"https:\/\/www.demosmobilia.ch\/fr\/wp-json\/wp\/v2\/product_cat?post=85340"},{"taxonomy":"product_tag","embeddable":true,"href":"https:\/\/www.demosmobilia.ch\/fr\/wp-json\/wp\/v2\/product_tag?post=85340"}],"curies":[{"name":"wp","href":"https:\/\/api.w.org\/{rel}","templated":true}]}}