{"id":85294,"date":"2026-02-02T07:45:47","date_gmt":"2026-02-02T06:45:47","guid":{"rendered":"https:\/\/www.demosmobilia.ch\/product\/lampe-de-table-entierement-reglable-modele-flamingo\/"},"modified":"2026-02-02T07:45:47","modified_gmt":"2026-02-02T06:45:47","slug":"lampe-de-table-entierement-reglable-modele-flamingo","status":"publish","type":"product","link":"https:\/\/www.demosmobilia.ch\/fr\/product\/lampe-de-table-entierement-reglable-modele-flamingo\/","title":{"rendered":"Lampe de table enti\u00e8rement r\u00e9glable mod\u00e8le Flamingo"},"content":{"rendered":"<p data-start=\"149\" data-end=\"479\">B\u00fcnte &amp; Remmler (BuR) est un fabricant historique allemand de luminaires design et de mobilier moderniste, fond\u00e9 \u00e0 Francfort-sur-le-Main et actif principalement entre les ann\u00e9es 1920 et 1960. L\u2019entreprise con\u00e7oit et produit des luminaires Bauhaus et post-Bauhaus, et s\u2019impose comme une r\u00e9f\u00e9rence majeure du design industriel allemand du XXe si\u00e8cle. <\/p>\n<p data-start=\"481\" data-end=\"1049\">B\u00fcnte &amp; Remmler con\u00e7oit et fabrique des lampes de table, appliques murales et suspensions caract\u00e9ris\u00e9es par des lignes \u00e9pur\u00e9es, une approche fonctionnelle et des mat\u00e9riaux de haute qualit\u00e9. Dans les ann\u00e9es 1920 et 1930, l\u2019entreprise collabore avec des figures majeures du Bauhaus, notamment Christian Dell, Wilhelm Wagenfeld et Ferdinand Kramer, contribuant activement \u00e0 la diffusion du modernisme europ\u00e9en. Dans les ann\u00e9es 1950 et 1960, BuR d\u00e9veloppe des luminaires iconiques du mid-century modern allemand, dont la c\u00e9l\u00e8bre lampe Flamingo, aujourd\u2019hui tr\u00e8s recherch\u00e9e par les collectionneurs.  <\/p>\n<p data-start=\"1051\" data-end=\"1301\">Aujourd\u2019hui, B\u00fcnte &amp; Remmler est reconnu \u00e0 l\u2019international pour ses luminaires vintage originaux, appr\u00e9ci\u00e9s pour leur importance historique, leur qualit\u00e9 de fabrication et leur design moderne intemporel, et occupe une place de choix sur le march\u00e9 du design de collection.<\/p>\n","protected":false},"excerpt":{"rendered":"<p>B\u00fcnte &amp; Remmler (BuR) est un fabricant historique allemand de luminaires design et de mobilier moderniste, fond\u00e9 \u00e0 Francfort-sur-le-Main et actif principalement entre les ann\u00e9es 1920 et 1960. L\u2019entreprise con\u00e7oit et produit des luminaires Bauhaus et post-Bauhaus, et s\u2019impose comme une r\u00e9f\u00e9rence majeure du design industriel allemand du XXe si\u00e8cle. B\u00fcnte &amp; Remmler con\u00e7oit et fabrique des lampes de table, appliques murales et suspensions caract\u00e9ris\u00e9es par des lignes \u00e9pur\u00e9es, une approche fonctionnelle et des mat\u00e9riaux de haute qualit\u00e9. Dans les ann\u00e9es 1920 et 1930, l\u2019entreprise collabore avec des figures majeures du Bauhaus, notamment Christian Dell, Wilhelm Wagenfeld et Ferdinand Kramer, contribuant activement \u00e0 la diffusion<a class=\"more-link\" href=\"https:\/\/www.demosmobilia.ch\/fr\/product\/lampe-de-table-entierement-reglable-modele-flamingo\/\">Read More &rarr;<\/a><\/p>\n","protected":false},"featured_media":85545,"template":"","meta":{"_monsterinsights_skip_tracking":false,"_monsterinsights_sitenote_active":false,"_monsterinsights_sitenote_note":"","_monsterinsights_sitenote_category":0,"kk_blocks_editor_width":"","_kiokenblocks_attr":"","_kiokenblocks_dimensions":""},"product_cat":[4249,4071],"product_tag":[],"class_list":{"0":"entry","1":"author-demosmobilia","2":"post-85294","3":"product","4":"type-product","5":"status-publish","6":"has-post-thumbnail","7":"product_production-bur-bunte-und-remmler","8":"product_year-1950-approx","9":"product_nation-allemagne","10":"product_cat-lampes-de-table","11":"product_cat-nouveautes","12":"pa_product_dimension-50-x-60-x-ht-70-x-dia-13-5-cm","13":"pa_product_material-metal-laque-noir-aluminium","15":"first","16":"instock","17":"shipping-taxable","18":"purchasable","19":"product-type-simple"},"yoast_head":"<!-- This site is optimized with the Yoast SEO plugin v24.0 - https:\/\/yoast.com\/wordpress\/plugins\/seo\/ -->\n<title>Lampe de table enti\u00e8rement r\u00e9glable mod\u00e8le Flamingo &#8211; Demosmobilia<\/title>\n<meta name=\"robots\" content=\"index, follow, max-snippet:-1, max-image-preview:large, max-video-preview:-1\" \/>\n<link rel=\"canonical\" href=\"https:\/\/www.demosmobilia.ch\/fr\/product\/lampe-de-table-entierement-reglable-modele-flamingo\/\" \/>\n<meta property=\"og:locale\" content=\"fr_FR\" \/>\n<meta property=\"og:type\" content=\"article\" \/>\n<meta property=\"og:title\" content=\"Lampe de table enti\u00e8rement r\u00e9glable mod\u00e8le Flamingo &#8211; Demosmobilia\" \/>\n<meta property=\"og:description\" content=\"B\u00fcnte &amp; Remmler (BuR) est un fabricant historique allemand de luminaires design et de mobilier moderniste, fond\u00e9 \u00e0 Francfort-sur-le-Main et actif principalement entre les ann\u00e9es 1920 et 1960. L\u2019entreprise con\u00e7oit et produit des luminaires Bauhaus et post-Bauhaus, et s\u2019impose comme une r\u00e9f\u00e9rence majeure du design industriel allemand du XXe si\u00e8cle. B\u00fcnte &amp; Remmler con\u00e7oit et fabrique des lampes de table, appliques murales et suspensions caract\u00e9ris\u00e9es par des lignes \u00e9pur\u00e9es, une approche fonctionnelle et des mat\u00e9riaux de haute qualit\u00e9. Dans les ann\u00e9es 1920 et 1930, l\u2019entreprise collabore avec des figures majeures du Bauhaus, notamment Christian Dell, Wilhelm Wagenfeld et Ferdinand Kramer, contribuant activement \u00e0 la diffusionRead More &rarr;\" \/>\n<meta property=\"og:url\" content=\"https:\/\/www.demosmobilia.ch\/fr\/product\/lampe-de-table-entierement-reglable-modele-flamingo\/\" \/>\n<meta property=\"og:site_name\" content=\"Demosmobilia\" \/>\n<meta property=\"article:publisher\" content=\"https:\/\/www.facebook.com\/Demos-Mobilia-1137017453131445\/\" \/>\n<meta property=\"og:image\" content=\"https:\/\/www.demosmobilia.ch\/wp-content\/uploads\/2026\/02\/bunte-und-remmler-tisch-lampe-1950-germany-01.jpg\" \/>\n\t<meta property=\"og:image:width\" content=\"1200\" \/>\n\t<meta property=\"og:image:height\" content=\"900\" \/>\n\t<meta property=\"og:image:type\" content=\"image\/jpeg\" \/>\n<meta name=\"twitter:card\" content=\"summary_large_image\" \/>\n<meta name=\"twitter:label1\" content=\"Dur\u00e9e de lecture estim\u00e9e\" \/>\n\t<meta name=\"twitter:data1\" content=\"1 minute\" \/>\n<script type=\"application\/ld+json\" class=\"yoast-schema-graph\">{\"@context\":\"https:\/\/schema.org\",\"@graph\":[{\"@type\":\"WebPage\",\"@id\":\"https:\/\/www.demosmobilia.ch\/fr\/product\/lampe-de-table-entierement-reglable-modele-flamingo\/\",\"url\":\"https:\/\/www.demosmobilia.ch\/fr\/product\/lampe-de-table-entierement-reglable-modele-flamingo\/\",\"name\":\"Lampe de table enti\u00e8rement r\u00e9glable mod\u00e8le Flamingo &#8211; Demosmobilia\",\"isPartOf\":{\"@id\":\"https:\/\/www.demosmobilia.ch\/fr\/#website\"},\"primaryImageOfPage\":{\"@id\":\"https:\/\/www.demosmobilia.ch\/fr\/product\/lampe-de-table-entierement-reglable-modele-flamingo\/#primaryimage\"},\"image\":{\"@id\":\"https:\/\/www.demosmobilia.ch\/fr\/product\/lampe-de-table-entierement-reglable-modele-flamingo\/#primaryimage\"},\"thumbnailUrl\":\"https:\/\/www.demosmobilia.ch\/wp-content\/uploads\/2026\/02\/bunte-und-remmler-tisch-lampe-1950-germany-01-1.jpg\",\"datePublished\":\"2026-02-02T06:45:47+00:00\",\"dateModified\":\"2026-02-02T06:45:47+00:00\",\"breadcrumb\":{\"@id\":\"https:\/\/www.demosmobilia.ch\/fr\/product\/lampe-de-table-entierement-reglable-modele-flamingo\/#breadcrumb\"},\"inLanguage\":\"fr-FR\",\"potentialAction\":[{\"@type\":\"ReadAction\",\"target\":[\"https:\/\/www.demosmobilia.ch\/fr\/product\/lampe-de-table-entierement-reglable-modele-flamingo\/\"]}]},{\"@type\":\"ImageObject\",\"inLanguage\":\"fr-FR\",\"@id\":\"https:\/\/www.demosmobilia.ch\/fr\/product\/lampe-de-table-entierement-reglable-modele-flamingo\/#primaryimage\",\"url\":\"https:\/\/www.demosmobilia.ch\/wp-content\/uploads\/2026\/02\/bunte-und-remmler-tisch-lampe-1950-germany-01-1.jpg\",\"contentUrl\":\"https:\/\/www.demosmobilia.ch\/wp-content\/uploads\/2026\/02\/bunte-und-remmler-tisch-lampe-1950-germany-01-1.jpg\",\"width\":1200,\"height\":900},{\"@type\":\"BreadcrumbList\",\"@id\":\"https:\/\/www.demosmobilia.ch\/fr\/product\/lampe-de-table-entierement-reglable-modele-flamingo\/#breadcrumb\",\"itemListElement\":[{\"@type\":\"ListItem\",\"position\":1,\"name\":\"Home\",\"item\":\"https:\/\/www.demosmobilia.ch\/fr\/\"},{\"@type\":\"ListItem\",\"position\":2,\"name\":\"Produits\",\"item\":\"https:\/\/www.demosmobilia.ch\/fr\/shop\/\"},{\"@type\":\"ListItem\",\"position\":3,\"name\":\"Lampe de table enti\u00e8rement r\u00e9glable mod\u00e8le Flamingo\"}]},{\"@type\":\"WebSite\",\"@id\":\"https:\/\/www.demosmobilia.ch\/fr\/#website\",\"url\":\"https:\/\/www.demosmobilia.ch\/fr\/\",\"name\":\"Demosmobilia\",\"description\":\"Vintage Mid Century Modern Design Furniture from the &#039;30s to the &#039;80s\",\"publisher\":{\"@id\":\"https:\/\/www.demosmobilia.ch\/fr\/#organization\"},\"potentialAction\":[{\"@type\":\"SearchAction\",\"target\":{\"@type\":\"EntryPoint\",\"urlTemplate\":\"https:\/\/www.demosmobilia.ch\/fr\/?s={search_term_string}\"},\"query-input\":{\"@type\":\"PropertyValueSpecification\",\"valueRequired\":true,\"valueName\":\"search_term_string\"}}],\"inLanguage\":\"fr-FR\"},{\"@type\":\"Organization\",\"@id\":\"https:\/\/www.demosmobilia.ch\/fr\/#organization\",\"name\":\"demosmobilia\",\"url\":\"https:\/\/www.demosmobilia.ch\/fr\/\",\"logo\":{\"@type\":\"ImageObject\",\"inLanguage\":\"fr-FR\",\"@id\":\"https:\/\/www.demosmobilia.ch\/fr\/#\/schema\/logo\/image\/\",\"url\":\"https:\/\/www.demosmobilia.ch\/wp-content\/uploads\/2020\/07\/demosmobilia-logo-2020-230-160.png\",\"contentUrl\":\"https:\/\/www.demosmobilia.ch\/wp-content\/uploads\/2020\/07\/demosmobilia-logo-2020-230-160.png\",\"width\":230,\"height\":160,\"caption\":\"demosmobilia\"},\"image\":{\"@id\":\"https:\/\/www.demosmobilia.ch\/fr\/#\/schema\/logo\/image\/\"},\"sameAs\":[\"https:\/\/www.facebook.com\/Demos-Mobilia-1137017453131445\/\",\"https:\/\/www.instagram.com\/demosmobilia\/\"]}]}<\/script>\n<!-- \/ Yoast SEO plugin. -->","yoast_head_json":{"title":"Lampe de table enti\u00e8rement r\u00e9glable mod\u00e8le Flamingo &#8211; Demosmobilia","robots":{"index":"index","follow":"follow","max-snippet":"max-snippet:-1","max-image-preview":"max-image-preview:large","max-video-preview":"max-video-preview:-1"},"canonical":"https:\/\/www.demosmobilia.ch\/fr\/product\/lampe-de-table-entierement-reglable-modele-flamingo\/","og_locale":"fr_FR","og_type":"article","og_title":"Lampe de table enti\u00e8rement r\u00e9glable mod\u00e8le Flamingo &#8211; Demosmobilia","og_description":"B\u00fcnte &amp; Remmler (BuR) est un fabricant historique allemand de luminaires design et de mobilier moderniste, fond\u00e9 \u00e0 Francfort-sur-le-Main et actif principalement entre les ann\u00e9es 1920 et 1960. L\u2019entreprise con\u00e7oit et produit des luminaires Bauhaus et post-Bauhaus, et s\u2019impose comme une r\u00e9f\u00e9rence majeure du design industriel allemand du XXe si\u00e8cle. B\u00fcnte &amp; Remmler con\u00e7oit et fabrique des lampes de table, appliques murales et suspensions caract\u00e9ris\u00e9es par des lignes \u00e9pur\u00e9es, une approche fonctionnelle et des mat\u00e9riaux de haute qualit\u00e9. Dans les ann\u00e9es 1920 et 1930, l\u2019entreprise collabore avec des figures majeures du Bauhaus, notamment Christian Dell, Wilhelm Wagenfeld et Ferdinand Kramer, contribuant activement \u00e0 la diffusionRead More &rarr;","og_url":"https:\/\/www.demosmobilia.ch\/fr\/product\/lampe-de-table-entierement-reglable-modele-flamingo\/","og_site_name":"Demosmobilia","article_publisher":"https:\/\/www.facebook.com\/Demos-Mobilia-1137017453131445\/","og_image":[{"width":1200,"height":900,"url":"https:\/\/www.demosmobilia.ch\/wp-content\/uploads\/2026\/02\/bunte-und-remmler-tisch-lampe-1950-germany-01.jpg","type":"image\/jpeg"}],"twitter_card":"summary_large_image","twitter_misc":{"Dur\u00e9e de lecture estim\u00e9e":"1 minute"},"schema":{"@context":"https:\/\/schema.org","@graph":[{"@type":"WebPage","@id":"https:\/\/www.demosmobilia.ch\/fr\/product\/lampe-de-table-entierement-reglable-modele-flamingo\/","url":"https:\/\/www.demosmobilia.ch\/fr\/product\/lampe-de-table-entierement-reglable-modele-flamingo\/","name":"Lampe de table enti\u00e8rement r\u00e9glable mod\u00e8le Flamingo &#8211; Demosmobilia","isPartOf":{"@id":"https:\/\/www.demosmobilia.ch\/fr\/#website"},"primaryImageOfPage":{"@id":"https:\/\/www.demosmobilia.ch\/fr\/product\/lampe-de-table-entierement-reglable-modele-flamingo\/#primaryimage"},"image":{"@id":"https:\/\/www.demosmobilia.ch\/fr\/product\/lampe-de-table-entierement-reglable-modele-flamingo\/#primaryimage"},"thumbnailUrl":"https:\/\/www.demosmobilia.ch\/wp-content\/uploads\/2026\/02\/bunte-und-remmler-tisch-lampe-1950-germany-01-1.jpg","datePublished":"2026-02-02T06:45:47+00:00","dateModified":"2026-02-02T06:45:47+00:00","breadcrumb":{"@id":"https:\/\/www.demosmobilia.ch\/fr\/product\/lampe-de-table-entierement-reglable-modele-flamingo\/#breadcrumb"},"inLanguage":"fr-FR","potentialAction":[{"@type":"ReadAction","target":["https:\/\/www.demosmobilia.ch\/fr\/product\/lampe-de-table-entierement-reglable-modele-flamingo\/"]}]},{"@type":"ImageObject","inLanguage":"fr-FR","@id":"https:\/\/www.demosmobilia.ch\/fr\/product\/lampe-de-table-entierement-reglable-modele-flamingo\/#primaryimage","url":"https:\/\/www.demosmobilia.ch\/wp-content\/uploads\/2026\/02\/bunte-und-remmler-tisch-lampe-1950-germany-01-1.jpg","contentUrl":"https:\/\/www.demosmobilia.ch\/wp-content\/uploads\/2026\/02\/bunte-und-remmler-tisch-lampe-1950-germany-01-1.jpg","width":1200,"height":900},{"@type":"BreadcrumbList","@id":"https:\/\/www.demosmobilia.ch\/fr\/product\/lampe-de-table-entierement-reglable-modele-flamingo\/#breadcrumb","itemListElement":[{"@type":"ListItem","position":1,"name":"Home","item":"https:\/\/www.demosmobilia.ch\/fr\/"},{"@type":"ListItem","position":2,"name":"Produits","item":"https:\/\/www.demosmobilia.ch\/fr\/shop\/"},{"@type":"ListItem","position":3,"name":"Lampe de table enti\u00e8rement r\u00e9glable mod\u00e8le Flamingo"}]},{"@type":"WebSite","@id":"https:\/\/www.demosmobilia.ch\/fr\/#website","url":"https:\/\/www.demosmobilia.ch\/fr\/","name":"Demosmobilia","description":"Vintage Mid Century Modern Design Furniture from the &#039;30s to the &#039;80s","publisher":{"@id":"https:\/\/www.demosmobilia.ch\/fr\/#organization"},"potentialAction":[{"@type":"SearchAction","target":{"@type":"EntryPoint","urlTemplate":"https:\/\/www.demosmobilia.ch\/fr\/?s={search_term_string}"},"query-input":{"@type":"PropertyValueSpecification","valueRequired":true,"valueName":"search_term_string"}}],"inLanguage":"fr-FR"},{"@type":"Organization","@id":"https:\/\/www.demosmobilia.ch\/fr\/#organization","name":"demosmobilia","url":"https:\/\/www.demosmobilia.ch\/fr\/","logo":{"@type":"ImageObject","inLanguage":"fr-FR","@id":"https:\/\/www.demosmobilia.ch\/fr\/#\/schema\/logo\/image\/","url":"https:\/\/www.demosmobilia.ch\/wp-content\/uploads\/2020\/07\/demosmobilia-logo-2020-230-160.png","contentUrl":"https:\/\/www.demosmobilia.ch\/wp-content\/uploads\/2020\/07\/demosmobilia-logo-2020-230-160.png","width":230,"height":160,"caption":"demosmobilia"},"image":{"@id":"https:\/\/www.demosmobilia.ch\/fr\/#\/schema\/logo\/image\/"},"sameAs":["https:\/\/www.facebook.com\/Demos-Mobilia-1137017453131445\/","https:\/\/www.instagram.com\/demosmobilia\/"]}]}},"_links":{"self":[{"href":"https:\/\/www.demosmobilia.ch\/fr\/wp-json\/wp\/v2\/product\/85294","targetHints":{"allow":["GET"]}}],"collection":[{"href":"https:\/\/www.demosmobilia.ch\/fr\/wp-json\/wp\/v2\/product"}],"about":[{"href":"https:\/\/www.demosmobilia.ch\/fr\/wp-json\/wp\/v2\/types\/product"}],"wp:featuredmedia":[{"embeddable":true,"href":"https:\/\/www.demosmobilia.ch\/fr\/wp-json\/wp\/v2\/media\/85545"}],"wp:attachment":[{"href":"https:\/\/www.demosmobilia.ch\/fr\/wp-json\/wp\/v2\/media?parent=85294"}],"wp:term":[{"taxonomy":"product_cat","embeddable":true,"href":"https:\/\/www.demosmobilia.ch\/fr\/wp-json\/wp\/v2\/product_cat?post=85294"},{"taxonomy":"product_tag","embeddable":true,"href":"https:\/\/www.demosmobilia.ch\/fr\/wp-json\/wp\/v2\/product_tag?post=85294"}],"curies":[{"name":"wp","href":"https:\/\/api.w.org\/{rel}","templated":true}]}}