{"id":85256,"date":"2026-02-02T07:20:02","date_gmt":"2026-02-02T06:20:02","guid":{"rendered":"https:\/\/www.demosmobilia.ch\/product\/blown-glass-lamp-model-saffo\/"},"modified":"2026-02-03T13:28:57","modified_gmt":"2026-02-03T12:28:57","slug":"blown-glass-lamp-model-saffo","status":"publish","type":"product","link":"https:\/\/www.demosmobilia.ch\/fr\/product\/blown-glass-lamp-model-saffo\/","title":{"rendered":"Blown glass lamp model Saffo"},"content":{"rendered":"<p data-start=\"161\" data-end=\"246\"><strong data-start=\"161\" data-end=\"244\">Angelo Mangiarotti \u2013 Designer Italien et Innovateur des Lampes en Verre pour Artemide<\/strong><\/p>\n<p data-start=\"248\" data-end=\"607\">Angelo Mangiarotti (1921\u20132012) \u00e9tait un architecte, designer et sculpteur italien de renomm\u00e9e internationale, reconnu pour son approche cr\u00e9ative et rigoureuse du design, combinant fonctionnalit\u00e9, forme et exp\u00e9rimentation des mat\u00e9riaux. Dipl\u00f4m\u00e9 du Politecnico de Milan, Mangiarotti a d\u00e9velopp\u00e9 un langage de design unique, applicable \u00e0 la fois \u00e0 l\u2019architecture et aux objets de design. <\/p>\n<p data-start=\"609\" data-end=\"1006\">Mangiarotti s\u2019est particuli\u00e8rement illustr\u00e9 dans la conception de lampes en verre, explorant transparence, l\u00e9g\u00e8ret\u00e9 et formes sculpturales, faisant de la lumi\u00e8re un \u00e9l\u00e9ment central de l\u2019exp\u00e9rience de vie. Sa collaboration avec la c\u00e9l\u00e8bre entreprise italienne Artemide a donn\u00e9 naissance \u00e0 des lampes iconiques, o\u00f9 le verre s\u2019harmonise avec le m\u00e9tal et le bois, combinant design contemporain, \u00e9l\u00e9gance et fonctionnalit\u00e9. <\/p>\n<p data-start=\"1008\" data-end=\"1399\">Les lampes de Mangiarotti pour Artemide refl\u00e8tent son attention \u00e0 la qualit\u00e9 des mat\u00e9riaux, \u00e0 la pr\u00e9cision des formes et \u00e0 la diffusion uniforme de la lumi\u00e8re, en faisant des pi\u00e8ces tr\u00e8s pris\u00e9es pour un usage quotidien et par les collectionneurs et passionn\u00e9s de design italien mid-century et contemporain. Ces cr\u00e9ations restent des exemples embl\u00e9matiques du design italien de l\u2019\u00e9clairage, o\u00f9 innovation technique et sensibilit\u00e9 esth\u00e9tique se rencontrent en parfaite harmonie. <\/p>\n","protected":false},"excerpt":{"rendered":"<p>Angelo Mangiarotti \u2013 Designer Italien et Innovateur des Lampes en Verre pour Artemide Angelo Mangiarotti (1921\u20132012) \u00e9tait un architecte, designer et sculpteur italien de renomm\u00e9e internationale, reconnu pour son approche cr\u00e9ative et rigoureuse du design, combinant fonctionnalit\u00e9, forme et exp\u00e9rimentation des mat\u00e9riaux. Dipl\u00f4m\u00e9 du Politecnico de Milan, Mangiarotti a d\u00e9velopp\u00e9 un langage de design unique, applicable \u00e0 la fois \u00e0 l\u2019architecture et aux objets de design. Mangiarotti s\u2019est particuli\u00e8rement illustr\u00e9 dans la conception de lampes en verre, explorant transparence, l\u00e9g\u00e8ret\u00e9 et formes sculpturales, faisant de la lumi\u00e8re un \u00e9l\u00e9ment central de l\u2019exp\u00e9rience de vie. Sa collaboration avec la c\u00e9l\u00e8bre entreprise italienne Artemide a donn\u00e9 naissance<a class=\"more-link\" href=\"https:\/\/www.demosmobilia.ch\/fr\/product\/blown-glass-lamp-model-saffo\/\">Read More &rarr;<\/a><\/p>\n","protected":false},"featured_media":85550,"template":"","meta":{"_monsterinsights_skip_tracking":false,"_monsterinsights_sitenote_active":false,"_monsterinsights_sitenote_note":"","_monsterinsights_sitenote_category":0,"kk_blocks_editor_width":"","_kiokenblocks_attr":"","_kiokenblocks_dimensions":""},"product_cat":[4249,4071],"product_tag":[6645],"class_list":{"0":"entry","1":"author-demosmobilia","2":"post-85256","3":"product","4":"type-product","5":"status-publish","6":"has-post-thumbnail","7":"product_production-artemide","8":"product_year-3352","9":"product_nation-italie-fr","10":"product_cat-lampes-de-table","11":"product_cat-nouveautes","12":"product_tag-mangiarotti-angelo-fr","13":"pa_product_dimension-dia-21-x-ht-35-cm","14":"pa_product_material-geblasenes-glas-eloxiertes-aluminium","16":"first","17":"instock","18":"shipping-taxable","19":"purchasable","20":"product-type-simple"},"yoast_head":"<!-- This site is optimized with the Yoast SEO plugin v24.0 - https:\/\/yoast.com\/wordpress\/plugins\/seo\/ -->\n<title>Blown glass lamp model Saffo &#8211; Demosmobilia<\/title>\n<meta name=\"robots\" content=\"index, follow, max-snippet:-1, max-image-preview:large, max-video-preview:-1\" \/>\n<link rel=\"canonical\" href=\"https:\/\/www.demosmobilia.ch\/fr\/product\/blown-glass-lamp-model-saffo\/\" \/>\n<meta property=\"og:locale\" content=\"fr_FR\" \/>\n<meta property=\"og:type\" content=\"article\" \/>\n<meta property=\"og:title\" content=\"Blown glass lamp model Saffo &#8211; Demosmobilia\" \/>\n<meta property=\"og:description\" content=\"Angelo Mangiarotti \u2013 Designer Italien et Innovateur des Lampes en Verre pour Artemide Angelo Mangiarotti (1921\u20132012) \u00e9tait un architecte, designer et sculpteur italien de renomm\u00e9e internationale, reconnu pour son approche cr\u00e9ative et rigoureuse du design, combinant fonctionnalit\u00e9, forme et exp\u00e9rimentation des mat\u00e9riaux. Dipl\u00f4m\u00e9 du Politecnico de Milan, Mangiarotti a d\u00e9velopp\u00e9 un langage de design unique, applicable \u00e0 la fois \u00e0 l\u2019architecture et aux objets de design. Mangiarotti s\u2019est particuli\u00e8rement illustr\u00e9 dans la conception de lampes en verre, explorant transparence, l\u00e9g\u00e8ret\u00e9 et formes sculpturales, faisant de la lumi\u00e8re un \u00e9l\u00e9ment central de l\u2019exp\u00e9rience de vie. Sa collaboration avec la c\u00e9l\u00e8bre entreprise italienne Artemide a donn\u00e9 naissanceRead More &rarr;\" \/>\n<meta property=\"og:url\" content=\"https:\/\/www.demosmobilia.ch\/fr\/product\/blown-glass-lamp-model-saffo\/\" \/>\n<meta property=\"og:site_name\" content=\"Demosmobilia\" \/>\n<meta property=\"article:publisher\" content=\"https:\/\/www.facebook.com\/Demos-Mobilia-1137017453131445\/\" \/>\n<meta property=\"article:modified_time\" content=\"2026-02-03T12:28:57+00:00\" \/>\n<meta property=\"og:image\" content=\"https:\/\/www.demosmobilia.ch\/wp-content\/uploads\/2026\/02\/angelo-mangiarotti-saffo-table-lamp-artemide-1967-italian-design-01a-1.jpg\" \/>\n\t<meta property=\"og:image:width\" content=\"1200\" \/>\n\t<meta property=\"og:image:height\" content=\"900\" \/>\n\t<meta property=\"og:image:type\" content=\"image\/jpeg\" \/>\n<meta name=\"twitter:card\" content=\"summary_large_image\" \/>\n<meta name=\"twitter:label1\" content=\"Dur\u00e9e de lecture estim\u00e9e\" \/>\n\t<meta name=\"twitter:data1\" content=\"1 minute\" \/>\n<script type=\"application\/ld+json\" class=\"yoast-schema-graph\">{\"@context\":\"https:\/\/schema.org\",\"@graph\":[{\"@type\":\"WebPage\",\"@id\":\"https:\/\/www.demosmobilia.ch\/fr\/product\/blown-glass-lamp-model-saffo\/\",\"url\":\"https:\/\/www.demosmobilia.ch\/fr\/product\/blown-glass-lamp-model-saffo\/\",\"name\":\"Blown glass lamp model Saffo &#8211; Demosmobilia\",\"isPartOf\":{\"@id\":\"https:\/\/www.demosmobilia.ch\/fr\/#website\"},\"primaryImageOfPage\":{\"@id\":\"https:\/\/www.demosmobilia.ch\/fr\/product\/blown-glass-lamp-model-saffo\/#primaryimage\"},\"image\":{\"@id\":\"https:\/\/www.demosmobilia.ch\/fr\/product\/blown-glass-lamp-model-saffo\/#primaryimage\"},\"thumbnailUrl\":\"https:\/\/www.demosmobilia.ch\/wp-content\/uploads\/2026\/02\/angelo-mangiarotti-saffo-table-lamp-artemide-1967-italian-design-01a-1.jpg\",\"datePublished\":\"2026-02-02T06:20:02+00:00\",\"dateModified\":\"2026-02-03T12:28:57+00:00\",\"breadcrumb\":{\"@id\":\"https:\/\/www.demosmobilia.ch\/fr\/product\/blown-glass-lamp-model-saffo\/#breadcrumb\"},\"inLanguage\":\"fr-FR\",\"potentialAction\":[{\"@type\":\"ReadAction\",\"target\":[\"https:\/\/www.demosmobilia.ch\/fr\/product\/blown-glass-lamp-model-saffo\/\"]}]},{\"@type\":\"ImageObject\",\"inLanguage\":\"fr-FR\",\"@id\":\"https:\/\/www.demosmobilia.ch\/fr\/product\/blown-glass-lamp-model-saffo\/#primaryimage\",\"url\":\"https:\/\/www.demosmobilia.ch\/wp-content\/uploads\/2026\/02\/angelo-mangiarotti-saffo-table-lamp-artemide-1967-italian-design-01a-1.jpg\",\"contentUrl\":\"https:\/\/www.demosmobilia.ch\/wp-content\/uploads\/2026\/02\/angelo-mangiarotti-saffo-table-lamp-artemide-1967-italian-design-01a-1.jpg\",\"width\":1200,\"height\":900},{\"@type\":\"BreadcrumbList\",\"@id\":\"https:\/\/www.demosmobilia.ch\/fr\/product\/blown-glass-lamp-model-saffo\/#breadcrumb\",\"itemListElement\":[{\"@type\":\"ListItem\",\"position\":1,\"name\":\"Home\",\"item\":\"https:\/\/www.demosmobilia.ch\/fr\/\"},{\"@type\":\"ListItem\",\"position\":2,\"name\":\"Produits\",\"item\":\"https:\/\/www.demosmobilia.ch\/fr\/shop\/\"},{\"@type\":\"ListItem\",\"position\":3,\"name\":\"Blown glass lamp model Saffo\"}]},{\"@type\":\"WebSite\",\"@id\":\"https:\/\/www.demosmobilia.ch\/fr\/#website\",\"url\":\"https:\/\/www.demosmobilia.ch\/fr\/\",\"name\":\"Demosmobilia\",\"description\":\"Vintage Mid Century Modern Design Furniture from the &#039;30s to the &#039;80s\",\"publisher\":{\"@id\":\"https:\/\/www.demosmobilia.ch\/fr\/#organization\"},\"potentialAction\":[{\"@type\":\"SearchAction\",\"target\":{\"@type\":\"EntryPoint\",\"urlTemplate\":\"https:\/\/www.demosmobilia.ch\/fr\/?s={search_term_string}\"},\"query-input\":{\"@type\":\"PropertyValueSpecification\",\"valueRequired\":true,\"valueName\":\"search_term_string\"}}],\"inLanguage\":\"fr-FR\"},{\"@type\":\"Organization\",\"@id\":\"https:\/\/www.demosmobilia.ch\/fr\/#organization\",\"name\":\"demosmobilia\",\"url\":\"https:\/\/www.demosmobilia.ch\/fr\/\",\"logo\":{\"@type\":\"ImageObject\",\"inLanguage\":\"fr-FR\",\"@id\":\"https:\/\/www.demosmobilia.ch\/fr\/#\/schema\/logo\/image\/\",\"url\":\"https:\/\/www.demosmobilia.ch\/wp-content\/uploads\/2020\/07\/demosmobilia-logo-2020-230-160.png\",\"contentUrl\":\"https:\/\/www.demosmobilia.ch\/wp-content\/uploads\/2020\/07\/demosmobilia-logo-2020-230-160.png\",\"width\":230,\"height\":160,\"caption\":\"demosmobilia\"},\"image\":{\"@id\":\"https:\/\/www.demosmobilia.ch\/fr\/#\/schema\/logo\/image\/\"},\"sameAs\":[\"https:\/\/www.facebook.com\/Demos-Mobilia-1137017453131445\/\",\"https:\/\/www.instagram.com\/demosmobilia\/\"]}]}<\/script>\n<!-- \/ Yoast SEO plugin. -->","yoast_head_json":{"title":"Blown glass lamp model Saffo &#8211; Demosmobilia","robots":{"index":"index","follow":"follow","max-snippet":"max-snippet:-1","max-image-preview":"max-image-preview:large","max-video-preview":"max-video-preview:-1"},"canonical":"https:\/\/www.demosmobilia.ch\/fr\/product\/blown-glass-lamp-model-saffo\/","og_locale":"fr_FR","og_type":"article","og_title":"Blown glass lamp model Saffo &#8211; Demosmobilia","og_description":"Angelo Mangiarotti \u2013 Designer Italien et Innovateur des Lampes en Verre pour Artemide Angelo Mangiarotti (1921\u20132012) \u00e9tait un architecte, designer et sculpteur italien de renomm\u00e9e internationale, reconnu pour son approche cr\u00e9ative et rigoureuse du design, combinant fonctionnalit\u00e9, forme et exp\u00e9rimentation des mat\u00e9riaux. Dipl\u00f4m\u00e9 du Politecnico de Milan, Mangiarotti a d\u00e9velopp\u00e9 un langage de design unique, applicable \u00e0 la fois \u00e0 l\u2019architecture et aux objets de design. Mangiarotti s\u2019est particuli\u00e8rement illustr\u00e9 dans la conception de lampes en verre, explorant transparence, l\u00e9g\u00e8ret\u00e9 et formes sculpturales, faisant de la lumi\u00e8re un \u00e9l\u00e9ment central de l\u2019exp\u00e9rience de vie. Sa collaboration avec la c\u00e9l\u00e8bre entreprise italienne Artemide a donn\u00e9 naissanceRead More &rarr;","og_url":"https:\/\/www.demosmobilia.ch\/fr\/product\/blown-glass-lamp-model-saffo\/","og_site_name":"Demosmobilia","article_publisher":"https:\/\/www.facebook.com\/Demos-Mobilia-1137017453131445\/","article_modified_time":"2026-02-03T12:28:57+00:00","og_image":[{"width":1200,"height":900,"url":"https:\/\/www.demosmobilia.ch\/wp-content\/uploads\/2026\/02\/angelo-mangiarotti-saffo-table-lamp-artemide-1967-italian-design-01a-1.jpg","type":"image\/jpeg"}],"twitter_card":"summary_large_image","twitter_misc":{"Dur\u00e9e de lecture estim\u00e9e":"1 minute"},"schema":{"@context":"https:\/\/schema.org","@graph":[{"@type":"WebPage","@id":"https:\/\/www.demosmobilia.ch\/fr\/product\/blown-glass-lamp-model-saffo\/","url":"https:\/\/www.demosmobilia.ch\/fr\/product\/blown-glass-lamp-model-saffo\/","name":"Blown glass lamp model Saffo &#8211; Demosmobilia","isPartOf":{"@id":"https:\/\/www.demosmobilia.ch\/fr\/#website"},"primaryImageOfPage":{"@id":"https:\/\/www.demosmobilia.ch\/fr\/product\/blown-glass-lamp-model-saffo\/#primaryimage"},"image":{"@id":"https:\/\/www.demosmobilia.ch\/fr\/product\/blown-glass-lamp-model-saffo\/#primaryimage"},"thumbnailUrl":"https:\/\/www.demosmobilia.ch\/wp-content\/uploads\/2026\/02\/angelo-mangiarotti-saffo-table-lamp-artemide-1967-italian-design-01a-1.jpg","datePublished":"2026-02-02T06:20:02+00:00","dateModified":"2026-02-03T12:28:57+00:00","breadcrumb":{"@id":"https:\/\/www.demosmobilia.ch\/fr\/product\/blown-glass-lamp-model-saffo\/#breadcrumb"},"inLanguage":"fr-FR","potentialAction":[{"@type":"ReadAction","target":["https:\/\/www.demosmobilia.ch\/fr\/product\/blown-glass-lamp-model-saffo\/"]}]},{"@type":"ImageObject","inLanguage":"fr-FR","@id":"https:\/\/www.demosmobilia.ch\/fr\/product\/blown-glass-lamp-model-saffo\/#primaryimage","url":"https:\/\/www.demosmobilia.ch\/wp-content\/uploads\/2026\/02\/angelo-mangiarotti-saffo-table-lamp-artemide-1967-italian-design-01a-1.jpg","contentUrl":"https:\/\/www.demosmobilia.ch\/wp-content\/uploads\/2026\/02\/angelo-mangiarotti-saffo-table-lamp-artemide-1967-italian-design-01a-1.jpg","width":1200,"height":900},{"@type":"BreadcrumbList","@id":"https:\/\/www.demosmobilia.ch\/fr\/product\/blown-glass-lamp-model-saffo\/#breadcrumb","itemListElement":[{"@type":"ListItem","position":1,"name":"Home","item":"https:\/\/www.demosmobilia.ch\/fr\/"},{"@type":"ListItem","position":2,"name":"Produits","item":"https:\/\/www.demosmobilia.ch\/fr\/shop\/"},{"@type":"ListItem","position":3,"name":"Blown glass lamp model Saffo"}]},{"@type":"WebSite","@id":"https:\/\/www.demosmobilia.ch\/fr\/#website","url":"https:\/\/www.demosmobilia.ch\/fr\/","name":"Demosmobilia","description":"Vintage Mid Century Modern Design Furniture from the &#039;30s to the &#039;80s","publisher":{"@id":"https:\/\/www.demosmobilia.ch\/fr\/#organization"},"potentialAction":[{"@type":"SearchAction","target":{"@type":"EntryPoint","urlTemplate":"https:\/\/www.demosmobilia.ch\/fr\/?s={search_term_string}"},"query-input":{"@type":"PropertyValueSpecification","valueRequired":true,"valueName":"search_term_string"}}],"inLanguage":"fr-FR"},{"@type":"Organization","@id":"https:\/\/www.demosmobilia.ch\/fr\/#organization","name":"demosmobilia","url":"https:\/\/www.demosmobilia.ch\/fr\/","logo":{"@type":"ImageObject","inLanguage":"fr-FR","@id":"https:\/\/www.demosmobilia.ch\/fr\/#\/schema\/logo\/image\/","url":"https:\/\/www.demosmobilia.ch\/wp-content\/uploads\/2020\/07\/demosmobilia-logo-2020-230-160.png","contentUrl":"https:\/\/www.demosmobilia.ch\/wp-content\/uploads\/2020\/07\/demosmobilia-logo-2020-230-160.png","width":230,"height":160,"caption":"demosmobilia"},"image":{"@id":"https:\/\/www.demosmobilia.ch\/fr\/#\/schema\/logo\/image\/"},"sameAs":["https:\/\/www.facebook.com\/Demos-Mobilia-1137017453131445\/","https:\/\/www.instagram.com\/demosmobilia\/"]}]}},"_links":{"self":[{"href":"https:\/\/www.demosmobilia.ch\/fr\/wp-json\/wp\/v2\/product\/85256","targetHints":{"allow":["GET"]}}],"collection":[{"href":"https:\/\/www.demosmobilia.ch\/fr\/wp-json\/wp\/v2\/product"}],"about":[{"href":"https:\/\/www.demosmobilia.ch\/fr\/wp-json\/wp\/v2\/types\/product"}],"wp:featuredmedia":[{"embeddable":true,"href":"https:\/\/www.demosmobilia.ch\/fr\/wp-json\/wp\/v2\/media\/85550"}],"wp:attachment":[{"href":"https:\/\/www.demosmobilia.ch\/fr\/wp-json\/wp\/v2\/media?parent=85256"}],"wp:term":[{"taxonomy":"product_cat","embeddable":true,"href":"https:\/\/www.demosmobilia.ch\/fr\/wp-json\/wp\/v2\/product_cat?post=85256"},{"taxonomy":"product_tag","embeddable":true,"href":"https:\/\/www.demosmobilia.ch\/fr\/wp-json\/wp\/v2\/product_tag?post=85256"}],"curies":[{"name":"wp","href":"https:\/\/api.w.org\/{rel}","templated":true}]}}