{"id":85146,"date":"2026-02-24T08:45:42","date_gmt":"2026-02-24T07:45:42","guid":{"rendered":"https:\/\/www.demosmobilia.ch\/product\/deux-abat-jours-avec-abat-jours-en-paille-de-vienne\/"},"modified":"2026-02-02T08:30:42","modified_gmt":"2026-02-02T07:30:42","slug":"deux-abat-jours-avec-abat-jours-en-paille-de-vienne","status":"publish","type":"product","link":"https:\/\/www.demosmobilia.ch\/fr\/product\/deux-abat-jours-avec-abat-jours-en-paille-de-vienne\/","title":{"rendered":"Deux abat-jours avec abat-jours en paille de Vienne"},"content":{"rendered":"<p>Josef Frank : Designer autrichien-su\u00e9dois et pionnier du design moderne<\/p>\n<p data-start=\"196\" data-end=\"566\">Josef Frank (1885\u20131967) \u00e9tait un architecte et designer autrichien-su\u00e9dois extr\u00eamement influent du XX\u1d49 si\u00e8cle, reconnu pour son approche innovante alliant fonctionnalit\u00e9, \u00e9l\u00e9gance et couleurs audacieuses. Sa philosophie du design mettait l\u2019accent sur le confort et la vitalit\u00e9, rompant avec le minimalisme strict de son \u00e9poque et anticipant les tendances du design europ\u00e9en moderne. <\/p>\n<p data-start=\"568\" data-end=\"945\">Frank a collabor\u00e9 \u00e9troitement avec la c\u00e9l\u00e8bre entreprise su\u00e9doise Svenskt Tenn, fond\u00e9e par Estrid Ericson, o\u00f9 il a con\u00e7u des lampes, des meubles et des textiles d\u00e9coratifs. Ses lampes, fabriqu\u00e9es \u00e0 la main en Su\u00e8de, combinaient souvent m\u00e9tal et verre, refl\u00e9tant son style distinctif marqu\u00e9 par des lignes \u00e9l\u00e9gantes, des motifs d\u00e9coratifs et une approche novatrice de la lumi\u00e8re et de l\u2019espace. <\/p>\n<p data-start=\"947\" data-end=\"1278\">L\u2019\u0153uvre de Josef Frank a laiss\u00e9 un impact durable sur le monde de la d\u00e9coration int\u00e9rieure et du mobilier moderne, avec des cr\u00e9ations toujours tr\u00e8s pris\u00e9es par les collectionneurs, designers et amateurs de luminaires \u00e0 travers le monde. Ses lampes et meubles incarnent encore aujourd\u2019hui l\u2019\u00e9quilibre parfait entre fonctionnalit\u00e9, esth\u00e9tique et savoir-faire artisanal. <\/p>\n","protected":false},"excerpt":{"rendered":"<p>Josef Frank : Designer autrichien-su\u00e9dois et pionnier du design moderne Josef Frank (1885\u20131967) \u00e9tait un architecte et designer autrichien-su\u00e9dois extr\u00eamement influent du XX\u1d49 si\u00e8cle, reconnu pour son approche innovante alliant fonctionnalit\u00e9, \u00e9l\u00e9gance et couleurs audacieuses. Sa philosophie du design mettait l\u2019accent sur le confort et la vitalit\u00e9, rompant avec le minimalisme strict de son \u00e9poque et anticipant les tendances du design europ\u00e9en moderne. Frank a collabor\u00e9 \u00e9troitement avec la c\u00e9l\u00e8bre entreprise su\u00e9doise Svenskt Tenn, fond\u00e9e par Estrid Ericson, o\u00f9 il a con\u00e7u des lampes, des meubles et des textiles d\u00e9coratifs. Ses lampes, fabriqu\u00e9es \u00e0 la main en Su\u00e8de, combinaient souvent m\u00e9tal et verre, refl\u00e9tant son<a class=\"more-link\" href=\"https:\/\/www.demosmobilia.ch\/fr\/product\/deux-abat-jours-avec-abat-jours-en-paille-de-vienne\/\">Read More &rarr;<\/a><\/p>\n","protected":false},"featured_media":85123,"template":"","meta":{"_monsterinsights_skip_tracking":false,"_monsterinsights_sitenote_active":false,"_monsterinsights_sitenote_note":"","_monsterinsights_sitenote_category":0,"kk_blocks_editor_width":"","_kiokenblocks_attr":"","_kiokenblocks_dimensions":""},"product_cat":[4249,4071],"product_tag":[9621],"class_list":{"0":"entry","1":"author-demosmobilia","2":"post-85146","3":"product","4":"type-product","5":"status-publish","6":"has-post-thumbnail","7":"product_production-svenskt-tenn","8":"product_year-1950-approx","9":"product_nation-suede","10":"product_cat-lampes-de-table","11":"product_cat-nouveautes","12":"product_tag-frank-josef-fr","13":"pa_product_dimension-13-x-20-x-ht-22-39-cm","14":"pa_product_material-laiton-paille-de-vienne","16":"first","17":"outofstock","18":"shipping-taxable","19":"purchasable","20":"product-type-simple"},"yoast_head":"<!-- This site is optimized with the Yoast SEO plugin v24.0 - https:\/\/yoast.com\/wordpress\/plugins\/seo\/ -->\n<title>Deux abat-jours avec abat-jours en paille de Vienne &#8211; Demosmobilia<\/title>\n<meta name=\"robots\" content=\"index, follow, max-snippet:-1, max-image-preview:large, max-video-preview:-1\" \/>\n<link rel=\"canonical\" href=\"https:\/\/www.demosmobilia.ch\/fr\/product\/deux-abat-jours-avec-abat-jours-en-paille-de-vienne\/\" \/>\n<meta property=\"og:locale\" content=\"fr_FR\" \/>\n<meta property=\"og:type\" content=\"article\" \/>\n<meta property=\"og:title\" content=\"Deux abat-jours avec abat-jours en paille de Vienne &#8211; Demosmobilia\" \/>\n<meta property=\"og:description\" content=\"Josef Frank : Designer autrichien-su\u00e9dois et pionnier du design moderne Josef Frank (1885\u20131967) \u00e9tait un architecte et designer autrichien-su\u00e9dois extr\u00eamement influent du XX\u1d49 si\u00e8cle, reconnu pour son approche innovante alliant fonctionnalit\u00e9, \u00e9l\u00e9gance et couleurs audacieuses. Sa philosophie du design mettait l\u2019accent sur le confort et la vitalit\u00e9, rompant avec le minimalisme strict de son \u00e9poque et anticipant les tendances du design europ\u00e9en moderne. Frank a collabor\u00e9 \u00e9troitement avec la c\u00e9l\u00e8bre entreprise su\u00e9doise Svenskt Tenn, fond\u00e9e par Estrid Ericson, o\u00f9 il a con\u00e7u des lampes, des meubles et des textiles d\u00e9coratifs. Ses lampes, fabriqu\u00e9es \u00e0 la main en Su\u00e8de, combinaient souvent m\u00e9tal et verre, refl\u00e9tant sonRead More &rarr;\" \/>\n<meta property=\"og:url\" content=\"https:\/\/www.demosmobilia.ch\/fr\/product\/deux-abat-jours-avec-abat-jours-en-paille-de-vienne\/\" \/>\n<meta property=\"og:site_name\" content=\"Demosmobilia\" \/>\n<meta property=\"article:publisher\" content=\"https:\/\/www.facebook.com\/Demos-Mobilia-1137017453131445\/\" \/>\n<meta property=\"article:modified_time\" content=\"2026-02-02T07:30:42+00:00\" \/>\n<meta property=\"og:image\" content=\"https:\/\/www.demosmobilia.ch\/wp-content\/uploads\/2026\/02\/josef-frank-abatjour-brass-straw-tablelamp-1950-01.jpg\" \/>\n\t<meta property=\"og:image:width\" content=\"1200\" \/>\n\t<meta property=\"og:image:height\" content=\"900\" \/>\n\t<meta property=\"og:image:type\" content=\"image\/jpeg\" \/>\n<meta name=\"twitter:card\" content=\"summary_large_image\" \/>\n<meta name=\"twitter:label1\" content=\"Dur\u00e9e de lecture estim\u00e9e\" \/>\n\t<meta name=\"twitter:data1\" content=\"1 minute\" \/>\n<script type=\"application\/ld+json\" class=\"yoast-schema-graph\">{\"@context\":\"https:\/\/schema.org\",\"@graph\":[{\"@type\":\"WebPage\",\"@id\":\"https:\/\/www.demosmobilia.ch\/fr\/product\/deux-abat-jours-avec-abat-jours-en-paille-de-vienne\/\",\"url\":\"https:\/\/www.demosmobilia.ch\/fr\/product\/deux-abat-jours-avec-abat-jours-en-paille-de-vienne\/\",\"name\":\"Deux abat-jours avec abat-jours en paille de Vienne &#8211; Demosmobilia\",\"isPartOf\":{\"@id\":\"https:\/\/www.demosmobilia.ch\/fr\/#website\"},\"primaryImageOfPage\":{\"@id\":\"https:\/\/www.demosmobilia.ch\/fr\/product\/deux-abat-jours-avec-abat-jours-en-paille-de-vienne\/#primaryimage\"},\"image\":{\"@id\":\"https:\/\/www.demosmobilia.ch\/fr\/product\/deux-abat-jours-avec-abat-jours-en-paille-de-vienne\/#primaryimage\"},\"thumbnailUrl\":\"https:\/\/www.demosmobilia.ch\/wp-content\/uploads\/2026\/02\/josef-frank-abatjour-brass-straw-tablelamp-1950-01.jpg\",\"datePublished\":\"2026-02-24T07:45:42+00:00\",\"dateModified\":\"2026-02-02T07:30:42+00:00\",\"breadcrumb\":{\"@id\":\"https:\/\/www.demosmobilia.ch\/fr\/product\/deux-abat-jours-avec-abat-jours-en-paille-de-vienne\/#breadcrumb\"},\"inLanguage\":\"fr-FR\",\"potentialAction\":[{\"@type\":\"ReadAction\",\"target\":[\"https:\/\/www.demosmobilia.ch\/fr\/product\/deux-abat-jours-avec-abat-jours-en-paille-de-vienne\/\"]}]},{\"@type\":\"ImageObject\",\"inLanguage\":\"fr-FR\",\"@id\":\"https:\/\/www.demosmobilia.ch\/fr\/product\/deux-abat-jours-avec-abat-jours-en-paille-de-vienne\/#primaryimage\",\"url\":\"https:\/\/www.demosmobilia.ch\/wp-content\/uploads\/2026\/02\/josef-frank-abatjour-brass-straw-tablelamp-1950-01.jpg\",\"contentUrl\":\"https:\/\/www.demosmobilia.ch\/wp-content\/uploads\/2026\/02\/josef-frank-abatjour-brass-straw-tablelamp-1950-01.jpg\",\"width\":1200,\"height\":900},{\"@type\":\"BreadcrumbList\",\"@id\":\"https:\/\/www.demosmobilia.ch\/fr\/product\/deux-abat-jours-avec-abat-jours-en-paille-de-vienne\/#breadcrumb\",\"itemListElement\":[{\"@type\":\"ListItem\",\"position\":1,\"name\":\"Home\",\"item\":\"https:\/\/www.demosmobilia.ch\/fr\/\"},{\"@type\":\"ListItem\",\"position\":2,\"name\":\"Produits\",\"item\":\"https:\/\/www.demosmobilia.ch\/fr\/shop\/\"},{\"@type\":\"ListItem\",\"position\":3,\"name\":\"Deux abat-jours avec abat-jours en paille de Vienne\"}]},{\"@type\":\"WebSite\",\"@id\":\"https:\/\/www.demosmobilia.ch\/fr\/#website\",\"url\":\"https:\/\/www.demosmobilia.ch\/fr\/\",\"name\":\"Demosmobilia\",\"description\":\"Vintage Mid Century Modern Design Furniture from the &#039;30s to the &#039;80s\",\"publisher\":{\"@id\":\"https:\/\/www.demosmobilia.ch\/fr\/#organization\"},\"potentialAction\":[{\"@type\":\"SearchAction\",\"target\":{\"@type\":\"EntryPoint\",\"urlTemplate\":\"https:\/\/www.demosmobilia.ch\/fr\/?s={search_term_string}\"},\"query-input\":{\"@type\":\"PropertyValueSpecification\",\"valueRequired\":true,\"valueName\":\"search_term_string\"}}],\"inLanguage\":\"fr-FR\"},{\"@type\":\"Organization\",\"@id\":\"https:\/\/www.demosmobilia.ch\/fr\/#organization\",\"name\":\"demosmobilia\",\"url\":\"https:\/\/www.demosmobilia.ch\/fr\/\",\"logo\":{\"@type\":\"ImageObject\",\"inLanguage\":\"fr-FR\",\"@id\":\"https:\/\/www.demosmobilia.ch\/fr\/#\/schema\/logo\/image\/\",\"url\":\"https:\/\/www.demosmobilia.ch\/wp-content\/uploads\/2020\/07\/demosmobilia-logo-2020-230-160.png\",\"contentUrl\":\"https:\/\/www.demosmobilia.ch\/wp-content\/uploads\/2020\/07\/demosmobilia-logo-2020-230-160.png\",\"width\":230,\"height\":160,\"caption\":\"demosmobilia\"},\"image\":{\"@id\":\"https:\/\/www.demosmobilia.ch\/fr\/#\/schema\/logo\/image\/\"},\"sameAs\":[\"https:\/\/www.facebook.com\/Demos-Mobilia-1137017453131445\/\",\"https:\/\/www.instagram.com\/demosmobilia\/\"]}]}<\/script>\n<!-- \/ Yoast SEO plugin. -->","yoast_head_json":{"title":"Deux abat-jours avec abat-jours en paille de Vienne &#8211; Demosmobilia","robots":{"index":"index","follow":"follow","max-snippet":"max-snippet:-1","max-image-preview":"max-image-preview:large","max-video-preview":"max-video-preview:-1"},"canonical":"https:\/\/www.demosmobilia.ch\/fr\/product\/deux-abat-jours-avec-abat-jours-en-paille-de-vienne\/","og_locale":"fr_FR","og_type":"article","og_title":"Deux abat-jours avec abat-jours en paille de Vienne &#8211; Demosmobilia","og_description":"Josef Frank : Designer autrichien-su\u00e9dois et pionnier du design moderne Josef Frank (1885\u20131967) \u00e9tait un architecte et designer autrichien-su\u00e9dois extr\u00eamement influent du XX\u1d49 si\u00e8cle, reconnu pour son approche innovante alliant fonctionnalit\u00e9, \u00e9l\u00e9gance et couleurs audacieuses. Sa philosophie du design mettait l\u2019accent sur le confort et la vitalit\u00e9, rompant avec le minimalisme strict de son \u00e9poque et anticipant les tendances du design europ\u00e9en moderne. Frank a collabor\u00e9 \u00e9troitement avec la c\u00e9l\u00e8bre entreprise su\u00e9doise Svenskt Tenn, fond\u00e9e par Estrid Ericson, o\u00f9 il a con\u00e7u des lampes, des meubles et des textiles d\u00e9coratifs. Ses lampes, fabriqu\u00e9es \u00e0 la main en Su\u00e8de, combinaient souvent m\u00e9tal et verre, refl\u00e9tant sonRead More &rarr;","og_url":"https:\/\/www.demosmobilia.ch\/fr\/product\/deux-abat-jours-avec-abat-jours-en-paille-de-vienne\/","og_site_name":"Demosmobilia","article_publisher":"https:\/\/www.facebook.com\/Demos-Mobilia-1137017453131445\/","article_modified_time":"2026-02-02T07:30:42+00:00","og_image":[{"width":1200,"height":900,"url":"https:\/\/www.demosmobilia.ch\/wp-content\/uploads\/2026\/02\/josef-frank-abatjour-brass-straw-tablelamp-1950-01.jpg","type":"image\/jpeg"}],"twitter_card":"summary_large_image","twitter_misc":{"Dur\u00e9e de lecture estim\u00e9e":"1 minute"},"schema":{"@context":"https:\/\/schema.org","@graph":[{"@type":"WebPage","@id":"https:\/\/www.demosmobilia.ch\/fr\/product\/deux-abat-jours-avec-abat-jours-en-paille-de-vienne\/","url":"https:\/\/www.demosmobilia.ch\/fr\/product\/deux-abat-jours-avec-abat-jours-en-paille-de-vienne\/","name":"Deux abat-jours avec abat-jours en paille de Vienne &#8211; Demosmobilia","isPartOf":{"@id":"https:\/\/www.demosmobilia.ch\/fr\/#website"},"primaryImageOfPage":{"@id":"https:\/\/www.demosmobilia.ch\/fr\/product\/deux-abat-jours-avec-abat-jours-en-paille-de-vienne\/#primaryimage"},"image":{"@id":"https:\/\/www.demosmobilia.ch\/fr\/product\/deux-abat-jours-avec-abat-jours-en-paille-de-vienne\/#primaryimage"},"thumbnailUrl":"https:\/\/www.demosmobilia.ch\/wp-content\/uploads\/2026\/02\/josef-frank-abatjour-brass-straw-tablelamp-1950-01.jpg","datePublished":"2026-02-24T07:45:42+00:00","dateModified":"2026-02-02T07:30:42+00:00","breadcrumb":{"@id":"https:\/\/www.demosmobilia.ch\/fr\/product\/deux-abat-jours-avec-abat-jours-en-paille-de-vienne\/#breadcrumb"},"inLanguage":"fr-FR","potentialAction":[{"@type":"ReadAction","target":["https:\/\/www.demosmobilia.ch\/fr\/product\/deux-abat-jours-avec-abat-jours-en-paille-de-vienne\/"]}]},{"@type":"ImageObject","inLanguage":"fr-FR","@id":"https:\/\/www.demosmobilia.ch\/fr\/product\/deux-abat-jours-avec-abat-jours-en-paille-de-vienne\/#primaryimage","url":"https:\/\/www.demosmobilia.ch\/wp-content\/uploads\/2026\/02\/josef-frank-abatjour-brass-straw-tablelamp-1950-01.jpg","contentUrl":"https:\/\/www.demosmobilia.ch\/wp-content\/uploads\/2026\/02\/josef-frank-abatjour-brass-straw-tablelamp-1950-01.jpg","width":1200,"height":900},{"@type":"BreadcrumbList","@id":"https:\/\/www.demosmobilia.ch\/fr\/product\/deux-abat-jours-avec-abat-jours-en-paille-de-vienne\/#breadcrumb","itemListElement":[{"@type":"ListItem","position":1,"name":"Home","item":"https:\/\/www.demosmobilia.ch\/fr\/"},{"@type":"ListItem","position":2,"name":"Produits","item":"https:\/\/www.demosmobilia.ch\/fr\/shop\/"},{"@type":"ListItem","position":3,"name":"Deux abat-jours avec abat-jours en paille de Vienne"}]},{"@type":"WebSite","@id":"https:\/\/www.demosmobilia.ch\/fr\/#website","url":"https:\/\/www.demosmobilia.ch\/fr\/","name":"Demosmobilia","description":"Vintage Mid Century Modern Design Furniture from the &#039;30s to the &#039;80s","publisher":{"@id":"https:\/\/www.demosmobilia.ch\/fr\/#organization"},"potentialAction":[{"@type":"SearchAction","target":{"@type":"EntryPoint","urlTemplate":"https:\/\/www.demosmobilia.ch\/fr\/?s={search_term_string}"},"query-input":{"@type":"PropertyValueSpecification","valueRequired":true,"valueName":"search_term_string"}}],"inLanguage":"fr-FR"},{"@type":"Organization","@id":"https:\/\/www.demosmobilia.ch\/fr\/#organization","name":"demosmobilia","url":"https:\/\/www.demosmobilia.ch\/fr\/","logo":{"@type":"ImageObject","inLanguage":"fr-FR","@id":"https:\/\/www.demosmobilia.ch\/fr\/#\/schema\/logo\/image\/","url":"https:\/\/www.demosmobilia.ch\/wp-content\/uploads\/2020\/07\/demosmobilia-logo-2020-230-160.png","contentUrl":"https:\/\/www.demosmobilia.ch\/wp-content\/uploads\/2020\/07\/demosmobilia-logo-2020-230-160.png","width":230,"height":160,"caption":"demosmobilia"},"image":{"@id":"https:\/\/www.demosmobilia.ch\/fr\/#\/schema\/logo\/image\/"},"sameAs":["https:\/\/www.facebook.com\/Demos-Mobilia-1137017453131445\/","https:\/\/www.instagram.com\/demosmobilia\/"]}]}},"_links":{"self":[{"href":"https:\/\/www.demosmobilia.ch\/fr\/wp-json\/wp\/v2\/product\/85146","targetHints":{"allow":["GET"]}}],"collection":[{"href":"https:\/\/www.demosmobilia.ch\/fr\/wp-json\/wp\/v2\/product"}],"about":[{"href":"https:\/\/www.demosmobilia.ch\/fr\/wp-json\/wp\/v2\/types\/product"}],"wp:featuredmedia":[{"embeddable":true,"href":"https:\/\/www.demosmobilia.ch\/fr\/wp-json\/wp\/v2\/media\/85123"}],"wp:attachment":[{"href":"https:\/\/www.demosmobilia.ch\/fr\/wp-json\/wp\/v2\/media?parent=85146"}],"wp:term":[{"taxonomy":"product_cat","embeddable":true,"href":"https:\/\/www.demosmobilia.ch\/fr\/wp-json\/wp\/v2\/product_cat?post=85146"},{"taxonomy":"product_tag","embeddable":true,"href":"https:\/\/www.demosmobilia.ch\/fr\/wp-json\/wp\/v2\/product_tag?post=85146"}],"curies":[{"name":"wp","href":"https:\/\/api.w.org\/{rel}","templated":true}]}}