{"id":85090,"date":"2026-03-16T09:30:42","date_gmt":"2026-03-16T08:30:42","guid":{"rendered":"https:\/\/www.demosmobilia.ch\/product\/commode-a-4-roulettes-modele-cm24\/"},"modified":"2026-02-02T09:30:42","modified_gmt":"2026-02-02T08:30:42","slug":"commode-a-4-roulettes-modele-cm24","status":"publish","type":"product","link":"https:\/\/www.demosmobilia.ch\/fr\/product\/commode-a-4-roulettes-modele-cm24\/","title":{"rendered":"Commode \u00e0 4 roulettes mod\u00e8le CM24"},"content":{"rendered":"<p>Bibliographie : I. de Guttry, M. P. Maino, Il mobile italiano degli anni &rsquo;40 e &rsquo;50 (Le mobilier italien des ann\u00e9es 40 et 50), Laterza, 1992, p. 79<\/p>\n<p data-start=\"144\" data-end=\"845\">Franco Albini : Architecte et Designer Italien Iconique<br data-start=\"200\" data-end=\"203\">Franco Albini (1905-1977) est l\u2019un des architectes et designers italiens les plus influents du XX\u1d49 si\u00e8cle. Reconnu pour son approche innovante du design industriel et de l\u2019architecture moderne, Albini a su allier fonctionnalit\u00e9 et \u00e9l\u00e9gance, cr\u00e9ant des \u0153uvres intemporelles. Ses projets les plus c\u00e9l\u00e8bres incluent le canap\u00e9 \u201cMargherita\u201d, le syst\u00e8me d\u2019assise \u201cLuisa\u201d, ainsi que des interventions architecturales majeures dans des villes comme Milan et Turin. Albini est \u00e9galement c\u00e9l\u00e9br\u00e9 pour son utilisation soign\u00e9e des mat\u00e9riaux locaux et sa capacit\u00e9 \u00e0 trouver un \u00e9quilibre entre modernisme et tradition. Son travail continue d\u2019inspirer des g\u00e9n\u00e9rations d\u2019architectes et designers italiens et internationaux.    <\/p>\n<p><b> <\/b><\/p>\n<p data-start=\"847\" data-end=\"1386\">Dans les ann\u00e9es 1950 et 1960, Franco Albini a collabor\u00e9 avec Poggi, entreprise italienne historique reconnue pour son mobilier de haute qualit\u00e9. Ensemble, ils ont con\u00e7u des meubles et accessoires d\u2019int\u00e9rieur innovants, combinant design \u00e9l\u00e9gant et praticit\u00e9. Les cr\u00e9ations d\u2019Albini pour Poggi, comprenant chaises, tables et syst\u00e8mes modulaires, sont aujourd\u2019hui extr\u00eamement rares et tr\u00e8s recherch\u00e9es par les collectionneurs de design. Ces pi\u00e8ces uniques d\u00e9montrent la ma\u00eetrise de la forme et des mat\u00e9riaux d\u2019Albini et ont contribu\u00e9 \u00e0 renforcer la r\u00e9putation de Poggi dans le design italien et international.  <\/p>\n","protected":false},"excerpt":{"rendered":"<p>Bibliographie : I. de Guttry, M. P. Maino, Il mobile italiano degli anni &rsquo;40 e &rsquo;50 (Le mobilier italien des ann\u00e9es 40 et 50), Laterza, 1992, p. 79 Franco Albini : Architecte et Designer Italien IconiqueFranco Albini (1905-1977) est l\u2019un des architectes et designers italiens les plus influents du XX\u1d49 si\u00e8cle. Reconnu pour son approche innovante du design industriel et de l\u2019architecture moderne, Albini a su allier fonctionnalit\u00e9 et \u00e9l\u00e9gance, cr\u00e9ant des \u0153uvres intemporelles. Ses projets les plus c\u00e9l\u00e8bres incluent le canap\u00e9 \u201cMargherita\u201d, le syst\u00e8me d\u2019assise \u201cLuisa\u201d, ainsi que des interventions architecturales majeures dans des villes comme Milan et Turin. Albini est \u00e9galement c\u00e9l\u00e9br\u00e9 pour<a class=\"more-link\" href=\"https:\/\/www.demosmobilia.ch\/fr\/product\/commode-a-4-roulettes-modele-cm24\/\">Read More &rarr;<\/a><\/p>\n","protected":false},"featured_media":85026,"template":"","meta":{"_monsterinsights_skip_tracking":false,"_monsterinsights_sitenote_active":false,"_monsterinsights_sitenote_note":"","_monsterinsights_sitenote_category":0,"kk_blocks_editor_width":"","_kiokenblocks_attr":"","_kiokenblocks_dimensions":""},"product_cat":[4273,4071],"product_tag":[6532],"class_list":{"0":"entry","1":"author-demosmobilia","2":"post-85090","3":"product","4":"type-product","5":"status-publish","6":"has-post-thumbnail","7":"product_production-poggi","8":"product_year-2405","9":"product_nation-italie-fr","10":"product_cat-commodes","11":"product_cat-nouveautes","12":"product_tag-albini-franco-fr","13":"pa_product_dimension-46-x-66-x-hauteur-du-plateau-565-x-hauteur-totale-725-cm","14":"pa_product_material-acajou-laiton","16":"first","17":"outofstock","18":"shipping-taxable","19":"purchasable","20":"product-type-simple"},"yoast_head":"<!-- This site is optimized with the Yoast SEO plugin v24.0 - https:\/\/yoast.com\/wordpress\/plugins\/seo\/ -->\n<title>Commode \u00e0 4 roulettes mod\u00e8le CM24 &#8211; Demosmobilia<\/title>\n<meta name=\"robots\" content=\"index, follow, max-snippet:-1, max-image-preview:large, max-video-preview:-1\" \/>\n<link rel=\"canonical\" href=\"https:\/\/www.demosmobilia.ch\/fr\/product\/commode-a-4-roulettes-modele-cm24\/\" \/>\n<meta property=\"og:locale\" content=\"fr_FR\" \/>\n<meta property=\"og:type\" content=\"article\" \/>\n<meta property=\"og:title\" content=\"Commode \u00e0 4 roulettes mod\u00e8le CM24 &#8211; Demosmobilia\" \/>\n<meta property=\"og:description\" content=\"Bibliographie : I. de Guttry, M. P. Maino, Il mobile italiano degli anni &rsquo;40 e &rsquo;50 (Le mobilier italien des ann\u00e9es 40 et 50), Laterza, 1992, p. 79 Franco Albini : Architecte et Designer Italien IconiqueFranco Albini (1905-1977) est l\u2019un des architectes et designers italiens les plus influents du XX\u1d49 si\u00e8cle. Reconnu pour son approche innovante du design industriel et de l\u2019architecture moderne, Albini a su allier fonctionnalit\u00e9 et \u00e9l\u00e9gance, cr\u00e9ant des \u0153uvres intemporelles. Ses projets les plus c\u00e9l\u00e8bres incluent le canap\u00e9 \u201cMargherita\u201d, le syst\u00e8me d\u2019assise \u201cLuisa\u201d, ainsi que des interventions architecturales majeures dans des villes comme Milan et Turin. Albini est \u00e9galement c\u00e9l\u00e9br\u00e9 pourRead More &rarr;\" \/>\n<meta property=\"og:url\" content=\"https:\/\/www.demosmobilia.ch\/fr\/product\/commode-a-4-roulettes-modele-cm24\/\" \/>\n<meta property=\"og:site_name\" content=\"Demosmobilia\" \/>\n<meta property=\"article:publisher\" content=\"https:\/\/www.facebook.com\/Demos-Mobilia-1137017453131445\/\" \/>\n<meta property=\"article:modified_time\" content=\"2026-02-02T08:30:42+00:00\" \/>\n<meta property=\"og:image\" content=\"https:\/\/www.demosmobilia.ch\/wp-content\/uploads\/2026\/02\/franco-albini-poggi-drawers-CM24-1950-italian-design-01.jpg\" \/>\n\t<meta property=\"og:image:width\" content=\"1200\" \/>\n\t<meta property=\"og:image:height\" content=\"900\" \/>\n\t<meta property=\"og:image:type\" content=\"image\/jpeg\" \/>\n<meta name=\"twitter:card\" content=\"summary_large_image\" \/>\n<meta name=\"twitter:label1\" content=\"Dur\u00e9e de lecture estim\u00e9e\" \/>\n\t<meta name=\"twitter:data1\" content=\"1 minute\" \/>\n<script type=\"application\/ld+json\" class=\"yoast-schema-graph\">{\"@context\":\"https:\/\/schema.org\",\"@graph\":[{\"@type\":\"WebPage\",\"@id\":\"https:\/\/www.demosmobilia.ch\/fr\/product\/commode-a-4-roulettes-modele-cm24\/\",\"url\":\"https:\/\/www.demosmobilia.ch\/fr\/product\/commode-a-4-roulettes-modele-cm24\/\",\"name\":\"Commode \u00e0 4 roulettes mod\u00e8le CM24 &#8211; Demosmobilia\",\"isPartOf\":{\"@id\":\"https:\/\/www.demosmobilia.ch\/fr\/#website\"},\"primaryImageOfPage\":{\"@id\":\"https:\/\/www.demosmobilia.ch\/fr\/product\/commode-a-4-roulettes-modele-cm24\/#primaryimage\"},\"image\":{\"@id\":\"https:\/\/www.demosmobilia.ch\/fr\/product\/commode-a-4-roulettes-modele-cm24\/#primaryimage\"},\"thumbnailUrl\":\"https:\/\/www.demosmobilia.ch\/wp-content\/uploads\/2026\/02\/franco-albini-poggi-drawers-CM24-1950-italian-design-01.jpg\",\"datePublished\":\"2026-03-16T08:30:42+00:00\",\"dateModified\":\"2026-02-02T08:30:42+00:00\",\"breadcrumb\":{\"@id\":\"https:\/\/www.demosmobilia.ch\/fr\/product\/commode-a-4-roulettes-modele-cm24\/#breadcrumb\"},\"inLanguage\":\"fr-FR\",\"potentialAction\":[{\"@type\":\"ReadAction\",\"target\":[\"https:\/\/www.demosmobilia.ch\/fr\/product\/commode-a-4-roulettes-modele-cm24\/\"]}]},{\"@type\":\"ImageObject\",\"inLanguage\":\"fr-FR\",\"@id\":\"https:\/\/www.demosmobilia.ch\/fr\/product\/commode-a-4-roulettes-modele-cm24\/#primaryimage\",\"url\":\"https:\/\/www.demosmobilia.ch\/wp-content\/uploads\/2026\/02\/franco-albini-poggi-drawers-CM24-1950-italian-design-01.jpg\",\"contentUrl\":\"https:\/\/www.demosmobilia.ch\/wp-content\/uploads\/2026\/02\/franco-albini-poggi-drawers-CM24-1950-italian-design-01.jpg\",\"width\":1200,\"height\":900},{\"@type\":\"BreadcrumbList\",\"@id\":\"https:\/\/www.demosmobilia.ch\/fr\/product\/commode-a-4-roulettes-modele-cm24\/#breadcrumb\",\"itemListElement\":[{\"@type\":\"ListItem\",\"position\":1,\"name\":\"Home\",\"item\":\"https:\/\/www.demosmobilia.ch\/fr\/\"},{\"@type\":\"ListItem\",\"position\":2,\"name\":\"Produits\",\"item\":\"https:\/\/www.demosmobilia.ch\/fr\/shop\/\"},{\"@type\":\"ListItem\",\"position\":3,\"name\":\"Commode \u00e0 4 roulettes mod\u00e8le CM24\"}]},{\"@type\":\"WebSite\",\"@id\":\"https:\/\/www.demosmobilia.ch\/fr\/#website\",\"url\":\"https:\/\/www.demosmobilia.ch\/fr\/\",\"name\":\"Demosmobilia\",\"description\":\"Vintage Mid Century Modern Design Furniture from the &#039;30s to the &#039;80s\",\"publisher\":{\"@id\":\"https:\/\/www.demosmobilia.ch\/fr\/#organization\"},\"potentialAction\":[{\"@type\":\"SearchAction\",\"target\":{\"@type\":\"EntryPoint\",\"urlTemplate\":\"https:\/\/www.demosmobilia.ch\/fr\/?s={search_term_string}\"},\"query-input\":{\"@type\":\"PropertyValueSpecification\",\"valueRequired\":true,\"valueName\":\"search_term_string\"}}],\"inLanguage\":\"fr-FR\"},{\"@type\":\"Organization\",\"@id\":\"https:\/\/www.demosmobilia.ch\/fr\/#organization\",\"name\":\"demosmobilia\",\"url\":\"https:\/\/www.demosmobilia.ch\/fr\/\",\"logo\":{\"@type\":\"ImageObject\",\"inLanguage\":\"fr-FR\",\"@id\":\"https:\/\/www.demosmobilia.ch\/fr\/#\/schema\/logo\/image\/\",\"url\":\"https:\/\/www.demosmobilia.ch\/wp-content\/uploads\/2020\/07\/demosmobilia-logo-2020-230-160.png\",\"contentUrl\":\"https:\/\/www.demosmobilia.ch\/wp-content\/uploads\/2020\/07\/demosmobilia-logo-2020-230-160.png\",\"width\":230,\"height\":160,\"caption\":\"demosmobilia\"},\"image\":{\"@id\":\"https:\/\/www.demosmobilia.ch\/fr\/#\/schema\/logo\/image\/\"},\"sameAs\":[\"https:\/\/www.facebook.com\/Demos-Mobilia-1137017453131445\/\",\"https:\/\/www.instagram.com\/demosmobilia\/\"]}]}<\/script>\n<!-- \/ Yoast SEO plugin. -->","yoast_head_json":{"title":"Commode \u00e0 4 roulettes mod\u00e8le CM24 &#8211; Demosmobilia","robots":{"index":"index","follow":"follow","max-snippet":"max-snippet:-1","max-image-preview":"max-image-preview:large","max-video-preview":"max-video-preview:-1"},"canonical":"https:\/\/www.demosmobilia.ch\/fr\/product\/commode-a-4-roulettes-modele-cm24\/","og_locale":"fr_FR","og_type":"article","og_title":"Commode \u00e0 4 roulettes mod\u00e8le CM24 &#8211; Demosmobilia","og_description":"Bibliographie : I. de Guttry, M. P. Maino, Il mobile italiano degli anni &rsquo;40 e &rsquo;50 (Le mobilier italien des ann\u00e9es 40 et 50), Laterza, 1992, p. 79 Franco Albini : Architecte et Designer Italien IconiqueFranco Albini (1905-1977) est l\u2019un des architectes et designers italiens les plus influents du XX\u1d49 si\u00e8cle. Reconnu pour son approche innovante du design industriel et de l\u2019architecture moderne, Albini a su allier fonctionnalit\u00e9 et \u00e9l\u00e9gance, cr\u00e9ant des \u0153uvres intemporelles. Ses projets les plus c\u00e9l\u00e8bres incluent le canap\u00e9 \u201cMargherita\u201d, le syst\u00e8me d\u2019assise \u201cLuisa\u201d, ainsi que des interventions architecturales majeures dans des villes comme Milan et Turin. Albini est \u00e9galement c\u00e9l\u00e9br\u00e9 pourRead More &rarr;","og_url":"https:\/\/www.demosmobilia.ch\/fr\/product\/commode-a-4-roulettes-modele-cm24\/","og_site_name":"Demosmobilia","article_publisher":"https:\/\/www.facebook.com\/Demos-Mobilia-1137017453131445\/","article_modified_time":"2026-02-02T08:30:42+00:00","og_image":[{"width":1200,"height":900,"url":"https:\/\/www.demosmobilia.ch\/wp-content\/uploads\/2026\/02\/franco-albini-poggi-drawers-CM24-1950-italian-design-01.jpg","type":"image\/jpeg"}],"twitter_card":"summary_large_image","twitter_misc":{"Dur\u00e9e de lecture estim\u00e9e":"1 minute"},"schema":{"@context":"https:\/\/schema.org","@graph":[{"@type":"WebPage","@id":"https:\/\/www.demosmobilia.ch\/fr\/product\/commode-a-4-roulettes-modele-cm24\/","url":"https:\/\/www.demosmobilia.ch\/fr\/product\/commode-a-4-roulettes-modele-cm24\/","name":"Commode \u00e0 4 roulettes mod\u00e8le CM24 &#8211; Demosmobilia","isPartOf":{"@id":"https:\/\/www.demosmobilia.ch\/fr\/#website"},"primaryImageOfPage":{"@id":"https:\/\/www.demosmobilia.ch\/fr\/product\/commode-a-4-roulettes-modele-cm24\/#primaryimage"},"image":{"@id":"https:\/\/www.demosmobilia.ch\/fr\/product\/commode-a-4-roulettes-modele-cm24\/#primaryimage"},"thumbnailUrl":"https:\/\/www.demosmobilia.ch\/wp-content\/uploads\/2026\/02\/franco-albini-poggi-drawers-CM24-1950-italian-design-01.jpg","datePublished":"2026-03-16T08:30:42+00:00","dateModified":"2026-02-02T08:30:42+00:00","breadcrumb":{"@id":"https:\/\/www.demosmobilia.ch\/fr\/product\/commode-a-4-roulettes-modele-cm24\/#breadcrumb"},"inLanguage":"fr-FR","potentialAction":[{"@type":"ReadAction","target":["https:\/\/www.demosmobilia.ch\/fr\/product\/commode-a-4-roulettes-modele-cm24\/"]}]},{"@type":"ImageObject","inLanguage":"fr-FR","@id":"https:\/\/www.demosmobilia.ch\/fr\/product\/commode-a-4-roulettes-modele-cm24\/#primaryimage","url":"https:\/\/www.demosmobilia.ch\/wp-content\/uploads\/2026\/02\/franco-albini-poggi-drawers-CM24-1950-italian-design-01.jpg","contentUrl":"https:\/\/www.demosmobilia.ch\/wp-content\/uploads\/2026\/02\/franco-albini-poggi-drawers-CM24-1950-italian-design-01.jpg","width":1200,"height":900},{"@type":"BreadcrumbList","@id":"https:\/\/www.demosmobilia.ch\/fr\/product\/commode-a-4-roulettes-modele-cm24\/#breadcrumb","itemListElement":[{"@type":"ListItem","position":1,"name":"Home","item":"https:\/\/www.demosmobilia.ch\/fr\/"},{"@type":"ListItem","position":2,"name":"Produits","item":"https:\/\/www.demosmobilia.ch\/fr\/shop\/"},{"@type":"ListItem","position":3,"name":"Commode \u00e0 4 roulettes mod\u00e8le CM24"}]},{"@type":"WebSite","@id":"https:\/\/www.demosmobilia.ch\/fr\/#website","url":"https:\/\/www.demosmobilia.ch\/fr\/","name":"Demosmobilia","description":"Vintage Mid Century Modern Design Furniture from the &#039;30s to the &#039;80s","publisher":{"@id":"https:\/\/www.demosmobilia.ch\/fr\/#organization"},"potentialAction":[{"@type":"SearchAction","target":{"@type":"EntryPoint","urlTemplate":"https:\/\/www.demosmobilia.ch\/fr\/?s={search_term_string}"},"query-input":{"@type":"PropertyValueSpecification","valueRequired":true,"valueName":"search_term_string"}}],"inLanguage":"fr-FR"},{"@type":"Organization","@id":"https:\/\/www.demosmobilia.ch\/fr\/#organization","name":"demosmobilia","url":"https:\/\/www.demosmobilia.ch\/fr\/","logo":{"@type":"ImageObject","inLanguage":"fr-FR","@id":"https:\/\/www.demosmobilia.ch\/fr\/#\/schema\/logo\/image\/","url":"https:\/\/www.demosmobilia.ch\/wp-content\/uploads\/2020\/07\/demosmobilia-logo-2020-230-160.png","contentUrl":"https:\/\/www.demosmobilia.ch\/wp-content\/uploads\/2020\/07\/demosmobilia-logo-2020-230-160.png","width":230,"height":160,"caption":"demosmobilia"},"image":{"@id":"https:\/\/www.demosmobilia.ch\/fr\/#\/schema\/logo\/image\/"},"sameAs":["https:\/\/www.facebook.com\/Demos-Mobilia-1137017453131445\/","https:\/\/www.instagram.com\/demosmobilia\/"]}]}},"_links":{"self":[{"href":"https:\/\/www.demosmobilia.ch\/fr\/wp-json\/wp\/v2\/product\/85090","targetHints":{"allow":["GET"]}}],"collection":[{"href":"https:\/\/www.demosmobilia.ch\/fr\/wp-json\/wp\/v2\/product"}],"about":[{"href":"https:\/\/www.demosmobilia.ch\/fr\/wp-json\/wp\/v2\/types\/product"}],"wp:featuredmedia":[{"embeddable":true,"href":"https:\/\/www.demosmobilia.ch\/fr\/wp-json\/wp\/v2\/media\/85026"}],"wp:attachment":[{"href":"https:\/\/www.demosmobilia.ch\/fr\/wp-json\/wp\/v2\/media?parent=85090"}],"wp:term":[{"taxonomy":"product_cat","embeddable":true,"href":"https:\/\/www.demosmobilia.ch\/fr\/wp-json\/wp\/v2\/product_cat?post=85090"},{"taxonomy":"product_tag","embeddable":true,"href":"https:\/\/www.demosmobilia.ch\/fr\/wp-json\/wp\/v2\/product_tag?post=85090"}],"curies":[{"name":"wp","href":"https:\/\/api.w.org\/{rel}","templated":true}]}}