{"id":84977,"date":"2026-02-02T10:00:22","date_gmt":"2026-02-02T09:00:22","guid":{"rendered":"https:\/\/www.demosmobilia.ch\/product\/chaises-modele-africa-lot-de-8-chaises-premiere-production\/"},"modified":"2026-02-02T10:00:22","modified_gmt":"2026-02-02T09:00:22","slug":"chaises-modele-africa-lot-de-8-chaises-premiere-production","status":"publish","type":"product","link":"https:\/\/www.demosmobilia.ch\/fr\/product\/chaises-modele-africa-lot-de-8-chaises-premiere-production\/","title":{"rendered":"Chaises mod\u00e8le Africa, lot de 8 chaises, premi\u00e8re production"},"content":{"rendered":"<p data-start=\"129\" data-end=\"558\">Afra et Tobia Scarpa comptent parmi les figures les plus influentes du design italien du XX\u1d49 si\u00e8cle, reconnus pour une approche qui conjugue innovation, savoir-faire artisanal et culture industrielle. Actifs en duo d\u00e8s le d\u00e9but des ann\u00e9es 1960, ils ont jou\u00e9 un r\u00f4le majeur dans la d\u00e9finition du langage du design moderne et contemporain, collaborant avec certaines des plus importantes maisons de design internationales. <\/p>\n<p data-start=\"560\" data-end=\"925\">Leur travail se distingue par une attention constante port\u00e9e aux mat\u00e9riaux, \u00e0 la structure et \u00e0 la relation entre forme et fonction, alliant rigueur technique et sensibilit\u00e9 esth\u00e9tique. Afra et Tobia Scarpa ont \u0153uvr\u00e9 dans de multiples domaines \u2014 mobilier, architecture, \u00e9clairage et design industriel \u2014 laissant une empreinte durable sur la sc\u00e8ne internationale du design. <\/p>\n<p data-start=\"927\" data-end=\"1255\">La production pour Maxalto s\u2019inscrit pleinement dans ce que l\u2019on d\u00e9finit aujourd\u2019hui comme le design de luxe, un secteur fond\u00e9 sur l\u2019excellence artisanale, l\u2019utilisation de mat\u00e9riaux nobles et une qualit\u00e9 intemporelle. Dans ce cadre s\u2019imposent les iconiques chaises Africa pour Maxalto, r\u00e9alis\u00e9es en premi\u00e8re \u00e9dition, v\u00e9ritables chefs-d\u2019\u0153uvre du design de collection. <\/p>\n<p data-start=\"1257\" data-end=\"1536\">Caract\u00e9ris\u00e9es par des proportions \u00e9l\u00e9gantes, une structure ma\u00eetris\u00e9e et un travail du bois d\u2019une grande finesse, les chaises Africa Maxalto, premi\u00e8re \u00e9dition, incarnent parfaitement la vision des Scarpa : un luxe essentiel et durable, o\u00f9 se rencontrent fonctionnalit\u00e9, confort et pr\u00e9sence sculpturale.<\/p>\n<p data-start=\"1538\" data-end=\"1856\">Aujourd\u2019hui, Afra et Tobia Scarpa sont unanimement reconnus comme des r\u00e9f\u00e9rences du design italien de luxe, tandis que les chaises Africa figurent parmi les pi\u00e8ces les plus recherch\u00e9es par collectionneurs, galeries et amateurs de design historique haut de gamme, constituant un jalon essentiel de la production Maxalto et de l\u2019h\u00e9ritage du duo Scarpa.<\/p>\n","protected":false},"excerpt":{"rendered":"<p>Afra et Tobia Scarpa comptent parmi les figures les plus influentes du design italien du XX\u1d49 si\u00e8cle, reconnus pour une approche qui conjugue innovation, savoir-faire artisanal et culture industrielle. Actifs en duo d\u00e8s le d\u00e9but des ann\u00e9es 1960, ils ont jou\u00e9 un r\u00f4le majeur dans la d\u00e9finition du langage du design moderne et contemporain, collaborant avec certaines des plus importantes maisons de design internationales. Leur travail se distingue par une attention constante port\u00e9e aux mat\u00e9riaux, \u00e0 la structure et \u00e0 la relation entre forme et fonction, alliant rigueur technique et sensibilit\u00e9 esth\u00e9tique. Afra et Tobia Scarpa ont \u0153uvr\u00e9 dans de multiples domaines \u2014 mobilier, architecture,<a class=\"more-link\" href=\"https:\/\/www.demosmobilia.ch\/fr\/product\/chaises-modele-africa-lot-de-8-chaises-premiere-production\/\">Read More &rarr;<\/a><\/p>\n","protected":false},"featured_media":85581,"template":"","meta":{"_monsterinsights_skip_tracking":false,"_monsterinsights_sitenote_active":false,"_monsterinsights_sitenote_note":"","_monsterinsights_sitenote_category":0,"kk_blocks_editor_width":"","_kiokenblocks_attr":"","_kiokenblocks_dimensions":""},"product_cat":[4266,4071],"product_tag":[6582],"class_list":{"0":"entry","1":"author-demosmobilia","2":"post-84977","3":"product","4":"type-product","5":"status-publish","6":"has-post-thumbnail","7":"product_production-maxalto","8":"product_year-2592","9":"product_nation-italie-fr","10":"product_cat-chaises-fr","11":"product_cat-nouveautes","12":"product_tag-scarpa-afra-tobia-fr","13":"pa_product_dimension-56-x-46-x-assise-ht-47-x-total-ht-79-cm","14":"pa_product_material-noyer-ebene-laiton-cuir","16":"first","17":"instock","18":"featured","19":"shipping-taxable","20":"product-type-simple"},"yoast_head":"<!-- This site is optimized with the Yoast SEO plugin v24.0 - https:\/\/yoast.com\/wordpress\/plugins\/seo\/ -->\n<title>Chaises mod\u00e8le Africa, lot de 8 chaises, premi\u00e8re production &#8211; Demosmobilia<\/title>\n<meta name=\"robots\" content=\"index, follow, max-snippet:-1, max-image-preview:large, max-video-preview:-1\" \/>\n<link rel=\"canonical\" href=\"https:\/\/www.demosmobilia.ch\/fr\/product\/chaises-modele-africa-lot-de-8-chaises-premiere-production\/\" \/>\n<meta property=\"og:locale\" content=\"fr_FR\" \/>\n<meta property=\"og:type\" content=\"article\" \/>\n<meta property=\"og:title\" content=\"Chaises mod\u00e8le Africa, lot de 8 chaises, premi\u00e8re production &#8211; Demosmobilia\" \/>\n<meta property=\"og:description\" content=\"Afra et Tobia Scarpa comptent parmi les figures les plus influentes du design italien du XX\u1d49 si\u00e8cle, reconnus pour une approche qui conjugue innovation, savoir-faire artisanal et culture industrielle. Actifs en duo d\u00e8s le d\u00e9but des ann\u00e9es 1960, ils ont jou\u00e9 un r\u00f4le majeur dans la d\u00e9finition du langage du design moderne et contemporain, collaborant avec certaines des plus importantes maisons de design internationales. Leur travail se distingue par une attention constante port\u00e9e aux mat\u00e9riaux, \u00e0 la structure et \u00e0 la relation entre forme et fonction, alliant rigueur technique et sensibilit\u00e9 esth\u00e9tique. Afra et Tobia Scarpa ont \u0153uvr\u00e9 dans de multiples domaines \u2014 mobilier, architecture,Read More &rarr;\" \/>\n<meta property=\"og:url\" content=\"https:\/\/www.demosmobilia.ch\/fr\/product\/chaises-modele-africa-lot-de-8-chaises-premiere-production\/\" \/>\n<meta property=\"og:site_name\" content=\"Demosmobilia\" \/>\n<meta property=\"article:publisher\" content=\"https:\/\/www.facebook.com\/Demos-Mobilia-1137017453131445\/\" \/>\n<meta property=\"og:image\" content=\"https:\/\/www.demosmobilia.ch\/wp-content\/uploads\/2026\/02\/maxalto-africa-chairs-afra-tobia-scarpa-1975-italian-luxury-design-01.jpg\" \/>\n\t<meta property=\"og:image:width\" content=\"1200\" \/>\n\t<meta property=\"og:image:height\" content=\"900\" \/>\n\t<meta property=\"og:image:type\" content=\"image\/jpeg\" \/>\n<meta name=\"twitter:card\" content=\"summary_large_image\" \/>\n<meta name=\"twitter:label1\" content=\"Dur\u00e9e de lecture estim\u00e9e\" \/>\n\t<meta name=\"twitter:data1\" content=\"1 minute\" \/>\n<script type=\"application\/ld+json\" class=\"yoast-schema-graph\">{\"@context\":\"https:\/\/schema.org\",\"@graph\":[{\"@type\":\"WebPage\",\"@id\":\"https:\/\/www.demosmobilia.ch\/fr\/product\/chaises-modele-africa-lot-de-8-chaises-premiere-production\/\",\"url\":\"https:\/\/www.demosmobilia.ch\/fr\/product\/chaises-modele-africa-lot-de-8-chaises-premiere-production\/\",\"name\":\"Chaises mod\u00e8le Africa, lot de 8 chaises, premi\u00e8re production &#8211; Demosmobilia\",\"isPartOf\":{\"@id\":\"https:\/\/www.demosmobilia.ch\/fr\/#website\"},\"primaryImageOfPage\":{\"@id\":\"https:\/\/www.demosmobilia.ch\/fr\/product\/chaises-modele-africa-lot-de-8-chaises-premiere-production\/#primaryimage\"},\"image\":{\"@id\":\"https:\/\/www.demosmobilia.ch\/fr\/product\/chaises-modele-africa-lot-de-8-chaises-premiere-production\/#primaryimage\"},\"thumbnailUrl\":\"https:\/\/www.demosmobilia.ch\/wp-content\/uploads\/2026\/02\/maxalto-africa-chairs-afra-tobia-scarpa-1975-italian-luxury-design-01-1.jpg\",\"datePublished\":\"2026-02-02T09:00:22+00:00\",\"dateModified\":\"2026-02-02T09:00:22+00:00\",\"breadcrumb\":{\"@id\":\"https:\/\/www.demosmobilia.ch\/fr\/product\/chaises-modele-africa-lot-de-8-chaises-premiere-production\/#breadcrumb\"},\"inLanguage\":\"fr-FR\",\"potentialAction\":[{\"@type\":\"ReadAction\",\"target\":[\"https:\/\/www.demosmobilia.ch\/fr\/product\/chaises-modele-africa-lot-de-8-chaises-premiere-production\/\"]}]},{\"@type\":\"ImageObject\",\"inLanguage\":\"fr-FR\",\"@id\":\"https:\/\/www.demosmobilia.ch\/fr\/product\/chaises-modele-africa-lot-de-8-chaises-premiere-production\/#primaryimage\",\"url\":\"https:\/\/www.demosmobilia.ch\/wp-content\/uploads\/2026\/02\/maxalto-africa-chairs-afra-tobia-scarpa-1975-italian-luxury-design-01-1.jpg\",\"contentUrl\":\"https:\/\/www.demosmobilia.ch\/wp-content\/uploads\/2026\/02\/maxalto-africa-chairs-afra-tobia-scarpa-1975-italian-luxury-design-01-1.jpg\",\"width\":1200,\"height\":900},{\"@type\":\"BreadcrumbList\",\"@id\":\"https:\/\/www.demosmobilia.ch\/fr\/product\/chaises-modele-africa-lot-de-8-chaises-premiere-production\/#breadcrumb\",\"itemListElement\":[{\"@type\":\"ListItem\",\"position\":1,\"name\":\"Home\",\"item\":\"https:\/\/www.demosmobilia.ch\/fr\/\"},{\"@type\":\"ListItem\",\"position\":2,\"name\":\"Produits\",\"item\":\"https:\/\/www.demosmobilia.ch\/fr\/shop\/\"},{\"@type\":\"ListItem\",\"position\":3,\"name\":\"Chaises mod\u00e8le Africa, lot de 8 chaises, premi\u00e8re production\"}]},{\"@type\":\"WebSite\",\"@id\":\"https:\/\/www.demosmobilia.ch\/fr\/#website\",\"url\":\"https:\/\/www.demosmobilia.ch\/fr\/\",\"name\":\"Demosmobilia\",\"description\":\"Vintage Mid Century Modern Design Furniture from the &#039;30s to the &#039;80s\",\"publisher\":{\"@id\":\"https:\/\/www.demosmobilia.ch\/fr\/#organization\"},\"potentialAction\":[{\"@type\":\"SearchAction\",\"target\":{\"@type\":\"EntryPoint\",\"urlTemplate\":\"https:\/\/www.demosmobilia.ch\/fr\/?s={search_term_string}\"},\"query-input\":{\"@type\":\"PropertyValueSpecification\",\"valueRequired\":true,\"valueName\":\"search_term_string\"}}],\"inLanguage\":\"fr-FR\"},{\"@type\":\"Organization\",\"@id\":\"https:\/\/www.demosmobilia.ch\/fr\/#organization\",\"name\":\"demosmobilia\",\"url\":\"https:\/\/www.demosmobilia.ch\/fr\/\",\"logo\":{\"@type\":\"ImageObject\",\"inLanguage\":\"fr-FR\",\"@id\":\"https:\/\/www.demosmobilia.ch\/fr\/#\/schema\/logo\/image\/\",\"url\":\"https:\/\/www.demosmobilia.ch\/wp-content\/uploads\/2020\/07\/demosmobilia-logo-2020-230-160.png\",\"contentUrl\":\"https:\/\/www.demosmobilia.ch\/wp-content\/uploads\/2020\/07\/demosmobilia-logo-2020-230-160.png\",\"width\":230,\"height\":160,\"caption\":\"demosmobilia\"},\"image\":{\"@id\":\"https:\/\/www.demosmobilia.ch\/fr\/#\/schema\/logo\/image\/\"},\"sameAs\":[\"https:\/\/www.facebook.com\/Demos-Mobilia-1137017453131445\/\",\"https:\/\/www.instagram.com\/demosmobilia\/\"]}]}<\/script>\n<!-- \/ Yoast SEO plugin. -->","yoast_head_json":{"title":"Chaises mod\u00e8le Africa, lot de 8 chaises, premi\u00e8re production &#8211; Demosmobilia","robots":{"index":"index","follow":"follow","max-snippet":"max-snippet:-1","max-image-preview":"max-image-preview:large","max-video-preview":"max-video-preview:-1"},"canonical":"https:\/\/www.demosmobilia.ch\/fr\/product\/chaises-modele-africa-lot-de-8-chaises-premiere-production\/","og_locale":"fr_FR","og_type":"article","og_title":"Chaises mod\u00e8le Africa, lot de 8 chaises, premi\u00e8re production &#8211; Demosmobilia","og_description":"Afra et Tobia Scarpa comptent parmi les figures les plus influentes du design italien du XX\u1d49 si\u00e8cle, reconnus pour une approche qui conjugue innovation, savoir-faire artisanal et culture industrielle. Actifs en duo d\u00e8s le d\u00e9but des ann\u00e9es 1960, ils ont jou\u00e9 un r\u00f4le majeur dans la d\u00e9finition du langage du design moderne et contemporain, collaborant avec certaines des plus importantes maisons de design internationales. Leur travail se distingue par une attention constante port\u00e9e aux mat\u00e9riaux, \u00e0 la structure et \u00e0 la relation entre forme et fonction, alliant rigueur technique et sensibilit\u00e9 esth\u00e9tique. Afra et Tobia Scarpa ont \u0153uvr\u00e9 dans de multiples domaines \u2014 mobilier, architecture,Read More &rarr;","og_url":"https:\/\/www.demosmobilia.ch\/fr\/product\/chaises-modele-africa-lot-de-8-chaises-premiere-production\/","og_site_name":"Demosmobilia","article_publisher":"https:\/\/www.facebook.com\/Demos-Mobilia-1137017453131445\/","og_image":[{"width":1200,"height":900,"url":"https:\/\/www.demosmobilia.ch\/wp-content\/uploads\/2026\/02\/maxalto-africa-chairs-afra-tobia-scarpa-1975-italian-luxury-design-01.jpg","type":"image\/jpeg"}],"twitter_card":"summary_large_image","twitter_misc":{"Dur\u00e9e de lecture estim\u00e9e":"1 minute"},"schema":{"@context":"https:\/\/schema.org","@graph":[{"@type":"WebPage","@id":"https:\/\/www.demosmobilia.ch\/fr\/product\/chaises-modele-africa-lot-de-8-chaises-premiere-production\/","url":"https:\/\/www.demosmobilia.ch\/fr\/product\/chaises-modele-africa-lot-de-8-chaises-premiere-production\/","name":"Chaises mod\u00e8le Africa, lot de 8 chaises, premi\u00e8re production &#8211; Demosmobilia","isPartOf":{"@id":"https:\/\/www.demosmobilia.ch\/fr\/#website"},"primaryImageOfPage":{"@id":"https:\/\/www.demosmobilia.ch\/fr\/product\/chaises-modele-africa-lot-de-8-chaises-premiere-production\/#primaryimage"},"image":{"@id":"https:\/\/www.demosmobilia.ch\/fr\/product\/chaises-modele-africa-lot-de-8-chaises-premiere-production\/#primaryimage"},"thumbnailUrl":"https:\/\/www.demosmobilia.ch\/wp-content\/uploads\/2026\/02\/maxalto-africa-chairs-afra-tobia-scarpa-1975-italian-luxury-design-01-1.jpg","datePublished":"2026-02-02T09:00:22+00:00","dateModified":"2026-02-02T09:00:22+00:00","breadcrumb":{"@id":"https:\/\/www.demosmobilia.ch\/fr\/product\/chaises-modele-africa-lot-de-8-chaises-premiere-production\/#breadcrumb"},"inLanguage":"fr-FR","potentialAction":[{"@type":"ReadAction","target":["https:\/\/www.demosmobilia.ch\/fr\/product\/chaises-modele-africa-lot-de-8-chaises-premiere-production\/"]}]},{"@type":"ImageObject","inLanguage":"fr-FR","@id":"https:\/\/www.demosmobilia.ch\/fr\/product\/chaises-modele-africa-lot-de-8-chaises-premiere-production\/#primaryimage","url":"https:\/\/www.demosmobilia.ch\/wp-content\/uploads\/2026\/02\/maxalto-africa-chairs-afra-tobia-scarpa-1975-italian-luxury-design-01-1.jpg","contentUrl":"https:\/\/www.demosmobilia.ch\/wp-content\/uploads\/2026\/02\/maxalto-africa-chairs-afra-tobia-scarpa-1975-italian-luxury-design-01-1.jpg","width":1200,"height":900},{"@type":"BreadcrumbList","@id":"https:\/\/www.demosmobilia.ch\/fr\/product\/chaises-modele-africa-lot-de-8-chaises-premiere-production\/#breadcrumb","itemListElement":[{"@type":"ListItem","position":1,"name":"Home","item":"https:\/\/www.demosmobilia.ch\/fr\/"},{"@type":"ListItem","position":2,"name":"Produits","item":"https:\/\/www.demosmobilia.ch\/fr\/shop\/"},{"@type":"ListItem","position":3,"name":"Chaises mod\u00e8le Africa, lot de 8 chaises, premi\u00e8re production"}]},{"@type":"WebSite","@id":"https:\/\/www.demosmobilia.ch\/fr\/#website","url":"https:\/\/www.demosmobilia.ch\/fr\/","name":"Demosmobilia","description":"Vintage Mid Century Modern Design Furniture from the &#039;30s to the &#039;80s","publisher":{"@id":"https:\/\/www.demosmobilia.ch\/fr\/#organization"},"potentialAction":[{"@type":"SearchAction","target":{"@type":"EntryPoint","urlTemplate":"https:\/\/www.demosmobilia.ch\/fr\/?s={search_term_string}"},"query-input":{"@type":"PropertyValueSpecification","valueRequired":true,"valueName":"search_term_string"}}],"inLanguage":"fr-FR"},{"@type":"Organization","@id":"https:\/\/www.demosmobilia.ch\/fr\/#organization","name":"demosmobilia","url":"https:\/\/www.demosmobilia.ch\/fr\/","logo":{"@type":"ImageObject","inLanguage":"fr-FR","@id":"https:\/\/www.demosmobilia.ch\/fr\/#\/schema\/logo\/image\/","url":"https:\/\/www.demosmobilia.ch\/wp-content\/uploads\/2020\/07\/demosmobilia-logo-2020-230-160.png","contentUrl":"https:\/\/www.demosmobilia.ch\/wp-content\/uploads\/2020\/07\/demosmobilia-logo-2020-230-160.png","width":230,"height":160,"caption":"demosmobilia"},"image":{"@id":"https:\/\/www.demosmobilia.ch\/fr\/#\/schema\/logo\/image\/"},"sameAs":["https:\/\/www.facebook.com\/Demos-Mobilia-1137017453131445\/","https:\/\/www.instagram.com\/demosmobilia\/"]}]}},"_links":{"self":[{"href":"https:\/\/www.demosmobilia.ch\/fr\/wp-json\/wp\/v2\/product\/84977","targetHints":{"allow":["GET"]}}],"collection":[{"href":"https:\/\/www.demosmobilia.ch\/fr\/wp-json\/wp\/v2\/product"}],"about":[{"href":"https:\/\/www.demosmobilia.ch\/fr\/wp-json\/wp\/v2\/types\/product"}],"wp:featuredmedia":[{"embeddable":true,"href":"https:\/\/www.demosmobilia.ch\/fr\/wp-json\/wp\/v2\/media\/85581"}],"wp:attachment":[{"href":"https:\/\/www.demosmobilia.ch\/fr\/wp-json\/wp\/v2\/media?parent=84977"}],"wp:term":[{"taxonomy":"product_cat","embeddable":true,"href":"https:\/\/www.demosmobilia.ch\/fr\/wp-json\/wp\/v2\/product_cat?post=84977"},{"taxonomy":"product_tag","embeddable":true,"href":"https:\/\/www.demosmobilia.ch\/fr\/wp-json\/wp\/v2\/product_tag?post=84977"}],"curies":[{"name":"wp","href":"https:\/\/api.w.org\/{rel}","templated":true}]}}